{"id":4309,"date":"2018-04-13T13:26:48","date_gmt":"2018-04-13T13:26:48","guid":{"rendered":"http:\/\/templatetoaster.com?page_id=4309"},"modified":"2019-06-27T11:45:09","modified_gmt":"2019-06-27T11:45:09","slug":"what-is-templatetoaster","status":"publish","type":"page","link":"https:\/\/templatetoaster.com\/sv\/what-is-templatetoaster","title":{"rendered":"vad \u00e4r TemplateToaster"},"content":{"rendered":"<div class=\"section1 wp-theme-generator about-tt\">\n<div class=\"inner-section\">\n<div style=\"margin: 115px 0 50px;\">\n<h1>Vad \u00e4r TemplateToaster Software?<\/h1>\n<p class=\"text-center\">TemplateToaster \u00e4r en Windows-baserad webbdesign och CMS Theme &#038; Template design programvara som l\u00e5ter dig skapa underbara webbplatser och mallar p\u00e5 n\u00e5gra minuter. Med sitt intuitiva anv\u00e4ndargr\u00e4nssnitt ger TemplateToaster dig m\u00f6jlighet att t\u00e4nka p\u00e5 dina id\u00e9er och designa h\u00f6guppl\u00f6sta teman &#038; amp; mallar f\u00f6r flera popul\u00e4ra Content Management Systems (CMS) som WordPress, Joomla &#038; amp; Drupal inneh\u00e5ller \u00e4ven E-handelsplattformar som Magento, OpenCart, Prestashop &#038; amp; VirtueMart. Du kan \u00e4ven skapa mallar f\u00f6r Blogger och HTML-webbplatser p\u00e5 nolltid. TemplateToaster \u00e4r den b\u00e4sta offlinewebbbyggaren som l\u00e5ter dig arbeta p\u00e5 din lokala maskin, vilket ger dig ett dynamiskt gr\u00e4nssnitt att arbeta med.<\/p>\n<p>&nbsp;<\/p>\n<div class=\"clearfix\"><\/div>\n<\/div>\n<\/div>\n<\/div>\n<p><!--- What is TemplateToaster Section ---><\/p>\n<div class=\"section2 wp-theme-generator about-tt\">\n<div class=\"section2-inner\">\n<h2>Varf\u00f6r v\u00e4lja TemplateToaster?<\/h2>\n<div class=\"about-tt row\">\n<div class=\"col-lg-5 col-md-5 col-sm-5 col-xs-12\"><noscript><img decoding=\"async\" class=\"img-responsive\" src=\"https:\/\/templatetoaster.com\/wp-content\/uploads\/2018\/03\/templatetoaster-offers.png\" alt=\"\"><\/noscript><img decoding=\"async\" class=\"img-responsive lazyloaded\" src=\"https:\/\/templatetoaster.com\/wp-content\/uploads\/2018\/03\/templatetoaster-offers.png\" alt=\"\" data-src=\"https:\/\/templatetoaster.com\/wp-content\/uploads\/2018\/03\/templatetoaster-offers.png\" \/><\/div>\n<div class=\"clearfix visible-xs-block\"><\/div>\n<div class=\"col-lg-7 col-md-7 col-sm-7 col-xs-12\">\n<ul>\n<li>Kontinuerlig utveckling sedan 2008 och forts\u00e4tter att vara nummer ett i f\u00f6rh\u00e5llande till sina konkurrenter.<\/li>\n<li>Att vara en station\u00e4r app \/ mjukvara \u00e4r robust och stabil, s\u00e5 att den l\u00e4tt kan hantera tungt webbdesign.<\/li>\n<li>Med TemplateToaster kan du designa en webbplats enligt dina krav utan att beh\u00f6va skriva ens en rad kod.<\/li>\n<li>Sk\u00f6nheten i TemplateToaster ligger i Intuitivt gr\u00e4nssnitt och till\u00e4gg, t.ex. stock foton, stock logos, sociala ikoner \u00e4r ett annat plus fr\u00e5n TemplateToaster i listan \u00f6ver dess funktioner.<\/li>\n<li>P\u00e5 grund av de stora funktionerna och otroligt st\u00f6d skiljer TemplateToaster sig fr\u00e5n alla webbdesignprogram.<\/li>\n<li>Flexibiliteten att skapa responsiva och SEO-v\u00e4nliga webbplatser som TemplateToaster-erbjudanden \u00e4r oerh\u00f6rt hj\u00e4lpsamma f\u00f6r nyb\u00f6rjare att b\u00f6rja med.<\/li>\n<\/ul>\n<\/div>\n<\/div>\n<p><a class=\"btn download_btn\" href=\"https:\/\/templatetoaster.com\/sv\/download\">Ladda ner<\/a><\/p>\n<\/div>\n<\/div>\n<p><!---- section 3 starts ---><\/p>\n<div class=\"section3 wp-theme-generator\">\n<div class=\"section3-inner\">\n<h2>Salient Features of TemplateToaster<\/h2>\n<div class=\"row\">\n<div class=\"col-lg-4 col-md-4 col-sm-6 col-xs-12\">\n<div class=\"media\">\n<div class=\"wp_feature landing_page_svg\" style=\"background-position: 0px -150px; display: block; margin: 0 auto 20px;\"><\/div>\n<h3 class=\"text-center\">Nollkodning<\/h3>\n<p class=\"text-center\">Dra och sl\u00e4pp gr\u00e4nssnittet g\u00f6r att du kan skapa en design efter eget val utan att beh\u00f6va kodas. Dra och sl\u00e4pp bara elementen och din webbplats \u00e4r redo att anv\u00e4nda.<\/p>\n<\/div>\n<\/div>\n<div class=\"clearfix visible-xs-block\"><\/div>\n<div class=\"col-lg-4 col-md-4 col-sm-6 col-xs-12\">\n<div class=\"media\">\n<div class=\"wp_feature landing_page_svg\" style=\"background-position: -293px -75px; display: block; margin: 0 auto 20px;\"><\/div>\n<h3 class=\"text-center\">Responsive Web Design<\/h3>\n<p class=\"text-center\">TemplateToaster st\u00f6der responsiv webbdesign, vilket betyder att det inte spelar n\u00e5gon roll vilken enhet din webbplats visas p\u00e5, din webbplats passar perfekt in i displayen.<\/p>\n<\/div>\n<\/div>\n<div class=\"clearfix visible-sm-block visible-xs-block\"><\/div>\n<div class=\"col-lg-4 col-md-4 col-sm-6 col-xs-12\">\n<div class=\"media\">\n<div class=\"wp_feature landing_page_svg\" style=\"background-position: -55px -80px; display: block; margin: 0 auto 20px;\"><\/div>\n<h3 class=\"text-center\">Bootstrap Kompatibel<\/h3>\n<p class=\"text-center\">TemplateToaster \u00e4r kompatibel med den senaste versionen av Bootstrap Framework, vilket inneb\u00e4r att f\u00f6rb\u00e4ttring eller f\u00f6rnyelse av ditt tema aldrig kommer att st\u00f6ra din webbplats.<\/p>\n<\/div>\n<\/div>\n<div class=\"clearfix visible-lg-block visible-md-block visible-xs-block\"><\/div>\n<div class=\"col-lg-4 col-md-4 col-sm-6 col-xs-12\">\n<div class=\"media\">\n<div class=\"wp_feature landing_page_svg\" style=\"background-position: -78px -1597px; display: block; margin: 0 auto 20px;\"><\/div>\n<h3 class=\"text-center\">Bl\u00e4ndande bildspel<\/h3>\n<p class=\"text-center\">Bildspel Attract More User Engagement &#038; TemplateToaster kan du skapa attraktiva och sp\u00e4nnande bildspel f\u00f6r att ge ditt dj\u00e4rva utseende.<\/p>\n<\/div>\n<\/div>\n<div class=\"clearfix visible-sm-block visible-xs-block\"><\/div>\n<div class=\"col-lg-4 col-md-4 col-sm-6 col-xs-12\">\n<div class=\"media\">\n<div class=\"wp_feature landing_page_svg\" style=\"background-position: -210px -10px; display: block; margin: 0 auto 20px;\"><\/div>\n<h3 class=\"text-center\">Menybyggare<\/h3>\n<p class=\"text-center\">N\u00e5gon slags meny kan enkelt utformas med TemplateToaster om det finns en horisontell meny \/ undermeny, vertikal meny \/ undermeny, tidningsmeny, hamburgare etc.<\/p>\n<\/div>\n<\/div>\n<div class=\"clearfix visible-xs-block\"><\/div>\n<div class=\"col-lg-4 col-md-4 col-sm-6 col-xs-12\">\n<div class=\"media\">\n<div class=\"wp_feature landing_page_svg\" style=\"background-position: 0px -153px; display: block; margin: 0 auto 20px;\"><\/div>\n<h3 class=\"text-center\">WYSIWYG Editor<\/h3>\n<p class=\"text-center\">TemplateToaster erbjuder dig en avancerad WYSIWYG visuell redigerare. Den inneh\u00e5ller alla avancerade alternativ som hyperl\u00e4nk, textinmatning, bildbl\u00e4ddring, tabell, typsnitt etc.<\/p>\n<\/div>\n<\/div>\n<div class=\"clearfix visible-lg-block visible-md-block visible-sm-block visible-xs-block\"><\/div>\n<\/div>\n<\/div>\n<\/div>\n<div class=\"section4 wp-theme-generator about-tt\">\n<div class=\"inner-section\">\n<h2>TemplateToaster:<br \/>\n\u00c4r det en station\u00e4r programvara, ett plugin, ett tema eller ett webbapplikation?<\/h2>\n<p><noscript><img decoding=\"async\" style=\"margin: 50px auto;\" src=\"https:\/\/templatetoaster.com\/wp-content\/uploads\/2018\/03\/tt-clarification.png\" class=\"img-responsive\" alt=\"\"><\/noscript><img decoding=\"async\" class=\"img-responsive lazyloaded\" style=\"margin: 50px auto;\" src=\"https:\/\/templatetoaster.com\/wp-content\/uploads\/2018\/03\/tt-clarification.png\" alt=\"\" data-src=\"https:\/\/templatetoaster.com\/wp-content\/uploads\/2018\/03\/tt-clarification.png\" \/><\/p>\n<p>TemplateToaster \u00e4r inte ett plugin, varken ett tema eller en webapp, det \u00e4r faktiskt en station\u00e4r programvara. Du kan ladda ner TemplateToaster till din lokala dator och anv\u00e4nda den som alla andra Windows-program utan problem. TemplateToaster ger dig fullst\u00e4ndig frihet att utforma attraktiva \u00e4mnen efter eget val med alla de krav du beh\u00f6ver p\u00e5 din webbplats. Det smidiga och felfria TemplateToaster-gr\u00e4nssnittet f\u00e5r dig att falla f\u00f6r det.<\/p>\n<\/div>\n<\/div>\n<div class=\"section wp-theme-generator about-tt\">\n<div class=\"inner-section\">\n<h2>\u00c4r det tillg\u00e4ngligt f\u00f6r gratis?<\/h2>\n<div class=\"row\">\n<div class=\"col-lg-5 col-md-5 col-sm-5 col-xs-12\"><noscript><img decoding=\"async\" src=\"https:\/\/templatetoaster.com\/wp-content\/uploads\/2018\/03\/free-trial.png\" class=\"img-responsive\"><\/noscript><img decoding=\"async\" class=\"img-responsive lazyloaded\" src=\"https:\/\/templatetoaster.com\/wp-content\/uploads\/2018\/03\/free-trial.png\" data-src=\"https:\/\/templatetoaster.com\/wp-content\/uploads\/2018\/03\/free-trial.png\" \/><\/div>\n<div class=\"clearfix visible-xs-block\"><\/div>\n<div class=\"col-lg-7 col-md-7 col-sm-7 col-xs-12\">\n<p>Ja, du kan anv\u00e4nda provversionen av TemplateToaster gratis. H\u00e4mta enkelt TemplateToaster och anv\u00e4nd den s\u00e5 l\u00e4nge du vill. En sak att komma ih\u00e5g \u00e4r att alla mallar som skapas under f\u00f6rs\u00f6ksversionen kommer att komma ut med ett vattenm\u00e4rke som s\u00e4ger &#8221;Utv\u00e4rderingsversion&#8221;.<\/p>\n<p>N\u00e4r du \u00e4r n\u00f6jd med arbetet med TemplateToaster kan du k\u00f6pa produktaktiveringslicensen f\u00f6r full funktionalitet. Kolla in och j\u00e4mf\u00f6r <a href=\"https:\/\/templatetoaster.com\/sv\/purchase\"> tillg\u00e4ngliga utg\u00e5vor <\/a> och v\u00e4lj den du vill ha!<\/p>\n<p><a class=\"btn download_btn\" href=\"https:\/\/templatetoaster.com\/download\">Download<\/a><\/p>\n<\/div>\n<div class=\"clearfix visible-lg-block visible-md-block visible-sm-block visible-xs-block\"><\/div>\n<\/div>\n<\/div>\n<\/div>\n<div class=\"section4 wp-theme-generator about-tt\">\n<h2 style=\"text-transform: none;\">Komma ig\u00e5ng med TemplateToaster<\/h2>\n<p class=\"section4-paragraph\">TemplateToaster \u00e4r super l\u00e4tt att anv\u00e4nda. Det \u00e4r ett s\u00e5 l\u00e4tt att f\u00f6rst\u00e5 och anv\u00e4ndbart webbdesignverktyg som g\u00f6r det m\u00f6jligt f\u00f6r en nyb\u00f6rjare att skapa en webbplats p\u00e5 nolltid. Kolla in n\u00e5gra coola resurser som listas nedan f\u00f6r att starta din webbdesignprocess.<\/p>\n<div class=\"row\">\n<div class=\"col-lg-4 col-md-4 col-sm-6 col-sx-12\">\n<div style=\"padding: 20px;\">\n<div class=\"text-center\">\n<div class=\"wp_feature landing_page_svg\" style=\"margin-right: 10px; display: inline-block; float: none; vertical-align: middle; background-position: -15px -1670px;\"><\/div>\n<\/div>\n<h3 style=\"margin: 20px 0px 10px; text-align: center;\"><a href=\"https:\/\/templatetoaster.com\/sv\/documentation\">Dokumentation<\/a><\/h3>\n<p class=\"text-center\"><a href=\"https:\/\/templatetoaster.com\/sv\/documentation\"> Dokumentation <\/a> inneh\u00e5ller nedladdning, installation och aktivering av TemplateToaster. En annan sektion, kallad <a href=\"https:\/\/kb.templatetoaster.com\/\"> Kunskapsbase <\/a>, inneh\u00e5ller detaljerad information om alternativen som \u00e4r tillg\u00e4ngliga med programmet.<\/p>\n<\/div>\n<\/div>\n<div class=\"clearfix visible-xs-block\"><\/div>\n<div class=\"col-lg-4 col-md-4 col-sm-6 col-sx-12\">\n<div style=\"padding: 20px;\">\n<div class=\"text-center\">\n<div class=\"wp_feature landing_page_svg\" style=\"margin-right: 10px; display: inline-block; float: none; vertical-align: middle; background-position: -10px -1600px;\"><\/div>\n<\/div>\n<h3 style=\"margin: 20px 0 10px; text-align: center;\"><a href=\"https:\/\/templatetoaster.com\/sv\/demo\"> Demos<\/a><\/h3>\n<p class=\"text-center\">I det h\u00e4r avsnittet beskrivs hela Tutorials <a href=\"https:\/\/templatetoaster.com\/demo\"> tutorials f\u00f6r demonstration video <\/a> f\u00f6r att ge en tydlig bild av programvaran. Fr\u00e5n hur man installerar, hur man anv\u00e4nder TemplateToaster, har den allt.<\/p>\n<\/div>\n<\/div>\n<div class=\"clearfix visible-sm-block visible-xs-block\"><\/div>\n<div class=\"col-md-4 col-sm-6 col-sx-12\">\n<div style=\"padding: 20px;\">\n<div class=\"text-center\">\n<div class=\"wp_feature landing_page_svg\" style=\"margin-right: 10px; display: inline-block; float: none; vertical-align: middle; background-position: -290px -1745px;\"><\/div>\n<\/div>\n<h3 style=\"margin: 20px 0 10px; text-align: center;\"><a href=\"https:\/\/templatetoaster.com\/showcase\/\"> Exempel Teman och Mallar<\/a><\/h3>\n<p class=\"text-center\">TemplateToaster&#8217;s inbyggda bibliotek har en omfattande samling av vackra <a href=\"https:\/\/templatetoaster.com\/showcase\/\"> Teman och Mallar <\/a> att v\u00e4lja mellan. Du \u00e4r dock fri att skapa egna teman och mallar med egna m\u00f6nster.<\/p>\n<\/div>\n<\/div>\n<div class=\"clearfix visible-lg-block visible-md-block visible-xs-block\"><\/div>\n<div class=\"col-md-4 col-sm-6 col-sx-12\">\n<div style=\"padding: 20px;\">\n<div class=\"text-center\">\n<div class=\"wp_feature landing_page_svg\" style=\"margin-right: 10px; display: inline-block; float: none; vertical-align: middle; background-position: -224px -1670px;\"><\/div>\n<\/div>\n<h3 style=\"margin: 20px 0 10px; text-align: center;\"><a href=\"https:\/\/templatetoaster.com\/templates\">Marknad<\/a><\/h3>\n<p class=\"text-center\">TemplateToaster ger dig m\u00f6jlighet att <a href=\"https:\/\/templatetoaster.com\/templates\"> K\u00f6p och s\u00e4lj <\/a> Premium hemsida Teman &#038; amp; Mallar. En registrerad anv\u00e4ndare kan k\u00f6pa eller s\u00e4lja egna skapade teman h\u00e4r. N\u00e5gon annans kreativitet kan vara din vinst!<\/p>\n<\/div>\n<\/div>\n<div class=\"clearfix visible-sm-block visible-xs-block\"><\/div>\n<div class=\"col-md-4 col-sm-6 col-sx-12\">\n<div style=\"padding: 20px;\">\n<div class=\"text-center\">\n<div class=\"wp_feature landing_page_svg\" style=\"float: none; height: 52px; vertical-align: middle; width: 44px; display: inline-block; background-position: -96px -1670px;\"><\/div>\n<\/div>\n<h3 style=\"margin: 20px 0 10px; text-align: center;\"><a href=\"https:\/\/templatetoaster.com\/forum\/\"> Forum<\/a><\/h3>\n<p class=\"text-center\">Det prestigefyllda samh\u00e4llet av TemplateToaster g\u00f6r att du kan dela din \u00e5sikt med andra anv\u00e4ndare. De tekniska medlemmarna i laget TemplateToaster \u00e4r den integrerade delen av det h\u00e4r <a href=\"https:\/\/templatetoaster.com\/forum\/\"> forumet <\/a>.<\/p>\n<\/div>\n<\/div>\n<div class=\"clearfix visible-xs-block\"><\/div>\n<div class=\"col-md-4 col-sm-6 col-sx-12\">\n<div style=\"padding: 20px;\">\n<div class=\"text-center\">\n<div class=\"wp_feature landing_page_svg\" style=\"margin-right: 10px; display: inline-block; float: none; vertical-align: middle; background-position: -160px -1670px;\"><\/div>\n<\/div>\n<h3 style=\"margin: 20px 0 10px; text-align: center;\"><a href=\"https:\/\/templatetoaster.com\/tutorials\/\">Handledningar<\/a><\/h3>\n<p class=\"text-center\">Du kan dyka i v\u00e5rt informativa hav fyllt med artiklar om WordPress, Drupal, Magento och andra CMSes p\u00e5 v\u00e5r <a href=\"https:\/\/blog.templatetoaster.com\"> bloggavdelning <\/a>. Guider som f\u00f6rklarar den allm\u00e4nna webbtekniken finns i v\u00e5r <a href=\"https:\/\/templatetoaster.com\/tutorials\/\"> avsnitt om handledning <\/a>.<\/p>\n<\/div>\n<\/div>\n<div class=\"clearfix visible-lg-block visible-md-block visible-sm-block visible-xs-block\"><\/div>\n<\/div>\n<\/div>\n<div class=\"section7 wp-theme-generator about-tt\" style=\"padding: 100px 10px; margin-bottom: 2px; text-align: center;\">\n<div class=\"inner-section\">\n<h2 style=\"text-transform: none;\">N\u00e5 v\u00e5r tekniska support<\/h2>\n<p style=\"margin-bottom: 30px;\">Stuck n\u00e5gonstans? Oroa dig inte, <a href=\"https:\/\/templatetoaster.com\/support\"> v\u00e5rt tekniska support <\/a> \u00e4r bara ett klick bort. F\u00f6r att kunna svara p\u00e5 alla dina fr\u00e5gor kan vi n\u00e5s 24 * 7. Oavsett din fr\u00e5ga \u00e4r vi d\u00e4r f\u00f6r att l\u00f6sa det n\u00e4r som helst p\u00e5 dagen. Du \u00e4r v\u00e4lkommen att n\u00e5 oss n\u00e4r du har problem. Vi hj\u00e4lper dig g\u00e4rna.<\/p>\n<p><a class=\"btn download_btn\" href=\"https:\/\/templatetoaster.com\/support\">Support Ticket<\/a><\/p>\n<\/div>\n<\/div>\n","protected":false},"excerpt":{"rendered":"<p>Vad \u00e4r TemplateToaster Software? TemplateToaster \u00e4r en Windows-baserad webbdesign och CMS Theme &#038; Template design programvara som l\u00e5ter dig skapa underbara webbplatser och mallar p\u00e5 n\u00e5gra minuter. Med sitt intuitiva anv\u00e4ndargr\u00e4nssnitt ger TemplateToaster dig m\u00f6jlighet att t\u00e4nka p\u00e5 dina id\u00e9er &hellip; <a href=\"https:\/\/templatetoaster.com\/sv\/what-is-templatetoaster\">Continue Reading<span class=\"meta-nav\">&rarr;<\/span><\/a><\/p>\n","protected":false},"author":13434,"featured_media":0,"parent":0,"menu_order":0,"comment_status":"closed","ping_status":"closed","template":"","meta":{"footnotes":""},"yoast_head":"<!-- This site is optimized with the Yoast SEO plugin v23.5 - https:\/\/yoast.com\/wordpress\/plugins\/seo\/ -->\n<title>vad \u00e4r TemplateToaster - TemplateToaster<\/title>\n<meta name=\"description\" content=\"Vad \u00e4r TemplateToaster-programvara\" \/>\n<meta name=\"robots\" content=\"index, follow, max-snippet:-1, max-image-preview:large, max-video-preview:-1\" \/>\n<link rel=\"canonical\" href=\"https:\/\/templatetoaster.com\/sv\/what-is-templatetoaster\" \/>\n<meta property=\"og:locale\" content=\"sv_SE\" \/>\n<meta property=\"og:type\" content=\"article\" \/>\n<meta property=\"og:title\" content=\"vad \u00e4r TemplateToaster - TemplateToaster\" \/>\n<meta property=\"og:description\" content=\"Vad \u00e4r TemplateToaster-programvara\" \/>\n<meta property=\"og:url\" content=\"https:\/\/templatetoaster.com\/sv\/what-is-templatetoaster\" \/>\n<meta property=\"og:site_name\" content=\"TemplateToaster\" \/>\n<meta property=\"article:publisher\" content=\"https:\/\/www.facebook.com\/TemplateToaster\" \/>\n<meta property=\"article:modified_time\" content=\"2019-06-27T11:45:09+00:00\" \/>\n<meta property=\"og:image\" content=\"https:\/\/templatetoaster.com\/wp-content\/uploads\/2018\/03\/templatetoaster-offers.png\" \/>\n<meta name=\"twitter:card\" content=\"summary_large_image\" \/>\n<meta name=\"twitter:site\" content=\"@templatetoaster\" \/>\n<meta name=\"twitter:label1\" content=\"Ber\u00e4knad l\u00e4stid\" \/>\n\t<meta name=\"twitter:data1\" content=\"5 minuter\" \/>\n<script type=\"application\/ld+json\" class=\"yoast-schema-graph\">{\"@context\":\"https:\/\/schema.org\",\"@graph\":[{\"@type\":\"WebPage\",\"@id\":\"https:\/\/templatetoaster.com\/sv\/what-is-templatetoaster\",\"url\":\"https:\/\/templatetoaster.com\/sv\/what-is-templatetoaster\",\"name\":\"vad \u00e4r TemplateToaster - TemplateToaster\",\"isPartOf\":{\"@id\":\"https:\/\/templatetoaster.com\/#website\"},\"primaryImageOfPage\":{\"@id\":\"https:\/\/templatetoaster.com\/sv\/what-is-templatetoaster#primaryimage\"},\"image\":{\"@id\":\"https:\/\/templatetoaster.com\/sv\/what-is-templatetoaster#primaryimage\"},\"thumbnailUrl\":\"https:\/\/templatetoaster.com\/wp-content\/uploads\/2018\/03\/templatetoaster-offers.png\",\"datePublished\":\"2018-04-13T13:26:48+00:00\",\"dateModified\":\"2019-06-27T11:45:09+00:00\",\"description\":\"Vad \u00e4r TemplateToaster-programvara\",\"breadcrumb\":{\"@id\":\"https:\/\/templatetoaster.com\/sv\/what-is-templatetoaster#breadcrumb\"},\"inLanguage\":\"sv-SE\",\"potentialAction\":[{\"@type\":\"ReadAction\",\"target\":[\"https:\/\/templatetoaster.com\/sv\/what-is-templatetoaster\"]}]},{\"@type\":\"ImageObject\",\"inLanguage\":\"sv-SE\",\"@id\":\"https:\/\/templatetoaster.com\/sv\/what-is-templatetoaster#primaryimage\",\"url\":\"https:\/\/templatetoaster.com\/wp-content\/uploads\/2018\/03\/templatetoaster-offers.png\",\"contentUrl\":\"https:\/\/templatetoaster.com\/wp-content\/uploads\/2018\/03\/templatetoaster-offers.png\"},{\"@type\":\"BreadcrumbList\",\"@id\":\"https:\/\/templatetoaster.com\/sv\/what-is-templatetoaster#breadcrumb\",\"itemListElement\":[{\"@type\":\"ListItem\",\"position\":1,\"name\":\"Home\",\"item\":\"https:\/\/templatetoaster.com\/sv\"},{\"@type\":\"ListItem\",\"position\":2,\"name\":\"vad \u00e4r TemplateToaster\"}]},{\"@type\":\"WebSite\",\"@id\":\"https:\/\/templatetoaster.com\/#website\",\"url\":\"https:\/\/templatetoaster.com\/\",\"name\":\"TemplateToaster\",\"description\":\"\",\"publisher\":{\"@id\":\"https:\/\/templatetoaster.com\/#organization\"},\"inLanguage\":\"sv-SE\"},{\"@type\":\"Organization\",\"@id\":\"https:\/\/templatetoaster.com\/#organization\",\"name\":\"TemplateToaster\",\"url\":\"https:\/\/templatetoaster.com\/\",\"logo\":{\"@type\":\"ImageObject\",\"inLanguage\":\"sv-SE\",\"@id\":\"https:\/\/templatetoaster.com\/#\/schema\/logo\/image\/\",\"url\":\"https:\/\/templatetoaster.com\/wp-content\/uploads\/2019\/11\/TemplateToaster_Logo.jpg\",\"contentUrl\":\"https:\/\/templatetoaster.com\/wp-content\/uploads\/2019\/11\/TemplateToaster_Logo.jpg\",\"width\":85,\"height\":85,\"caption\":\"TemplateToaster\"},\"image\":{\"@id\":\"https:\/\/templatetoaster.com\/#\/schema\/logo\/image\/\"},\"sameAs\":[\"https:\/\/www.facebook.com\/TemplateToaster\",\"https:\/\/x.com\/templatetoaster\",\"https:\/\/www.instagram.com\/templatetoaster\/\",\"https:\/\/www.linkedin.com\/company\/templatetoaster\/\",\"https:\/\/www.pinterest.com\/templatetoaster\/\",\"https:\/\/www.youtube.com\/@TemplateToaster\"]}]}<\/script>\n<!-- \/ Yoast SEO plugin. -->","yoast_head_json":{"title":"vad \u00e4r TemplateToaster - TemplateToaster","description":"Vad \u00e4r TemplateToaster-programvara","robots":{"index":"index","follow":"follow","max-snippet":"max-snippet:-1","max-image-preview":"max-image-preview:large","max-video-preview":"max-video-preview:-1"},"canonical":"https:\/\/templatetoaster.com\/sv\/what-is-templatetoaster","og_locale":"sv_SE","og_type":"article","og_title":"vad \u00e4r TemplateToaster - TemplateToaster","og_description":"Vad \u00e4r TemplateToaster-programvara","og_url":"https:\/\/templatetoaster.com\/sv\/what-is-templatetoaster","og_site_name":"TemplateToaster","article_publisher":"https:\/\/www.facebook.com\/TemplateToaster","article_modified_time":"2019-06-27T11:45:09+00:00","og_image":[{"url":"https:\/\/templatetoaster.com\/wp-content\/uploads\/2018\/03\/templatetoaster-offers.png"}],"twitter_card":"summary_large_image","twitter_site":"@templatetoaster","twitter_misc":{"Ber\u00e4knad l\u00e4stid":"5 minuter"},"schema":{"@context":"https:\/\/schema.org","@graph":[{"@type":"WebPage","@id":"https:\/\/templatetoaster.com\/sv\/what-is-templatetoaster","url":"https:\/\/templatetoaster.com\/sv\/what-is-templatetoaster","name":"vad \u00e4r TemplateToaster - TemplateToaster","isPartOf":{"@id":"https:\/\/templatetoaster.com\/#website"},"primaryImageOfPage":{"@id":"https:\/\/templatetoaster.com\/sv\/what-is-templatetoaster#primaryimage"},"image":{"@id":"https:\/\/templatetoaster.com\/sv\/what-is-templatetoaster#primaryimage"},"thumbnailUrl":"https:\/\/templatetoaster.com\/wp-content\/uploads\/2018\/03\/templatetoaster-offers.png","datePublished":"2018-04-13T13:26:48+00:00","dateModified":"2019-06-27T11:45:09+00:00","description":"Vad \u00e4r TemplateToaster-programvara","breadcrumb":{"@id":"https:\/\/templatetoaster.com\/sv\/what-is-templatetoaster#breadcrumb"},"inLanguage":"sv-SE","potentialAction":[{"@type":"ReadAction","target":["https:\/\/templatetoaster.com\/sv\/what-is-templatetoaster"]}]},{"@type":"ImageObject","inLanguage":"sv-SE","@id":"https:\/\/templatetoaster.com\/sv\/what-is-templatetoaster#primaryimage","url":"https:\/\/templatetoaster.com\/wp-content\/uploads\/2018\/03\/templatetoaster-offers.png","contentUrl":"https:\/\/templatetoaster.com\/wp-content\/uploads\/2018\/03\/templatetoaster-offers.png"},{"@type":"BreadcrumbList","@id":"https:\/\/templatetoaster.com\/sv\/what-is-templatetoaster#breadcrumb","itemListElement":[{"@type":"ListItem","position":1,"name":"Home","item":"https:\/\/templatetoaster.com\/sv"},{"@type":"ListItem","position":2,"name":"vad \u00e4r TemplateToaster"}]},{"@type":"WebSite","@id":"https:\/\/templatetoaster.com\/#website","url":"https:\/\/templatetoaster.com\/","name":"TemplateToaster","description":"","publisher":{"@id":"https:\/\/templatetoaster.com\/#organization"},"inLanguage":"sv-SE"},{"@type":"Organization","@id":"https:\/\/templatetoaster.com\/#organization","name":"TemplateToaster","url":"https:\/\/templatetoaster.com\/","logo":{"@type":"ImageObject","inLanguage":"sv-SE","@id":"https:\/\/templatetoaster.com\/#\/schema\/logo\/image\/","url":"https:\/\/templatetoaster.com\/wp-content\/uploads\/2019\/11\/TemplateToaster_Logo.jpg","contentUrl":"https:\/\/templatetoaster.com\/wp-content\/uploads\/2019\/11\/TemplateToaster_Logo.jpg","width":85,"height":85,"caption":"TemplateToaster"},"image":{"@id":"https:\/\/templatetoaster.com\/#\/schema\/logo\/image\/"},"sameAs":["https:\/\/www.facebook.com\/TemplateToaster","https:\/\/x.com\/templatetoaster","https:\/\/www.instagram.com\/templatetoaster\/","https:\/\/www.linkedin.com\/company\/templatetoaster\/","https:\/\/www.pinterest.com\/templatetoaster\/","https:\/\/www.youtube.com\/@TemplateToaster"]}]}},"_links":{"self":[{"href":"https:\/\/templatetoaster.com\/sv\/wp-json\/wp\/v2\/pages\/4309"}],"collection":[{"href":"https:\/\/templatetoaster.com\/sv\/wp-json\/wp\/v2\/pages"}],"about":[{"href":"https:\/\/templatetoaster.com\/sv\/wp-json\/wp\/v2\/types\/page"}],"author":[{"embeddable":true,"href":"https:\/\/templatetoaster.com\/sv\/wp-json\/wp\/v2\/users\/13434"}],"replies":[{"embeddable":true,"href":"https:\/\/templatetoaster.com\/sv\/wp-json\/wp\/v2\/comments?post=4309"}],"version-history":[{"count":3,"href":"https:\/\/templatetoaster.com\/sv\/wp-json\/wp\/v2\/pages\/4309\/revisions"}],"predecessor-version":[{"id":34233,"href":"https:\/\/templatetoaster.com\/sv\/wp-json\/wp\/v2\/pages\/4309\/revisions\/34233"}],"wp:attachment":[{"href":"https:\/\/templatetoaster.com\/sv\/wp-json\/wp\/v2\/media?parent=4309"}],"curies":[{"name":"wp","href":"https:\/\/api.w.org\/{rel}","templated":true}]}}