{"id":4299,"date":"2018-04-13T13:18:16","date_gmt":"2018-04-13T13:18:16","guid":{"rendered":"http:\/\/templatetoaster.com?page_id=4299"},"modified":"2019-08-10T05:04:04","modified_gmt":"2019-08-10T05:04:04","slug":"terms-of-use","status":"publish","type":"page","link":"https:\/\/templatetoaster.com\/sv\/terms-of-use","title":{"rendered":"Villkor"},"content":{"rendered":"<div class=\"tt_terms_of_use_row row\">\n<h1 class=\"heading_border\" style=\"background-size: 168px 1px;\">Villkor f\u00f6r anv\u00e4ndning<\/h1>\n<p style=\"font-size: 14px; font-weight: 600; margin-bottom: 12px; margin-top: 20px;\">V\u00e4lkommen till TemplateToaster, Om du forts\u00e4tter att anv\u00e4nda denna webbplats som du \u00e4r bundna till v\u00e5ra villkor f\u00f6r anv\u00e4nda som i samband med v\u00e5r sekretesspolicy definierar v\u00e5r relation med dig. V\u00e4nligen anv\u00e4nd inte v\u00e5r hemsida om du inte h\u00e5ller med f\u00f6ljande villkor f\u00f6r anv\u00e4ndning.<\/p>\n<ul class=\"download_points terms\">\n<li>Inneh\u00e5llet i denna hemsida som \u00e4r f\u00f6r information syfte kan \u00e4ndra n\u00e4r som helst utan f\u00f6reg\u00e5ende meddelande.<\/li>\n<li>V\u00e5r webbplats anv\u00e4nder cookies f\u00f6r b\u00e4ttre prestanda.<\/li>\n<li>Varken TemplateToaster eller n\u00e5gon tredje part ger n\u00e5gon garanti f\u00f6r aktualitet, noggrannhet, fullst\u00e4ndighet eller l\u00e4mplighet f\u00f6r inneh\u00e5llet som \u00e4r tillg\u00e4ngligt p\u00e5 det. Vi f\u00f6rs\u00f6ker v\u00e5rt b\u00e4sta men du erk\u00e4nner att inneh\u00e5llet kan inneh\u00e5lla fel.<\/li>\n<li>Inneh\u00e5llet p\u00e5 denna webbplats inte begr\u00e4nsat till layouter, grafik, m\u00f6nster \u00e4r upphovsr\u00e4ttsskyddat och \u00e4gs av oss, reproduktioner av detta \u00e4r str\u00e4ngt f\u00f6rbjudet.<\/li>\n<li>Alla andra namn och logotyper \u00e4r varum\u00e4rken som tillh\u00f6r sina respektive \u00e4gare; TemplateToaster st\u00f6ds inte av Joomla, WordPress och Drupal projekt.<\/li>\n<li>Vi kan tillhandah\u00e5lla n\u00e5gra externa l\u00e4nkar p\u00e5 denna webbplats, dessa l\u00e4nkar \u00e4r f\u00f6r din bekv\u00e4mlighet och ytterligare information, och det betyder inte att vi st\u00f6der det webbplatser eller de bakom oss och vi ansvarar inte f\u00f6r riktigheten av det inneh\u00e5ll som finns p\u00e5 det websites.<\/li>\n<li>F\u00f6r TemplateToaster programvara L\u00e4s anv\u00e4ndarvillkor licensavtalet (Licensavtal f\u00f6r slutanv\u00e4ndare) N\u00e4r du installerar.<\/li>\n<li>Bes\u00f6k v\u00e5r <a href=\"https:\/\/templatetoaster.com\/faqs\">Vanliga fr\u00e5gor sidan<\/a> f\u00f6r mer information och hj\u00e4lp.<\/li>\n<\/ul>\n<\/div>\n","protected":false},"excerpt":{"rendered":"<p>Villkor f\u00f6r anv\u00e4ndning V\u00e4lkommen till TemplateToaster, Om du forts\u00e4tter att anv\u00e4nda denna webbplats som du \u00e4r bundna till v\u00e5ra villkor f\u00f6r anv\u00e4nda som i samband med v\u00e5r sekretesspolicy definierar v\u00e5r relation med dig. V\u00e4nligen anv\u00e4nd inte v\u00e5r hemsida om du &hellip; <a href=\"https:\/\/templatetoaster.com\/sv\/terms-of-use\">Continue Reading<span class=\"meta-nav\">&rarr;<\/span><\/a><\/p>\n","protected":false},"author":13434,"featured_media":0,"parent":0,"menu_order":0,"comment_status":"closed","ping_status":"closed","template":"PageTemplate1.php","meta":{"footnotes":""},"yoast_head":"<!-- This site is optimized with the Yoast SEO plugin v23.5 - https:\/\/yoast.com\/wordpress\/plugins\/seo\/ -->\n<title>Villkor - TemplateToaster<\/title>\n<meta name=\"description\" content=\"TemplateToaster Villkor\" \/>\n<meta name=\"robots\" content=\"index, follow, max-snippet:-1, max-image-preview:large, max-video-preview:-1\" \/>\n<link rel=\"canonical\" href=\"https:\/\/templatetoaster.com\/sv\/terms-of-use\" \/>\n<meta property=\"og:locale\" content=\"sv_SE\" \/>\n<meta property=\"og:type\" content=\"article\" \/>\n<meta property=\"og:title\" content=\"Villkor - TemplateToaster\" \/>\n<meta property=\"og:description\" content=\"TemplateToaster Villkor\" \/>\n<meta property=\"og:url\" content=\"https:\/\/templatetoaster.com\/sv\/terms-of-use\" \/>\n<meta property=\"og:site_name\" content=\"TemplateToaster\" \/>\n<meta property=\"article:publisher\" content=\"https:\/\/www.facebook.com\/TemplateToaster\" \/>\n<meta property=\"article:modified_time\" content=\"2019-08-10T05:04:04+00:00\" \/>\n<meta property=\"og:image\" content=\"https:\/\/templatetoaster.com\/wp-content\/uploads\/2015\/07\/TemplateToaster-325X325.png\" \/>\n\t<meta property=\"og:image:width\" content=\"325\" \/>\n\t<meta property=\"og:image:height\" content=\"325\" \/>\n\t<meta property=\"og:image:type\" content=\"image\/png\" \/>\n<meta name=\"twitter:card\" content=\"summary_large_image\" \/>\n<meta name=\"twitter:site\" content=\"@templatetoaster\" \/>\n<meta name=\"twitter:label1\" content=\"Ber\u00e4knad l\u00e4stid\" \/>\n\t<meta name=\"twitter:data1\" content=\"1 minut\" \/>\n<script type=\"application\/ld+json\" class=\"yoast-schema-graph\">{\"@context\":\"https:\/\/schema.org\",\"@graph\":[{\"@type\":\"WebPage\",\"@id\":\"https:\/\/templatetoaster.com\/sv\/terms-of-use\",\"url\":\"https:\/\/templatetoaster.com\/sv\/terms-of-use\",\"name\":\"Villkor - TemplateToaster\",\"isPartOf\":{\"@id\":\"https:\/\/templatetoaster.com\/#website\"},\"datePublished\":\"2018-04-13T13:18:16+00:00\",\"dateModified\":\"2019-08-10T05:04:04+00:00\",\"description\":\"TemplateToaster Villkor\",\"breadcrumb\":{\"@id\":\"https:\/\/templatetoaster.com\/sv\/terms-of-use#breadcrumb\"},\"inLanguage\":\"sv-SE\",\"potentialAction\":[{\"@type\":\"ReadAction\",\"target\":[\"https:\/\/templatetoaster.com\/sv\/terms-of-use\"]}]},{\"@type\":\"BreadcrumbList\",\"@id\":\"https:\/\/templatetoaster.com\/sv\/terms-of-use#breadcrumb\",\"itemListElement\":[{\"@type\":\"ListItem\",\"position\":1,\"name\":\"Home\",\"item\":\"https:\/\/templatetoaster.com\/sv\"},{\"@type\":\"ListItem\",\"position\":2,\"name\":\"Villkor\"}]},{\"@type\":\"WebSite\",\"@id\":\"https:\/\/templatetoaster.com\/#website\",\"url\":\"https:\/\/templatetoaster.com\/\",\"name\":\"TemplateToaster\",\"description\":\"\",\"publisher\":{\"@id\":\"https:\/\/templatetoaster.com\/#organization\"},\"inLanguage\":\"sv-SE\"},{\"@type\":\"Organization\",\"@id\":\"https:\/\/templatetoaster.com\/#organization\",\"name\":\"TemplateToaster\",\"url\":\"https:\/\/templatetoaster.com\/\",\"logo\":{\"@type\":\"ImageObject\",\"inLanguage\":\"sv-SE\",\"@id\":\"https:\/\/templatetoaster.com\/#\/schema\/logo\/image\/\",\"url\":\"https:\/\/templatetoaster.com\/wp-content\/uploads\/2019\/11\/TemplateToaster_Logo.jpg\",\"contentUrl\":\"https:\/\/templatetoaster.com\/wp-content\/uploads\/2019\/11\/TemplateToaster_Logo.jpg\",\"width\":85,\"height\":85,\"caption\":\"TemplateToaster\"},\"image\":{\"@id\":\"https:\/\/templatetoaster.com\/#\/schema\/logo\/image\/\"},\"sameAs\":[\"https:\/\/www.facebook.com\/TemplateToaster\",\"https:\/\/x.com\/templatetoaster\",\"https:\/\/www.instagram.com\/templatetoaster\/\",\"https:\/\/www.linkedin.com\/company\/templatetoaster\/\",\"https:\/\/www.pinterest.com\/templatetoaster\/\",\"https:\/\/www.youtube.com\/@TemplateToaster\"]}]}<\/script>\n<!-- \/ Yoast SEO plugin. -->","yoast_head_json":{"title":"Villkor - TemplateToaster","description":"TemplateToaster Villkor","robots":{"index":"index","follow":"follow","max-snippet":"max-snippet:-1","max-image-preview":"max-image-preview:large","max-video-preview":"max-video-preview:-1"},"canonical":"https:\/\/templatetoaster.com\/sv\/terms-of-use","og_locale":"sv_SE","og_type":"article","og_title":"Villkor - TemplateToaster","og_description":"TemplateToaster Villkor","og_url":"https:\/\/templatetoaster.com\/sv\/terms-of-use","og_site_name":"TemplateToaster","article_publisher":"https:\/\/www.facebook.com\/TemplateToaster","article_modified_time":"2019-08-10T05:04:04+00:00","og_image":[{"width":325,"height":325,"url":"https:\/\/templatetoaster.com\/wp-content\/uploads\/2015\/07\/TemplateToaster-325X325.png","type":"image\/png"}],"twitter_card":"summary_large_image","twitter_site":"@templatetoaster","twitter_misc":{"Ber\u00e4knad l\u00e4stid":"1 minut"},"schema":{"@context":"https:\/\/schema.org","@graph":[{"@type":"WebPage","@id":"https:\/\/templatetoaster.com\/sv\/terms-of-use","url":"https:\/\/templatetoaster.com\/sv\/terms-of-use","name":"Villkor - TemplateToaster","isPartOf":{"@id":"https:\/\/templatetoaster.com\/#website"},"datePublished":"2018-04-13T13:18:16+00:00","dateModified":"2019-08-10T05:04:04+00:00","description":"TemplateToaster Villkor","breadcrumb":{"@id":"https:\/\/templatetoaster.com\/sv\/terms-of-use#breadcrumb"},"inLanguage":"sv-SE","potentialAction":[{"@type":"ReadAction","target":["https:\/\/templatetoaster.com\/sv\/terms-of-use"]}]},{"@type":"BreadcrumbList","@id":"https:\/\/templatetoaster.com\/sv\/terms-of-use#breadcrumb","itemListElement":[{"@type":"ListItem","position":1,"name":"Home","item":"https:\/\/templatetoaster.com\/sv"},{"@type":"ListItem","position":2,"name":"Villkor"}]},{"@type":"WebSite","@id":"https:\/\/templatetoaster.com\/#website","url":"https:\/\/templatetoaster.com\/","name":"TemplateToaster","description":"","publisher":{"@id":"https:\/\/templatetoaster.com\/#organization"},"inLanguage":"sv-SE"},{"@type":"Organization","@id":"https:\/\/templatetoaster.com\/#organization","name":"TemplateToaster","url":"https:\/\/templatetoaster.com\/","logo":{"@type":"ImageObject","inLanguage":"sv-SE","@id":"https:\/\/templatetoaster.com\/#\/schema\/logo\/image\/","url":"https:\/\/templatetoaster.com\/wp-content\/uploads\/2019\/11\/TemplateToaster_Logo.jpg","contentUrl":"https:\/\/templatetoaster.com\/wp-content\/uploads\/2019\/11\/TemplateToaster_Logo.jpg","width":85,"height":85,"caption":"TemplateToaster"},"image":{"@id":"https:\/\/templatetoaster.com\/#\/schema\/logo\/image\/"},"sameAs":["https:\/\/www.facebook.com\/TemplateToaster","https:\/\/x.com\/templatetoaster","https:\/\/www.instagram.com\/templatetoaster\/","https:\/\/www.linkedin.com\/company\/templatetoaster\/","https:\/\/www.pinterest.com\/templatetoaster\/","https:\/\/www.youtube.com\/@TemplateToaster"]}]}},"_links":{"self":[{"href":"https:\/\/templatetoaster.com\/sv\/wp-json\/wp\/v2\/pages\/4299"}],"collection":[{"href":"https:\/\/templatetoaster.com\/sv\/wp-json\/wp\/v2\/pages"}],"about":[{"href":"https:\/\/templatetoaster.com\/sv\/wp-json\/wp\/v2\/types\/page"}],"author":[{"embeddable":true,"href":"https:\/\/templatetoaster.com\/sv\/wp-json\/wp\/v2\/users\/13434"}],"replies":[{"embeddable":true,"href":"https:\/\/templatetoaster.com\/sv\/wp-json\/wp\/v2\/comments?post=4299"}],"version-history":[{"count":2,"href":"https:\/\/templatetoaster.com\/sv\/wp-json\/wp\/v2\/pages\/4299\/revisions"}],"predecessor-version":[{"id":64034,"href":"https:\/\/templatetoaster.com\/sv\/wp-json\/wp\/v2\/pages\/4299\/revisions\/64034"}],"wp:attachment":[{"href":"https:\/\/templatetoaster.com\/sv\/wp-json\/wp\/v2\/media?parent=4299"}],"curies":[{"name":"wp","href":"https:\/\/api.w.org\/{rel}","templated":true}]}}