{"id":4290,"date":"2018-04-13T13:08:37","date_gmt":"2018-04-13T13:08:37","guid":{"rendered":"http:\/\/templatetoaster.com?page_id=4290"},"modified":"2019-08-10T05:38:23","modified_gmt":"2019-08-10T05:38:23","slug":"privacy-policy","status":"publish","type":"page","link":"https:\/\/templatetoaster.com\/sv\/privacy-policy","title":{"rendered":"Integritetspolicy"},"content":{"rendered":"<div class=\"tt_privacy_policy_row row\">\n&nbsp;<\/p>\n<h1 class=\"heading_border\">TemplateToaster sekretesspolicy<\/h1>\n<p>TemplateToaster har \u00e5tagit sig att s\u00e4kerst\u00e4lla att den information vi samlar in fr\u00e5n dig \u00e4r helt anonym och skyddade, vi dela aldrig denna information med tredje part.<\/p>\n<p>&nbsp;<\/p>\n<p>Vilken typ av information vi samlar in: Vi samlar in din e-post och namn n\u00e4r du registrera dig hos oss vi anv\u00e4nder denna information f\u00f6r att uppr\u00e4tth\u00e5lla ditt konto f\u00f6r framtida kommunikation Aktivering\/avaktivering av din licens och s\u00e5 p\u00e5. V\u00e5r webbplats kan ocks\u00e5 spara cookies p\u00e5 din webbl\u00e4sare f\u00f6r b\u00e4ttre prestanda.<\/p>\n<p>&nbsp;<\/p>\n<p>S\u00e4kerhet:Vi garantera dig att den information vi samlar in fr\u00e5n dig skyddas fysiskt, digitalt, <span id=\"tr_0\" class=\"tr_\" data-source=\"\" data-orig=\"electronically from unauthorized access and moreover we never share that personal information with any third party\">electronically from unauthorized access and moreover we never share that personal information with any third party<\/span>. Vi kommer inte att s\u00e4lja, omf\u00f6rdela, eller hyra ut dina personuppgifter om inte kr\u00e4vs enligt lag att g\u00f6ra det..<\/div>\n","protected":false},"excerpt":{"rendered":"<p>&nbsp; TemplateToaster sekretesspolicy TemplateToaster har \u00e5tagit sig att s\u00e4kerst\u00e4lla att den information vi samlar in fr\u00e5n dig \u00e4r helt anonym och skyddade, vi dela aldrig denna information med tredje part. &nbsp; Vilken typ av information vi samlar in: Vi samlar &hellip; <a href=\"https:\/\/templatetoaster.com\/sv\/privacy-policy\">Continue Reading<span class=\"meta-nav\">&rarr;<\/span><\/a><\/p>\n","protected":false},"author":13434,"featured_media":0,"parent":0,"menu_order":0,"comment_status":"closed","ping_status":"closed","template":"PageTemplate1.php","meta":{"footnotes":""},"yoast_head":"<!-- This site is optimized with the Yoast SEO plugin v23.5 - https:\/\/yoast.com\/wordpress\/plugins\/seo\/ -->\n<title>Integritetspolicy - TemplateToaster<\/title>\n<meta name=\"description\" content=\"TemplateToaster Integritetspolicy\" \/>\n<meta name=\"robots\" content=\"index, follow, max-snippet:-1, max-image-preview:large, max-video-preview:-1\" \/>\n<link rel=\"canonical\" href=\"https:\/\/templatetoaster.com\/sv\/privacy-policy\" \/>\n<meta property=\"og:locale\" content=\"sv_SE\" \/>\n<meta property=\"og:type\" content=\"article\" \/>\n<meta property=\"og:title\" content=\"Integritetspolicy - TemplateToaster\" \/>\n<meta property=\"og:description\" content=\"TemplateToaster Integritetspolicy\" \/>\n<meta property=\"og:url\" content=\"https:\/\/templatetoaster.com\/sv\/privacy-policy\" \/>\n<meta property=\"og:site_name\" content=\"TemplateToaster\" \/>\n<meta property=\"article:publisher\" content=\"https:\/\/www.facebook.com\/TemplateToaster\" \/>\n<meta property=\"article:modified_time\" content=\"2019-08-10T05:38:23+00:00\" \/>\n<meta property=\"og:image\" content=\"https:\/\/templatetoaster.com\/wp-content\/uploads\/2015\/07\/TemplateToaster-325X325.png\" \/>\n\t<meta property=\"og:image:width\" content=\"325\" \/>\n\t<meta property=\"og:image:height\" content=\"325\" \/>\n\t<meta property=\"og:image:type\" content=\"image\/png\" \/>\n<meta name=\"twitter:card\" content=\"summary_large_image\" \/>\n<meta name=\"twitter:site\" content=\"@templatetoaster\" \/>\n<meta name=\"twitter:label1\" content=\"Ber\u00e4knad l\u00e4stid\" \/>\n\t<meta name=\"twitter:data1\" content=\"1 minut\" \/>\n<script type=\"application\/ld+json\" class=\"yoast-schema-graph\">{\"@context\":\"https:\/\/schema.org\",\"@graph\":[{\"@type\":\"WebPage\",\"@id\":\"https:\/\/templatetoaster.com\/sv\/privacy-policy\",\"url\":\"https:\/\/templatetoaster.com\/sv\/privacy-policy\",\"name\":\"Integritetspolicy - TemplateToaster\",\"isPartOf\":{\"@id\":\"https:\/\/templatetoaster.com\/#website\"},\"datePublished\":\"2018-04-13T13:08:37+00:00\",\"dateModified\":\"2019-08-10T05:38:23+00:00\",\"description\":\"TemplateToaster Integritetspolicy\",\"breadcrumb\":{\"@id\":\"https:\/\/templatetoaster.com\/sv\/privacy-policy#breadcrumb\"},\"inLanguage\":\"sv-SE\",\"potentialAction\":[{\"@type\":\"ReadAction\",\"target\":[\"https:\/\/templatetoaster.com\/sv\/privacy-policy\"]}]},{\"@type\":\"BreadcrumbList\",\"@id\":\"https:\/\/templatetoaster.com\/sv\/privacy-policy#breadcrumb\",\"itemListElement\":[{\"@type\":\"ListItem\",\"position\":1,\"name\":\"Home\",\"item\":\"https:\/\/templatetoaster.com\/sv\"},{\"@type\":\"ListItem\",\"position\":2,\"name\":\"Integritetspolicy\"}]},{\"@type\":\"WebSite\",\"@id\":\"https:\/\/templatetoaster.com\/#website\",\"url\":\"https:\/\/templatetoaster.com\/\",\"name\":\"TemplateToaster\",\"description\":\"\",\"publisher\":{\"@id\":\"https:\/\/templatetoaster.com\/#organization\"},\"inLanguage\":\"sv-SE\"},{\"@type\":\"Organization\",\"@id\":\"https:\/\/templatetoaster.com\/#organization\",\"name\":\"TemplateToaster\",\"url\":\"https:\/\/templatetoaster.com\/\",\"logo\":{\"@type\":\"ImageObject\",\"inLanguage\":\"sv-SE\",\"@id\":\"https:\/\/templatetoaster.com\/#\/schema\/logo\/image\/\",\"url\":\"https:\/\/templatetoaster.com\/wp-content\/uploads\/2019\/11\/TemplateToaster_Logo.jpg\",\"contentUrl\":\"https:\/\/templatetoaster.com\/wp-content\/uploads\/2019\/11\/TemplateToaster_Logo.jpg\",\"width\":85,\"height\":85,\"caption\":\"TemplateToaster\"},\"image\":{\"@id\":\"https:\/\/templatetoaster.com\/#\/schema\/logo\/image\/\"},\"sameAs\":[\"https:\/\/www.facebook.com\/TemplateToaster\",\"https:\/\/x.com\/templatetoaster\",\"https:\/\/www.instagram.com\/templatetoaster\/\",\"https:\/\/www.linkedin.com\/company\/templatetoaster\/\",\"https:\/\/www.pinterest.com\/templatetoaster\/\",\"https:\/\/www.youtube.com\/@TemplateToaster\"]}]}<\/script>\n<!-- \/ Yoast SEO plugin. -->","yoast_head_json":{"title":"Integritetspolicy - TemplateToaster","description":"TemplateToaster Integritetspolicy","robots":{"index":"index","follow":"follow","max-snippet":"max-snippet:-1","max-image-preview":"max-image-preview:large","max-video-preview":"max-video-preview:-1"},"canonical":"https:\/\/templatetoaster.com\/sv\/privacy-policy","og_locale":"sv_SE","og_type":"article","og_title":"Integritetspolicy - TemplateToaster","og_description":"TemplateToaster Integritetspolicy","og_url":"https:\/\/templatetoaster.com\/sv\/privacy-policy","og_site_name":"TemplateToaster","article_publisher":"https:\/\/www.facebook.com\/TemplateToaster","article_modified_time":"2019-08-10T05:38:23+00:00","og_image":[{"width":325,"height":325,"url":"https:\/\/templatetoaster.com\/wp-content\/uploads\/2015\/07\/TemplateToaster-325X325.png","type":"image\/png"}],"twitter_card":"summary_large_image","twitter_site":"@templatetoaster","twitter_misc":{"Ber\u00e4knad l\u00e4stid":"1 minut"},"schema":{"@context":"https:\/\/schema.org","@graph":[{"@type":"WebPage","@id":"https:\/\/templatetoaster.com\/sv\/privacy-policy","url":"https:\/\/templatetoaster.com\/sv\/privacy-policy","name":"Integritetspolicy - TemplateToaster","isPartOf":{"@id":"https:\/\/templatetoaster.com\/#website"},"datePublished":"2018-04-13T13:08:37+00:00","dateModified":"2019-08-10T05:38:23+00:00","description":"TemplateToaster Integritetspolicy","breadcrumb":{"@id":"https:\/\/templatetoaster.com\/sv\/privacy-policy#breadcrumb"},"inLanguage":"sv-SE","potentialAction":[{"@type":"ReadAction","target":["https:\/\/templatetoaster.com\/sv\/privacy-policy"]}]},{"@type":"BreadcrumbList","@id":"https:\/\/templatetoaster.com\/sv\/privacy-policy#breadcrumb","itemListElement":[{"@type":"ListItem","position":1,"name":"Home","item":"https:\/\/templatetoaster.com\/sv"},{"@type":"ListItem","position":2,"name":"Integritetspolicy"}]},{"@type":"WebSite","@id":"https:\/\/templatetoaster.com\/#website","url":"https:\/\/templatetoaster.com\/","name":"TemplateToaster","description":"","publisher":{"@id":"https:\/\/templatetoaster.com\/#organization"},"inLanguage":"sv-SE"},{"@type":"Organization","@id":"https:\/\/templatetoaster.com\/#organization","name":"TemplateToaster","url":"https:\/\/templatetoaster.com\/","logo":{"@type":"ImageObject","inLanguage":"sv-SE","@id":"https:\/\/templatetoaster.com\/#\/schema\/logo\/image\/","url":"https:\/\/templatetoaster.com\/wp-content\/uploads\/2019\/11\/TemplateToaster_Logo.jpg","contentUrl":"https:\/\/templatetoaster.com\/wp-content\/uploads\/2019\/11\/TemplateToaster_Logo.jpg","width":85,"height":85,"caption":"TemplateToaster"},"image":{"@id":"https:\/\/templatetoaster.com\/#\/schema\/logo\/image\/"},"sameAs":["https:\/\/www.facebook.com\/TemplateToaster","https:\/\/x.com\/templatetoaster","https:\/\/www.instagram.com\/templatetoaster\/","https:\/\/www.linkedin.com\/company\/templatetoaster\/","https:\/\/www.pinterest.com\/templatetoaster\/","https:\/\/www.youtube.com\/@TemplateToaster"]}]}},"_links":{"self":[{"href":"https:\/\/templatetoaster.com\/sv\/wp-json\/wp\/v2\/pages\/4290"}],"collection":[{"href":"https:\/\/templatetoaster.com\/sv\/wp-json\/wp\/v2\/pages"}],"about":[{"href":"https:\/\/templatetoaster.com\/sv\/wp-json\/wp\/v2\/types\/page"}],"author":[{"embeddable":true,"href":"https:\/\/templatetoaster.com\/sv\/wp-json\/wp\/v2\/users\/13434"}],"replies":[{"embeddable":true,"href":"https:\/\/templatetoaster.com\/sv\/wp-json\/wp\/v2\/comments?post=4290"}],"version-history":[{"count":5,"href":"https:\/\/templatetoaster.com\/sv\/wp-json\/wp\/v2\/pages\/4290\/revisions"}],"predecessor-version":[{"id":64050,"href":"https:\/\/templatetoaster.com\/sv\/wp-json\/wp\/v2\/pages\/4290\/revisions\/64050"}],"wp:attachment":[{"href":"https:\/\/templatetoaster.com\/sv\/wp-json\/wp\/v2\/media?parent=4290"}],"curies":[{"name":"wp","href":"https:\/\/api.w.org\/{rel}","templated":true}]}}