{"id":4288,"date":"2018-04-13T13:07:08","date_gmt":"2018-04-13T13:07:08","guid":{"rendered":"http:\/\/templatetoaster.com?page_id=4288"},"modified":"2018-04-13T13:07:08","modified_gmt":"2018-04-13T13:07:08","slug":"prestashop-theme-maker","status":"publish","type":"page","link":"https:\/\/templatetoaster.com\/sv\/prestashop-theme-maker","title":{"rendered":"PrestaShop Theme Maker"},"content":{"rendered":"<div class=\"remove_collapsing_margins\"><\/div>\n<div class=\"remove_collapsing_margins\"><\/div>\n<div class=\"section1 wp-theme-generator\">\n<div style=\"margin: 115px 0 16px;\">\n<h1>Prestashop Theme Maker Built to Perfection<\/h1>\n<p class=\"text-center\">Designa ett tema som talar f\u00f6r sig sj\u00e4lv. Ingen kodning krav!<\/p>\n<p><br clear=\"all\"><\/p>\n<div style=\"text-align:center;\">\n<a href=\"https:\/\/templatetoaster.com\/download\" class=\"btn download_btn\">Ladda ner nu<\/a><\/div>\n<div class=\"clearfix\"><\/div>\n<\/div>\n<\/div>\n<p><!--- What is TemplateToaster Section ---><\/p>\n<div class=\"section2 wp-theme-generator\">\n<div class=\"section2-inner\">\n<h2>Varf\u00f6r anv\u00e4nda TemplateToaster som PrestaShop Theme Generator Software?<\/h2>\n<p>TemplateToaster Software g\u00f6rs f\u00f6r att utforma h\u00e4pnadsv\u00e4ckande teman f\u00f6r din e-handelsplats som kommer att l\u00e5na ut ett helt nytt utseende till det. Du beh\u00f6ver inte vara en kodare! Det \u00e4r sant. Designteman medan du drar &#038; Drop in TT och skapa teman med n\u00e5gra f\u00e5 klick!\n<\/p>\n<\/div>\n<\/div>\n<p><!---- section 3 starts ---><\/p>\n<div class=\"section3 wp-theme-generator\">\n<div class=\"section3-inner\">\n<h2>Hur det fungerar?<\/h2>\n<div class=\"row\">\n<div class=\"col-lg-4 col-md-4 col-sm-6 col-xs-12\">\n<div class=\"media\">\n<span class=\"landing_page_svg\" style=\"background-position: 20px -690px; display: block; height: 115px; margin: auto; width: 142px;\"><\/span><\/p>\n<h3 class=\"text-center\">Ladda ner mjukvaran. L\u00e5t oss b\u00f6rja det!<\/h3>\n<p class=\"text-center\">Efter nedladdning TemplateToaster, Installera det och b\u00f6rja designa dina PrestaShop teman minuter! Obegr\u00e4nsad r\u00e4tteg\u00e5ng med tillg\u00e5ng till alla funktioner! L\u00e5t oss njuta av webb-design! <\/p>\n<\/div>\n<\/div>\n<div class=\"clearfix visible-xs-block\"><\/div>\n<div class=\"col-lg-4 col-md-4 col-sm-6 col-xs-12\">\n<div class=\"media\">\n<span class=\"landing_page_svg\" style=\"background-position: -115px -690px; display: block; height: 115px; margin: auto; width: 142px;\"><\/span><\/p>\n<h3 class=\"text-center\"> intuitivt Drag &#038; Sl\u00e4ppa. Design i minuter!<\/h3>\n<p class=\"text-center\">B\u00f6rja fr\u00e5n b\u00f6rjan eller v\u00e4lj fr\u00e5n 100-tals f\u00e4rdiga mallar! S\u00e4tt din b\u00e4sta fot fram\u00e5t och intuitiva Dra och sl\u00e4pp kommer att f\u00f6lja. Inget kr\u00e5ngel design!\n<\/p>\n<\/div>\n<\/div>\n<div class=\"clearfix visible-sm-block visible-xs-block\"><\/div>\n<div class=\"col-lg-4 col-md-4 col-sm-6 col-xs-12\">\n<div class=\"media\">\n<span class=\"landing_page_svg\" style=\"background-position: -240px -690px; display: block; height: 115px; margin: auto; width: 142px;\"><\/span><\/p>\n<h3 class=\"text-center\">Din PrestaShop Site, Alla teman upp!<\/h3>\n<p class=\"text-center\">N\u00f6jd med designen f\u00f6r din e-handelsplats? \u00d6verf\u00f6r den nya designen i n\u00e5gra fler klick och se din butik alla inriktade upp med det utseende du alltid har dr\u00f6mt om!<\/p>\n<\/div>\n<\/div>\n<div class=\"clearfix visible-lg-block visible-md-block visible-sm-block visible-xs-block\"><\/div>\n<\/div>\n<\/div>\n<\/div>\n<div class=\"section4 wp-theme-generator\">\n<h2 style=\"text-transform:none;\">Dragen av TemplateToaster som PrestaShop tema skapare <\/h2>\n<p class=\"section4-paragraph\">Makt-packade med anm\u00e4rkningsv\u00e4rda funktioner \u4e00 design teman med hj\u00e4lp TemplateToaster programvara!<\/p>\n<div class=\"row\">\n<div class=\"col-lg-4 col-md-4 col-sm-6 col-sx-12\">\n<div style=\"padding: 20px;\">\n<p class=\"text-center\"><span style=\"margin-right:10px; display: inline-block; float:none; vertical-align:middle; background-position: -155px -1305px; \" class=\"wp_feature landing_page_svg\"><\/span><\/p>\n<h3 style=\"margin: 20px 0px 10px; text-align: center;\">Mobila Optimerad produktsidor <\/h3>\n<p class=\"text-center\"> PrestaShop teman som skapats med TemplateToaster \u00e4r s\u00f6ml\u00f6st lyh\u00f6rda. Denna mobila v\u00e4nlighet ser till att dina kunder kan ha optimal tittarupplevelse. S\u00e5 att, de kan k\u00f6pa produkterna utan kr\u00e5ngel fr\u00e5n en mobil enhet.<\/p>\n<\/div>\n<\/div>\n<div class=\"clearfix visible-xs-block\"><\/div>\n<div class=\"col-lg-4 col-md-4 col-sm-6 col-sx-12\">\n<div style=\"padding: 20px;\">\n<p class=\"text-center\"><span style=\"margin-right:10px; display: inline-block; float:none; vertical-align:middle; background-position: -22px -815px; \" class=\"wp_feature landing_page_svg\"><\/span><\/p>\n<h3 style=\"margin:20px 0 10px; text-align:center\"> Custom Layoutalternativ<\/h3>\n<p class=\"text-center\">Programvaran kan du designa teman med anpassade layout alternativ som 1 Kolumn, 2 Kolumn (sidof\u00e4ltet och enda kolumn) och 3 Kolumn (sidof\u00e4ltet,enda kolumn, sidof\u00e4ltet). Dessa kan anpassas samt, genom att \u00e4ndra bakgrundsf\u00e4rg, font color etc. <\/p>\n<\/div>\n<\/div>\n<div class=\"clearfix visible-sm-block visible-xs-block\"><\/div>\n<div class=\"col-md-4 col-sm-6 col-sx-12\">\n<div style=\"padding: 20px;\">\n<p class=\"text-center\"><span class=\"wp_feature landing_page_svg\" style=\"margin-right:10px; display: inline-block; float:none; vertical-align:middle;background-position: -90px -1370px;\"><\/span><\/p>\n<h3 style=\"margin:20px 0 10px; text-align:center\"> kompatibla versioner<\/h3>\n<p class=\"text-center\">Denna PrestaShop tema skapare st\u00f6djer PrestaShop 1.5.x och 1.6.x De teman som utformats med TemplateToaster \u00e4r kompatibel med alla de senaste uppdateringarna och funktionerna i PrestaShop. Alla nya TemplateToaster 7 st\u00f6d PrestaShop 1.7.x.x<\/p>\n<\/div>\n<\/div>\n<div class=\"clearfix  visible-lg-block visible-md-block  visible-xs-block\"><\/div>\n<div class=\"col-md-4 col-sm-6 col-sx-12\">\n<div style=\"padding: 20px;\">\n<p class=\"text-center\"><span class=\"wp_feature landing_page_svg\" style=\"margin-right:10px; display: inline-block; float:none; vertical-align:middle;background-position: -288px -1015px;\"><\/span><\/p>\n<h3 style=\"margin:20px 0 10px; text-align:center\">kassasidor<\/h3>\n<p class=\"text-center\">L\u00e4gg till en touch av personalisering till fler kassan p\u00e5 din PrestaShop webbplats. Ge ett st\u00e4nk av bakgrundsf\u00e4rg och v\u00e4lja mellan 100+ teckensnitt och f\u00e4rger f\u00f6r att ge en ny titt p\u00e5 ditt e-handel butik! Sidor som \u2019Sammanfattning\u2019, &#8217;Logga in&#8217;, &#8217;Adress&#8217;, \u2019Frakt\u2019 etc. kan anpassas omedelbart.<\/p>\n<\/div>\n<\/div>\n<div class=\"clearfix visible-sm-block visible-xs-block\"><\/div>\n<div class=\"col-md-4 col-sm-6 col-sx-12\">\n<div style=\"padding: 20px;\">\n<p class=\"text-center\"><span class=\"wp_feature landing_page_svg\" style=\"margin-right:10px; display: inline-block; float:none; vertical-align:middle;background-position: -18px -1374px;\"><\/span><\/p>\n<h3 style=\"margin:20px 0 10px; text-align:center\">Flera produkt Grid Styling<\/h3>\n<p class=\"text-center\">Flera produkter visas i rutn\u00e4t eller i listvy p\u00e5 en enda sida p\u00e5 din PrestaShop e-handelsplats. G\u00f6ra \u00e4ndringar i rutn\u00e4t layout genom att v\u00e4lja fr\u00e5n 1 Kolumn, 2 Kolumn, 3 kolumn och 4 kolumn~~POS=TRUNC galler. F\u00f6r att \u00e4ndra stil, alternativ som teckenf\u00e4rg, typsnitt och bakgrundsf\u00e4rg finns.<\/p>\n<\/div>\n<\/div>\n<div class=\"clearfix visible-xs-block\"><\/div>\n<div class=\"col-md-4 col-sm-6 col-sx-12\">\n<div style=\"padding: 20px;\">\n<p class=\"text-center\"><span class=\"wp_feature landing_page_svg\" style=\"float: none; height: 52px; vertical-align: middle; width: 44px; display: inline-block; background-position: -290px -1090px;\"><\/span><\/p>\n<h3 style=\"margin:20px 0 10px; text-align:center\"> Produkt Sidalternativ<\/h3>\n<p class=\"text-center\">F\u00f6rb\u00e4ttra utseendet p\u00e5 din e-handel butik genom att \u00e4ndra bakgrundsf\u00e4rgen och stil som du vill ha p\u00e5 alla produktsidor. Du kan enkelt stilisera sidan genom att g\u00f6ra \u00e4ndringar i design och stil av Swatch Tabs, miniatyrer, Beskrivning, Specifikationer, Recensioner flikar etc.<\/p>\n<\/div>\n<\/div>\n<div class=\"clearfix visible-lg-block visible-md-block visible-sm-block visible-xs-block\"><\/div>\n<\/div>\n<\/div>\n<p><!--Section Features with WP--><\/p>\n<div class=\"section5 wp-theme-generator\" style=\"padding:70px 10px;margin-bottom:2px;\">\n<div style=\"margin:40px 0px 20px;\">\n<h2 style=\"margin-bottom:65px; text-transform:none;\">Hotellet erbjuder m\u00e5nga olika TemplateToaster <\/h2>\n<div class=\"feature_with_wp row\">\n<div class=\"col-lg-4  col-md-4 col-sm-4 col-xs-6\">\n<div class=\"feature_wpimg\">\n\t\t\t<img decoding=\"async\" src=\"https:\/\/templatetoaster.com\/wp-content\/uploads\/2017\/04\/multiple-language.png\" class=\"img-responsive\" alt=\"St\u00f6d f\u00f6r flera spr\u00e5k\">\n\t\t<\/div>\n<\/p>\n<\/div>\n<div class=\"col-lg-4  col-md-4 col-sm-4 col-xs-6\">\n<div class=\"feature_wpimg\">\n\t\t\t<img decoding=\"async\" src=\"https:\/\/templatetoaster.com\/wp-content\/uploads\/2017\/04\/mobile-optimization.png\" class=\"img-responsive\" alt=\"mobil optimering\">\n\t\t<\/div>\n<\/p>\n<\/div>\n<div class=\"clearfix visible-xs-block\"><\/div>\n<div class=\"col-lg-4  col-md-4 col-sm-4 col-xs-6\">\n<div class=\"feature_wpimg\">\n\t\t\t<img decoding=\"async\" src=\"https:\/\/templatetoaster.com\/wp-content\/uploads\/2017\/04\/drag-drop.png\" class=\"img-responsive\" alt=\"Dra och sl\u00e4pp\">\n\t\t<\/div>\n<\/p>\n<\/div>\n<div class=\"clearfix visible-lg-block visible-md-block visible-sm-block\"><\/div>\n<div class=\"col-lg-4  col-md-4 col-sm-4 col-xs-6\">\n<div class=\"feature_wpimg\">\n\t\t\t<img decoding=\"async\" src=\"https:\/\/templatetoaster.com\/wp-content\/uploads\/2017\/04\/demo-templats.png\" class=\"img-responsive\" alt=\"demo teman\">\n\t\t<\/div>\n<\/p>\n<\/div>\n<div class=\"clearfix visible-xs-block\"><\/div>\n<div class=\"col-lg-4  col-md-4 col-sm-4 col-xs-6\">\n<div class=\"feature_wpimg\">\n\t\t\t<img decoding=\"async\" src=\"https:\/\/templatetoaster.com\/wp-content\/uploads\/2017\/04\/mega-menu.png\" class=\"img-responsive\" alt=\"Mega Menu\">\n\t\t<\/div>\n<\/p>\n<\/div>\n<div class=\"col-lg-4  col-md-4 col-sm-4 col-xs-6\">\n<div class=\"feature_wpimg\">\n\t\t\t<img decoding=\"async\" src=\"https:\/\/templatetoaster.com\/wp-content\/uploads\/2017\/04\/right-to-left.png\" class=\"img-responsive\" alt=\"H\u00f6ger till v\u00e4nster\">\n\t\t<\/div>\n<\/p>\n<\/div>\n<div class=\"clearfix visible-lg-block visible-md-block visible-sm-block visible-xs-block\"><\/div>\n<div class=\"col-lg-4  col-md-4 col-sm-4 col-xs-6\">\n<div class=\"feature_wpimg\">\n\t\t\t<img decoding=\"async\" src=\"https:\/\/templatetoaster.com\/wp-content\/uploads\/2017\/04\/amazing-slideshow.png\" class=\"img-responsive\" alt=\"fantastiska bildspel\">\n\t\t<\/div>\n<\/p>\n<\/div>\n<div class=\"col-lg-4  col-md-4 col-sm-4 col-xs-6\">\n<div class=\"feature_wpimg\">\n\t\t\t<img decoding=\"async\" src=\"https:\/\/templatetoaster.com\/wp-content\/uploads\/2017\/04\/zero-coding.png\" class=\"img-responsive\" alt=\"Zero Kodning\">\n\t\t<\/div>\n<\/p>\n<\/div>\n<div class=\"clearfix visible-xs-block\"><\/div>\n<div class=\"col-lg-4  col-md-4 col-sm-4 col-xs-6\">\n<div class=\"feature_wpimg\">\n\t\t\t<img decoding=\"async\" src=\"https:\/\/templatetoaster.com\/wp-content\/uploads\/2017\/04\/custom-css.png\" class=\"img-responsive\" alt=\"Anpassad CSS, JS och PHP\">\n\t\t<\/div>\n<\/p>\n<\/div>\n<div class=\"clearfix visible-lg-block visible-md-block visible-sm-block visible-xs-block\"><\/div>\n<\/div>\n<\/div>\n<\/div>\n<p><!--Section Gallery--><\/p>\n<div class=\"section7 wp-theme-generator\" style=\"padding:100px 10px; background-color:#f1f4f8;  margin-bottom:2px;\">\n<h2 style=\"text-transform:none;\">V\u00e5r standard<\/h2>\n<div class=\"row\">\n<div class=\"col-lg-4 col-md-4 col-sm-6 col-xs-12\">\n<div style=\"padding: 20px;\">\n<p class=\"text-center\"><span style=\"margin-right:10px; display: inline-block; float:none; vertical-align:middle; background-position: -75px -153px; width:75px;\" class=\"wp_feature landing_page_svg\"><\/span><\/p>\n<h3 style=\"margin: 20px 0px 10px; text-align: center;\">W3C validering <\/h3>\n<p class=\"text-center\"> PrestaShop teman som skapats med denna programvara \u00e4r W3C giltiga som erbjuder f\u00f6rdelar som webbl\u00e4sare kors kompatibilitet, optimal webbsida display och mer!<\/p>\n<\/div>\n<\/div>\n<div class=\"clearfix visible-xs-block\"><\/div>\n<div class=\"col-lg-4 col-md-4 col-sm-6 col-xs-12\">\n<div style=\"padding: 20px;\">\n<p class=\"text-center\"><span style=\"margin-right:10px; display: inline-block; float:none; vertical-align:middle; background-position: -165px -153px; width:65px;\" class=\"wp_feature landing_page_svg\"><\/span><\/p>\n<h3 style=\"margin:20px 0 10px; text-align:center\">HTML5 &#038; CSS3 Standards<\/h3>\n<p class=\"text-center\">TemplateToaster programvara st\u00e5r fast vid HTML5 och CSS3 standarder. Heavy upps\u00e4ttning Divar och bilder undviks, f\u00f6ljaktligen genererar teman som \u00e4r l\u00e4tta.<\/p>\n<\/div>\n<\/div>\n<div class=\"clearfix visible-sm-block visible-xs-block\"><\/div>\n<div class=\"col-lg-4 col-md-4 col-sm-6 col-xs-12\">\n<div style=\"padding: 20px;\">\n<p class=\"text-center\"><span style=\"margin-right:10px; display: inline-block; float:none; vertical-align:middle; background-position: -260px -147px; width:65px;\" class=\"wp_feature landing_page_svg\"><\/span><\/p>\n<h3 style=\"margin:20px 0 10px; text-align:center\"> Blixtsnabb hastighet<\/h3>\n<p class=\"text-center\">De teman som genereras med denna programvara last med blixtsnabb hastighet som kommer att st\u00e4rka upp trafiken, omvandlingsfrekvens, och f\u00f6rs\u00e4ljningen av din e-handel butik.<\/p>\n<\/div>\n<\/div>\n<div class=\"clearfix  visible-lg-block visible-md-block  visible-xs-block\"><\/div>\n<\/div>\n<\/div>\n<p><!---- section 6 starts ---><\/p>\n<div class=\"section6 wp-theme-generator\" style=\"padding:50px 10px;\">\n<div style=\"margin:70px 0px 20px;\">\n<h2>St\u00f6djer alla stora CMS<\/h2>\n<div class=\"section-center\" style=\"padding-bottom: 50px;\">\n<div class=\"main-cms-section\">\n<div class=\"cms-section\">\n<h3 class=\"text-center\"><span class=\"wp_feature landing_page_svg\" style=\"width: 120px; height: 120px; background-position:-5px -1165px;\"><\/span><\/h3>\n<\/div>\n<\/div>\n<div class=\"other-cms-section\">\n<div class=\"cms-section\">\n<h3 class=\"text-center\"><span class=\"wp_feature landing_page_svg\" style=\"width: 110px; height: 100px; background-position:-100px -596px;\"><\/span><\/h3>\n<\/div>\n<div class=\"cms-section\">\n<h3 class=\"text-center\"><span class=\"wp_feature landing_page_svg\" style=\"width: 130px; height: 100px; background-position:-212px -596px;\"><\/span><\/h3>\n<\/div>\n<div class=\"cms-section\">\n<h3 class=\"text-center\"><span class=\"wp_feature landing_page_svg\" style=\"width: 90px; height: 102px; background-position:-250px -377px;\"><\/span><\/h3>\n<\/div>\n<div class=\"cms-section\">\n<h3 class=\"text-center\"><span class=\"wp_feature landing_page_svg\" style=\"width: 100px; height: 102px; background-position:-160px -377px;\"><\/span><\/h3>\n<\/div>\n<div class=\"cms-section\">\n<h3 class=\"text-center\"><span class=\"wp_feature landing_page_svg\" style=\"width: 90px; height: 120px; background-position:12px -359px;\"><\/span><\/h3>\n<\/div>\n<div class=\"cms-section\">\n<h3 class=\"text-center\"><span class=\"wp_feature landing_page_svg\" style=\"width: 110px; height: 100px; background-position:-240px -495px;\"><\/span><\/h3>\n<\/div>\n<div class=\"cms-section\">\n<h3 class=\"text-center\"><span class=\"wp_feature landing_page_svg\" style=\"width: 110px; height: 100px; background-position:-65px -379px;\"><\/span><\/h3>\n<\/div>\n<div class=\"cms-section\">\n<h3 class=\"text-center\"><span class=\"wp_feature landing_page_svg\" style=\"width: 110px; height: 100px; background-position:-125px -495px;\"><\/span><\/h3>\n<\/div>\n<div class=\"cms-section\">\n<h3 class=\"text-center\"><span class=\"wp_feature landing_page_svg\" style=\"width: 110px; height: 100px; background-position:-0px -598px;\"><\/span><\/h3>\n<\/div>\n<\/div>\n<\/div>\n<div style=\"text-align:center; margin-top: 30px;\">\n<a href=\"https:\/\/templatetoaster.com\/download\" class=\"btn download_btn\">Ladda ner nu<\/a><\/div>\n<\/div>\n<\/div>\n","protected":false},"excerpt":{"rendered":"<p>Prestashop Theme Maker Built to Perfection Designa ett tema som talar f\u00f6r sig sj\u00e4lv. Ingen kodning krav! Ladda ner nu Varf\u00f6r anv\u00e4nda TemplateToaster som PrestaShop Theme Generator Software? TemplateToaster Software g\u00f6rs f\u00f6r att utforma h\u00e4pnadsv\u00e4ckande teman f\u00f6r din e-handelsplats som &hellip; <a href=\"https:\/\/templatetoaster.com\/sv\/prestashop-theme-maker\">Continue Reading<span class=\"meta-nav\">&rarr;<\/span><\/a><\/p>\n","protected":false},"author":13434,"featured_media":0,"parent":0,"menu_order":0,"comment_status":"closed","ping_status":"closed","template":"","meta":{"footnotes":""},"yoast_head":"<!-- This site is optimized with the Yoast SEO plugin v23.5 - https:\/\/yoast.com\/wordpress\/plugins\/seo\/ -->\n<title>PrestaShop Theme Maker - TemplateToaster<\/title>\n<meta name=\"description\" content=\"TemplateToaster PrestaShop Theme Maker\" \/>\n<meta name=\"robots\" content=\"index, follow, max-snippet:-1, max-image-preview:large, max-video-preview:-1\" \/>\n<link rel=\"canonical\" href=\"https:\/\/templatetoaster.com\/sv\/prestashop-theme-maker\" \/>\n<meta property=\"og:locale\" content=\"sv_SE\" \/>\n<meta property=\"og:type\" content=\"article\" \/>\n<meta property=\"og:title\" content=\"PrestaShop Theme Maker - TemplateToaster\" \/>\n<meta property=\"og:description\" content=\"TemplateToaster PrestaShop Theme Maker\" \/>\n<meta property=\"og:url\" content=\"https:\/\/templatetoaster.com\/sv\/prestashop-theme-maker\" \/>\n<meta property=\"og:site_name\" content=\"TemplateToaster\" \/>\n<meta property=\"article:publisher\" content=\"https:\/\/www.facebook.com\/TemplateToaster\" \/>\n<meta property=\"og:image\" content=\"https:\/\/templatetoaster.com\/wp-content\/uploads\/2017\/04\/multiple-language.png\" \/>\n<meta name=\"twitter:card\" content=\"summary_large_image\" \/>\n<meta name=\"twitter:site\" content=\"@templatetoaster\" \/>\n<meta name=\"twitter:label1\" content=\"Ber\u00e4knad l\u00e4stid\" \/>\n\t<meta name=\"twitter:data1\" content=\"3 minuter\" \/>\n<script type=\"application\/ld+json\" class=\"yoast-schema-graph\">{\"@context\":\"https:\/\/schema.org\",\"@graph\":[{\"@type\":\"WebPage\",\"@id\":\"https:\/\/templatetoaster.com\/sv\/prestashop-theme-maker\",\"url\":\"https:\/\/templatetoaster.com\/sv\/prestashop-theme-maker\",\"name\":\"PrestaShop Theme Maker - TemplateToaster\",\"isPartOf\":{\"@id\":\"https:\/\/templatetoaster.com\/#website\"},\"primaryImageOfPage\":{\"@id\":\"https:\/\/templatetoaster.com\/sv\/prestashop-theme-maker#primaryimage\"},\"image\":{\"@id\":\"https:\/\/templatetoaster.com\/sv\/prestashop-theme-maker#primaryimage\"},\"thumbnailUrl\":\"https:\/\/templatetoaster.com\/wp-content\/uploads\/2017\/04\/multiple-language.png\",\"datePublished\":\"2018-04-13T13:07:08+00:00\",\"dateModified\":\"2018-04-13T13:07:08+00:00\",\"description\":\"TemplateToaster PrestaShop Theme Maker\",\"breadcrumb\":{\"@id\":\"https:\/\/templatetoaster.com\/sv\/prestashop-theme-maker#breadcrumb\"},\"inLanguage\":\"sv-SE\",\"potentialAction\":[{\"@type\":\"ReadAction\",\"target\":[\"https:\/\/templatetoaster.com\/sv\/prestashop-theme-maker\"]}]},{\"@type\":\"ImageObject\",\"inLanguage\":\"sv-SE\",\"@id\":\"https:\/\/templatetoaster.com\/sv\/prestashop-theme-maker#primaryimage\",\"url\":\"https:\/\/templatetoaster.com\/wp-content\/uploads\/2017\/04\/multiple-language.png\",\"contentUrl\":\"https:\/\/templatetoaster.com\/wp-content\/uploads\/2017\/04\/multiple-language.png\"},{\"@type\":\"BreadcrumbList\",\"@id\":\"https:\/\/templatetoaster.com\/sv\/prestashop-theme-maker#breadcrumb\",\"itemListElement\":[{\"@type\":\"ListItem\",\"position\":1,\"name\":\"Home\",\"item\":\"https:\/\/templatetoaster.com\/sv\"},{\"@type\":\"ListItem\",\"position\":2,\"name\":\"PrestaShop Theme Maker\"}]},{\"@type\":\"WebSite\",\"@id\":\"https:\/\/templatetoaster.com\/#website\",\"url\":\"https:\/\/templatetoaster.com\/\",\"name\":\"TemplateToaster\",\"description\":\"\",\"publisher\":{\"@id\":\"https:\/\/templatetoaster.com\/#organization\"},\"inLanguage\":\"sv-SE\"},{\"@type\":\"Organization\",\"@id\":\"https:\/\/templatetoaster.com\/#organization\",\"name\":\"TemplateToaster\",\"url\":\"https:\/\/templatetoaster.com\/\",\"logo\":{\"@type\":\"ImageObject\",\"inLanguage\":\"sv-SE\",\"@id\":\"https:\/\/templatetoaster.com\/#\/schema\/logo\/image\/\",\"url\":\"https:\/\/templatetoaster.com\/wp-content\/uploads\/2019\/11\/TemplateToaster_Logo.jpg\",\"contentUrl\":\"https:\/\/templatetoaster.com\/wp-content\/uploads\/2019\/11\/TemplateToaster_Logo.jpg\",\"width\":85,\"height\":85,\"caption\":\"TemplateToaster\"},\"image\":{\"@id\":\"https:\/\/templatetoaster.com\/#\/schema\/logo\/image\/\"},\"sameAs\":[\"https:\/\/www.facebook.com\/TemplateToaster\",\"https:\/\/x.com\/templatetoaster\",\"https:\/\/www.instagram.com\/templatetoaster\/\",\"https:\/\/www.linkedin.com\/company\/templatetoaster\/\",\"https:\/\/www.pinterest.com\/templatetoaster\/\",\"https:\/\/www.youtube.com\/@TemplateToaster\"]}]}<\/script>\n<!-- \/ Yoast SEO plugin. -->","yoast_head_json":{"title":"PrestaShop Theme Maker - TemplateToaster","description":"TemplateToaster PrestaShop Theme Maker","robots":{"index":"index","follow":"follow","max-snippet":"max-snippet:-1","max-image-preview":"max-image-preview:large","max-video-preview":"max-video-preview:-1"},"canonical":"https:\/\/templatetoaster.com\/sv\/prestashop-theme-maker","og_locale":"sv_SE","og_type":"article","og_title":"PrestaShop Theme Maker - TemplateToaster","og_description":"TemplateToaster PrestaShop Theme Maker","og_url":"https:\/\/templatetoaster.com\/sv\/prestashop-theme-maker","og_site_name":"TemplateToaster","article_publisher":"https:\/\/www.facebook.com\/TemplateToaster","og_image":[{"url":"https:\/\/templatetoaster.com\/wp-content\/uploads\/2017\/04\/multiple-language.png"}],"twitter_card":"summary_large_image","twitter_site":"@templatetoaster","twitter_misc":{"Ber\u00e4knad l\u00e4stid":"3 minuter"},"schema":{"@context":"https:\/\/schema.org","@graph":[{"@type":"WebPage","@id":"https:\/\/templatetoaster.com\/sv\/prestashop-theme-maker","url":"https:\/\/templatetoaster.com\/sv\/prestashop-theme-maker","name":"PrestaShop Theme Maker - TemplateToaster","isPartOf":{"@id":"https:\/\/templatetoaster.com\/#website"},"primaryImageOfPage":{"@id":"https:\/\/templatetoaster.com\/sv\/prestashop-theme-maker#primaryimage"},"image":{"@id":"https:\/\/templatetoaster.com\/sv\/prestashop-theme-maker#primaryimage"},"thumbnailUrl":"https:\/\/templatetoaster.com\/wp-content\/uploads\/2017\/04\/multiple-language.png","datePublished":"2018-04-13T13:07:08+00:00","dateModified":"2018-04-13T13:07:08+00:00","description":"TemplateToaster PrestaShop Theme Maker","breadcrumb":{"@id":"https:\/\/templatetoaster.com\/sv\/prestashop-theme-maker#breadcrumb"},"inLanguage":"sv-SE","potentialAction":[{"@type":"ReadAction","target":["https:\/\/templatetoaster.com\/sv\/prestashop-theme-maker"]}]},{"@type":"ImageObject","inLanguage":"sv-SE","@id":"https:\/\/templatetoaster.com\/sv\/prestashop-theme-maker#primaryimage","url":"https:\/\/templatetoaster.com\/wp-content\/uploads\/2017\/04\/multiple-language.png","contentUrl":"https:\/\/templatetoaster.com\/wp-content\/uploads\/2017\/04\/multiple-language.png"},{"@type":"BreadcrumbList","@id":"https:\/\/templatetoaster.com\/sv\/prestashop-theme-maker#breadcrumb","itemListElement":[{"@type":"ListItem","position":1,"name":"Home","item":"https:\/\/templatetoaster.com\/sv"},{"@type":"ListItem","position":2,"name":"PrestaShop Theme Maker"}]},{"@type":"WebSite","@id":"https:\/\/templatetoaster.com\/#website","url":"https:\/\/templatetoaster.com\/","name":"TemplateToaster","description":"","publisher":{"@id":"https:\/\/templatetoaster.com\/#organization"},"inLanguage":"sv-SE"},{"@type":"Organization","@id":"https:\/\/templatetoaster.com\/#organization","name":"TemplateToaster","url":"https:\/\/templatetoaster.com\/","logo":{"@type":"ImageObject","inLanguage":"sv-SE","@id":"https:\/\/templatetoaster.com\/#\/schema\/logo\/image\/","url":"https:\/\/templatetoaster.com\/wp-content\/uploads\/2019\/11\/TemplateToaster_Logo.jpg","contentUrl":"https:\/\/templatetoaster.com\/wp-content\/uploads\/2019\/11\/TemplateToaster_Logo.jpg","width":85,"height":85,"caption":"TemplateToaster"},"image":{"@id":"https:\/\/templatetoaster.com\/#\/schema\/logo\/image\/"},"sameAs":["https:\/\/www.facebook.com\/TemplateToaster","https:\/\/x.com\/templatetoaster","https:\/\/www.instagram.com\/templatetoaster\/","https:\/\/www.linkedin.com\/company\/templatetoaster\/","https:\/\/www.pinterest.com\/templatetoaster\/","https:\/\/www.youtube.com\/@TemplateToaster"]}]}},"_links":{"self":[{"href":"https:\/\/templatetoaster.com\/sv\/wp-json\/wp\/v2\/pages\/4288"}],"collection":[{"href":"https:\/\/templatetoaster.com\/sv\/wp-json\/wp\/v2\/pages"}],"about":[{"href":"https:\/\/templatetoaster.com\/sv\/wp-json\/wp\/v2\/types\/page"}],"author":[{"embeddable":true,"href":"https:\/\/templatetoaster.com\/sv\/wp-json\/wp\/v2\/users\/13434"}],"replies":[{"embeddable":true,"href":"https:\/\/templatetoaster.com\/sv\/wp-json\/wp\/v2\/comments?post=4288"}],"version-history":[{"count":1,"href":"https:\/\/templatetoaster.com\/sv\/wp-json\/wp\/v2\/pages\/4288\/revisions"}],"predecessor-version":[{"id":4289,"href":"https:\/\/templatetoaster.com\/sv\/wp-json\/wp\/v2\/pages\/4288\/revisions\/4289"}],"wp:attachment":[{"href":"https:\/\/templatetoaster.com\/sv\/wp-json\/wp\/v2\/media?parent=4288"}],"curies":[{"name":"wp","href":"https:\/\/api.w.org\/{rel}","templated":true}]}}