{"id":4286,"date":"2018-04-13T13:03:24","date_gmt":"2018-04-13T13:03:24","guid":{"rendered":"http:\/\/templatetoaster.com?page_id=4286"},"modified":"2019-06-27T09:30:30","modified_gmt":"2019-06-27T09:30:30","slug":"our-standards","status":"publish","type":"page","link":"https:\/\/templatetoaster.com\/sv\/our-standards","title":{"rendered":"V\u00e5ra standarder"},"content":{"rendered":"<div class=\"ttr_our_features_row_main row\">\n<h1 class=\"heading_border\" style=\"background-size: 335px 1px;\">V\u00e5ra standarder<\/h1>\n<div class=\"ttr_our_features_row row odd first\">\n<div class=\"container\">\n<div class=\"ttr_our_features_col col1\"><img decoding=\"async\" class=\"img-responsive center-block\" src=\"https:\/\/templatetoaster.com\/wp-content\/uploads\/2018\/10\/responsive-web-design.jpg\" alt=\"\" \/><\/div>\n<div class=\"ttr_our_features_col col2\">\n<h3 style=\"margin: 0px;\">Responsive Web Design<\/h3>\n<p style=\"padding-left: 0px;\">TemplateToaster st\u00f6der Responsive Web Design (RWD), vilket inneb\u00e4r att din webbplats ser bra ut p\u00e5 vilken enhet som helst, inklusive men inte begr\u00e4nsat till Apple-enheter, Android-enheter, Blackberry-enheter, Windows-telefoner, stora sk\u00e4rmar, sm\u00e5 tabletter, stora tabletter, station\u00e4ra datorer och s\u00e5 p\u00e5.<\/p>\n<\/div>\n<\/div>\n<\/div>\n<div class=\"ttr_our_features_row row even\">\n<div class=\"container\">\n<div class=\"ttr_our_features_col col1\">\n<h3 style=\"margin: 0px;\">Webbl\u00e4sarkompatibilitet<\/h3>\n<p>TemplateToaster st\u00f6der alla vanliga webbl\u00e4sare, inklusive men inte begr\u00e4nsat till Internet Explorer, Firefox, Chrome, Opera, Safari och alla mobila webbl\u00e4sare.\n<\/p><\/div>\n<div class=\"ttr_our_features_col col2\"><img decoding=\"async\" class=\"img-responsive center-block\" src=\"https:\/\/templatetoaster.com\/wp-content\/uploads\/2018\/10\/browser-compatibility.png\" alt=\"\" \/><\/div>\n<\/div>\n<\/div>\n<div class=\"ttr_our_features_row row odd\">\n<div class=\"container\">\n<div class=\"ttr_our_features_col col1\"><img decoding=\"async\" class=\"img-responsive center-block\" src=\"https:\/\/templatetoaster.com\/wp-content\/uploads\/2018\/10\/bootstrap-framework-support.png\" alt=\"\" \/><\/div>\n<div class=\"ttr_our_features_col col2\">\n<h3 style=\"margin: 0px;\">Bootstrap Framework Support<\/h3>\n<p>TemplateToaster st\u00f6der nu BootStrap, inneb\u00e4r att alla genererade mallar, teman och webbplatser kommer att vara BootStrap-baserade. Du kan ocks\u00e5 \u00e4ndra alla standard BootStrap-kontroller direkt i TemplateToaster.<\/p>\n<\/div>\n<\/div>\n<\/div>\n<div class=\"ttr_our_features_row row even\">\n<div class=\"container\">\n<div class=\"ttr_our_features_col col1\">\n<h3 style=\"margin: 0px;\">Dot Net och WPF-baserad programvara<\/h3>\n<p>TemplateToaster garanterar en perfekt blandning av prestanda och standardisering, utformad med industristandard Microsoft Dot Net- och WPF-ramar.<\/p>\n<\/div>\n<div class=\"ttr_our_features_col col2\"><img decoding=\"async\" class=\"img-responsive center-block\" src=\"https:\/\/templatetoaster.com\/wp-content\/uploads\/2018\/10\/dot-net-and-wpf-based-software.png\" alt=\"\" \/><\/div>\n<\/div>\n<\/div>\n<div class=\"ttr_our_features_row row odd\">\n<div class=\"container\">\n<div class=\"ttr_our_features_col col1\"><img decoding=\"async\" class=\"img-responsive center-block\" src=\"https:\/\/templatetoaster.com\/wp-content\/uploads\/2018\/10\/high-page-speed.png\" alt=\"\" \/><\/div>\n<div class=\"ttr_our_features_col col2\">\n<h3 style=\"margin: 0px;\">H\u00f6g sidhastighet<\/h3>\n<p>TemplateToaster implementerar de senaste branschstandarderna f\u00f6r att \u00f6ka sidhastigheten f\u00f6r mall \/ teman \/ webbsidan. Du kan kontrollera sidhastigheten f\u00f6r TemplateToaster.com med hj\u00e4lp av Google Page Speed eller Pingdom-verktyget<\/p>\n<\/div>\n<\/div>\n<\/div>\n<div class=\"ttr_our_features_row row even\">\n<div class=\"container\">\n<div class=\"ttr_our_features_col col1\">\n<h3 style=\"margin: 0px;\">WordPress Theme Kontrollera Plugin Pass<\/h3>\n<p>WordPress-teman som \u00e4r utformade i TemplateToaster Pass WordPress Tema Check Plugin inneb\u00e4r att de WordPress-teman du designar i TemplateToaster \u00e4r fria fr\u00e5n fel och \u00e4r av h\u00f6gkvalitativ branschstandardkod.<\/p>\n<\/div>\n<div class=\"ttr_our_features_col col2\"><img decoding=\"async\" class=\"img-responsive center-block\" src=\"https:\/\/templatetoaster.com\/wp-content\/uploads\/2018\/10\/wordpress-theme-check-plugin-pass.png\" alt=\"\" \/><\/div>\n<\/div>\n<\/div>\n<div class=\"ttr_our_features_row row odd\">\n<div class=\"container\">\n<div class=\"ttr_our_features_col col1\"><img decoding=\"async\" class=\"img-responsive center-block drop_drag\" src=\"https:\/\/templatetoaster.com\/wp-content\/uploads\/2018\/10\/w3c-valid-output.png\" alt=\"\" \/><\/div>\n<div class=\"ttr_our_features_col col2\">\n<h3 style=\"margin: 0px;\">W3C Giltig Output<\/h3>\n<p>TemplateToaster genererar industristandard HTML5 \/ CSS3 som passerar W3C-standarderna.<\/p>\n<\/div>\n<\/div>\n<\/div>\n<div class=\"ttr_our_features_row row even\">\n<div class=\"container\">\n<div class=\"ttr_our_features_col col1\">\n<h3 style=\"margin: 0px;\">WordPress Theme Coding Standards<\/h3>\n<p>Du kanske alla \u00e4r bekanta med WordPress Theme Coding rekommendationer, riktlinjer och standarder. En av <a href=\"https:\/\/wordpress.org\/themes\/templatetoaster\/\"> TemplateToaster Theme <\/a> finns i WordPress-f\u00f6rvaret, nu kan du gissa hur h\u00f6g kvalitet utmatningen fr\u00e5n TemplateToaster \u00e4r.<\/p>\n<\/div>\n<div class=\"ttr_our_features_col col2\"><img decoding=\"async\" class=\"img-responsive center-block\" src=\"https:\/\/templatetoaster.com\/wp-content\/uploads\/2018\/10\/wordpress-theme-coding-standards.png\" alt=\"\" \/><\/div>\n<\/div>\n<\/div>\n<div class=\"ttr_our_features_row_button row\">\n<div class=\"container\"><a class=\"btn download_button btn-feature\" href=\"https:\/\/templatetoaster.com\/sv\/download\">Ladda ner gratis prov<\/a><\/div>\n<\/div>\n<\/div>\n","protected":false},"excerpt":{"rendered":"<p>V\u00e5ra standarder Responsive Web Design TemplateToaster st\u00f6der Responsive Web Design (RWD), vilket inneb\u00e4r att din webbplats ser bra ut p\u00e5 vilken enhet som helst, inklusive men inte begr\u00e4nsat till Apple-enheter, Android-enheter, Blackberry-enheter, Windows-telefoner, stora sk\u00e4rmar, sm\u00e5 tabletter, stora tabletter, station\u00e4ra &hellip; <a href=\"https:\/\/templatetoaster.com\/sv\/our-standards\">Continue Reading<span class=\"meta-nav\">&rarr;<\/span><\/a><\/p>\n","protected":false},"author":13434,"featured_media":0,"parent":0,"menu_order":0,"comment_status":"closed","ping_status":"closed","template":"","meta":{"footnotes":""},"yoast_head":"<!-- This site is optimized with the Yoast SEO plugin v23.5 - https:\/\/yoast.com\/wordpress\/plugins\/seo\/ -->\n<title>V\u00e5ra standarder - TemplateToaster<\/title>\n<meta name=\"description\" content=\"TemplateToaster standarder\" \/>\n<meta name=\"robots\" content=\"index, follow, max-snippet:-1, max-image-preview:large, max-video-preview:-1\" \/>\n<link rel=\"canonical\" href=\"https:\/\/templatetoaster.com\/sv\/our-standards\" \/>\n<meta property=\"og:locale\" content=\"sv_SE\" \/>\n<meta property=\"og:type\" content=\"article\" \/>\n<meta property=\"og:title\" content=\"V\u00e5ra standarder - TemplateToaster\" \/>\n<meta property=\"og:description\" content=\"TemplateToaster standarder\" \/>\n<meta property=\"og:url\" content=\"https:\/\/templatetoaster.com\/sv\/our-standards\" \/>\n<meta property=\"og:site_name\" content=\"TemplateToaster\" \/>\n<meta property=\"article:publisher\" content=\"https:\/\/www.facebook.com\/TemplateToaster\" \/>\n<meta property=\"article:modified_time\" content=\"2019-06-27T09:30:30+00:00\" \/>\n<meta property=\"og:image\" content=\"https:\/\/templatetoaster.com\/wp-content\/uploads\/2018\/10\/responsive-web-design.jpg\" \/>\n<meta name=\"twitter:card\" content=\"summary_large_image\" \/>\n<meta name=\"twitter:site\" content=\"@templatetoaster\" \/>\n<meta name=\"twitter:label1\" content=\"Ber\u00e4knad l\u00e4stid\" \/>\n\t<meta name=\"twitter:data1\" content=\"1 minut\" \/>\n<script type=\"application\/ld+json\" class=\"yoast-schema-graph\">{\"@context\":\"https:\/\/schema.org\",\"@graph\":[{\"@type\":\"WebPage\",\"@id\":\"https:\/\/templatetoaster.com\/sv\/our-standards\",\"url\":\"https:\/\/templatetoaster.com\/sv\/our-standards\",\"name\":\"V\u00e5ra standarder - TemplateToaster\",\"isPartOf\":{\"@id\":\"https:\/\/templatetoaster.com\/#website\"},\"primaryImageOfPage\":{\"@id\":\"https:\/\/templatetoaster.com\/sv\/our-standards#primaryimage\"},\"image\":{\"@id\":\"https:\/\/templatetoaster.com\/sv\/our-standards#primaryimage\"},\"thumbnailUrl\":\"https:\/\/templatetoaster.com\/wp-content\/uploads\/2018\/10\/responsive-web-design.jpg\",\"datePublished\":\"2018-04-13T13:03:24+00:00\",\"dateModified\":\"2019-06-27T09:30:30+00:00\",\"description\":\"TemplateToaster standarder\",\"breadcrumb\":{\"@id\":\"https:\/\/templatetoaster.com\/sv\/our-standards#breadcrumb\"},\"inLanguage\":\"sv-SE\",\"potentialAction\":[{\"@type\":\"ReadAction\",\"target\":[\"https:\/\/templatetoaster.com\/sv\/our-standards\"]}]},{\"@type\":\"ImageObject\",\"inLanguage\":\"sv-SE\",\"@id\":\"https:\/\/templatetoaster.com\/sv\/our-standards#primaryimage\",\"url\":\"https:\/\/templatetoaster.com\/wp-content\/uploads\/2018\/10\/responsive-web-design.jpg\",\"contentUrl\":\"https:\/\/templatetoaster.com\/wp-content\/uploads\/2018\/10\/responsive-web-design.jpg\"},{\"@type\":\"BreadcrumbList\",\"@id\":\"https:\/\/templatetoaster.com\/sv\/our-standards#breadcrumb\",\"itemListElement\":[{\"@type\":\"ListItem\",\"position\":1,\"name\":\"Home\",\"item\":\"https:\/\/templatetoaster.com\/sv\"},{\"@type\":\"ListItem\",\"position\":2,\"name\":\"V\u00e5ra standarder\"}]},{\"@type\":\"WebSite\",\"@id\":\"https:\/\/templatetoaster.com\/#website\",\"url\":\"https:\/\/templatetoaster.com\/\",\"name\":\"TemplateToaster\",\"description\":\"\",\"publisher\":{\"@id\":\"https:\/\/templatetoaster.com\/#organization\"},\"inLanguage\":\"sv-SE\"},{\"@type\":\"Organization\",\"@id\":\"https:\/\/templatetoaster.com\/#organization\",\"name\":\"TemplateToaster\",\"url\":\"https:\/\/templatetoaster.com\/\",\"logo\":{\"@type\":\"ImageObject\",\"inLanguage\":\"sv-SE\",\"@id\":\"https:\/\/templatetoaster.com\/#\/schema\/logo\/image\/\",\"url\":\"https:\/\/templatetoaster.com\/wp-content\/uploads\/2019\/11\/TemplateToaster_Logo.jpg\",\"contentUrl\":\"https:\/\/templatetoaster.com\/wp-content\/uploads\/2019\/11\/TemplateToaster_Logo.jpg\",\"width\":85,\"height\":85,\"caption\":\"TemplateToaster\"},\"image\":{\"@id\":\"https:\/\/templatetoaster.com\/#\/schema\/logo\/image\/\"},\"sameAs\":[\"https:\/\/www.facebook.com\/TemplateToaster\",\"https:\/\/x.com\/templatetoaster\",\"https:\/\/www.instagram.com\/templatetoaster\/\",\"https:\/\/www.linkedin.com\/company\/templatetoaster\/\",\"https:\/\/www.pinterest.com\/templatetoaster\/\",\"https:\/\/www.youtube.com\/@TemplateToaster\"]}]}<\/script>\n<!-- \/ Yoast SEO plugin. -->","yoast_head_json":{"title":"V\u00e5ra standarder - TemplateToaster","description":"TemplateToaster standarder","robots":{"index":"index","follow":"follow","max-snippet":"max-snippet:-1","max-image-preview":"max-image-preview:large","max-video-preview":"max-video-preview:-1"},"canonical":"https:\/\/templatetoaster.com\/sv\/our-standards","og_locale":"sv_SE","og_type":"article","og_title":"V\u00e5ra standarder - TemplateToaster","og_description":"TemplateToaster standarder","og_url":"https:\/\/templatetoaster.com\/sv\/our-standards","og_site_name":"TemplateToaster","article_publisher":"https:\/\/www.facebook.com\/TemplateToaster","article_modified_time":"2019-06-27T09:30:30+00:00","og_image":[{"url":"https:\/\/templatetoaster.com\/wp-content\/uploads\/2018\/10\/responsive-web-design.jpg"}],"twitter_card":"summary_large_image","twitter_site":"@templatetoaster","twitter_misc":{"Ber\u00e4knad l\u00e4stid":"1 minut"},"schema":{"@context":"https:\/\/schema.org","@graph":[{"@type":"WebPage","@id":"https:\/\/templatetoaster.com\/sv\/our-standards","url":"https:\/\/templatetoaster.com\/sv\/our-standards","name":"V\u00e5ra standarder - TemplateToaster","isPartOf":{"@id":"https:\/\/templatetoaster.com\/#website"},"primaryImageOfPage":{"@id":"https:\/\/templatetoaster.com\/sv\/our-standards#primaryimage"},"image":{"@id":"https:\/\/templatetoaster.com\/sv\/our-standards#primaryimage"},"thumbnailUrl":"https:\/\/templatetoaster.com\/wp-content\/uploads\/2018\/10\/responsive-web-design.jpg","datePublished":"2018-04-13T13:03:24+00:00","dateModified":"2019-06-27T09:30:30+00:00","description":"TemplateToaster standarder","breadcrumb":{"@id":"https:\/\/templatetoaster.com\/sv\/our-standards#breadcrumb"},"inLanguage":"sv-SE","potentialAction":[{"@type":"ReadAction","target":["https:\/\/templatetoaster.com\/sv\/our-standards"]}]},{"@type":"ImageObject","inLanguage":"sv-SE","@id":"https:\/\/templatetoaster.com\/sv\/our-standards#primaryimage","url":"https:\/\/templatetoaster.com\/wp-content\/uploads\/2018\/10\/responsive-web-design.jpg","contentUrl":"https:\/\/templatetoaster.com\/wp-content\/uploads\/2018\/10\/responsive-web-design.jpg"},{"@type":"BreadcrumbList","@id":"https:\/\/templatetoaster.com\/sv\/our-standards#breadcrumb","itemListElement":[{"@type":"ListItem","position":1,"name":"Home","item":"https:\/\/templatetoaster.com\/sv"},{"@type":"ListItem","position":2,"name":"V\u00e5ra standarder"}]},{"@type":"WebSite","@id":"https:\/\/templatetoaster.com\/#website","url":"https:\/\/templatetoaster.com\/","name":"TemplateToaster","description":"","publisher":{"@id":"https:\/\/templatetoaster.com\/#organization"},"inLanguage":"sv-SE"},{"@type":"Organization","@id":"https:\/\/templatetoaster.com\/#organization","name":"TemplateToaster","url":"https:\/\/templatetoaster.com\/","logo":{"@type":"ImageObject","inLanguage":"sv-SE","@id":"https:\/\/templatetoaster.com\/#\/schema\/logo\/image\/","url":"https:\/\/templatetoaster.com\/wp-content\/uploads\/2019\/11\/TemplateToaster_Logo.jpg","contentUrl":"https:\/\/templatetoaster.com\/wp-content\/uploads\/2019\/11\/TemplateToaster_Logo.jpg","width":85,"height":85,"caption":"TemplateToaster"},"image":{"@id":"https:\/\/templatetoaster.com\/#\/schema\/logo\/image\/"},"sameAs":["https:\/\/www.facebook.com\/TemplateToaster","https:\/\/x.com\/templatetoaster","https:\/\/www.instagram.com\/templatetoaster\/","https:\/\/www.linkedin.com\/company\/templatetoaster\/","https:\/\/www.pinterest.com\/templatetoaster\/","https:\/\/www.youtube.com\/@TemplateToaster"]}]}},"_links":{"self":[{"href":"https:\/\/templatetoaster.com\/sv\/wp-json\/wp\/v2\/pages\/4286"}],"collection":[{"href":"https:\/\/templatetoaster.com\/sv\/wp-json\/wp\/v2\/pages"}],"about":[{"href":"https:\/\/templatetoaster.com\/sv\/wp-json\/wp\/v2\/types\/page"}],"author":[{"embeddable":true,"href":"https:\/\/templatetoaster.com\/sv\/wp-json\/wp\/v2\/users\/13434"}],"replies":[{"embeddable":true,"href":"https:\/\/templatetoaster.com\/sv\/wp-json\/wp\/v2\/comments?post=4286"}],"version-history":[{"count":3,"href":"https:\/\/templatetoaster.com\/sv\/wp-json\/wp\/v2\/pages\/4286\/revisions"}],"predecessor-version":[{"id":34227,"href":"https:\/\/templatetoaster.com\/sv\/wp-json\/wp\/v2\/pages\/4286\/revisions\/34227"}],"wp:attachment":[{"href":"https:\/\/templatetoaster.com\/sv\/wp-json\/wp\/v2\/media?parent=4286"}],"curies":[{"name":"wp","href":"https:\/\/api.w.org\/{rel}","templated":true}]}}