{"id":4281,"date":"2018-04-13T12:53:55","date_gmt":"2018-04-13T12:53:55","guid":{"rendered":"http:\/\/templatetoaster.com?page_id=4281"},"modified":"2019-08-19T12:11:38","modified_gmt":"2019-08-19T12:11:38","slug":"opencart-theme-builder","status":"publish","type":"page","link":"https:\/\/templatetoaster.com\/sv\/opencart-theme-builder","title":{"rendered":"OpenCart Theme Builder"},"content":{"rendered":"<div class=\"remove_collapsing_margins\"><\/div>\n<div class=\"section1 wp-theme-generator\">\n<div style=\"margin: 115px 0 16px;\">\n<h1>En kraftfull Opencart Theme Builder Software<\/h1>\n<p class=\"text-center\">Teman som verkligen formar din e-handel butik. Du beh\u00f6ver inte koda n\u00e5got! N\u00e5gonsin.<\/p>\n<p>&nbsp;<\/p>\n<div style=\"text-align: center;\"><a class=\"btn download_btn\" href=\"https:\/\/templatetoaster.com\/sv\/download\">Ladda ner nu<\/a><\/div>\n<div class=\"clearfix\"><\/div>\n<\/div>\n<\/div>\n<p><!--- What is TemplateToaster Section ---><\/p>\n<div class=\"section2 wp-theme-generator\">\n<div class=\"section2-inner\">\n<h2>Varf\u00f6r anv\u00e4nda TemplateToaster som Open Theme Creator?<\/h2>\n<p>Skapa h\u00e4pnadsv\u00e4ckande teman f\u00f6r Opencart hemsida p\u00e5 n\u00e5gra minuter. Ingen kodning f\u00e4rdigheter som kr\u00e4vs! l\u00e4tt att dra &amp; Drop anv\u00e4ndargr\u00e4nssnitt f\u00f6r att utforma teman som skriker h\u00f6gt f\u00f6r bes\u00f6karna. G\u00f6r intryck med din webbplats som f\u00f6rvandla dina bes\u00f6kare till k\u00f6pare!<\/p>\n<\/div>\n<\/div>\n<p><!---- section 3 starts ---><\/p>\n<div class=\"section3 wp-theme-generator\">\n<div class=\"section3-inner\">\n<h2>Hur det fungerar?<\/h2>\n<div class=\"row\">\n<div class=\"col-lg-4 col-md-4 col-sm-6 col-xs-12\">\n<div class=\"media\">\n<div class=\"landing_page_svg\" style=\"background-position: 20px -690px; display: block; height: 115px; margin: auto; width: 142px;\"><\/div>\n<h3 class=\"text-center\">L\u00e5t oss b\u00f6rja designa med TemplateToaster!<\/h3>\n<p class=\"text-center\">Njut av obegr\u00e4nsad provversion av programvaran efter att du ladda ner det. F\u00e5 tillg\u00e5ng till alla funktioner! Du har klivit in i v\u00e4rlden d\u00e4r du \u00e4ger makt att utforma med l\u00e4tthet!<\/p>\n<\/div>\n<\/div>\n<div class=\"clearfix visible-xs-block\"><\/div>\n<div class=\"col-lg-4 col-md-4 col-sm-6 col-xs-12\">\n<div class=\"media\">\n<div class=\"landing_page_svg\" style=\"background-position: -115px -690px; display: block; height: 115px; margin: auto; width: 142px;\"><\/div>\n<h3 class=\"text-center\">Dra &amp; Sl\u00e4ppa. Skr\u00e4ddarsy i minuter!<\/h3>\n<p class=\"text-center\">Du har m\u00f6jlighet att v\u00e4lja fr\u00e5n pre mallar eller b\u00f6rja om fr\u00e5n b\u00f6rjan! denna Drag &amp; Drop Open tema skapare kan du designa som ett proffs ingen kodning kunskap kr\u00e4vs!<\/p>\n<\/div>\n<\/div>\n<div class=\"clearfix visible-sm-block visible-xs-block\"><\/div>\n<div class=\"col-lg-4 col-md-4 col-sm-6 col-xs-12\">\n<div class=\"media\">\n<div class=\"landing_page_svg\" style=\"background-position: -240px -690px; display: block; height: 115px; margin: auto; width: 142px;\"><\/div>\n<h3 class=\"text-center\">Din Open Store, alla Decked upp!<\/h3>\n<p class=\"text-center\">N\u00f6jd med vad du utformat? \u00d6vertygade med varje teeny detalj? Ladda upp och installera nydesignade tema i ett par klick. H\u00e4r \u00e4r din Opencart butik, alla dekorerad upp!<\/p>\n<\/div>\n<\/div>\n<div class=\"clearfix visible-lg-block visible-md-block visible-sm-block visible-xs-block\"><\/div>\n<\/div>\n<\/div>\n<\/div>\n<div class=\"section4 wp-theme-generator\">\n<h2 style=\"text-transform: none;\">Dragen av TemplateToaster som Opencart Theme Maker<\/h2>\n<p class=\"section4-paragraph\">Fullt f\u00f6rst\u00e4rkt med n\u00e5gra kraftfulla funktioner, TemplateToaster kan du designa avancerade teman.<\/p>\n<div class=\"row\">\n<div class=\"col-lg-4 col-md-4 col-sm-6 col-sx-12\">\n<div style=\"padding: 20px;\">\n<div class=\"text-center\">\n<div class=\"wp_feature landing_page_svg\" style=\"margin-right: 10px; display: inline-block; float: none; vertical-align: middle; background-position: -170px -1375px;\"><\/div>\n<\/div>\n<h3 style=\"margin: 20px 0px 10px; text-align: center;\">menyn Logo<\/h3>\n<p class=\"text-center\">Vad \u00e4r mer anm\u00e4rkningsv\u00e4rt \u00e4n att l\u00e4gga din butik logotyp p\u00e5 menyn p\u00e5 webbplatsen! Tills nu, du hade m\u00f6jlighet att placera ditt varum\u00e4rke logotyp p\u00e5 Header endast. Men, med TemplateToaster, \u00f6ka branding aspekten av din webbplats med denna unika och en av sitt slag funktion.<\/p>\n<\/div>\n<\/div>\n<div class=\"clearfix visible-xs-block\"><\/div>\n<div class=\"col-lg-4 col-md-4 col-sm-6 col-sx-12\">\n<div style=\"padding: 20px;\">\n<div class=\"text-center\">\n<div class=\"wp_feature landing_page_svg\" style=\"margin-right: 10px; display: inline-block; float: none; vertical-align: middle; background-position: -90px -1370px;\"><\/div>\n<\/div>\n<h3 style=\"margin: 20px 0 10px; text-align: center;\">kompatibla versioner<\/h3>\n<p class=\"text-center\">Teman utformade med TemplateToaster \u00e4r fullt kompatibla med Opencart versioner 2.1, 2.2 &amp; 2.3. Teman, som skapas \u00e4r kompatibla med k\u00e4rn funktionerna i dessa versioner av Opencart. Det \u00e4r v\u00e5r str\u00e4van att h\u00e5lla TemplateToaster up-to-date. Alltid!<\/p>\n<\/div>\n<\/div>\n<div class=\"clearfix visible-sm-block visible-xs-block\"><\/div>\n<div class=\"col-md-4 col-sm-6 col-sx-12\">\n<div style=\"padding: 20px;\">\n<div class=\"text-center\">\n<div class=\"wp_feature landing_page_svg\" style=\"margin-right: 10px; display: inline-block; float: none; vertical-align: middle; background-position: -18px -1374px;\"><\/div>\n<\/div>\n<h3 style=\"margin: 20px 0 10px; text-align: center;\">Multi-Product Grid Styling<\/h3>\n<p class=\"text-center\">Visa produkter som du vill, antingen i list-vy eller i rutn\u00e4t-view. I denna Opencart tema skapare, stilisera gallersidan multi-produkt s\u00e5 att det ser mer attraktiv och personlig! V\u00e4lj mellan en rad olika teckensnitt f\u00e4rger &amp; typer, bakgrundsf\u00e4rger och mer!<\/p>\n<\/div>\n<\/div>\n<div class=\"clearfix visible-lg-block visible-md-block visible-xs-block\"><\/div>\n<div class=\"col-md-4 col-sm-6 col-sx-12\">\n<div style=\"padding: 20px;\">\n<div class=\"text-center\">\n<div class=\"wp_feature landing_page_svg\" style=\"margin-right: 10px; display: inline-block; float: none; vertical-align: middle; background-position: -288px -1020px;\"><\/div>\n<\/div>\n<h3 style=\"margin: 20px 0 10px; text-align: center;\">kassan<\/h3>\n<p class=\"text-center\">F\u00f6rh\u00e4xat dina bes\u00f6kare genom styling kassan sida p\u00e5 din Opencart butik. Ge anpassad bakgrundsf\u00e4rg p\u00e5 sidan samt \u00e4ndra f\u00e4rg, typsnitt, F\u00e4rg, inneh\u00e5ll etc. av de expandrar (Kassa Alternativ, Faktureringsinformation etc.) f\u00f6r att matcha utseendet &amp; k\u00e4nslan av din butik tema.<\/p>\n<\/div>\n<\/div>\n<div class=\"clearfix visible-sm-block visible-xs-block\"><\/div>\n<div class=\"col-md-4 col-sm-6 col-sx-12\">\n<div style=\"padding: 20px;\">\n<div class=\"text-center\">\n<div class=\"wp_feature landing_page_svg\" style=\"margin-right: 10px; display: inline-block; float: none; vertical-align: middle; background-position: -293px -1168px;\"><\/div>\n<\/div>\n<h3 style=\"margin: 20px 0 10px; text-align: center;\">Produkt Page Styling<\/h3>\n<p class=\"text-center\">Styling produkt sidan \u00e4r en barnlek att anv\u00e4nda TemplateToaster som Opencart tema skapare. Bara \u00e4ndra teckenf\u00e4rg och stil, bakgrundsf\u00e4rg etc. att g\u00f6ra sidan mer tilltalande f\u00f6r bes\u00f6karna. Du kan \u00e4ven stilisera Storlek, F\u00e4rg och Kvantitet flikar!<\/p>\n<\/div>\n<\/div>\n<div class=\"clearfix visible-xs-block\"><\/div>\n<div class=\"col-md-4 col-sm-6 col-sx-12\">\n<div style=\"padding: 20px;\">\n<div class=\"text-center\">\n<div class=\"wp_feature landing_page_svg\" style=\"float: none; height: 52px; vertical-align: middle; width: 44px; display: inline-block; background-position: -160px -815px;\"><\/div>\n<\/div>\n<h3 style=\"margin: 20px 0 10px; text-align: center;\">Modul positioner<\/h3>\n<p class=\"text-center\">Snabbt skapa anpassad modul positioner i Opencart teman, f\u00f6r avancerade funktioner! P\u00e5 en ljus sida, du kan anpassa dem med bakgrundsbilder, gradient eller f\u00e4rg. Obegr\u00e4nsade positioner kan definieras f\u00f6r anpassade moduler som ovan och under menyn, sidhuvud, sidfot, sidof\u00e4lt etc.<\/p>\n<\/div>\n<\/div>\n<div class=\"clearfix visible-lg-block visible-md-block visible-sm-block visible-xs-block\"><\/div>\n<\/div>\n<\/div>\n<p><!--Section Features with WP--><\/p>\n<div class=\"section5 wp-theme-generator\" style=\"padding: 70px 10px; margin-bottom: 2px;\">\n<div style=\"margin: 40px 0px 20px;\">\n<h2 style=\"margin-bottom: 65px; text-transform: none;\">Hotellet erbjuder m\u00e5nga olika TemplateToaster<\/h2>\n<div class=\"feature_with_wp row\">\n<div class=\"col-lg-4 col-md-4 col-sm-4 col-xs-6\">\n<div class=\"feature_wpimg\"><img decoding=\"async\" class=\"img-responsive\" src=\"https:\/\/templatetoaster.com\/wp-content\/uploads\/2017\/04\/multiple-language.png\" alt=\"St\u00f6d f\u00f6r flera spr\u00e5k\" \/><\/div>\n<\/div>\n<div class=\"col-lg-4 col-md-4 col-sm-4 col-xs-6\">\n<div class=\"feature_wpimg\"><img decoding=\"async\" class=\"img-responsive\" src=\"https:\/\/templatetoaster.com\/wp-content\/uploads\/2017\/04\/mobile-optimization.png\" alt=\"mobil optimering\" \/><\/div>\n<\/div>\n<div class=\"clearfix visible-xs-block\"><\/div>\n<div class=\"col-lg-4 col-md-4 col-sm-4 col-xs-6\">\n<div class=\"feature_wpimg\"><img decoding=\"async\" class=\"img-responsive\" src=\"https:\/\/templatetoaster.com\/wp-content\/uploads\/2017\/04\/drag-drop.png\" alt=\"Dra och sl\u00e4pp\" \/><\/div>\n<\/div>\n<div class=\"clearfix visible-lg-block visible-md-block visible-sm-block\"><\/div>\n<div class=\"col-lg-4 col-md-4 col-sm-4 col-xs-6\">\n<div class=\"feature_wpimg\"><img decoding=\"async\" class=\"img-responsive\" src=\"https:\/\/templatetoaster.com\/wp-content\/uploads\/2017\/04\/demo-templats.png\" alt=\"demo teman\" \/><\/div>\n<\/div>\n<div class=\"clearfix visible-xs-block\"><\/div>\n<div class=\"col-lg-4 col-md-4 col-sm-4 col-xs-6\">\n<div class=\"feature_wpimg\"><img decoding=\"async\" class=\"img-responsive\" src=\"https:\/\/templatetoaster.com\/wp-content\/uploads\/2017\/04\/mega-menu.png\" alt=\"Mega Menu\" \/><\/div>\n<\/div>\n<div class=\"col-lg-4 col-md-4 col-sm-4 col-xs-6\">\n<div class=\"feature_wpimg\"><img decoding=\"async\" class=\"img-responsive\" src=\"https:\/\/templatetoaster.com\/wp-content\/uploads\/2017\/04\/right-to-left.png\" alt=\"H\u00f6ger till v\u00e4nster\" \/><\/div>\n<\/div>\n<div class=\"clearfix visible-lg-block visible-md-block visible-sm-block visible-xs-block\"><\/div>\n<div class=\"col-lg-4 col-md-4 col-sm-4 col-xs-6\">\n<div class=\"feature_wpimg\"><img decoding=\"async\" class=\"img-responsive\" src=\"https:\/\/templatetoaster.com\/wp-content\/uploads\/2017\/04\/amazing-slideshow.png\" alt=\"fantastiska bildspel\" \/><\/div>\n<\/div>\n<div class=\"col-lg-4 col-md-4 col-sm-4 col-xs-6\">\n<div class=\"feature_wpimg\"><img decoding=\"async\" class=\"img-responsive\" src=\"https:\/\/templatetoaster.com\/wp-content\/uploads\/2017\/04\/zero-coding.png\" alt=\"Zero Kodning\" \/><\/div>\n<\/div>\n<div class=\"clearfix visible-xs-block\"><\/div>\n<div class=\"col-lg-4 col-md-4 col-sm-4 col-xs-6\">\n<div class=\"feature_wpimg\"><img decoding=\"async\" class=\"img-responsive\" src=\"https:\/\/templatetoaster.com\/wp-content\/uploads\/2017\/04\/custom-css.png\" alt=\"Anpassad CSS, JS och PHP\" \/><\/div>\n<\/div>\n<div class=\"clearfix visible-lg-block visible-md-block visible-sm-block visible-xs-block\"><\/div>\n<\/div>\n<\/div>\n<\/div>\n<p><!--Section Gallery--><\/p>\n<div class=\"section7 wp-theme-generator\" style=\"padding: 100px 10px; background-color: #f1f4f8; margin-bottom: 2px;\">\n<h2 style=\"text-transform: none;\">V\u00e5r standard<\/h2>\n<div class=\"row\">\n<div class=\"col-lg-4 col-md-4 col-sm-6 col-xs-12\">\n<div style=\"padding: 20px;\">\n<div class=\"text-center\">\n<div class=\"wp_feature landing_page_svg\" style=\"margin-right: 10px; display: inline-block; float: none; vertical-align: middle; background-position: -75px -153px; width: 75px;\"><\/div>\n<\/div>\n<h3 style=\"margin: 20px 0px 10px; text-align: center;\">W3C validering<\/h3>\n<p class=\"text-center\">Open teman som skapats med TemplateToaster \u00e4r i enlighet med internationella normer och W3C giltigt. D\u00e4rav, optimal webbplats display och s\u00f6ka f\u00f6rdelar motor.<\/p>\n<\/div>\n<\/div>\n<div class=\"clearfix visible-xs-block\"><\/div>\n<div class=\"col-lg-4 col-md-4 col-sm-6 col-xs-12\">\n<div style=\"padding: 20px;\">\n<div class=\"text-center\">\n<div class=\"wp_feature landing_page_svg\" style=\"margin-right: 10px; display: inline-block; float: none; vertical-align: middle; background-position: -165px -153px; width: 65px;\"><\/div>\n<\/div>\n<h3 style=\"margin: 20px 0 10px; text-align: center;\">HTML5 &amp; CSS3 Standards<\/h3>\n<p class=\"text-center\">TemplateToaster programvara st\u00e5r fast vid HTML5 och CSS3 standarder. Den st\u00f6der mer multimediainriktad webbsidor och avancerade stylingm\u00f6jligheter.<\/p>\n<\/div>\n<\/div>\n<div class=\"clearfix visible-sm-block visible-xs-block\"><\/div>\n<div class=\"col-lg-4 col-md-4 col-sm-6 col-xs-12\">\n<div style=\"padding: 20px;\">\n<div class=\"text-center\">\n<div class=\"wp_feature landing_page_svg\" style=\"margin-right: 10px; display: inline-block; float: none; vertical-align: middle; background-position: -260px -147px; width: 65px;\"><\/div>\n<\/div>\n<h3 style=\"margin: 20px 0 10px; text-align: center;\">H\u00f6ghastighets webbsidor<\/h3>\n<p class=\"text-center\">De optimala webbsida lastresulterar i den b\u00e4sta anv\u00e4ndarupplevelse. F\u00f6rutom b\u00e4ttre UX, allt du f\u00e5r \u00e4r b\u00e4ttre kvalitetsresultat som \u00e4r lika med st\u00f6rre r\u00e4ckvidd.<\/p>\n<\/div>\n<\/div>\n<div class=\"clearfix visible-lg-block visible-md-block visible-xs-block\"><\/div>\n<\/div>\n<\/div>\n<p><!---- section 6 starts ---><\/p>\n<div class=\"section6 wp-theme-generator\" style=\"padding: 50px 10px;\">\n<div style=\"margin: 70px 0px 20px;\">\n<h2>St\u00f6djer alla stora CMS<\/h2>\n<div class=\"section-center\" style=\"padding-bottom: 50px;\">\n<div class=\"main-cms-section\">\n<div class=\"cms-section\">\n<div class=\"text-center\">\n<div class=\"wp_feature landing_page_svg\" style=\"width: 120px; height: 120px; background-position: -145px -1165px;\"><\/div>\n<\/div>\n<\/div>\n<\/div>\n<div class=\"other-cms-section\">\n<div class=\"cms-section\">\n<div class=\"text-center\">\n<div class=\"wp_feature landing_page_svg\" style=\"width: 110px; height: 100px; background-position: -100px -596px;\"><\/div>\n<\/div>\n<\/div>\n<div class=\"cms-section\">\n<div class=\"text-center\">\n<div class=\"wp_feature landing_page_svg\" style=\"width: 130px; height: 100px; background-position: -212px -596px;\"><\/div>\n<\/div>\n<\/div>\n<div class=\"cms-section\">\n<div class=\"text-center\">\n<div class=\"wp_feature landing_page_svg\" style=\"width: 90px; height: 102px; background-position: -250px -377px;\"><\/div>\n<\/div>\n<\/div>\n<div class=\"cms-section\">\n<div class=\"text-center\">\n<div class=\"wp_feature landing_page_svg\" style=\"width: 100px; height: 102px; background-position: -160px -377px;\"><\/div>\n<\/div>\n<\/div>\n<div class=\"cms-section\">\n<div class=\"text-center\">\n<div class=\"wp_feature landing_page_svg\" style=\"width: 90px; height: 120px; background-position: 12px -359px;\"><\/div>\n<\/div>\n<\/div>\n<div class=\"cms-section\">\n<div class=\"text-center\">\n<div class=\"wp_feature landing_page_svg\" style=\"width: 110px; height: 100px; background-position: -240px -495px;\"><\/div>\n<\/div>\n<\/div>\n<div class=\"cms-section\">\n<div class=\"text-center\">\n<div class=\"wp_feature landing_page_svg\" style=\"width: 110px; height: 100px; background-position: -65px -379px;\"><\/div>\n<\/div>\n<\/div>\n<div class=\"cms-section\">\n<div class=\"text-center\">\n<div class=\"wp_feature landing_page_svg\" style=\"width: 110px; height: 100px; background-position: -5px -494px;\"><\/div>\n<\/div>\n<\/div>\n<div class=\"cms-section\">\n<div class=\"text-center\">\n<div class=\"wp_feature landing_page_svg\" style=\"width: 110px; height: 100px; background-position: -0px -598px;\"><\/div>\n<\/div>\n<\/div>\n<\/div>\n<\/div>\n<div style=\"text-align: center; margin-top: 30px;\"><a class=\"btn download_btn\" href=\"https:\/\/templatetoaster.com\/sv\/download\">Ladda ner nu<\/a><\/div>\n<\/div>\n<\/div>\n","protected":false},"excerpt":{"rendered":"<p>En kraftfull Opencart Theme Builder Software Teman som verkligen formar din e-handel butik. Du beh\u00f6ver inte koda n\u00e5got! N\u00e5gonsin. &nbsp; Ladda ner nu Varf\u00f6r anv\u00e4nda TemplateToaster som Open Theme Creator? Skapa h\u00e4pnadsv\u00e4ckande teman f\u00f6r Opencart hemsida p\u00e5 n\u00e5gra minuter. Ingen &hellip; <a href=\"https:\/\/templatetoaster.com\/sv\/opencart-theme-builder\">Continue Reading<span class=\"meta-nav\">&rarr;<\/span><\/a><\/p>\n","protected":false},"author":13434,"featured_media":0,"parent":0,"menu_order":0,"comment_status":"closed","ping_status":"closed","template":"","meta":{"footnotes":""},"yoast_head":"<!-- This site is optimized with the Yoast SEO plugin v23.5 - https:\/\/yoast.com\/wordpress\/plugins\/seo\/ -->\n<title>OpenCart Theme Builder - TemplateToaster<\/title>\n<meta name=\"description\" content=\"TemplateToaster \u00e4r en OpenCart Theme Builder\" \/>\n<meta name=\"robots\" content=\"index, follow, max-snippet:-1, max-image-preview:large, max-video-preview:-1\" \/>\n<link rel=\"canonical\" href=\"https:\/\/templatetoaster.com\/sv\/opencart-theme-builder\" \/>\n<meta property=\"og:locale\" content=\"sv_SE\" \/>\n<meta property=\"og:type\" content=\"article\" \/>\n<meta property=\"og:title\" content=\"OpenCart Theme Builder - TemplateToaster\" \/>\n<meta property=\"og:description\" content=\"TemplateToaster \u00e4r en OpenCart Theme Builder\" \/>\n<meta property=\"og:url\" content=\"https:\/\/templatetoaster.com\/sv\/opencart-theme-builder\" \/>\n<meta property=\"og:site_name\" content=\"TemplateToaster\" \/>\n<meta property=\"article:publisher\" content=\"https:\/\/www.facebook.com\/TemplateToaster\" \/>\n<meta property=\"article:modified_time\" content=\"2019-08-19T12:11:38+00:00\" \/>\n<meta property=\"og:image\" content=\"https:\/\/templatetoaster.com\/wp-content\/uploads\/2017\/04\/multiple-language.png\" \/>\n<meta name=\"twitter:card\" content=\"summary_large_image\" \/>\n<meta name=\"twitter:site\" content=\"@templatetoaster\" \/>\n<meta name=\"twitter:label1\" content=\"Ber\u00e4knad l\u00e4stid\" \/>\n\t<meta name=\"twitter:data1\" content=\"3 minuter\" \/>\n<script type=\"application\/ld+json\" class=\"yoast-schema-graph\">{\"@context\":\"https:\/\/schema.org\",\"@graph\":[{\"@type\":\"WebPage\",\"@id\":\"https:\/\/templatetoaster.com\/sv\/opencart-theme-builder\",\"url\":\"https:\/\/templatetoaster.com\/sv\/opencart-theme-builder\",\"name\":\"OpenCart Theme Builder - TemplateToaster\",\"isPartOf\":{\"@id\":\"https:\/\/templatetoaster.com\/#website\"},\"primaryImageOfPage\":{\"@id\":\"https:\/\/templatetoaster.com\/sv\/opencart-theme-builder#primaryimage\"},\"image\":{\"@id\":\"https:\/\/templatetoaster.com\/sv\/opencart-theme-builder#primaryimage\"},\"thumbnailUrl\":\"https:\/\/templatetoaster.com\/wp-content\/uploads\/2017\/04\/multiple-language.png\",\"datePublished\":\"2018-04-13T12:53:55+00:00\",\"dateModified\":\"2019-08-19T12:11:38+00:00\",\"description\":\"TemplateToaster \u00e4r en OpenCart Theme Builder\",\"breadcrumb\":{\"@id\":\"https:\/\/templatetoaster.com\/sv\/opencart-theme-builder#breadcrumb\"},\"inLanguage\":\"sv-SE\",\"potentialAction\":[{\"@type\":\"ReadAction\",\"target\":[\"https:\/\/templatetoaster.com\/sv\/opencart-theme-builder\"]}]},{\"@type\":\"ImageObject\",\"inLanguage\":\"sv-SE\",\"@id\":\"https:\/\/templatetoaster.com\/sv\/opencart-theme-builder#primaryimage\",\"url\":\"https:\/\/templatetoaster.com\/wp-content\/uploads\/2017\/04\/multiple-language.png\",\"contentUrl\":\"https:\/\/templatetoaster.com\/wp-content\/uploads\/2017\/04\/multiple-language.png\"},{\"@type\":\"BreadcrumbList\",\"@id\":\"https:\/\/templatetoaster.com\/sv\/opencart-theme-builder#breadcrumb\",\"itemListElement\":[{\"@type\":\"ListItem\",\"position\":1,\"name\":\"Home\",\"item\":\"https:\/\/templatetoaster.com\/sv\"},{\"@type\":\"ListItem\",\"position\":2,\"name\":\"OpenCart Theme Builder\"}]},{\"@type\":\"WebSite\",\"@id\":\"https:\/\/templatetoaster.com\/#website\",\"url\":\"https:\/\/templatetoaster.com\/\",\"name\":\"TemplateToaster\",\"description\":\"\",\"publisher\":{\"@id\":\"https:\/\/templatetoaster.com\/#organization\"},\"inLanguage\":\"sv-SE\"},{\"@type\":\"Organization\",\"@id\":\"https:\/\/templatetoaster.com\/#organization\",\"name\":\"TemplateToaster\",\"url\":\"https:\/\/templatetoaster.com\/\",\"logo\":{\"@type\":\"ImageObject\",\"inLanguage\":\"sv-SE\",\"@id\":\"https:\/\/templatetoaster.com\/#\/schema\/logo\/image\/\",\"url\":\"https:\/\/templatetoaster.com\/wp-content\/uploads\/2019\/11\/TemplateToaster_Logo.jpg\",\"contentUrl\":\"https:\/\/templatetoaster.com\/wp-content\/uploads\/2019\/11\/TemplateToaster_Logo.jpg\",\"width\":85,\"height\":85,\"caption\":\"TemplateToaster\"},\"image\":{\"@id\":\"https:\/\/templatetoaster.com\/#\/schema\/logo\/image\/\"},\"sameAs\":[\"https:\/\/www.facebook.com\/TemplateToaster\",\"https:\/\/x.com\/templatetoaster\",\"https:\/\/www.instagram.com\/templatetoaster\/\",\"https:\/\/www.linkedin.com\/company\/templatetoaster\/\",\"https:\/\/www.pinterest.com\/templatetoaster\/\",\"https:\/\/www.youtube.com\/@TemplateToaster\"]}]}<\/script>\n<!-- \/ Yoast SEO plugin. -->","yoast_head_json":{"title":"OpenCart Theme Builder - TemplateToaster","description":"TemplateToaster \u00e4r en OpenCart Theme Builder","robots":{"index":"index","follow":"follow","max-snippet":"max-snippet:-1","max-image-preview":"max-image-preview:large","max-video-preview":"max-video-preview:-1"},"canonical":"https:\/\/templatetoaster.com\/sv\/opencart-theme-builder","og_locale":"sv_SE","og_type":"article","og_title":"OpenCart Theme Builder - TemplateToaster","og_description":"TemplateToaster \u00e4r en OpenCart Theme Builder","og_url":"https:\/\/templatetoaster.com\/sv\/opencart-theme-builder","og_site_name":"TemplateToaster","article_publisher":"https:\/\/www.facebook.com\/TemplateToaster","article_modified_time":"2019-08-19T12:11:38+00:00","og_image":[{"url":"https:\/\/templatetoaster.com\/wp-content\/uploads\/2017\/04\/multiple-language.png"}],"twitter_card":"summary_large_image","twitter_site":"@templatetoaster","twitter_misc":{"Ber\u00e4knad l\u00e4stid":"3 minuter"},"schema":{"@context":"https:\/\/schema.org","@graph":[{"@type":"WebPage","@id":"https:\/\/templatetoaster.com\/sv\/opencart-theme-builder","url":"https:\/\/templatetoaster.com\/sv\/opencart-theme-builder","name":"OpenCart Theme Builder - TemplateToaster","isPartOf":{"@id":"https:\/\/templatetoaster.com\/#website"},"primaryImageOfPage":{"@id":"https:\/\/templatetoaster.com\/sv\/opencart-theme-builder#primaryimage"},"image":{"@id":"https:\/\/templatetoaster.com\/sv\/opencart-theme-builder#primaryimage"},"thumbnailUrl":"https:\/\/templatetoaster.com\/wp-content\/uploads\/2017\/04\/multiple-language.png","datePublished":"2018-04-13T12:53:55+00:00","dateModified":"2019-08-19T12:11:38+00:00","description":"TemplateToaster \u00e4r en OpenCart Theme Builder","breadcrumb":{"@id":"https:\/\/templatetoaster.com\/sv\/opencart-theme-builder#breadcrumb"},"inLanguage":"sv-SE","potentialAction":[{"@type":"ReadAction","target":["https:\/\/templatetoaster.com\/sv\/opencart-theme-builder"]}]},{"@type":"ImageObject","inLanguage":"sv-SE","@id":"https:\/\/templatetoaster.com\/sv\/opencart-theme-builder#primaryimage","url":"https:\/\/templatetoaster.com\/wp-content\/uploads\/2017\/04\/multiple-language.png","contentUrl":"https:\/\/templatetoaster.com\/wp-content\/uploads\/2017\/04\/multiple-language.png"},{"@type":"BreadcrumbList","@id":"https:\/\/templatetoaster.com\/sv\/opencart-theme-builder#breadcrumb","itemListElement":[{"@type":"ListItem","position":1,"name":"Home","item":"https:\/\/templatetoaster.com\/sv"},{"@type":"ListItem","position":2,"name":"OpenCart Theme Builder"}]},{"@type":"WebSite","@id":"https:\/\/templatetoaster.com\/#website","url":"https:\/\/templatetoaster.com\/","name":"TemplateToaster","description":"","publisher":{"@id":"https:\/\/templatetoaster.com\/#organization"},"inLanguage":"sv-SE"},{"@type":"Organization","@id":"https:\/\/templatetoaster.com\/#organization","name":"TemplateToaster","url":"https:\/\/templatetoaster.com\/","logo":{"@type":"ImageObject","inLanguage":"sv-SE","@id":"https:\/\/templatetoaster.com\/#\/schema\/logo\/image\/","url":"https:\/\/templatetoaster.com\/wp-content\/uploads\/2019\/11\/TemplateToaster_Logo.jpg","contentUrl":"https:\/\/templatetoaster.com\/wp-content\/uploads\/2019\/11\/TemplateToaster_Logo.jpg","width":85,"height":85,"caption":"TemplateToaster"},"image":{"@id":"https:\/\/templatetoaster.com\/#\/schema\/logo\/image\/"},"sameAs":["https:\/\/www.facebook.com\/TemplateToaster","https:\/\/x.com\/templatetoaster","https:\/\/www.instagram.com\/templatetoaster\/","https:\/\/www.linkedin.com\/company\/templatetoaster\/","https:\/\/www.pinterest.com\/templatetoaster\/","https:\/\/www.youtube.com\/@TemplateToaster"]}]}},"_links":{"self":[{"href":"https:\/\/templatetoaster.com\/sv\/wp-json\/wp\/v2\/pages\/4281"}],"collection":[{"href":"https:\/\/templatetoaster.com\/sv\/wp-json\/wp\/v2\/pages"}],"about":[{"href":"https:\/\/templatetoaster.com\/sv\/wp-json\/wp\/v2\/types\/page"}],"author":[{"embeddable":true,"href":"https:\/\/templatetoaster.com\/sv\/wp-json\/wp\/v2\/users\/13434"}],"replies":[{"embeddable":true,"href":"https:\/\/templatetoaster.com\/sv\/wp-json\/wp\/v2\/comments?post=4281"}],"version-history":[{"count":3,"href":"https:\/\/templatetoaster.com\/sv\/wp-json\/wp\/v2\/pages\/4281\/revisions"}],"predecessor-version":[{"id":64726,"href":"https:\/\/templatetoaster.com\/sv\/wp-json\/wp\/v2\/pages\/4281\/revisions\/64726"}],"wp:attachment":[{"href":"https:\/\/templatetoaster.com\/sv\/wp-json\/wp\/v2\/media?parent=4281"}],"curies":[{"name":"wp","href":"https:\/\/api.w.org\/{rel}","templated":true}]}}