{"id":4215,"date":"2018-04-13T12:06:42","date_gmt":"2018-04-13T12:06:42","guid":{"rendered":"http:\/\/templatetoaster.com?page_id=4215"},"modified":"2019-08-09T07:55:45","modified_gmt":"2019-08-09T07:55:45","slug":"faqs","status":"publish","type":"page","link":"https:\/\/templatetoaster.com\/sv\/faqs","title":{"rendered":"Vanliga fr\u00e5gor"},"content":{"rendered":"<div class=\"tt_faq_row row\">\n<h1 class=\"heading_border\" style=\"background-size: 586px 1px; padding-top: 40px; bottom-top: 10px;\">TemplateToaster vanliga fr\u00e5gor<\/h1>\n<h4 class=\"joomla\">Q: Jag kan flytta TemplateToaster fr\u00e5n en dator till en annan?<\/h4>\n<p class=\"wordpress\">A: Ja, helt enkelt avaktivera TemplateToaster fr\u00e5n nuvarande dator, installera det p\u00e5 en ny dator och du kommer att kunna aktivera den igen med hj\u00e4lp av din k\u00f6pta licensnyckel.<\/p>\n<h4 class=\"joomla\">Q: Jag kan installera det p\u00e5 mer \u00e4n en dator?<\/h4>\n<p class=\"wordpress\">A: <del datetime=\"2013-06-01T04:25:23+00:00\">Nej, Vi till\u00e5ter bara en aktivering per licensnyckel<\/del>. P\u00e5 beg\u00e4ran av v\u00e5ra prestigefyllda kunder, nu erbjuder vi tv\u00e5 aktiveringar, men b\u00e5da datorerna b\u00f6r \u00e4gas av en enda person.<\/p>\n<h4 class=\"joomla\">Q: Jag kan s\u00e4lja min licens?<\/h4>\n<p class=\"wordpress\">A: Ja, Du kan s\u00e4lja eller \u00f6verf\u00f6ra din licensnyckel till n\u00e5gon. Du kan \u00e4ndra de \u00e4gande detaljerna som namn eller e-post fr\u00e5n din profilsida n\u00e4r som helst.<\/p>\n<h4 class=\"joomla\">Q: Jag kan s\u00e4lja den mallar eller teman som skapats med TemplateToaster?<\/h4>\n<p class=\"wordpress\">A: S\u00e4ker, Du kan s\u00e4lja de exporterade mallarna till \u00f6nskat antal personer.<\/p>\n<h4 class=\"joomla\">Q: Finns det n\u00e5gon dom\u00e4n med begr\u00e4nsning?<\/h4>\n<p class=\"wordpress\">A: Nej, Det finns ingen \u201cDom\u00e4n\u201d eller \u201cAntal platser\u201d relaterade begr\u00e4nsning, Du kan skapa s\u00e5 m\u00e5nga mallar eller teman och f\u00f6r s\u00e5 m\u00e5nga webbplatser som du beh\u00f6ver.<\/p>\n<h4 class=\"joomla\">Q: Vad h\u00e4nder om min dator krascha?<\/h4>\n<p class=\"wordpress\">A: Helt enkelt fixa din dator, formatera eller installera om operativsystemet om det beh\u00f6vs, installera TemplateToaster och det g\u00f6r automatiskt att du kan aktivera det.<\/p>\n<h4 class=\"joomla\">Q: Ditt betalningss\u00e4tt spelar \u2019 t passar mig?<\/h4>\n<p class=\"wordpress\">A: Vi har n\u00e5gra ytterligare betalningss\u00e4tt, Du kan kontakta oss f\u00f6r det.<\/p>\n<h4 class=\"joomla\">Q: Inneh\u00e5ller TemplateToaster mallar?<\/h4>\n<p class=\"wordpress\">A: Nej, TemplateToaster strikt spelar \u2019 t inneh\u00e5ller en mall, Det skapar unika tema eller mallar p\u00e5 runtime.<\/p>\n<h4 class=\"joomla\">Q: Jag har installerat testversionen, Beh\u00f6ver jag installera n\u00e5got en annan version efter k\u00f6pet?<\/h4>\n<p class=\"wordpress\">A: Nej, Du m\u00e5ste aktivera din befintliga testversion med din k\u00f6pta licensnyckel.<\/p>\n<h4 class=\"joomla\">Q: Finns det en tidsgr\u00e4ns f\u00f6r prov version?<\/h4>\n<p class=\"wordpress\">A:Nej, TemplateToaster r\u00e4tteg\u00e5ng \u00e4r inte tid bunden, men det kommer ut \u201cBed\u00f6mningen Version\u201d vattenst\u00e4mplar hela de exporterade mallarna.<\/p>\n<h4 class=\"joomla\">Q: Jag kan uppgradera fr\u00e5n Standard till Professional Edition?<\/h4>\n<p class=\"wordpress\">A: Ja, Du kan <a href=\"https:\/\/templatetoaster.com\/purchase-upgrade\">uppgradera <\/a>fr\u00e5n Standard till Professional Edition genom att betala prisskillnaden. Efter uppgradering betalningsbekr\u00e4ftelse lansera TemplateToaster, g\u00e5 till File -&gt; aktivering -&gt; inaktivera, nu g\u00e5r du till Arkiv -&gt; Inst\u00e4llningar -&gt; V\u00e4lj Professional Edition och sedan aktivera med din existerande nyckel.<\/p>\n<h4 class=\"joomla\">Q: Erbjuder ni n\u00e5gra pengar tillbaka garanti?<\/h4>\n<p class=\"wordpress\">A: Nej, Vi tillhandah\u00e5ller obegr\u00e4nsad trial och f\u00f6resl\u00e5r att du utv\u00e4rdera TemplateToaster innan du k\u00f6per.<\/p>\n<h4 class=\"joomla\">Q: Hur m\u00e5nga webbl\u00e4sare g\u00f6r st\u00f6dja du?<\/h4>\n<p class=\"wordpress\">A: Vi st\u00f6der alla st\u00f6rre webbl\u00e4sare inklusive Firefox, Chrome, Internet Explorer, Opera, Safari etc.<\/p>\n<h4 class=\"joomla\">Q:14- \u00c4r de exporterade mallarna W3C giltig?<\/h4>\n<p class=\"wordpress\">A: Ja, XHTML och CSS av exporterade mall(s) \u00e4r W3C giltig.<\/p>\n<h4 class=\"joomla\">Q: \u00c4r exporterade mallar s\u00f6kmotorv\u00e4nliga?<\/h4>\n<p class=\"wordpress\">A: Ja, TemplateToaster genomf\u00f6ra organiska SEO-tekniker f\u00f6r h\u00f6gre ranking.<\/p>\n<h4 class=\"joomla\">Q:Uppgradera TemplateToaster?<\/h4>\n<p class=\"wordpress\">A: Ladda ner senaste versionen fr\u00e5n v\u00e5r <a href=\"https:\/\/templatetoaster.com\/download\">nedladdningar <\/a>sida och dubbelklicka p\u00e5 den h\u00e4mtade installationsfilen, Det skulle automatiskt g\u00f6ra uppgraderingen.<\/p>\n<h4 class=\"joomla\">Q: P\u00e5 hur m\u00e5nga spr\u00e5k finns TemplateToaseter anv\u00e4ndargr\u00e4nssnitt?<\/h4>\n<p class=\"wordpress\">A:TemplateToaster anv\u00e4ndargr\u00e4nssnitt finns i 8 Spr\u00e5k, V\u00e4nligen bes\u00f6k efter <a href=\"https:\/\/templatetoaster.com\/download\">sida <\/a>f\u00f6r Detaljer<\/p>\n<h4 class=\"joomla\">Q: P\u00e5 hur m\u00e5nga spr\u00e5k fungerar den exporterade webbplatser och mallar?<\/h4>\n<p class=\"wordpress\">A: Mallar och webbplatser som exporteras fr\u00e5n TemplateToaster \u00e4r spr\u00e5koberoende, Du kan anv\u00e4nda dem p\u00e5 alla spr\u00e5k.<\/p>\n<h4 class=\"joomla\">Q: N\u00e4r kommer min kopia av TemplateToaster ut?<\/h4>\n<p class=\"wordpress\">A: Du kan anv\u00e4nda din k\u00f6pta TemplateToaster version f\u00f6r livstid. Vi erbjuder gratis uppdateringar under ett \u00e5r med varje licens, Det inneb\u00e4r att du kommer att kunna uppgradera till alla versioner sl\u00e4pptes inom ett \u00e5r, efter denna period kan du antingen uppdatera din prenumeration eller forts\u00e4tta att anv\u00e4nda din k\u00f6pta version. \u00c5rliga uppdateringar f\u00f6rnyelse(om det beh\u00f6vs) kommer att kosta dig 40% av produktens pris.<\/p>\n<h4 class=\"joomla\">Q: Finns det n\u00e5gra restriktioner f\u00f6r att anv\u00e4nda TemplateToaster biblioteket bilder?<\/h4>\n<p class=\"wordpress\">A: Du kan anv\u00e4nda lager bilderna i din personliga och din kunds mallar men kan inte anv\u00e4nda i de mallar som du g\u00f6r massa h\u00e4mta gratis.<\/p>\n<h4>Q: Jag kan inte komma \u00e5t alla funktioner i TemplateToaster?<\/h4>\n<p class=\"wordpress\">A: Om du k\u00f6pt Professional Edition och f\u00e5r meddelande medan f\u00f6rskott alternativ \u201cDen h\u00e4r funktionen \u00e4r inte tillg\u00e4nglig i k\u00f6r edition. V\u00e4xla till en h\u00f6gre utg\u00e5va\u201d, Bara att g\u00e5 till filen-&gt; aktiveringen-&gt; inaktivera TemplateToaster, nu g\u00e5 till fil-&gt; inst\u00e4llningar och v\u00e4lj Professional Edition och re-aktivera TemplateToaster.<\/p>\n<h4 class=\"joomla\">Q: Du inf\u00f6ra restriktioner i testversionen?<\/h4>\n<p class=\"wordpress\">A: Testversion l\u00e4gga till r\u00e4tteg\u00e5ng vattenst\u00e4mplar hela de exporterade mallarna och du kan inte spara ditt projekt som .ttr fil f\u00f6r framtida redigering, men du kan exportera mallar att installera p\u00e5 din CMS som WordPress, Joomla etc.<\/p>\n<h4 class=\"joomla\">Q: Jag kan utforma mallar\/webbplatser\/Themes f\u00f6r mina klienter?<\/h4>\n<p class=\"wordpress\">A: S\u00e4ker, Det finns ingen s\u00e5dan begr\u00e4nsning, Du kan designa f\u00f6r dina kunder.<\/p>\n<h4 class=\"joomla\">Q: Vad \u00e4r den maximala anpassade bildstorlek st\u00f6ds ?<\/h4>\n<p class=\"wordpress\">A: TemplateToaster v6 st\u00f6d upp 2000 PX bilder men du kan anv\u00e4nda n\u00e5gon bildstorleken i v7.<\/p>\n<\/div>\n","protected":false},"excerpt":{"rendered":"<p>TemplateToaster vanliga fr\u00e5gor Q: Jag kan flytta TemplateToaster fr\u00e5n en dator till en annan? A: Ja, helt enkelt avaktivera TemplateToaster fr\u00e5n nuvarande dator, installera det p\u00e5 en ny dator och du kommer att kunna aktivera den igen med hj\u00e4lp av &hellip; <a href=\"https:\/\/templatetoaster.com\/sv\/faqs\">Continue Reading<span class=\"meta-nav\">&rarr;<\/span><\/a><\/p>\n","protected":false},"author":13434,"featured_media":0,"parent":0,"menu_order":0,"comment_status":"closed","ping_status":"closed","template":"PageTemplate1.php","meta":{"footnotes":""},"yoast_head":"<!-- This site is optimized with the Yoast SEO plugin v23.5 - https:\/\/yoast.com\/wordpress\/plugins\/seo\/ -->\n<title>Vanliga fr\u00e5gor - TemplateToaster<\/title>\n<meta name=\"description\" content=\"Vanliga fr\u00e5gor about TemplateToaster\" \/>\n<meta name=\"robots\" content=\"index, follow, max-snippet:-1, max-image-preview:large, max-video-preview:-1\" \/>\n<link rel=\"canonical\" href=\"https:\/\/templatetoaster.com\/sv\/faqs\" \/>\n<meta property=\"og:locale\" content=\"sv_SE\" \/>\n<meta property=\"og:type\" content=\"article\" \/>\n<meta property=\"og:title\" content=\"Vanliga fr\u00e5gor - TemplateToaster\" \/>\n<meta property=\"og:description\" content=\"Vanliga fr\u00e5gor about TemplateToaster\" \/>\n<meta property=\"og:url\" content=\"https:\/\/templatetoaster.com\/sv\/faqs\" \/>\n<meta property=\"og:site_name\" content=\"TemplateToaster\" \/>\n<meta property=\"article:publisher\" content=\"https:\/\/www.facebook.com\/TemplateToaster\" \/>\n<meta property=\"article:modified_time\" content=\"2019-08-09T07:55:45+00:00\" \/>\n<meta property=\"og:image\" content=\"https:\/\/templatetoaster.com\/wp-content\/uploads\/2015\/07\/TemplateToaster-325X325.png\" \/>\n\t<meta property=\"og:image:width\" content=\"325\" \/>\n\t<meta property=\"og:image:height\" content=\"325\" \/>\n\t<meta property=\"og:image:type\" content=\"image\/png\" \/>\n<meta name=\"twitter:card\" content=\"summary_large_image\" \/>\n<meta name=\"twitter:site\" content=\"@templatetoaster\" \/>\n<meta name=\"twitter:label1\" content=\"Ber\u00e4knad l\u00e4stid\" \/>\n\t<meta name=\"twitter:data1\" content=\"4 minuter\" \/>\n<script type=\"application\/ld+json\" class=\"yoast-schema-graph\">{\"@context\":\"https:\/\/schema.org\",\"@graph\":[{\"@type\":\"WebPage\",\"@id\":\"https:\/\/templatetoaster.com\/sv\/faqs\",\"url\":\"https:\/\/templatetoaster.com\/sv\/faqs\",\"name\":\"Vanliga fr\u00e5gor - TemplateToaster\",\"isPartOf\":{\"@id\":\"https:\/\/templatetoaster.com\/#website\"},\"datePublished\":\"2018-04-13T12:06:42+00:00\",\"dateModified\":\"2019-08-09T07:55:45+00:00\",\"description\":\"Vanliga fr\u00e5gor about TemplateToaster\",\"breadcrumb\":{\"@id\":\"https:\/\/templatetoaster.com\/sv\/faqs#breadcrumb\"},\"inLanguage\":\"sv-SE\",\"potentialAction\":[{\"@type\":\"ReadAction\",\"target\":[\"https:\/\/templatetoaster.com\/sv\/faqs\"]}]},{\"@type\":\"BreadcrumbList\",\"@id\":\"https:\/\/templatetoaster.com\/sv\/faqs#breadcrumb\",\"itemListElement\":[{\"@type\":\"ListItem\",\"position\":1,\"name\":\"Home\",\"item\":\"https:\/\/templatetoaster.com\/sv\"},{\"@type\":\"ListItem\",\"position\":2,\"name\":\"Vanliga fr\u00e5gor\"}]},{\"@type\":\"WebSite\",\"@id\":\"https:\/\/templatetoaster.com\/#website\",\"url\":\"https:\/\/templatetoaster.com\/\",\"name\":\"TemplateToaster\",\"description\":\"\",\"publisher\":{\"@id\":\"https:\/\/templatetoaster.com\/#organization\"},\"inLanguage\":\"sv-SE\"},{\"@type\":\"Organization\",\"@id\":\"https:\/\/templatetoaster.com\/#organization\",\"name\":\"TemplateToaster\",\"url\":\"https:\/\/templatetoaster.com\/\",\"logo\":{\"@type\":\"ImageObject\",\"inLanguage\":\"sv-SE\",\"@id\":\"https:\/\/templatetoaster.com\/#\/schema\/logo\/image\/\",\"url\":\"https:\/\/templatetoaster.com\/wp-content\/uploads\/2019\/11\/TemplateToaster_Logo.jpg\",\"contentUrl\":\"https:\/\/templatetoaster.com\/wp-content\/uploads\/2019\/11\/TemplateToaster_Logo.jpg\",\"width\":85,\"height\":85,\"caption\":\"TemplateToaster\"},\"image\":{\"@id\":\"https:\/\/templatetoaster.com\/#\/schema\/logo\/image\/\"},\"sameAs\":[\"https:\/\/www.facebook.com\/TemplateToaster\",\"https:\/\/x.com\/templatetoaster\",\"https:\/\/www.instagram.com\/templatetoaster\/\",\"https:\/\/www.linkedin.com\/company\/templatetoaster\/\",\"https:\/\/www.pinterest.com\/templatetoaster\/\",\"https:\/\/www.youtube.com\/@TemplateToaster\"]}]}<\/script>\n<!-- \/ Yoast SEO plugin. -->","yoast_head_json":{"title":"Vanliga fr\u00e5gor - TemplateToaster","description":"Vanliga fr\u00e5gor about TemplateToaster","robots":{"index":"index","follow":"follow","max-snippet":"max-snippet:-1","max-image-preview":"max-image-preview:large","max-video-preview":"max-video-preview:-1"},"canonical":"https:\/\/templatetoaster.com\/sv\/faqs","og_locale":"sv_SE","og_type":"article","og_title":"Vanliga fr\u00e5gor - TemplateToaster","og_description":"Vanliga fr\u00e5gor about TemplateToaster","og_url":"https:\/\/templatetoaster.com\/sv\/faqs","og_site_name":"TemplateToaster","article_publisher":"https:\/\/www.facebook.com\/TemplateToaster","article_modified_time":"2019-08-09T07:55:45+00:00","og_image":[{"width":325,"height":325,"url":"https:\/\/templatetoaster.com\/wp-content\/uploads\/2015\/07\/TemplateToaster-325X325.png","type":"image\/png"}],"twitter_card":"summary_large_image","twitter_site":"@templatetoaster","twitter_misc":{"Ber\u00e4knad l\u00e4stid":"4 minuter"},"schema":{"@context":"https:\/\/schema.org","@graph":[{"@type":"WebPage","@id":"https:\/\/templatetoaster.com\/sv\/faqs","url":"https:\/\/templatetoaster.com\/sv\/faqs","name":"Vanliga fr\u00e5gor - TemplateToaster","isPartOf":{"@id":"https:\/\/templatetoaster.com\/#website"},"datePublished":"2018-04-13T12:06:42+00:00","dateModified":"2019-08-09T07:55:45+00:00","description":"Vanliga fr\u00e5gor about TemplateToaster","breadcrumb":{"@id":"https:\/\/templatetoaster.com\/sv\/faqs#breadcrumb"},"inLanguage":"sv-SE","potentialAction":[{"@type":"ReadAction","target":["https:\/\/templatetoaster.com\/sv\/faqs"]}]},{"@type":"BreadcrumbList","@id":"https:\/\/templatetoaster.com\/sv\/faqs#breadcrumb","itemListElement":[{"@type":"ListItem","position":1,"name":"Home","item":"https:\/\/templatetoaster.com\/sv"},{"@type":"ListItem","position":2,"name":"Vanliga fr\u00e5gor"}]},{"@type":"WebSite","@id":"https:\/\/templatetoaster.com\/#website","url":"https:\/\/templatetoaster.com\/","name":"TemplateToaster","description":"","publisher":{"@id":"https:\/\/templatetoaster.com\/#organization"},"inLanguage":"sv-SE"},{"@type":"Organization","@id":"https:\/\/templatetoaster.com\/#organization","name":"TemplateToaster","url":"https:\/\/templatetoaster.com\/","logo":{"@type":"ImageObject","inLanguage":"sv-SE","@id":"https:\/\/templatetoaster.com\/#\/schema\/logo\/image\/","url":"https:\/\/templatetoaster.com\/wp-content\/uploads\/2019\/11\/TemplateToaster_Logo.jpg","contentUrl":"https:\/\/templatetoaster.com\/wp-content\/uploads\/2019\/11\/TemplateToaster_Logo.jpg","width":85,"height":85,"caption":"TemplateToaster"},"image":{"@id":"https:\/\/templatetoaster.com\/#\/schema\/logo\/image\/"},"sameAs":["https:\/\/www.facebook.com\/TemplateToaster","https:\/\/x.com\/templatetoaster","https:\/\/www.instagram.com\/templatetoaster\/","https:\/\/www.linkedin.com\/company\/templatetoaster\/","https:\/\/www.pinterest.com\/templatetoaster\/","https:\/\/www.youtube.com\/@TemplateToaster"]}]}},"_links":{"self":[{"href":"https:\/\/templatetoaster.com\/sv\/wp-json\/wp\/v2\/pages\/4215"}],"collection":[{"href":"https:\/\/templatetoaster.com\/sv\/wp-json\/wp\/v2\/pages"}],"about":[{"href":"https:\/\/templatetoaster.com\/sv\/wp-json\/wp\/v2\/types\/page"}],"author":[{"embeddable":true,"href":"https:\/\/templatetoaster.com\/sv\/wp-json\/wp\/v2\/users\/13434"}],"replies":[{"embeddable":true,"href":"https:\/\/templatetoaster.com\/sv\/wp-json\/wp\/v2\/comments?post=4215"}],"version-history":[{"count":2,"href":"https:\/\/templatetoaster.com\/sv\/wp-json\/wp\/v2\/pages\/4215\/revisions"}],"predecessor-version":[{"id":63968,"href":"https:\/\/templatetoaster.com\/sv\/wp-json\/wp\/v2\/pages\/4215\/revisions\/63968"}],"wp:attachment":[{"href":"https:\/\/templatetoaster.com\/sv\/wp-json\/wp\/v2\/media?parent=4215"}],"curies":[{"name":"wp","href":"https:\/\/api.w.org\/{rel}","templated":true}]}}