{"id":4211,"date":"2018-04-13T12:04:38","date_gmt":"2018-04-13T12:04:38","guid":{"rendered":"http:\/\/templatetoaster.com?page_id=4211"},"modified":"2018-11-29T05:54:12","modified_gmt":"2018-11-29T05:54:12","slug":"drupal-theme-generator-2","status":"publish","type":"page","link":"https:\/\/templatetoaster.com\/sv\/drupal-theme-generator-2","title":{"rendered":"Drupal Tema Generator"},"content":{"rendered":"<div class=\"section1 wp-theme-generator\">\n<div style=\"margin: 115px 0 16px;\">\n<h1>En lysande tema Builder programvara f\u00f6r Drupal<\/h1>\n<p class=\"text-center\">Inte bara utforma ett tema, v\u00e4va magi p\u00e5 din hemsida!\n<\/p>\n<p><br clear=\"all\"><\/p>\n<div style=\"text-align:center;\">\n<a href=\"https:\/\/templatetoaster.com\/sv\/download\" class=\"btn download_btn\">Ladda ner nu<\/a><\/div>\n<div class=\"clearfix\"><\/div>\n<\/div>\n<\/div>\n<p><!--- What is TemplateToaster Section ---><\/p>\n<div class=\"section2 wp-theme-generator\">\n<div class=\"section2-inner\">\n<h2>Varf\u00f6r anv\u00e4nda TemplateToaster som Drupal Theme Generator Software?<\/h2>\n<p>Till perfektion, prova TemplateToaster att utforma dessa \u201dpixel perfekt!\u201dDrupal teman. Inga CSS \/ HTML-kodning krav. N\u00e5gonsin! Denna programvara g\u00f6r du tror p\u00e5 n\u00e5got ovanligt som g\u00f6r din webbplats oerh\u00f6rt vacker! <\/p>\n<\/div>\n<\/div>\n<p><!---- section 3 starts ---><\/p>\n<div class=\"section3 wp-theme-generator\">\n<div class=\"section3-inner\">\n<h2>Hur det fungerar?<\/h2>\n<div class=\"row\">\n<div class=\"col-lg-4 col-md-4 col-sm-6 col-xs-12\">\n<div class=\"media\">\n<div class=\"landing_page_svg\" style=\"background-position: 20px -690px; display: block; height: 115px; margin: auto; width: 142px;\"><\/div>\n<\/p>\n<h3 class=\"text-center\">H\u00e4mta TemplateToaster. Vi g\u00f6r det!<\/h3>\n<p class=\"text-center\">St\u00e4ll in TemplateToaster p\u00e5 skrivbordet efter att du ladda ner det. F\u00f6rs\u00f6k alla funktioner och fastna! L\u00e5t oss b\u00f6rja utforma det s\u00e4tt du alltid velat!<\/p>\n<\/div>\n<\/div>\n<div class=\"clearfix visible-xs-block\"><\/div>\n<div class=\"col-lg-4 col-md-4 col-sm-6 col-xs-12\">\n<div class=\"media\">\n<div class=\"landing_page_svg\" style=\"background-position: -115px -690px; display: block; height: 115px; margin: auto; width: 142px;\"><\/div>\n<\/p>\n<h3 class=\"text-center\">Dra och sl\u00e4pp UI till Design. Snyggt gjort!<\/h3>\n<p class=\"text-center\">\u00c4ndra f\u00e4rdiga mallar f\u00f6r att passa dina behov eller b\u00f6rja om fr\u00e5n b\u00f6rjan! Ganska mycket skapa n\u00e5gon typ av tema som du vill, i minuter!<\/p>\n<\/div>\n<\/div>\n<div class=\"clearfix visible-sm-block visible-xs-block\"><\/div>\n<div class=\"col-lg-4 col-md-4 col-sm-6 col-xs-12\">\n<div class=\"media\">\n<div class=\"landing_page_svg\" style=\"background-position: -240px -690px; display: block; height: 115px; margin: auto; width: 142px;\"><\/div>\n<\/p>\n<h3 class=\"text-center\">Ladda upp dina teman i 1-2-3 och Voila!<\/h3>\n<p class=\"text-center\">Klar med design och n\u00f6jd med detaljerna?  Export och ladda upp den nya designen. Aktivera det nya temat och g\u00e5 till startsidan f\u00f6r att se \u00e4ndringarna tr\u00e4der i kraft!<\/p>\n<\/div>\n<\/div>\n<div class=\"clearfix visible-lg-block visible-md-block visible-sm-block visible-xs-block\"><\/div>\n<\/div>\n<\/div>\n<\/div>\n<div class=\"section4 wp-theme-generator\">\n<h2 style=\"text-transform:none;\">Dragen av TemplateToaster som Drupal Theme Creator<\/h2>\n<p class=\"section4-paragraph\">En anm\u00e4rkningsv\u00e4rd programvara packad med de b\u00e4sta egenskaperna \u2013 Design pro teman i minuter!<\/p>\n<div class=\"row\">\n<div class=\"col-lg-4 col-md-4 col-sm-6 col-sx-12\">\n<div style=\"padding: 20px;\">\n<div class=\"text-center\">\n<div style=\"margin-right:10px; display: inline-block; float:none; vertical-align:middle; background-position: -295px -1310px \" class=\"wp_feature landing_page_svg\"><\/div>\n<\/div>\n<h3 style=\"margin: 20px 0px 10px; text-align: center;\">Kompatibla Drupal Versioner <\/h3>\n<p class=\"text-center\"> Med TemplateToaster programvara, utforma Drupal teman som \u00e4r helt kompatibla med den senaste Drupal Version 8 och Version 7. De teman som genereras \u00f6verensst\u00e4mmer med de senaste funktionerna i Drupal 8 tillsats till kraften i att skapa avancerade webbplatser.<\/p>\n<\/div>\n<\/div>\n<div class=\"clearfix visible-xs-block\"><\/div>\n<div class=\"col-lg-4 col-md-4 col-sm-6 col-sx-12\">\n<div style=\"padding: 20px;\">\n<div class=\"text-center\">\n<div style=\"margin-right:10px; display: inline-block; float:none; vertical-align:middle; background-position: -302px -85px; \" class=\"wp_feature landing_page_svg\"><\/div>\n<\/div>\n<h3 style=\"margin:20px 0 10px; text-align:center\"> Obegr\u00e4nsad Block Regioner<\/h3>\n<p class=\"text-center\">Detta Drupal tema editor st\u00f6der skapa obegr\u00e4nsad blockera regioner i teman f\u00f6r avancerade funktioner. Skapa egna regioner som helst som \u00f6ver och under rubriken, sidfot, inneh\u00e5ll, l\u00f6paren etc. Dessutom, l\u00e4gga till egna stilar som bakgrundsf\u00e4rg, bilder etc. <\/p>\n<\/div>\n<\/div>\n<div class=\"clearfix visible-sm-block visible-xs-block\"><\/div>\n<div class=\"col-md-4 col-sm-6 col-sx-12\">\n<div style=\"padding: 20px;\">\n<div class=\"text-center\">\n<div class=\"wp_feature landing_page_svg\" style=\"margin-right:10px; display: inline-block; float:none; vertical-align:middle;background-position: -22px -815px;\"><\/div>\n<\/div>\n<h3 style=\"margin:20px 0 10px; text-align:center\"> Custom Layoutalternativ<\/h3>\n<p class=\"text-center\">Layouten f\u00f6r en Drupal tema skapas med TemplateToaster kan fast bredd eller v\u00e4tska bredd. Drupal teman med fluid bredd (procentsats baserad) vilka \u00e4r extremt mottaglig. Anpassade stilar kan appliceras p\u00e5 layouten som bakgrundsf\u00e4rgen, fontf\u00e4rg, typsnitt etc.<\/p>\n<\/div>\n<\/div>\n<div class=\"clearfix  visible-lg-block visible-md-block  visible-xs-block\"><\/div>\n<div class=\"col-md-4 col-sm-6 col-sx-12\">\n<div style=\"padding: 20px;\">\n<div class=\"text-center\">\n<div class=\"wp_feature landing_page_svg\" style=\"margin-right:10px; display: inline-block; float:none; vertical-align:middle;background-position: -220px -1300px;\"><\/div>\n<\/div>\n<h3 style=\"margin:20px 0 10px; text-align:center\">Slider Positionering <\/h3>\n<p class=\"text-center\">Bl\u00e4ndande reglagen p\u00e5 hemsidan f\u00f6r din webbplats f\u00e5ngar uppm\u00e4rksamhet av bes\u00f6karna. Design och anpassa reglagen som du \u00f6nskar och placera reglaget ovanf\u00f6r sidhuvudet eller Menu, under rubriken eller Meny och mellan sidhuvud och Menu. <\/p>\n<\/div>\n<\/div>\n<div class=\"clearfix visible-sm-block visible-xs-block\"><\/div>\n<div class=\"col-md-4 col-sm-6 col-sx-12\">\n<div style=\"padding: 20px;\">\n<div class=\"text-center\">\n<div class=\"wp_feature landing_page_svg\" style=\"margin-right:10px; display: inline-block; float:none; vertical-align:middle;background-position: -70px -80px;\"><\/div>\n<\/div>\n<h3 style=\"margin:20px 0 10px; text-align:center\">Baserat p\u00e5 Bootstrap Framework<\/h3>\n<p class=\"text-center\">Drupal teman som skapats med TemplateToaster bygger p\u00e5 Bootstrap ram och \u00e4r helt lyh\u00f6rda och mobilv\u00e4nlig. TemplateToaster program anv\u00e4nder senaste Bootstrap 3.x.x version. Vi kommer att vara mycket snabb att uppdatera till Bootstrap 4, n\u00e4r det \u00e4r lanserat!<\/p>\n<\/div>\n<\/div>\n<div class=\"clearfix visible-xs-block\"><\/div>\n<div class=\"col-md-4 col-sm-6 col-sx-12\">\n<div style=\"padding: 20px;\">\n<div class=\"text-center\">\n<div class=\"wp_feature landing_page_svg\" style=\"float: none; height: 52px; vertical-align: middle; width: 44px; display: inline-block; background-position: -220px -813px;\"><\/div>\n<\/div>\n<h3 style=\"margin:20px 0 10px; text-align:center\"> Modul v\u00e4nliga teman<\/h3>\n<p class=\"text-center\">Teman som skapats med denna programvara \u00e4r modulv\u00e4nliga som l\u00e5ter dig installera valfritt antal anknytningar till din Drupal drivs webbplats. Massor av f\u00f6rl\u00e4ngningar kan l\u00e4ggas till Drupal webbplatser som Backup &amp; Flytta, Drush + drush g\u00f6ra, devel,lightbox2 etc.<\/p>\n<\/div>\n<\/div>\n<div class=\"clearfix visible-lg-block visible-md-block visible-sm-block visible-xs-block\"><\/div>\n<\/div>\n<\/div>\n<p><!--Section Features with WP--><\/p>\n<div class=\"section5 wp-theme-generator\" style=\"padding:70px 10px;margin-bottom:2px;\">\n<div style=\"margin:40px 0px 20px;\">\n<h2 style=\"margin-bottom:65px; text-transform:none;\">Hotellet erbjuder m\u00e5nga olika TemplateToaster <\/h2>\n<div class=\"feature_with_wp row\">\n<div class=\"col-lg-4  col-md-4 col-sm-4 col-xs-6\">\n<div class=\"feature_wpimg\">\n\t\t\t<img decoding=\"async\" src=\"https:\/\/templatetoaster.com\/wp-content\/uploads\/2017\/04\/multiple-language.png\" class=\"img-responsive\" alt=\"St\u00f6d f\u00f6r flera spr\u00e5k\">\n\t\t<\/div>\n<\/p>\n<\/div>\n<div class=\"col-lg-4  col-md-4 col-sm-4 col-xs-6\">\n<div class=\"feature_wpimg\">\n\t\t\t<img decoding=\"async\" src=\"https:\/\/templatetoaster.com\/wp-content\/uploads\/2017\/04\/mobile-optimization.png\" class=\"img-responsive\" alt=\"mobil optimering\">\n\t\t<\/div>\n<\/p>\n<\/div>\n<div class=\"clearfix visible-xs-block\"><\/div>\n<div class=\"col-lg-4  col-md-4 col-sm-4 col-xs-6\">\n<div class=\"feature_wpimg\">\n\t\t\t<img decoding=\"async\" src=\"https:\/\/templatetoaster.com\/wp-content\/uploads\/2017\/04\/drag-drop.png\" class=\"img-responsive\" alt=\"Dra och sl\u00e4pp\">\n\t\t<\/div>\n<\/p>\n<\/div>\n<div class=\"clearfix visible-lg-block visible-md-block visible-sm-block\"><\/div>\n<div class=\"col-lg-4  col-md-4 col-sm-4 col-xs-6\">\n<div class=\"feature_wpimg\">\n\t\t\t<img decoding=\"async\" src=\"https:\/\/templatetoaster.com\/wp-content\/uploads\/2017\/04\/demo-templats.png\" class=\"img-responsive\" alt=\"demo teman\">\n\t\t<\/div>\n<\/p>\n<\/div>\n<div class=\"clearfix visible-xs-block\"><\/div>\n<div class=\"col-lg-4  col-md-4 col-sm-4 col-xs-6\">\n<div class=\"feature_wpimg\">\n\t\t\t<img decoding=\"async\" src=\"https:\/\/templatetoaster.com\/wp-content\/uploads\/2017\/04\/mega-menu.png\" class=\"img-responsive\" alt=\"Mega Menu\">\n\t\t<\/div>\n<\/p>\n<\/div>\n<div class=\"col-lg-4  col-md-4 col-sm-4 col-xs-6\">\n<div class=\"feature_wpimg\">\n\t\t\t<img decoding=\"async\" src=\"https:\/\/templatetoaster.com\/wp-content\/uploads\/2017\/04\/right-to-left.png\" class=\"img-responsive\" alt=\"H\u00f6ger till v\u00e4nster\">\n\t\t<\/div>\n<\/p>\n<\/div>\n<div class=\"clearfix visible-lg-block visible-md-block visible-sm-block visible-xs-block\"><\/div>\n<div class=\"col-lg-4  col-md-4 col-sm-4 col-xs-6\">\n<div class=\"feature_wpimg\">\n\t\t\t<img decoding=\"async\" src=\"https:\/\/templatetoaster.com\/wp-content\/uploads\/2017\/04\/amazing-slideshow.png\" class=\"img-responsive\" alt=\"fantastiska bildspel\">\n\t\t<\/div>\n<\/p>\n<\/div>\n<div class=\"col-lg-4  col-md-4 col-sm-4 col-xs-6\">\n<div class=\"feature_wpimg\">\n\t\t\t<img decoding=\"async\" src=\"https:\/\/templatetoaster.com\/wp-content\/uploads\/2017\/04\/zero-coding.png\" class=\"img-responsive\" alt=\"Zero Kodning\">\n\t\t<\/div>\n<\/p>\n<\/div>\n<div class=\"clearfix visible-xs-block\"><\/div>\n<div class=\"col-lg-4  col-md-4 col-sm-4 col-xs-6\">\n<div class=\"feature_wpimg\">\n\t\t\t<img decoding=\"async\" src=\"https:\/\/templatetoaster.com\/wp-content\/uploads\/2017\/04\/custom-css.png\" class=\"img-responsive\" alt=\"Anpassad CSS, JS och PHP\">\n\t\t<\/div>\n<\/p>\n<\/div>\n<div class=\"clearfix visible-lg-block visible-md-block visible-sm-block visible-xs-block\"><\/div>\n<\/div>\n<\/div>\n<\/div>\n<p><!--Section Gallery--><\/p>\n<div class=\"section7 wp-theme-generator\" style=\"padding:100px 10px; background-color:#f1f4f8;  margin-bottom:2px;\">\n<h2 style=\"text-transform:none;\">V\u00e5r standard<\/h2>\n<div class=\"row\">\n<div class=\"col-lg-4 col-md-4 col-sm-6 col-xs-12\">\n<div style=\"padding: 20px;\">\n<div class=\"text-center\">\n<div style=\"margin-right:10px; display: inline-block; float:none; vertical-align:middle; background-position: -75px -153px; width:75px;\" class=\"wp_feature landing_page_svg\"><\/div>\n<\/div>\n<h3 style=\"margin: 20px 0px 10px; text-align: center;\">W3C validering <\/h3>\n<p class=\"text-center\"> Teman som skapats med TemplateToaster program \u00e4r W3C giltiga och \u00f6verensst\u00e4mmer med internationella standarder. De g\u00f6r s\u00f6ml\u00f6st p\u00e5 alla st\u00f6rre webbl\u00e4sare.<\/p>\n<\/div>\n<\/div>\n<div class=\"clearfix visible-xs-block\"><\/div>\n<div class=\"col-lg-4 col-md-4 col-sm-6 col-xs-12\">\n<div style=\"padding: 20px;\">\n<div class=\"text-center\">\n<div style=\"margin-right:10px; display: inline-block; float:none; vertical-align:middle; background-position: -165px -153px; width:65px;\" class=\"wp_feature landing_page_svg\"><\/div>\n<\/div>\n<h3 style=\"margin:20px 0 10px; text-align:center\">HTML5 &amp; CSS3 Standards<\/h3>\n<p class=\"text-center\">TemplateToaster st\u00f6djer de senaste HTML5 och CSS3 standarder. Heavy upps\u00e4ttning Divar och bilder undviks vilket resulterar i l\u00e4tta teman.<\/p>\n<\/div>\n<\/div>\n<div class=\"clearfix visible-sm-block visible-xs-block\"><\/div>\n<div class=\"col-lg-4 col-md-4 col-sm-6 col-xs-12\">\n<div style=\"padding: 20px;\">\n<div class=\"text-center\">\n<div style=\"margin-right:10px; display: inline-block; float:none; vertical-align:middle; background-position: -260px -147px; width:65px;\" class=\"wp_feature landing_page_svg\"><\/div>\n<\/div>\n<h3 style=\"margin:20px 0 10px; text-align:center\"> Supersnabb hastighet<\/h3>\n<p class=\"text-center\">P\u00e5 grund av det faktum att tunga upps\u00e4ttning Divar och koder undviks, sidan hastigheten optimeras kraftigt. Denna optimering leder till mycket b\u00e4ttre anv\u00e4ndarupplevelse.<\/p>\n<\/div>\n<\/div>\n<div class=\"clearfix  visible-lg-block visible-md-block  visible-xs-block\"><\/div>\n<\/div>\n<\/div>\n<p><!---- section 6 starts ---><\/p>\n<div class=\"section6 wp-theme-generator\" style=\"padding:50px 10px;\">\n<div style=\"margin:70px 0px 20px;\">\n<h2>St\u00f6djer alla stora CMS<\/h2>\n<div class=\"section-center\" style=\"padding-bottom: 50px;\">\n<div class=\"main-cms-section\">\n<div class=\"cms-section\">\n<div class=\"text-center\">\n<div class=\"wp_feature landing_page_svg\" style=\"width: 120px; height: 120px; background-position:-135px -1025px;\"><\/div>\n<\/div>\n<\/div>\n<\/div>\n<div class=\"other-cms-section\">\n<div class=\"cms-section\">\n<div class=\"text-center\">\n<div class=\"wp_feature landing_page_svg\" style=\"width: 110px; height: 100px; background-position:-100px -596px;\"><\/div>\n<\/div>\n<\/div>\n<div class=\"cms-section\">\n<div class=\"text-center\">\n<div class=\"wp_feature landing_page_svg\" style=\"width: 130px; height: 100px; background-position:-212px -596px;\"><\/div>\n<\/div>\n<\/div>\n<div class=\"cms-section\">\n<div class=\"text-center\">\n<div class=\"wp_feature landing_page_svg\" style=\"width: 90px; height: 102px; background-position:-250px -377px;\"><\/div>\n<\/div>\n<\/div>\n<div class=\"cms-section\">\n<div class=\"text-center\">\n<div class=\"wp_feature landing_page_svg\" style=\"width: 100px; height: 102px; background-position:-160px -377px;\"><\/div>\n<\/div>\n<\/div>\n<div class=\"cms-section\">\n<div class=\"text-center\">\n<div class=\"wp_feature landing_page_svg\" style=\"width: 90px; height: 120px; background-position:12px -359px;\"><\/div>\n<\/div>\n<\/div>\n<div class=\"cms-section\">\n<div class=\"text-center\">\n<div class=\"wp_feature landing_page_svg\" style=\"width: 110px; height: 100px; background-position:-240px -495px;\"><\/div>\n<\/div>\n<\/div>\n<div class=\"cms-section\">\n<div class=\"text-center\">\n<div class=\"wp_feature landing_page_svg\" style=\"width: 110px; height: 100px; background-position:-0px -495px;\"><\/div>\n<\/div>\n<\/div>\n<div class=\"cms-section\">\n<div class=\"text-center\">\n<div class=\"wp_feature landing_page_svg\" style=\"width: 110px; height: 100px; background-position:-125px -495px;\"><\/div>\n<\/div>\n<\/div>\n<div class=\"cms-section\">\n<div class=\"text-center\">\n<div class=\"wp_feature landing_page_svg\" style=\"width: 110px; height: 100px; background-position:-0px -598px;\"><\/div>\n<\/div>\n<\/div>\n<\/div>\n<\/div>\n<div style=\"text-align:center; margin-top: 30px;\">\n<a href=\"https:\/\/templatetoaster.com\/sv\/download\" class=\"btn download_btn\">Ladda ner nu<\/a><\/div>\n<\/div>\n<\/div>\n","protected":false},"excerpt":{"rendered":"<p>En lysande tema Builder programvara f\u00f6r Drupal Inte bara utforma ett tema, v\u00e4va magi p\u00e5 din hemsida! Ladda ner nu Varf\u00f6r anv\u00e4nda TemplateToaster som Drupal Theme Generator Software? Till perfektion, prova TemplateToaster att utforma dessa \u201dpixel perfekt!\u201dDrupal teman. Inga CSS &hellip; <a href=\"https:\/\/templatetoaster.com\/sv\/drupal-theme-generator-2\">Continue Reading<span class=\"meta-nav\">&rarr;<\/span><\/a><\/p>\n","protected":false},"author":13434,"featured_media":0,"parent":0,"menu_order":0,"comment_status":"closed","ping_status":"closed","template":"","meta":{"footnotes":""},"yoast_head":"<!-- This site is optimized with the Yoast SEO plugin v23.5 - https:\/\/yoast.com\/wordpress\/plugins\/seo\/ -->\n<title>Drupal Tema Generator - TemplateToaster<\/title>\n<meta name=\"description\" content=\"TemplateToaster \u00e4r en Drupal Tema Generator\" \/>\n<meta name=\"robots\" content=\"index, follow, max-snippet:-1, max-image-preview:large, max-video-preview:-1\" \/>\n<link rel=\"canonical\" href=\"https:\/\/templatetoaster.com\/sv\/drupal-theme-generator-2\" \/>\n<meta property=\"og:locale\" content=\"sv_SE\" \/>\n<meta property=\"og:type\" content=\"article\" \/>\n<meta property=\"og:title\" content=\"Drupal Tema Generator - TemplateToaster\" \/>\n<meta property=\"og:description\" content=\"TemplateToaster \u00e4r en Drupal Tema Generator\" \/>\n<meta property=\"og:url\" content=\"https:\/\/templatetoaster.com\/sv\/drupal-theme-generator-2\" \/>\n<meta property=\"og:site_name\" content=\"TemplateToaster\" \/>\n<meta property=\"article:publisher\" content=\"https:\/\/www.facebook.com\/TemplateToaster\" \/>\n<meta property=\"article:modified_time\" content=\"2018-11-29T05:54:12+00:00\" \/>\n<meta property=\"og:image\" content=\"https:\/\/templatetoaster.com\/wp-content\/uploads\/2017\/04\/multiple-language.png\" \/>\n<meta name=\"twitter:card\" content=\"summary_large_image\" \/>\n<meta name=\"twitter:site\" content=\"@templatetoaster\" \/>\n<meta name=\"twitter:label1\" content=\"Ber\u00e4knad l\u00e4stid\" \/>\n\t<meta name=\"twitter:data1\" content=\"3 minuter\" \/>\n<script type=\"application\/ld+json\" class=\"yoast-schema-graph\">{\"@context\":\"https:\/\/schema.org\",\"@graph\":[{\"@type\":\"WebPage\",\"@id\":\"https:\/\/templatetoaster.com\/sv\/drupal-theme-generator-2\",\"url\":\"https:\/\/templatetoaster.com\/sv\/drupal-theme-generator-2\",\"name\":\"Drupal Tema Generator - TemplateToaster\",\"isPartOf\":{\"@id\":\"https:\/\/templatetoaster.com\/#website\"},\"primaryImageOfPage\":{\"@id\":\"https:\/\/templatetoaster.com\/sv\/drupal-theme-generator-2#primaryimage\"},\"image\":{\"@id\":\"https:\/\/templatetoaster.com\/sv\/drupal-theme-generator-2#primaryimage\"},\"thumbnailUrl\":\"https:\/\/templatetoaster.com\/wp-content\/uploads\/2017\/04\/multiple-language.png\",\"datePublished\":\"2018-04-13T12:04:38+00:00\",\"dateModified\":\"2018-11-29T05:54:12+00:00\",\"description\":\"TemplateToaster \u00e4r en Drupal Tema Generator\",\"breadcrumb\":{\"@id\":\"https:\/\/templatetoaster.com\/sv\/drupal-theme-generator-2#breadcrumb\"},\"inLanguage\":\"sv-SE\",\"potentialAction\":[{\"@type\":\"ReadAction\",\"target\":[\"https:\/\/templatetoaster.com\/sv\/drupal-theme-generator-2\"]}]},{\"@type\":\"ImageObject\",\"inLanguage\":\"sv-SE\",\"@id\":\"https:\/\/templatetoaster.com\/sv\/drupal-theme-generator-2#primaryimage\",\"url\":\"https:\/\/templatetoaster.com\/wp-content\/uploads\/2017\/04\/multiple-language.png\",\"contentUrl\":\"https:\/\/templatetoaster.com\/wp-content\/uploads\/2017\/04\/multiple-language.png\"},{\"@type\":\"BreadcrumbList\",\"@id\":\"https:\/\/templatetoaster.com\/sv\/drupal-theme-generator-2#breadcrumb\",\"itemListElement\":[{\"@type\":\"ListItem\",\"position\":1,\"name\":\"Home\",\"item\":\"https:\/\/templatetoaster.com\/sv\"},{\"@type\":\"ListItem\",\"position\":2,\"name\":\"Drupal Tema Generator\"}]},{\"@type\":\"WebSite\",\"@id\":\"https:\/\/templatetoaster.com\/#website\",\"url\":\"https:\/\/templatetoaster.com\/\",\"name\":\"TemplateToaster\",\"description\":\"\",\"publisher\":{\"@id\":\"https:\/\/templatetoaster.com\/#organization\"},\"inLanguage\":\"sv-SE\"},{\"@type\":\"Organization\",\"@id\":\"https:\/\/templatetoaster.com\/#organization\",\"name\":\"TemplateToaster\",\"url\":\"https:\/\/templatetoaster.com\/\",\"logo\":{\"@type\":\"ImageObject\",\"inLanguage\":\"sv-SE\",\"@id\":\"https:\/\/templatetoaster.com\/#\/schema\/logo\/image\/\",\"url\":\"https:\/\/templatetoaster.com\/wp-content\/uploads\/2019\/11\/TemplateToaster_Logo.jpg\",\"contentUrl\":\"https:\/\/templatetoaster.com\/wp-content\/uploads\/2019\/11\/TemplateToaster_Logo.jpg\",\"width\":85,\"height\":85,\"caption\":\"TemplateToaster\"},\"image\":{\"@id\":\"https:\/\/templatetoaster.com\/#\/schema\/logo\/image\/\"},\"sameAs\":[\"https:\/\/www.facebook.com\/TemplateToaster\",\"https:\/\/x.com\/templatetoaster\",\"https:\/\/www.instagram.com\/templatetoaster\/\",\"https:\/\/www.linkedin.com\/company\/templatetoaster\/\",\"https:\/\/www.pinterest.com\/templatetoaster\/\",\"https:\/\/www.youtube.com\/@TemplateToaster\"]}]}<\/script>\n<!-- \/ Yoast SEO plugin. -->","yoast_head_json":{"title":"Drupal Tema Generator - TemplateToaster","description":"TemplateToaster \u00e4r en Drupal Tema Generator","robots":{"index":"index","follow":"follow","max-snippet":"max-snippet:-1","max-image-preview":"max-image-preview:large","max-video-preview":"max-video-preview:-1"},"canonical":"https:\/\/templatetoaster.com\/sv\/drupal-theme-generator-2","og_locale":"sv_SE","og_type":"article","og_title":"Drupal Tema Generator - TemplateToaster","og_description":"TemplateToaster \u00e4r en Drupal Tema Generator","og_url":"https:\/\/templatetoaster.com\/sv\/drupal-theme-generator-2","og_site_name":"TemplateToaster","article_publisher":"https:\/\/www.facebook.com\/TemplateToaster","article_modified_time":"2018-11-29T05:54:12+00:00","og_image":[{"url":"https:\/\/templatetoaster.com\/wp-content\/uploads\/2017\/04\/multiple-language.png"}],"twitter_card":"summary_large_image","twitter_site":"@templatetoaster","twitter_misc":{"Ber\u00e4knad l\u00e4stid":"3 minuter"},"schema":{"@context":"https:\/\/schema.org","@graph":[{"@type":"WebPage","@id":"https:\/\/templatetoaster.com\/sv\/drupal-theme-generator-2","url":"https:\/\/templatetoaster.com\/sv\/drupal-theme-generator-2","name":"Drupal Tema Generator - TemplateToaster","isPartOf":{"@id":"https:\/\/templatetoaster.com\/#website"},"primaryImageOfPage":{"@id":"https:\/\/templatetoaster.com\/sv\/drupal-theme-generator-2#primaryimage"},"image":{"@id":"https:\/\/templatetoaster.com\/sv\/drupal-theme-generator-2#primaryimage"},"thumbnailUrl":"https:\/\/templatetoaster.com\/wp-content\/uploads\/2017\/04\/multiple-language.png","datePublished":"2018-04-13T12:04:38+00:00","dateModified":"2018-11-29T05:54:12+00:00","description":"TemplateToaster \u00e4r en Drupal Tema Generator","breadcrumb":{"@id":"https:\/\/templatetoaster.com\/sv\/drupal-theme-generator-2#breadcrumb"},"inLanguage":"sv-SE","potentialAction":[{"@type":"ReadAction","target":["https:\/\/templatetoaster.com\/sv\/drupal-theme-generator-2"]}]},{"@type":"ImageObject","inLanguage":"sv-SE","@id":"https:\/\/templatetoaster.com\/sv\/drupal-theme-generator-2#primaryimage","url":"https:\/\/templatetoaster.com\/wp-content\/uploads\/2017\/04\/multiple-language.png","contentUrl":"https:\/\/templatetoaster.com\/wp-content\/uploads\/2017\/04\/multiple-language.png"},{"@type":"BreadcrumbList","@id":"https:\/\/templatetoaster.com\/sv\/drupal-theme-generator-2#breadcrumb","itemListElement":[{"@type":"ListItem","position":1,"name":"Home","item":"https:\/\/templatetoaster.com\/sv"},{"@type":"ListItem","position":2,"name":"Drupal Tema Generator"}]},{"@type":"WebSite","@id":"https:\/\/templatetoaster.com\/#website","url":"https:\/\/templatetoaster.com\/","name":"TemplateToaster","description":"","publisher":{"@id":"https:\/\/templatetoaster.com\/#organization"},"inLanguage":"sv-SE"},{"@type":"Organization","@id":"https:\/\/templatetoaster.com\/#organization","name":"TemplateToaster","url":"https:\/\/templatetoaster.com\/","logo":{"@type":"ImageObject","inLanguage":"sv-SE","@id":"https:\/\/templatetoaster.com\/#\/schema\/logo\/image\/","url":"https:\/\/templatetoaster.com\/wp-content\/uploads\/2019\/11\/TemplateToaster_Logo.jpg","contentUrl":"https:\/\/templatetoaster.com\/wp-content\/uploads\/2019\/11\/TemplateToaster_Logo.jpg","width":85,"height":85,"caption":"TemplateToaster"},"image":{"@id":"https:\/\/templatetoaster.com\/#\/schema\/logo\/image\/"},"sameAs":["https:\/\/www.facebook.com\/TemplateToaster","https:\/\/x.com\/templatetoaster","https:\/\/www.instagram.com\/templatetoaster\/","https:\/\/www.linkedin.com\/company\/templatetoaster\/","https:\/\/www.pinterest.com\/templatetoaster\/","https:\/\/www.youtube.com\/@TemplateToaster"]}]}},"_links":{"self":[{"href":"https:\/\/templatetoaster.com\/sv\/wp-json\/wp\/v2\/pages\/4211"}],"collection":[{"href":"https:\/\/templatetoaster.com\/sv\/wp-json\/wp\/v2\/pages"}],"about":[{"href":"https:\/\/templatetoaster.com\/sv\/wp-json\/wp\/v2\/types\/page"}],"author":[{"embeddable":true,"href":"https:\/\/templatetoaster.com\/sv\/wp-json\/wp\/v2\/users\/13434"}],"replies":[{"embeddable":true,"href":"https:\/\/templatetoaster.com\/sv\/wp-json\/wp\/v2\/comments?post=4211"}],"version-history":[{"count":3,"href":"https:\/\/templatetoaster.com\/sv\/wp-json\/wp\/v2\/pages\/4211\/revisions"}],"predecessor-version":[{"id":6128,"href":"https:\/\/templatetoaster.com\/sv\/wp-json\/wp\/v2\/pages\/4211\/revisions\/6128"}],"wp:attachment":[{"href":"https:\/\/templatetoaster.com\/sv\/wp-json\/wp\/v2\/media?parent=4211"}],"curies":[{"name":"wp","href":"https:\/\/api.w.org\/{rel}","templated":true}]}}