{"id":4207,"date":"2018-04-13T12:02:34","date_gmt":"2018-04-13T12:02:34","guid":{"rendered":"http:\/\/templatetoaster.com?page_id=4207"},"modified":"2019-08-20T09:27:56","modified_gmt":"2019-08-20T09:27:56","slug":"download","status":"publish","type":"page","link":"https:\/\/templatetoaster.com\/sv\/download","title":{"rendered":"Ladda ner"},"content":{"rendered":"<div class=\"ttr_download_section\">\n<h1 class=\"heading_border heading2\" style=\"background-size: 362px 1px;\">Ladda ner TemplateToaster<\/h1>\n<p>Senaste TemplateToaster versionen finns p\u00e5 denna sida. Vi erbjuder obegr\u00e4nsad produkt r\u00e4tteg\u00e5ng, Du kan <a style=\"text-decoration: underline;\" href=\"https:\/\/kb.templatetoaster.com\/templatetoaster-license-activation\/\" target=\"_blank\" rel=\"noopener\">Aktivera<\/a> TemplateToaster n\u00e4r som helst genom att k\u00f6pa din aktiveringsnyckel fr\u00e5n v\u00e5ra <a style=\"text-decoration: underline;\" href=\"https:\/\/templatetoaster.com\/sv\/purchase\" target=\"_blank\" rel=\"noopener\">Sidan K\u00f6p<\/a> .<\/p>\n<div class=\"download_side\" style=\"text-align: center; font-size: 10px;\">\n<div class=\"download-release\"><a class=\"btn download_button\" href=\"https:\/\/templatetoaster.com\/downloads\/TemplateToaster.exe\">Ladda ner nu<\/a><\/p>\n<div class=\"download-version\">\n<p><b>Version: 8.1.0.21130 <\/b><\/p>\n<p>Releasedatum: Mar 23, 2026<\/p>\n<p><a style=\"font-size: 14px;\" href=\"https:\/\/templatetoaster.com\/changelog\">(Changelog) <\/a><br \/>\n&nbsp;<\/p>\n<p><a style=\"font-size: 16px;\" href=\"https:\/\/templatetoaster.com\/downloads\/beta\/TemplateToaster-web.exe\">Ladda ner <\/a> TemplateToaster v8 Beta<\/p>\n<p>(<a style=\"font-size: 14px;\" href=\"https:\/\/templatetoaster.com\/templatetoaster-8\" target=\"_blank\" rel=\"noopener\">Vad \u00e4r nytt<\/a>)\n<\/div>\n<\/div>\n<\/div>\n<\/div>\n<div class=\"clearfix\"><\/div>\n<div class=\"ttr_download_section2 row\">\n<div class=\"ttr_download_section_content\">\n<h2 style=\"font-weight: 500;\">Systemkrav<\/h2>\n<p>&nbsp;<\/p>\n<p>Windows XP(SP3), Vista, Windows 7, Windows 8, Windows 8.1, Windows 10<\/p>\n<p>MAC Through Virtual Machines<\/p>\n<\/div>\n<\/div>\n","protected":false},"excerpt":{"rendered":"<p>Ladda ner TemplateToaster Senaste TemplateToaster versionen finns p\u00e5 denna sida. Vi erbjuder obegr\u00e4nsad produkt r\u00e4tteg\u00e5ng, Du kan Aktivera TemplateToaster n\u00e4r som helst genom att k\u00f6pa din aktiveringsnyckel fr\u00e5n v\u00e5ra Sidan K\u00f6p . Ladda ner nu Version: Releasedatum: (Changelog) &nbsp; Ladda &hellip; <a href=\"https:\/\/templatetoaster.com\/sv\/download\">Continue Reading<span class=\"meta-nav\">&rarr;<\/span><\/a><\/p>\n","protected":false},"author":13434,"featured_media":0,"parent":0,"menu_order":0,"comment_status":"closed","ping_status":"closed","template":"PageTemplate1.php","meta":{"footnotes":""},"yoast_head":"<!-- This site is optimized with the Yoast SEO plugin v23.5 - https:\/\/yoast.com\/wordpress\/plugins\/seo\/ -->\n<title>Ladda ner - TemplateToaster<\/title>\n<meta name=\"description\" content=\"Ladda ner TemplateToaster\" \/>\n<meta name=\"robots\" content=\"index, follow, max-snippet:-1, max-image-preview:large, max-video-preview:-1\" \/>\n<link rel=\"canonical\" href=\"https:\/\/templatetoaster.com\/sv\/download\" \/>\n<meta property=\"og:locale\" content=\"sv_SE\" \/>\n<meta property=\"og:type\" content=\"article\" \/>\n<meta property=\"og:title\" content=\"Ladda ner - TemplateToaster\" \/>\n<meta property=\"og:description\" content=\"Ladda ner TemplateToaster\" \/>\n<meta property=\"og:url\" content=\"https:\/\/templatetoaster.com\/sv\/download\" \/>\n<meta property=\"og:site_name\" content=\"TemplateToaster\" \/>\n<meta property=\"article:publisher\" content=\"https:\/\/www.facebook.com\/TemplateToaster\" \/>\n<meta property=\"article:modified_time\" content=\"2019-08-20T09:27:56+00:00\" \/>\n<meta property=\"og:image\" content=\"https:\/\/templatetoaster.com\/wp-content\/uploads\/2015\/07\/TemplateToaster-325X325.png\" \/>\n\t<meta property=\"og:image:width\" content=\"325\" \/>\n\t<meta property=\"og:image:height\" content=\"325\" \/>\n\t<meta property=\"og:image:type\" content=\"image\/png\" \/>\n<meta name=\"twitter:card\" content=\"summary_large_image\" \/>\n<meta name=\"twitter:site\" content=\"@templatetoaster\" \/>\n<script type=\"application\/ld+json\" class=\"yoast-schema-graph\">{\"@context\":\"https:\/\/schema.org\",\"@graph\":[{\"@type\":\"WebPage\",\"@id\":\"https:\/\/templatetoaster.com\/sv\/download\",\"url\":\"https:\/\/templatetoaster.com\/sv\/download\",\"name\":\"Ladda ner - TemplateToaster\",\"isPartOf\":{\"@id\":\"https:\/\/templatetoaster.com\/#website\"},\"datePublished\":\"2018-04-13T12:02:34+00:00\",\"dateModified\":\"2019-08-20T09:27:56+00:00\",\"description\":\"Ladda ner TemplateToaster\",\"breadcrumb\":{\"@id\":\"https:\/\/templatetoaster.com\/sv\/download#breadcrumb\"},\"inLanguage\":\"sv-SE\",\"potentialAction\":[{\"@type\":\"ReadAction\",\"target\":[\"https:\/\/templatetoaster.com\/sv\/download\"]}]},{\"@type\":\"BreadcrumbList\",\"@id\":\"https:\/\/templatetoaster.com\/sv\/download#breadcrumb\",\"itemListElement\":[{\"@type\":\"ListItem\",\"position\":1,\"name\":\"Home\",\"item\":\"https:\/\/templatetoaster.com\/sv\"},{\"@type\":\"ListItem\",\"position\":2,\"name\":\"Ladda ner\"}]},{\"@type\":\"WebSite\",\"@id\":\"https:\/\/templatetoaster.com\/#website\",\"url\":\"https:\/\/templatetoaster.com\/\",\"name\":\"TemplateToaster\",\"description\":\"\",\"publisher\":{\"@id\":\"https:\/\/templatetoaster.com\/#organization\"},\"inLanguage\":\"sv-SE\"},{\"@type\":\"Organization\",\"@id\":\"https:\/\/templatetoaster.com\/#organization\",\"name\":\"TemplateToaster\",\"url\":\"https:\/\/templatetoaster.com\/\",\"logo\":{\"@type\":\"ImageObject\",\"inLanguage\":\"sv-SE\",\"@id\":\"https:\/\/templatetoaster.com\/#\/schema\/logo\/image\/\",\"url\":\"https:\/\/templatetoaster.com\/wp-content\/uploads\/2019\/11\/TemplateToaster_Logo.jpg\",\"contentUrl\":\"https:\/\/templatetoaster.com\/wp-content\/uploads\/2019\/11\/TemplateToaster_Logo.jpg\",\"width\":85,\"height\":85,\"caption\":\"TemplateToaster\"},\"image\":{\"@id\":\"https:\/\/templatetoaster.com\/#\/schema\/logo\/image\/\"},\"sameAs\":[\"https:\/\/www.facebook.com\/TemplateToaster\",\"https:\/\/x.com\/templatetoaster\",\"https:\/\/www.instagram.com\/templatetoaster\/\",\"https:\/\/www.linkedin.com\/company\/templatetoaster\/\",\"https:\/\/www.pinterest.com\/templatetoaster\/\",\"https:\/\/www.youtube.com\/@TemplateToaster\"]}]}<\/script>\n<!-- \/ Yoast SEO plugin. -->","yoast_head_json":{"title":"Ladda ner - TemplateToaster","description":"Ladda ner TemplateToaster","robots":{"index":"index","follow":"follow","max-snippet":"max-snippet:-1","max-image-preview":"max-image-preview:large","max-video-preview":"max-video-preview:-1"},"canonical":"https:\/\/templatetoaster.com\/sv\/download","og_locale":"sv_SE","og_type":"article","og_title":"Ladda ner - TemplateToaster","og_description":"Ladda ner TemplateToaster","og_url":"https:\/\/templatetoaster.com\/sv\/download","og_site_name":"TemplateToaster","article_publisher":"https:\/\/www.facebook.com\/TemplateToaster","article_modified_time":"2019-08-20T09:27:56+00:00","og_image":[{"width":325,"height":325,"url":"https:\/\/templatetoaster.com\/wp-content\/uploads\/2015\/07\/TemplateToaster-325X325.png","type":"image\/png"}],"twitter_card":"summary_large_image","twitter_site":"@templatetoaster","schema":{"@context":"https:\/\/schema.org","@graph":[{"@type":"WebPage","@id":"https:\/\/templatetoaster.com\/sv\/download","url":"https:\/\/templatetoaster.com\/sv\/download","name":"Ladda ner - TemplateToaster","isPartOf":{"@id":"https:\/\/templatetoaster.com\/#website"},"datePublished":"2018-04-13T12:02:34+00:00","dateModified":"2019-08-20T09:27:56+00:00","description":"Ladda ner TemplateToaster","breadcrumb":{"@id":"https:\/\/templatetoaster.com\/sv\/download#breadcrumb"},"inLanguage":"sv-SE","potentialAction":[{"@type":"ReadAction","target":["https:\/\/templatetoaster.com\/sv\/download"]}]},{"@type":"BreadcrumbList","@id":"https:\/\/templatetoaster.com\/sv\/download#breadcrumb","itemListElement":[{"@type":"ListItem","position":1,"name":"Home","item":"https:\/\/templatetoaster.com\/sv"},{"@type":"ListItem","position":2,"name":"Ladda ner"}]},{"@type":"WebSite","@id":"https:\/\/templatetoaster.com\/#website","url":"https:\/\/templatetoaster.com\/","name":"TemplateToaster","description":"","publisher":{"@id":"https:\/\/templatetoaster.com\/#organization"},"inLanguage":"sv-SE"},{"@type":"Organization","@id":"https:\/\/templatetoaster.com\/#organization","name":"TemplateToaster","url":"https:\/\/templatetoaster.com\/","logo":{"@type":"ImageObject","inLanguage":"sv-SE","@id":"https:\/\/templatetoaster.com\/#\/schema\/logo\/image\/","url":"https:\/\/templatetoaster.com\/wp-content\/uploads\/2019\/11\/TemplateToaster_Logo.jpg","contentUrl":"https:\/\/templatetoaster.com\/wp-content\/uploads\/2019\/11\/TemplateToaster_Logo.jpg","width":85,"height":85,"caption":"TemplateToaster"},"image":{"@id":"https:\/\/templatetoaster.com\/#\/schema\/logo\/image\/"},"sameAs":["https:\/\/www.facebook.com\/TemplateToaster","https:\/\/x.com\/templatetoaster","https:\/\/www.instagram.com\/templatetoaster\/","https:\/\/www.linkedin.com\/company\/templatetoaster\/","https:\/\/www.pinterest.com\/templatetoaster\/","https:\/\/www.youtube.com\/@TemplateToaster"]}]}},"_links":{"self":[{"href":"https:\/\/templatetoaster.com\/sv\/wp-json\/wp\/v2\/pages\/4207"}],"collection":[{"href":"https:\/\/templatetoaster.com\/sv\/wp-json\/wp\/v2\/pages"}],"about":[{"href":"https:\/\/templatetoaster.com\/sv\/wp-json\/wp\/v2\/types\/page"}],"author":[{"embeddable":true,"href":"https:\/\/templatetoaster.com\/sv\/wp-json\/wp\/v2\/users\/13434"}],"replies":[{"embeddable":true,"href":"https:\/\/templatetoaster.com\/sv\/wp-json\/wp\/v2\/comments?post=4207"}],"version-history":[{"count":5,"href":"https:\/\/templatetoaster.com\/sv\/wp-json\/wp\/v2\/pages\/4207\/revisions"}],"predecessor-version":[{"id":64764,"href":"https:\/\/templatetoaster.com\/sv\/wp-json\/wp\/v2\/pages\/4207\/revisions\/64764"}],"wp:attachment":[{"href":"https:\/\/templatetoaster.com\/sv\/wp-json\/wp\/v2\/media?parent=4207"}],"curies":[{"name":"wp","href":"https:\/\/api.w.org\/{rel}","templated":true}]}}