{"id":4196,"date":"2018-04-13T11:57:38","date_gmt":"2018-04-13T11:57:38","guid":{"rendered":"http:\/\/templatetoaster.com?page_id=4196"},"modified":"2018-04-13T11:57:38","modified_gmt":"2018-04-13T11:57:38","slug":"bootstrap-website-builder","status":"publish","type":"page","link":"https:\/\/templatetoaster.com\/sv\/bootstrap-website-builder","title":{"rendered":"Bootstrap Website Builder"},"content":{"rendered":"<div class=\"remove_collapsing_margins\"><\/div>\n<div class=\"section1 wp-theme-generator\">\n<div style=\"margin: 115px 0 16px;\">\n<div class=\"section1-inner\">\n<h1>En robust Bootstrap webbplatsen Builder Software<\/h1>\n<p class=\"text-center\">TemplateToaster bygger p\u00e5 Bootstrap ramverk. Det fungerar som en perfekt Bootstrap webbplatsen Builder Software att leverera exceptionellt k\u00e4nsliga webbplatser.  <\/p>\n<p><br clear=\"all\"><\/p>\n<\/div>\n<div style=\"text-align:center;\">\n<a href=\"https:\/\/templatetoaster.com\/download\" class=\"btn download_btn\">Ladda ner nu<\/a><\/div>\n<div class=\"clearfix\"><\/div>\n<\/div>\n<\/div>\n<p><!--- What is TemplateToaster Section ---><\/p>\n<div class=\"section2 wp-theme-generator\">\n<div class=\"section2-inner-bs\">\n<h2>Varf\u00f6r anv\u00e4nda TemplateToaster som Bootstrap baserad webbplats Builder Software?<\/h2>\n<p>TemplateToaster \u00e4r perfekt inb\u00e4ddade med Bootstrap rutn\u00e4t f\u00f6r att producera mycket optimala resultat. Dessutom, denna desktop baserad programvara \u00e4r endast avsedd f\u00f6r att skapa mycket professionella hemsidor med b\u00e4sta anv\u00e4ndarupplevelsen. Det ger sig ut p\u00e5 kr\u00e5ngel anv\u00e4ndbarhet f\u00f6r amat\u00f6rer s\u00e5v\u00e4l som professionella. Det l\u00e5ter dig skapa din dr\u00f6m webbplats fr\u00e5n grunden sm\u00e4rtfritt. D\u00e4rav, allt du beh\u00f6ver \u00e4r en vision f\u00f6r din webbplats och TemplateToaster kommer att f\u00f6ra den till liv! <\/p>\n<\/div>\n<div class=\"row section2-bs\">\n<div class=\"col-lg-4 col-md-4 col-sm-6 col-xs-12\">\n<div style=\"padding: 20px;\">\n<p class=\"text-center\"><span style=\"margin-right:10px; display: inline-block; float:none; vertical-align:middle; background-position: -155px -1600px; width:75px;\" class=\"wp_feature landing_page_svg\"><\/span><\/p>\n<h3 style=\"margin: 20px 0px 10px; text-align: center;\">kod standardisering\t <\/h3>\n<p class=\"text-center\"> Som Bootstrap Framework \u00e4r v\u00e4l k\u00e4nt f\u00f6r sin standardiserade ren kod. TemplateToaster f\u00f6ljer den och generera fantastiska teman baserat p\u00e5 Bootstrap ramverk.<\/p>\n<\/div>\n<\/div>\n<div class=\"clearfix visible-xs-block\"><\/div>\n<div class=\"col-lg-4 col-md-4 col-sm-6 col-xs-12\">\n<div style=\"padding: 20px;\">\n<p class=\"text-center\"><span style=\"margin-right:10px; display: inline-block; float:none; vertical-align:middle; background-position: -165px -153px; width:65px;\" class=\"wp_feature landing_page_svg\"><\/span><\/p>\n<h3 style=\"margin:20px 0 10px; text-align:center\">v\u00e4lbekant gr\u00e4nssnitt<\/h3>\n<p class=\"text-center\">Numera n\u00e4stan varje webbdesigner \u00e4r bekant med Bootstrap, Det har utvecklats i fr\u00e5ga om utveckling. S\u00e5, anst\u00e4lla TemplateToaster blir inte mindre \u00e4n en kaka promenad.<\/p>\n<\/div>\n<\/div>\n<div class=\"clearfix visible-sm-block visible-xs-block\"><\/div>\n<div class=\"col-lg-4 col-md-4 col-sm-6 col-xs-12\">\n<div style=\"padding: 20px;\">\n<p class=\"text-center\"><span style=\"margin-right:10px; display: inline-block; float:none; vertical-align:middle; background-position: -10px -242px; width:65px;\" class=\"wp_feature landing_page_svg\"><\/span><\/p>\n<h3 style=\"margin:20px 0 10px; text-align:center\"> lyh\u00f6rdhet<\/h3>\n<p class=\"text-center\">Bootstrap lyh\u00f6rdhet raser i TemplateToaster, d\u00e4rigenom, g\u00f6ra din webbplats enhet v\u00e4nligare \u00e4n n\u00e5gonsin tidigare. <\/p>\n<\/div>\n<\/div>\n<div class=\"clearfix  visible-lg-block visible-md-block  visible-xs-block\"><\/div>\n<\/div>\n<p>Vi \u00e4r helt inriktade upp f\u00f6r att ut\u00f6ka kompatibiliteten med Bootstrap 4, s\u00e5 snart den startar.<\/p>\n<\/div>\n<p><!---- section 3 starts ---><\/p>\n<div class=\"section3 wp-theme-generator\">\n<div class=\"section3-inner\">\n<h2>Hur TemplateToaster Works?<\/h2>\n<div class=\"row\">\n<div class=\"col-lg-4 col-md-4 col-sm-6 col-xs-12\">\n<div class=\"media\">\n<span class=\"landing_page_svg\" style=\"background-position: 20px -690px; display: block; height: 115px; margin: auto; width: 142px;\"><\/span><\/p>\n<h3 class=\"text-center\">H\u00e4mta<\/h3>\n<p class=\"text-center\">Du erbjuds ett obegr\u00e4nsat r\u00e4tteg\u00e5ng avseende inga kostnader. H\u00e4mta, Installera &#038; Kom ig\u00e5ng med det.<\/p>\n<\/div>\n<\/div>\n<div class=\"clearfix visible-xs-block\"><\/div>\n<div class=\"col-lg-4 col-md-4 col-sm-6 col-xs-12\">\n<div class=\"media\">\n<span class=\"landing_page_svg\" style=\"background-position: -115px -690px; display: block; height: 115px; margin: auto; width: 142px;\"><\/span><\/p>\n<h3 class=\"text-center\">designteman \/ mallar \/ webbplatser<\/h3>\n<p class=\"text-center\">Design enligt dina \u00f6nskem\u00e5l; du kan b\u00f6rja om fr\u00e5n b\u00f6rjan eller skr\u00e4ddarsy n\u00e5got prov mall tillg\u00e4ngliga f\u00f6r dig.  <\/p>\n<\/div>\n<\/div>\n<div class=\"clearfix visible-sm-block visible-xs-block\"><\/div>\n<div class=\"col-lg-4 col-md-4 col-sm-6 col-xs-12\">\n<div class=\"media\">\n<span class=\"landing_page_svg\" style=\"background-position: -240px -690px; display: block; height: 115px; margin: auto; width: 142px;\"><\/span><\/p>\n<h3 class=\"text-center\">Export och upp<\/h3>\n<p class=\"text-center\">N\u00e4r du har designen klar, exportera temafiler, och ladda upp dem p\u00e5 ditt webbhotell server.<\/p>\n<\/div>\n<\/div>\n<div class=\"clearfix visible-lg-block visible-md-block visible-sm-block visible-xs-block\"><\/div>\n<\/div>\n<\/div>\n<\/div>\n<p><!---- section 6 starts ---><\/p>\n<div class=\"section6 \twp-theme-generator\" style=\"padding:50px 10px; background-color: #f1f4f8;\">\n<div style=\"margin:70px 0px 20px;\">\n<h2>WordPress Bootstrap Theme Builder<\/h2>\n<div class=\"section-center\" style=\"padding-bottom: 20px;\">\n<div class=\"main-cms-section\">\n<div class=\"cms-section\">\n<h3 class=\"text-center\"><span class=\"wp_feature landing_page_svg\" style=\"width: 120px; height: 120px; background-position:-85px -250px;\"><\/span><\/h3>\n<\/div>\n<div class=\"cms-section\">\n<h3 class=\"text-center\"><span class=\"wp_feature landing_page_svg\" style=\"width: 150px; height: 120px; background-position:-200px -250px;\"><\/span><\/h3>\n<\/div>\n<\/div>\n<div class=\"other-cms-section\">\n<div class=\"cms-section\">\n<h3 class=\"text-center\"><span class=\"wp_feature landing_page_svg\" style=\"width: 110px; height: 100px; background-position:20px -380px;\"><\/span><\/h3>\n<\/div>\n<div class=\"cms-section\">\n<h3 class=\"text-center\"><span class=\"wp_feature landing_page_svg\" style=\"width: 110px; height: 102px; background-position:-68px -380px;\"><\/span><\/h3>\n<\/div>\n<div class=\"cms-section\">\n<h3 class=\"text-center\"><span class=\"wp_feature landing_page_svg\" style=\"width: 110px; height: 102px; background-position:-160px -380px;\"><\/span><\/h3>\n<\/div>\n<div class=\"cms-section\">\n<h3 class=\"text-center\"><span class=\"wp_feature landing_page_svg\" style=\"width: 110px; height: 100px; background-position:-260px -380px;\"><\/span><\/h3>\n<\/div>\n<div class=\"cms-section\">\n<h3 class=\"text-center\"><span class=\"wp_feature landing_page_svg\" style=\"width: 110px; height: 100px; background-position:-0px -495px;\"><\/span><\/h3>\n<\/div>\n<div class=\"cms-section\">\n<h3 class=\"text-center\"><span class=\"wp_feature landing_page_svg\" style=\"width: 110px; height: 100px; background-position:-125px -495px;\"><\/span><\/h3>\n<\/div>\n<div class=\"cms-section\">\n<h3 class=\"text-center\"><span class=\"wp_feature landing_page_svg\" style=\"width: 110px; height: 100px; background-position:-240px -495px;\"><\/span><\/h3>\n<\/div>\n<div class=\"cms-section\">\n<h3 class=\"text-center\"><span class=\"wp_feature landing_page_svg\" style=\"width: 110px; height: 100px; background-position:-0px -600px;\"><\/span><\/h3>\n<\/div>\n<div class=\"section6-bs os-content\">\n<p>TemplateToaster kan fungera perfekt som din egen WordPress Bootstrap Theme Builder. Design Bootstrap baserade teman f\u00f6r WordPress, felfritt, utan att beh\u00f6va oroa sig f\u00f6r Bootstrap funktionalitet och lyh\u00f6rdhet blir h\u00e4mmas. <\/p>\n<\/p>\n<p>Det blir ganska smidigare att generera Bootstrap baserade mallar f\u00f6r andra popul\u00e4ra CMS som Joomla och Drupal. Liknande, TemplateToaster kan utforma Bootstrap baserade teman f\u00f6r e-handel webbplatser med Magento, Prestashop, VirtueMart, och Opencart. Dessutom, Det g\u00e4ller \u00e4ven kompatibilitet f\u00f6r grundl\u00e4ggande HTML och Blogger samt. <\/p>\n<\/p>\n<p>TemplateToaster \u00e4r inb\u00e4ddad med Bootstrap ram exakt. Detta syftar till att g\u00f6ra en optimal anv\u00e4ndarupplevelse p\u00e5 alla enheter. Vilket g\u00f6r det till ett l\u00e4mpligt val som en perfekt Bootstrap webbplatsen Builder. S\u00e5, g\u00f6ra din dr\u00f6m webbplats med TemplateToaster p\u00e5 nolltid. <\/p>\n<\/div>\n<\/div>\n<\/div>\n<div style=\"text-align:center; margin-top: 30px;\">\n<a href=\"https:\/\/templatetoaster.com\/download\" class=\"btn download_btn\">Ladda ner nu<\/a><\/div>\n<\/div>\n<\/div>\n","protected":false},"excerpt":{"rendered":"<p>En robust Bootstrap webbplatsen Builder Software TemplateToaster bygger p\u00e5 Bootstrap ramverk. Det fungerar som en perfekt Bootstrap webbplatsen Builder Software att leverera exceptionellt k\u00e4nsliga webbplatser. Ladda ner nu Varf\u00f6r anv\u00e4nda TemplateToaster som Bootstrap baserad webbplats Builder Software? TemplateToaster \u00e4r perfekt &hellip; <a href=\"https:\/\/templatetoaster.com\/sv\/bootstrap-website-builder\">Continue Reading<span class=\"meta-nav\">&rarr;<\/span><\/a><\/p>\n","protected":false},"author":13434,"featured_media":0,"parent":0,"menu_order":0,"comment_status":"closed","ping_status":"closed","template":"","meta":{"footnotes":""},"yoast_head":"<!-- This site is optimized with the Yoast SEO plugin v23.5 - https:\/\/yoast.com\/wordpress\/plugins\/seo\/ -->\n<title>Bootstrap Website Builder - TemplateToaster<\/title>\n<meta name=\"description\" content=\"TemplateToaster \u00e4r en Bootstrap Website Builder\" \/>\n<meta name=\"robots\" content=\"index, follow, max-snippet:-1, max-image-preview:large, max-video-preview:-1\" \/>\n<link rel=\"canonical\" href=\"https:\/\/templatetoaster.com\/sv\/bootstrap-website-builder\" \/>\n<meta property=\"og:locale\" content=\"sv_SE\" \/>\n<meta property=\"og:type\" content=\"article\" \/>\n<meta property=\"og:title\" content=\"Bootstrap Website Builder - TemplateToaster\" \/>\n<meta property=\"og:description\" content=\"TemplateToaster \u00e4r en Bootstrap Website Builder\" \/>\n<meta property=\"og:url\" content=\"https:\/\/templatetoaster.com\/sv\/bootstrap-website-builder\" \/>\n<meta property=\"og:site_name\" content=\"TemplateToaster\" \/>\n<meta property=\"article:publisher\" content=\"https:\/\/www.facebook.com\/TemplateToaster\" \/>\n<meta property=\"og:image\" content=\"https:\/\/templatetoaster.com\/wp-content\/uploads\/2015\/07\/TemplateToaster-325X325.png\" \/>\n\t<meta property=\"og:image:width\" content=\"325\" \/>\n\t<meta property=\"og:image:height\" content=\"325\" \/>\n\t<meta property=\"og:image:type\" content=\"image\/png\" \/>\n<meta name=\"twitter:card\" content=\"summary_large_image\" \/>\n<meta name=\"twitter:site\" content=\"@templatetoaster\" \/>\n<meta name=\"twitter:label1\" content=\"Ber\u00e4knad l\u00e4stid\" \/>\n\t<meta name=\"twitter:data1\" content=\"2 minuter\" \/>\n<script type=\"application\/ld+json\" class=\"yoast-schema-graph\">{\"@context\":\"https:\/\/schema.org\",\"@graph\":[{\"@type\":\"WebPage\",\"@id\":\"https:\/\/templatetoaster.com\/sv\/bootstrap-website-builder\",\"url\":\"https:\/\/templatetoaster.com\/sv\/bootstrap-website-builder\",\"name\":\"Bootstrap Website Builder - TemplateToaster\",\"isPartOf\":{\"@id\":\"https:\/\/templatetoaster.com\/#website\"},\"datePublished\":\"2018-04-13T11:57:38+00:00\",\"dateModified\":\"2018-04-13T11:57:38+00:00\",\"description\":\"TemplateToaster \u00e4r en Bootstrap Website Builder\",\"breadcrumb\":{\"@id\":\"https:\/\/templatetoaster.com\/sv\/bootstrap-website-builder#breadcrumb\"},\"inLanguage\":\"sv-SE\",\"potentialAction\":[{\"@type\":\"ReadAction\",\"target\":[\"https:\/\/templatetoaster.com\/sv\/bootstrap-website-builder\"]}]},{\"@type\":\"BreadcrumbList\",\"@id\":\"https:\/\/templatetoaster.com\/sv\/bootstrap-website-builder#breadcrumb\",\"itemListElement\":[{\"@type\":\"ListItem\",\"position\":1,\"name\":\"Home\",\"item\":\"https:\/\/templatetoaster.com\/sv\"},{\"@type\":\"ListItem\",\"position\":2,\"name\":\"Bootstrap Website Builder\"}]},{\"@type\":\"WebSite\",\"@id\":\"https:\/\/templatetoaster.com\/#website\",\"url\":\"https:\/\/templatetoaster.com\/\",\"name\":\"TemplateToaster\",\"description\":\"\",\"publisher\":{\"@id\":\"https:\/\/templatetoaster.com\/#organization\"},\"inLanguage\":\"sv-SE\"},{\"@type\":\"Organization\",\"@id\":\"https:\/\/templatetoaster.com\/#organization\",\"name\":\"TemplateToaster\",\"url\":\"https:\/\/templatetoaster.com\/\",\"logo\":{\"@type\":\"ImageObject\",\"inLanguage\":\"sv-SE\",\"@id\":\"https:\/\/templatetoaster.com\/#\/schema\/logo\/image\/\",\"url\":\"https:\/\/templatetoaster.com\/wp-content\/uploads\/2019\/11\/TemplateToaster_Logo.jpg\",\"contentUrl\":\"https:\/\/templatetoaster.com\/wp-content\/uploads\/2019\/11\/TemplateToaster_Logo.jpg\",\"width\":85,\"height\":85,\"caption\":\"TemplateToaster\"},\"image\":{\"@id\":\"https:\/\/templatetoaster.com\/#\/schema\/logo\/image\/\"},\"sameAs\":[\"https:\/\/www.facebook.com\/TemplateToaster\",\"https:\/\/x.com\/templatetoaster\",\"https:\/\/www.instagram.com\/templatetoaster\/\",\"https:\/\/www.linkedin.com\/company\/templatetoaster\/\",\"https:\/\/www.pinterest.com\/templatetoaster\/\",\"https:\/\/www.youtube.com\/@TemplateToaster\"]}]}<\/script>\n<!-- \/ Yoast SEO plugin. -->","yoast_head_json":{"title":"Bootstrap Website Builder - TemplateToaster","description":"TemplateToaster \u00e4r en Bootstrap Website Builder","robots":{"index":"index","follow":"follow","max-snippet":"max-snippet:-1","max-image-preview":"max-image-preview:large","max-video-preview":"max-video-preview:-1"},"canonical":"https:\/\/templatetoaster.com\/sv\/bootstrap-website-builder","og_locale":"sv_SE","og_type":"article","og_title":"Bootstrap Website Builder - TemplateToaster","og_description":"TemplateToaster \u00e4r en Bootstrap Website Builder","og_url":"https:\/\/templatetoaster.com\/sv\/bootstrap-website-builder","og_site_name":"TemplateToaster","article_publisher":"https:\/\/www.facebook.com\/TemplateToaster","og_image":[{"width":325,"height":325,"url":"https:\/\/templatetoaster.com\/wp-content\/uploads\/2015\/07\/TemplateToaster-325X325.png","type":"image\/png"}],"twitter_card":"summary_large_image","twitter_site":"@templatetoaster","twitter_misc":{"Ber\u00e4knad l\u00e4stid":"2 minuter"},"schema":{"@context":"https:\/\/schema.org","@graph":[{"@type":"WebPage","@id":"https:\/\/templatetoaster.com\/sv\/bootstrap-website-builder","url":"https:\/\/templatetoaster.com\/sv\/bootstrap-website-builder","name":"Bootstrap Website Builder - TemplateToaster","isPartOf":{"@id":"https:\/\/templatetoaster.com\/#website"},"datePublished":"2018-04-13T11:57:38+00:00","dateModified":"2018-04-13T11:57:38+00:00","description":"TemplateToaster \u00e4r en Bootstrap Website Builder","breadcrumb":{"@id":"https:\/\/templatetoaster.com\/sv\/bootstrap-website-builder#breadcrumb"},"inLanguage":"sv-SE","potentialAction":[{"@type":"ReadAction","target":["https:\/\/templatetoaster.com\/sv\/bootstrap-website-builder"]}]},{"@type":"BreadcrumbList","@id":"https:\/\/templatetoaster.com\/sv\/bootstrap-website-builder#breadcrumb","itemListElement":[{"@type":"ListItem","position":1,"name":"Home","item":"https:\/\/templatetoaster.com\/sv"},{"@type":"ListItem","position":2,"name":"Bootstrap Website Builder"}]},{"@type":"WebSite","@id":"https:\/\/templatetoaster.com\/#website","url":"https:\/\/templatetoaster.com\/","name":"TemplateToaster","description":"","publisher":{"@id":"https:\/\/templatetoaster.com\/#organization"},"inLanguage":"sv-SE"},{"@type":"Organization","@id":"https:\/\/templatetoaster.com\/#organization","name":"TemplateToaster","url":"https:\/\/templatetoaster.com\/","logo":{"@type":"ImageObject","inLanguage":"sv-SE","@id":"https:\/\/templatetoaster.com\/#\/schema\/logo\/image\/","url":"https:\/\/templatetoaster.com\/wp-content\/uploads\/2019\/11\/TemplateToaster_Logo.jpg","contentUrl":"https:\/\/templatetoaster.com\/wp-content\/uploads\/2019\/11\/TemplateToaster_Logo.jpg","width":85,"height":85,"caption":"TemplateToaster"},"image":{"@id":"https:\/\/templatetoaster.com\/#\/schema\/logo\/image\/"},"sameAs":["https:\/\/www.facebook.com\/TemplateToaster","https:\/\/x.com\/templatetoaster","https:\/\/www.instagram.com\/templatetoaster\/","https:\/\/www.linkedin.com\/company\/templatetoaster\/","https:\/\/www.pinterest.com\/templatetoaster\/","https:\/\/www.youtube.com\/@TemplateToaster"]}]}},"_links":{"self":[{"href":"https:\/\/templatetoaster.com\/sv\/wp-json\/wp\/v2\/pages\/4196"}],"collection":[{"href":"https:\/\/templatetoaster.com\/sv\/wp-json\/wp\/v2\/pages"}],"about":[{"href":"https:\/\/templatetoaster.com\/sv\/wp-json\/wp\/v2\/types\/page"}],"author":[{"embeddable":true,"href":"https:\/\/templatetoaster.com\/sv\/wp-json\/wp\/v2\/users\/13434"}],"replies":[{"embeddable":true,"href":"https:\/\/templatetoaster.com\/sv\/wp-json\/wp\/v2\/comments?post=4196"}],"version-history":[{"count":1,"href":"https:\/\/templatetoaster.com\/sv\/wp-json\/wp\/v2\/pages\/4196\/revisions"}],"predecessor-version":[{"id":4199,"href":"https:\/\/templatetoaster.com\/sv\/wp-json\/wp\/v2\/pages\/4196\/revisions\/4199"}],"wp:attachment":[{"href":"https:\/\/templatetoaster.com\/sv\/wp-json\/wp\/v2\/media?parent=4196"}],"curies":[{"name":"wp","href":"https:\/\/api.w.org\/{rel}","templated":true}]}}