{"id":3945,"date":"2018-04-13T06:22:56","date_gmt":"2018-04-13T06:22:56","guid":{"rendered":"http:\/\/templatetoaster.com?page_id=3945"},"modified":"2019-09-18T11:47:04","modified_gmt":"2019-09-18T11:47:04","slug":"documentation","status":"publish","type":"page","link":"https:\/\/templatetoaster.com\/ru\/documentation","title":{"rendered":"\u0414\u043e\u043a\u0443\u043c\u0435\u043d\u0442\u0430\u0446\u0438\u044f"},"content":{"rendered":"<div class=\"documentation-main row\">\n<div class=\"documentation-tt row first-child\">\n<h1 style=\"background-size: 427px 1px;\">\u0414\u043e\u043a\u0443\u043c\u0435\u043d\u0442\u0430\u0446\u0438\u044f \u043f\u043e TemplateToaster<\/h1>\n<\/div>\n<div class=\"documentation-tt row last-child\">\n<div class=\"feature_container\">\n<div class=\"col-md-12 col-sm-12 col-xs-12\">\n<div class=\"basic-documentation\">\n<div class=\"basic\" style=\"margin:5px 0px;\">\n<div class=\"documentation-ui\">\n<div class=\"basic-step\">\n<div class=\"col-md-3 col-sm-3 col-xs-12\">\n<div class=\"documentation-sprite explained\" style=\"height: 52px;\twidth: 52px;\t\"><\/div>\n<\/p>\n<p class=\"text-center\"><a href=\"https:\/\/kb.templatetoaster.com\/\">TemplateToaster UI \u043e\u0431\u044a\u044f\u0441\u043d\u0438\u043b <span>\u043e\u043d\u043b\u0430\u0439\u043d<\/span><\/a><\/p>\n<\/p>\n<\/div>\n<div class=\"clearfix visible-xs-block\"><\/div>\n<div class=\"col-md-3 col-sm-3 col-xs-12\">\n<div class=\"documentation-sprite documentation\" style=\"height: 52px; width: 52px;\"><\/div>\n<\/p>\n<p class=\"text-center\"><a download=\"Documentation.pdf\" href=\"https:\/\/templatetoaster.com\/downloads\/Documentation.pdf\">TemplateToaster \u0420\u0443\u043a\u043e\u0432\u043e\u0434\u0441\u0442\u0432\u043e \u043f\u043e\u043b\u044c\u0437\u043e\u0432\u0430\u0442\u0435\u043b\u044f<span> PDF <\/span><\/a><\/p>\n<\/p>\n<\/div>\n<div class=\"clearfix visible-xs-block\"><\/div>\n<div class=\"col-md-3 col-sm-3 col-xs-12\">\n<div class=\"documentation-sprite demo-video\" style=\"height: 52px;\twidth: 52px;\"><\/div>\n<\/p>\n<p class=\"text-center\"><a href=\"https:\/\/templatetoaster.com\/ru\/demo\">\u041f\u043e\u044f\u0441\u043d\u0438\u0442\u0435\u043b\u044c\u043d\u044b\u0435 \u0432\u0438\u0434\u0435\u043e\u0443\u0440\u043e\u043a\u0438 <span> \u0414\u0435\u043c\u043e \u0412\u0438\u0434\u0435\u043e <\/span> <\/a><\/p>\n<\/div>\n<div class=\"clearfix visible-xs-block\"><\/div>\n<div class=\"col-md-3 col-sm-3 col-xs-12\">\n<div class=\"documentation-sprite screenshots\" style=\"height: 52px;\twidth: 52px;\"><\/div>\n<\/p>\n<p class=\"text-center\"><a href=\"https:\/\/templatetoaster.com\/ru\/screenshots\">TemplateToaster UI \u0421\u043a\u0440\u0438\u043d\u0448\u043e\u0442\u044b <span> \u0418\u0437\u043e\u0431\u0440\u0430\u0436\u0435\u043d\u0438\u0439 <\/span> <\/a><\/p>\n<\/div>\n<div class=\"clearfix visible-lg-block visible-md-block visible-sm-block visible-xs-block\"><\/div>\n<\/div>\n<\/div>\n<\/div>\n<\/div>\n<\/div>\n<\/div>\n<\/div>\n<div class=\"documentation-tt row\">\n<div class=\"feature_container\">\n<div class=\"col-md-12 col-sm-12 col-xs-12\">\n<div class=\"basic upload_template\">\n<h2 class=\"media-heading\">\u0418\u043d\u0441\u0442\u0440\u0443\u043a\u0446\u0438\u044f \u043f\u043e \u0441\u043a\u0430\u0447\u0438\u0432\u0430\u043d\u0438\u044e \u0438 \u043d\u0430\u0441\u0442\u0440\u043e\u0439\u043a\u0435<\/h2>\n<ul class=\"cms-provide text-center\">\n<li><a href=\"https:\/\/templatetoaster.com\/fr\/wordpress\"><span class=\"documentation-sprite wordpress\" style=\"height: 50px;width: 55px;\"><\/span>Th\u00e8mes WordPress<\/a><\/li>\n<li><a href=\"https:\/\/templatetoaster.com\/fr\/joomla\"><span class=\"documentation-sprite joomla\" style=\"height: 50px;width: 55px;\"><\/span>Mod\u00e8les Joomla<\/a><\/li>\n<li><a href=\"https:\/\/templatetoaster.com\/fr\/drupal\"><span class=\"documentation-sprite drupal\" style=\"height: 50px;width: 55px;\"><\/span>Th\u00e8mes Drupal<\/a><\/li>\n<li><a href=\"https:\/\/templatetoaster.com\/fr\/magento\"><span class=\"documentation-sprite magento\" style=\"height: 50px;width: 55px;\"><\/span>Th\u00e8mes Magento<\/a><\/li>\n<li><a href=\"https:\/\/templatetoaster.com\/fr\/prestashop\"><span class=\"documentation-sprite prestashop\" style=\"height: 50px;width: 55px;\"><\/span>Th\u00e8mes PrestaShop<\/a><\/li>\n<li><a href=\"https:\/\/templatetoaster.com\/fr\/html_website\"><span class=\"documentation-sprite html-css\" style=\"height: 50px;width: 55px;\"><\/span>Sites Web HTML5 \/ CSS3<\/a><\/li>\n<li><a href=\"https:\/\/templatetoaster.com\/fr\/virtuemart\"><span class=\"documentation-sprite virtuemart\" style=\"height: 50px;width: 55px;\"><\/span>Th\u00e8mes VirtueMart<\/a><\/li>\n<li><a href=\"https:\/\/templatetoaster.com\/fr\/woocommerce\"><span class=\"documentation-sprite woocommerce\" style=\"height: 50px;width: 55px;\"><\/span>Th\u00e8mes WooCommerce<\/a><\/li>\n<li><a href=\"https:\/\/templatetoaster.com\/fr\/blogger\"><span class=\"documentation-sprite blogger\" style=\"height: 50px;width: 55px;\"><\/span>Mod\u00e8les Blogger<\/a><\/li>\n<li><a href=\"https:\/\/templatetoaster.com\/fr\/opencart\"><span class=\"documentation-sprite opencart\" style=\"height: 50px;width: 55px;\"><\/span>Th\u00e8mes OpenCart<\/a><\/li>\n<\/ul>\n<\/div>\n<\/div>\n<\/div>\n<\/div>\n<\/div>\n","protected":false},"excerpt":{"rendered":"<p>\u0414\u043e\u043a\u0443\u043c\u0435\u043d\u0442\u0430\u0446\u0438\u044f \u043f\u043e TemplateToaster TemplateToaster UI \u043e\u0431\u044a\u044f\u0441\u043d\u0438\u043b \u043e\u043d\u043b\u0430\u0439\u043d TemplateToaster \u0420\u0443\u043a\u043e\u0432\u043e\u0434\u0441\u0442\u0432\u043e \u043f\u043e\u043b\u044c\u0437\u043e\u0432\u0430\u0442\u0435\u043b\u044f PDF \u041f\u043e\u044f\u0441\u043d\u0438\u0442\u0435\u043b\u044c\u043d\u044b\u0435 \u0432\u0438\u0434\u0435\u043e\u0443\u0440\u043e\u043a\u0438 \u0414\u0435\u043c\u043e \u0412\u0438\u0434\u0435\u043e TemplateToaster UI \u0421\u043a\u0440\u0438\u043d\u0448\u043e\u0442\u044b \u0418\u0437\u043e\u0431\u0440\u0430\u0436\u0435\u043d\u0438\u0439 \u0418\u043d\u0441\u0442\u0440\u0443\u043a\u0446\u0438\u044f \u043f\u043e \u0441\u043a\u0430\u0447\u0438\u0432\u0430\u043d\u0438\u044e \u0438 \u043d\u0430\u0441\u0442\u0440\u043e\u0439\u043a\u0435 Th\u00e8mes WordPress Mod\u00e8les Joomla Th\u00e8mes Drupal Th\u00e8mes Magento Th\u00e8mes PrestaShop Sites Web HTML5 \/ CSS3 Th\u00e8mes &hellip; <a href=\"https:\/\/templatetoaster.com\/ru\/documentation\">Continue Reading<span class=\"meta-nav\">&rarr;<\/span><\/a><\/p>\n","protected":false},"author":1,"featured_media":0,"parent":0,"menu_order":0,"comment_status":"closed","ping_status":"closed","template":"","meta":{"footnotes":""},"yoast_head":"<!-- This site is optimized with the Yoast SEO plugin v23.5 - https:\/\/yoast.com\/wordpress\/plugins\/seo\/ -->\n<title>\u0414\u043e\u043a\u0443\u043c\u0435\u043d\u0442\u0430\u0446\u0438\u044f - TemplateToaster<\/title>\n<meta name=\"description\" content=\"\u0414\u043e\u043a\u0443\u043c\u0435\u043d\u0442\u0430\u0446\u0438\u044f TemplateToaster\" \/>\n<meta name=\"robots\" content=\"index, follow, max-snippet:-1, max-image-preview:large, max-video-preview:-1\" \/>\n<link rel=\"canonical\" href=\"https:\/\/templatetoaster.com\/ru\/documentation\" \/>\n<meta property=\"og:locale\" content=\"ru_RU\" \/>\n<meta property=\"og:type\" content=\"article\" \/>\n<meta property=\"og:title\" content=\"\u0414\u043e\u043a\u0443\u043c\u0435\u043d\u0442\u0430\u0446\u0438\u044f - TemplateToaster\" \/>\n<meta property=\"og:description\" content=\"\u0414\u043e\u043a\u0443\u043c\u0435\u043d\u0442\u0430\u0446\u0438\u044f TemplateToaster\" \/>\n<meta property=\"og:url\" content=\"https:\/\/templatetoaster.com\/ru\/documentation\" \/>\n<meta property=\"og:site_name\" content=\"TemplateToaster\" \/>\n<meta property=\"article:publisher\" content=\"https:\/\/www.facebook.com\/TemplateToaster\" \/>\n<meta property=\"article:modified_time\" content=\"2019-09-18T11:47:04+00:00\" \/>\n<meta property=\"og:image\" content=\"https:\/\/templatetoaster.com\/wp-content\/uploads\/2015\/07\/TemplateToaster-325X325.png\" \/>\n\t<meta property=\"og:image:width\" content=\"325\" \/>\n\t<meta property=\"og:image:height\" content=\"325\" \/>\n\t<meta property=\"og:image:type\" content=\"image\/png\" \/>\n<meta name=\"twitter:card\" content=\"summary_large_image\" \/>\n<meta name=\"twitter:site\" content=\"@templatetoaster\" \/>\n<script type=\"application\/ld+json\" class=\"yoast-schema-graph\">{\"@context\":\"https:\/\/schema.org\",\"@graph\":[{\"@type\":\"WebPage\",\"@id\":\"https:\/\/templatetoaster.com\/ru\/documentation\",\"url\":\"https:\/\/templatetoaster.com\/ru\/documentation\",\"name\":\"\u0414\u043e\u043a\u0443\u043c\u0435\u043d\u0442\u0430\u0446\u0438\u044f - TemplateToaster\",\"isPartOf\":{\"@id\":\"https:\/\/templatetoaster.com\/#website\"},\"datePublished\":\"2018-04-13T06:22:56+00:00\",\"dateModified\":\"2019-09-18T11:47:04+00:00\",\"description\":\"\u0414\u043e\u043a\u0443\u043c\u0435\u043d\u0442\u0430\u0446\u0438\u044f TemplateToaster\",\"breadcrumb\":{\"@id\":\"https:\/\/templatetoaster.com\/ru\/documentation#breadcrumb\"},\"inLanguage\":\"ru-RU\",\"potentialAction\":[{\"@type\":\"ReadAction\",\"target\":[\"https:\/\/templatetoaster.com\/ru\/documentation\"]}]},{\"@type\":\"BreadcrumbList\",\"@id\":\"https:\/\/templatetoaster.com\/ru\/documentation#breadcrumb\",\"itemListElement\":[{\"@type\":\"ListItem\",\"position\":1,\"name\":\"Home\",\"item\":\"https:\/\/templatetoaster.com\/ru\"},{\"@type\":\"ListItem\",\"position\":2,\"name\":\"\u0414\u043e\u043a\u0443\u043c\u0435\u043d\u0442\u0430\u0446\u0438\u044f\"}]},{\"@type\":\"WebSite\",\"@id\":\"https:\/\/templatetoaster.com\/#website\",\"url\":\"https:\/\/templatetoaster.com\/\",\"name\":\"TemplateToaster\",\"description\":\"\",\"publisher\":{\"@id\":\"https:\/\/templatetoaster.com\/#organization\"},\"inLanguage\":\"ru-RU\"},{\"@type\":\"Organization\",\"@id\":\"https:\/\/templatetoaster.com\/#organization\",\"name\":\"TemplateToaster\",\"url\":\"https:\/\/templatetoaster.com\/\",\"logo\":{\"@type\":\"ImageObject\",\"inLanguage\":\"ru-RU\",\"@id\":\"https:\/\/templatetoaster.com\/#\/schema\/logo\/image\/\",\"url\":\"https:\/\/templatetoaster.com\/wp-content\/uploads\/2019\/11\/TemplateToaster_Logo.jpg\",\"contentUrl\":\"https:\/\/templatetoaster.com\/wp-content\/uploads\/2019\/11\/TemplateToaster_Logo.jpg\",\"width\":85,\"height\":85,\"caption\":\"TemplateToaster\"},\"image\":{\"@id\":\"https:\/\/templatetoaster.com\/#\/schema\/logo\/image\/\"},\"sameAs\":[\"https:\/\/www.facebook.com\/TemplateToaster\",\"https:\/\/x.com\/templatetoaster\",\"https:\/\/www.instagram.com\/templatetoaster\/\",\"https:\/\/www.linkedin.com\/company\/templatetoaster\/\",\"https:\/\/www.pinterest.com\/templatetoaster\/\",\"https:\/\/www.youtube.com\/@TemplateToaster\"]}]}<\/script>\n<!-- \/ Yoast SEO plugin. -->","yoast_head_json":{"title":"\u0414\u043e\u043a\u0443\u043c\u0435\u043d\u0442\u0430\u0446\u0438\u044f - TemplateToaster","description":"\u0414\u043e\u043a\u0443\u043c\u0435\u043d\u0442\u0430\u0446\u0438\u044f TemplateToaster","robots":{"index":"index","follow":"follow","max-snippet":"max-snippet:-1","max-image-preview":"max-image-preview:large","max-video-preview":"max-video-preview:-1"},"canonical":"https:\/\/templatetoaster.com\/ru\/documentation","og_locale":"ru_RU","og_type":"article","og_title":"\u0414\u043e\u043a\u0443\u043c\u0435\u043d\u0442\u0430\u0446\u0438\u044f - TemplateToaster","og_description":"\u0414\u043e\u043a\u0443\u043c\u0435\u043d\u0442\u0430\u0446\u0438\u044f TemplateToaster","og_url":"https:\/\/templatetoaster.com\/ru\/documentation","og_site_name":"TemplateToaster","article_publisher":"https:\/\/www.facebook.com\/TemplateToaster","article_modified_time":"2019-09-18T11:47:04+00:00","og_image":[{"width":325,"height":325,"url":"https:\/\/templatetoaster.com\/wp-content\/uploads\/2015\/07\/TemplateToaster-325X325.png","type":"image\/png"}],"twitter_card":"summary_large_image","twitter_site":"@templatetoaster","schema":{"@context":"https:\/\/schema.org","@graph":[{"@type":"WebPage","@id":"https:\/\/templatetoaster.com\/ru\/documentation","url":"https:\/\/templatetoaster.com\/ru\/documentation","name":"\u0414\u043e\u043a\u0443\u043c\u0435\u043d\u0442\u0430\u0446\u0438\u044f - TemplateToaster","isPartOf":{"@id":"https:\/\/templatetoaster.com\/#website"},"datePublished":"2018-04-13T06:22:56+00:00","dateModified":"2019-09-18T11:47:04+00:00","description":"\u0414\u043e\u043a\u0443\u043c\u0435\u043d\u0442\u0430\u0446\u0438\u044f TemplateToaster","breadcrumb":{"@id":"https:\/\/templatetoaster.com\/ru\/documentation#breadcrumb"},"inLanguage":"ru-RU","potentialAction":[{"@type":"ReadAction","target":["https:\/\/templatetoaster.com\/ru\/documentation"]}]},{"@type":"BreadcrumbList","@id":"https:\/\/templatetoaster.com\/ru\/documentation#breadcrumb","itemListElement":[{"@type":"ListItem","position":1,"name":"Home","item":"https:\/\/templatetoaster.com\/ru"},{"@type":"ListItem","position":2,"name":"\u0414\u043e\u043a\u0443\u043c\u0435\u043d\u0442\u0430\u0446\u0438\u044f"}]},{"@type":"WebSite","@id":"https:\/\/templatetoaster.com\/#website","url":"https:\/\/templatetoaster.com\/","name":"TemplateToaster","description":"","publisher":{"@id":"https:\/\/templatetoaster.com\/#organization"},"inLanguage":"ru-RU"},{"@type":"Organization","@id":"https:\/\/templatetoaster.com\/#organization","name":"TemplateToaster","url":"https:\/\/templatetoaster.com\/","logo":{"@type":"ImageObject","inLanguage":"ru-RU","@id":"https:\/\/templatetoaster.com\/#\/schema\/logo\/image\/","url":"https:\/\/templatetoaster.com\/wp-content\/uploads\/2019\/11\/TemplateToaster_Logo.jpg","contentUrl":"https:\/\/templatetoaster.com\/wp-content\/uploads\/2019\/11\/TemplateToaster_Logo.jpg","width":85,"height":85,"caption":"TemplateToaster"},"image":{"@id":"https:\/\/templatetoaster.com\/#\/schema\/logo\/image\/"},"sameAs":["https:\/\/www.facebook.com\/TemplateToaster","https:\/\/x.com\/templatetoaster","https:\/\/www.instagram.com\/templatetoaster\/","https:\/\/www.linkedin.com\/company\/templatetoaster\/","https:\/\/www.pinterest.com\/templatetoaster\/","https:\/\/www.youtube.com\/@TemplateToaster"]}]}},"_links":{"self":[{"href":"https:\/\/templatetoaster.com\/ru\/wp-json\/wp\/v2\/pages\/3945"}],"collection":[{"href":"https:\/\/templatetoaster.com\/ru\/wp-json\/wp\/v2\/pages"}],"about":[{"href":"https:\/\/templatetoaster.com\/ru\/wp-json\/wp\/v2\/types\/page"}],"author":[{"embeddable":true,"href":"https:\/\/templatetoaster.com\/ru\/wp-json\/wp\/v2\/users\/1"}],"replies":[{"embeddable":true,"href":"https:\/\/templatetoaster.com\/ru\/wp-json\/wp\/v2\/comments?post=3945"}],"version-history":[{"count":5,"href":"https:\/\/templatetoaster.com\/ru\/wp-json\/wp\/v2\/pages\/3945\/revisions"}],"predecessor-version":[{"id":67139,"href":"https:\/\/templatetoaster.com\/ru\/wp-json\/wp\/v2\/pages\/3945\/revisions\/67139"}],"wp:attachment":[{"href":"https:\/\/templatetoaster.com\/ru\/wp-json\/wp\/v2\/media?parent=3945"}],"curies":[{"name":"wp","href":"https:\/\/api.w.org\/{rel}","templated":true}]}}