{"id":4156,"date":"2018-04-13T11:10:15","date_gmt":"2018-04-13T11:10:15","guid":{"rendered":"http:\/\/templatetoaster.com?page_id=4156"},"modified":"2019-06-18T07:38:48","modified_gmt":"2019-06-18T07:38:48","slug":"wordpress-theme-framework","status":"publish","type":"page","link":"https:\/\/templatetoaster.com\/pt-br\/wordpress-theme-framework","title":{"rendered":"Framework de temas para WordPress"},"content":{"rendered":"<div class=\"tt_theme_framework row\">\n<div class=\"tt_theme_framework_row1 row section2-inner\">\n<div class=\"container\">\n<h1 class=\"text-center section2-inner\">TemplateToaster WordPress Theme Framework<\/h1>\n<p class=\"text-center\">TemplateToaster WordPress Theme Framework \u00e9 uma estrutura de tema livre, escal\u00e1vel e completamente SEO-friendly que capacita voc\u00ea a construir sites impec\u00e1veis WordPress em nenhum momento. Tem tudo o que qualquer novato ou um desenvolvedor especialista precisaria para criar um site incr\u00edvel com facilidade. Ele foi projetado de forma a acelerar todo o processo de cria\u00e7\u00e3o de um tema do WordPress com esfor\u00e7os m\u00ednimos.<\/p>\n<\/div>\n<\/div>\n<div class=\"tt_theme_framework_row2 row even\">\n<div class=\"container\">\n<div class=\"section2-inner\">\n<h2 class=\"text-center\">Por que escolher TemplateToaster WordPress Theme Framework<\/h2>\n<p class=\"text-center\">O que torna o seu WordPress Theme Framework \u00fanico \u00e9 a sua capacidade de oferecer a perfei\u00e7\u00e3o al\u00e9m da sua imagina\u00e7\u00e3o. Este quadro tem\u00e1tico oferece belos temas responsivos. Voc\u00ea pode criar um site incr\u00edvel com recursos de alto n\u00edvel, mais r\u00e1pido sem codifica\u00e7\u00e3o.<\/p>\n<\/div>\n<\/div>\n<\/div>\n<div class=\"tt_theme_framework_row3 row\">\n<div class=\"container\">\n<h2 class=\"text-center section2-inner\">Caracter\u00edsticas marcantes do TemplateToaster WordPress Tema quadro<\/h2>\n<div class=\"tt_theme_framework_row3_inner\">\n<div class=\"tt_theme_framework_col img\"><a href=\"https:\/\/templatetoaster.com\/wp-content\/uploads\/2018\/06\/TemplateToaster_WordPress_Theme_Framework_Header.jpg\" target=\"_blank\" rel=\"noopener\"><img decoding=\"async\" src=\"https:\/\/templatetoaster.com\/wp-content\/uploads\/2018\/06\/TemplateToaster_WordPress_Theme_Framework_Header.jpg\" alt=\"WordPress Theme Framework\" \/><\/a><\/div>\n<div class=\"tt_theme_framework_col content-right\">\n<h3>Cabe\u00e7alho<\/h3>\n<p>Com esta estrutura de temas WordPress mesmo depois de ter exportado o seu tema, voc\u00ea ainda pode personalizar o logotipo do seu site, os \u00edcones de m\u00eddia social e o slogan do site de acordo com suas necessidades.<\/p>\n<\/div>\n<\/div>\n<div class=\"tt_theme_framework_row3_inner\">\n<div class=\"tt_theme_framework_col content-left\">\n<h3>Slideshow<\/h3>\n<p>Sua estrutura de temas WordPress permite substituir as imagens da apresenta\u00e7\u00e3o de slides, mesmo depois de instalar o tema WordPress. Seja t\u00e3o criativo quanto quiser e fa\u00e7a uma bela apresenta\u00e7\u00e3o de slides com facilidade.<\/p>\n<\/div>\n<div class=\"tt_theme_framework_col img\"><a href=\"https:\/\/templatetoaster.com\/wp-content\/uploads\/2018\/06\/TemplateToaster_WordPress_Theme_Framework_SlideShow.jpg\" target=\"_blank\" rel=\"noopener\"><img decoding=\"async\" src=\"https:\/\/templatetoaster.com\/wp-content\/uploads\/2018\/06\/TemplateToaster_WordPress_Theme_Framework_SlideShow.jpg\" alt=\"WordPress Theme Framework\" \/><\/a><\/div>\n<\/div>\n<div class=\"tt_theme_framework_row3_inner\">\n<div class=\"tt_theme_framework_col img\"><a href=\"https:\/\/templatetoaster.com\/wp-content\/uploads\/2018\/06\/TemplateToaster_WordPress_Theme_Framework_Post_Content.jpg\" target=\"_blank\" rel=\"noopener\"><br \/>\n<img decoding=\"async\" src=\"https:\/\/templatetoaster.com\/wp-content\/uploads\/2018\/06\/TemplateToaster_WordPress_Theme_Framework_Post_Content.jpg\" alt=\"\" \/><\/a><\/div>\n<div class=\"tt_theme_framework_col content-right\">\n<h3>Post \/ conte\u00fado<\/h3>\n<p>Esta Estrutura de Tema do WordPress permite que voc\u00ea decida quantas postagens, quantas colunas e navega\u00e7\u00e3o de migalhas de p\u00e3o voc\u00ea deseja exibir em sua p\u00e1gina inicial.<\/p>\n<\/div>\n<\/div>\n<div class=\"tt_theme_framework_row3_inner\">\n<div class=\"tt_theme_framework_col content-left\">\n<h3>Rodap\u00e9<\/h3>\n<p>A op\u00e7\u00e3o de rodap\u00e9 aqui permitir\u00e1 que voc\u00ea estilize convenientemente o rodap\u00e9 do seu site WordPress. Voc\u00ea pode editar \/ adicionar ou mostrar \/ ocultar texto de direitos autorais e URL. E voc\u00ea tamb\u00e9m pode personalizar \u00edcones sociais.<\/p>\n<\/div>\n<div class=\"tt_theme_framework_col img\"><a href=\"https:\/\/templatetoaster.com\/wp-content\/uploads\/2018\/06\/TemplateToaster_WordPress_Theme_Framework_Footer.jpg\" target=\"_blank\" rel=\"noopener\"><img decoding=\"async\" src=\"https:\/\/templatetoaster.com\/wp-content\/uploads\/2018\/06\/TemplateToaster_WordPress_Theme_Framework_Footer.jpg\" alt=\"WP Theme Framework\" \/><\/a><\/div>\n<\/div>\n<div class=\"tt_theme_framework_row3_inner\">\n<div class=\"tt_theme_framework_col img\"><a href=\"https:\/\/templatetoaster.com\/wp-content\/uploads\/2018\/06\/TemplateToaster_WordPress_Theme_Framework_Colors.jpg\" target=\"_blank\" rel=\"noopener\"><img decoding=\"async\" src=\"https:\/\/templatetoaster.com\/wp-content\/uploads\/2018\/06\/TemplateToaster_WordPress_Theme_Framework_Colors.jpg\" alt=\"WordPress Framework\" \/><\/a><\/div>\n<div class=\"tt_theme_framework_col content-right\">\n<h3>Cores<\/h3>\n<p>D\u00ea ao seu site WordPress sua escolha de combina\u00e7\u00e3o de cores. Voc\u00ea pode a qualquer momento alterar o esquema de cores para o t\u00edtulo do seu site, slogan, direitos autorais, rodap\u00e9, t\u00edtulo do post, passar o t\u00edtulo.\n<\/p><\/div>\n<\/div>\n<div class=\"tt_theme_framework_row3_inner\">\n<div class=\"tt_theme_framework_col content-left\">\n<h3>Geral<\/h3>\n<p>A op\u00e7\u00e3o geral do seu site pode ser gerenciada aqui. Voc\u00ea pode ativar ou desativar elementos como T\u00edtulo da P\u00e1gina, Google Analytics, Pr\u00f3ximo \/ Link Anterior, T\u00edtulo da Mensagem, Navega\u00e7\u00e3o, Avatar, Coment\u00e1rios, etc.\n<\/p><\/div>\n<div class=\"tt_theme_framework_col img\"><a href=\"https:\/\/templatetoaster.com\/wp-content\/uploads\/2018\/06\/TemplateToaster_WordPress_Theme_Framework_General.jpg\" target=\"_blank\" rel=\"noopener\"><img decoding=\"async\" src=\"https:\/\/templatetoaster.com\/wp-content\/uploads\/2018\/06\/TemplateToaster_WordPress_Theme_Framework_General.jpg\" alt=\"WP Framework\" \/><\/a><\/div>\n<\/div>\n<div class=\"tt_theme_framework_row3_inner\">\n<div class=\"tt_theme_framework_col img\"><a href=\"https:\/\/templatetoaster.com\/wp-content\/uploads\/2018\/06\/TemplateToaster_WordPress_Theme_Framework_Error_Page.jpg\" target=\"_blank\" rel=\"noopener\"><img decoding=\"async\" src=\"https:\/\/templatetoaster.com\/wp-content\/uploads\/2018\/06\/TemplateToaster_WordPress_Theme_Framework_Error_Page.jpg\" alt=\"\" \/><\/a><\/div>\n<div class=\"tt_theme_framework_col content-right\">\n<h3>P\u00e1gina de erro<\/h3>\n<p>N\u00e3o queremos que ocorra qualquer erro, mas se por acaso algum erro surgir devido a uma configura\u00e7\u00e3o incorreta, voc\u00ea poder\u00e1 gerenciar a mensagem que deseja exibir para seus visitantes. Voc\u00ea pode mostrar uma mensagem de erro e imagem, redirecionar para a p\u00e1gina inicial, etc. Significa que voc\u00ea pode configurar completamente suas p\u00e1ginas 404.<\/p>\n<\/div>\n<\/div>\n<div class=\"tt_theme_framework_row3_inner\">\n<div class=\"tt_theme_framework_col content-left\">\n<h3>Manuten\u00e7\u00e3o<\/h3>\n<p>Esta \u00e9 uma caracter\u00edstica interessante desta estrutura do tema WordPress. Ele permite que voc\u00ea exiba informa\u00e7\u00f5es sobre o seu site sendo mantido com a ajuda do t\u00edtulo da p\u00e1gina, conte\u00fado e imagem de fundo. Se voc\u00ea colocar seu site para manuten\u00e7\u00e3o, basta usar essa op\u00e7\u00e3o.<\/p>\n<\/div>\n<div class=\"tt_theme_framework_col img\"><a href=\"https:\/\/templatetoaster.com\/wp-content\/uploads\/2018\/06\/TemplateToaster_WordPress_Theme_Framework_Maintenance.jpg\" target=\"_blank\" rel=\"noopener\"><img decoding=\"async\" src=\"https:\/\/templatetoaster.com\/wp-content\/uploads\/2018\/06\/TemplateToaster_WordPress_Theme_Framework_Maintenance.jpg\" alt=\"\" \/><\/a><\/div>\n<\/div>\n<div class=\"tt_theme_framework_row3_inner\">\n<div class=\"tt_theme_framework_col img\"><a href=\"https:\/\/templatetoaster.com\/wp-content\/uploads\/2018\/06\/TemplateToaster_WordPress_Theme_Framework_ShortCodes.jpg\" target=\"_blank\" rel=\"noopener\"><img decoding=\"async\" src=\"https:\/\/templatetoaster.com\/wp-content\/uploads\/2018\/06\/TemplateToaster_WordPress_Theme_Framework_ShortCodes.jpg\" alt=\"\" \/><\/a><\/div>\n<div class=\"tt_theme_framework_col content-right\">\n<h3>Shortcodes<\/h3>\n<p>Este Framework Tema WordPress \u00e9 carregado com c\u00f3digos de acesso. Voc\u00ea pode obter qualquer coisa do Google Map para o Google Doc Viewer, o Google Adsense, o Google Chart, o PayPal, o Calend\u00e1rio, o RSS, a Pesquisa &#038; amp; muito mais.<\/p>\n<\/div>\n<\/div>\n<div class=\"tt_theme_framework_row3_inner\">\n<div class=\"tt_theme_framework_col content-left\">\n<h3>Google Map<\/h3>\n<p>Voc\u00ea pode mostrar livremente o Google Map em seu site usando nosso framework de temas WordPress. Defina a latitude, a longitude, a largura e a altura do mapa. Al\u00e9m disso, ligue \/ desligue o marcador de exibi\u00e7\u00e3o.<\/p>\n<\/div>\n<div class=\"tt_theme_framework_col img\"><a href=\"https:\/\/templatetoaster.com\/wp-content\/uploads\/2018\/06\/TemplateToaster_WordPress_Theme_Framework_Goggle_Map.jpg\" target=\"_blank\" rel=\"noopener\"><img decoding=\"async\" src=\"https:\/\/templatetoaster.com\/wp-content\/uploads\/2018\/06\/TemplateToaster_WordPress_Theme_Framework_Goggle_Map.jpg\" alt=\"\" \/><\/a><\/div>\n<\/div>\n<div class=\"tt_theme_framework_row3_inner\">\n<div class=\"tt_theme_framework_col img\"><a href=\"https:\/\/templatetoaster.com\/wp-content\/uploads\/2018\/06\/templatetoaster_contact_us_theme-options_Contact_Us.jpg\"><img decoding=\"async\" src=\"https:\/\/templatetoaster.com\/wp-content\/uploads\/2018\/06\/templatetoaster_contact_us_theme-options_Contact_Us.jpg\" alt=\"\" \/><\/a><\/div>\n<div class=\"tt_theme_framework_col content-right\">\n<h3>Contate-Nos<\/h3>\n<p>Voc\u00ea pode a qualquer momento criar e projetar o formul\u00e1rio Fale Conosco. Cabe a voc\u00ea se voc\u00ea deseja especificar o Google Captcha Public ou Private. Ele permite que voc\u00ea adicione mais campos no formul\u00e1rio, como mensagem de erro \/ sucesso, etc.<\/p>\n<\/div>\n<\/div>\n<div class=\"tt_theme_framework_row3_inner\">\n<div class=\"tt_theme_framework_col content-left\">\n<h3>Backup\/Recovery<\/h3>\n<p>Vem com recurso de backup e recupera\u00e7\u00e3o. Um importante, na verdade. Basta fornecer suas informa\u00e7\u00f5es e amp de FTP. O endere\u00e7o de email para armazenamento de backup e um agendamento de backup autom\u00e1tico ser\u00e3o criados.<\/p>\n<\/div>\n<div class=\"tt_theme_framework_col img\"><a href=\"https:\/\/templatetoaster.com\/wp-content\/uploads\/2018\/06\/TemplateToaster_WordPress_Theme_Framework_Backup_Recovery.jpg\" target=\"_blank\" rel=\"noopener\"><img decoding=\"async\" src=\"https:\/\/templatetoaster.com\/wp-content\/uploads\/2018\/06\/TemplateToaster_WordPress_Theme_Framework_Backup_Recovery.jpg\" alt=\"\" \/><\/a><\/div>\n<\/div>\n<\/div>\n<\/div>\n<\/div>\n<p style=\"text-align: center; clear: both;\"><a class=\"btn download_button btn-feature\" href=\"https:\/\/templatetoaster.com\/downloads\/TemplateToaster.zip\">Download Framework<\/a><\/p>\n","protected":false},"excerpt":{"rendered":"<p>TemplateToaster WordPress Theme Framework TemplateToaster WordPress Theme Framework \u00e9 uma estrutura de tema livre, escal\u00e1vel e completamente SEO-friendly que capacita voc\u00ea a construir sites impec\u00e1veis WordPress em nenhum momento. Tem tudo o que qualquer novato ou um desenvolvedor especialista precisaria &hellip; <a href=\"https:\/\/templatetoaster.com\/pt-br\/wordpress-theme-framework\">Continue Reading<span class=\"meta-nav\">&rarr;<\/span><\/a><\/p>\n","protected":false},"author":1,"featured_media":0,"parent":0,"menu_order":0,"comment_status":"closed","ping_status":"closed","template":"","meta":{"footnotes":""},"yoast_head":"<!-- This site is optimized with the Yoast SEO plugin v23.5 - https:\/\/yoast.com\/wordpress\/plugins\/seo\/ -->\n<title>Framework de temas para WordPress - TemplateToaster<\/title>\n<meta name=\"description\" content=\"TemplateToaster WordPress Theme Framework\" \/>\n<meta name=\"robots\" content=\"index, follow, max-snippet:-1, max-image-preview:large, max-video-preview:-1\" \/>\n<link rel=\"canonical\" href=\"https:\/\/templatetoaster.com\/pt-br\/wordpress-theme-framework\" \/>\n<meta property=\"og:locale\" content=\"pt_BR\" \/>\n<meta property=\"og:type\" content=\"article\" \/>\n<meta property=\"og:title\" content=\"Framework de temas para WordPress - TemplateToaster\" \/>\n<meta property=\"og:description\" content=\"TemplateToaster WordPress Theme Framework\" \/>\n<meta property=\"og:url\" content=\"https:\/\/templatetoaster.com\/pt-br\/wordpress-theme-framework\" \/>\n<meta property=\"og:site_name\" content=\"TemplateToaster\" \/>\n<meta property=\"article:publisher\" content=\"https:\/\/www.facebook.com\/TemplateToaster\" \/>\n<meta property=\"article:modified_time\" content=\"2019-06-18T07:38:48+00:00\" \/>\n<meta property=\"og:image\" content=\"https:\/\/templatetoaster.com\/wp-content\/uploads\/2018\/06\/TemplateToaster_WordPress_Theme_Framework_Header.jpg\" \/>\n<meta name=\"twitter:card\" content=\"summary_large_image\" \/>\n<meta name=\"twitter:site\" content=\"@templatetoaster\" \/>\n<meta name=\"twitter:label1\" content=\"Est. tempo de leitura\" \/>\n\t<meta name=\"twitter:data1\" content=\"3 minutos\" \/>\n<script type=\"application\/ld+json\" class=\"yoast-schema-graph\">{\"@context\":\"https:\/\/schema.org\",\"@graph\":[{\"@type\":\"WebPage\",\"@id\":\"https:\/\/templatetoaster.com\/pt-br\/wordpress-theme-framework\",\"url\":\"https:\/\/templatetoaster.com\/pt-br\/wordpress-theme-framework\",\"name\":\"Framework de temas para WordPress - TemplateToaster\",\"isPartOf\":{\"@id\":\"https:\/\/templatetoaster.com\/#website\"},\"primaryImageOfPage\":{\"@id\":\"https:\/\/templatetoaster.com\/pt-br\/wordpress-theme-framework#primaryimage\"},\"image\":{\"@id\":\"https:\/\/templatetoaster.com\/pt-br\/wordpress-theme-framework#primaryimage\"},\"thumbnailUrl\":\"https:\/\/templatetoaster.com\/wp-content\/uploads\/2018\/06\/TemplateToaster_WordPress_Theme_Framework_Header.jpg\",\"datePublished\":\"2018-04-13T11:10:15+00:00\",\"dateModified\":\"2019-06-18T07:38:48+00:00\",\"description\":\"TemplateToaster WordPress Theme Framework\",\"breadcrumb\":{\"@id\":\"https:\/\/templatetoaster.com\/pt-br\/wordpress-theme-framework#breadcrumb\"},\"inLanguage\":\"pt-BR\",\"potentialAction\":[{\"@type\":\"ReadAction\",\"target\":[\"https:\/\/templatetoaster.com\/pt-br\/wordpress-theme-framework\"]}]},{\"@type\":\"ImageObject\",\"inLanguage\":\"pt-BR\",\"@id\":\"https:\/\/templatetoaster.com\/pt-br\/wordpress-theme-framework#primaryimage\",\"url\":\"https:\/\/templatetoaster.com\/wp-content\/uploads\/2018\/06\/TemplateToaster_WordPress_Theme_Framework_Header.jpg\",\"contentUrl\":\"https:\/\/templatetoaster.com\/wp-content\/uploads\/2018\/06\/TemplateToaster_WordPress_Theme_Framework_Header.jpg\"},{\"@type\":\"BreadcrumbList\",\"@id\":\"https:\/\/templatetoaster.com\/pt-br\/wordpress-theme-framework#breadcrumb\",\"itemListElement\":[{\"@type\":\"ListItem\",\"position\":1,\"name\":\"Home\",\"item\":\"https:\/\/templatetoaster.com\/pt-br\"},{\"@type\":\"ListItem\",\"position\":2,\"name\":\"Framework de temas para WordPress\"}]},{\"@type\":\"WebSite\",\"@id\":\"https:\/\/templatetoaster.com\/#website\",\"url\":\"https:\/\/templatetoaster.com\/\",\"name\":\"TemplateToaster\",\"description\":\"\",\"publisher\":{\"@id\":\"https:\/\/templatetoaster.com\/#organization\"},\"inLanguage\":\"pt-BR\"},{\"@type\":\"Organization\",\"@id\":\"https:\/\/templatetoaster.com\/#organization\",\"name\":\"TemplateToaster\",\"url\":\"https:\/\/templatetoaster.com\/\",\"logo\":{\"@type\":\"ImageObject\",\"inLanguage\":\"pt-BR\",\"@id\":\"https:\/\/templatetoaster.com\/#\/schema\/logo\/image\/\",\"url\":\"https:\/\/templatetoaster.com\/wp-content\/uploads\/2019\/11\/TemplateToaster_Logo.jpg\",\"contentUrl\":\"https:\/\/templatetoaster.com\/wp-content\/uploads\/2019\/11\/TemplateToaster_Logo.jpg\",\"width\":85,\"height\":85,\"caption\":\"TemplateToaster\"},\"image\":{\"@id\":\"https:\/\/templatetoaster.com\/#\/schema\/logo\/image\/\"},\"sameAs\":[\"https:\/\/www.facebook.com\/TemplateToaster\",\"https:\/\/x.com\/templatetoaster\",\"https:\/\/www.instagram.com\/templatetoaster\/\",\"https:\/\/www.linkedin.com\/company\/templatetoaster\/\",\"https:\/\/www.pinterest.com\/templatetoaster\/\",\"https:\/\/www.youtube.com\/@TemplateToaster\"]}]}<\/script>\n<!-- \/ Yoast SEO plugin. -->","yoast_head_json":{"title":"Framework de temas para WordPress - TemplateToaster","description":"TemplateToaster WordPress Theme Framework","robots":{"index":"index","follow":"follow","max-snippet":"max-snippet:-1","max-image-preview":"max-image-preview:large","max-video-preview":"max-video-preview:-1"},"canonical":"https:\/\/templatetoaster.com\/pt-br\/wordpress-theme-framework","og_locale":"pt_BR","og_type":"article","og_title":"Framework de temas para WordPress - TemplateToaster","og_description":"TemplateToaster WordPress Theme Framework","og_url":"https:\/\/templatetoaster.com\/pt-br\/wordpress-theme-framework","og_site_name":"TemplateToaster","article_publisher":"https:\/\/www.facebook.com\/TemplateToaster","article_modified_time":"2019-06-18T07:38:48+00:00","og_image":[{"url":"https:\/\/templatetoaster.com\/wp-content\/uploads\/2018\/06\/TemplateToaster_WordPress_Theme_Framework_Header.jpg"}],"twitter_card":"summary_large_image","twitter_site":"@templatetoaster","twitter_misc":{"Est. tempo de leitura":"3 minutos"},"schema":{"@context":"https:\/\/schema.org","@graph":[{"@type":"WebPage","@id":"https:\/\/templatetoaster.com\/pt-br\/wordpress-theme-framework","url":"https:\/\/templatetoaster.com\/pt-br\/wordpress-theme-framework","name":"Framework de temas para WordPress - TemplateToaster","isPartOf":{"@id":"https:\/\/templatetoaster.com\/#website"},"primaryImageOfPage":{"@id":"https:\/\/templatetoaster.com\/pt-br\/wordpress-theme-framework#primaryimage"},"image":{"@id":"https:\/\/templatetoaster.com\/pt-br\/wordpress-theme-framework#primaryimage"},"thumbnailUrl":"https:\/\/templatetoaster.com\/wp-content\/uploads\/2018\/06\/TemplateToaster_WordPress_Theme_Framework_Header.jpg","datePublished":"2018-04-13T11:10:15+00:00","dateModified":"2019-06-18T07:38:48+00:00","description":"TemplateToaster WordPress Theme Framework","breadcrumb":{"@id":"https:\/\/templatetoaster.com\/pt-br\/wordpress-theme-framework#breadcrumb"},"inLanguage":"pt-BR","potentialAction":[{"@type":"ReadAction","target":["https:\/\/templatetoaster.com\/pt-br\/wordpress-theme-framework"]}]},{"@type":"ImageObject","inLanguage":"pt-BR","@id":"https:\/\/templatetoaster.com\/pt-br\/wordpress-theme-framework#primaryimage","url":"https:\/\/templatetoaster.com\/wp-content\/uploads\/2018\/06\/TemplateToaster_WordPress_Theme_Framework_Header.jpg","contentUrl":"https:\/\/templatetoaster.com\/wp-content\/uploads\/2018\/06\/TemplateToaster_WordPress_Theme_Framework_Header.jpg"},{"@type":"BreadcrumbList","@id":"https:\/\/templatetoaster.com\/pt-br\/wordpress-theme-framework#breadcrumb","itemListElement":[{"@type":"ListItem","position":1,"name":"Home","item":"https:\/\/templatetoaster.com\/pt-br"},{"@type":"ListItem","position":2,"name":"Framework de temas para WordPress"}]},{"@type":"WebSite","@id":"https:\/\/templatetoaster.com\/#website","url":"https:\/\/templatetoaster.com\/","name":"TemplateToaster","description":"","publisher":{"@id":"https:\/\/templatetoaster.com\/#organization"},"inLanguage":"pt-BR"},{"@type":"Organization","@id":"https:\/\/templatetoaster.com\/#organization","name":"TemplateToaster","url":"https:\/\/templatetoaster.com\/","logo":{"@type":"ImageObject","inLanguage":"pt-BR","@id":"https:\/\/templatetoaster.com\/#\/schema\/logo\/image\/","url":"https:\/\/templatetoaster.com\/wp-content\/uploads\/2019\/11\/TemplateToaster_Logo.jpg","contentUrl":"https:\/\/templatetoaster.com\/wp-content\/uploads\/2019\/11\/TemplateToaster_Logo.jpg","width":85,"height":85,"caption":"TemplateToaster"},"image":{"@id":"https:\/\/templatetoaster.com\/#\/schema\/logo\/image\/"},"sameAs":["https:\/\/www.facebook.com\/TemplateToaster","https:\/\/x.com\/templatetoaster","https:\/\/www.instagram.com\/templatetoaster\/","https:\/\/www.linkedin.com\/company\/templatetoaster\/","https:\/\/www.pinterest.com\/templatetoaster\/","https:\/\/www.youtube.com\/@TemplateToaster"]}]}},"_links":{"self":[{"href":"https:\/\/templatetoaster.com\/pt-br\/wp-json\/wp\/v2\/pages\/4156"}],"collection":[{"href":"https:\/\/templatetoaster.com\/pt-br\/wp-json\/wp\/v2\/pages"}],"about":[{"href":"https:\/\/templatetoaster.com\/pt-br\/wp-json\/wp\/v2\/types\/page"}],"author":[{"embeddable":true,"href":"https:\/\/templatetoaster.com\/pt-br\/wp-json\/wp\/v2\/users\/1"}],"replies":[{"embeddable":true,"href":"https:\/\/templatetoaster.com\/pt-br\/wp-json\/wp\/v2\/comments?post=4156"}],"version-history":[{"count":3,"href":"https:\/\/templatetoaster.com\/pt-br\/wp-json\/wp\/v2\/pages\/4156\/revisions"}],"predecessor-version":[{"id":33641,"href":"https:\/\/templatetoaster.com\/pt-br\/wp-json\/wp\/v2\/pages\/4156\/revisions\/33641"}],"wp:attachment":[{"href":"https:\/\/templatetoaster.com\/pt-br\/wp-json\/wp\/v2\/media?parent=4156"}],"curies":[{"name":"wp","href":"https:\/\/api.w.org\/{rel}","templated":true}]}}