{"id":4152,"date":"2018-04-13T11:08:03","date_gmt":"2018-04-13T11:08:03","guid":{"rendered":"http:\/\/templatetoaster.com?page_id=4152"},"modified":"2019-05-25T12:01:21","modified_gmt":"2019-05-25T12:01:21","slug":"woocommerce-theme-builder","status":"publish","type":"page","link":"https:\/\/templatetoaster.com\/pt-br\/woocommerce-theme-builder","title":{"rendered":"Construtor de temas do WooCommerce"},"content":{"rendered":"<div class=\"section1 wp-theme-generator\">\n<div style=\"margin: 115px 0 16px;\">\n<h1>WooCommerce Builder tema que vai a milha extra<\/h1>\n<p class=\"text-center\">temas de design que d\u00e3o uma nova loca\u00e7\u00e3o para o seu site. Vender muito bem em sua loja WooCommerce!<\/p>\n<p>&nbsp;<\/p>\n<div style=\"text-align: center;\"><a class=\"btn download_btn\" href=\"https:\/\/templatetoaster.com\/pt-br\/download\">Fa\u00e7a o download agora<\/a><\/div>\n<div class=\"clearfix\"><\/div>\n<\/div>\n<\/div>\n<p><!--- What is TemplateToaster Section ---><\/p>\n<div class=\"section2 wp-theme-generator\">\n<div class=\"section2-inner\">\n<h2>Por que usar TemplateToaster como WooCommerce tema Designer?<\/h2>\n<p>Constru\u00eddo de tal forma que voc\u00ea obtenha controle total sobre a sua loja de com\u00e9rcio eletr\u00f4nico sem requisitos de codifica\u00e7\u00e3o. Projetar temas robustos com f\u00e1cil layout e op\u00e7\u00f5es de estilo. Arrastar &amp; Gota no jeito que voc\u00ea gosta! Mantenha o que parece dinamicamente impressionante.<\/p>\n<\/div>\n<\/div>\n<p><!---- section 3 starts ---><\/p>\n<div class=\"section3 wp-theme-generator\">\n<div class=\"section3-inner\">\n<h2>Como funciona?<\/h2>\n<div class=\"row\">\n<div class=\"col-lg-4 col-md-4 col-sm-6 col-xs-12\">\n<div class=\"media\">\n<div class=\"landing_page_svg\" style=\"background-position: 20px -690px; display: block; height: 115px; margin: auto; width: 142px;\"><\/div>\n<h3 class=\"text-center\">Vamos Ir-iniciar Com o Easy Designing!<\/h3>\n<p class=\"text-center\">Instale TemplateToaster depois de baix\u00e1-lo. Come\u00e7ar a desenhar em minutos ao obter acesso a todas as funcionalidades na op\u00e7\u00e3o de teste gratuito ilimitado. O que voc\u00ea est\u00e1 esperando?<\/p>\n<\/div>\n<\/div>\n<div class=\"clearfix visible-xs-block\"><\/div>\n<div class=\"col-lg-4 col-md-4 col-sm-6 col-xs-12\">\n<div class=\"media\">\n<div class=\"landing_page_svg\" style=\"background-position: -115px -690px; display: block; height: 115px; margin: auto; width: 142px;\"><\/div>\n<h3 class=\"text-center\">F\u00e1cil UI para projetar como um profissional em minutos!<\/h3>\n<p class=\"text-center\">Cereja escolher entre centenas de modelos pr\u00e9 concebidas ou come\u00e7ar a partir da base! basta arrastar &amp; dropand adicionar estilos para projetar seu tema WooCommerce!<\/p>\n<\/div>\n<\/div>\n<div class=\"clearfix visible-sm-block visible-xs-block\"><\/div>\n<div class=\"col-lg-4 col-md-4 col-sm-6 col-xs-12\">\n<div class=\"media\">\n<div class=\"landing_page_svg\" style=\"background-position: -240px -690px; display: block; height: 115px; margin: auto; width: 142px;\"><\/div>\n<h3 class=\"text-center\">Instale super r\u00e1pido tema em poucos cliques!<\/h3>\n<p class=\"text-center\">Finalmente convencido com todos os estilos personalizados e ajustes? Basta fazer o upload seu tema WooCommerce em poucos cliques. Veja seu site alcan\u00e7ar o pr\u00f3ximo n\u00edvel!<\/p>\n<\/div>\n<\/div>\n<div class=\"clearfix visible-lg-block visible-md-block visible-sm-block visible-xs-block\"><\/div>\n<\/div>\n<\/div>\n<\/div>\n<div class=\"video-section wp-theme-generator\">\n<div class=\"container\">\n<h2 style=\"text-transform: none;\">Demonstra\u00e7\u00e3o do WooCommerce Theme Builder<\/h2>\n<div class=\"youtube-video-place embed-responsive embed-responsive-4by3 \" data-yt-url=\"https:\/\/www.youtube.com\/embed\/wiikegBEAgU?rel=0&amp;showinfo=0&amp;autoplay=1\">\n<p><img decoding=\"async\" src=\"https:\/\/templatetoaster.com\/wp-content\/uploads\/2019\/05\/woocommerce-theme-builder.jpg\" alt=\"WooCommerce Theme Builder\" \/><\/p>\n<div class=\"play-youtube-video\"><\/div>\n<\/div>\n<\/div>\n<\/div>\n<div class=\"section4 wp-theme-generator\">\n<h2 style=\"text-transform: none;\">Caracter\u00edsticas do TemplateToaster como WooCommerce Theme Creator<\/h2>\n<p class=\"section4-paragraph\">Backpacked com caracter\u00edsticas marcantes \u4e00 temas projeto usando software TemplateToaster!<\/p>\n<div class=\"row\">\n<div class=\"col-lg-4 col-md-4 col-sm-6 col-sx-12\">\n<div style=\"padding: 20px;\">\n<div class=\"text-center\">\n<div class=\"wp_feature landing_page_svg\" style=\"margin-right: 10px; display: inline-block; float: none; vertical-align: middle; background-position: -12px -82px;\"><\/div>\n<\/div>\n<h3 style=\"margin: 20px 0px 10px; text-align: center;\">Compatibilidade de vers\u00e3o<\/h3>\n<p class=\"text-center\">TemplateToaster \u00e9 compat\u00edvel com a \u00faltima vers\u00e3o do WordPress e WooCommerce. temas de design com este desenhador do tema WooCommerce que n\u00e3o s\u00e3o apenas visualmente impec\u00e1vel, mas perfeitamente compat\u00edvel com estas vers\u00f5es. N\u00f3s ficar \u00e0 frente no jogo com atualiza\u00e7\u00f5es r\u00e1pidas!<\/p>\n<\/div>\n<\/div>\n<div class=\"clearfix visible-xs-block\"><\/div>\n<div class=\"col-lg-4 col-md-4 col-sm-6 col-sx-12\">\n<div style=\"padding: 20px;\">\n<div class=\"text-center\">\n<div class=\"wp_feature landing_page_svg\" style=\"margin-right: 10px; display: inline-block; float: none; vertical-align: middle; background-position: -292px -12px;\"><\/div>\n<\/div>\n<h3 style=\"margin: 20px 0 10px; text-align: center;\">p\u00e1gina Builder<\/h3>\n<p class=\"text-center\">O construtor de p\u00e1gina visual avan\u00e7ado em TemplateToaster torna uma moleza para adicionar tabelas responsivos, linhas, colunas, etc. diretamente no seu post ou conte\u00fado da p\u00e1gina. Este chuta a necessidade de plugins de design extra neste tema designer WooCommerce!<\/p>\n<\/div>\n<\/div>\n<div class=\"clearfix visible-sm-block visible-xs-block\"><\/div>\n<div class=\"col-md-4 col-sm-6 col-sx-12\">\n<div style=\"padding: 20px;\">\n<div class=\"text-center\">\n<div class=\"wp_feature landing_page_svg\" style=\"margin-right: 10px; display: inline-block; float: none; vertical-align: middle; background-position: -92px -815px;\"><\/div>\n<\/div>\n<h3 style=\"margin: 20px 0 10px; text-align: center;\">Op\u00e7\u00f5es de cabe\u00e7alho<\/h3>\n<p class=\"text-center\">Este construtor tema vem com uma tonelada de op\u00e7\u00f5es de cabe\u00e7alho para projetar um tema que est\u00e1 convidando. Escolha a partir de 10 predefini\u00e7\u00f5es de cabe\u00e7alho, adicionar v\u00eddeo primeiro plano, logotipo, \u00edcones sociais, texturas, efeito,sombra etc.. e muito mais! posi\u00e7\u00e3o de cabe\u00e7alho pode ser definido abaixo ou acima do menu ou de menu dentro do cabe\u00e7alho.<\/p>\n<\/div>\n<\/div>\n<div class=\"clearfix visible-lg-block visible-md-block visible-xs-block\"><\/div>\n<div class=\"col-md-4 col-sm-6 col-sx-12\">\n<div style=\"padding: 20px;\">\n<div class=\"text-center\">\n<div class=\"wp_feature landing_page_svg\" style=\"margin-right: 10px; display: inline-block; float: none; vertical-align: middle; background-position: -292px -1088px;\"><\/div>\n<\/div>\n<h3 style=\"margin: 20px 0 10px; text-align: center;\">Product-p\u00e1gina Styling<\/h3>\n<p class=\"text-center\">Impulsionar-se a apar\u00eancia do produto p\u00e1ginas de sua loja WooCommerce, adicionando uma pitada de estilo. Personalize o estilo da fonte e tipo de fonte de T\u00edtulo do Produto, Tab descri\u00e7\u00f5es, especifica\u00e7\u00f5es Tab, coment\u00e1rios Tab, Bot\u00e3o Adicionar ao carrinho, acrescentando fronteira para miniaturas etc.<\/p>\n<\/div>\n<\/div>\n<div class=\"clearfix visible-sm-block visible-xs-block\"><\/div>\n<div class=\"col-md-4 col-sm-6 col-sx-12\">\n<div style=\"padding: 20px;\">\n<div class=\"text-center\">\n<div class=\"wp_feature landing_page_svg\" style=\"margin-right: 10px; display: inline-block; float: none; vertical-align: middle; background-position: -18px -1370px;\"><\/div>\n<\/div>\n<h3 style=\"margin: 20px 0 10px; text-align: center;\">M\u00faltipla Produto Grade Styling<\/h3>\n<p class=\"text-center\">temas de design com este criador tema que lhe permite adicionar estilos personalizados para multi-produto grid-vista e lista-view page. Escolha entre uma variedade de cores de fonte &amp; tipos, cores de fundo e muito mais para animar a p\u00e1gina<\/p>\n<\/div>\n<\/div>\n<div class=\"clearfix visible-xs-block\"><\/div>\n<div class=\"col-md-4 col-sm-6 col-sx-12\">\n<div style=\"padding: 20px;\">\n<div class=\"text-center\">\n<div class=\"wp_feature landing_page_svg\" style=\"float: none; height: 52px; vertical-align: middle; width: 44px; display: inline-block; background-position: -288px -1015px;\"><\/div>\n<\/div>\n<h3 style=\"margin: 20px 0 10px; text-align: center;\">Caixa P\u00e1gina<\/h3>\n<p class=\"text-center\">Acender-se a p\u00e1gina de pagamento de sua loja WooCommerce para fazer essa \u00faltima melhor impress\u00e3o sobre o comprador antes de ele deixar o seu site! Adicione estilos personalizados a esta p\u00e1gina, modificando a cor de fundo, estilos de fonte, tipos de fontes como por seu desejo!<\/p>\n<\/div>\n<\/div>\n<div class=\"clearfix visible-lg-block visible-md-block visible-sm-block visible-xs-block\"><\/div>\n<\/div>\n<\/div>\n<p><!--Section Features with WP--><\/p>\n<div class=\"section5 wp-theme-generator\" style=\"padding: 70px 10px; margin-bottom: 2px;\">\n<div style=\"margin: 40px 0px 20px;\">\n<h2 style=\"margin-bottom: 65px; text-transform: none;\">Principais Caracter\u00edsticas do TemplateToaster<\/h2>\n<div class=\"feature_with_wp row\">\n<div class=\"col-lg-4 col-md-4 col-sm-4 col-xs-6\">\n<div class=\"feature_wpimg\"><img decoding=\"async\" class=\"img-responsive\" src=\"https:\/\/templatetoaster.com\/wp-content\/uploads\/2017\/04\/multiple-language.png\" alt=\"Suporte a m\u00faltiplos idiomas\" \/><\/div>\n<\/div>\n<div class=\"col-lg-4 col-md-4 col-sm-4 col-xs-6\">\n<div class=\"feature_wpimg\"><img decoding=\"async\" class=\"img-responsive\" src=\"https:\/\/templatetoaster.com\/wp-content\/uploads\/2017\/04\/mobile-optimization.png\" alt=\"Otimiza\u00e7\u00e3o m\u00f3vel\" \/><\/div>\n<\/div>\n<div class=\"clearfix visible-xs-block\"><\/div>\n<div class=\"col-lg-4 col-md-4 col-sm-4 col-xs-6\">\n<div class=\"feature_wpimg\"><img decoding=\"async\" class=\"img-responsive\" src=\"https:\/\/templatetoaster.com\/wp-content\/uploads\/2017\/04\/drag-drop.png\" alt=\"Drag and Drop\" \/><\/div>\n<\/div>\n<div class=\"clearfix visible-lg-block visible-md-block visible-sm-block\"><\/div>\n<div class=\"col-lg-4 col-md-4 col-sm-4 col-xs-6\">\n<div class=\"feature_wpimg\"><img decoding=\"async\" class=\"img-responsive\" src=\"https:\/\/templatetoaster.com\/wp-content\/uploads\/2017\/04\/demo-templats.png\" alt=\"temas de demonstra\u00e7\u00e3o\" \/><\/div>\n<\/div>\n<div class=\"clearfix visible-xs-block\"><\/div>\n<div class=\"col-lg-4 col-md-4 col-sm-4 col-xs-6\">\n<div class=\"feature_wpimg\"><img decoding=\"async\" class=\"img-responsive\" src=\"https:\/\/templatetoaster.com\/wp-content\/uploads\/2017\/04\/mega-menu.png\" alt=\"mega menu\" \/><\/div>\n<\/div>\n<div class=\"col-lg-4 col-md-4 col-sm-4 col-xs-6\">\n<div class=\"feature_wpimg\"><img decoding=\"async\" class=\"img-responsive\" src=\"https:\/\/templatetoaster.com\/wp-content\/uploads\/2017\/04\/right-to-left.png\" alt=\"Direita para esquerda\" \/><\/div>\n<\/div>\n<div class=\"clearfix visible-lg-block visible-md-block visible-sm-block visible-xs-block\"><\/div>\n<div class=\"col-lg-4 col-md-4 col-sm-4 col-xs-6\">\n<div class=\"feature_wpimg\"><img decoding=\"async\" class=\"img-responsive\" src=\"https:\/\/templatetoaster.com\/wp-content\/uploads\/2017\/04\/amazing-slideshow.png\" alt=\"incr\u00edvel Slideshow\" \/><\/div>\n<\/div>\n<div class=\"col-lg-4 col-md-4 col-sm-4 col-xs-6\">\n<div class=\"feature_wpimg\"><img decoding=\"async\" class=\"img-responsive\" src=\"https:\/\/templatetoaster.com\/wp-content\/uploads\/2017\/04\/zero-coding.png\" alt=\"Zero Coding\" \/><\/div>\n<\/div>\n<div class=\"clearfix visible-xs-block\"><\/div>\n<div class=\"col-lg-4 col-md-4 col-sm-4 col-xs-6\">\n<div class=\"feature_wpimg\"><img decoding=\"async\" class=\"img-responsive\" src=\"https:\/\/templatetoaster.com\/wp-content\/uploads\/2017\/04\/custom-css.png\" alt=\"Custom CSS, JS e PHP\" \/><\/div>\n<\/div>\n<div class=\"clearfix visible-lg-block visible-md-block visible-sm-block visible-xs-block\"><\/div>\n<\/div>\n<\/div>\n<\/div>\n<p><!--Section Gallery--><\/p>\n<div class=\"section7 wp-theme-generator\" style=\"padding: 100px 10px; background-color: #f1f4f8; margin-bottom: 2px;\">\n<h2 style=\"text-transform: none;\">Nossos padr\u00f5es<\/h2>\n<div class=\"row\">\n<div class=\"col-lg-4 col-md-4 col-sm-6 col-xs-12\">\n<div style=\"padding: 20px;\">\n<div class=\"text-center\">\n<div class=\"wp_feature landing_page_svg\" style=\"margin-right: 10px; display: inline-block; float: none; vertical-align: middle; background-position: -75px -153px; width: 75px;\"><\/div>\n<\/div>\n<h3 style=\"margin: 20px 0px 10px; text-align: center;\">temas W3C validados<\/h3>\n<p class=\"text-center\">Temas projetados com TemplateToaster s\u00e3o W3C v\u00e1lido e cumprir com as normas internacionais. Isso garante benef\u00edcios do motor de busca e exibi\u00e7\u00e3o de pixel local perfeito!<\/p>\n<\/div>\n<\/div>\n<div class=\"clearfix visible-xs-block\"><\/div>\n<div class=\"col-lg-4 col-md-4 col-sm-6 col-xs-12\">\n<div style=\"padding: 20px;\">\n<div class=\"text-center\">\n<div class=\"wp_feature landing_page_svg\" style=\"margin-right: 10px; display: inline-block; float: none; vertical-align: middle; background-position: -165px -153px; width: 65px;\"><\/div>\n<\/div>\n<h3 style=\"margin: 20px 0 10px; text-align: center;\">HTML5 &amp; CSS3 Compliant<\/h3>\n<p class=\"text-center\">TemplateToaster software prospera em padr\u00f5es HTML5 e CSS3 permitindo-lhe adicionar elementos multim\u00eddia e muito mais! Criar um site rico em recursos em minutos.<\/p>\n<\/div>\n<\/div>\n<div class=\"clearfix visible-sm-block visible-xs-block\"><\/div>\n<div class=\"col-lg-4 col-md-4 col-sm-6 col-xs-12\">\n<div style=\"padding: 20px;\">\n<div class=\"text-center\">\n<div class=\"wp_feature landing_page_svg\" style=\"margin-right: 10px; display: inline-block; float: none; vertical-align: middle; background-position: -260px -147px; width: 65px;\"><\/div>\n<\/div>\n<h3 style=\"margin: 20px 0 10px; text-align: center;\">P\u00e1ginas Web ultra-r\u00e1pidas<\/h3>\n<p class=\"text-center\">Com TemplateToaster, esperar nada, mas a velocidade da carga supers\u00f4nica das p\u00e1ginas da web e veja mais visitantes se transformar em convers\u00f5es em nenhum momento!<\/p>\n<\/div>\n<\/div>\n<div class=\"clearfix visible-lg-block visible-md-block visible-xs-block\"><\/div>\n<\/div>\n<\/div>\n<p><!---- section 6 starts ---><\/p>\n<div class=\"section6 wp-theme-generator\" style=\"padding: 50px 10px;\">\n<div style=\"margin: 70px 0px 20px;\">\n<h2>Apoio Todos os CMSes principais<\/h2>\n<div class=\"section-center\" style=\"padding-bottom: 50px;\">\n<div class=\"main-cms-section\">\n<div class=\"cms-section\">\n<div class=\"text-center\">\n<div class=\"wp_feature landing_page_svg\" style=\"width: 120px; height: 120px; background-position: -85px -250px;\"><\/div>\n<\/div>\n<\/div>\n<div class=\"cms-section\">\n<div class=\"text-center\">\n<div class=\"wp_feature landing_page_svg\" style=\"width: 150px; height: 120px; background-position: -200px -250px;\"><\/div>\n<\/div>\n<\/div>\n<\/div>\n<div class=\"other-cms-section\">\n<div class=\"cms-section\">\n<div class=\"text-center\">\n<div class=\"wp_feature landing_page_svg\" style=\"width: 110px; height: 100px; background-position: 20px -380px;\"><\/div>\n<\/div>\n<\/div>\n<div class=\"cms-section\">\n<div class=\"text-center\">\n<div class=\"wp_feature landing_page_svg\" style=\"width: 110px; height: 102px; background-position: -68px -380px;\"><\/div>\n<\/div>\n<\/div>\n<div class=\"cms-section\">\n<div class=\"text-center\">\n<div class=\"wp_feature landing_page_svg\" style=\"width: 110px; height: 102px; background-position: -160px -380px;\"><\/div>\n<\/div>\n<\/div>\n<div class=\"cms-section\">\n<div class=\"text-center\">\n<div class=\"wp_feature landing_page_svg\" style=\"width: 110px; height: 100px; background-position: -260px -380px;\"><\/div>\n<\/div>\n<\/div>\n<div class=\"cms-section\">\n<div class=\"text-center\">\n<div class=\"wp_feature landing_page_svg\" style=\"width: 110px; height: 100px; background-position: -0px -495px;\"><\/div>\n<\/div>\n<\/div>\n<div class=\"cms-section\">\n<div class=\"text-center\">\n<div class=\"wp_feature landing_page_svg\" style=\"width: 110px; height: 100px; background-position: -125px -495px;\"><\/div>\n<\/div>\n<\/div>\n<div class=\"cms-section\">\n<div class=\"text-center\">\n<div class=\"wp_feature landing_page_svg\" style=\"width: 110px; height: 100px; background-position: -240px -495px;\"><\/div>\n<\/div>\n<\/div>\n<div class=\"cms-section\">\n<div class=\"text-center\">\n<div class=\"wp_feature landing_page_svg\" style=\"width: 110px; height: 100px; background-position: -0px -600px;\"><\/div>\n<\/div>\n<\/div>\n<\/div>\n<\/div>\n<div style=\"text-align: center; margin-top: 30px;\"><a class=\"btn download_btn\" href=\"https:\/\/templatetoaster.com\/pt-br\/download\">Fa\u00e7a o download agora<\/a><\/div>\n<\/div>\n<\/div>\n","protected":false},"excerpt":{"rendered":"<p>WooCommerce Builder tema que vai a milha extra temas de design que d\u00e3o uma nova loca\u00e7\u00e3o para o seu site. Vender muito bem em sua loja WooCommerce! &nbsp; Fa\u00e7a o download agora Por que usar TemplateToaster como WooCommerce tema Designer? &hellip; <a href=\"https:\/\/templatetoaster.com\/pt-br\/woocommerce-theme-builder\">Continue Reading<span class=\"meta-nav\">&rarr;<\/span><\/a><\/p>\n","protected":false},"author":1,"featured_media":0,"parent":0,"menu_order":0,"comment_status":"closed","ping_status":"closed","template":"","meta":{"footnotes":""},"yoast_head":"<!-- This site is optimized with the Yoast SEO plugin v23.5 - https:\/\/yoast.com\/wordpress\/plugins\/seo\/ -->\n<title>Construtor de temas do WooCommerce - TemplateToaster<\/title>\n<meta name=\"description\" content=\"Escolha TemplateToaster, o melhor WooCommerce Theme Builder\" \/>\n<meta name=\"robots\" content=\"index, follow, max-snippet:-1, max-image-preview:large, max-video-preview:-1\" \/>\n<link rel=\"canonical\" href=\"https:\/\/templatetoaster.com\/pt-br\/woocommerce-theme-builder\" \/>\n<meta property=\"og:locale\" content=\"pt_BR\" \/>\n<meta property=\"og:type\" content=\"article\" \/>\n<meta property=\"og:title\" content=\"Construtor de temas do WooCommerce - TemplateToaster\" \/>\n<meta property=\"og:description\" content=\"Escolha TemplateToaster, o melhor WooCommerce Theme Builder\" \/>\n<meta property=\"og:url\" content=\"https:\/\/templatetoaster.com\/pt-br\/woocommerce-theme-builder\" \/>\n<meta property=\"og:site_name\" content=\"TemplateToaster\" \/>\n<meta property=\"article:publisher\" content=\"https:\/\/www.facebook.com\/TemplateToaster\" \/>\n<meta property=\"article:modified_time\" content=\"2019-05-25T12:01:21+00:00\" \/>\n<meta property=\"og:image\" content=\"https:\/\/templatetoaster.com\/wp-content\/uploads\/2019\/05\/woocommerce-theme-builder.jpg\" \/>\n<meta name=\"twitter:card\" content=\"summary_large_image\" \/>\n<meta name=\"twitter:site\" content=\"@templatetoaster\" \/>\n<meta name=\"twitter:label1\" content=\"Est. tempo de leitura\" \/>\n\t<meta name=\"twitter:data1\" content=\"3 minutos\" \/>\n<script type=\"application\/ld+json\" class=\"yoast-schema-graph\">{\"@context\":\"https:\/\/schema.org\",\"@graph\":[{\"@type\":\"WebPage\",\"@id\":\"https:\/\/templatetoaster.com\/pt-br\/woocommerce-theme-builder\",\"url\":\"https:\/\/templatetoaster.com\/pt-br\/woocommerce-theme-builder\",\"name\":\"Construtor de temas do WooCommerce - TemplateToaster\",\"isPartOf\":{\"@id\":\"https:\/\/templatetoaster.com\/#website\"},\"primaryImageOfPage\":{\"@id\":\"https:\/\/templatetoaster.com\/pt-br\/woocommerce-theme-builder#primaryimage\"},\"image\":{\"@id\":\"https:\/\/templatetoaster.com\/pt-br\/woocommerce-theme-builder#primaryimage\"},\"thumbnailUrl\":\"https:\/\/templatetoaster.com\/wp-content\/uploads\/2019\/05\/woocommerce-theme-builder.jpg\",\"datePublished\":\"2018-04-13T11:08:03+00:00\",\"dateModified\":\"2019-05-25T12:01:21+00:00\",\"description\":\"Escolha TemplateToaster, o melhor WooCommerce Theme Builder\",\"breadcrumb\":{\"@id\":\"https:\/\/templatetoaster.com\/pt-br\/woocommerce-theme-builder#breadcrumb\"},\"inLanguage\":\"pt-BR\",\"potentialAction\":[{\"@type\":\"ReadAction\",\"target\":[\"https:\/\/templatetoaster.com\/pt-br\/woocommerce-theme-builder\"]}]},{\"@type\":\"ImageObject\",\"inLanguage\":\"pt-BR\",\"@id\":\"https:\/\/templatetoaster.com\/pt-br\/woocommerce-theme-builder#primaryimage\",\"url\":\"https:\/\/templatetoaster.com\/wp-content\/uploads\/2019\/05\/woocommerce-theme-builder.jpg\",\"contentUrl\":\"https:\/\/templatetoaster.com\/wp-content\/uploads\/2019\/05\/woocommerce-theme-builder.jpg\"},{\"@type\":\"BreadcrumbList\",\"@id\":\"https:\/\/templatetoaster.com\/pt-br\/woocommerce-theme-builder#breadcrumb\",\"itemListElement\":[{\"@type\":\"ListItem\",\"position\":1,\"name\":\"Home\",\"item\":\"https:\/\/templatetoaster.com\/pt-br\"},{\"@type\":\"ListItem\",\"position\":2,\"name\":\"Construtor de temas do WooCommerce\"}]},{\"@type\":\"WebSite\",\"@id\":\"https:\/\/templatetoaster.com\/#website\",\"url\":\"https:\/\/templatetoaster.com\/\",\"name\":\"TemplateToaster\",\"description\":\"\",\"publisher\":{\"@id\":\"https:\/\/templatetoaster.com\/#organization\"},\"inLanguage\":\"pt-BR\"},{\"@type\":\"Organization\",\"@id\":\"https:\/\/templatetoaster.com\/#organization\",\"name\":\"TemplateToaster\",\"url\":\"https:\/\/templatetoaster.com\/\",\"logo\":{\"@type\":\"ImageObject\",\"inLanguage\":\"pt-BR\",\"@id\":\"https:\/\/templatetoaster.com\/#\/schema\/logo\/image\/\",\"url\":\"https:\/\/templatetoaster.com\/wp-content\/uploads\/2019\/11\/TemplateToaster_Logo.jpg\",\"contentUrl\":\"https:\/\/templatetoaster.com\/wp-content\/uploads\/2019\/11\/TemplateToaster_Logo.jpg\",\"width\":85,\"height\":85,\"caption\":\"TemplateToaster\"},\"image\":{\"@id\":\"https:\/\/templatetoaster.com\/#\/schema\/logo\/image\/\"},\"sameAs\":[\"https:\/\/www.facebook.com\/TemplateToaster\",\"https:\/\/x.com\/templatetoaster\",\"https:\/\/www.instagram.com\/templatetoaster\/\",\"https:\/\/www.linkedin.com\/company\/templatetoaster\/\",\"https:\/\/www.pinterest.com\/templatetoaster\/\",\"https:\/\/www.youtube.com\/@TemplateToaster\"]}]}<\/script>\n<!-- \/ Yoast SEO plugin. -->","yoast_head_json":{"title":"Construtor de temas do WooCommerce - TemplateToaster","description":"Escolha TemplateToaster, o melhor WooCommerce Theme Builder","robots":{"index":"index","follow":"follow","max-snippet":"max-snippet:-1","max-image-preview":"max-image-preview:large","max-video-preview":"max-video-preview:-1"},"canonical":"https:\/\/templatetoaster.com\/pt-br\/woocommerce-theme-builder","og_locale":"pt_BR","og_type":"article","og_title":"Construtor de temas do WooCommerce - TemplateToaster","og_description":"Escolha TemplateToaster, o melhor WooCommerce Theme Builder","og_url":"https:\/\/templatetoaster.com\/pt-br\/woocommerce-theme-builder","og_site_name":"TemplateToaster","article_publisher":"https:\/\/www.facebook.com\/TemplateToaster","article_modified_time":"2019-05-25T12:01:21+00:00","og_image":[{"url":"https:\/\/templatetoaster.com\/wp-content\/uploads\/2019\/05\/woocommerce-theme-builder.jpg"}],"twitter_card":"summary_large_image","twitter_site":"@templatetoaster","twitter_misc":{"Est. tempo de leitura":"3 minutos"},"schema":{"@context":"https:\/\/schema.org","@graph":[{"@type":"WebPage","@id":"https:\/\/templatetoaster.com\/pt-br\/woocommerce-theme-builder","url":"https:\/\/templatetoaster.com\/pt-br\/woocommerce-theme-builder","name":"Construtor de temas do WooCommerce - TemplateToaster","isPartOf":{"@id":"https:\/\/templatetoaster.com\/#website"},"primaryImageOfPage":{"@id":"https:\/\/templatetoaster.com\/pt-br\/woocommerce-theme-builder#primaryimage"},"image":{"@id":"https:\/\/templatetoaster.com\/pt-br\/woocommerce-theme-builder#primaryimage"},"thumbnailUrl":"https:\/\/templatetoaster.com\/wp-content\/uploads\/2019\/05\/woocommerce-theme-builder.jpg","datePublished":"2018-04-13T11:08:03+00:00","dateModified":"2019-05-25T12:01:21+00:00","description":"Escolha TemplateToaster, o melhor WooCommerce Theme Builder","breadcrumb":{"@id":"https:\/\/templatetoaster.com\/pt-br\/woocommerce-theme-builder#breadcrumb"},"inLanguage":"pt-BR","potentialAction":[{"@type":"ReadAction","target":["https:\/\/templatetoaster.com\/pt-br\/woocommerce-theme-builder"]}]},{"@type":"ImageObject","inLanguage":"pt-BR","@id":"https:\/\/templatetoaster.com\/pt-br\/woocommerce-theme-builder#primaryimage","url":"https:\/\/templatetoaster.com\/wp-content\/uploads\/2019\/05\/woocommerce-theme-builder.jpg","contentUrl":"https:\/\/templatetoaster.com\/wp-content\/uploads\/2019\/05\/woocommerce-theme-builder.jpg"},{"@type":"BreadcrumbList","@id":"https:\/\/templatetoaster.com\/pt-br\/woocommerce-theme-builder#breadcrumb","itemListElement":[{"@type":"ListItem","position":1,"name":"Home","item":"https:\/\/templatetoaster.com\/pt-br"},{"@type":"ListItem","position":2,"name":"Construtor de temas do WooCommerce"}]},{"@type":"WebSite","@id":"https:\/\/templatetoaster.com\/#website","url":"https:\/\/templatetoaster.com\/","name":"TemplateToaster","description":"","publisher":{"@id":"https:\/\/templatetoaster.com\/#organization"},"inLanguage":"pt-BR"},{"@type":"Organization","@id":"https:\/\/templatetoaster.com\/#organization","name":"TemplateToaster","url":"https:\/\/templatetoaster.com\/","logo":{"@type":"ImageObject","inLanguage":"pt-BR","@id":"https:\/\/templatetoaster.com\/#\/schema\/logo\/image\/","url":"https:\/\/templatetoaster.com\/wp-content\/uploads\/2019\/11\/TemplateToaster_Logo.jpg","contentUrl":"https:\/\/templatetoaster.com\/wp-content\/uploads\/2019\/11\/TemplateToaster_Logo.jpg","width":85,"height":85,"caption":"TemplateToaster"},"image":{"@id":"https:\/\/templatetoaster.com\/#\/schema\/logo\/image\/"},"sameAs":["https:\/\/www.facebook.com\/TemplateToaster","https:\/\/x.com\/templatetoaster","https:\/\/www.instagram.com\/templatetoaster\/","https:\/\/www.linkedin.com\/company\/templatetoaster\/","https:\/\/www.pinterest.com\/templatetoaster\/","https:\/\/www.youtube.com\/@TemplateToaster"]}]}},"_links":{"self":[{"href":"https:\/\/templatetoaster.com\/pt-br\/wp-json\/wp\/v2\/pages\/4152"}],"collection":[{"href":"https:\/\/templatetoaster.com\/pt-br\/wp-json\/wp\/v2\/pages"}],"about":[{"href":"https:\/\/templatetoaster.com\/pt-br\/wp-json\/wp\/v2\/types\/page"}],"author":[{"embeddable":true,"href":"https:\/\/templatetoaster.com\/pt-br\/wp-json\/wp\/v2\/users\/1"}],"replies":[{"embeddable":true,"href":"https:\/\/templatetoaster.com\/pt-br\/wp-json\/wp\/v2\/comments?post=4152"}],"version-history":[{"count":4,"href":"https:\/\/templatetoaster.com\/pt-br\/wp-json\/wp\/v2\/pages\/4152\/revisions"}],"predecessor-version":[{"id":30300,"href":"https:\/\/templatetoaster.com\/pt-br\/wp-json\/wp\/v2\/pages\/4152\/revisions\/30300"}],"wp:attachment":[{"href":"https:\/\/templatetoaster.com\/pt-br\/wp-json\/wp\/v2\/media?parent=4152"}],"curies":[{"name":"wp","href":"https:\/\/api.w.org\/{rel}","templated":true}]}}