{"id":4149,"date":"2018-04-13T11:05:42","date_gmt":"2018-04-13T11:05:42","guid":{"rendered":"http:\/\/templatetoaster.com?page_id=4149"},"modified":"2019-06-18T06:38:13","modified_gmt":"2019-06-18T06:38:13","slug":"what-is-templatetoaster","status":"publish","type":"page","link":"https:\/\/templatetoaster.com\/pt-br\/what-is-templatetoaster","title":{"rendered":"O que \u00e9 TemplateToaster"},"content":{"rendered":"<div class=\"section1 wp-theme-generator about-tt\">\n<div class=\"inner-section\">\n<div style=\"margin: 115px 0 50px;\">\n<h1>O que \u00e9 o software TemplateToaster?<\/h1>\n<p class=\"text-center\">TemplateToaster \u00e9 um Web Design e Tema de Design baseado no Windows e um software CMS Template que permite criar sites e modelos maravilhosos em minutos. Com sua interface intuitiva, o TemplateToaster permite que voc\u00ea projete suas ideias e crie temas e modelos responsivos a v\u00e1rios sistemas de gerenciamento de conte\u00fado (CMSes), como WordPress, Joomla e Drupal, incluindo plataformas de e-commerce como Magento, OpenCart, Prestashop e VirtueMart. Voc\u00ea tamb\u00e9m pode criar modelos para sites do Blogger e HTML em nenhum momento. TemplateToaster \u00e9 o melhor construtor de sites offline que permite que voc\u00ea trabalhe em sua m\u00e1quina local, fornecendo uma interface din\u00e2mica para trabalhar.<\/p>\n<p>&nbsp;<\/p>\n<div class=\"clearfix\"><\/div>\n<\/div>\n<\/div>\n<\/div>\n<p><!--- What is TemplateToaster Section ---><\/p>\n<div class=\"section2 wp-theme-generator about-tt\">\n<div class=\"section2-inner\">\n<h2>Por que escolher TemplateToaster?<\/h2>\n<div class=\"about-tt row\">\n<div class=\"col-lg-5 col-md-5 col-sm-5 col-xs-12\"><img decoding=\"async\" class=\"img-responsive\" src=\"https:\/\/templatetoaster.com\/wp-content\/uploads\/2018\/03\/templatetoaster-offers.png\" alt=\"\" \/><\/div>\n<div class=\"clearfix visible-xs-block\"><\/div>\n<div class=\"col-lg-7 col-md-7 col-sm-7 col-xs-12\">\n<ul>\n<li>Desenvolvimento cont\u00ednuo desde 2008 e continua sendo o n\u00famero um em rela\u00e7\u00e3o aos seus concorrentes.<\/li>\n<li>Sendo um aplicativo \/ software de desktop, ele \u00e9 robusto e est\u00e1vel, para que possa lidar facilmente com trabalhos pesados de web design.<\/li>\n<li>TemplateToaster permite que voc\u00ea crie um site de acordo com suas necessidades sem ter que escrever uma \u00fanica linha de c\u00f3digo.<\/li>\n<li>A beleza do TemplateToaster est\u00e1 na interface intuitiva e addons, por exemplo. fotos, logotipos de a\u00e7\u00f5es, \u00edcones sociais s\u00e3o outra vantagem do TemplateToaster na lista de seus recursos.<\/li>\n<li>Devido aos recursos magn\u00edficos e suporte incr\u00edvel, TemplateToaster se destaca entre todos os softwares de web design.<\/li>\n<li>A flexibilidade para criar websites responsivos e SEO que a TemplateToaster oferece \u00e9 incrivelmente \u00fatil para iniciantes.<\/li>\n<\/ul>\n<\/div>\n<\/div>\n<p><a class=\"btn download_btn\" href=\"https:\/\/templatetoaster.com\/pt-br\/download\">Baixar<\/a><\/p>\n<\/div>\n<\/div>\n<p><!---- section 3 starts ---><\/p>\n<div class=\"section3 wp-theme-generator\">\n<div class=\"section3-inner\">\n<h2>Salient Features of TemplateToaster<\/h2>\n<div class=\"row\">\n<div class=\"col-lg-4 col-md-4 col-sm-6 col-xs-12\">\n<div class=\"media\">\n<div class=\"wp_feature landing_page_svg\" style=\"background-position: 0px -150px; display: block; margin: auto;\"><\/div>\n<h3 class=\"text-center\">Codific\u00e3o Zero<\/h3>\n<p class=\"text-center\">A interface de arrastar e soltar permite criar um design de sua escolha sem o inc\u00f4modo de codifica\u00e7\u00e3o. Basta arrastar e soltar os elementos e seu site est\u00e1 pronto para uso.<\/p>\n<\/div>\n<\/div>\n<div class=\"clearfix visible-xs-block\"><\/div>\n<div class=\"col-lg-4 col-md-4 col-sm-6 col-xs-12\">\n<div class=\"media\">\n<div class=\"wp_feature landing_page_svg\" style=\"background-position: -295px -75px; display: block; margin: auto;\"><\/div>\n<h3 class=\"text-center\">Web design responsivo<\/h3>\n<p class=\"text-center\">TemplateToaster suporta web design responsivo, o que significa que n\u00e3o importa em qual dispositivo seu site \u00e9 visualizado, seu site se encaixar\u00e1 perfeitamente na tela.<\/p>\n<\/div>\n<\/div>\n<div class=\"clearfix visible-sm-block visible-xs-block\"><\/div>\n<div class=\"col-lg-4 col-md-4 col-sm-6 col-xs-12\">\n<div class=\"media\">\n<div class=\"wp_feature landing_page_svg\" style=\"background-position: -60px -80px; display: block; margin: auto;\"><\/div>\n<h3 class=\"text-center\">Compat\u00edvel com Bootstrap<\/h3>\n<p class=\"text-center\">O TemplateToaster \u00e9 compat\u00edvel com a vers\u00e3o mais recente do Bootstrap Framework, portanto, melhorar ou renovar seu tema nunca prejudicar\u00e1 a capacidade de resposta do seu site.<\/p>\n<\/div>\n<\/div>\n<div class=\"clearfix visible-lg-block visible-md-block visible-xs-block\"><\/div>\n<div class=\"col-lg-4 col-md-4 col-sm-6 col-xs-12\">\n<div class=\"media\">\n<div class=\"wp_feature landing_page_svg\" style=\"background-position: -77px -1597px; display: block; margin: auto;\"><\/div>\n<h3 class=\"text-center\">Slideshows Deslumbrantes<\/h3>\n<p class=\"text-center\">As apresenta\u00e7\u00f5es de diapositivos atraem mais envolvimento dos utilizadores e a TemplateToaster permite-lhe criar apresenta\u00e7\u00f5es de diapositivos atraentes e interessantes para dar ao seu site uma apar\u00eancia arrojada.<\/p>\n<\/div>\n<\/div>\n<div class=\"clearfix visible-sm-block visible-xs-block\"><\/div>\n<div class=\"col-lg-4 col-md-4 col-sm-6 col-xs-12\">\n<div class=\"media\">\n<div class=\"wp_feature landing_page_svg\" style=\"background-position: -210px -5px; display: block; margin: auto;\"><\/div>\n<h3 class=\"text-center\">Criador de menus<\/h3>\n<p class=\"text-center\">Qualquer tipo de menu pode ser facilmente projetado com TemplateToaster seja um Menu Horizontal \/ Submenu, Menu Vertical \/ Submenu, Menu Revista, Hamburger etc.<\/p>\n<\/div>\n<\/div>\n<div class=\"clearfix visible-xs-block\"><\/div>\n<div class=\"col-lg-4 col-md-4 col-sm-6 col-xs-12\">\n<div class=\"media\">\n<div class=\"wp_feature landing_page_svg\" style=\"background-position: 0px -153px; display: block; margin: auto;\"><\/div>\n<h3 class=\"text-center\">WYSIWYG Editor<\/h3>\n<p class=\"text-center\">TemplateToaster oferece-lhe um editor visual WYSIWYG avan\u00e7ado. Inclui todas as op\u00e7\u00f5es avan\u00e7adas, como hiperlinks, recuo de texto, pesquisa de imagens, tabelas, fontes etc.<\/p>\n<\/div>\n<\/div>\n<div class=\"clearfix visible-lg-block visible-md-block visible-sm-block visible-xs-block\"><\/div>\n<\/div>\n<\/div>\n<\/div>\n<div class=\"section4 wp-theme-generator about-tt\">\n<div class=\"inner-section\">\n<h2>TemplateToaster:<br \/>\n\u00c9 um software de desktop, um plugin, um tema ou um aplicativo da web?<\/h2>\n<p><img decoding=\"async\" class=\"img-responsive\" style=\"margin: 50px auto;\" src=\"https:\/\/templatetoaster.com\/wp-content\/uploads\/2018\/03\/tt-clarification.png\" alt=\"\" \/><\/p>\n<p>TemplateToaster n\u00e3o \u00e9 um plugin, nem um tema nem uma aplica\u00e7\u00e3o web, \u00e9 na verdade software de desktop. Voc\u00ea pode baixar o TemplateToaster para sua m\u00e1quina local e us\u00e1-lo como qualquer outro software do Windows, sem qualquer aborrecimento. TemplateToaster lhe d\u00e1 a liberdade completa para projetar tema atraente de sua escolha com qualquer exig\u00eancia que voc\u00ea precisa em seu site. A interface suave e perfeita do TemplateToaster vai fazer voc\u00ea se apaixonar por ele.\n<\/p><\/div>\n<\/div>\n<div class=\"section wp-theme-generator about-tt\">\n<div class=\"inner-section\">\n<h2>Est\u00e1 dispon\u00edvel gratuitamente?<\/h2>\n<div class=\"row\">\n<div class=\"col-lg-5 col-md-5 col-sm-5 col-xs-12\"><img decoding=\"async\" class=\"img-responsive\" src=\"https:\/\/templatetoaster.com\/wp-content\/uploads\/2018\/03\/free-trial.png\" \/><\/div>\n<div class=\"clearfix visible-xs-block\"><\/div>\n<div class=\"col-lg-7 col-md-7 col-sm-7 col-xs-12\">\n<p>Sim, voc\u00ea pode usar a vers\u00e3o de teste do TemplateToaster gratuitamente. Basta baixar o TemplateToaster e us\u00e1-lo pelo tempo que desejar. Uma coisa a ter em mente \u00e9 que todos os modelos criados na vers\u00e3o de teste sair\u00e3o com uma marca d&#8217;\u00e1gua dizendo &#8220;Vers\u00e3o de teste&#8221;.<\/p>\n<p>Quando estiver satisfeito com o funcionamento da TemplateToaster, voc\u00ea poder\u00e1 adquirir a licen\u00e7a de ativa\u00e7\u00e3o do produto para obter todos os recursos. Confira e compare <a href=\"https:\/\/templatetoaster.com\/pt-br\/purchase\"> as edi\u00e7\u00f5es dispon\u00edveis <\/a> e selecione a que melhor atende \u00e0s suas necessidades!<\/p>\n<p><a class=\"btn download_btn\" href=\"https:\/\/templatetoaster.com\/pt-br\/download\">Baixar<\/a><\/p>\n<\/div>\n<div class=\"clearfix visible-lg-block visible-md-block visible-sm-block visible-xs-block\"><\/div>\n<\/div>\n<\/div>\n<\/div>\n<div class=\"section4 wp-theme-generator about-tt\">\n<h2 style=\"text-transform: none;\">Come\u00e7ando com TemplateToaster<\/h2>\n<p class=\"section4-paragraph\">TemplateToaster \u00e9 super f\u00e1cil de usar. \u00c9 uma ferramenta de web design t\u00e3o facilmente compreens\u00edvel e \u00fatil que permite que at\u00e9 um iniciante crie um site em pouco tempo. Confira alguns recursos interessantes fornecidos abaixo para iniciar seu processo de design da web.<\/p>\n<div class=\"row\">\n<div class=\"col-lg-4 col-md-4 col-sm-6 col-sx-12\">\n<div style=\"padding: 20px;\">\n<div class=\"text-center\">\n<div class=\"wp_feature landing_page_svg\" style=\"margin-right: 10px; display: inline-block; float: none; vertical-align: middle; background-position: -15px -1670px;\"><\/div>\n<\/div>\n<h3 style=\"margin: 20px 0px 10px; text-align: center;\"><a href=\"https:\/\/templatetoaster.com\/documentation\">Documenta\u00e7\u00e3o<\/a><\/h3>\n<p class=\"text-center\"><a href=\"https:\/\/templatetoaster.com\/documentation\">Documenta\u00e7\u00e3o<\/a> inclui o processo de baixar, instalar e ativar o TemplateToaster. Outra se\u00e7\u00e3o, chamada <a href=\"https:\/\/kb.templatetoaster.com\/\"> Knowledge base <\/a>, incorpora informa\u00e7\u00f5es detalhadas sobre as op\u00e7\u00f5es dispon\u00edveis com o software.<\/p>\n<\/div>\n<\/div>\n<div class=\"clearfix visible-xs-block\"><\/div>\n<div class=\"col-lg-4 col-md-4 col-sm-6 col-sx-12\">\n<div style=\"padding: 20px;\">\n<div class=\"text-center\">\n<div class=\"wp_feature landing_page_svg\" style=\"margin-right: 10px; display: inline-block; float: none; vertical-align: middle; background-position: -7px -1600px;\"><\/div>\n<\/div>\n<h3 style=\"margin: 20px 0 10px; text-align: center;\"><a href=\"https:\/\/templatetoaster.com\/demo\"> Demos<\/a><\/h3>\n<p class=\"text-center\">Esta se\u00e7\u00e3o aborda os tutoriais completos do v\u00eddeo de demonstra\u00e7\u00e3o TemplateToaster <b> <a href=\"https:\/\/templatetoaster.com\/pt-br\/demo\"> <\/a> para oferecer uma vis\u00e3o clara do software. De como instalar, at\u00e9 como usar TemplateToaster, tem tudo.<\/p>\n<\/div>\n<\/div>\n<div class=\"clearfix visible-sm-block visible-xs-block\"><\/div>\n<div class=\"col-md-4 col-sm-6 col-sx-12\">\n<div style=\"padding: 20px;\">\n<div class=\"text-center\">\n<div class=\"wp_feature landing_page_svg\" style=\"margin-right: 10px; display: inline-block; float: none; vertical-align: middle; background-position: -290px -1745px;\"><\/div>\n<\/div>\n<h3 style=\"margin: 20px 0 10px; text-align: center;\"><a href=\"https:\/\/templatetoaster.com\/showcase\/\"> Temas de amostras e modelos<\/a><\/h3>\n<p class=\"text-center\">A biblioteca interna TemplateToaster possui uma extensa cole\u00e7\u00e3o de <a href=\"https:\/\/templatetoaster.com\/showcase\/\"> temas e modelos <\/a> para voc\u00ea escolher. No entanto, voc\u00ea \u00e9 livre para criar seus pr\u00f3prios temas e modelos com seus pr\u00f3prios designs.<\/p>\n<\/div>\n<\/div>\n<div class=\"clearfix visible-lg-block visible-md-block visible-xs-block\"><\/div>\n<div class=\"col-md-4 col-sm-6 col-sx-12\">\n<div style=\"padding: 20px;\">\n<div class=\"text-center\">\n<div class=\"wp_feature landing_page_svg\" style=\"margin-right: 10px; display: inline-block; float: none; vertical-align: middle; background-position: -224px -1670px;\"><\/div>\n<\/div>\n<h3 style=\"margin: 20px 0 10px; text-align: center;\"><a href=\"https:\/\/templatetoaster.com\/templates\">mercado<\/a><\/h3>\n<p class=\"text-center\">A TemplateToaster d\u00e1 a voc\u00ea a oportunidade de <a href=\"https:\/\/templatetoaster.com\/templates\"> comprar e vender <\/a> Website Premium Themes &#038; amp; Modelos Um usu\u00e1rio registrado pode comprar ou vender os temas criados por eles aqui. A criatividade de outra pessoa pode ser seu ganho!<\/p>\n<\/div>\n<\/div>\n<div class=\"clearfix visible-sm-block visible-xs-block\"><\/div>\n<div class=\"col-md-4 col-sm-6 col-sx-12\">\n<div style=\"padding: 20px;\">\n<div class=\"text-center\">\n<div class=\"wp_feature landing_page_svg\" style=\"float: none; height: 52px; vertical-align: middle; width: 44px; display: inline-block; background-position: -96px -1670px;\"><\/div>\n<\/div>\n<h3 style=\"margin: 20px 0 10px; text-align: center;\"><a href=\"https:\/\/templatetoaster.com\/forum\/\"> F\u00f3runs<\/a><\/h3>\n<p class=\"text-center\">A prestigiosa comunidade da TemplateToaster permite que voc\u00ea compartilhe sua opini\u00e3o com os outros usu\u00e1rios. Os membros t\u00e9cnicos da equipe TemplateToaster s\u00e3o parte integrante deste <a href=\"https:\/\/templatetoaster.com\/forum\/\"> F\u00f3rum <\/a>.<\/p>\n<\/div>\n<\/div>\n<div class=\"clearfix visible-xs-block\"><\/div>\n<div class=\"col-md-4 col-sm-6 col-sx-12\">\n<div style=\"padding: 20px;\">\n<div class=\"text-center\">\n<div class=\"wp_feature landing_page_svg\" style=\"margin-right: 10px; display: inline-block; float: none; vertical-align: middle; background-position: -160px -1670px;\"><\/div>\n<\/div>\n<h3 style=\"margin: 20px 0 10px; text-align: center;\"><a href=\"https:\/\/templatetoaster.com\/tutorials\/\">Tutorials<\/a><\/h3>\n<p class=\"text-center\">Voc\u00ea pode mergulhar em nosso oceano informativo repleto de artigos sobre WordPress, Drupal, Magento e outros CMSs em nossa <a href=\"https:\/\/blog.templatetoaster.com\"> se\u00e7\u00e3o de blog <\/a>. Guias explicando a tecnologia geral da web est\u00e3o dispon\u00edveis em nossa <a href=\"https:\/\/templatetoaster.com\/tutorials\/\"> se\u00e7\u00e3o de Tutoriais <\/a>.<\/p>\n<\/div>\n<\/div>\n<div class=\"clearfix visible-lg-block visible-md-block visible-sm-block visible-xs-block\"><\/div>\n<\/div>\n<\/div>\n<div class=\"section7 wp-theme-generator about-tt\" style=\"padding: 100px 10px; margin-bottom: 2px; text-align: center;\">\n<div class=\"inner-section\">\n<h2 style=\"text-transform: none;\">Alcance nosso suporte t\u00e9cnico<\/h2>\n<p style=\"margin-bottom: 30px;\">Preso em algum lugar? N\u00e3o se preocupe, <a href=\"https:\/\/templatetoaster.com\/support\"> nosso suporte t\u00e9cnico <\/a> est\u00e1 a apenas um clique de dist\u00e2ncia. Para responder a todas as suas d\u00favidas, estamos acess\u00edveis 24 * 7. Seja qual for a sua pergunta, estaremos l\u00e1 para resolv\u00ea-lo a qualquer hora do dia. Sinta-se livre para nos contatar sempre que tiver algum problema. Ficaremos felizes em atend\u00ea-lo..<\/p>\n<p><a class=\"btn download_btn\" href=\"https:\/\/templatetoaster.com\/support\">Bilhete de Suporte<\/a><\/p>\n<\/div>\n<\/div>\n","protected":false},"excerpt":{"rendered":"<p>O que \u00e9 o software TemplateToaster? TemplateToaster \u00e9 um Web Design e Tema de Design baseado no Windows e um software CMS Template que permite criar sites e modelos maravilhosos em minutos. Com sua interface intuitiva, o TemplateToaster permite que &hellip; <a href=\"https:\/\/templatetoaster.com\/pt-br\/what-is-templatetoaster\">Continue Reading<span class=\"meta-nav\">&rarr;<\/span><\/a><\/p>\n","protected":false},"author":1,"featured_media":0,"parent":0,"menu_order":0,"comment_status":"closed","ping_status":"closed","template":"","meta":{"footnotes":""},"yoast_head":"<!-- This site is optimized with the Yoast SEO plugin v23.5 - https:\/\/yoast.com\/wordpress\/plugins\/seo\/ -->\n<title>O que \u00e9 TemplateToaster - TemplateToaster<\/title>\n<meta name=\"description\" content=\"O que \u00e9 o software TemplateToaster\" \/>\n<meta name=\"robots\" content=\"index, follow, max-snippet:-1, max-image-preview:large, max-video-preview:-1\" \/>\n<link rel=\"canonical\" href=\"https:\/\/templatetoaster.com\/pt-br\/what-is-templatetoaster\" \/>\n<meta property=\"og:locale\" content=\"pt_BR\" \/>\n<meta property=\"og:type\" content=\"article\" \/>\n<meta property=\"og:title\" content=\"O que \u00e9 TemplateToaster - TemplateToaster\" \/>\n<meta property=\"og:description\" content=\"O que \u00e9 o software TemplateToaster\" \/>\n<meta property=\"og:url\" content=\"https:\/\/templatetoaster.com\/pt-br\/what-is-templatetoaster\" \/>\n<meta property=\"og:site_name\" content=\"TemplateToaster\" \/>\n<meta property=\"article:publisher\" content=\"https:\/\/www.facebook.com\/TemplateToaster\" \/>\n<meta property=\"article:modified_time\" content=\"2019-06-18T06:38:13+00:00\" \/>\n<meta property=\"og:image\" content=\"https:\/\/templatetoaster.com\/wp-content\/uploads\/2018\/03\/templatetoaster-offers.png\" \/>\n<meta name=\"twitter:card\" content=\"summary_large_image\" \/>\n<meta name=\"twitter:site\" content=\"@templatetoaster\" \/>\n<meta name=\"twitter:label1\" content=\"Est. tempo de leitura\" \/>\n\t<meta name=\"twitter:data1\" content=\"5 minutos\" \/>\n<script type=\"application\/ld+json\" class=\"yoast-schema-graph\">{\"@context\":\"https:\/\/schema.org\",\"@graph\":[{\"@type\":\"WebPage\",\"@id\":\"https:\/\/templatetoaster.com\/pt-br\/what-is-templatetoaster\",\"url\":\"https:\/\/templatetoaster.com\/pt-br\/what-is-templatetoaster\",\"name\":\"O que \u00e9 TemplateToaster - TemplateToaster\",\"isPartOf\":{\"@id\":\"https:\/\/templatetoaster.com\/#website\"},\"primaryImageOfPage\":{\"@id\":\"https:\/\/templatetoaster.com\/pt-br\/what-is-templatetoaster#primaryimage\"},\"image\":{\"@id\":\"https:\/\/templatetoaster.com\/pt-br\/what-is-templatetoaster#primaryimage\"},\"thumbnailUrl\":\"https:\/\/templatetoaster.com\/wp-content\/uploads\/2018\/03\/templatetoaster-offers.png\",\"datePublished\":\"2018-04-13T11:05:42+00:00\",\"dateModified\":\"2019-06-18T06:38:13+00:00\",\"description\":\"O que \u00e9 o software TemplateToaster\",\"breadcrumb\":{\"@id\":\"https:\/\/templatetoaster.com\/pt-br\/what-is-templatetoaster#breadcrumb\"},\"inLanguage\":\"pt-BR\",\"potentialAction\":[{\"@type\":\"ReadAction\",\"target\":[\"https:\/\/templatetoaster.com\/pt-br\/what-is-templatetoaster\"]}]},{\"@type\":\"ImageObject\",\"inLanguage\":\"pt-BR\",\"@id\":\"https:\/\/templatetoaster.com\/pt-br\/what-is-templatetoaster#primaryimage\",\"url\":\"https:\/\/templatetoaster.com\/wp-content\/uploads\/2018\/03\/templatetoaster-offers.png\",\"contentUrl\":\"https:\/\/templatetoaster.com\/wp-content\/uploads\/2018\/03\/templatetoaster-offers.png\"},{\"@type\":\"BreadcrumbList\",\"@id\":\"https:\/\/templatetoaster.com\/pt-br\/what-is-templatetoaster#breadcrumb\",\"itemListElement\":[{\"@type\":\"ListItem\",\"position\":1,\"name\":\"Home\",\"item\":\"https:\/\/templatetoaster.com\/pt-br\"},{\"@type\":\"ListItem\",\"position\":2,\"name\":\"O que \u00e9 TemplateToaster\"}]},{\"@type\":\"WebSite\",\"@id\":\"https:\/\/templatetoaster.com\/#website\",\"url\":\"https:\/\/templatetoaster.com\/\",\"name\":\"TemplateToaster\",\"description\":\"\",\"publisher\":{\"@id\":\"https:\/\/templatetoaster.com\/#organization\"},\"inLanguage\":\"pt-BR\"},{\"@type\":\"Organization\",\"@id\":\"https:\/\/templatetoaster.com\/#organization\",\"name\":\"TemplateToaster\",\"url\":\"https:\/\/templatetoaster.com\/\",\"logo\":{\"@type\":\"ImageObject\",\"inLanguage\":\"pt-BR\",\"@id\":\"https:\/\/templatetoaster.com\/#\/schema\/logo\/image\/\",\"url\":\"https:\/\/templatetoaster.com\/wp-content\/uploads\/2019\/11\/TemplateToaster_Logo.jpg\",\"contentUrl\":\"https:\/\/templatetoaster.com\/wp-content\/uploads\/2019\/11\/TemplateToaster_Logo.jpg\",\"width\":85,\"height\":85,\"caption\":\"TemplateToaster\"},\"image\":{\"@id\":\"https:\/\/templatetoaster.com\/#\/schema\/logo\/image\/\"},\"sameAs\":[\"https:\/\/www.facebook.com\/TemplateToaster\",\"https:\/\/x.com\/templatetoaster\",\"https:\/\/www.instagram.com\/templatetoaster\/\",\"https:\/\/www.linkedin.com\/company\/templatetoaster\/\",\"https:\/\/www.pinterest.com\/templatetoaster\/\",\"https:\/\/www.youtube.com\/@TemplateToaster\"]}]}<\/script>\n<!-- \/ Yoast SEO plugin. -->","yoast_head_json":{"title":"O que \u00e9 TemplateToaster - TemplateToaster","description":"O que \u00e9 o software TemplateToaster","robots":{"index":"index","follow":"follow","max-snippet":"max-snippet:-1","max-image-preview":"max-image-preview:large","max-video-preview":"max-video-preview:-1"},"canonical":"https:\/\/templatetoaster.com\/pt-br\/what-is-templatetoaster","og_locale":"pt_BR","og_type":"article","og_title":"O que \u00e9 TemplateToaster - TemplateToaster","og_description":"O que \u00e9 o software TemplateToaster","og_url":"https:\/\/templatetoaster.com\/pt-br\/what-is-templatetoaster","og_site_name":"TemplateToaster","article_publisher":"https:\/\/www.facebook.com\/TemplateToaster","article_modified_time":"2019-06-18T06:38:13+00:00","og_image":[{"url":"https:\/\/templatetoaster.com\/wp-content\/uploads\/2018\/03\/templatetoaster-offers.png"}],"twitter_card":"summary_large_image","twitter_site":"@templatetoaster","twitter_misc":{"Est. tempo de leitura":"5 minutos"},"schema":{"@context":"https:\/\/schema.org","@graph":[{"@type":"WebPage","@id":"https:\/\/templatetoaster.com\/pt-br\/what-is-templatetoaster","url":"https:\/\/templatetoaster.com\/pt-br\/what-is-templatetoaster","name":"O que \u00e9 TemplateToaster - TemplateToaster","isPartOf":{"@id":"https:\/\/templatetoaster.com\/#website"},"primaryImageOfPage":{"@id":"https:\/\/templatetoaster.com\/pt-br\/what-is-templatetoaster#primaryimage"},"image":{"@id":"https:\/\/templatetoaster.com\/pt-br\/what-is-templatetoaster#primaryimage"},"thumbnailUrl":"https:\/\/templatetoaster.com\/wp-content\/uploads\/2018\/03\/templatetoaster-offers.png","datePublished":"2018-04-13T11:05:42+00:00","dateModified":"2019-06-18T06:38:13+00:00","description":"O que \u00e9 o software TemplateToaster","breadcrumb":{"@id":"https:\/\/templatetoaster.com\/pt-br\/what-is-templatetoaster#breadcrumb"},"inLanguage":"pt-BR","potentialAction":[{"@type":"ReadAction","target":["https:\/\/templatetoaster.com\/pt-br\/what-is-templatetoaster"]}]},{"@type":"ImageObject","inLanguage":"pt-BR","@id":"https:\/\/templatetoaster.com\/pt-br\/what-is-templatetoaster#primaryimage","url":"https:\/\/templatetoaster.com\/wp-content\/uploads\/2018\/03\/templatetoaster-offers.png","contentUrl":"https:\/\/templatetoaster.com\/wp-content\/uploads\/2018\/03\/templatetoaster-offers.png"},{"@type":"BreadcrumbList","@id":"https:\/\/templatetoaster.com\/pt-br\/what-is-templatetoaster#breadcrumb","itemListElement":[{"@type":"ListItem","position":1,"name":"Home","item":"https:\/\/templatetoaster.com\/pt-br"},{"@type":"ListItem","position":2,"name":"O que \u00e9 TemplateToaster"}]},{"@type":"WebSite","@id":"https:\/\/templatetoaster.com\/#website","url":"https:\/\/templatetoaster.com\/","name":"TemplateToaster","description":"","publisher":{"@id":"https:\/\/templatetoaster.com\/#organization"},"inLanguage":"pt-BR"},{"@type":"Organization","@id":"https:\/\/templatetoaster.com\/#organization","name":"TemplateToaster","url":"https:\/\/templatetoaster.com\/","logo":{"@type":"ImageObject","inLanguage":"pt-BR","@id":"https:\/\/templatetoaster.com\/#\/schema\/logo\/image\/","url":"https:\/\/templatetoaster.com\/wp-content\/uploads\/2019\/11\/TemplateToaster_Logo.jpg","contentUrl":"https:\/\/templatetoaster.com\/wp-content\/uploads\/2019\/11\/TemplateToaster_Logo.jpg","width":85,"height":85,"caption":"TemplateToaster"},"image":{"@id":"https:\/\/templatetoaster.com\/#\/schema\/logo\/image\/"},"sameAs":["https:\/\/www.facebook.com\/TemplateToaster","https:\/\/x.com\/templatetoaster","https:\/\/www.instagram.com\/templatetoaster\/","https:\/\/www.linkedin.com\/company\/templatetoaster\/","https:\/\/www.pinterest.com\/templatetoaster\/","https:\/\/www.youtube.com\/@TemplateToaster"]}]}},"_links":{"self":[{"href":"https:\/\/templatetoaster.com\/pt-br\/wp-json\/wp\/v2\/pages\/4149"}],"collection":[{"href":"https:\/\/templatetoaster.com\/pt-br\/wp-json\/wp\/v2\/pages"}],"about":[{"href":"https:\/\/templatetoaster.com\/pt-br\/wp-json\/wp\/v2\/types\/page"}],"author":[{"embeddable":true,"href":"https:\/\/templatetoaster.com\/pt-br\/wp-json\/wp\/v2\/users\/1"}],"replies":[{"embeddable":true,"href":"https:\/\/templatetoaster.com\/pt-br\/wp-json\/wp\/v2\/comments?post=4149"}],"version-history":[{"count":4,"href":"https:\/\/templatetoaster.com\/pt-br\/wp-json\/wp\/v2\/pages\/4149\/revisions"}],"predecessor-version":[{"id":33627,"href":"https:\/\/templatetoaster.com\/pt-br\/wp-json\/wp\/v2\/pages\/4149\/revisions\/33627"}],"wp:attachment":[{"href":"https:\/\/templatetoaster.com\/pt-br\/wp-json\/wp\/v2\/media?parent=4149"}],"curies":[{"name":"wp","href":"https:\/\/api.w.org\/{rel}","templated":true}]}}