{"id":4129,"date":"2018-04-13T10:50:41","date_gmt":"2018-04-13T10:50:41","guid":{"rendered":"http:\/\/templatetoaster.com?page_id=4129"},"modified":"2019-08-10T05:03:51","modified_gmt":"2019-08-10T05:03:51","slug":"terms-of-use","status":"publish","type":"page","link":"https:\/\/templatetoaster.com\/pt-br\/terms-of-use","title":{"rendered":"Termos de uso"},"content":{"rendered":"<div class=\"tt_terms_of_use_row row\">\n<h1 class=\"heading_border\" style=\"background-size: 168px 1px;\">Termos de uso<\/h1>\n<p style=\"font-size: 14px; font-weight: 600; margin-bottom: 12px; margin-top: 20px;\">Bem-vindo ao TemplateToaster, Se voc\u00ea continuar a usar este site, de que voc\u00ea \u00e9 obrigado a nossos termos uso que em rela\u00e7\u00e3o \u00e0 nossa pol\u00edtica de privacidade define nossa rela\u00e7\u00e3o com voc\u00ea. Por favor, n\u00e3o use nosso site se voc\u00ea n\u00e3o concorda com os seguintes termos de uso.<\/p>\n<ul class=\"download_points terms\">\n<li>O conte\u00fado deste site que \u00e9 para efeito de informa\u00e7\u00f5es pode mudar a qualquer momento sem aviso pr\u00e9vio.<\/li>\n<li>Nosso site usa cookies para melhorar o desempenho.<\/li>\n<li>Nem TemplateToaster, nem qualquer terceiro fornece qualquer garantia de pontualidade, precis\u00e3o, integralidade ou adequa\u00e7\u00e3o do conte\u00fado dispon\u00edvel sobre ele. N\u00f3s tentamos nosso melhor, mas voc\u00ea reconhece que o conte\u00fado pode conter erros.<\/li>\n<li>O conte\u00fado deste site que n\u00e3o se limitam a layouts, gr\u00e1ficos, projetos \u00e9 protegido por direitos autorais e de propriedade por n\u00f3s, reprodu\u00e7\u00f5es de isto \u00e9 estritamente proibida..<\/li>\n<li>Todos os outros nomes e logotipos s\u00e3o marcas registradas de seus respectivos propriet\u00e1rios; TemplateToaster n\u00e3o \u00e9 endossado por Joomla, Projetos de WordPress e Drupal.<\/li>\n<li>Poderemos fornecer alguns links externos neste site, Estes links s\u00e3o para sua conveni\u00eancia e mais informa\u00e7\u00f5es, e n\u00e3o quer dizer que apoiamos esse sites ou eles apoiar-nos e n\u00f3s n\u00e3o somos respons\u00e1veis pela exactid\u00e3o do conte\u00fado fornecido em que sites.<\/li>\n<li>Para TemplateToaster Software termos de uso, por favor, leia o EULA (Contrato de licen\u00e7a de usu\u00e1rio final) durante a instala\u00e7\u00e3o.<\/li>\n<li>Por favor, visite nosso <a href=\"https:\/\/templatetoaster.com\/faqs\">P\u00e1gina de FAQs<\/a> para mais detalhes e ajuda.<\/li>\n<\/ul>\n<\/div>\n","protected":false},"excerpt":{"rendered":"<p>Termos de uso Bem-vindo ao TemplateToaster, Se voc\u00ea continuar a usar este site, de que voc\u00ea \u00e9 obrigado a nossos termos uso que em rela\u00e7\u00e3o \u00e0 nossa pol\u00edtica de privacidade define nossa rela\u00e7\u00e3o com voc\u00ea. Por favor, n\u00e3o use nosso &hellip; <a href=\"https:\/\/templatetoaster.com\/pt-br\/terms-of-use\">Continue Reading<span class=\"meta-nav\">&rarr;<\/span><\/a><\/p>\n","protected":false},"author":1,"featured_media":0,"parent":0,"menu_order":0,"comment_status":"closed","ping_status":"closed","template":"PageTemplate1.php","meta":{"footnotes":""},"yoast_head":"<!-- This site is optimized with the Yoast SEO plugin v23.5 - https:\/\/yoast.com\/wordpress\/plugins\/seo\/ -->\n<title>Termos de uso - TemplateToaster<\/title>\n<meta name=\"description\" content=\"Termos de Uso deste website\" \/>\n<meta name=\"robots\" content=\"index, follow, max-snippet:-1, max-image-preview:large, max-video-preview:-1\" \/>\n<link rel=\"canonical\" href=\"https:\/\/templatetoaster.com\/pt-br\/terms-of-use\" \/>\n<meta property=\"og:locale\" content=\"pt_BR\" \/>\n<meta property=\"og:type\" content=\"article\" \/>\n<meta property=\"og:title\" content=\"Termos de uso - TemplateToaster\" \/>\n<meta property=\"og:description\" content=\"Termos de Uso deste website\" \/>\n<meta property=\"og:url\" content=\"https:\/\/templatetoaster.com\/pt-br\/terms-of-use\" \/>\n<meta property=\"og:site_name\" content=\"TemplateToaster\" \/>\n<meta property=\"article:publisher\" content=\"https:\/\/www.facebook.com\/TemplateToaster\" \/>\n<meta property=\"article:modified_time\" content=\"2019-08-10T05:03:51+00:00\" \/>\n<meta property=\"og:image\" content=\"https:\/\/templatetoaster.com\/wp-content\/uploads\/2015\/07\/TemplateToaster-325X325.png\" \/>\n\t<meta property=\"og:image:width\" content=\"325\" \/>\n\t<meta property=\"og:image:height\" content=\"325\" \/>\n\t<meta property=\"og:image:type\" content=\"image\/png\" \/>\n<meta name=\"twitter:card\" content=\"summary_large_image\" \/>\n<meta name=\"twitter:site\" content=\"@templatetoaster\" \/>\n<meta name=\"twitter:label1\" content=\"Est. tempo de leitura\" \/>\n\t<meta name=\"twitter:data1\" content=\"1 minuto\" \/>\n<script type=\"application\/ld+json\" class=\"yoast-schema-graph\">{\"@context\":\"https:\/\/schema.org\",\"@graph\":[{\"@type\":\"WebPage\",\"@id\":\"https:\/\/templatetoaster.com\/pt-br\/terms-of-use\",\"url\":\"https:\/\/templatetoaster.com\/pt-br\/terms-of-use\",\"name\":\"Termos de uso - TemplateToaster\",\"isPartOf\":{\"@id\":\"https:\/\/templatetoaster.com\/#website\"},\"datePublished\":\"2018-04-13T10:50:41+00:00\",\"dateModified\":\"2019-08-10T05:03:51+00:00\",\"description\":\"Termos de Uso deste website\",\"breadcrumb\":{\"@id\":\"https:\/\/templatetoaster.com\/pt-br\/terms-of-use#breadcrumb\"},\"inLanguage\":\"pt-BR\",\"potentialAction\":[{\"@type\":\"ReadAction\",\"target\":[\"https:\/\/templatetoaster.com\/pt-br\/terms-of-use\"]}]},{\"@type\":\"BreadcrumbList\",\"@id\":\"https:\/\/templatetoaster.com\/pt-br\/terms-of-use#breadcrumb\",\"itemListElement\":[{\"@type\":\"ListItem\",\"position\":1,\"name\":\"Home\",\"item\":\"https:\/\/templatetoaster.com\/pt-br\"},{\"@type\":\"ListItem\",\"position\":2,\"name\":\"Termos de uso\"}]},{\"@type\":\"WebSite\",\"@id\":\"https:\/\/templatetoaster.com\/#website\",\"url\":\"https:\/\/templatetoaster.com\/\",\"name\":\"TemplateToaster\",\"description\":\"\",\"publisher\":{\"@id\":\"https:\/\/templatetoaster.com\/#organization\"},\"inLanguage\":\"pt-BR\"},{\"@type\":\"Organization\",\"@id\":\"https:\/\/templatetoaster.com\/#organization\",\"name\":\"TemplateToaster\",\"url\":\"https:\/\/templatetoaster.com\/\",\"logo\":{\"@type\":\"ImageObject\",\"inLanguage\":\"pt-BR\",\"@id\":\"https:\/\/templatetoaster.com\/#\/schema\/logo\/image\/\",\"url\":\"https:\/\/templatetoaster.com\/wp-content\/uploads\/2019\/11\/TemplateToaster_Logo.jpg\",\"contentUrl\":\"https:\/\/templatetoaster.com\/wp-content\/uploads\/2019\/11\/TemplateToaster_Logo.jpg\",\"width\":85,\"height\":85,\"caption\":\"TemplateToaster\"},\"image\":{\"@id\":\"https:\/\/templatetoaster.com\/#\/schema\/logo\/image\/\"},\"sameAs\":[\"https:\/\/www.facebook.com\/TemplateToaster\",\"https:\/\/x.com\/templatetoaster\",\"https:\/\/www.instagram.com\/templatetoaster\/\",\"https:\/\/www.linkedin.com\/company\/templatetoaster\/\",\"https:\/\/www.pinterest.com\/templatetoaster\/\",\"https:\/\/www.youtube.com\/@TemplateToaster\"]}]}<\/script>\n<!-- \/ Yoast SEO plugin. -->","yoast_head_json":{"title":"Termos de uso - TemplateToaster","description":"Termos de Uso deste website","robots":{"index":"index","follow":"follow","max-snippet":"max-snippet:-1","max-image-preview":"max-image-preview:large","max-video-preview":"max-video-preview:-1"},"canonical":"https:\/\/templatetoaster.com\/pt-br\/terms-of-use","og_locale":"pt_BR","og_type":"article","og_title":"Termos de uso - TemplateToaster","og_description":"Termos de Uso deste website","og_url":"https:\/\/templatetoaster.com\/pt-br\/terms-of-use","og_site_name":"TemplateToaster","article_publisher":"https:\/\/www.facebook.com\/TemplateToaster","article_modified_time":"2019-08-10T05:03:51+00:00","og_image":[{"width":325,"height":325,"url":"https:\/\/templatetoaster.com\/wp-content\/uploads\/2015\/07\/TemplateToaster-325X325.png","type":"image\/png"}],"twitter_card":"summary_large_image","twitter_site":"@templatetoaster","twitter_misc":{"Est. tempo de leitura":"1 minuto"},"schema":{"@context":"https:\/\/schema.org","@graph":[{"@type":"WebPage","@id":"https:\/\/templatetoaster.com\/pt-br\/terms-of-use","url":"https:\/\/templatetoaster.com\/pt-br\/terms-of-use","name":"Termos de uso - TemplateToaster","isPartOf":{"@id":"https:\/\/templatetoaster.com\/#website"},"datePublished":"2018-04-13T10:50:41+00:00","dateModified":"2019-08-10T05:03:51+00:00","description":"Termos de Uso deste website","breadcrumb":{"@id":"https:\/\/templatetoaster.com\/pt-br\/terms-of-use#breadcrumb"},"inLanguage":"pt-BR","potentialAction":[{"@type":"ReadAction","target":["https:\/\/templatetoaster.com\/pt-br\/terms-of-use"]}]},{"@type":"BreadcrumbList","@id":"https:\/\/templatetoaster.com\/pt-br\/terms-of-use#breadcrumb","itemListElement":[{"@type":"ListItem","position":1,"name":"Home","item":"https:\/\/templatetoaster.com\/pt-br"},{"@type":"ListItem","position":2,"name":"Termos de uso"}]},{"@type":"WebSite","@id":"https:\/\/templatetoaster.com\/#website","url":"https:\/\/templatetoaster.com\/","name":"TemplateToaster","description":"","publisher":{"@id":"https:\/\/templatetoaster.com\/#organization"},"inLanguage":"pt-BR"},{"@type":"Organization","@id":"https:\/\/templatetoaster.com\/#organization","name":"TemplateToaster","url":"https:\/\/templatetoaster.com\/","logo":{"@type":"ImageObject","inLanguage":"pt-BR","@id":"https:\/\/templatetoaster.com\/#\/schema\/logo\/image\/","url":"https:\/\/templatetoaster.com\/wp-content\/uploads\/2019\/11\/TemplateToaster_Logo.jpg","contentUrl":"https:\/\/templatetoaster.com\/wp-content\/uploads\/2019\/11\/TemplateToaster_Logo.jpg","width":85,"height":85,"caption":"TemplateToaster"},"image":{"@id":"https:\/\/templatetoaster.com\/#\/schema\/logo\/image\/"},"sameAs":["https:\/\/www.facebook.com\/TemplateToaster","https:\/\/x.com\/templatetoaster","https:\/\/www.instagram.com\/templatetoaster\/","https:\/\/www.linkedin.com\/company\/templatetoaster\/","https:\/\/www.pinterest.com\/templatetoaster\/","https:\/\/www.youtube.com\/@TemplateToaster"]}]}},"_links":{"self":[{"href":"https:\/\/templatetoaster.com\/pt-br\/wp-json\/wp\/v2\/pages\/4129"}],"collection":[{"href":"https:\/\/templatetoaster.com\/pt-br\/wp-json\/wp\/v2\/pages"}],"about":[{"href":"https:\/\/templatetoaster.com\/pt-br\/wp-json\/wp\/v2\/types\/page"}],"author":[{"embeddable":true,"href":"https:\/\/templatetoaster.com\/pt-br\/wp-json\/wp\/v2\/users\/1"}],"replies":[{"embeddable":true,"href":"https:\/\/templatetoaster.com\/pt-br\/wp-json\/wp\/v2\/comments?post=4129"}],"version-history":[{"count":3,"href":"https:\/\/templatetoaster.com\/pt-br\/wp-json\/wp\/v2\/pages\/4129\/revisions"}],"predecessor-version":[{"id":64032,"href":"https:\/\/templatetoaster.com\/pt-br\/wp-json\/wp\/v2\/pages\/4129\/revisions\/64032"}],"wp:attachment":[{"href":"https:\/\/templatetoaster.com\/pt-br\/wp-json\/wp\/v2\/media?parent=4129"}],"curies":[{"name":"wp","href":"https:\/\/api.w.org\/{rel}","templated":true}]}}