{"id":4105,"date":"2018-04-13T10:18:50","date_gmt":"2018-04-13T10:18:50","guid":{"rendered":"http:\/\/templatetoaster.com?page_id=4105"},"modified":"2019-08-10T05:38:06","modified_gmt":"2019-08-10T05:38:06","slug":"privacy-policy","status":"publish","type":"page","link":"https:\/\/templatetoaster.com\/pt-br\/privacy-policy","title":{"rendered":"Pol\u00edtica de Privacidade"},"content":{"rendered":"<div class=\"tt_privacy_policy_row row\">&nbsp;<\/p>\n<h1 class=\"heading_border\">Pol\u00edtica de privacidade TemplateToaster<\/h1>\n<p>TemplateToaster est\u00e1 empenhada em garantir que as informa\u00e7\u00f5es que coletamos de voc\u00ea \u00e9 completamente an\u00f4nimo e protegido, nunca partilhamos essa informa\u00e7\u00e3o com terceiros.<\/p>\n<p>&nbsp;<\/p>\n<p>Que tipo de informa\u00e7\u00f5es que coletamos: N\u00f3s coletamos seu e-mail e nome ao registrar com n\u00f3s que usamos esta informa\u00e7\u00e3o para a manuten\u00e7\u00e3o de sua conta para comunica\u00e7\u00e3o futura ativa\u00e7\u00e3o\/desativa\u00e7\u00e3o de sua licen\u00e7a e assim na. Nosso site tamb\u00e9m pode salvar cookies em seu navegador para um melhor desempenho.<\/p>\n<p>&nbsp;<\/p>\n<p>Seguran\u00e7a:N\u00f3s asseguramos-lhe que as informa\u00e7\u00f5es que coletamos de voc\u00ea s\u00e3o protegidas fisicamente, digitalmente, eletronicamente de acesso n\u00e3o autorizado e al\u00e9m disso nunca compartilhamos informa\u00e7\u00f5es pessoais com terceiros. N\u00f3s n\u00e3o venderemos, redistribuir, ou alugar suas informa\u00e7\u00f5es pessoais a menos que exigido por lei a faz\u00ea-lo.<\/p><\/div>\n","protected":false},"excerpt":{"rendered":"<p>&nbsp; Pol\u00edtica de privacidade TemplateToaster TemplateToaster est\u00e1 empenhada em garantir que as informa\u00e7\u00f5es que coletamos de voc\u00ea \u00e9 completamente an\u00f4nimo e protegido, nunca partilhamos essa informa\u00e7\u00e3o com terceiros. &nbsp; Que tipo de informa\u00e7\u00f5es que coletamos: N\u00f3s coletamos seu e-mail e &hellip; <a href=\"https:\/\/templatetoaster.com\/pt-br\/privacy-policy\">Continue Reading<span class=\"meta-nav\">&rarr;<\/span><\/a><\/p>\n","protected":false},"author":1,"featured_media":0,"parent":0,"menu_order":0,"comment_status":"closed","ping_status":"closed","template":"PageTemplate1.php","meta":{"footnotes":""},"yoast_head":"<!-- This site is optimized with the Yoast SEO plugin v23.5 - https:\/\/yoast.com\/wordpress\/plugins\/seo\/ -->\n<title>Pol\u00edtica de Privacidade - TemplateToaster<\/title>\n<meta name=\"description\" content=\"Pol\u00edtica de privacidade da TemplateToaster\" \/>\n<meta name=\"robots\" content=\"index, follow, max-snippet:-1, max-image-preview:large, max-video-preview:-1\" \/>\n<link rel=\"canonical\" href=\"https:\/\/templatetoaster.com\/pt-br\/privacy-policy\" \/>\n<meta property=\"og:locale\" content=\"pt_BR\" \/>\n<meta property=\"og:type\" content=\"article\" \/>\n<meta property=\"og:title\" content=\"Pol\u00edtica de Privacidade - TemplateToaster\" \/>\n<meta property=\"og:description\" content=\"Pol\u00edtica de privacidade da TemplateToaster\" \/>\n<meta property=\"og:url\" content=\"https:\/\/templatetoaster.com\/pt-br\/privacy-policy\" \/>\n<meta property=\"og:site_name\" content=\"TemplateToaster\" \/>\n<meta property=\"article:publisher\" content=\"https:\/\/www.facebook.com\/TemplateToaster\" \/>\n<meta property=\"article:modified_time\" content=\"2019-08-10T05:38:06+00:00\" \/>\n<meta property=\"og:image\" content=\"https:\/\/templatetoaster.com\/wp-content\/uploads\/2015\/07\/TemplateToaster-325X325.png\" \/>\n\t<meta property=\"og:image:width\" content=\"325\" \/>\n\t<meta property=\"og:image:height\" content=\"325\" \/>\n\t<meta property=\"og:image:type\" content=\"image\/png\" \/>\n<meta name=\"twitter:card\" content=\"summary_large_image\" \/>\n<meta name=\"twitter:site\" content=\"@templatetoaster\" \/>\n<meta name=\"twitter:label1\" content=\"Est. tempo de leitura\" \/>\n\t<meta name=\"twitter:data1\" content=\"1 minuto\" \/>\n<script type=\"application\/ld+json\" class=\"yoast-schema-graph\">{\"@context\":\"https:\/\/schema.org\",\"@graph\":[{\"@type\":\"WebPage\",\"@id\":\"https:\/\/templatetoaster.com\/pt-br\/privacy-policy\",\"url\":\"https:\/\/templatetoaster.com\/pt-br\/privacy-policy\",\"name\":\"Pol\u00edtica de Privacidade - TemplateToaster\",\"isPartOf\":{\"@id\":\"https:\/\/templatetoaster.com\/#website\"},\"datePublished\":\"2018-04-13T10:18:50+00:00\",\"dateModified\":\"2019-08-10T05:38:06+00:00\",\"description\":\"Pol\u00edtica de privacidade da TemplateToaster\",\"breadcrumb\":{\"@id\":\"https:\/\/templatetoaster.com\/pt-br\/privacy-policy#breadcrumb\"},\"inLanguage\":\"pt-BR\",\"potentialAction\":[{\"@type\":\"ReadAction\",\"target\":[\"https:\/\/templatetoaster.com\/pt-br\/privacy-policy\"]}]},{\"@type\":\"BreadcrumbList\",\"@id\":\"https:\/\/templatetoaster.com\/pt-br\/privacy-policy#breadcrumb\",\"itemListElement\":[{\"@type\":\"ListItem\",\"position\":1,\"name\":\"Home\",\"item\":\"https:\/\/templatetoaster.com\/pt-br\"},{\"@type\":\"ListItem\",\"position\":2,\"name\":\"Pol\u00edtica de Privacidade\"}]},{\"@type\":\"WebSite\",\"@id\":\"https:\/\/templatetoaster.com\/#website\",\"url\":\"https:\/\/templatetoaster.com\/\",\"name\":\"TemplateToaster\",\"description\":\"\",\"publisher\":{\"@id\":\"https:\/\/templatetoaster.com\/#organization\"},\"inLanguage\":\"pt-BR\"},{\"@type\":\"Organization\",\"@id\":\"https:\/\/templatetoaster.com\/#organization\",\"name\":\"TemplateToaster\",\"url\":\"https:\/\/templatetoaster.com\/\",\"logo\":{\"@type\":\"ImageObject\",\"inLanguage\":\"pt-BR\",\"@id\":\"https:\/\/templatetoaster.com\/#\/schema\/logo\/image\/\",\"url\":\"https:\/\/templatetoaster.com\/wp-content\/uploads\/2019\/11\/TemplateToaster_Logo.jpg\",\"contentUrl\":\"https:\/\/templatetoaster.com\/wp-content\/uploads\/2019\/11\/TemplateToaster_Logo.jpg\",\"width\":85,\"height\":85,\"caption\":\"TemplateToaster\"},\"image\":{\"@id\":\"https:\/\/templatetoaster.com\/#\/schema\/logo\/image\/\"},\"sameAs\":[\"https:\/\/www.facebook.com\/TemplateToaster\",\"https:\/\/x.com\/templatetoaster\",\"https:\/\/www.instagram.com\/templatetoaster\/\",\"https:\/\/www.linkedin.com\/company\/templatetoaster\/\",\"https:\/\/www.pinterest.com\/templatetoaster\/\",\"https:\/\/www.youtube.com\/@TemplateToaster\"]}]}<\/script>\n<!-- \/ Yoast SEO plugin. -->","yoast_head_json":{"title":"Pol\u00edtica de Privacidade - TemplateToaster","description":"Pol\u00edtica de privacidade da TemplateToaster","robots":{"index":"index","follow":"follow","max-snippet":"max-snippet:-1","max-image-preview":"max-image-preview:large","max-video-preview":"max-video-preview:-1"},"canonical":"https:\/\/templatetoaster.com\/pt-br\/privacy-policy","og_locale":"pt_BR","og_type":"article","og_title":"Pol\u00edtica de Privacidade - TemplateToaster","og_description":"Pol\u00edtica de privacidade da TemplateToaster","og_url":"https:\/\/templatetoaster.com\/pt-br\/privacy-policy","og_site_name":"TemplateToaster","article_publisher":"https:\/\/www.facebook.com\/TemplateToaster","article_modified_time":"2019-08-10T05:38:06+00:00","og_image":[{"width":325,"height":325,"url":"https:\/\/templatetoaster.com\/wp-content\/uploads\/2015\/07\/TemplateToaster-325X325.png","type":"image\/png"}],"twitter_card":"summary_large_image","twitter_site":"@templatetoaster","twitter_misc":{"Est. tempo de leitura":"1 minuto"},"schema":{"@context":"https:\/\/schema.org","@graph":[{"@type":"WebPage","@id":"https:\/\/templatetoaster.com\/pt-br\/privacy-policy","url":"https:\/\/templatetoaster.com\/pt-br\/privacy-policy","name":"Pol\u00edtica de Privacidade - TemplateToaster","isPartOf":{"@id":"https:\/\/templatetoaster.com\/#website"},"datePublished":"2018-04-13T10:18:50+00:00","dateModified":"2019-08-10T05:38:06+00:00","description":"Pol\u00edtica de privacidade da TemplateToaster","breadcrumb":{"@id":"https:\/\/templatetoaster.com\/pt-br\/privacy-policy#breadcrumb"},"inLanguage":"pt-BR","potentialAction":[{"@type":"ReadAction","target":["https:\/\/templatetoaster.com\/pt-br\/privacy-policy"]}]},{"@type":"BreadcrumbList","@id":"https:\/\/templatetoaster.com\/pt-br\/privacy-policy#breadcrumb","itemListElement":[{"@type":"ListItem","position":1,"name":"Home","item":"https:\/\/templatetoaster.com\/pt-br"},{"@type":"ListItem","position":2,"name":"Pol\u00edtica de Privacidade"}]},{"@type":"WebSite","@id":"https:\/\/templatetoaster.com\/#website","url":"https:\/\/templatetoaster.com\/","name":"TemplateToaster","description":"","publisher":{"@id":"https:\/\/templatetoaster.com\/#organization"},"inLanguage":"pt-BR"},{"@type":"Organization","@id":"https:\/\/templatetoaster.com\/#organization","name":"TemplateToaster","url":"https:\/\/templatetoaster.com\/","logo":{"@type":"ImageObject","inLanguage":"pt-BR","@id":"https:\/\/templatetoaster.com\/#\/schema\/logo\/image\/","url":"https:\/\/templatetoaster.com\/wp-content\/uploads\/2019\/11\/TemplateToaster_Logo.jpg","contentUrl":"https:\/\/templatetoaster.com\/wp-content\/uploads\/2019\/11\/TemplateToaster_Logo.jpg","width":85,"height":85,"caption":"TemplateToaster"},"image":{"@id":"https:\/\/templatetoaster.com\/#\/schema\/logo\/image\/"},"sameAs":["https:\/\/www.facebook.com\/TemplateToaster","https:\/\/x.com\/templatetoaster","https:\/\/www.instagram.com\/templatetoaster\/","https:\/\/www.linkedin.com\/company\/templatetoaster\/","https:\/\/www.pinterest.com\/templatetoaster\/","https:\/\/www.youtube.com\/@TemplateToaster"]}]}},"_links":{"self":[{"href":"https:\/\/templatetoaster.com\/pt-br\/wp-json\/wp\/v2\/pages\/4105"}],"collection":[{"href":"https:\/\/templatetoaster.com\/pt-br\/wp-json\/wp\/v2\/pages"}],"about":[{"href":"https:\/\/templatetoaster.com\/pt-br\/wp-json\/wp\/v2\/types\/page"}],"author":[{"embeddable":true,"href":"https:\/\/templatetoaster.com\/pt-br\/wp-json\/wp\/v2\/users\/1"}],"replies":[{"embeddable":true,"href":"https:\/\/templatetoaster.com\/pt-br\/wp-json\/wp\/v2\/comments?post=4105"}],"version-history":[{"count":2,"href":"https:\/\/templatetoaster.com\/pt-br\/wp-json\/wp\/v2\/pages\/4105\/revisions"}],"predecessor-version":[{"id":64048,"href":"https:\/\/templatetoaster.com\/pt-br\/wp-json\/wp\/v2\/pages\/4105\/revisions\/64048"}],"wp:attachment":[{"href":"https:\/\/templatetoaster.com\/pt-br\/wp-json\/wp\/v2\/media?parent=4105"}],"curies":[{"name":"wp","href":"https:\/\/api.w.org\/{rel}","templated":true}]}}