{"id":4101,"date":"2018-04-13T10:17:07","date_gmt":"2018-04-13T10:17:07","guid":{"rendered":"http:\/\/templatetoaster.com?page_id=4101"},"modified":"2019-06-18T07:02:11","modified_gmt":"2019-06-18T07:02:11","slug":"our-standards","status":"publish","type":"page","link":"https:\/\/templatetoaster.com\/pt-br\/our-standards","title":{"rendered":"Nossos padr\u00f5es"},"content":{"rendered":"<div class=\"ttr_our_features_row_main row\">\n<h1 class=\"heading_border\" style=\"background-size:335px 1px;\"> Nossos padr\u00f5es <\/h1>\n<div class=\"ttr_our_features_row row odd first\">\n<div class=\"container\">\n<div class=\"ttr_our_features_col col1\">\n\t  <img decoding=\"async\" src=\"https:\/\/templatetoaster.com\/wp-content\/uploads\/2018\/10\/responsive-web-design.jpg\" class=\"img-responsive center-block\" alt=\"\"><\/div>\n<div class=\"ttr_our_features_col col2\">\n<h3 style=\"margin:0px;\">Responsivo Web Design<\/h3>\n<p style=\"padding-left: 0px;\">TemplateToaster suporta responsivo Web Design(RWD), significa que seu site ir\u00e1 exibir perfeitamente bem em qualquer dispositivo, incluindo mas n\u00e3o limitado a dispositivos Apple, Dispositivos Android, Dispositivos BlackBerry, Windows Phones, Monitores grandes, Tabuletas pequenas, Tabletes grandes, Desktops e assim por diante. <\/p>\n<\/div>\n<\/div>\n<\/div>\n<div class=\"ttr_our_features_row row even\">\n<div class=\"container\">\n<div class=\"ttr_our_features_col col1\">\n<h3 style=\"margin:0px;\">Compatibilidade de navegador <\/h3>\n<p> TemplateToaster suporte tudo padr\u00e3o navegadores da Web, incluindo mas n\u00e3o limitado ao Internet Explorer, Firefox, Cromo, \u00d3pera, Safari e todos os navegadores m\u00f3veis.<\/p>\n<\/div>\n<div class=\"ttr_our_features_col col2\">\n\t  <img decoding=\"async\" src=\"https:\/\/templatetoaster.com\/wp-content\/uploads\/2018\/10\/browser-compatibility.png\" class=\"img-responsive center-block\" alt=\"\"><\/div>\n<\/div>\n<\/div>\n<div class=\"ttr_our_features_row row odd\">\n<div class=\"container\">\n<div class=\"ttr_our_features_col col1\">\n    <img decoding=\"async\" src=\"https:\/\/templatetoaster.com\/wp-content\/uploads\/2018\/10\/bootstrap-framework-support.png\" class=\"img-responsive center-block\" alt=\"\">\n\t<\/div>\n<div class=\"ttr_our_features_col col2\">\n<h3 style=\"margin:0px;\">Suporte a Bootstrap Framework<\/h3>\n<p>TemplateToaster agora suporta BootStrap, o que significa que todos os Templates, Temas e Websites gerados ser\u00e3o baseados no Bootstrap. Voc\u00ea tamb\u00e9m pode modificar todos os controles BootStrap padr\u00e3o diretamente no TemplateToaster.<\/p>\n<\/div>\n<\/div>\n<\/div>\n<div class=\"ttr_our_features_row row even\">\n<div class=\"container\">\n<div class=\"ttr_our_features_col col1\">\n<h3 style=\"margin:0px;\">Dot Net e Software baseado no WPF<\/h3>\n<p> TemplateToaster \u00e9 desenvolvido usando a ind\u00fastria padr\u00e3o Microsoft dot Net WPF quadros e, garante a combina\u00e7\u00e3o perfeita de desempenho e padroniza\u00e7\u00e3o.<\/p>\n<\/div>\n<div class=\"ttr_our_features_col col2\">\n\t  <img decoding=\"async\" src=\"https:\/\/templatetoaster.com\/wp-content\/uploads\/2018\/10\/dot-net-and-wpf-based-software.png\" class=\"img-responsive center-block\" alt=\"\"><\/div>\n<\/div>\n<\/div>\n<div class=\"ttr_our_features_row row odd\">\n<div class=\"container\">\n<div class=\"ttr_our_features_col col1\">\n\t  <img decoding=\"async\" src=\"https:\/\/templatetoaster.com\/wp-content\/uploads\/2018\/10\/high-page-speed.png\" class=\"img-responsive center-block\" alt=\"\"><\/div>\n<div class=\"ttr_our_features_col col2\">\n<h3 style=\"margin:0px;\"> Alta velocidade de p\u00e1gina <\/h3>\n<p>TemplateToaster implementa os mais recentes padr\u00f5es da ind\u00fastria para acelerar a p\u00e1gina template \/ theme \/ site. Voc\u00ea pode verificar a velocidade da p\u00e1gina TemplateToaster.com usando o Google Page Speed ou a ferramenta Pingdom <\/p>\n<\/div>\n<\/div>\n<\/div>\n<div class=\"ttr_our_features_row row even\">\n<div class=\"container\">\n<div class=\"ttr_our_features_col col1\">\n<h3 style=\"margin:0px;\"> Plugin de verifica\u00e7\u00e3o de tema para WordPress <\/h3>\n<p> Os temas WordPress criados no TemplateToaster passam pelo Plugin WordPress Theme Check, isso significa que os temas do WordPress que voc\u00ea cria no TemplateToaster s\u00e3o livres de erros e s\u00e3o de c\u00f3digo de alta qualidade padr\u00e3o da ind\u00fastria.<\/p>\n<\/div>\n<div class=\"ttr_our_features_col col2\">\n\t\t<img decoding=\"async\" src=\"https:\/\/templatetoaster.com\/wp-content\/uploads\/2018\/10\/wordpress-theme-check-plugin-pass.png\" class=\"img-responsive center-block\" alt=\"\"><\/div>\n<\/div>\n<\/div>\n<div class=\"ttr_our_features_row row odd\">\n<div class=\"container\">\n<div class=\"ttr_our_features_col col1\">\n\t\t<img decoding=\"async\" src=\"https:\/\/templatetoaster.com\/wp-content\/uploads\/2018\/10\/w3c-valid-output.png\" class=\"img-responsive center-block drop_drag\" alt=\"\"> <\/div>\n<div class=\"ttr_our_features_col col2\">\n<h3 style=\"margin:0px;\"> W3C v\u00e1lido sa\u00edda <\/h3>\n<p>TemplateToaster gera padr\u00e3o HTML5 \/ CSS3, que deve passar pelos padr\u00f5es W3C.<\/p>\n<\/div>\n<\/div>\n<\/div>\n<div class=\"ttr_our_features_row row even\">\n<div class=\"container\">\n<div class=\"ttr_our_features_col col1\">\n<h3 style=\"margin:0px;\"> Padr\u00f5es de Codificao do Tema WordPress<\/h3>\n<p> Todos voc\u00eas podem conhecer as recomenda\u00e7\u00f5es, diretrizes e Padr\u00f5es de Codifica\u00e7\u00e3o do Tema WordPress. Um dos <a href=\"https:\/\/wordpress.org\/themes\/templatetoaster\/\"> TemplateToaster Theme <\/a> est\u00e1 no reposit\u00f3rio de temas WordPress, agora voc\u00ea pode adivinhar qu\u00e3o alta \u00e9 a sa\u00edda do TemplateToaster.<\/p>\n<\/div>\n<div class=\"ttr_our_features_col col2\">\n\t\t<img decoding=\"async\" src=\"https:\/\/templatetoaster.com\/wp-content\/uploads\/2018\/10\/wordpress-theme-coding-standards.png\" class=\"img-responsive center-block\" alt=\"\"><\/div>\n<\/div>\n<\/div>\n<div class=\"ttr_our_features_row_button row\">\n<div class=\"container\">\n<a class=\"btn download_button btn-feature\" href=\"https:\/\/templatetoaster.com\/pt-br\/download\">Fa\u00e7a o download da vers\u00e3o de avalia\u00e7\u00e3o gratuita<\/a>\n<\/div>\n<\/div>\n<\/div>\n","protected":false},"excerpt":{"rendered":"<p>Nossos padr\u00f5es Responsivo Web Design TemplateToaster suporta responsivo Web Design(RWD), significa que seu site ir\u00e1 exibir perfeitamente bem em qualquer dispositivo, incluindo mas n\u00e3o limitado a dispositivos Apple, Dispositivos Android, Dispositivos BlackBerry, Windows Phones, Monitores grandes, Tabuletas pequenas, Tabletes grandes, &hellip; <a href=\"https:\/\/templatetoaster.com\/pt-br\/our-standards\">Continue Reading<span class=\"meta-nav\">&rarr;<\/span><\/a><\/p>\n","protected":false},"author":1,"featured_media":0,"parent":0,"menu_order":0,"comment_status":"closed","ping_status":"closed","template":"","meta":{"footnotes":""},"yoast_head":"<!-- This site is optimized with the Yoast SEO plugin v23.5 - https:\/\/yoast.com\/wordpress\/plugins\/seo\/ -->\n<title>Nossos padr\u00f5es - TemplateToaster<\/title>\n<meta name=\"description\" content=\"Nossos Padr\u00f5es na TemplateToaster\" \/>\n<meta name=\"robots\" content=\"index, follow, max-snippet:-1, max-image-preview:large, max-video-preview:-1\" \/>\n<link rel=\"canonical\" href=\"https:\/\/templatetoaster.com\/pt-br\/our-standards\" \/>\n<meta property=\"og:locale\" content=\"pt_BR\" \/>\n<meta property=\"og:type\" content=\"article\" \/>\n<meta property=\"og:title\" content=\"Nossos padr\u00f5es - TemplateToaster\" \/>\n<meta property=\"og:description\" content=\"Nossos Padr\u00f5es na TemplateToaster\" \/>\n<meta property=\"og:url\" content=\"https:\/\/templatetoaster.com\/pt-br\/our-standards\" \/>\n<meta property=\"og:site_name\" content=\"TemplateToaster\" \/>\n<meta property=\"article:publisher\" content=\"https:\/\/www.facebook.com\/TemplateToaster\" \/>\n<meta property=\"article:modified_time\" content=\"2019-06-18T07:02:11+00:00\" \/>\n<meta property=\"og:image\" content=\"https:\/\/templatetoaster.com\/wp-content\/uploads\/2018\/10\/responsive-web-design.jpg\" \/>\n<meta name=\"twitter:card\" content=\"summary_large_image\" \/>\n<meta name=\"twitter:site\" content=\"@templatetoaster\" \/>\n<meta name=\"twitter:label1\" content=\"Est. tempo de leitura\" \/>\n\t<meta name=\"twitter:data1\" content=\"2 minutos\" \/>\n<script type=\"application\/ld+json\" class=\"yoast-schema-graph\">{\"@context\":\"https:\/\/schema.org\",\"@graph\":[{\"@type\":\"WebPage\",\"@id\":\"https:\/\/templatetoaster.com\/pt-br\/our-standards\",\"url\":\"https:\/\/templatetoaster.com\/pt-br\/our-standards\",\"name\":\"Nossos padr\u00f5es - TemplateToaster\",\"isPartOf\":{\"@id\":\"https:\/\/templatetoaster.com\/#website\"},\"primaryImageOfPage\":{\"@id\":\"https:\/\/templatetoaster.com\/pt-br\/our-standards#primaryimage\"},\"image\":{\"@id\":\"https:\/\/templatetoaster.com\/pt-br\/our-standards#primaryimage\"},\"thumbnailUrl\":\"https:\/\/templatetoaster.com\/wp-content\/uploads\/2018\/10\/responsive-web-design.jpg\",\"datePublished\":\"2018-04-13T10:17:07+00:00\",\"dateModified\":\"2019-06-18T07:02:11+00:00\",\"description\":\"Nossos Padr\u00f5es na TemplateToaster\",\"breadcrumb\":{\"@id\":\"https:\/\/templatetoaster.com\/pt-br\/our-standards#breadcrumb\"},\"inLanguage\":\"pt-BR\",\"potentialAction\":[{\"@type\":\"ReadAction\",\"target\":[\"https:\/\/templatetoaster.com\/pt-br\/our-standards\"]}]},{\"@type\":\"ImageObject\",\"inLanguage\":\"pt-BR\",\"@id\":\"https:\/\/templatetoaster.com\/pt-br\/our-standards#primaryimage\",\"url\":\"https:\/\/templatetoaster.com\/wp-content\/uploads\/2018\/10\/responsive-web-design.jpg\",\"contentUrl\":\"https:\/\/templatetoaster.com\/wp-content\/uploads\/2018\/10\/responsive-web-design.jpg\"},{\"@type\":\"BreadcrumbList\",\"@id\":\"https:\/\/templatetoaster.com\/pt-br\/our-standards#breadcrumb\",\"itemListElement\":[{\"@type\":\"ListItem\",\"position\":1,\"name\":\"Home\",\"item\":\"https:\/\/templatetoaster.com\/pt-br\"},{\"@type\":\"ListItem\",\"position\":2,\"name\":\"Nossos padr\u00f5es\"}]},{\"@type\":\"WebSite\",\"@id\":\"https:\/\/templatetoaster.com\/#website\",\"url\":\"https:\/\/templatetoaster.com\/\",\"name\":\"TemplateToaster\",\"description\":\"\",\"publisher\":{\"@id\":\"https:\/\/templatetoaster.com\/#organization\"},\"inLanguage\":\"pt-BR\"},{\"@type\":\"Organization\",\"@id\":\"https:\/\/templatetoaster.com\/#organization\",\"name\":\"TemplateToaster\",\"url\":\"https:\/\/templatetoaster.com\/\",\"logo\":{\"@type\":\"ImageObject\",\"inLanguage\":\"pt-BR\",\"@id\":\"https:\/\/templatetoaster.com\/#\/schema\/logo\/image\/\",\"url\":\"https:\/\/templatetoaster.com\/wp-content\/uploads\/2019\/11\/TemplateToaster_Logo.jpg\",\"contentUrl\":\"https:\/\/templatetoaster.com\/wp-content\/uploads\/2019\/11\/TemplateToaster_Logo.jpg\",\"width\":85,\"height\":85,\"caption\":\"TemplateToaster\"},\"image\":{\"@id\":\"https:\/\/templatetoaster.com\/#\/schema\/logo\/image\/\"},\"sameAs\":[\"https:\/\/www.facebook.com\/TemplateToaster\",\"https:\/\/x.com\/templatetoaster\",\"https:\/\/www.instagram.com\/templatetoaster\/\",\"https:\/\/www.linkedin.com\/company\/templatetoaster\/\",\"https:\/\/www.pinterest.com\/templatetoaster\/\",\"https:\/\/www.youtube.com\/@TemplateToaster\"]}]}<\/script>\n<!-- \/ Yoast SEO plugin. -->","yoast_head_json":{"title":"Nossos padr\u00f5es - TemplateToaster","description":"Nossos Padr\u00f5es na TemplateToaster","robots":{"index":"index","follow":"follow","max-snippet":"max-snippet:-1","max-image-preview":"max-image-preview:large","max-video-preview":"max-video-preview:-1"},"canonical":"https:\/\/templatetoaster.com\/pt-br\/our-standards","og_locale":"pt_BR","og_type":"article","og_title":"Nossos padr\u00f5es - TemplateToaster","og_description":"Nossos Padr\u00f5es na TemplateToaster","og_url":"https:\/\/templatetoaster.com\/pt-br\/our-standards","og_site_name":"TemplateToaster","article_publisher":"https:\/\/www.facebook.com\/TemplateToaster","article_modified_time":"2019-06-18T07:02:11+00:00","og_image":[{"url":"https:\/\/templatetoaster.com\/wp-content\/uploads\/2018\/10\/responsive-web-design.jpg"}],"twitter_card":"summary_large_image","twitter_site":"@templatetoaster","twitter_misc":{"Est. tempo de leitura":"2 minutos"},"schema":{"@context":"https:\/\/schema.org","@graph":[{"@type":"WebPage","@id":"https:\/\/templatetoaster.com\/pt-br\/our-standards","url":"https:\/\/templatetoaster.com\/pt-br\/our-standards","name":"Nossos padr\u00f5es - TemplateToaster","isPartOf":{"@id":"https:\/\/templatetoaster.com\/#website"},"primaryImageOfPage":{"@id":"https:\/\/templatetoaster.com\/pt-br\/our-standards#primaryimage"},"image":{"@id":"https:\/\/templatetoaster.com\/pt-br\/our-standards#primaryimage"},"thumbnailUrl":"https:\/\/templatetoaster.com\/wp-content\/uploads\/2018\/10\/responsive-web-design.jpg","datePublished":"2018-04-13T10:17:07+00:00","dateModified":"2019-06-18T07:02:11+00:00","description":"Nossos Padr\u00f5es na TemplateToaster","breadcrumb":{"@id":"https:\/\/templatetoaster.com\/pt-br\/our-standards#breadcrumb"},"inLanguage":"pt-BR","potentialAction":[{"@type":"ReadAction","target":["https:\/\/templatetoaster.com\/pt-br\/our-standards"]}]},{"@type":"ImageObject","inLanguage":"pt-BR","@id":"https:\/\/templatetoaster.com\/pt-br\/our-standards#primaryimage","url":"https:\/\/templatetoaster.com\/wp-content\/uploads\/2018\/10\/responsive-web-design.jpg","contentUrl":"https:\/\/templatetoaster.com\/wp-content\/uploads\/2018\/10\/responsive-web-design.jpg"},{"@type":"BreadcrumbList","@id":"https:\/\/templatetoaster.com\/pt-br\/our-standards#breadcrumb","itemListElement":[{"@type":"ListItem","position":1,"name":"Home","item":"https:\/\/templatetoaster.com\/pt-br"},{"@type":"ListItem","position":2,"name":"Nossos padr\u00f5es"}]},{"@type":"WebSite","@id":"https:\/\/templatetoaster.com\/#website","url":"https:\/\/templatetoaster.com\/","name":"TemplateToaster","description":"","publisher":{"@id":"https:\/\/templatetoaster.com\/#organization"},"inLanguage":"pt-BR"},{"@type":"Organization","@id":"https:\/\/templatetoaster.com\/#organization","name":"TemplateToaster","url":"https:\/\/templatetoaster.com\/","logo":{"@type":"ImageObject","inLanguage":"pt-BR","@id":"https:\/\/templatetoaster.com\/#\/schema\/logo\/image\/","url":"https:\/\/templatetoaster.com\/wp-content\/uploads\/2019\/11\/TemplateToaster_Logo.jpg","contentUrl":"https:\/\/templatetoaster.com\/wp-content\/uploads\/2019\/11\/TemplateToaster_Logo.jpg","width":85,"height":85,"caption":"TemplateToaster"},"image":{"@id":"https:\/\/templatetoaster.com\/#\/schema\/logo\/image\/"},"sameAs":["https:\/\/www.facebook.com\/TemplateToaster","https:\/\/x.com\/templatetoaster","https:\/\/www.instagram.com\/templatetoaster\/","https:\/\/www.linkedin.com\/company\/templatetoaster\/","https:\/\/www.pinterest.com\/templatetoaster\/","https:\/\/www.youtube.com\/@TemplateToaster"]}]}},"_links":{"self":[{"href":"https:\/\/templatetoaster.com\/pt-br\/wp-json\/wp\/v2\/pages\/4101"}],"collection":[{"href":"https:\/\/templatetoaster.com\/pt-br\/wp-json\/wp\/v2\/pages"}],"about":[{"href":"https:\/\/templatetoaster.com\/pt-br\/wp-json\/wp\/v2\/types\/page"}],"author":[{"embeddable":true,"href":"https:\/\/templatetoaster.com\/pt-br\/wp-json\/wp\/v2\/users\/1"}],"replies":[{"embeddable":true,"href":"https:\/\/templatetoaster.com\/pt-br\/wp-json\/wp\/v2\/comments?post=4101"}],"version-history":[{"count":3,"href":"https:\/\/templatetoaster.com\/pt-br\/wp-json\/wp\/v2\/pages\/4101\/revisions"}],"predecessor-version":[{"id":33630,"href":"https:\/\/templatetoaster.com\/pt-br\/wp-json\/wp\/v2\/pages\/4101\/revisions\/33630"}],"wp:attachment":[{"href":"https:\/\/templatetoaster.com\/pt-br\/wp-json\/wp\/v2\/media?parent=4101"}],"curies":[{"name":"wp","href":"https:\/\/api.w.org\/{rel}","templated":true}]}}