{"id":4093,"date":"2018-04-13T10:10:44","date_gmt":"2018-04-13T10:10:44","guid":{"rendered":"http:\/\/templatetoaster.com?page_id=4093"},"modified":"2019-08-13T12:20:10","modified_gmt":"2019-08-13T12:20:10","slug":"drupal","status":"publish","type":"page","link":"https:\/\/templatetoaster.com\/pt-br\/drupal","title":{"rendered":"Como fazer upload, instalar e configurar temas TemplateToaster no Drupal"},"content":{"rendered":"<div class=\"tt_documentation_instruction_row row\">\n<h1 class=\"heading_border\" style=\"background-size: 518px 1px;\">Como fazer o Upload, Instalar e configurar TemplateToaster Temas sobre Drupal<\/h1>\n<div class=\"demo_row1 even row\" style=\"padding-top: 15px;\">\n<div class=\"row\">\n<div class=\"col-md-6 col-sm-6 col-xs-12\">\n<div class=\"vedio_bg\">\n<div class=\"tt_video_modal\"><a href=\"https:\/\/youtu.be\/G7r1RLGGY9Y\" data-toggle=\"lightbox\" data-gallery=\"youtubevideos\" data-title=\"How to Create Drupal Theme in TemplateToaster\"><img decoding=\"async\" src=\"https:\/\/templatetoaster.com\/wp-content\/uploads\/2018\/02\/youtube.png\" \/><\/a><\/p>\n<div class=\"video-content\">\n<h3>Como criar Drupal Theme em TemplateToaster<\/h3>\n<\/div>\n<\/div>\n<\/div>\n<\/div>\n<div class=\"col-md-6 col-sm-6 col-xs-12\">\n<div class=\"vedio_bg\">\n<div class=\"tt_video_modal\"><a href=\"https:\/\/youtu.be\/r0EvsjFohV0\" data-toggle=\"lightbox\" data-gallery=\"youtubevideos\" data-title=\"How to Upload TemplateToaster generated Theme on Drupal\"><img decoding=\"async\" src=\"https:\/\/templatetoaster.com\/wp-content\/uploads\/2018\/02\/youtube.png\" \/><\/a><\/p>\n<div class=\"video-content\">\n<h3>Como fazer upload de TemplateToaster gerado Theme no Drupal<\/h3>\n<\/div>\n<\/div>\n<\/div>\n<\/div>\n<div class=\"clearfix visible-lg-block visible-md-block\"><\/div>\n<\/div>\n<\/div>\n<div class=\"basic\">\n<div class=\"basic-step\">\n<h3 class=\"media-heading\">Instru\u00e7\u00f5es para Drupal 7:<\/h3>\n<h4>Upload\/instalar tema<\/h4>\n<ol class=\"decimal\">\n<li>Ap\u00f3s a exporta\u00e7\u00e3o, Fazer o upload do tema na instala\u00e7\u00e3o Drupal usando um cliente de FTP.<\/li>\n<li>Fa\u00e7a logon como administrador.<\/li>\n<li>V\u00e1 at\u00e9 a op\u00e7\u00e3o apar\u00eancia localizada na barra de ferramentas de administra\u00e7\u00e3o no topo da p\u00e1gina.<\/li>\n<li>V\u00e1 para o fundo da p\u00e1gina, encontrar o tema carregado e clique na op\u00e7\u00e3o &#8220;Habilitar e definir como padr\u00e3o&#8221;, localizada na frente do nome do tema.<\/li>\n<li>Ir para p\u00e1gina inicial para ver as altera\u00e7\u00f5es tenham efeito.<\/li>\n<\/ol>\n<\/div>\n<\/div>\n<div class=\"basic\">\n<div class=\"basic-step\">\n<h4>Configurar os m\u00f3dulos:<\/h4>\n<ol class=\"decimal\">\n<li>Fa\u00e7a logon como administrador.<\/li>\n<li>V\u00e1 at\u00e9 a op\u00e7\u00e3o de estrutura localizada na barra de ferramentas de administra\u00e7\u00e3o no topo da p\u00e1gina.<\/li>\n<li>Selecione a op\u00e7\u00e3o do menu &#8220;Blocos&#8221;.<\/li>\n<li>Alterar as configura\u00e7\u00f5es de acordo com a exig\u00eancia.<\/li>\n<li>V\u00e1 para o fundo da p\u00e1gina e clique em &#8220;Blocos de salvar&#8221; para salvar a configura\u00e7\u00e3o.<\/li>\n<li>Ir para p\u00e1gina inicial para ver as altera\u00e7\u00f5es tenham efeito.<\/li>\n<\/ol>\n<\/div>\n<\/div>\n<div class=\"basic\">\n<div class=\"basic-step\">\n<h3 class=\"media-heading\">Instru\u00e7\u00f5es para Drupal 8:<\/h3>\n<ol>\n<li> Exportar seu tema Drupal de TemplateToaster de File-&gt; Export\n<p><a href=\"https:\/\/templatetoaster.com\/wp-content\/uploads\/2017\/11\/drupal_theme_export_upload_instructions_step_1.jpg\"><img loading=\"lazy\" decoding=\"async\" class=\"aligncenter size-large wp-image-3296\" src=\"https:\/\/templatetoaster.com\/wp-content\/uploads\/2017\/11\/drupal_theme_export_upload_instructions_step_1-1024x545.jpg\" alt=\"drupal_theme_export_upload_instructions_step_1\" width=\"900\" height=\"479\" srcset=\"https:\/\/templatetoaster.com\/wp-content\/uploads\/2017\/11\/drupal_theme_export_upload_instructions_step_1-1024x545.jpg 1024w, https:\/\/templatetoaster.com\/wp-content\/uploads\/2017\/11\/drupal_theme_export_upload_instructions_step_1-1000x532.jpg 1000w, https:\/\/templatetoaster.com\/wp-content\/uploads\/2017\/11\/drupal_theme_export_upload_instructions_step_1-300x160.jpg 300w, https:\/\/templatetoaster.com\/wp-content\/uploads\/2017\/11\/drupal_theme_export_upload_instructions_step_1.jpg 1366w\" sizes=\"(max-width: 900px) 100vw, 900px\" \/><\/a>\n<\/li>\n<li> Seleccione a sua localiza\u00e7\u00e3o exporta\u00e7\u00e3o ea vers\u00e3o Drupal 8\n<p><a href=\"https:\/\/templatetoaster.com\/wp-content\/uploads\/2017\/11\/drupal_theme_export_upload_instructions_step_2.jpg\"><img loading=\"lazy\" decoding=\"async\" class=\"aligncenter size-large wp-image-3297\" src=\"https:\/\/templatetoaster.com\/wp-content\/uploads\/2017\/11\/drupal_theme_export_upload_instructions_step_2-1024x545.jpg\" alt=\"drupal_theme_export_upload_instructions_step_2\" width=\"900\" height=\"479\" srcset=\"https:\/\/templatetoaster.com\/wp-content\/uploads\/2017\/11\/drupal_theme_export_upload_instructions_step_2-1024x545.jpg 1024w, https:\/\/templatetoaster.com\/wp-content\/uploads\/2017\/11\/drupal_theme_export_upload_instructions_step_2-1000x532.jpg 1000w, https:\/\/templatetoaster.com\/wp-content\/uploads\/2017\/11\/drupal_theme_export_upload_instructions_step_2-300x160.jpg 300w, https:\/\/templatetoaster.com\/wp-content\/uploads\/2017\/11\/drupal_theme_export_upload_instructions_step_2.jpg 1366w\" sizes=\"(max-width: 900px) 100vw, 900px\" \/><\/a><\/li>\n<li> De admin clique Apar\u00eancia<br \/>\n<a href=\"https:\/\/templatetoaster.com\/wp-content\/uploads\/2017\/11\/drupal_theme_export_upload_instructions_step_3.jpg\"><img loading=\"lazy\" decoding=\"async\" class=\"aligncenter size-large wp-image-3298\" src=\"https:\/\/templatetoaster.com\/wp-content\/uploads\/2017\/11\/drupal_theme_export_upload_instructions_step_3-1024x410.jpg\" alt=\"drupal_theme_export_upload_instructions_step_3\" width=\"900\" height=\"360\" srcset=\"https:\/\/templatetoaster.com\/wp-content\/uploads\/2017\/11\/drupal_theme_export_upload_instructions_step_3-1024x410.jpg 1024w, https:\/\/templatetoaster.com\/wp-content\/uploads\/2017\/11\/drupal_theme_export_upload_instructions_step_3-1000x400.jpg 1000w, https:\/\/templatetoaster.com\/wp-content\/uploads\/2017\/11\/drupal_theme_export_upload_instructions_step_3-300x120.jpg 300w, https:\/\/templatetoaster.com\/wp-content\/uploads\/2017\/11\/drupal_theme_export_upload_instructions_step_3.jpg 1349w\" sizes=\"(max-width: 900px) 100vw, 900px\" \/><\/a><\/li>\n<li> Clique em Instalar Novo Tema<br \/>\n<a href=\"https:\/\/templatetoaster.com\/wp-content\/uploads\/2017\/11\/drupal_theme_export_upload_instructions_step_4.jpg\"><img loading=\"lazy\" decoding=\"async\" class=\"aligncenter size-large wp-image-3299\" src=\"https:\/\/templatetoaster.com\/wp-content\/uploads\/2017\/11\/drupal_theme_export_upload_instructions_step_4-1024x428.jpg\" alt=\"drupal_theme_export_upload_instructions_step_4\" width=\"900\" height=\"376\" srcset=\"https:\/\/templatetoaster.com\/wp-content\/uploads\/2017\/11\/drupal_theme_export_upload_instructions_step_4-1024x428.jpg 1024w, https:\/\/templatetoaster.com\/wp-content\/uploads\/2017\/11\/drupal_theme_export_upload_instructions_step_4-1000x418.jpg 1000w, https:\/\/templatetoaster.com\/wp-content\/uploads\/2017\/11\/drupal_theme_export_upload_instructions_step_4-300x125.jpg 300w, https:\/\/templatetoaster.com\/wp-content\/uploads\/2017\/11\/drupal_theme_export_upload_instructions_step_4.jpg 1349w\" sizes=\"(max-width: 900px) 100vw, 900px\" \/><\/a>\n<\/li>\n<li> Procurar o tema que o seu exportado de TemplateToaster na etapa um acima e clique em Instalar.<br \/>\n<a href=\"https:\/\/templatetoaster.com\/wp-content\/uploads\/2017\/11\/drupal_theme_export_upload_instructions_step_5.jpg\"><img loading=\"lazy\" decoding=\"async\" class=\"aligncenter size-large wp-image-3300\" src=\"https:\/\/templatetoaster.com\/wp-content\/uploads\/2017\/11\/drupal_theme_export_upload_instructions_step_5-1024x388.jpg\" alt=\"drupal_theme_export_upload_instructions_step_5\" width=\"900\" height=\"341\" srcset=\"https:\/\/templatetoaster.com\/wp-content\/uploads\/2017\/11\/drupal_theme_export_upload_instructions_step_5-1024x388.jpg 1024w, https:\/\/templatetoaster.com\/wp-content\/uploads\/2017\/11\/drupal_theme_export_upload_instructions_step_5-1000x379.jpg 1000w, https:\/\/templatetoaster.com\/wp-content\/uploads\/2017\/11\/drupal_theme_export_upload_instructions_step_5-300x114.jpg 300w, https:\/\/templatetoaster.com\/wp-content\/uploads\/2017\/11\/drupal_theme_export_upload_instructions_step_5.jpg 1363w\" sizes=\"(max-width: 900px) 100vw, 900px\" \/><\/a><\/li>\n<li> Seu tema Drupal est\u00e1 instalado<br \/>\n<a href=\"https:\/\/templatetoaster.com\/wp-content\/uploads\/2017\/11\/drupal_theme_export_upload_instructions_step_6.jpg\"><img loading=\"lazy\" decoding=\"async\" class=\"aligncenter size-large wp-image-3301\" src=\"https:\/\/templatetoaster.com\/wp-content\/uploads\/2017\/11\/drupal_theme_export_upload_instructions_step_6-1024x410.jpg\" alt=\"drupal_theme_export_upload_instructions_step_6\" width=\"900\" height=\"360\" srcset=\"https:\/\/templatetoaster.com\/wp-content\/uploads\/2017\/11\/drupal_theme_export_upload_instructions_step_6-1024x410.jpg 1024w, https:\/\/templatetoaster.com\/wp-content\/uploads\/2017\/11\/drupal_theme_export_upload_instructions_step_6-1000x400.jpg 1000w, https:\/\/templatetoaster.com\/wp-content\/uploads\/2017\/11\/drupal_theme_export_upload_instructions_step_6-300x120.jpg 300w, https:\/\/templatetoaster.com\/wp-content\/uploads\/2017\/11\/drupal_theme_export_upload_instructions_step_6.jpg 1349w\" sizes=\"(max-width: 900px) 100vw, 900px\" \/><\/a><\/li>\n<\/ol>\n<\/div>\n<\/div>\n<\/div>\n","protected":false},"excerpt":{"rendered":"<p>Como fazer o Upload, Instalar e configurar TemplateToaster Temas sobre Drupal Como criar Drupal Theme em TemplateToaster Como fazer upload de TemplateToaster gerado Theme no Drupal Instru\u00e7\u00f5es para Drupal 7: Upload\/instalar tema Ap\u00f3s a exporta\u00e7\u00e3o, Fazer o upload do tema &hellip; <a href=\"https:\/\/templatetoaster.com\/pt-br\/drupal\">Continue Reading<span class=\"meta-nav\">&rarr;<\/span><\/a><\/p>\n","protected":false},"author":1,"featured_media":0,"parent":0,"menu_order":0,"comment_status":"closed","ping_status":"closed","template":"PageTemplate1.php","meta":{"footnotes":""},"yoast_head":"<!-- This site is optimized with the Yoast SEO plugin v23.5 - https:\/\/yoast.com\/wordpress\/plugins\/seo\/ -->\n<title>Como fazer upload, instalar e configurar temas TemplateToaster no Drupal - TemplateToaster<\/title>\n<meta name=\"description\" content=\"Instru\u00e7\u00f5es sobre como fazer upload, instalar e configurar temas TemplateToaster no Drupal\" \/>\n<meta name=\"robots\" content=\"index, follow, max-snippet:-1, max-image-preview:large, max-video-preview:-1\" \/>\n<link rel=\"canonical\" href=\"https:\/\/templatetoaster.com\/pt-br\/drupal\" \/>\n<meta property=\"og:locale\" content=\"pt_BR\" \/>\n<meta property=\"og:type\" content=\"article\" \/>\n<meta property=\"og:title\" content=\"Como fazer upload, instalar e configurar temas TemplateToaster no Drupal - TemplateToaster\" \/>\n<meta property=\"og:description\" content=\"Instru\u00e7\u00f5es sobre como fazer upload, instalar e configurar temas TemplateToaster no Drupal\" \/>\n<meta property=\"og:url\" content=\"https:\/\/templatetoaster.com\/pt-br\/drupal\" \/>\n<meta property=\"og:site_name\" content=\"TemplateToaster\" \/>\n<meta property=\"article:publisher\" content=\"https:\/\/www.facebook.com\/TemplateToaster\" \/>\n<meta property=\"article:modified_time\" content=\"2019-08-13T12:20:10+00:00\" \/>\n<meta property=\"og:image\" content=\"https:\/\/templatetoaster.com\/wp-content\/uploads\/2018\/02\/youtube.png\" \/>\n<meta name=\"twitter:card\" content=\"summary_large_image\" \/>\n<meta name=\"twitter:site\" content=\"@templatetoaster\" \/>\n<meta name=\"twitter:label1\" content=\"Est. tempo de leitura\" \/>\n\t<meta name=\"twitter:data1\" content=\"1 minuto\" \/>\n<script type=\"application\/ld+json\" class=\"yoast-schema-graph\">{\"@context\":\"https:\/\/schema.org\",\"@graph\":[{\"@type\":\"WebPage\",\"@id\":\"https:\/\/templatetoaster.com\/pt-br\/drupal\",\"url\":\"https:\/\/templatetoaster.com\/pt-br\/drupal\",\"name\":\"Como fazer upload, instalar e configurar temas TemplateToaster no Drupal - TemplateToaster\",\"isPartOf\":{\"@id\":\"https:\/\/templatetoaster.com\/#website\"},\"primaryImageOfPage\":{\"@id\":\"https:\/\/templatetoaster.com\/pt-br\/drupal#primaryimage\"},\"image\":{\"@id\":\"https:\/\/templatetoaster.com\/pt-br\/drupal#primaryimage\"},\"thumbnailUrl\":\"https:\/\/templatetoaster.com\/wp-content\/uploads\/2018\/02\/youtube.png\",\"datePublished\":\"2018-04-13T10:10:44+00:00\",\"dateModified\":\"2019-08-13T12:20:10+00:00\",\"description\":\"Instru\u00e7\u00f5es sobre como fazer upload, instalar e configurar temas TemplateToaster no Drupal\",\"breadcrumb\":{\"@id\":\"https:\/\/templatetoaster.com\/pt-br\/drupal#breadcrumb\"},\"inLanguage\":\"pt-BR\",\"potentialAction\":[{\"@type\":\"ReadAction\",\"target\":[\"https:\/\/templatetoaster.com\/pt-br\/drupal\"]}]},{\"@type\":\"ImageObject\",\"inLanguage\":\"pt-BR\",\"@id\":\"https:\/\/templatetoaster.com\/pt-br\/drupal#primaryimage\",\"url\":\"https:\/\/templatetoaster.com\/wp-content\/uploads\/2018\/02\/youtube.png\",\"contentUrl\":\"https:\/\/templatetoaster.com\/wp-content\/uploads\/2018\/02\/youtube.png\"},{\"@type\":\"BreadcrumbList\",\"@id\":\"https:\/\/templatetoaster.com\/pt-br\/drupal#breadcrumb\",\"itemListElement\":[{\"@type\":\"ListItem\",\"position\":1,\"name\":\"Home\",\"item\":\"https:\/\/templatetoaster.com\/pt-br\"},{\"@type\":\"ListItem\",\"position\":2,\"name\":\"Como fazer upload, instalar e configurar temas TemplateToaster no Drupal\"}]},{\"@type\":\"WebSite\",\"@id\":\"https:\/\/templatetoaster.com\/#website\",\"url\":\"https:\/\/templatetoaster.com\/\",\"name\":\"TemplateToaster\",\"description\":\"\",\"publisher\":{\"@id\":\"https:\/\/templatetoaster.com\/#organization\"},\"inLanguage\":\"pt-BR\"},{\"@type\":\"Organization\",\"@id\":\"https:\/\/templatetoaster.com\/#organization\",\"name\":\"TemplateToaster\",\"url\":\"https:\/\/templatetoaster.com\/\",\"logo\":{\"@type\":\"ImageObject\",\"inLanguage\":\"pt-BR\",\"@id\":\"https:\/\/templatetoaster.com\/#\/schema\/logo\/image\/\",\"url\":\"https:\/\/templatetoaster.com\/wp-content\/uploads\/2019\/11\/TemplateToaster_Logo.jpg\",\"contentUrl\":\"https:\/\/templatetoaster.com\/wp-content\/uploads\/2019\/11\/TemplateToaster_Logo.jpg\",\"width\":85,\"height\":85,\"caption\":\"TemplateToaster\"},\"image\":{\"@id\":\"https:\/\/templatetoaster.com\/#\/schema\/logo\/image\/\"},\"sameAs\":[\"https:\/\/www.facebook.com\/TemplateToaster\",\"https:\/\/x.com\/templatetoaster\",\"https:\/\/www.instagram.com\/templatetoaster\/\",\"https:\/\/www.linkedin.com\/company\/templatetoaster\/\",\"https:\/\/www.pinterest.com\/templatetoaster\/\",\"https:\/\/www.youtube.com\/@TemplateToaster\"]}]}<\/script>\n<!-- \/ Yoast SEO plugin. -->","yoast_head_json":{"title":"Como fazer upload, instalar e configurar temas TemplateToaster no Drupal - TemplateToaster","description":"Instru\u00e7\u00f5es sobre como fazer upload, instalar e configurar temas TemplateToaster no Drupal","robots":{"index":"index","follow":"follow","max-snippet":"max-snippet:-1","max-image-preview":"max-image-preview:large","max-video-preview":"max-video-preview:-1"},"canonical":"https:\/\/templatetoaster.com\/pt-br\/drupal","og_locale":"pt_BR","og_type":"article","og_title":"Como fazer upload, instalar e configurar temas TemplateToaster no Drupal - TemplateToaster","og_description":"Instru\u00e7\u00f5es sobre como fazer upload, instalar e configurar temas TemplateToaster no Drupal","og_url":"https:\/\/templatetoaster.com\/pt-br\/drupal","og_site_name":"TemplateToaster","article_publisher":"https:\/\/www.facebook.com\/TemplateToaster","article_modified_time":"2019-08-13T12:20:10+00:00","og_image":[{"url":"https:\/\/templatetoaster.com\/wp-content\/uploads\/2018\/02\/youtube.png"}],"twitter_card":"summary_large_image","twitter_site":"@templatetoaster","twitter_misc":{"Est. tempo de leitura":"1 minuto"},"schema":{"@context":"https:\/\/schema.org","@graph":[{"@type":"WebPage","@id":"https:\/\/templatetoaster.com\/pt-br\/drupal","url":"https:\/\/templatetoaster.com\/pt-br\/drupal","name":"Como fazer upload, instalar e configurar temas TemplateToaster no Drupal - TemplateToaster","isPartOf":{"@id":"https:\/\/templatetoaster.com\/#website"},"primaryImageOfPage":{"@id":"https:\/\/templatetoaster.com\/pt-br\/drupal#primaryimage"},"image":{"@id":"https:\/\/templatetoaster.com\/pt-br\/drupal#primaryimage"},"thumbnailUrl":"https:\/\/templatetoaster.com\/wp-content\/uploads\/2018\/02\/youtube.png","datePublished":"2018-04-13T10:10:44+00:00","dateModified":"2019-08-13T12:20:10+00:00","description":"Instru\u00e7\u00f5es sobre como fazer upload, instalar e configurar temas TemplateToaster no Drupal","breadcrumb":{"@id":"https:\/\/templatetoaster.com\/pt-br\/drupal#breadcrumb"},"inLanguage":"pt-BR","potentialAction":[{"@type":"ReadAction","target":["https:\/\/templatetoaster.com\/pt-br\/drupal"]}]},{"@type":"ImageObject","inLanguage":"pt-BR","@id":"https:\/\/templatetoaster.com\/pt-br\/drupal#primaryimage","url":"https:\/\/templatetoaster.com\/wp-content\/uploads\/2018\/02\/youtube.png","contentUrl":"https:\/\/templatetoaster.com\/wp-content\/uploads\/2018\/02\/youtube.png"},{"@type":"BreadcrumbList","@id":"https:\/\/templatetoaster.com\/pt-br\/drupal#breadcrumb","itemListElement":[{"@type":"ListItem","position":1,"name":"Home","item":"https:\/\/templatetoaster.com\/pt-br"},{"@type":"ListItem","position":2,"name":"Como fazer upload, instalar e configurar temas TemplateToaster no Drupal"}]},{"@type":"WebSite","@id":"https:\/\/templatetoaster.com\/#website","url":"https:\/\/templatetoaster.com\/","name":"TemplateToaster","description":"","publisher":{"@id":"https:\/\/templatetoaster.com\/#organization"},"inLanguage":"pt-BR"},{"@type":"Organization","@id":"https:\/\/templatetoaster.com\/#organization","name":"TemplateToaster","url":"https:\/\/templatetoaster.com\/","logo":{"@type":"ImageObject","inLanguage":"pt-BR","@id":"https:\/\/templatetoaster.com\/#\/schema\/logo\/image\/","url":"https:\/\/templatetoaster.com\/wp-content\/uploads\/2019\/11\/TemplateToaster_Logo.jpg","contentUrl":"https:\/\/templatetoaster.com\/wp-content\/uploads\/2019\/11\/TemplateToaster_Logo.jpg","width":85,"height":85,"caption":"TemplateToaster"},"image":{"@id":"https:\/\/templatetoaster.com\/#\/schema\/logo\/image\/"},"sameAs":["https:\/\/www.facebook.com\/TemplateToaster","https:\/\/x.com\/templatetoaster","https:\/\/www.instagram.com\/templatetoaster\/","https:\/\/www.linkedin.com\/company\/templatetoaster\/","https:\/\/www.pinterest.com\/templatetoaster\/","https:\/\/www.youtube.com\/@TemplateToaster"]}]}},"_links":{"self":[{"href":"https:\/\/templatetoaster.com\/pt-br\/wp-json\/wp\/v2\/pages\/4093"}],"collection":[{"href":"https:\/\/templatetoaster.com\/pt-br\/wp-json\/wp\/v2\/pages"}],"about":[{"href":"https:\/\/templatetoaster.com\/pt-br\/wp-json\/wp\/v2\/types\/page"}],"author":[{"embeddable":true,"href":"https:\/\/templatetoaster.com\/pt-br\/wp-json\/wp\/v2\/users\/1"}],"replies":[{"embeddable":true,"href":"https:\/\/templatetoaster.com\/pt-br\/wp-json\/wp\/v2\/comments?post=4093"}],"version-history":[{"count":3,"href":"https:\/\/templatetoaster.com\/pt-br\/wp-json\/wp\/v2\/pages\/4093\/revisions"}],"predecessor-version":[{"id":64463,"href":"https:\/\/templatetoaster.com\/pt-br\/wp-json\/wp\/v2\/pages\/4093\/revisions\/64463"}],"wp:attachment":[{"href":"https:\/\/templatetoaster.com\/pt-br\/wp-json\/wp\/v2\/media?parent=4093"}],"curies":[{"name":"wp","href":"https:\/\/api.w.org\/{rel}","templated":true}]}}