{"id":4089,"date":"2018-04-13T10:06:33","date_gmt":"2018-04-13T10:06:33","guid":{"rendered":"http:\/\/templatetoaster.com?page_id=4089"},"modified":"2019-08-13T07:29:20","modified_gmt":"2019-08-13T07:29:20","slug":"woocommerce","status":"publish","type":"page","link":"https:\/\/templatetoaster.com\/pt-br\/woocommerce","title":{"rendered":"Como fazer upload e instalar temas TemplateToaster no WooCommerce"},"content":{"rendered":"<div class=\"tt_documentation_instruction_row row\">\n<h1 class=\"heading_border\" style=\"background-size: 518px 1px;\">Como fazer upload de instalar e configurar TemplateToaster Temas sobre WooCommerce<\/h1>\n<div class=\"demo_row1 even row\">\n<div class=\"row\">\n<div class=\"col-md-6 col-sm-6 col-xs-12\">\n<div class=\"vedio_bg\">\n<div class=\"tt_video_modal\"><a href=\"https:\/\/youtu.be\/wiikegBEAgU\" data-toggle=\"lightbox\" data-gallery=\"youtubevideos\" data-title=\"How to Create WooCommerce Theme in TemplateToaster\"><img decoding=\"async\" src=\"https:\/\/templatetoaster.com\/wp-content\/uploads\/2018\/02\/youtube.png\" \/><\/a><\/p>\n<div class=\"video-content\">\n<h3>Como criar WooCommerce tema em TemplateToaster<\/h3>\n<\/div>\n<\/div>\n<\/div>\n<\/div>\n<div class=\"col-md-6 col-sm-6 col-xs-12\">\n<div class=\"vedio_bg\">\n<div class=\"tt_video_modal\"><a href=\"https:\/\/youtu.be\/gq4hwQ50U0Q\" data-toggle=\"lightbox\" data-gallery=\"youtubevideos\" data-title=\"How to Upload TemplateToaster generated Theme on WooCommerce\"><img decoding=\"async\" src=\"https:\/\/templatetoaster.com\/wp-content\/uploads\/2018\/02\/youtube.png\" \/><\/a><\/p>\n<div class=\"video-content\">\n<h3>Como fazer upload de TemplateToaster gerado Theme no WooCommerce<\/h3>\n<\/div>\n<\/div>\n<\/div>\n<\/div>\n<div class=\"clearfix visible-lg-block visible-md-block\"><\/div>\n<\/div>\n<\/div>\n<div class=\"basic\">\n<div class=\"basic-step\">\n<ol>\n<li> Ir para WordPress dashboard -&gt; Apar\u00eancia -&gt; Temas -&gt; Adicionar Novo -&gt; Publique Tema -&gt; Procurar e selecione uma pasta de tema zip -&gt; Instalar.<\/li>\n<li> Uma vez que o tema est\u00e1 instalado com sucesso, p\u00e1gina de ativa\u00e7\u00e3o ser\u00e1 exibido -&gt; Clique em Ativar.<\/li>\n<li>Ou Ir para Apar\u00eancia -&gt; Temas -&gt; encontrar o tema instalado -&gt; Clique em Ativar. <\/li>\n<\/ol>\n<p><a href=\"https:\/\/templatetoaster.com\/wp-content\/uploads\/2017\/10\/Upload_Install_WooCommerce_WordPress_Theme_step1.jpg\"><img loading=\"lazy\" decoding=\"async\" class=\"aligncenter size-large wp-image-3181\" src=\"https:\/\/templatetoaster.com\/wp-content\/uploads\/2017\/10\/Upload_Install_WooCommerce_WordPress_Theme_step1-1024x500.jpg\" alt=\"Upload_Install_WooCommerce_WordPress_Theme_step1\" width=\"900\" height=\"439\" srcset=\"https:\/\/templatetoaster.com\/wp-content\/uploads\/2017\/10\/Upload_Install_WooCommerce_WordPress_Theme_step1-1024x500.jpg 1024w, https:\/\/templatetoaster.com\/wp-content\/uploads\/2017\/10\/Upload_Install_WooCommerce_WordPress_Theme_step1-1000x489.jpg 1000w, https:\/\/templatetoaster.com\/wp-content\/uploads\/2017\/10\/Upload_Install_WooCommerce_WordPress_Theme_step1-300x147.jpg 300w, https:\/\/templatetoaster.com\/wp-content\/uploads\/2017\/10\/Upload_Install_WooCommerce_WordPress_Theme_step1.jpg 1349w\" sizes=\"(max-width: 900px) 100vw, 900px\" \/><\/a><\/p>\n<p><a href=\"https:\/\/templatetoaster.com\/wp-content\/uploads\/2017\/10\/Upload_Install_WooCommerce_WordPress_Theme_step2.jpg\"><img loading=\"lazy\" decoding=\"async\" class=\"aligncenter size-large wp-image-3182\" src=\"https:\/\/templatetoaster.com\/wp-content\/uploads\/2017\/10\/Upload_Install_WooCommerce_WordPress_Theme_step2-1024x500.jpg\" alt=\"Upload_Install_WooCommerce_WordPress_Theme_step2\" width=\"900\" height=\"439\" srcset=\"https:\/\/templatetoaster.com\/wp-content\/uploads\/2017\/10\/Upload_Install_WooCommerce_WordPress_Theme_step2-1024x500.jpg 1024w, https:\/\/templatetoaster.com\/wp-content\/uploads\/2017\/10\/Upload_Install_WooCommerce_WordPress_Theme_step2-1000x489.jpg 1000w, https:\/\/templatetoaster.com\/wp-content\/uploads\/2017\/10\/Upload_Install_WooCommerce_WordPress_Theme_step2-300x147.jpg 300w, https:\/\/templatetoaster.com\/wp-content\/uploads\/2017\/10\/Upload_Install_WooCommerce_WordPress_Theme_step2.jpg 1349w\" sizes=\"(max-width: 900px) 100vw, 900px\" \/><\/a><\/p>\n<p><a href=\"https:\/\/templatetoaster.com\/wp-content\/uploads\/2017\/10\/Upload_Install_WooCommerce_WordPress_Theme_step3.jpg\"><img loading=\"lazy\" decoding=\"async\" class=\"aligncenter size-large wp-image-3183\" src=\"https:\/\/templatetoaster.com\/wp-content\/uploads\/2017\/10\/Upload_Install_WooCommerce_WordPress_Theme_step3-1024x500.jpg\" alt=\"Upload_Install_WooCommerce_WordPress_Theme_step3\" width=\"900\" height=\"439\" srcset=\"https:\/\/templatetoaster.com\/wp-content\/uploads\/2017\/10\/Upload_Install_WooCommerce_WordPress_Theme_step3-1024x500.jpg 1024w, https:\/\/templatetoaster.com\/wp-content\/uploads\/2017\/10\/Upload_Install_WooCommerce_WordPress_Theme_step3-1000x489.jpg 1000w, https:\/\/templatetoaster.com\/wp-content\/uploads\/2017\/10\/Upload_Install_WooCommerce_WordPress_Theme_step3-300x147.jpg 300w, https:\/\/templatetoaster.com\/wp-content\/uploads\/2017\/10\/Upload_Install_WooCommerce_WordPress_Theme_step3.jpg 1349w\" sizes=\"(max-width: 900px) 100vw, 900px\" \/><\/a><\/p>\n<p><a href=\"https:\/\/templatetoaster.com\/wp-content\/uploads\/2017\/10\/Upload_Install_WooCommerce_WordPress_Theme_step4.jpg\"><img loading=\"lazy\" decoding=\"async\" class=\"aligncenter size-large wp-image-3184\" src=\"https:\/\/templatetoaster.com\/wp-content\/uploads\/2017\/10\/Upload_Install_WooCommerce_WordPress_Theme_step4-1024x500.jpg\" alt=\"Upload_Install_WooCommerce_WordPress_Theme_step4\" width=\"900\" height=\"439\" srcset=\"https:\/\/templatetoaster.com\/wp-content\/uploads\/2017\/10\/Upload_Install_WooCommerce_WordPress_Theme_step4-1024x500.jpg 1024w, https:\/\/templatetoaster.com\/wp-content\/uploads\/2017\/10\/Upload_Install_WooCommerce_WordPress_Theme_step4-1000x489.jpg 1000w, https:\/\/templatetoaster.com\/wp-content\/uploads\/2017\/10\/Upload_Install_WooCommerce_WordPress_Theme_step4-300x147.jpg 300w, https:\/\/templatetoaster.com\/wp-content\/uploads\/2017\/10\/Upload_Install_WooCommerce_WordPress_Theme_step4.jpg 1349w\" sizes=\"(max-width: 900px) 100vw, 900px\" \/><\/a><\/p>\n<p><a href=\"https:\/\/templatetoaster.com\/wp-content\/uploads\/2017\/10\/Upload_Install_WooCommerce_WordPress_Theme_step5.jpg\"><img loading=\"lazy\" decoding=\"async\" class=\"aligncenter size-large wp-image-3185\" src=\"https:\/\/templatetoaster.com\/wp-content\/uploads\/2017\/10\/Upload_Install_WooCommerce_WordPress_Theme_step5-1024x500.jpg\" alt=\"Upload_Install_WooCommerce_WordPress_Theme_step5\" width=\"900\" height=\"439\" srcset=\"https:\/\/templatetoaster.com\/wp-content\/uploads\/2017\/10\/Upload_Install_WooCommerce_WordPress_Theme_step5-1024x500.jpg 1024w, https:\/\/templatetoaster.com\/wp-content\/uploads\/2017\/10\/Upload_Install_WooCommerce_WordPress_Theme_step5-1000x489.jpg 1000w, https:\/\/templatetoaster.com\/wp-content\/uploads\/2017\/10\/Upload_Install_WooCommerce_WordPress_Theme_step5-300x147.jpg 300w, https:\/\/templatetoaster.com\/wp-content\/uploads\/2017\/10\/Upload_Install_WooCommerce_WordPress_Theme_step5.jpg 1349w\" sizes=\"(max-width: 900px) 100vw, 900px\" \/><\/a><\/p>\n<p><a href=\"https:\/\/templatetoaster.com\/wp-content\/uploads\/2017\/10\/Upload_Install_WooCommerce_WordPress_Theme_step6.jpg\"><img loading=\"lazy\" decoding=\"async\" class=\"aligncenter size-large wp-image-3186\" src=\"https:\/\/templatetoaster.com\/wp-content\/uploads\/2017\/10\/Upload_Install_WooCommerce_WordPress_Theme_step6-1024x494.jpg\" alt=\"Upload_Install_WooCommerce_WordPress_Theme_step6\" width=\"900\" height=\"434\" srcset=\"https:\/\/templatetoaster.com\/wp-content\/uploads\/2017\/10\/Upload_Install_WooCommerce_WordPress_Theme_step6-1024x494.jpg 1024w, https:\/\/templatetoaster.com\/wp-content\/uploads\/2017\/10\/Upload_Install_WooCommerce_WordPress_Theme_step6-1000x482.jpg 1000w, https:\/\/templatetoaster.com\/wp-content\/uploads\/2017\/10\/Upload_Install_WooCommerce_WordPress_Theme_step6-300x145.jpg 300w, https:\/\/templatetoaster.com\/wp-content\/uploads\/2017\/10\/Upload_Install_WooCommerce_WordPress_Theme_step6.jpg 1366w\" sizes=\"(max-width: 900px) 100vw, 900px\" \/><\/a><\/p>\n<p><a href=\"https:\/\/templatetoaster.com\/wp-content\/uploads\/2017\/10\/Upload_Install_WooCommerce_WordPress_Theme_step7.jpg\"><img loading=\"lazy\" decoding=\"async\" class=\"aligncenter size-large wp-image-3187\" src=\"https:\/\/templatetoaster.com\/wp-content\/uploads\/2017\/10\/Upload_Install_WooCommerce_WordPress_Theme_step7-1024x500.jpg\" alt=\"Upload_Install_WooCommerce_WordPress_Theme_step7\" width=\"900\" height=\"439\" srcset=\"https:\/\/templatetoaster.com\/wp-content\/uploads\/2017\/10\/Upload_Install_WooCommerce_WordPress_Theme_step7-1024x500.jpg 1024w, https:\/\/templatetoaster.com\/wp-content\/uploads\/2017\/10\/Upload_Install_WooCommerce_WordPress_Theme_step7-1000x489.jpg 1000w, https:\/\/templatetoaster.com\/wp-content\/uploads\/2017\/10\/Upload_Install_WooCommerce_WordPress_Theme_step7-300x147.jpg 300w, https:\/\/templatetoaster.com\/wp-content\/uploads\/2017\/10\/Upload_Install_WooCommerce_WordPress_Theme_step7.jpg 1349w\" sizes=\"(max-width: 900px) 100vw, 900px\" \/><\/a><\/p>\n<\/div>\n<\/div>\n<\/div>\n","protected":false},"excerpt":{"rendered":"<p>Como fazer upload de instalar e configurar TemplateToaster Temas sobre WooCommerce Como criar WooCommerce tema em TemplateToaster Como fazer upload de TemplateToaster gerado Theme no WooCommerce Ir para WordPress dashboard -&gt; Apar\u00eancia -&gt; Temas -&gt; Adicionar Novo -&gt; Publique Tema &hellip; <a href=\"https:\/\/templatetoaster.com\/pt-br\/woocommerce\">Continue Reading<span class=\"meta-nav\">&rarr;<\/span><\/a><\/p>\n","protected":false},"author":1,"featured_media":0,"parent":0,"menu_order":0,"comment_status":"closed","ping_status":"closed","template":"PageTemplate1.php","meta":{"footnotes":""},"yoast_head":"<!-- This site is optimized with the Yoast SEO plugin v23.5 - https:\/\/yoast.com\/wordpress\/plugins\/seo\/ -->\n<title>Como fazer upload e instalar temas TemplateToaster no WooCommerce - TemplateToaster<\/title>\n<meta name=\"description\" content=\"Como fazer upload de instalar e configurar temas TemplateToaster no WooCommerce\" \/>\n<meta name=\"robots\" content=\"index, follow, max-snippet:-1, max-image-preview:large, max-video-preview:-1\" \/>\n<link rel=\"canonical\" href=\"https:\/\/templatetoaster.com\/pt-br\/woocommerce\" \/>\n<meta property=\"og:locale\" content=\"pt_BR\" \/>\n<meta property=\"og:type\" content=\"article\" \/>\n<meta property=\"og:title\" content=\"Como fazer upload e instalar temas TemplateToaster no WooCommerce - TemplateToaster\" \/>\n<meta property=\"og:description\" content=\"Como fazer upload de instalar e configurar temas TemplateToaster no WooCommerce\" \/>\n<meta property=\"og:url\" content=\"https:\/\/templatetoaster.com\/pt-br\/woocommerce\" \/>\n<meta property=\"og:site_name\" content=\"TemplateToaster\" \/>\n<meta property=\"article:publisher\" content=\"https:\/\/www.facebook.com\/TemplateToaster\" \/>\n<meta property=\"article:modified_time\" content=\"2019-08-13T07:29:20+00:00\" \/>\n<meta property=\"og:image\" content=\"https:\/\/templatetoaster.com\/wp-content\/uploads\/2018\/02\/youtube.png\" \/>\n<meta name=\"twitter:card\" content=\"summary_large_image\" \/>\n<meta name=\"twitter:site\" content=\"@templatetoaster\" \/>\n<script type=\"application\/ld+json\" class=\"yoast-schema-graph\">{\"@context\":\"https:\/\/schema.org\",\"@graph\":[{\"@type\":\"WebPage\",\"@id\":\"https:\/\/templatetoaster.com\/pt-br\/woocommerce\",\"url\":\"https:\/\/templatetoaster.com\/pt-br\/woocommerce\",\"name\":\"Como fazer upload e instalar temas TemplateToaster no WooCommerce - TemplateToaster\",\"isPartOf\":{\"@id\":\"https:\/\/templatetoaster.com\/#website\"},\"primaryImageOfPage\":{\"@id\":\"https:\/\/templatetoaster.com\/pt-br\/woocommerce#primaryimage\"},\"image\":{\"@id\":\"https:\/\/templatetoaster.com\/pt-br\/woocommerce#primaryimage\"},\"thumbnailUrl\":\"https:\/\/templatetoaster.com\/wp-content\/uploads\/2018\/02\/youtube.png\",\"datePublished\":\"2018-04-13T10:06:33+00:00\",\"dateModified\":\"2019-08-13T07:29:20+00:00\",\"description\":\"Como fazer upload de instalar e configurar temas TemplateToaster no WooCommerce\",\"breadcrumb\":{\"@id\":\"https:\/\/templatetoaster.com\/pt-br\/woocommerce#breadcrumb\"},\"inLanguage\":\"pt-BR\",\"potentialAction\":[{\"@type\":\"ReadAction\",\"target\":[\"https:\/\/templatetoaster.com\/pt-br\/woocommerce\"]}]},{\"@type\":\"ImageObject\",\"inLanguage\":\"pt-BR\",\"@id\":\"https:\/\/templatetoaster.com\/pt-br\/woocommerce#primaryimage\",\"url\":\"https:\/\/templatetoaster.com\/wp-content\/uploads\/2018\/02\/youtube.png\",\"contentUrl\":\"https:\/\/templatetoaster.com\/wp-content\/uploads\/2018\/02\/youtube.png\"},{\"@type\":\"BreadcrumbList\",\"@id\":\"https:\/\/templatetoaster.com\/pt-br\/woocommerce#breadcrumb\",\"itemListElement\":[{\"@type\":\"ListItem\",\"position\":1,\"name\":\"Home\",\"item\":\"https:\/\/templatetoaster.com\/pt-br\"},{\"@type\":\"ListItem\",\"position\":2,\"name\":\"Como fazer upload e instalar temas TemplateToaster no WooCommerce\"}]},{\"@type\":\"WebSite\",\"@id\":\"https:\/\/templatetoaster.com\/#website\",\"url\":\"https:\/\/templatetoaster.com\/\",\"name\":\"TemplateToaster\",\"description\":\"\",\"publisher\":{\"@id\":\"https:\/\/templatetoaster.com\/#organization\"},\"inLanguage\":\"pt-BR\"},{\"@type\":\"Organization\",\"@id\":\"https:\/\/templatetoaster.com\/#organization\",\"name\":\"TemplateToaster\",\"url\":\"https:\/\/templatetoaster.com\/\",\"logo\":{\"@type\":\"ImageObject\",\"inLanguage\":\"pt-BR\",\"@id\":\"https:\/\/templatetoaster.com\/#\/schema\/logo\/image\/\",\"url\":\"https:\/\/templatetoaster.com\/wp-content\/uploads\/2019\/11\/TemplateToaster_Logo.jpg\",\"contentUrl\":\"https:\/\/templatetoaster.com\/wp-content\/uploads\/2019\/11\/TemplateToaster_Logo.jpg\",\"width\":85,\"height\":85,\"caption\":\"TemplateToaster\"},\"image\":{\"@id\":\"https:\/\/templatetoaster.com\/#\/schema\/logo\/image\/\"},\"sameAs\":[\"https:\/\/www.facebook.com\/TemplateToaster\",\"https:\/\/x.com\/templatetoaster\",\"https:\/\/www.instagram.com\/templatetoaster\/\",\"https:\/\/www.linkedin.com\/company\/templatetoaster\/\",\"https:\/\/www.pinterest.com\/templatetoaster\/\",\"https:\/\/www.youtube.com\/@TemplateToaster\"]}]}<\/script>\n<!-- \/ Yoast SEO plugin. -->","yoast_head_json":{"title":"Como fazer upload e instalar temas TemplateToaster no WooCommerce - TemplateToaster","description":"Como fazer upload de instalar e configurar temas TemplateToaster no WooCommerce","robots":{"index":"index","follow":"follow","max-snippet":"max-snippet:-1","max-image-preview":"max-image-preview:large","max-video-preview":"max-video-preview:-1"},"canonical":"https:\/\/templatetoaster.com\/pt-br\/woocommerce","og_locale":"pt_BR","og_type":"article","og_title":"Como fazer upload e instalar temas TemplateToaster no WooCommerce - TemplateToaster","og_description":"Como fazer upload de instalar e configurar temas TemplateToaster no WooCommerce","og_url":"https:\/\/templatetoaster.com\/pt-br\/woocommerce","og_site_name":"TemplateToaster","article_publisher":"https:\/\/www.facebook.com\/TemplateToaster","article_modified_time":"2019-08-13T07:29:20+00:00","og_image":[{"url":"https:\/\/templatetoaster.com\/wp-content\/uploads\/2018\/02\/youtube.png"}],"twitter_card":"summary_large_image","twitter_site":"@templatetoaster","schema":{"@context":"https:\/\/schema.org","@graph":[{"@type":"WebPage","@id":"https:\/\/templatetoaster.com\/pt-br\/woocommerce","url":"https:\/\/templatetoaster.com\/pt-br\/woocommerce","name":"Como fazer upload e instalar temas TemplateToaster no WooCommerce - TemplateToaster","isPartOf":{"@id":"https:\/\/templatetoaster.com\/#website"},"primaryImageOfPage":{"@id":"https:\/\/templatetoaster.com\/pt-br\/woocommerce#primaryimage"},"image":{"@id":"https:\/\/templatetoaster.com\/pt-br\/woocommerce#primaryimage"},"thumbnailUrl":"https:\/\/templatetoaster.com\/wp-content\/uploads\/2018\/02\/youtube.png","datePublished":"2018-04-13T10:06:33+00:00","dateModified":"2019-08-13T07:29:20+00:00","description":"Como fazer upload de instalar e configurar temas TemplateToaster no WooCommerce","breadcrumb":{"@id":"https:\/\/templatetoaster.com\/pt-br\/woocommerce#breadcrumb"},"inLanguage":"pt-BR","potentialAction":[{"@type":"ReadAction","target":["https:\/\/templatetoaster.com\/pt-br\/woocommerce"]}]},{"@type":"ImageObject","inLanguage":"pt-BR","@id":"https:\/\/templatetoaster.com\/pt-br\/woocommerce#primaryimage","url":"https:\/\/templatetoaster.com\/wp-content\/uploads\/2018\/02\/youtube.png","contentUrl":"https:\/\/templatetoaster.com\/wp-content\/uploads\/2018\/02\/youtube.png"},{"@type":"BreadcrumbList","@id":"https:\/\/templatetoaster.com\/pt-br\/woocommerce#breadcrumb","itemListElement":[{"@type":"ListItem","position":1,"name":"Home","item":"https:\/\/templatetoaster.com\/pt-br"},{"@type":"ListItem","position":2,"name":"Como fazer upload e instalar temas TemplateToaster no WooCommerce"}]},{"@type":"WebSite","@id":"https:\/\/templatetoaster.com\/#website","url":"https:\/\/templatetoaster.com\/","name":"TemplateToaster","description":"","publisher":{"@id":"https:\/\/templatetoaster.com\/#organization"},"inLanguage":"pt-BR"},{"@type":"Organization","@id":"https:\/\/templatetoaster.com\/#organization","name":"TemplateToaster","url":"https:\/\/templatetoaster.com\/","logo":{"@type":"ImageObject","inLanguage":"pt-BR","@id":"https:\/\/templatetoaster.com\/#\/schema\/logo\/image\/","url":"https:\/\/templatetoaster.com\/wp-content\/uploads\/2019\/11\/TemplateToaster_Logo.jpg","contentUrl":"https:\/\/templatetoaster.com\/wp-content\/uploads\/2019\/11\/TemplateToaster_Logo.jpg","width":85,"height":85,"caption":"TemplateToaster"},"image":{"@id":"https:\/\/templatetoaster.com\/#\/schema\/logo\/image\/"},"sameAs":["https:\/\/www.facebook.com\/TemplateToaster","https:\/\/x.com\/templatetoaster","https:\/\/www.instagram.com\/templatetoaster\/","https:\/\/www.linkedin.com\/company\/templatetoaster\/","https:\/\/www.pinterest.com\/templatetoaster\/","https:\/\/www.youtube.com\/@TemplateToaster"]}]}},"_links":{"self":[{"href":"https:\/\/templatetoaster.com\/pt-br\/wp-json\/wp\/v2\/pages\/4089"}],"collection":[{"href":"https:\/\/templatetoaster.com\/pt-br\/wp-json\/wp\/v2\/pages"}],"about":[{"href":"https:\/\/templatetoaster.com\/pt-br\/wp-json\/wp\/v2\/types\/page"}],"author":[{"embeddable":true,"href":"https:\/\/templatetoaster.com\/pt-br\/wp-json\/wp\/v2\/users\/1"}],"replies":[{"embeddable":true,"href":"https:\/\/templatetoaster.com\/pt-br\/wp-json\/wp\/v2\/comments?post=4089"}],"version-history":[{"count":3,"href":"https:\/\/templatetoaster.com\/pt-br\/wp-json\/wp\/v2\/pages\/4089\/revisions"}],"predecessor-version":[{"id":64367,"href":"https:\/\/templatetoaster.com\/pt-br\/wp-json\/wp\/v2\/pages\/4089\/revisions\/64367"}],"wp:attachment":[{"href":"https:\/\/templatetoaster.com\/pt-br\/wp-json\/wp\/v2\/media?parent=4089"}],"curies":[{"name":"wp","href":"https:\/\/api.w.org\/{rel}","templated":true}]}}