{"id":4085,"date":"2018-04-13T10:04:32","date_gmt":"2018-04-13T10:04:32","guid":{"rendered":"http:\/\/templatetoaster.com?page_id=4085"},"modified":"2019-08-14T04:57:24","modified_gmt":"2019-08-14T04:57:24","slug":"magento","status":"publish","type":"page","link":"https:\/\/templatetoaster.com\/pt-br\/magento","title":{"rendered":"Como fazer upload e instalar temas TemplateToaster no Magento"},"content":{"rendered":"<div class=\"tt_documentation_instruction_row row\">\n<h1 class=\"heading_border\" style=\"background-size: 544px 1px;\">Como fazer upload de instalar e configurar TemplateToaster Temas Gerado em Magento<\/h1>\n<div class=\"demo_row1 even row\">\n<h2><span class=\"demo_video_cms\" style=\"background-position: 137px -62px;\"><\/span> Magento 1.9<\/h2>\n<div class=\"row\">\n<div class=\"col-md-6 col-sm-6 col-xs-12\">\n<div class=\"vedio_bg\">\n<div class=\"tt_video_modal\"><a href=\"https:\/\/youtu.be\/tmMFYqDKsrk\" data-toggle=\"lightbox\" data-gallery=\"youtubevideos\" data-title=\"How to Create Magento 1.9 Theme in TemplateToaster\"><img decoding=\"async\" src=\"https:\/\/templatetoaster.com\/wp-content\/uploads\/2018\/02\/youtube.png\" \/><\/a><\/p>\n<div class=\"video-content\">\n<h3>Como criar Magento 1.9 Theme em TemplateToaster<\/h3>\n<\/div>\n<\/div>\n<\/div>\n<\/div>\n<div class=\"col-md-6 col-sm-6 col-xs-12\">\n<div class=\"vedio_bg\">\n<div class=\"tt_video_modal\"><a href=\"https:\/\/youtu.be\/D6KBdP3kdjg\" data-toggle=\"lightbox\" data-gallery=\"youtubevideos\" data-title=\"How to Upload TemplateToaster generated Theme on Magento 1.9\"><img decoding=\"async\" src=\"https:\/\/templatetoaster.com\/wp-content\/uploads\/2018\/02\/youtube.png\" \/><\/a><\/p>\n<div class=\"video-content\">\n<h3>Como fazer upload de TemplateToaster Tema gerado em Magento 1.9<\/h3>\n<\/div>\n<\/div>\n<\/div>\n<\/div>\n<div class=\"clearfix visible-lg-block visible-md-block\"><\/div>\n<\/div>\n<\/div>\n<div class=\"demo_row1 even row\">\n<h2><span class=\"demo_video_cms\" style=\"background-position: 137px -62px;\"><\/span> Magento 2.0<\/h2>\n<div class=\"row\">\n<div class=\"col-md-6 col-sm-6 col-xs-12\">\n<div class=\"vedio_bg\">\n<div class=\"tt_video_modal\"><a href=\"https:\/\/youtu.be\/tmMFYqDKsrk\" data-toggle=\"lightbox\" data-gallery=\"youtubevideos\" data-title=\"How to Create Magento 2.0 Theme in TemplateToaster\"><img decoding=\"async\" src=\"https:\/\/templatetoaster.com\/wp-content\/uploads\/2018\/02\/youtube.png\" \/><\/a><\/p>\n<div class=\"video-content\">\n<h3>Como criar Magento 2.0 Theme em TemplateToaster<\/h3>\n<\/div>\n<\/div>\n<\/div>\n<\/div>\n<div class=\"col-md-6 col-sm-6 col-xs-12\">\n<div class=\"vedio_bg\">\n<div class=\"tt_video_modal\"><a href=\"https:\/\/youtu.be\/yz75jq66vn4\" data-toggle=\"lightbox\" data-gallery=\"youtubevideos\" data-title=\"How to Upload TemplateToaster generated Theme on Magento 2.0\"><img decoding=\"async\" src=\"https:\/\/templatetoaster.com\/wp-content\/uploads\/2018\/02\/youtube.png\" \/><\/a><\/p>\n<div class=\"video-content\">\n<h3>Como fazer upload de TemplateToaster Tema gerado em Magento 2.0<\/h3>\n<\/div>\n<\/div>\n<\/div>\n<\/div>\n<div class=\"clearfix visible-lg-block visible-md-block\"><\/div>\n<\/div>\n<\/div>\n<div class=\"basic\">\n<div class=\"basic-step\">\n<h3 style=\"margin-bottom: 15px;\"><a href=\"#magento1.9\">guia de instala\u00e7\u00e3o Tema Magento para Magento 1.9<\/a><\/h3>\n<h3 style=\"margin-bottom: 15px;\"><a href=\"#magento2\">guia de instala\u00e7\u00e3o Tema Magento para Magento 2.0<\/a><\/h3>\n<p><a name=\"magento1.9\"><\/a><\/p>\n<h4 style=\"margin: 15px 0px 10px;\">1. Copiar arquivos de tema<\/h4>\n<ol class=\"lower-alpha\">\n<li>No XAMPP, WAMPP etc. (Se voc\u00ea deseja instalar o tema Magento no PC Local)<\/li>\n<li>Exportar o tema como arquivo. zip.<\/li>\n<li>Extraia o arquivo zip para a pasta raiz do Magento.<\/li>\n<li>No servidor de hospedagem (Se voc\u00ea deseja instalar o tema Magento no servidor de hospedagem)<\/li>\n<li>Exportar o tema como pasta.<\/li>\n<li>Carregar o conte\u00fado da pasta para a raiz do diret\u00f3rio Magento. Refira por favor o abaixo uma captura de tela.<\/li>\n<\/ol>\n<\/div>\n<\/div>\n<div class=\"basic\">\n<div class=\"basic-step\">\n<h4>2. Fa\u00e7a o seguinte:<\/h4>\n<ol class=\"lower-alpha\">\n<li>Abra seu painel de administra\u00e7\u00e3o Magento e v\u00e1 em sistema &gt; se\u00e7\u00e3o de Design.<\/li>\n<li>Na tela apareceu clique em Adicionar novo tema(ou mudar de Design adicionar bot\u00e3o) no canto superior direito.<\/li>\n<li>No campo do design personalizado, selecione seu tema rec\u00e9m-instalado<\/li>\n<li>Clique em salvar bot\u00e3o para aplicar as altera\u00e7\u00f5es<\/li>\n<li>Criar uma categoria como subcategoria para sua categoria de padr\u00e3o de tema. Isto deve ser inativo para ser escondida na navega\u00e7\u00e3o principal. Esta categoria ser\u00e1 para &#8220;produtos Home page&#8221;. Lembre-se o ID desta categoria. Veja a imagem abaixo.<\/li>\n<li>Uma vez que a categoria \u00e9 criada \u00e9 bom para adicionar v\u00e1rios produtos para ele.<\/li>\n<p>&nbsp;<\/p>\n<p><img decoding=\"async\" class=\"img-responsive center-block\" src=\"https:\/\/templatetoaster.com\/wp-content\/uploads\/2012\/03\/images\/pf\/1.jpg\" alt=\"\" \/><\/p>\n<p>&nbsp;<\/p>\n<p><img decoding=\"async\" class=\"img-responsive center-block\" src=\"https:\/\/templatetoaster.com\/wp-content\/uploads\/2012\/03\/images\/pf\/3.jpg\" alt=\"\" \/><\/p>\n<\/ol>\n<\/div>\n<\/div>\n<div class=\"basic\">\n<div class=\"basic-step\">\n<h3>Editar p\u00e1gina inicial<\/h3>\n<p>V\u00e1 para CMS -&gt; p\u00e1ginas e editar\/adicionar p\u00e1gina inicial. Ir ao conte\u00fado e adicionar<\/p>\n<pre>{{bloco tipo =\"Cat\u00e1logo\/product_list\" category_id =\"HomeProductsCategoryID\" modelo =\"catalog\/product\/List.phtml\"}}<\/pre>\n<p>N\u00e3o se esque\u00e7a de substituir \u201cHomeProductsCategoryID\u201d com a identifica\u00e7\u00e3o de uma das categorias criadas<\/p>\n<\/div>\n<\/div>\n<div class=\"basic\">\n<div class=\"basic-step\">\n<h3 style=\"margin-bottom: 15px;\">Adicionar\/criar um bloco est\u00e1tico (Opcional)<\/h3>\n<ol class=\"decimal\">\n<li>Login no admin da sua loja Magento<\/li>\n<li>Navegue para CMS &gt; blocos est\u00e1ticos<\/li>\n<li>Clique em Adicionar novo bloco no canto superior direito<\/li>\n<li>D\u00ea seu bloco de um bloco de t\u00edtulo<\/li>\n<li>D\u00ea seu bloco um identificador que ser\u00e1 usado para chamar o bloco. Certifique-se de que o identificador \u00e9 tudo em min\u00fasculas e separadas por underscores a seguir i. nomenclatura do Magento. your_block_id<\/li>\n<li>Escolha o que exibir loja pertence o bloco. Deixa como todas as vistas de loja, a menos que tenha uma boa raz\u00e3o para n\u00e3o Status definido como Enabled<\/li>\n<li>Insira seu HTML no campo do conte\u00fado.<\/li>\n<li>Clique em salvar o bloco ou salvar e continuar a editar para salvar as configura\u00e7\u00f5es.<\/li>\n<\/ol>\n<\/div>\n<\/div>\n<div class=\"basic\">\n<div class=\"basic-step\">\n<h3 style=\"margin-bottom: 15px;>Adicione o bloco em xml (Opcional)<\/h3>\n<pre>  \r\n&lt;nome de refer\u00eancia =\"BlockReferenceName\"&gt;\r\n   &lt;bloco tipo =\"CMS\/bloco\" nome\"your_block_id\" antes =\"_\"&gt;\r\n\t&lt;m\u00e9todo de a\u00e7\u00e3o =\"setBlockId\"&gt;\r\n\t   &lt;block_id&gt;your_block_id &lt;\/block_id&gt;\r\n\t&lt;\/a\u00e7\u00e3o&gt;\r\n  &lt;\/bloco&gt;\r\n&lt;refer\u00eancia&gt;\r\n<\/pre>\n<p>&nbsp;<\/p>\n<ol class=\"decimal\">\n<li>Abrir o cms.xml do app &gt; design &gt; frontend &gt; padr\u00e3o &gt; your_theme &gt; pasta layout.<\/li>\n<li>Descomente o c\u00f3digo acima. \u201cBlockReferenceName\u201d \u00e9 o nome da \u00e1rea onde o bloco est\u00e1tico tem de ser colocado.<\/li>\n<li>Este c\u00f3digo ir\u00e1 colocar o bloco &#8220;your_block_id&#8221; que voc\u00ea criou no admin acima o conte\u00fado nas p\u00e1ginas de categoria (Observe o antes = &#8220;-&#8221; atributo, que certifica seu bloco Obt\u00e9m exibido antes do resto do conte\u00fado).<\/li>\n<li>Para adicionar mais bloco colar c\u00f3digo acima e atribuir o apropriado \u201cBlockReferenceName\u201d e \u201cyour_block_id\u201d.<\/li>\n<\/ol>\n<\/div>\n<\/div>\n<p><a name=\"magento2\"><\/a><\/p>\n<div class=\"basic\">\n<div class=\"basic-step\">\n<h3 style=\"margin-bottom: 15px;\">guia de instala\u00e7\u00e3o Tema Magento para Magento 2.0<\/h3>\n<ol>\n<li>Depois de ser feito com a concep\u00e7\u00e3o de um Magento 2 tema, para exportar a pasta do tema:Clique no \u00edcone Magento no canto superior direito da TemplateToaster(referem-se a Magento1.png) ou v\u00e1 em File -&gt; Export.<\/li>\n<li>A \u2018Export Magento Tema\u2019 chamado pop-up ser\u00e1 aberta(referem-se a Magento1.png) -&gt; Procurar um caminho para salvar a pasta exportada -&gt; Selecionar vers\u00e3o 2.x -&gt; clique no bot\u00e3o Exportar no pop-up<\/li>\n<li>pasta do tema ser\u00e1 exportado para o caminho selecionado.<\/li>\n<li>Encontrar e abrir a pasta do tema Magento Exportados -&gt; aplicativo Copy\u2019\u2019 pasta da pasta do tema(referem-se a Magento2.png)<\/li>\n<li>Ir para Magento 2 pasta de instala\u00e7\u00e3o em seu sistema -&gt; Colar copiado \u2018aplicativo\u2019 pasta nele(referem-se a Magento3.png).<\/li>\n<li>Agora, ir para Magento 2 Dashboard -&gt; Administra\u00e7\u00e3o -&gt; Loja -&gt; Configura\u00e7\u00e3o(referem-se a Magento4.png).<\/li>\n<li>Em Configura\u00e7\u00e3o -&gt; Ir para General -&gt; projeto -&gt; Projeto Tem\u00e1tico -&gt; Selecione o tema a ser definido como padr\u00e3o de \u2018Design Tema\u2019 suspenso(referem-se a Magento5.png) -&gt; Clique em \u2018Save Config\u2019 bot\u00e3o(referem-se a Magento6.png).<\/li>\n<li>\u2018Voc\u00ea salvou a configura\u00e7\u00e3o\u2019 mensagem aparecer\u00e1, agora o seu tema foi definido como padr\u00e3o(referem-se a Magento7.png).<\/li>\n<\/ol>\n<p><a href=\"https:\/\/templatetoaster.com\/wp-content\/uploads\/2013\/05\/step1.jpg\"><img loading=\"lazy\" decoding=\"async\" class=\"aligncenter size-medium wp-image-3066\" src=\"https:\/\/templatetoaster.com\/wp-content\/uploads\/2013\/05\/step1.jpg\" alt=\"Carregar e instalar manegento 2 passo template 1\" width=\"823\" height=\"523\" \/><\/a><\/p>\n<p><a href=\"https:\/\/templatetoaster.com\/wp-content\/uploads\/2013\/05\/step2.jpg\"><img loading=\"lazy\" decoding=\"async\" class=\"aligncenter size-full wp-image-3067\" src=\"https:\/\/templatetoaster.com\/wp-content\/uploads\/2013\/05\/step2.jpg\" alt=\"Carregar e instalar manegento 2 passo template 2\" width=\"823\" height=\"523\" srcset=\"https:\/\/templatetoaster.com\/wp-content\/uploads\/2013\/05\/step2.jpg 823w, https:\/\/templatetoaster.com\/wp-content\/uploads\/2013\/05\/step2-600x381.jpg 600w, https:\/\/templatetoaster.com\/wp-content\/uploads\/2013\/05\/step2-300x191.jpg 300w\" sizes=\"(max-width: 823px) 100vw, 823px\" \/><\/a><\/p>\n<p><a href=\"https:\/\/templatetoaster.com\/wp-content\/uploads\/2013\/05\/step3.jpg\"><img loading=\"lazy\" decoding=\"async\" class=\"aligncenter size-full wp-image-3068\" src=\"https:\/\/templatetoaster.com\/wp-content\/uploads\/2013\/05\/step3.jpg\" alt=\"Carregar e instalar manegento 2 passo template 3\" width=\"823\" height=\"348\" srcset=\"https:\/\/templatetoaster.com\/wp-content\/uploads\/2013\/05\/step3.jpg 823w, https:\/\/templatetoaster.com\/wp-content\/uploads\/2013\/05\/step3-600x254.jpg 600w, https:\/\/templatetoaster.com\/wp-content\/uploads\/2013\/05\/step3-300x127.jpg 300w\" sizes=\"(max-width: 823px) 100vw, 823px\" \/><\/a><\/p>\n<p><a href=\"https:\/\/templatetoaster.com\/wp-content\/uploads\/2013\/05\/step4.jpg\"><img loading=\"lazy\" decoding=\"async\" class=\"aligncenter size-full wp-image-3069\" src=\"https:\/\/templatetoaster.com\/wp-content\/uploads\/2013\/05\/step4.jpg\" alt=\"Carregar e instalar manegento 2 passo template 4\" width=\"823\" height=\"368\" srcset=\"https:\/\/templatetoaster.com\/wp-content\/uploads\/2013\/05\/step4.jpg 823w, https:\/\/templatetoaster.com\/wp-content\/uploads\/2013\/05\/step4-600x268.jpg 600w, https:\/\/templatetoaster.com\/wp-content\/uploads\/2013\/05\/step4-300x134.jpg 300w\" sizes=\"(max-width: 823px) 100vw, 823px\" \/><\/a><\/p>\n<p><a href=\"https:\/\/templatetoaster.com\/wp-content\/uploads\/2013\/05\/step5.jpg\"><img loading=\"lazy\" decoding=\"async\" class=\"aligncenter size-full wp-image-3070\" src=\"https:\/\/templatetoaster.com\/wp-content\/uploads\/2013\/05\/step5.jpg\" alt=\"Carregar e instalar manegento 2 passo template 5\" width=\"823\" height=\"625\" srcset=\"https:\/\/templatetoaster.com\/wp-content\/uploads\/2013\/05\/step5.jpg 823w, https:\/\/templatetoaster.com\/wp-content\/uploads\/2013\/05\/step5-600x456.jpg 600w, https:\/\/templatetoaster.com\/wp-content\/uploads\/2013\/05\/step5-300x228.jpg 300w\" sizes=\"(max-width: 823px) 100vw, 823px\" \/><\/a><\/p>\n<p><a href=\"https:\/\/templatetoaster.com\/wp-content\/uploads\/2013\/05\/step6.jpg\"><img loading=\"lazy\" decoding=\"async\" class=\"aligncenter size-full wp-image-3071\" src=\"https:\/\/templatetoaster.com\/wp-content\/uploads\/2013\/05\/step6.jpg\" alt=\"Carregar e instalar manegento 2 passo template 6\" width=\"823\" height=\"444\" srcset=\"https:\/\/templatetoaster.com\/wp-content\/uploads\/2013\/05\/step6.jpg 823w, https:\/\/templatetoaster.com\/wp-content\/uploads\/2013\/05\/step6-600x324.jpg 600w, https:\/\/templatetoaster.com\/wp-content\/uploads\/2013\/05\/step6-300x162.jpg 300w\" sizes=\"(max-width: 823px) 100vw, 823px\" \/><\/a><\/p>\n<p><a href=\"https:\/\/templatetoaster.com\/wp-content\/uploads\/2013\/05\/step7.jpg\"><img loading=\"lazy\" decoding=\"async\" class=\"aligncenter size-full wp-image-3072\" src=\"https:\/\/templatetoaster.com\/wp-content\/uploads\/2013\/05\/step7.jpg\" alt=\"Carregar e instalar manegento 2 passo template 7\" width=\"823\" height=\"517\" srcset=\"https:\/\/templatetoaster.com\/wp-content\/uploads\/2013\/05\/step7.jpg 823w, https:\/\/templatetoaster.com\/wp-content\/uploads\/2013\/05\/step7-600x377.jpg 600w, https:\/\/templatetoaster.com\/wp-content\/uploads\/2013\/05\/step7-300x188.jpg 300w\" sizes=\"(max-width: 823px) 100vw, 823px\" \/><\/a><\/p>\n<\/div>\n<\/div>\n<\/div>\n","protected":false},"excerpt":{"rendered":"<p>Como fazer upload de instalar e configurar TemplateToaster Temas Gerado em Magento Magento 1.9 Como criar Magento 1.9 Theme em TemplateToaster Como fazer upload de TemplateToaster Tema gerado em Magento 1.9 Magento 2.0 Como criar Magento 2.0 Theme em TemplateToaster &hellip; <a href=\"https:\/\/templatetoaster.com\/pt-br\/magento\">Continue Reading<span class=\"meta-nav\">&rarr;<\/span><\/a><\/p>\n","protected":false},"author":1,"featured_media":0,"parent":0,"menu_order":0,"comment_status":"closed","ping_status":"closed","template":"PageTemplate1.php","meta":{"footnotes":""},"yoast_head":"<!-- This site is optimized with the Yoast SEO plugin v23.5 - https:\/\/yoast.com\/wordpress\/plugins\/seo\/ -->\n<title>Como fazer upload e instalar temas TemplateToaster no Magento - TemplateToaster<\/title>\n<meta name=\"description\" content=\"Instru\u00e7\u00f5es sobre como fazer upload e instalar temas TemplateToaster no Magento\" \/>\n<meta name=\"robots\" content=\"index, follow, max-snippet:-1, max-image-preview:large, max-video-preview:-1\" \/>\n<link rel=\"canonical\" href=\"https:\/\/templatetoaster.com\/pt-br\/magento\" \/>\n<meta property=\"og:locale\" content=\"pt_BR\" \/>\n<meta property=\"og:type\" content=\"article\" \/>\n<meta property=\"og:title\" content=\"Como fazer upload e instalar temas TemplateToaster no Magento - TemplateToaster\" \/>\n<meta property=\"og:description\" content=\"Instru\u00e7\u00f5es sobre como fazer upload e instalar temas TemplateToaster no Magento\" \/>\n<meta property=\"og:url\" content=\"https:\/\/templatetoaster.com\/pt-br\/magento\" \/>\n<meta property=\"og:site_name\" content=\"TemplateToaster\" \/>\n<meta property=\"article:publisher\" content=\"https:\/\/www.facebook.com\/TemplateToaster\" \/>\n<meta property=\"article:modified_time\" content=\"2019-08-14T04:57:24+00:00\" \/>\n<meta property=\"og:image\" content=\"https:\/\/templatetoaster.com\/wp-content\/uploads\/2018\/02\/youtube.png\" \/>\n<meta name=\"twitter:card\" content=\"summary_large_image\" \/>\n<meta name=\"twitter:site\" content=\"@templatetoaster\" \/>\n<meta name=\"twitter:label1\" content=\"Est. tempo de leitura\" \/>\n\t<meta name=\"twitter:data1\" content=\"2 minutos\" \/>\n<script type=\"application\/ld+json\" class=\"yoast-schema-graph\">{\"@context\":\"https:\/\/schema.org\",\"@graph\":[{\"@type\":\"WebPage\",\"@id\":\"https:\/\/templatetoaster.com\/pt-br\/magento\",\"url\":\"https:\/\/templatetoaster.com\/pt-br\/magento\",\"name\":\"Como fazer upload e instalar temas TemplateToaster no Magento - TemplateToaster\",\"isPartOf\":{\"@id\":\"https:\/\/templatetoaster.com\/#website\"},\"primaryImageOfPage\":{\"@id\":\"https:\/\/templatetoaster.com\/pt-br\/magento#primaryimage\"},\"image\":{\"@id\":\"https:\/\/templatetoaster.com\/pt-br\/magento#primaryimage\"},\"thumbnailUrl\":\"https:\/\/templatetoaster.com\/wp-content\/uploads\/2018\/02\/youtube.png\",\"datePublished\":\"2018-04-13T10:04:32+00:00\",\"dateModified\":\"2019-08-14T04:57:24+00:00\",\"description\":\"Instru\u00e7\u00f5es sobre como fazer upload e instalar temas TemplateToaster no Magento\",\"breadcrumb\":{\"@id\":\"https:\/\/templatetoaster.com\/pt-br\/magento#breadcrumb\"},\"inLanguage\":\"pt-BR\",\"potentialAction\":[{\"@type\":\"ReadAction\",\"target\":[\"https:\/\/templatetoaster.com\/pt-br\/magento\"]}]},{\"@type\":\"ImageObject\",\"inLanguage\":\"pt-BR\",\"@id\":\"https:\/\/templatetoaster.com\/pt-br\/magento#primaryimage\",\"url\":\"https:\/\/templatetoaster.com\/wp-content\/uploads\/2018\/02\/youtube.png\",\"contentUrl\":\"https:\/\/templatetoaster.com\/wp-content\/uploads\/2018\/02\/youtube.png\"},{\"@type\":\"BreadcrumbList\",\"@id\":\"https:\/\/templatetoaster.com\/pt-br\/magento#breadcrumb\",\"itemListElement\":[{\"@type\":\"ListItem\",\"position\":1,\"name\":\"Home\",\"item\":\"https:\/\/templatetoaster.com\/pt-br\"},{\"@type\":\"ListItem\",\"position\":2,\"name\":\"Como fazer upload e instalar temas TemplateToaster no Magento\"}]},{\"@type\":\"WebSite\",\"@id\":\"https:\/\/templatetoaster.com\/#website\",\"url\":\"https:\/\/templatetoaster.com\/\",\"name\":\"TemplateToaster\",\"description\":\"\",\"publisher\":{\"@id\":\"https:\/\/templatetoaster.com\/#organization\"},\"inLanguage\":\"pt-BR\"},{\"@type\":\"Organization\",\"@id\":\"https:\/\/templatetoaster.com\/#organization\",\"name\":\"TemplateToaster\",\"url\":\"https:\/\/templatetoaster.com\/\",\"logo\":{\"@type\":\"ImageObject\",\"inLanguage\":\"pt-BR\",\"@id\":\"https:\/\/templatetoaster.com\/#\/schema\/logo\/image\/\",\"url\":\"https:\/\/templatetoaster.com\/wp-content\/uploads\/2019\/11\/TemplateToaster_Logo.jpg\",\"contentUrl\":\"https:\/\/templatetoaster.com\/wp-content\/uploads\/2019\/11\/TemplateToaster_Logo.jpg\",\"width\":85,\"height\":85,\"caption\":\"TemplateToaster\"},\"image\":{\"@id\":\"https:\/\/templatetoaster.com\/#\/schema\/logo\/image\/\"},\"sameAs\":[\"https:\/\/www.facebook.com\/TemplateToaster\",\"https:\/\/x.com\/templatetoaster\",\"https:\/\/www.instagram.com\/templatetoaster\/\",\"https:\/\/www.linkedin.com\/company\/templatetoaster\/\",\"https:\/\/www.pinterest.com\/templatetoaster\/\",\"https:\/\/www.youtube.com\/@TemplateToaster\"]}]}<\/script>\n<!-- \/ Yoast SEO plugin. -->","yoast_head_json":{"title":"Como fazer upload e instalar temas TemplateToaster no Magento - TemplateToaster","description":"Instru\u00e7\u00f5es sobre como fazer upload e instalar temas TemplateToaster no Magento","robots":{"index":"index","follow":"follow","max-snippet":"max-snippet:-1","max-image-preview":"max-image-preview:large","max-video-preview":"max-video-preview:-1"},"canonical":"https:\/\/templatetoaster.com\/pt-br\/magento","og_locale":"pt_BR","og_type":"article","og_title":"Como fazer upload e instalar temas TemplateToaster no Magento - TemplateToaster","og_description":"Instru\u00e7\u00f5es sobre como fazer upload e instalar temas TemplateToaster no Magento","og_url":"https:\/\/templatetoaster.com\/pt-br\/magento","og_site_name":"TemplateToaster","article_publisher":"https:\/\/www.facebook.com\/TemplateToaster","article_modified_time":"2019-08-14T04:57:24+00:00","og_image":[{"url":"https:\/\/templatetoaster.com\/wp-content\/uploads\/2018\/02\/youtube.png"}],"twitter_card":"summary_large_image","twitter_site":"@templatetoaster","twitter_misc":{"Est. tempo de leitura":"2 minutos"},"schema":{"@context":"https:\/\/schema.org","@graph":[{"@type":"WebPage","@id":"https:\/\/templatetoaster.com\/pt-br\/magento","url":"https:\/\/templatetoaster.com\/pt-br\/magento","name":"Como fazer upload e instalar temas TemplateToaster no Magento - TemplateToaster","isPartOf":{"@id":"https:\/\/templatetoaster.com\/#website"},"primaryImageOfPage":{"@id":"https:\/\/templatetoaster.com\/pt-br\/magento#primaryimage"},"image":{"@id":"https:\/\/templatetoaster.com\/pt-br\/magento#primaryimage"},"thumbnailUrl":"https:\/\/templatetoaster.com\/wp-content\/uploads\/2018\/02\/youtube.png","datePublished":"2018-04-13T10:04:32+00:00","dateModified":"2019-08-14T04:57:24+00:00","description":"Instru\u00e7\u00f5es sobre como fazer upload e instalar temas TemplateToaster no Magento","breadcrumb":{"@id":"https:\/\/templatetoaster.com\/pt-br\/magento#breadcrumb"},"inLanguage":"pt-BR","potentialAction":[{"@type":"ReadAction","target":["https:\/\/templatetoaster.com\/pt-br\/magento"]}]},{"@type":"ImageObject","inLanguage":"pt-BR","@id":"https:\/\/templatetoaster.com\/pt-br\/magento#primaryimage","url":"https:\/\/templatetoaster.com\/wp-content\/uploads\/2018\/02\/youtube.png","contentUrl":"https:\/\/templatetoaster.com\/wp-content\/uploads\/2018\/02\/youtube.png"},{"@type":"BreadcrumbList","@id":"https:\/\/templatetoaster.com\/pt-br\/magento#breadcrumb","itemListElement":[{"@type":"ListItem","position":1,"name":"Home","item":"https:\/\/templatetoaster.com\/pt-br"},{"@type":"ListItem","position":2,"name":"Como fazer upload e instalar temas TemplateToaster no Magento"}]},{"@type":"WebSite","@id":"https:\/\/templatetoaster.com\/#website","url":"https:\/\/templatetoaster.com\/","name":"TemplateToaster","description":"","publisher":{"@id":"https:\/\/templatetoaster.com\/#organization"},"inLanguage":"pt-BR"},{"@type":"Organization","@id":"https:\/\/templatetoaster.com\/#organization","name":"TemplateToaster","url":"https:\/\/templatetoaster.com\/","logo":{"@type":"ImageObject","inLanguage":"pt-BR","@id":"https:\/\/templatetoaster.com\/#\/schema\/logo\/image\/","url":"https:\/\/templatetoaster.com\/wp-content\/uploads\/2019\/11\/TemplateToaster_Logo.jpg","contentUrl":"https:\/\/templatetoaster.com\/wp-content\/uploads\/2019\/11\/TemplateToaster_Logo.jpg","width":85,"height":85,"caption":"TemplateToaster"},"image":{"@id":"https:\/\/templatetoaster.com\/#\/schema\/logo\/image\/"},"sameAs":["https:\/\/www.facebook.com\/TemplateToaster","https:\/\/x.com\/templatetoaster","https:\/\/www.instagram.com\/templatetoaster\/","https:\/\/www.linkedin.com\/company\/templatetoaster\/","https:\/\/www.pinterest.com\/templatetoaster\/","https:\/\/www.youtube.com\/@TemplateToaster"]}]}},"_links":{"self":[{"href":"https:\/\/templatetoaster.com\/pt-br\/wp-json\/wp\/v2\/pages\/4085"}],"collection":[{"href":"https:\/\/templatetoaster.com\/pt-br\/wp-json\/wp\/v2\/pages"}],"about":[{"href":"https:\/\/templatetoaster.com\/pt-br\/wp-json\/wp\/v2\/types\/page"}],"author":[{"embeddable":true,"href":"https:\/\/templatetoaster.com\/pt-br\/wp-json\/wp\/v2\/users\/1"}],"replies":[{"embeddable":true,"href":"https:\/\/templatetoaster.com\/pt-br\/wp-json\/wp\/v2\/comments?post=4085"}],"version-history":[{"count":3,"href":"https:\/\/templatetoaster.com\/pt-br\/wp-json\/wp\/v2\/pages\/4085\/revisions"}],"predecessor-version":[{"id":64482,"href":"https:\/\/templatetoaster.com\/pt-br\/wp-json\/wp\/v2\/pages\/4085\/revisions\/64482"}],"wp:attachment":[{"href":"https:\/\/templatetoaster.com\/pt-br\/wp-json\/wp\/v2\/media?parent=4085"}],"curies":[{"name":"wp","href":"https:\/\/api.w.org\/{rel}","templated":true}]}}