{"id":4081,"date":"2018-04-13T09:59:35","date_gmt":"2018-04-13T09:59:35","guid":{"rendered":"http:\/\/templatetoaster.com?page_id=4081"},"modified":"2019-08-13T11:51:49","modified_gmt":"2019-08-13T11:51:49","slug":"joomla","status":"publish","type":"page","link":"https:\/\/templatetoaster.com\/pt-br\/joomla","title":{"rendered":"Como fazer upload e instalar modelos Joomla"},"content":{"rendered":"<div class=\"tt_documentation_instruction_row row\">\n<h1 class=\"heading_border\" style=\"background-size: 488px 1px;\">Como fazer upload de instalar e configurar Joomla Templates<\/h1>\n<p>&nbsp;<\/p>\n<div class=\"demo_row1 even row\" style=\"padding-top: 15px;\">\n<div class=\"row\">\n<div class=\"col-md-6 col-sm-6 col-xs-12\">\n<div class=\"vedio_bg\">\n<div class=\"tt_video_modal\"><a href=\"https:\/\/youtu.be\/SAdktPTGCqU\" data-toggle=\"lightbox\" data-width=\"950\" data-gallery=\"youtubevideos\" data-title=\"Como criar Joomla Theme em TemplateToaster\"><img decoding=\"async\" src=\"https:\/\/templatetoaster.com\/wp-content\/uploads\/2018\/02\/youtube.png\" \/><\/a><\/p>\n<div class=\"video-content\">\n<h3>Como criar Joomla Theme em TemplateToaster<\/h3>\n<\/div>\n<\/div>\n<\/div>\n<\/div>\n<div class=\"col-md-6 col-sm-6 col-xs-12\">\n<div class=\"vedio_bg\">\n<div class=\"tt_video_modal\"><a href=\"https:\/\/youtu.be\/o3_csR3JFME\" data-toggle=\"lightbox\" data-width=\"950\" data-gallery=\"youtubevideos\" data-title=\"Como fazer upload de TemplateToaster gerado Theme no Joomla\"><img decoding=\"async\" src=\"https:\/\/templatetoaster.com\/wp-content\/uploads\/2018\/02\/youtube.png\" \/><\/a><\/p>\n<div class=\"video-content\">\n<h3>Como fazer upload de TemplateToaster gerado Theme no Joomla<\/h3>\n<\/div>\n<\/div>\n<\/div>\n<\/div>\n<div class=\"clearfix visible-lg-block visible-md-block\"><\/div>\n<\/div>\n<\/div>\n<h4 class=\"joomla\">Criando e exportando o Joomla Templates<\/h4>\n<p class=\"wordpress\">Lan\u00e7amento TemplateToaster e Joomla, na guia geral, selecione(Voc\u00ea tamb\u00e9m pode selecionar isso da p\u00e1gina inicial). Come\u00e7ar a desenhar Templates Joomla do zero ou escolher um pr\u00e9 concebido um, export\u00e1-lo para seu computador do arquivo &gt;&gt; exportar &gt;&gt; Joomla Template.<\/p>\n<h4 class=\"joomla\">Carregar e instalar Joomla Templates<\/h4>\n<p class=\"wordpress\">Fa\u00e7a login no seu Joomla admin &gt;&gt; para extens\u00f5es &gt;&gt; instalar\/desinstalar &gt;&gt; procure o modelo rec\u00e9m-criado a partir de seu computador &gt;&gt; envi\u00e1-lo e voc\u00ea pode configur\u00e1-lo como voc\u00ea padr\u00e3o modelo de extens\u00f5es &gt;&gt; modelos.<\/p>\n<h4 class=\"joomla\">Configurando m\u00f3dulos<\/h4>\n<p class=\"wordpress\">Voc\u00ea precisa colocar m\u00f3dulos desejados em posi\u00e7\u00f5es dispon\u00edveis no novo modelo de extens\u00f5es &gt;&gt; m\u00f3dulo Gerenciador do seu Joomla admin e adicionar as conte\u00fado\/p\u00e1ginas do artigo Gerenciador. Ao colocar o m\u00f3dulo na posi\u00e7\u00e3o dispon\u00edvel certifique-se de selecionar as p\u00e1ginas desejadas (da parte inferior da p\u00e1gina) Onde voc\u00ea desejar para exibir esse menu.<\/p>\n<h4 class=\"joomla\">Configurando o Menu Horizontal<\/h4>\n<p class=\"wordpress\">V\u00e1 para o menu &gt;&gt; Menu principal ou criar um novo menu de l\u00e1, Adicionar um novo item de menu e atribuir o artigo desejado a ele, Coloque o seu m\u00f3dulo de menu na posi\u00e7\u00e3o de &#8220;Menu&#8221; de extens\u00f5es &gt;&gt; gerente de m\u00f3dulo. Ao colocar o menu na posi\u00e7\u00e3o do menu certifique-se de selecionar as p\u00e1ginas desejadas (da parte inferior da p\u00e1gina) Onde voc\u00ea desejar para exibir esse menu.<\/p>\n<h4 class=\"joomla\">Configurar Menu lateral<\/h4>\n<p class=\"wordpress\">V\u00e1 para o menu &gt;&gt; Menu principal ou criar um novo menu de l\u00e1, Adicionar um novo item de menu e atribuir o artigo desejado a ele, Coloque o seu m\u00f3dulo de menu &#8220;esquerda&#8221; ou &#8220;direito&#8221; a posi\u00e7\u00e3o de extens\u00f5es &gt;&gt; gerente de m\u00f3dulo. Ao colocar o menu na posi\u00e7\u00e3o do menu certifique-se de selecionar as p\u00e1ginas desejadas (da parte inferior da p\u00e1gina) Onde voc\u00ea desejar para exibir esse menu.<\/p>\n<h4 class=\"joomla\">Links rodap\u00e9<\/h4>\n<p class=\"wordpress\">Para extens\u00f5es de &gt;&gt; m\u00f3dulo Gerenciador &gt;&gt; clique em novo do topo direito &gt;&gt; selecione Custom HTML &gt;&gt; clique em novo na parte superior direita &gt;&gt; na pr\u00f3xima p\u00e1gina, selecione &#8220;Rodap\u00e9&#8221; sob posi\u00e7\u00e3o Drop Down menu &gt;&gt; Adicionar o conte\u00fado desejado e links usando o editor de conte\u00fado na parte inferior &gt;&gt; rel\u00f3gio salvar do canto superior direito.<\/p>\n<\/div>\n","protected":false},"excerpt":{"rendered":"<p>Como fazer upload de instalar e configurar Joomla Templates &nbsp; Como criar Joomla Theme em TemplateToaster Como fazer upload de TemplateToaster gerado Theme no Joomla Criando e exportando o Joomla Templates Lan\u00e7amento TemplateToaster e Joomla, na guia geral, selecione(Voc\u00ea tamb\u00e9m &hellip; <a href=\"https:\/\/templatetoaster.com\/pt-br\/joomla\">Continue Reading<span class=\"meta-nav\">&rarr;<\/span><\/a><\/p>\n","protected":false},"author":1,"featured_media":0,"parent":0,"menu_order":0,"comment_status":"closed","ping_status":"closed","template":"PageTemplate1.php","meta":{"footnotes":""},"yoast_head":"<!-- This site is optimized with the Yoast SEO plugin v23.5 - https:\/\/yoast.com\/wordpress\/plugins\/seo\/ -->\n<title>Como fazer upload e instalar modelos Joomla - TemplateToaster<\/title>\n<meta name=\"description\" content=\"Como fazer upload de instalar e configurar TemplateToaster Generated Joomla Templates\" \/>\n<meta name=\"robots\" content=\"index, follow, max-snippet:-1, max-image-preview:large, max-video-preview:-1\" \/>\n<link rel=\"canonical\" href=\"https:\/\/templatetoaster.com\/pt-br\/joomla\" \/>\n<meta property=\"og:locale\" content=\"pt_BR\" \/>\n<meta property=\"og:type\" content=\"article\" \/>\n<meta property=\"og:title\" content=\"Como fazer upload e instalar modelos Joomla - TemplateToaster\" \/>\n<meta property=\"og:description\" content=\"Como fazer upload de instalar e configurar TemplateToaster Generated Joomla Templates\" \/>\n<meta property=\"og:url\" content=\"https:\/\/templatetoaster.com\/pt-br\/joomla\" \/>\n<meta property=\"og:site_name\" content=\"TemplateToaster\" \/>\n<meta property=\"article:publisher\" content=\"https:\/\/www.facebook.com\/TemplateToaster\" \/>\n<meta property=\"article:modified_time\" content=\"2019-08-13T11:51:49+00:00\" \/>\n<meta property=\"og:image\" content=\"https:\/\/templatetoaster.com\/wp-content\/uploads\/2018\/02\/youtube.png\" \/>\n<meta name=\"twitter:card\" content=\"summary_large_image\" \/>\n<meta name=\"twitter:site\" content=\"@templatetoaster\" \/>\n<meta name=\"twitter:label1\" content=\"Est. tempo de leitura\" \/>\n\t<meta name=\"twitter:data1\" content=\"2 minutos\" \/>\n<script type=\"application\/ld+json\" class=\"yoast-schema-graph\">{\"@context\":\"https:\/\/schema.org\",\"@graph\":[{\"@type\":\"WebPage\",\"@id\":\"https:\/\/templatetoaster.com\/pt-br\/joomla\",\"url\":\"https:\/\/templatetoaster.com\/pt-br\/joomla\",\"name\":\"Como fazer upload e instalar modelos Joomla - TemplateToaster\",\"isPartOf\":{\"@id\":\"https:\/\/templatetoaster.com\/#website\"},\"primaryImageOfPage\":{\"@id\":\"https:\/\/templatetoaster.com\/pt-br\/joomla#primaryimage\"},\"image\":{\"@id\":\"https:\/\/templatetoaster.com\/pt-br\/joomla#primaryimage\"},\"thumbnailUrl\":\"https:\/\/templatetoaster.com\/wp-content\/uploads\/2018\/02\/youtube.png\",\"datePublished\":\"2018-04-13T09:59:35+00:00\",\"dateModified\":\"2019-08-13T11:51:49+00:00\",\"description\":\"Como fazer upload de instalar e configurar TemplateToaster Generated Joomla Templates\",\"breadcrumb\":{\"@id\":\"https:\/\/templatetoaster.com\/pt-br\/joomla#breadcrumb\"},\"inLanguage\":\"pt-BR\",\"potentialAction\":[{\"@type\":\"ReadAction\",\"target\":[\"https:\/\/templatetoaster.com\/pt-br\/joomla\"]}]},{\"@type\":\"ImageObject\",\"inLanguage\":\"pt-BR\",\"@id\":\"https:\/\/templatetoaster.com\/pt-br\/joomla#primaryimage\",\"url\":\"https:\/\/templatetoaster.com\/wp-content\/uploads\/2018\/02\/youtube.png\",\"contentUrl\":\"https:\/\/templatetoaster.com\/wp-content\/uploads\/2018\/02\/youtube.png\"},{\"@type\":\"BreadcrumbList\",\"@id\":\"https:\/\/templatetoaster.com\/pt-br\/joomla#breadcrumb\",\"itemListElement\":[{\"@type\":\"ListItem\",\"position\":1,\"name\":\"Home\",\"item\":\"https:\/\/templatetoaster.com\/pt-br\"},{\"@type\":\"ListItem\",\"position\":2,\"name\":\"Como fazer upload e instalar modelos Joomla\"}]},{\"@type\":\"WebSite\",\"@id\":\"https:\/\/templatetoaster.com\/#website\",\"url\":\"https:\/\/templatetoaster.com\/\",\"name\":\"TemplateToaster\",\"description\":\"\",\"publisher\":{\"@id\":\"https:\/\/templatetoaster.com\/#organization\"},\"inLanguage\":\"pt-BR\"},{\"@type\":\"Organization\",\"@id\":\"https:\/\/templatetoaster.com\/#organization\",\"name\":\"TemplateToaster\",\"url\":\"https:\/\/templatetoaster.com\/\",\"logo\":{\"@type\":\"ImageObject\",\"inLanguage\":\"pt-BR\",\"@id\":\"https:\/\/templatetoaster.com\/#\/schema\/logo\/image\/\",\"url\":\"https:\/\/templatetoaster.com\/wp-content\/uploads\/2019\/11\/TemplateToaster_Logo.jpg\",\"contentUrl\":\"https:\/\/templatetoaster.com\/wp-content\/uploads\/2019\/11\/TemplateToaster_Logo.jpg\",\"width\":85,\"height\":85,\"caption\":\"TemplateToaster\"},\"image\":{\"@id\":\"https:\/\/templatetoaster.com\/#\/schema\/logo\/image\/\"},\"sameAs\":[\"https:\/\/www.facebook.com\/TemplateToaster\",\"https:\/\/x.com\/templatetoaster\",\"https:\/\/www.instagram.com\/templatetoaster\/\",\"https:\/\/www.linkedin.com\/company\/templatetoaster\/\",\"https:\/\/www.pinterest.com\/templatetoaster\/\",\"https:\/\/www.youtube.com\/@TemplateToaster\"]}]}<\/script>\n<!-- \/ Yoast SEO plugin. -->","yoast_head_json":{"title":"Como fazer upload e instalar modelos Joomla - TemplateToaster","description":"Como fazer upload de instalar e configurar TemplateToaster Generated Joomla Templates","robots":{"index":"index","follow":"follow","max-snippet":"max-snippet:-1","max-image-preview":"max-image-preview:large","max-video-preview":"max-video-preview:-1"},"canonical":"https:\/\/templatetoaster.com\/pt-br\/joomla","og_locale":"pt_BR","og_type":"article","og_title":"Como fazer upload e instalar modelos Joomla - TemplateToaster","og_description":"Como fazer upload de instalar e configurar TemplateToaster Generated Joomla Templates","og_url":"https:\/\/templatetoaster.com\/pt-br\/joomla","og_site_name":"TemplateToaster","article_publisher":"https:\/\/www.facebook.com\/TemplateToaster","article_modified_time":"2019-08-13T11:51:49+00:00","og_image":[{"url":"https:\/\/templatetoaster.com\/wp-content\/uploads\/2018\/02\/youtube.png"}],"twitter_card":"summary_large_image","twitter_site":"@templatetoaster","twitter_misc":{"Est. tempo de leitura":"2 minutos"},"schema":{"@context":"https:\/\/schema.org","@graph":[{"@type":"WebPage","@id":"https:\/\/templatetoaster.com\/pt-br\/joomla","url":"https:\/\/templatetoaster.com\/pt-br\/joomla","name":"Como fazer upload e instalar modelos Joomla - TemplateToaster","isPartOf":{"@id":"https:\/\/templatetoaster.com\/#website"},"primaryImageOfPage":{"@id":"https:\/\/templatetoaster.com\/pt-br\/joomla#primaryimage"},"image":{"@id":"https:\/\/templatetoaster.com\/pt-br\/joomla#primaryimage"},"thumbnailUrl":"https:\/\/templatetoaster.com\/wp-content\/uploads\/2018\/02\/youtube.png","datePublished":"2018-04-13T09:59:35+00:00","dateModified":"2019-08-13T11:51:49+00:00","description":"Como fazer upload de instalar e configurar TemplateToaster Generated Joomla Templates","breadcrumb":{"@id":"https:\/\/templatetoaster.com\/pt-br\/joomla#breadcrumb"},"inLanguage":"pt-BR","potentialAction":[{"@type":"ReadAction","target":["https:\/\/templatetoaster.com\/pt-br\/joomla"]}]},{"@type":"ImageObject","inLanguage":"pt-BR","@id":"https:\/\/templatetoaster.com\/pt-br\/joomla#primaryimage","url":"https:\/\/templatetoaster.com\/wp-content\/uploads\/2018\/02\/youtube.png","contentUrl":"https:\/\/templatetoaster.com\/wp-content\/uploads\/2018\/02\/youtube.png"},{"@type":"BreadcrumbList","@id":"https:\/\/templatetoaster.com\/pt-br\/joomla#breadcrumb","itemListElement":[{"@type":"ListItem","position":1,"name":"Home","item":"https:\/\/templatetoaster.com\/pt-br"},{"@type":"ListItem","position":2,"name":"Como fazer upload e instalar modelos Joomla"}]},{"@type":"WebSite","@id":"https:\/\/templatetoaster.com\/#website","url":"https:\/\/templatetoaster.com\/","name":"TemplateToaster","description":"","publisher":{"@id":"https:\/\/templatetoaster.com\/#organization"},"inLanguage":"pt-BR"},{"@type":"Organization","@id":"https:\/\/templatetoaster.com\/#organization","name":"TemplateToaster","url":"https:\/\/templatetoaster.com\/","logo":{"@type":"ImageObject","inLanguage":"pt-BR","@id":"https:\/\/templatetoaster.com\/#\/schema\/logo\/image\/","url":"https:\/\/templatetoaster.com\/wp-content\/uploads\/2019\/11\/TemplateToaster_Logo.jpg","contentUrl":"https:\/\/templatetoaster.com\/wp-content\/uploads\/2019\/11\/TemplateToaster_Logo.jpg","width":85,"height":85,"caption":"TemplateToaster"},"image":{"@id":"https:\/\/templatetoaster.com\/#\/schema\/logo\/image\/"},"sameAs":["https:\/\/www.facebook.com\/TemplateToaster","https:\/\/x.com\/templatetoaster","https:\/\/www.instagram.com\/templatetoaster\/","https:\/\/www.linkedin.com\/company\/templatetoaster\/","https:\/\/www.pinterest.com\/templatetoaster\/","https:\/\/www.youtube.com\/@TemplateToaster"]}]}},"_links":{"self":[{"href":"https:\/\/templatetoaster.com\/pt-br\/wp-json\/wp\/v2\/pages\/4081"}],"collection":[{"href":"https:\/\/templatetoaster.com\/pt-br\/wp-json\/wp\/v2\/pages"}],"about":[{"href":"https:\/\/templatetoaster.com\/pt-br\/wp-json\/wp\/v2\/types\/page"}],"author":[{"embeddable":true,"href":"https:\/\/templatetoaster.com\/pt-br\/wp-json\/wp\/v2\/users\/1"}],"replies":[{"embeddable":true,"href":"https:\/\/templatetoaster.com\/pt-br\/wp-json\/wp\/v2\/comments?post=4081"}],"version-history":[{"count":3,"href":"https:\/\/templatetoaster.com\/pt-br\/wp-json\/wp\/v2\/pages\/4081\/revisions"}],"predecessor-version":[{"id":64450,"href":"https:\/\/templatetoaster.com\/pt-br\/wp-json\/wp\/v2\/pages\/4081\/revisions\/64450"}],"wp:attachment":[{"href":"https:\/\/templatetoaster.com\/pt-br\/wp-json\/wp\/v2\/media?parent=4081"}],"curies":[{"name":"wp","href":"https:\/\/api.w.org\/{rel}","templated":true}]}}