{"id":4065,"date":"2018-04-13T09:43:01","date_gmt":"2018-04-13T09:43:01","guid":{"rendered":"http:\/\/templatetoaster.com?page_id=4065"},"modified":"2019-08-19T10:17:40","modified_gmt":"2019-08-19T10:17:40","slug":"faqs","status":"publish","type":"page","link":"https:\/\/templatetoaster.com\/pt-br\/faqs","title":{"rendered":"Perguntas Mais Frequentes"},"content":{"rendered":"<div class=\"tt_faq_row row\">\n<h1 class=\"heading_border\" style=\"background-size: 586px 1px; padding-top: 40px; bottom-top: 10px;\">TemplateToaster-perguntas frequentes<\/h1>\n<h4 class=\"joomla\">Q: Pode mover o TemplateToaster de um computador para outro?<\/h4>\n<p class=\"wordpress\">A: Sim, basta desativar o TemplateToaster do computador atual, instal\u00e1-lo em um novo computador e ativ\u00e1-lo novamente usando a chave de licen\u00e7a adquirida.<\/p>\n<h4 class=\"joomla\">Q: Pode instal\u00e1-lo em mais de um computador?<\/h4>\n<p class=\"wordpress\">A: <del datetime=\"2013-06-01T04:25:23+00:00\">N\u00e3o, Permitimos apenas uma ativa\u00e7\u00e3o por chave de licen\u00e7a<\/del>. Sobre a demanda de nossos clientes de prest\u00edgio, agora oferecemos duas ativa\u00e7\u00f5es, Mas ambos os computadores devem ser propriedade de uma \u00fanica pessoa.<\/p>\n<h4 class=\"joomla\">Q: Posso vender minha licen\u00e7a?<\/h4>\n<p class=\"wordpress\">A: Sim, Voc\u00ea pode vender ou transferir a sua chave de licen\u00e7a para qualquer um. Voc\u00ea pode alterar os detalhes de posse como nome ou e-mail da p\u00e1gina do seu perfil a qualquer momento.<\/p>\n<h4 class=\"joomla\">Q: Posso vender os modelos ou temas criados com TemplateToaster?<\/h4>\n<p class=\"wordpress\">A: Certeza que, Voc\u00ea pode vender os modelos exportados para o n\u00famero desejado de pessoas.<\/p>\n<h4 class=\"joomla\">Q: H\u00e1 que qualquer dom\u00ednio relacionado a restri\u00e7\u00e3o?<\/h4>\n<p class=\"wordpress\">A: N\u00e3o, N\u00e3o h\u00e1 nenhum \u201cDom\u00ednio\u201d ou \u201cn\u00famero de sites\u201d restri\u00e7\u00e3o relacionada, Voc\u00ea pode criar como muitos templates ou temas e para sites como muitos como voc\u00ea precisa.<\/p>\n<h4 class=\"joomla\">Q: E se meu computador travar?<\/h4>\n<p class=\"wordpress\">A: Simplesmente corrija o seu computador, formule ou salve o sistema operacional, se necess\u00e1rio, content o TemplateToaster e o controle operacional que voc\u00ea precisa para reativar.<\/p>\n<h4 class=\"joomla\">Q: Suas formas de pagamento n\u00e3o s\u00e3o adequadas para mim?<\/h4>\n<p class=\"wordpress\">A: Temos alguns m\u00e9todos de pagamento adicional, Voc\u00ea pode contatar-nos para isso.<\/p>\n<h4 class=\"joomla\">Q: O TemplateToaster cont\u00e9m modelos?<\/h4>\n<p class=\"wordpress\">A: N\u00e3o, TemplateToaster estritamente n\u00e3o cont\u00eam qualquer modelo, -criar tema original ou modelos em tempo de execu\u00e7\u00e3o.<\/p>\n<h4 class=\"joomla\">Q: Eu instalei a vers\u00e3o Trial, Eu preciso instalar alguma outra vers\u00e3o ap\u00f3s a compra?<\/h4>\n<p class=\"wordpress\">A: N\u00e3o, Voc\u00ea precisa ativar a sua vers\u00e3o de teste existente usando a sua chave de licen\u00e7a comprada.<\/p>\n<h4 class=\"joomla\">Q: Existe um limite de tempo para a vers\u00e3o Trial?<\/h4>\n<p class=\"wordpress\">A:N\u00e3o, TemplateToaster julgamento n\u00e3o \u00e9 o tempo limite, Mas ele vai imprimir \u201cVers\u00e3o de avalia\u00e7\u00e3o\u201d marcas d&#8217;\u00e1gua em todo os modelos exportados.<\/p>\n<h4 class=\"joomla\">Q: Posso atualizar do padr\u00e3o para Professional Edition?<\/h4>\n<p class=\"wordpress\">A: Sim, \u00c9 poss\u00edvel <a href=\"https:\/\/templatetoaster.com\/purchase-upgrade\">atualiza\u00e7\u00e3o <\/a>do padr\u00e3o para Professional Edition, pagando a diferen\u00e7a de pre\u00e7o. Ap\u00f3s a confirma\u00e7\u00e3o do pagamento atualiza\u00e7\u00e3o lan\u00e7amento TemplateToaster, V\u00e1 para arquivo -&gt; ativa\u00e7\u00e3o -&gt; desativar, Agora v\u00e1 para arquivo -&gt; Prefer\u00eancias -&gt; selecione Professional Edition e em seguida, ativar com a chave existente.<\/p>\n<h4 class=\"joomla\">Q: Voc\u00eas oferecem algum dinheiro de volta garantia?<\/h4>\n<p class=\"wordpress\">A: N\u00e3o, N\u00f3s fornecemos julgamento ilimitado e sugiro que voc\u00ea avalie TemplateToaster antes de comprar.<\/p>\n<h4 class=\"joomla\">Q: Como muitos navegadores que voc\u00ea suporte&#8230;?<\/h4>\n<p class=\"wordpress\">A: Apoiamos todos os principais navegadores, incluindo o Firefox, Cromo, Internet Explorer, \u00d3pera, Safari, etc.<\/p>\n<h4 class=\"joomla\">Q:14- S\u00e3o os modelos exportados v\u00e1lido W3C?<\/h4>\n<p class=\"wordpress\">A: Sim, XHTML e CSS do modelo exportado(s) W3C \u00e9 v\u00e1lido.<\/p>\n<h4 class=\"joomla\">Q: S\u00e3o modelos exportados do motor de busca amig\u00e1vel?<\/h4>\n<p class=\"wordpress\">A: Sim, TemplateToaster implementar t\u00e9cnicas de SEO org\u00e2nicas para classifica\u00e7\u00f5es mais elevadas.<\/p>\n<h4 class=\"joomla\">Q:Como atualizar TemplateToaster?<\/h4>\n<p class=\"wordpress\">A: Baixe a vers\u00e3o mais recente do nosso <a href=\"https:\/\/templatetoaster.com\/download\">downloads <\/a>p\u00e1gina e d\u00ea um duplo clique sobre o arquivo de instala\u00e7\u00e3o baixado, iria fazer a atualiza\u00e7\u00e3o automaticamente.<\/p>\n<h4 class=\"joomla\">Q: Em quantas l\u00ednguas TemplateToaseter interface do usu\u00e1rio est\u00e1 dispon\u00edvel?<\/h4>\n<p class=\"wordpress\">A:TemplateToaster interface do usu\u00e1rio est\u00e1 dispon\u00edvel em 8 Idiomas, Visite a seguir <a href=\"https:\/\/templatetoaster.com\/download\">p\u00e1gina de v\u00eddeo <\/a>para obter detalhes<\/p>\n<h4 class=\"joomla\">Q: Em quantas l\u00ednguas exportados sites e modelos de trabalho?<\/h4>\n<p class=\"wordpress\">A: Modelos e sites exportados do TemplateToaster s\u00e3o independentes de linguagem, Voc\u00ea pode us\u00e1-los em qualquer idioma.<\/p>\n<h4 class=\"joomla\">Q: Quando a minha c\u00f3pia do TemplateToaster ir\u00e1 expirar?<\/h4>\n<p class=\"wordpress\">A: Voc\u00ea pode usar sua vers\u00e3o TemplateToaster comprado por toda vida. Oferecemos atualiza\u00e7\u00f5es gratuitas por um ano com cada licen\u00e7a, Isso significa que voc\u00ea ser\u00e1 capaz de atualizar para todas as vers\u00f5es lan\u00e7adas dentro de um ano, Ap\u00f3s esse per\u00edodo voc\u00ea pode atualiz\u00e1-la ou continuar usando sua vers\u00e3o comprada. Renova\u00e7\u00e3o anual de atualiza\u00e7\u00f5es(Se for necess\u00e1rio) Vai te custar 40% do pre\u00e7o do produto.<\/p>\n<h4 class=\"joomla\">Q: H\u00e1 alguma restri\u00e7\u00e3o de usar as imagens da biblioteca TemplateToaster?<\/h4>\n<p class=\"wordpress\">A: Voc\u00ea pode usar as imagens em seu pessoal e modelos do seu cliente, mas n\u00e3o pode usar os modelos que voc\u00ea disponibilizar para download em massa de gra\u00e7a.<\/p>\n<h4>Q: N\u00e3o consigo acessar todos os recursos do TemplateToaster?<\/h4>\n<p class=\"wordpress\">A: Se voc\u00ea comprou o Professional Edition e est\u00e1 recebendo a mensagem ao acessar op\u00e7\u00f5es de avan\u00e7o \u201cEste recurso n\u00e3o est\u00e1 dispon\u00edvel em edi\u00e7\u00e3o de marcha. Alternar para uma edi\u00e7\u00e3o superior\u201d, Apenas v\u00e1 para arquivo-&gt; ativa\u00e7\u00e3o-&gt; TemplateToaster desativar, Agora v\u00e1 para o arquivo-&gt; prefer\u00eancias e selecione Professional Edition e re-ativar TemplateToaster.<\/p>\n<h4 class=\"joomla\">Q: Voc\u00ea impor qualquer restri\u00e7\u00e3o na vers\u00e3o Trial?<\/h4>\n<p class=\"wordpress\">A: Vers\u00e3o trial adicionar watermarks experimentais em todo os modelos exportados e voc\u00ea n\u00e3o pode salvar seus projetos como .ttr arquivo para futura edi\u00e7\u00e3o, no entanto, voc\u00ea pode exportar os modelos para instalar em seu CMS como o WordPress, Joomla etc.<\/p>\n<h4 class=\"joomla\">Q: Posso desenvolver temas\/Templates\/sites para meus clientes?<\/h4>\n<p class=\"wordpress\">A: Certeza que, N\u00e3o h\u00e1 nenhuma tal restri\u00e7\u00e3o, Voc\u00ea pode projetar para os seus clientes.<\/p>\n<h4 class=\"joomla\">Q: Qual \u00e9 o tamanho da imagem personalizada m\u00e1xima suportada ?<\/h4>\n<p class=\"wordpress\">A: apoio TemplateToaster v6 at\u00e9 2000 imagens px mas voc\u00ea pode usar qualquer tamanho de imagem em v7.<\/p>\n<\/div>\n","protected":false},"excerpt":{"rendered":"<p>TemplateToaster-perguntas frequentes Q: Pode mover o TemplateToaster de um computador para outro? A: Sim, basta desativar o TemplateToaster do computador atual, instal\u00e1-lo em um novo computador e ativ\u00e1-lo novamente usando a chave de licen\u00e7a adquirida. Q: Pode instal\u00e1-lo em mais &hellip; <a href=\"https:\/\/templatetoaster.com\/pt-br\/faqs\">Continue Reading<span class=\"meta-nav\">&rarr;<\/span><\/a><\/p>\n","protected":false},"author":1,"featured_media":0,"parent":0,"menu_order":0,"comment_status":"closed","ping_status":"closed","template":"PageTemplate1.php","meta":{"footnotes":""},"yoast_head":"<!-- This site is optimized with the Yoast SEO plugin v23.5 - https:\/\/yoast.com\/wordpress\/plugins\/seo\/ -->\n<title>Perguntas Mais Frequentes - TemplateToaster<\/title>\n<meta name=\"description\" content=\"Perguntas freq\u00fcentes sobre o software TemplateToaster\" \/>\n<meta name=\"robots\" content=\"index, follow, max-snippet:-1, max-image-preview:large, max-video-preview:-1\" \/>\n<link rel=\"canonical\" href=\"https:\/\/templatetoaster.com\/pt-br\/faqs\" \/>\n<meta property=\"og:locale\" content=\"pt_BR\" \/>\n<meta property=\"og:type\" content=\"article\" \/>\n<meta property=\"og:title\" content=\"Perguntas Mais Frequentes - TemplateToaster\" \/>\n<meta property=\"og:description\" content=\"Perguntas freq\u00fcentes sobre o software TemplateToaster\" \/>\n<meta property=\"og:url\" content=\"https:\/\/templatetoaster.com\/pt-br\/faqs\" \/>\n<meta property=\"og:site_name\" content=\"TemplateToaster\" \/>\n<meta property=\"article:publisher\" content=\"https:\/\/www.facebook.com\/TemplateToaster\" \/>\n<meta property=\"article:modified_time\" content=\"2019-08-19T10:17:40+00:00\" \/>\n<meta property=\"og:image\" content=\"https:\/\/templatetoaster.com\/wp-content\/uploads\/2015\/07\/TemplateToaster-325X325.png\" \/>\n\t<meta property=\"og:image:width\" content=\"325\" \/>\n\t<meta property=\"og:image:height\" content=\"325\" \/>\n\t<meta property=\"og:image:type\" content=\"image\/png\" \/>\n<meta name=\"twitter:card\" content=\"summary_large_image\" \/>\n<meta name=\"twitter:site\" content=\"@templatetoaster\" \/>\n<meta name=\"twitter:label1\" content=\"Est. tempo de leitura\" \/>\n\t<meta name=\"twitter:data1\" content=\"5 minutos\" \/>\n<script type=\"application\/ld+json\" class=\"yoast-schema-graph\">{\"@context\":\"https:\/\/schema.org\",\"@graph\":[{\"@type\":\"WebPage\",\"@id\":\"https:\/\/templatetoaster.com\/pt-br\/faqs\",\"url\":\"https:\/\/templatetoaster.com\/pt-br\/faqs\",\"name\":\"Perguntas Mais Frequentes - TemplateToaster\",\"isPartOf\":{\"@id\":\"https:\/\/templatetoaster.com\/#website\"},\"datePublished\":\"2018-04-13T09:43:01+00:00\",\"dateModified\":\"2019-08-19T10:17:40+00:00\",\"description\":\"Perguntas freq\u00fcentes sobre o software TemplateToaster\",\"breadcrumb\":{\"@id\":\"https:\/\/templatetoaster.com\/pt-br\/faqs#breadcrumb\"},\"inLanguage\":\"pt-BR\",\"potentialAction\":[{\"@type\":\"ReadAction\",\"target\":[\"https:\/\/templatetoaster.com\/pt-br\/faqs\"]}]},{\"@type\":\"BreadcrumbList\",\"@id\":\"https:\/\/templatetoaster.com\/pt-br\/faqs#breadcrumb\",\"itemListElement\":[{\"@type\":\"ListItem\",\"position\":1,\"name\":\"Home\",\"item\":\"https:\/\/templatetoaster.com\/pt-br\"},{\"@type\":\"ListItem\",\"position\":2,\"name\":\"Perguntas Mais Frequentes\"}]},{\"@type\":\"WebSite\",\"@id\":\"https:\/\/templatetoaster.com\/#website\",\"url\":\"https:\/\/templatetoaster.com\/\",\"name\":\"TemplateToaster\",\"description\":\"\",\"publisher\":{\"@id\":\"https:\/\/templatetoaster.com\/#organization\"},\"inLanguage\":\"pt-BR\"},{\"@type\":\"Organization\",\"@id\":\"https:\/\/templatetoaster.com\/#organization\",\"name\":\"TemplateToaster\",\"url\":\"https:\/\/templatetoaster.com\/\",\"logo\":{\"@type\":\"ImageObject\",\"inLanguage\":\"pt-BR\",\"@id\":\"https:\/\/templatetoaster.com\/#\/schema\/logo\/image\/\",\"url\":\"https:\/\/templatetoaster.com\/wp-content\/uploads\/2019\/11\/TemplateToaster_Logo.jpg\",\"contentUrl\":\"https:\/\/templatetoaster.com\/wp-content\/uploads\/2019\/11\/TemplateToaster_Logo.jpg\",\"width\":85,\"height\":85,\"caption\":\"TemplateToaster\"},\"image\":{\"@id\":\"https:\/\/templatetoaster.com\/#\/schema\/logo\/image\/\"},\"sameAs\":[\"https:\/\/www.facebook.com\/TemplateToaster\",\"https:\/\/x.com\/templatetoaster\",\"https:\/\/www.instagram.com\/templatetoaster\/\",\"https:\/\/www.linkedin.com\/company\/templatetoaster\/\",\"https:\/\/www.pinterest.com\/templatetoaster\/\",\"https:\/\/www.youtube.com\/@TemplateToaster\"]}]}<\/script>\n<!-- \/ Yoast SEO plugin. -->","yoast_head_json":{"title":"Perguntas Mais Frequentes - TemplateToaster","description":"Perguntas freq\u00fcentes sobre o software TemplateToaster","robots":{"index":"index","follow":"follow","max-snippet":"max-snippet:-1","max-image-preview":"max-image-preview:large","max-video-preview":"max-video-preview:-1"},"canonical":"https:\/\/templatetoaster.com\/pt-br\/faqs","og_locale":"pt_BR","og_type":"article","og_title":"Perguntas Mais Frequentes - TemplateToaster","og_description":"Perguntas freq\u00fcentes sobre o software TemplateToaster","og_url":"https:\/\/templatetoaster.com\/pt-br\/faqs","og_site_name":"TemplateToaster","article_publisher":"https:\/\/www.facebook.com\/TemplateToaster","article_modified_time":"2019-08-19T10:17:40+00:00","og_image":[{"width":325,"height":325,"url":"https:\/\/templatetoaster.com\/wp-content\/uploads\/2015\/07\/TemplateToaster-325X325.png","type":"image\/png"}],"twitter_card":"summary_large_image","twitter_site":"@templatetoaster","twitter_misc":{"Est. tempo de leitura":"5 minutos"},"schema":{"@context":"https:\/\/schema.org","@graph":[{"@type":"WebPage","@id":"https:\/\/templatetoaster.com\/pt-br\/faqs","url":"https:\/\/templatetoaster.com\/pt-br\/faqs","name":"Perguntas Mais Frequentes - TemplateToaster","isPartOf":{"@id":"https:\/\/templatetoaster.com\/#website"},"datePublished":"2018-04-13T09:43:01+00:00","dateModified":"2019-08-19T10:17:40+00:00","description":"Perguntas freq\u00fcentes sobre o software TemplateToaster","breadcrumb":{"@id":"https:\/\/templatetoaster.com\/pt-br\/faqs#breadcrumb"},"inLanguage":"pt-BR","potentialAction":[{"@type":"ReadAction","target":["https:\/\/templatetoaster.com\/pt-br\/faqs"]}]},{"@type":"BreadcrumbList","@id":"https:\/\/templatetoaster.com\/pt-br\/faqs#breadcrumb","itemListElement":[{"@type":"ListItem","position":1,"name":"Home","item":"https:\/\/templatetoaster.com\/pt-br"},{"@type":"ListItem","position":2,"name":"Perguntas Mais Frequentes"}]},{"@type":"WebSite","@id":"https:\/\/templatetoaster.com\/#website","url":"https:\/\/templatetoaster.com\/","name":"TemplateToaster","description":"","publisher":{"@id":"https:\/\/templatetoaster.com\/#organization"},"inLanguage":"pt-BR"},{"@type":"Organization","@id":"https:\/\/templatetoaster.com\/#organization","name":"TemplateToaster","url":"https:\/\/templatetoaster.com\/","logo":{"@type":"ImageObject","inLanguage":"pt-BR","@id":"https:\/\/templatetoaster.com\/#\/schema\/logo\/image\/","url":"https:\/\/templatetoaster.com\/wp-content\/uploads\/2019\/11\/TemplateToaster_Logo.jpg","contentUrl":"https:\/\/templatetoaster.com\/wp-content\/uploads\/2019\/11\/TemplateToaster_Logo.jpg","width":85,"height":85,"caption":"TemplateToaster"},"image":{"@id":"https:\/\/templatetoaster.com\/#\/schema\/logo\/image\/"},"sameAs":["https:\/\/www.facebook.com\/TemplateToaster","https:\/\/x.com\/templatetoaster","https:\/\/www.instagram.com\/templatetoaster\/","https:\/\/www.linkedin.com\/company\/templatetoaster\/","https:\/\/www.pinterest.com\/templatetoaster\/","https:\/\/www.youtube.com\/@TemplateToaster"]}]}},"_links":{"self":[{"href":"https:\/\/templatetoaster.com\/pt-br\/wp-json\/wp\/v2\/pages\/4065"}],"collection":[{"href":"https:\/\/templatetoaster.com\/pt-br\/wp-json\/wp\/v2\/pages"}],"about":[{"href":"https:\/\/templatetoaster.com\/pt-br\/wp-json\/wp\/v2\/types\/page"}],"author":[{"embeddable":true,"href":"https:\/\/templatetoaster.com\/pt-br\/wp-json\/wp\/v2\/users\/1"}],"replies":[{"embeddable":true,"href":"https:\/\/templatetoaster.com\/pt-br\/wp-json\/wp\/v2\/comments?post=4065"}],"version-history":[{"count":4,"href":"https:\/\/templatetoaster.com\/pt-br\/wp-json\/wp\/v2\/pages\/4065\/revisions"}],"predecessor-version":[{"id":64708,"href":"https:\/\/templatetoaster.com\/pt-br\/wp-json\/wp\/v2\/pages\/4065\/revisions\/64708"}],"wp:attachment":[{"href":"https:\/\/templatetoaster.com\/pt-br\/wp-json\/wp\/v2\/media?parent=4065"}],"curies":[{"name":"wp","href":"https:\/\/api.w.org\/{rel}","templated":true}]}}