{"id":4051,"date":"2018-04-13T09:31:03","date_gmt":"2018-04-13T09:31:03","guid":{"rendered":"http:\/\/templatetoaster.com?page_id=4051"},"modified":"2018-11-27T05:06:40","modified_gmt":"2018-11-27T05:06:40","slug":"bootstrap","status":"publish","type":"page","link":"https:\/\/templatetoaster.com\/pt-br\/bootstrap","title":{"rendered":"Construtor de Sites Bootstrap"},"content":{"rendered":"<div class=\"section1 wp-theme-generator\">\n<div style=\"margin: 115px 0 16px;\">\n<div class=\"section1-inner\">\n<h1>Um software robusto Bootstrap Website Builder<\/h1>\n<p class=\"text-center\">TemplateToaster \u00e9 baseado no framework Bootstrap. Ele age como um software perfeito Bootstrap Website Builder para entregar sites excepcionalmente sens\u00edvel.  <\/p>\n<p><br clear=\"all\"><\/p>\n<\/div>\n<div style=\"text-align:center;\">\n<a href=\"https:\/\/templatetoaster.com\/pt-br\/download\" class=\"btn download_btn\">Fa\u00e7a o download agora<\/a><\/div>\n<div class=\"clearfix\"><\/div>\n<\/div>\n<\/div>\n<p><!--- What is TemplateToaster Section ---><\/p>\n<div class=\"section2 wp-theme-generator\">\n<div class=\"section2-inner-bs\">\n<h2>Por que usar TemplateToaster como Bootstrap baseado Software Website Builder?<\/h2>\n<p>TemplateToaster est\u00e1 perfeitamente integrado com sistema de grade de Bootstrap para produzir resultados altamente ideais. Al\u00e9m disso, este software desktop baseado exclusivamente projetado para criar sites altamente profissionais com melhor experi\u00eancia de usu\u00e1rio. Ele embarca em usabilidade sem complica\u00e7\u00f5es para os amadores, bem como profissionais. Ele permite que voc\u00ea crie seu site sonho a partir do zero sem dor. Conseq\u00fcentemente, tudo que voc\u00ea precisa \u00e9 uma vis\u00e3o para o seu site e TemplateToaster vai traz\u00ea-lo \u00e0 vida! <\/p>\n<\/div>\n<div class=\"row section2-bs\">\n<div class=\"col-lg-4 col-md-4 col-sm-6 col-xs-12\">\n<div style=\"padding: 20px;\">\n<div class=\"text-center\">\n<div style=\"margin-right:10px; display: inline-block; float:none; vertical-align:middle; background-position: -155px -1600px; width:75px;\" class=\"wp_feature landing_page_svg\"><\/div>\n<\/div>\n<h3 style=\"margin: 20px 0px 10px; text-align: center;\">Padroniza\u00e7\u00e3o c\u00f3digo\t <\/h3>\n<p class=\"text-center\"> Como Bootstrap quadro \u00e9 bem conhecida pelo seu c\u00f3digo limpo padronizado. TemplateToaster adere a ele e gerar temas impressionantes baseado em quadro Bootstrap.<\/p>\n<\/div>\n<\/div>\n<div class=\"clearfix visible-xs-block\"><\/div>\n<div class=\"col-lg-4 col-md-4 col-sm-6 col-xs-12\">\n<div style=\"padding: 20px;\">\n<div class=\"text-center\">\n<div style=\"margin-right:10px; display: inline-block; float:none; vertical-align:middle; background-position: -165px -153px; width:65px;\" class=\"wp_feature landing_page_svg\"><\/div>\n<\/div>\n<h3 style=\"margin:20px 0 10px; text-align:center\">interface familiar<\/h3>\n<p class=\"text-center\">Hoje em dia quase todos os web designer est\u00e1 familiarizado com Bootstrap, que tem vindo a evoluir em termos do seu desenvolvimento. assim, empregando TemplateToaster torna-se nada menos do que uma caminhada do bolo.<\/p>\n<\/div>\n<\/div>\n<div class=\"clearfix visible-sm-block visible-xs-block\"><\/div>\n<div class=\"col-lg-4 col-md-4 col-sm-6 col-xs-12\">\n<div style=\"padding: 20px;\">\n<div class=\"text-center\">\n<div style=\"margin-right:10px; display: inline-block; float:none; vertical-align:middle; background-position: -10px -242px; width:65px;\" class=\"wp_feature landing_page_svg\"><\/div>\n<\/div>\n<h3 style=\"margin:20px 0 10px; text-align:center\"> Receptividade<\/h3>\n<p class=\"text-center\">ra\u00e7as capacidade de resposta do Bootstrap em TemplateToaster, assim, tornando o dispositivo site mais amig\u00e1vel do que nunca. <\/p>\n<\/div>\n<\/div>\n<div class=\"clearfix  visible-lg-block visible-md-block  visible-xs-block\"><\/div>\n<\/div>\n<p>Estamos totalmente voltados-up para estender a compatibilidade com o Bootstrap 4, assim que se lan\u00e7a.<\/p>\n<\/div>\n<p><!---- section 3 starts ---><\/p>\n<div class=\"section3 wp-theme-generator\">\n<div class=\"section3-inner\">\n<h2>Como TemplateToaster Works?<\/h2>\n<div class=\"row\">\n<div class=\"col-lg-4 col-md-4 col-sm-6 col-xs-12\">\n<div class=\"media\">\n<div class=\"landing_page_svg\" style=\"background-position: 20px -690px; display: block; height: 115px; margin: auto; width: 142px;\"><\/div>\n<\/p>\n<h3 class=\"text-center\">Baixar<\/h3>\n<p class=\"text-center\">Voc\u00ea \u00e9 oferecido um julgamento ilimitada pertencente sem custos. Baixar, Instalar &amp; Come\u00e7ar com ele.<\/p>\n<\/div>\n<\/div>\n<div class=\"clearfix visible-xs-block\"><\/div>\n<div class=\"col-lg-4 col-md-4 col-sm-6 col-xs-12\">\n<div class=\"media\">\n<div class=\"landing_page_svg\" style=\"background-position: -115px -690px; display: block; height: 115px; margin: auto; width: 142px;\"><\/div>\n<\/p>\n<h3 class=\"text-center\">design Temas \/ Modelos \/ sites<\/h3>\n<p class=\"text-center\">Projeto de acordo com suas necessidades; voc\u00ea pode come\u00e7ar a partir do zero ou personalizar qualquer modelo de amostra dispon\u00edvel para voc\u00ea.  <\/p>\n<\/div>\n<\/div>\n<div class=\"clearfix visible-sm-block visible-xs-block\"><\/div>\n<div class=\"col-lg-4 col-md-4 col-sm-6 col-xs-12\">\n<div class=\"media\">\n<div class=\"landing_page_svg\" style=\"background-position: -240px -690px; display: block; height: 115px; margin: auto; width: 142px;\"><\/div>\n<\/p>\n<h3 class=\"text-center\">Exporta\u00e7\u00e3o e carregamento<\/h3>\n<p class=\"text-center\">Depois de ter o projeto pronto, exportar os arquivos de tema, e envi\u00e1-los em seu servidor de hospedagem.<\/p>\n<\/div>\n<\/div>\n<div class=\"clearfix visible-lg-block visible-md-block visible-sm-block visible-xs-block\"><\/div>\n<\/div>\n<\/div>\n<\/div>\n<p><!---- section 6 starts ---><\/p>\n<div class=\"section6 \twp-theme-generator\" style=\"padding:50px 10px; background-color: #f1f4f8;\">\n<div style=\"margin:70px 0px 20px;\">\n<h2>WordPress Bootstrap Theme Builder<\/h2>\n<div class=\"section-center\" style=\"padding-bottom: 20px;\">\n<div class=\"main-cms-section\">\n<div class=\"cms-section\">\n<div class=\"text-center\">\n<div class=\"wp_feature landing_page_svg\" style=\"width: 120px; height: 120px; background-position:-85px -250px;\"><\/div>\n<\/div>\n<\/div>\n<div class=\"cms-section\">\n<div class=\"text-center\">\n<div class=\"wp_feature landing_page_svg\" style=\"width: 150px; height: 120px; background-position:-200px -250px;\"><\/div>\n<\/div>\n<\/div>\n<\/div>\n<div class=\"other-cms-section\">\n<div class=\"cms-section\">\n<div class=\"text-center\">\n<div class=\"wp_feature landing_page_svg\" style=\"width: 110px; height: 100px; background-position:20px -380px;\"><\/div>\n<\/div>\n<\/div>\n<div class=\"cms-section\">\n<div class=\"text-center\">\n<div class=\"wp_feature landing_page_svg\" style=\"width: 110px; height: 102px; background-position:-68px -380px;\"><\/div>\n<\/div>\n<\/div>\n<div class=\"cms-section\">\n<div class=\"text-center\">\n<div class=\"wp_feature landing_page_svg\" style=\"width: 110px; height: 102px; background-position:-160px -380px;\"><\/div>\n<\/div>\n<\/div>\n<div class=\"cms-section\">\n<div class=\"text-center\">\n<div class=\"wp_feature landing_page_svg\" style=\"width: 110px; height: 100px; background-position:-260px -380px;\"><\/div>\n<\/div>\n<\/div>\n<div class=\"cms-section\">\n<div class=\"text-center\">\n<div class=\"wp_feature landing_page_svg\" style=\"width: 110px; height: 100px; background-position:-0px -495px;\"><\/div>\n<\/div>\n<\/div>\n<div class=\"cms-section\">\n<div class=\"text-center\">\n<div class=\"wp_feature landing_page_svg\" style=\"width: 110px; height: 100px; background-position:-125px -495px;\"><\/div>\n<\/div>\n<\/div>\n<div class=\"cms-section\">\n<div class=\"text-center\">\n<div class=\"wp_feature landing_page_svg\" style=\"width: 110px; height: 100px; background-position:-240px -495px;\"><\/div>\n<\/div>\n<\/div>\n<div class=\"cms-section\">\n<div class=\"text-center\">\n<div class=\"wp_feature landing_page_svg\" style=\"width: 110px; height: 100px; background-position:-0px -600px;\"><\/div>\n<\/div>\n<\/div>\n<div class=\"section6-bs os-content\">\n<p>TemplateToaster pode funcionar perfeitamente como seu pr\u00f3prio Builder Tema WordPress Bootstrap. Projeto Bootstrap temas baseados para WordPress, perfei\u00e7\u00e3o, sem ter que se preocupar com a funcionalidade e capacidade de resposta do Bootstrap ficando prejudicada. <\/p>\n<\/p>\n<p>Torna-se bastante suave para gerar modelos baseados Bootstrap para outros CMSes populares como Joomla e Drupal. similarmente, TemplateToaster pode projetar temas baseados Bootstrap para sites de com\u00e9rcio eletr\u00f4nico usando Magento, Prestashop, VirtueMart, e OpenCart. al\u00e9m disso, ainda mant\u00e9m compatibilidade para HTML b\u00e1sico e Blogger bem. <\/p>\n<\/p>\n<p>TemplateToaster \u00e9 incorporado com quadro Bootstrap precisamente. Este tem como objectivo a presta\u00e7\u00e3o de um excelente experi\u00eancia ao usu\u00e1rio em qualquer dispositivo. Assim, tornando-se uma escolha apropriada como um perfeito Bootstrap Website Builder. assim, fazer o seu site de sonho com TemplateToaster em nenhum momento. <\/p>\n<\/div>\n<\/div>\n<\/div>\n<div style=\"text-align:center; margin-top: 30px;\">\n<a href=\"https:\/\/templatetoaster.com\/pt-br\/download\" class=\"btn download_btn\">Fa\u00e7a o download agora<\/a><\/div>\n<\/div>\n<\/div>\n","protected":false},"excerpt":{"rendered":"<p>Um software robusto Bootstrap Website Builder TemplateToaster \u00e9 baseado no framework Bootstrap. Ele age como um software perfeito Bootstrap Website Builder para entregar sites excepcionalmente sens\u00edvel. Fa\u00e7a o download agora Por que usar TemplateToaster como Bootstrap baseado Software Website Builder? &hellip; <a href=\"https:\/\/templatetoaster.com\/pt-br\/bootstrap\">Continue Reading<span class=\"meta-nav\">&rarr;<\/span><\/a><\/p>\n","protected":false},"author":1,"featured_media":0,"parent":0,"menu_order":0,"comment_status":"closed","ping_status":"closed","template":"","meta":{"footnotes":""},"yoast_head":"<!-- This site is optimized with the Yoast SEO plugin v23.5 - https:\/\/yoast.com\/wordpress\/plugins\/seo\/ -->\n<title>Construtor de Sites Bootstrap - TemplateToaster<\/title>\n<meta name=\"description\" content=\"TemplateToaster \u00e9 o melhor construtor de sites do Bootstrap\" \/>\n<meta name=\"robots\" content=\"index, follow, max-snippet:-1, max-image-preview:large, max-video-preview:-1\" \/>\n<link rel=\"canonical\" href=\"https:\/\/templatetoaster.com\/pt-br\/bootstrap\" \/>\n<meta property=\"og:locale\" content=\"pt_BR\" \/>\n<meta property=\"og:type\" content=\"article\" \/>\n<meta property=\"og:title\" content=\"Construtor de Sites Bootstrap - TemplateToaster\" \/>\n<meta property=\"og:description\" content=\"TemplateToaster \u00e9 o melhor construtor de sites do Bootstrap\" \/>\n<meta property=\"og:url\" content=\"https:\/\/templatetoaster.com\/pt-br\/bootstrap\" \/>\n<meta property=\"og:site_name\" content=\"TemplateToaster\" \/>\n<meta property=\"article:publisher\" content=\"https:\/\/www.facebook.com\/TemplateToaster\" \/>\n<meta property=\"article:modified_time\" content=\"2018-11-27T05:06:40+00:00\" \/>\n<meta property=\"og:image\" content=\"https:\/\/templatetoaster.com\/wp-content\/uploads\/2015\/07\/TemplateToaster-325X325.png\" \/>\n\t<meta property=\"og:image:width\" content=\"325\" \/>\n\t<meta property=\"og:image:height\" content=\"325\" \/>\n\t<meta property=\"og:image:type\" content=\"image\/png\" \/>\n<meta name=\"twitter:card\" content=\"summary_large_image\" \/>\n<meta name=\"twitter:site\" content=\"@templatetoaster\" \/>\n<meta name=\"twitter:label1\" content=\"Est. tempo de leitura\" \/>\n\t<meta name=\"twitter:data1\" content=\"2 minutos\" \/>\n<script type=\"application\/ld+json\" class=\"yoast-schema-graph\">{\"@context\":\"https:\/\/schema.org\",\"@graph\":[{\"@type\":\"WebPage\",\"@id\":\"https:\/\/templatetoaster.com\/pt-br\/bootstrap\",\"url\":\"https:\/\/templatetoaster.com\/pt-br\/bootstrap\",\"name\":\"Construtor de Sites Bootstrap - TemplateToaster\",\"isPartOf\":{\"@id\":\"https:\/\/templatetoaster.com\/#website\"},\"datePublished\":\"2018-04-13T09:31:03+00:00\",\"dateModified\":\"2018-11-27T05:06:40+00:00\",\"description\":\"TemplateToaster \u00e9 o melhor construtor de sites do Bootstrap\",\"breadcrumb\":{\"@id\":\"https:\/\/templatetoaster.com\/pt-br\/bootstrap#breadcrumb\"},\"inLanguage\":\"pt-BR\",\"potentialAction\":[{\"@type\":\"ReadAction\",\"target\":[\"https:\/\/templatetoaster.com\/pt-br\/bootstrap\"]}]},{\"@type\":\"BreadcrumbList\",\"@id\":\"https:\/\/templatetoaster.com\/pt-br\/bootstrap#breadcrumb\",\"itemListElement\":[{\"@type\":\"ListItem\",\"position\":1,\"name\":\"Home\",\"item\":\"https:\/\/templatetoaster.com\/pt-br\"},{\"@type\":\"ListItem\",\"position\":2,\"name\":\"Construtor de Sites Bootstrap\"}]},{\"@type\":\"WebSite\",\"@id\":\"https:\/\/templatetoaster.com\/#website\",\"url\":\"https:\/\/templatetoaster.com\/\",\"name\":\"TemplateToaster\",\"description\":\"\",\"publisher\":{\"@id\":\"https:\/\/templatetoaster.com\/#organization\"},\"inLanguage\":\"pt-BR\"},{\"@type\":\"Organization\",\"@id\":\"https:\/\/templatetoaster.com\/#organization\",\"name\":\"TemplateToaster\",\"url\":\"https:\/\/templatetoaster.com\/\",\"logo\":{\"@type\":\"ImageObject\",\"inLanguage\":\"pt-BR\",\"@id\":\"https:\/\/templatetoaster.com\/#\/schema\/logo\/image\/\",\"url\":\"https:\/\/templatetoaster.com\/wp-content\/uploads\/2019\/11\/TemplateToaster_Logo.jpg\",\"contentUrl\":\"https:\/\/templatetoaster.com\/wp-content\/uploads\/2019\/11\/TemplateToaster_Logo.jpg\",\"width\":85,\"height\":85,\"caption\":\"TemplateToaster\"},\"image\":{\"@id\":\"https:\/\/templatetoaster.com\/#\/schema\/logo\/image\/\"},\"sameAs\":[\"https:\/\/www.facebook.com\/TemplateToaster\",\"https:\/\/x.com\/templatetoaster\",\"https:\/\/www.instagram.com\/templatetoaster\/\",\"https:\/\/www.linkedin.com\/company\/templatetoaster\/\",\"https:\/\/www.pinterest.com\/templatetoaster\/\",\"https:\/\/www.youtube.com\/@TemplateToaster\"]}]}<\/script>\n<!-- \/ Yoast SEO plugin. -->","yoast_head_json":{"title":"Construtor de Sites Bootstrap - TemplateToaster","description":"TemplateToaster \u00e9 o melhor construtor de sites do Bootstrap","robots":{"index":"index","follow":"follow","max-snippet":"max-snippet:-1","max-image-preview":"max-image-preview:large","max-video-preview":"max-video-preview:-1"},"canonical":"https:\/\/templatetoaster.com\/pt-br\/bootstrap","og_locale":"pt_BR","og_type":"article","og_title":"Construtor de Sites Bootstrap - TemplateToaster","og_description":"TemplateToaster \u00e9 o melhor construtor de sites do Bootstrap","og_url":"https:\/\/templatetoaster.com\/pt-br\/bootstrap","og_site_name":"TemplateToaster","article_publisher":"https:\/\/www.facebook.com\/TemplateToaster","article_modified_time":"2018-11-27T05:06:40+00:00","og_image":[{"width":325,"height":325,"url":"https:\/\/templatetoaster.com\/wp-content\/uploads\/2015\/07\/TemplateToaster-325X325.png","type":"image\/png"}],"twitter_card":"summary_large_image","twitter_site":"@templatetoaster","twitter_misc":{"Est. tempo de leitura":"2 minutos"},"schema":{"@context":"https:\/\/schema.org","@graph":[{"@type":"WebPage","@id":"https:\/\/templatetoaster.com\/pt-br\/bootstrap","url":"https:\/\/templatetoaster.com\/pt-br\/bootstrap","name":"Construtor de Sites Bootstrap - TemplateToaster","isPartOf":{"@id":"https:\/\/templatetoaster.com\/#website"},"datePublished":"2018-04-13T09:31:03+00:00","dateModified":"2018-11-27T05:06:40+00:00","description":"TemplateToaster \u00e9 o melhor construtor de sites do Bootstrap","breadcrumb":{"@id":"https:\/\/templatetoaster.com\/pt-br\/bootstrap#breadcrumb"},"inLanguage":"pt-BR","potentialAction":[{"@type":"ReadAction","target":["https:\/\/templatetoaster.com\/pt-br\/bootstrap"]}]},{"@type":"BreadcrumbList","@id":"https:\/\/templatetoaster.com\/pt-br\/bootstrap#breadcrumb","itemListElement":[{"@type":"ListItem","position":1,"name":"Home","item":"https:\/\/templatetoaster.com\/pt-br"},{"@type":"ListItem","position":2,"name":"Construtor de Sites Bootstrap"}]},{"@type":"WebSite","@id":"https:\/\/templatetoaster.com\/#website","url":"https:\/\/templatetoaster.com\/","name":"TemplateToaster","description":"","publisher":{"@id":"https:\/\/templatetoaster.com\/#organization"},"inLanguage":"pt-BR"},{"@type":"Organization","@id":"https:\/\/templatetoaster.com\/#organization","name":"TemplateToaster","url":"https:\/\/templatetoaster.com\/","logo":{"@type":"ImageObject","inLanguage":"pt-BR","@id":"https:\/\/templatetoaster.com\/#\/schema\/logo\/image\/","url":"https:\/\/templatetoaster.com\/wp-content\/uploads\/2019\/11\/TemplateToaster_Logo.jpg","contentUrl":"https:\/\/templatetoaster.com\/wp-content\/uploads\/2019\/11\/TemplateToaster_Logo.jpg","width":85,"height":85,"caption":"TemplateToaster"},"image":{"@id":"https:\/\/templatetoaster.com\/#\/schema\/logo\/image\/"},"sameAs":["https:\/\/www.facebook.com\/TemplateToaster","https:\/\/x.com\/templatetoaster","https:\/\/www.instagram.com\/templatetoaster\/","https:\/\/www.linkedin.com\/company\/templatetoaster\/","https:\/\/www.pinterest.com\/templatetoaster\/","https:\/\/www.youtube.com\/@TemplateToaster"]}]}},"_links":{"self":[{"href":"https:\/\/templatetoaster.com\/pt-br\/wp-json\/wp\/v2\/pages\/4051"}],"collection":[{"href":"https:\/\/templatetoaster.com\/pt-br\/wp-json\/wp\/v2\/pages"}],"about":[{"href":"https:\/\/templatetoaster.com\/pt-br\/wp-json\/wp\/v2\/types\/page"}],"author":[{"embeddable":true,"href":"https:\/\/templatetoaster.com\/pt-br\/wp-json\/wp\/v2\/users\/1"}],"replies":[{"embeddable":true,"href":"https:\/\/templatetoaster.com\/pt-br\/wp-json\/wp\/v2\/comments?post=4051"}],"version-history":[{"count":3,"href":"https:\/\/templatetoaster.com\/pt-br\/wp-json\/wp\/v2\/pages\/4051\/revisions"}],"predecessor-version":[{"id":6060,"href":"https:\/\/templatetoaster.com\/pt-br\/wp-json\/wp\/v2\/pages\/4051\/revisions\/6060"}],"wp:attachment":[{"href":"https:\/\/templatetoaster.com\/pt-br\/wp-json\/wp\/v2\/media?parent=4051"}],"curies":[{"name":"wp","href":"https:\/\/api.w.org\/{rel}","templated":true}]}}