{"id":4041,"date":"2018-04-13T09:23:59","date_gmt":"2018-04-13T09:23:59","guid":{"rendered":"http:\/\/templatetoaster.com?page_id=4041"},"modified":"2019-08-09T08:51:58","modified_gmt":"2019-08-09T08:51:58","slug":"affiliates","status":"publish","type":"page","link":"https:\/\/templatetoaster.com\/pt-br\/affiliates","title":{"rendered":"Afiliados"},"content":{"rendered":"<div class=\"tt_affiliates_row row\">&nbsp;<\/p>\n<h1 class=\"heading_border\">Programa de afiliados TemplateToaster<\/h1>\n<h4 class=\"joomla\">Promover a TemplateToaster no seu site e ser pago por isso!<\/h4>\n<p class=\"wordpress\">Obter <strong>16%<\/strong> Comiss\u00e3o em cada venda que voc\u00ea indicar!, que ser\u00e1 em torno $25 para TemplateToaster Professional Edition. Torne-se um afiliado de TemplateToaster hoje! Nossos produtos de software est\u00e3o dispon\u00edveis para venda atrav\u00e9s da rede de afiliados Avangate. Para come\u00e7ar a vender, Tudo o que voc\u00ea precisa fazer \u00e9 exibir informa\u00e7\u00f5es sobre o produto e links &#8220;Comprar agora&#8221; em seu site.<\/p>\n<h4 class=\"joomla\">Garantido de afiliado<\/h4>\n<p class=\"wordpress\">Quando um visitante segue um link ou banner de seu site, Avangate <em>mant\u00e9m o controle de sua ID de afiliado para 120 dias de calend\u00e1rio<\/em>. Isto \u00e9 4 meses durante o qual qualquer ordem colocada pelo mesmo usu\u00e1rio garante seu afiliado.<\/p>\n<h4 class=\"joomla\">\u2019 \u00e9 t\u00e3o f\u00e1cil como 1, 2, 3\u2026<\/h4>\n<p class=\"wordpress\">Avangate cuida do processo de ordena\u00e7\u00e3o, a entrega do produto e suporte ao cliente.<br \/>\n\u2013 N\u00e3o h\u00e1 necessidade de armazenar qualquer software em seus servidores, ou manter o controle de licen\u00e7as<br \/>\n\u2013 Sem aborrecimentos relacionados com factura\u00e7\u00e3o ou pagamentos de clientes<br \/>\n\u2013 Sem taxa de instala\u00e7\u00e3o, n\u00e3o arranque de custo, N\u00e3o h\u00e1 metas de desempenho ocultos para chegar!<br \/>\nVoc\u00ea tamb\u00e9m ir\u00e1 beneficiar de relat\u00f3rios abrangente da filial que ir\u00e3o mostrar-lhe exatamente como voc\u00ea executar.<\/p>\n<h4 class=\"joomla\">Pagamentos mensais<\/h4>\n<p class=\"wordpress\">Voc\u00ea receber\u00e1 suas comiss\u00f5es todos os meses, transferido para seu MasterCard de d\u00e9bito pr\u00e9-pago Avangate ou enviados via transfer\u00eancia banc\u00e1ria, cheque ou PayPal.<\/p>\n<h4 class=\"joomla\">Comece a vender agora!<\/h4>\n<p class=\"wordpress\"><em>Use todos os canais dispon\u00edveis da promo\u00e7\u00e3o que voc\u00ea tem \u2013 site, Boletim informativo, etc!<\/em> Lembre-se \u2013 Quanto mais links de refer\u00eancia que voc\u00ea criar, mais chances que voc\u00ea tem de ganhar dinheiro com seu site!<\/p>\n<p style=\"text-align: center; clear: both;\"><a class=\"btn download_button btn-feature\" href=\"https:\/\/www.avangate.com\/affiliates\/sign-up.php?merchant=TEMPLATT&amp;template=Default+Template&amp;lang=en\">Acesse agora<\/a><\/p>\n<\/div>\n","protected":false},"excerpt":{"rendered":"<p>&nbsp; Programa de afiliados TemplateToaster Promover a TemplateToaster no seu site e ser pago por isso! Obter 16% Comiss\u00e3o em cada venda que voc\u00ea indicar!, que ser\u00e1 em torno $25 para TemplateToaster Professional Edition. Torne-se um afiliado de TemplateToaster hoje! &hellip; <a href=\"https:\/\/templatetoaster.com\/pt-br\/affiliates\">Continue Reading<span class=\"meta-nav\">&rarr;<\/span><\/a><\/p>\n","protected":false},"author":1,"featured_media":0,"parent":0,"menu_order":0,"comment_status":"closed","ping_status":"closed","template":"PageTemplate1.php","meta":{"footnotes":""},"yoast_head":"<!-- This site is optimized with the Yoast SEO plugin v23.5 - https:\/\/yoast.com\/wordpress\/plugins\/seo\/ -->\n<title>Afiliados - TemplateToaster<\/title>\n<meta name=\"description\" content=\"Torne-se um parceiro afiliado da TemplateToaster\" \/>\n<meta name=\"robots\" content=\"index, follow, max-snippet:-1, max-image-preview:large, max-video-preview:-1\" \/>\n<link rel=\"canonical\" href=\"https:\/\/templatetoaster.com\/pt-br\/affiliates\" \/>\n<meta property=\"og:locale\" content=\"pt_BR\" \/>\n<meta property=\"og:type\" content=\"article\" \/>\n<meta property=\"og:title\" content=\"Afiliados - TemplateToaster\" \/>\n<meta property=\"og:description\" content=\"Torne-se um parceiro afiliado da TemplateToaster\" \/>\n<meta property=\"og:url\" content=\"https:\/\/templatetoaster.com\/pt-br\/affiliates\" \/>\n<meta property=\"og:site_name\" content=\"TemplateToaster\" \/>\n<meta property=\"article:publisher\" content=\"https:\/\/www.facebook.com\/TemplateToaster\" \/>\n<meta property=\"article:modified_time\" content=\"2019-08-09T08:51:58+00:00\" \/>\n<meta property=\"og:image\" content=\"https:\/\/templatetoaster.com\/wp-content\/uploads\/2015\/07\/TemplateToaster-325X325.png\" \/>\n\t<meta property=\"og:image:width\" content=\"325\" \/>\n\t<meta property=\"og:image:height\" content=\"325\" \/>\n\t<meta property=\"og:image:type\" content=\"image\/png\" \/>\n<meta name=\"twitter:card\" content=\"summary_large_image\" \/>\n<meta name=\"twitter:site\" content=\"@templatetoaster\" \/>\n<meta name=\"twitter:label1\" content=\"Est. tempo de leitura\" \/>\n\t<meta name=\"twitter:data1\" content=\"1 minuto\" \/>\n<script type=\"application\/ld+json\" class=\"yoast-schema-graph\">{\"@context\":\"https:\/\/schema.org\",\"@graph\":[{\"@type\":\"WebPage\",\"@id\":\"https:\/\/templatetoaster.com\/pt-br\/affiliates\",\"url\":\"https:\/\/templatetoaster.com\/pt-br\/affiliates\",\"name\":\"Afiliados - TemplateToaster\",\"isPartOf\":{\"@id\":\"https:\/\/templatetoaster.com\/#website\"},\"datePublished\":\"2018-04-13T09:23:59+00:00\",\"dateModified\":\"2019-08-09T08:51:58+00:00\",\"description\":\"Torne-se um parceiro afiliado da TemplateToaster\",\"breadcrumb\":{\"@id\":\"https:\/\/templatetoaster.com\/pt-br\/affiliates#breadcrumb\"},\"inLanguage\":\"pt-BR\",\"potentialAction\":[{\"@type\":\"ReadAction\",\"target\":[\"https:\/\/templatetoaster.com\/pt-br\/affiliates\"]}]},{\"@type\":\"BreadcrumbList\",\"@id\":\"https:\/\/templatetoaster.com\/pt-br\/affiliates#breadcrumb\",\"itemListElement\":[{\"@type\":\"ListItem\",\"position\":1,\"name\":\"Home\",\"item\":\"https:\/\/templatetoaster.com\/pt-br\"},{\"@type\":\"ListItem\",\"position\":2,\"name\":\"Afiliados\"}]},{\"@type\":\"WebSite\",\"@id\":\"https:\/\/templatetoaster.com\/#website\",\"url\":\"https:\/\/templatetoaster.com\/\",\"name\":\"TemplateToaster\",\"description\":\"\",\"publisher\":{\"@id\":\"https:\/\/templatetoaster.com\/#organization\"},\"inLanguage\":\"pt-BR\"},{\"@type\":\"Organization\",\"@id\":\"https:\/\/templatetoaster.com\/#organization\",\"name\":\"TemplateToaster\",\"url\":\"https:\/\/templatetoaster.com\/\",\"logo\":{\"@type\":\"ImageObject\",\"inLanguage\":\"pt-BR\",\"@id\":\"https:\/\/templatetoaster.com\/#\/schema\/logo\/image\/\",\"url\":\"https:\/\/templatetoaster.com\/wp-content\/uploads\/2019\/11\/TemplateToaster_Logo.jpg\",\"contentUrl\":\"https:\/\/templatetoaster.com\/wp-content\/uploads\/2019\/11\/TemplateToaster_Logo.jpg\",\"width\":85,\"height\":85,\"caption\":\"TemplateToaster\"},\"image\":{\"@id\":\"https:\/\/templatetoaster.com\/#\/schema\/logo\/image\/\"},\"sameAs\":[\"https:\/\/www.facebook.com\/TemplateToaster\",\"https:\/\/x.com\/templatetoaster\",\"https:\/\/www.instagram.com\/templatetoaster\/\",\"https:\/\/www.linkedin.com\/company\/templatetoaster\/\",\"https:\/\/www.pinterest.com\/templatetoaster\/\",\"https:\/\/www.youtube.com\/@TemplateToaster\"]}]}<\/script>\n<!-- \/ Yoast SEO plugin. -->","yoast_head_json":{"title":"Afiliados - TemplateToaster","description":"Torne-se um parceiro afiliado da TemplateToaster","robots":{"index":"index","follow":"follow","max-snippet":"max-snippet:-1","max-image-preview":"max-image-preview:large","max-video-preview":"max-video-preview:-1"},"canonical":"https:\/\/templatetoaster.com\/pt-br\/affiliates","og_locale":"pt_BR","og_type":"article","og_title":"Afiliados - TemplateToaster","og_description":"Torne-se um parceiro afiliado da TemplateToaster","og_url":"https:\/\/templatetoaster.com\/pt-br\/affiliates","og_site_name":"TemplateToaster","article_publisher":"https:\/\/www.facebook.com\/TemplateToaster","article_modified_time":"2019-08-09T08:51:58+00:00","og_image":[{"width":325,"height":325,"url":"https:\/\/templatetoaster.com\/wp-content\/uploads\/2015\/07\/TemplateToaster-325X325.png","type":"image\/png"}],"twitter_card":"summary_large_image","twitter_site":"@templatetoaster","twitter_misc":{"Est. tempo de leitura":"1 minuto"},"schema":{"@context":"https:\/\/schema.org","@graph":[{"@type":"WebPage","@id":"https:\/\/templatetoaster.com\/pt-br\/affiliates","url":"https:\/\/templatetoaster.com\/pt-br\/affiliates","name":"Afiliados - TemplateToaster","isPartOf":{"@id":"https:\/\/templatetoaster.com\/#website"},"datePublished":"2018-04-13T09:23:59+00:00","dateModified":"2019-08-09T08:51:58+00:00","description":"Torne-se um parceiro afiliado da TemplateToaster","breadcrumb":{"@id":"https:\/\/templatetoaster.com\/pt-br\/affiliates#breadcrumb"},"inLanguage":"pt-BR","potentialAction":[{"@type":"ReadAction","target":["https:\/\/templatetoaster.com\/pt-br\/affiliates"]}]},{"@type":"BreadcrumbList","@id":"https:\/\/templatetoaster.com\/pt-br\/affiliates#breadcrumb","itemListElement":[{"@type":"ListItem","position":1,"name":"Home","item":"https:\/\/templatetoaster.com\/pt-br"},{"@type":"ListItem","position":2,"name":"Afiliados"}]},{"@type":"WebSite","@id":"https:\/\/templatetoaster.com\/#website","url":"https:\/\/templatetoaster.com\/","name":"TemplateToaster","description":"","publisher":{"@id":"https:\/\/templatetoaster.com\/#organization"},"inLanguage":"pt-BR"},{"@type":"Organization","@id":"https:\/\/templatetoaster.com\/#organization","name":"TemplateToaster","url":"https:\/\/templatetoaster.com\/","logo":{"@type":"ImageObject","inLanguage":"pt-BR","@id":"https:\/\/templatetoaster.com\/#\/schema\/logo\/image\/","url":"https:\/\/templatetoaster.com\/wp-content\/uploads\/2019\/11\/TemplateToaster_Logo.jpg","contentUrl":"https:\/\/templatetoaster.com\/wp-content\/uploads\/2019\/11\/TemplateToaster_Logo.jpg","width":85,"height":85,"caption":"TemplateToaster"},"image":{"@id":"https:\/\/templatetoaster.com\/#\/schema\/logo\/image\/"},"sameAs":["https:\/\/www.facebook.com\/TemplateToaster","https:\/\/x.com\/templatetoaster","https:\/\/www.instagram.com\/templatetoaster\/","https:\/\/www.linkedin.com\/company\/templatetoaster\/","https:\/\/www.pinterest.com\/templatetoaster\/","https:\/\/www.youtube.com\/@TemplateToaster"]}]}},"_links":{"self":[{"href":"https:\/\/templatetoaster.com\/pt-br\/wp-json\/wp\/v2\/pages\/4041"}],"collection":[{"href":"https:\/\/templatetoaster.com\/pt-br\/wp-json\/wp\/v2\/pages"}],"about":[{"href":"https:\/\/templatetoaster.com\/pt-br\/wp-json\/wp\/v2\/types\/page"}],"author":[{"embeddable":true,"href":"https:\/\/templatetoaster.com\/pt-br\/wp-json\/wp\/v2\/users\/1"}],"replies":[{"embeddable":true,"href":"https:\/\/templatetoaster.com\/pt-br\/wp-json\/wp\/v2\/comments?post=4041"}],"version-history":[{"count":2,"href":"https:\/\/templatetoaster.com\/pt-br\/wp-json\/wp\/v2\/pages\/4041\/revisions"}],"predecessor-version":[{"id":63983,"href":"https:\/\/templatetoaster.com\/pt-br\/wp-json\/wp\/v2\/pages\/4041\/revisions\/63983"}],"wp:attachment":[{"href":"https:\/\/templatetoaster.com\/pt-br\/wp-json\/wp\/v2\/media?parent=4041"}],"curies":[{"name":"wp","href":"https:\/\/api.w.org\/{rel}","templated":true}]}}