{"id":3840,"date":"2018-04-11T06:41:01","date_gmt":"2018-04-11T06:41:01","guid":{"rendered":"http:\/\/templatetoaster.com?page_id=3840"},"modified":"2019-08-13T11:40:45","modified_gmt":"2019-08-13T11:40:45","slug":"wordpress","status":"publish","type":"page","link":"https:\/\/templatetoaster.com\/pt-br\/wordpress","title":{"rendered":"Como fazer upload de instalar e configurar temas do WordPress"},"content":{"rendered":"<div class=\"tt_documentation_instruction_row row\">\n<h1 class=\"heading_border\" style=\"background-size: 623px 1px;\">Como fazer upload de instalar e configurar WordPress Temas<\/h1>\n<p>&nbsp;<\/p>\n<div class=\"demo_row1 odd row\">\n<div class=\"row\">\n<div class=\"col-md-6 col-sm-6 col-xs-12\">\n<div class=\"vedio_bg\">\n<div class=\"tt_video_modal\"><a href=\"https:\/\/youtu.be\/QXM1K9pTHD4\" data-toggle=\"lightbox\" data-width=\"950\" data-gallery=\"youtubevideos\" data-title=\"Como criar WordPress Theme em TemplateToaster\"><img decoding=\"async\" src=\"https:\/\/templatetoaster.com\/wp-content\/uploads\/2018\/02\/youtube.png\" \/><\/a><\/p>\n<div class=\"video-content\">\n<h3>Como criar WordPress Theme em TemplateToaster<\/h3>\n<\/div>\n<\/div>\n<\/div>\n<\/div>\n<div class=\"clearfix visible-xs-block\"><\/div>\n<div class=\"col-md-6 col-sm-6 col-xs-12\">\n<div class=\"vedio_bg\">\n<div class=\"tt_video_modal\"><a href=\"https:\/\/youtu.be\/6g5Ca0J7XQA\" data-toggle=\"lightbox\" data-width=\"950\" data-gallery=\"youtubevideos\" data-title=\"Como fazer upload de TemplateToaster gerado Theme no WordPress\"><img decoding=\"async\" src=\"https:\/\/templatetoaster.com\/wp-content\/uploads\/2018\/02\/youtube.png\" \/><\/a><\/p>\n<div class=\"video-content\">\n<h3>Como fazer upload de TemplateToaster gerado Theme no WordPress<\/h3>\n<\/div>\n<\/div>\n<\/div>\n<div class=\"clearfix visible-lg-block visible-md-block\"><\/div>\n<\/div>\n<\/div>\n<\/div>\n<p>&nbsp;<\/p>\n<h4>Criando e exportando WordPress temas<\/h4>\n<p class=\"wordpress\">Lan\u00e7amento TemplateToaster e selecione WordPress, Agora voc\u00ea pode come\u00e7ar a desenhar a partir do zero ou escolher um tema pronto do WordPress. Exportar o tema projetado para o seu computador do arquivo &gt;&gt; exportar &gt;&gt; WordPress Theme.<\/p>\n<h4 class=\"joomla\">Instalando o tema exportado no WordPress<\/h4>\n<p class=\"wordpress\">Fa\u00e7a login no WordPress admin &gt;&gt; ir a apar\u00eancia &gt;&gt; temas &gt;&gt; instalar tema &gt;&gt; Upload &gt;&gt; procurar o tema &gt;&gt; Upload &gt;&gt; ativar o novo tema. Voc\u00ea tamb\u00e9m pode enviar o tema usando um FTP. Se o upload usando um FTP, Fa\u00e7a o upload para wp-content &gt;&gt; diret\u00f3rio de temas e ele \u2019 ll come\u00e7ar Exibindo sob temas em seu WordPress admin, Voc\u00ea pode ativ\u00e1-lo de l\u00e1.<\/p>\n<h4 class=\"joomla\">Adicionar Widgets<\/h4>\n<p class=\"wordpress\">Voc\u00ea pode adicionar widgets desejadas para as \u00e1reas de widget dispon\u00edvel de apar\u00eancia &gt;&gt; Widgets do WordPress admin.<\/p>\n<h4 class=\"joomla\">Configurando o Menu Horizontal<\/h4>\n<p class=\"wordpress\">Na cria\u00e7\u00e3o de p\u00e1ginas de p\u00e1ginas &gt;&gt; Adicionar novo automaticamente deve iniciar aparecendo na barra de menu, Voc\u00ea tamb\u00e9m pode usar o menu personalizado de apar\u00eancia &gt;&gt; Menus.<\/p>\n<h4 class=\"joomla\">Configurando a barra lateral(vertical) Menu<\/h4>\n<p class=\"wordpress\">Ir para Apar\u00eancia-&gt; Widgets, Arrastar \u201cMenu personalizado\u201d Widget para \u00e1rea esquerda ou widget da barra lateral direita, configurar as op\u00e7\u00f5es e clique em Salvar.<\/p>\n<h4 class=\"joomla\">Edi\u00e7\u00e3o de conte\u00fado de Layout de grade<\/h4>\n<p class=\"wordpress\">layout de grade de conte\u00fado pode ser editado a partir de Apar\u00eancia -&gt; clique em \u2018Detalhes do Tema\u2019 -&gt; Op\u00e7\u00f5es de tema -&gt; Post \/ Conte\u00fado -&gt; Editar \u2018N\u00famero de Posts em Destaque\u2019 \u2018N\u00famero \/ das Colunas\u2019 -&gt; Clique em \u2018Salvar op\u00e7\u00f5es\u2019.<\/p>\n<h4 class=\"joomla\">Links rodap\u00e9<\/h4>\n<p class=\"wordpress\">Ir a apar\u00eancia &gt;&gt; Widgets &gt;&gt; arrastar o Widget de texto a um do Widget de rodap\u00e9 dispon\u00edvel &gt;&gt; adicionar HTML\/texto desejado nele e salvar.<\/p>\n<h4 class=\"joomla\">Criar p\u00e1ginas\/Posts<\/h4>\n<p class=\"wordpress\">Agora voc\u00ea pode adicionar novas p\u00e1ginas ou Posts e entrada\/gravar o conte\u00fado desejadas\/imagens neles de links de p\u00e1ginas e Posts que est\u00e3o no menu do lado esquerdo no seu WordPress admin.<\/p>\n<p><a href=\"https:\/\/templatetoaster.com\/wp-content\/uploads\/2017\/10\/Upload_Install_WooCommerce_WordPress_Theme_step1.jpg\"><img loading=\"lazy\" decoding=\"async\" class=\"aligncenter size-large wp-image-3181\" src=\"https:\/\/templatetoaster.com\/wp-content\/uploads\/2017\/10\/Upload_Install_WooCommerce_WordPress_Theme_step1-1024x500.jpg\" alt=\"Upload_Install_WooCommerce_WordPress_Theme_step1\" width=\"900\" height=\"439\" srcset=\"https:\/\/templatetoaster.com\/wp-content\/uploads\/2017\/10\/Upload_Install_WooCommerce_WordPress_Theme_step1-1024x500.jpg 1024w, https:\/\/templatetoaster.com\/wp-content\/uploads\/2017\/10\/Upload_Install_WooCommerce_WordPress_Theme_step1-1000x489.jpg 1000w, https:\/\/templatetoaster.com\/wp-content\/uploads\/2017\/10\/Upload_Install_WooCommerce_WordPress_Theme_step1-300x147.jpg 300w, https:\/\/templatetoaster.com\/wp-content\/uploads\/2017\/10\/Upload_Install_WooCommerce_WordPress_Theme_step1.jpg 1349w\" sizes=\"(max-width: 900px) 100vw, 900px\" \/><\/a><\/p>\n<p><a href=\"https:\/\/templatetoaster.com\/wp-content\/uploads\/2017\/10\/Upload_Install_WooCommerce_WordPress_Theme_step2.jpg\"><img loading=\"lazy\" decoding=\"async\" class=\"aligncenter size-large wp-image-3182\" src=\"https:\/\/templatetoaster.com\/wp-content\/uploads\/2017\/10\/Upload_Install_WooCommerce_WordPress_Theme_step2-1024x500.jpg\" alt=\"Upload_Install_WooCommerce_WordPress_Theme_step2\" width=\"900\" height=\"439\" srcset=\"https:\/\/templatetoaster.com\/wp-content\/uploads\/2017\/10\/Upload_Install_WooCommerce_WordPress_Theme_step2-1024x500.jpg 1024w, https:\/\/templatetoaster.com\/wp-content\/uploads\/2017\/10\/Upload_Install_WooCommerce_WordPress_Theme_step2-1000x489.jpg 1000w, https:\/\/templatetoaster.com\/wp-content\/uploads\/2017\/10\/Upload_Install_WooCommerce_WordPress_Theme_step2-300x147.jpg 300w, https:\/\/templatetoaster.com\/wp-content\/uploads\/2017\/10\/Upload_Install_WooCommerce_WordPress_Theme_step2.jpg 1349w\" sizes=\"(max-width: 900px) 100vw, 900px\" \/><\/a><\/p>\n<p><a href=\"https:\/\/templatetoaster.com\/wp-content\/uploads\/2017\/10\/Upload_Install_WooCommerce_WordPress_Theme_step3.jpg\"><img loading=\"lazy\" decoding=\"async\" class=\"aligncenter size-large wp-image-3183\" src=\"https:\/\/templatetoaster.com\/wp-content\/uploads\/2017\/10\/Upload_Install_WooCommerce_WordPress_Theme_step3-1024x500.jpg\" alt=\"Upload_Install_WooCommerce_WordPress_Theme_step3\" width=\"900\" height=\"439\" srcset=\"https:\/\/templatetoaster.com\/wp-content\/uploads\/2017\/10\/Upload_Install_WooCommerce_WordPress_Theme_step3-1024x500.jpg 1024w, https:\/\/templatetoaster.com\/wp-content\/uploads\/2017\/10\/Upload_Install_WooCommerce_WordPress_Theme_step3-1000x489.jpg 1000w, https:\/\/templatetoaster.com\/wp-content\/uploads\/2017\/10\/Upload_Install_WooCommerce_WordPress_Theme_step3-300x147.jpg 300w, https:\/\/templatetoaster.com\/wp-content\/uploads\/2017\/10\/Upload_Install_WooCommerce_WordPress_Theme_step3.jpg 1349w\" sizes=\"(max-width: 900px) 100vw, 900px\" \/><\/a><\/p>\n<p><a href=\"https:\/\/templatetoaster.com\/wp-content\/uploads\/2017\/10\/Upload_Install_WooCommerce_WordPress_Theme_step4.jpg\"><img loading=\"lazy\" decoding=\"async\" class=\"aligncenter size-large wp-image-3184\" src=\"https:\/\/templatetoaster.com\/wp-content\/uploads\/2017\/10\/Upload_Install_WooCommerce_WordPress_Theme_step4-1024x500.jpg\" alt=\"Upload_Install_WooCommerce_WordPress_Theme_step4\" width=\"900\" height=\"439\" srcset=\"https:\/\/templatetoaster.com\/wp-content\/uploads\/2017\/10\/Upload_Install_WooCommerce_WordPress_Theme_step4-1024x500.jpg 1024w, https:\/\/templatetoaster.com\/wp-content\/uploads\/2017\/10\/Upload_Install_WooCommerce_WordPress_Theme_step4-1000x489.jpg 1000w, https:\/\/templatetoaster.com\/wp-content\/uploads\/2017\/10\/Upload_Install_WooCommerce_WordPress_Theme_step4-300x147.jpg 300w, https:\/\/templatetoaster.com\/wp-content\/uploads\/2017\/10\/Upload_Install_WooCommerce_WordPress_Theme_step4.jpg 1349w\" sizes=\"(max-width: 900px) 100vw, 900px\" \/><\/a><\/p>\n<p><a href=\"https:\/\/templatetoaster.com\/wp-content\/uploads\/2017\/10\/Upload_Install_WooCommerce_WordPress_Theme_step5.jpg\"><img loading=\"lazy\" decoding=\"async\" class=\"aligncenter size-large wp-image-3185\" src=\"https:\/\/templatetoaster.com\/wp-content\/uploads\/2017\/10\/Upload_Install_WooCommerce_WordPress_Theme_step5-1024x500.jpg\" alt=\"Upload_Install_WooCommerce_WordPress_Theme_step5\" width=\"900\" height=\"439\" srcset=\"https:\/\/templatetoaster.com\/wp-content\/uploads\/2017\/10\/Upload_Install_WooCommerce_WordPress_Theme_step5-1024x500.jpg 1024w, https:\/\/templatetoaster.com\/wp-content\/uploads\/2017\/10\/Upload_Install_WooCommerce_WordPress_Theme_step5-1000x489.jpg 1000w, https:\/\/templatetoaster.com\/wp-content\/uploads\/2017\/10\/Upload_Install_WooCommerce_WordPress_Theme_step5-300x147.jpg 300w, https:\/\/templatetoaster.com\/wp-content\/uploads\/2017\/10\/Upload_Install_WooCommerce_WordPress_Theme_step5.jpg 1349w\" sizes=\"(max-width: 900px) 100vw, 900px\" \/><\/a><\/p>\n<p><a href=\"https:\/\/templatetoaster.com\/wp-content\/uploads\/2017\/10\/Upload_Install_WooCommerce_WordPress_Theme_step6.jpg\"><img loading=\"lazy\" decoding=\"async\" class=\"aligncenter size-large wp-image-3186\" src=\"https:\/\/templatetoaster.com\/wp-content\/uploads\/2017\/10\/Upload_Install_WooCommerce_WordPress_Theme_step6-1024x494.jpg\" alt=\"Upload_Install_WooCommerce_WordPress_Theme_step6\" width=\"900\" height=\"434\" srcset=\"https:\/\/templatetoaster.com\/wp-content\/uploads\/2017\/10\/Upload_Install_WooCommerce_WordPress_Theme_step6-1024x494.jpg 1024w, https:\/\/templatetoaster.com\/wp-content\/uploads\/2017\/10\/Upload_Install_WooCommerce_WordPress_Theme_step6-1000x482.jpg 1000w, https:\/\/templatetoaster.com\/wp-content\/uploads\/2017\/10\/Upload_Install_WooCommerce_WordPress_Theme_step6-300x145.jpg 300w, https:\/\/templatetoaster.com\/wp-content\/uploads\/2017\/10\/Upload_Install_WooCommerce_WordPress_Theme_step6.jpg 1366w\" sizes=\"(max-width: 900px) 100vw, 900px\" \/><\/a><\/p>\n<p><a href=\"https:\/\/templatetoaster.com\/wp-content\/uploads\/2017\/10\/Upload_Install_WooCommerce_WordPress_Theme_step7.jpg\"><img loading=\"lazy\" decoding=\"async\" class=\"aligncenter size-large wp-image-3187\" src=\"https:\/\/templatetoaster.com\/wp-content\/uploads\/2017\/10\/Upload_Install_WooCommerce_WordPress_Theme_step7-1024x500.jpg\" alt=\"Upload_Install_WooCommerce_WordPress_Theme_step7\" width=\"900\" height=\"439\" srcset=\"https:\/\/templatetoaster.com\/wp-content\/uploads\/2017\/10\/Upload_Install_WooCommerce_WordPress_Theme_step7-1024x500.jpg 1024w, https:\/\/templatetoaster.com\/wp-content\/uploads\/2017\/10\/Upload_Install_WooCommerce_WordPress_Theme_step7-1000x489.jpg 1000w, https:\/\/templatetoaster.com\/wp-content\/uploads\/2017\/10\/Upload_Install_WooCommerce_WordPress_Theme_step7-300x147.jpg 300w, https:\/\/templatetoaster.com\/wp-content\/uploads\/2017\/10\/Upload_Install_WooCommerce_WordPress_Theme_step7.jpg 1349w\" sizes=\"(max-width: 900px) 100vw, 900px\" \/><\/a><\/p>\n<\/div>\n","protected":false},"excerpt":{"rendered":"<p>Como fazer upload de instalar e configurar WordPress Temas &nbsp; Como criar WordPress Theme em TemplateToaster Como fazer upload de TemplateToaster gerado Theme no WordPress &nbsp; Criando e exportando WordPress temas Lan\u00e7amento TemplateToaster e selecione WordPress, Agora voc\u00ea pode come\u00e7ar &hellip; <a href=\"https:\/\/templatetoaster.com\/pt-br\/wordpress\">Continue Reading<span class=\"meta-nav\">&rarr;<\/span><\/a><\/p>\n","protected":false},"author":1,"featured_media":0,"parent":0,"menu_order":0,"comment_status":"closed","ping_status":"closed","template":"PageTemplate1.php","meta":{"footnotes":""},"yoast_head":"<!-- This site is optimized with the Yoast SEO plugin v23.5 - https:\/\/yoast.com\/wordpress\/plugins\/seo\/ -->\n<title>Como fazer upload de instalar e configurar temas do WordPress - TemplateToaster<\/title>\n<meta name=\"description\" content=\"Instru\u00e7\u00e3o sobre como fazer upload de instala\u00e7\u00e3o e configurar temas do WordPress\" \/>\n<meta name=\"robots\" content=\"index, follow, max-snippet:-1, max-image-preview:large, max-video-preview:-1\" \/>\n<link rel=\"canonical\" href=\"https:\/\/templatetoaster.com\/pt-br\/wordpress\" \/>\n<meta property=\"og:locale\" content=\"pt_BR\" \/>\n<meta property=\"og:type\" content=\"article\" \/>\n<meta property=\"og:title\" content=\"Como fazer upload de instalar e configurar temas do WordPress - TemplateToaster\" \/>\n<meta property=\"og:description\" content=\"Instru\u00e7\u00e3o sobre como fazer upload de instala\u00e7\u00e3o e configurar temas do WordPress\" \/>\n<meta property=\"og:url\" content=\"https:\/\/templatetoaster.com\/pt-br\/wordpress\" \/>\n<meta property=\"og:site_name\" content=\"TemplateToaster\" \/>\n<meta property=\"article:publisher\" content=\"https:\/\/www.facebook.com\/TemplateToaster\" \/>\n<meta property=\"article:modified_time\" content=\"2019-08-13T11:40:45+00:00\" \/>\n<meta property=\"og:image\" content=\"https:\/\/templatetoaster.com\/wp-content\/uploads\/2018\/02\/youtube.png\" \/>\n<meta name=\"twitter:card\" content=\"summary_large_image\" \/>\n<meta name=\"twitter:site\" content=\"@templatetoaster\" \/>\n<meta name=\"twitter:label1\" content=\"Est. tempo de leitura\" \/>\n\t<meta name=\"twitter:data1\" content=\"2 minutos\" \/>\n<script type=\"application\/ld+json\" class=\"yoast-schema-graph\">{\"@context\":\"https:\/\/schema.org\",\"@graph\":[{\"@type\":\"WebPage\",\"@id\":\"https:\/\/templatetoaster.com\/pt-br\/wordpress\",\"url\":\"https:\/\/templatetoaster.com\/pt-br\/wordpress\",\"name\":\"Como fazer upload de instalar e configurar temas do WordPress - TemplateToaster\",\"isPartOf\":{\"@id\":\"https:\/\/templatetoaster.com\/#website\"},\"primaryImageOfPage\":{\"@id\":\"https:\/\/templatetoaster.com\/pt-br\/wordpress#primaryimage\"},\"image\":{\"@id\":\"https:\/\/templatetoaster.com\/pt-br\/wordpress#primaryimage\"},\"thumbnailUrl\":\"https:\/\/templatetoaster.com\/wp-content\/uploads\/2018\/02\/youtube.png\",\"datePublished\":\"2018-04-11T06:41:01+00:00\",\"dateModified\":\"2019-08-13T11:40:45+00:00\",\"description\":\"Instru\u00e7\u00e3o sobre como fazer upload de instala\u00e7\u00e3o e configurar temas do WordPress\",\"breadcrumb\":{\"@id\":\"https:\/\/templatetoaster.com\/pt-br\/wordpress#breadcrumb\"},\"inLanguage\":\"pt-BR\",\"potentialAction\":[{\"@type\":\"ReadAction\",\"target\":[\"https:\/\/templatetoaster.com\/pt-br\/wordpress\"]}]},{\"@type\":\"ImageObject\",\"inLanguage\":\"pt-BR\",\"@id\":\"https:\/\/templatetoaster.com\/pt-br\/wordpress#primaryimage\",\"url\":\"https:\/\/templatetoaster.com\/wp-content\/uploads\/2018\/02\/youtube.png\",\"contentUrl\":\"https:\/\/templatetoaster.com\/wp-content\/uploads\/2018\/02\/youtube.png\"},{\"@type\":\"BreadcrumbList\",\"@id\":\"https:\/\/templatetoaster.com\/pt-br\/wordpress#breadcrumb\",\"itemListElement\":[{\"@type\":\"ListItem\",\"position\":1,\"name\":\"Home\",\"item\":\"https:\/\/templatetoaster.com\/pt-br\"},{\"@type\":\"ListItem\",\"position\":2,\"name\":\"Como fazer upload de instalar e configurar temas do WordPress\"}]},{\"@type\":\"WebSite\",\"@id\":\"https:\/\/templatetoaster.com\/#website\",\"url\":\"https:\/\/templatetoaster.com\/\",\"name\":\"TemplateToaster\",\"description\":\"\",\"publisher\":{\"@id\":\"https:\/\/templatetoaster.com\/#organization\"},\"inLanguage\":\"pt-BR\"},{\"@type\":\"Organization\",\"@id\":\"https:\/\/templatetoaster.com\/#organization\",\"name\":\"TemplateToaster\",\"url\":\"https:\/\/templatetoaster.com\/\",\"logo\":{\"@type\":\"ImageObject\",\"inLanguage\":\"pt-BR\",\"@id\":\"https:\/\/templatetoaster.com\/#\/schema\/logo\/image\/\",\"url\":\"https:\/\/templatetoaster.com\/wp-content\/uploads\/2019\/11\/TemplateToaster_Logo.jpg\",\"contentUrl\":\"https:\/\/templatetoaster.com\/wp-content\/uploads\/2019\/11\/TemplateToaster_Logo.jpg\",\"width\":85,\"height\":85,\"caption\":\"TemplateToaster\"},\"image\":{\"@id\":\"https:\/\/templatetoaster.com\/#\/schema\/logo\/image\/\"},\"sameAs\":[\"https:\/\/www.facebook.com\/TemplateToaster\",\"https:\/\/x.com\/templatetoaster\",\"https:\/\/www.instagram.com\/templatetoaster\/\",\"https:\/\/www.linkedin.com\/company\/templatetoaster\/\",\"https:\/\/www.pinterest.com\/templatetoaster\/\",\"https:\/\/www.youtube.com\/@TemplateToaster\"]}]}<\/script>\n<!-- \/ Yoast SEO plugin. -->","yoast_head_json":{"title":"Como fazer upload de instalar e configurar temas do WordPress - TemplateToaster","description":"Instru\u00e7\u00e3o sobre como fazer upload de instala\u00e7\u00e3o e configurar temas do WordPress","robots":{"index":"index","follow":"follow","max-snippet":"max-snippet:-1","max-image-preview":"max-image-preview:large","max-video-preview":"max-video-preview:-1"},"canonical":"https:\/\/templatetoaster.com\/pt-br\/wordpress","og_locale":"pt_BR","og_type":"article","og_title":"Como fazer upload de instalar e configurar temas do WordPress - TemplateToaster","og_description":"Instru\u00e7\u00e3o sobre como fazer upload de instala\u00e7\u00e3o e configurar temas do WordPress","og_url":"https:\/\/templatetoaster.com\/pt-br\/wordpress","og_site_name":"TemplateToaster","article_publisher":"https:\/\/www.facebook.com\/TemplateToaster","article_modified_time":"2019-08-13T11:40:45+00:00","og_image":[{"url":"https:\/\/templatetoaster.com\/wp-content\/uploads\/2018\/02\/youtube.png"}],"twitter_card":"summary_large_image","twitter_site":"@templatetoaster","twitter_misc":{"Est. tempo de leitura":"2 minutos"},"schema":{"@context":"https:\/\/schema.org","@graph":[{"@type":"WebPage","@id":"https:\/\/templatetoaster.com\/pt-br\/wordpress","url":"https:\/\/templatetoaster.com\/pt-br\/wordpress","name":"Como fazer upload de instalar e configurar temas do WordPress - TemplateToaster","isPartOf":{"@id":"https:\/\/templatetoaster.com\/#website"},"primaryImageOfPage":{"@id":"https:\/\/templatetoaster.com\/pt-br\/wordpress#primaryimage"},"image":{"@id":"https:\/\/templatetoaster.com\/pt-br\/wordpress#primaryimage"},"thumbnailUrl":"https:\/\/templatetoaster.com\/wp-content\/uploads\/2018\/02\/youtube.png","datePublished":"2018-04-11T06:41:01+00:00","dateModified":"2019-08-13T11:40:45+00:00","description":"Instru\u00e7\u00e3o sobre como fazer upload de instala\u00e7\u00e3o e configurar temas do WordPress","breadcrumb":{"@id":"https:\/\/templatetoaster.com\/pt-br\/wordpress#breadcrumb"},"inLanguage":"pt-BR","potentialAction":[{"@type":"ReadAction","target":["https:\/\/templatetoaster.com\/pt-br\/wordpress"]}]},{"@type":"ImageObject","inLanguage":"pt-BR","@id":"https:\/\/templatetoaster.com\/pt-br\/wordpress#primaryimage","url":"https:\/\/templatetoaster.com\/wp-content\/uploads\/2018\/02\/youtube.png","contentUrl":"https:\/\/templatetoaster.com\/wp-content\/uploads\/2018\/02\/youtube.png"},{"@type":"BreadcrumbList","@id":"https:\/\/templatetoaster.com\/pt-br\/wordpress#breadcrumb","itemListElement":[{"@type":"ListItem","position":1,"name":"Home","item":"https:\/\/templatetoaster.com\/pt-br"},{"@type":"ListItem","position":2,"name":"Como fazer upload de instalar e configurar temas do WordPress"}]},{"@type":"WebSite","@id":"https:\/\/templatetoaster.com\/#website","url":"https:\/\/templatetoaster.com\/","name":"TemplateToaster","description":"","publisher":{"@id":"https:\/\/templatetoaster.com\/#organization"},"inLanguage":"pt-BR"},{"@type":"Organization","@id":"https:\/\/templatetoaster.com\/#organization","name":"TemplateToaster","url":"https:\/\/templatetoaster.com\/","logo":{"@type":"ImageObject","inLanguage":"pt-BR","@id":"https:\/\/templatetoaster.com\/#\/schema\/logo\/image\/","url":"https:\/\/templatetoaster.com\/wp-content\/uploads\/2019\/11\/TemplateToaster_Logo.jpg","contentUrl":"https:\/\/templatetoaster.com\/wp-content\/uploads\/2019\/11\/TemplateToaster_Logo.jpg","width":85,"height":85,"caption":"TemplateToaster"},"image":{"@id":"https:\/\/templatetoaster.com\/#\/schema\/logo\/image\/"},"sameAs":["https:\/\/www.facebook.com\/TemplateToaster","https:\/\/x.com\/templatetoaster","https:\/\/www.instagram.com\/templatetoaster\/","https:\/\/www.linkedin.com\/company\/templatetoaster\/","https:\/\/www.pinterest.com\/templatetoaster\/","https:\/\/www.youtube.com\/@TemplateToaster"]}]}},"_links":{"self":[{"href":"https:\/\/templatetoaster.com\/pt-br\/wp-json\/wp\/v2\/pages\/3840"}],"collection":[{"href":"https:\/\/templatetoaster.com\/pt-br\/wp-json\/wp\/v2\/pages"}],"about":[{"href":"https:\/\/templatetoaster.com\/pt-br\/wp-json\/wp\/v2\/types\/page"}],"author":[{"embeddable":true,"href":"https:\/\/templatetoaster.com\/pt-br\/wp-json\/wp\/v2\/users\/1"}],"replies":[{"embeddable":true,"href":"https:\/\/templatetoaster.com\/pt-br\/wp-json\/wp\/v2\/comments?post=3840"}],"version-history":[{"count":4,"href":"https:\/\/templatetoaster.com\/pt-br\/wp-json\/wp\/v2\/pages\/3840\/revisions"}],"predecessor-version":[{"id":64435,"href":"https:\/\/templatetoaster.com\/pt-br\/wp-json\/wp\/v2\/pages\/3840\/revisions\/64435"}],"wp:attachment":[{"href":"https:\/\/templatetoaster.com\/pt-br\/wp-json\/wp\/v2\/media?parent=3840"}],"curies":[{"name":"wp","href":"https:\/\/api.w.org\/{rel}","templated":true}]}}