{"id":3832,"date":"2018-04-11T06:31:13","date_gmt":"2018-04-11T06:31:13","guid":{"rendered":"http:\/\/templatetoaster.com?page_id=3832"},"modified":"2019-08-19T10:51:16","modified_gmt":"2019-08-19T10:51:16","slug":"criar-site-wordpress","status":"publish","type":"page","link":"https:\/\/templatetoaster.com\/pt-br\/criar-site-wordpress","title":{"rendered":"Criar Site WordPress"},"content":{"rendered":"<div class=\"section1 wp-theme-generator\">\n<div style=\"margin: 115px 0 16px;\">\n<h1>Criar site WordPress<\/h1>\n<p class=\"text-center\">Cria\u00e7\u00e3o de sites em WordPress em apenas alguns cliques.<\/p>\n<p>&nbsp;<\/p>\n<div style=\"text-align: center;\"><a class=\"btn download_btn\" href=\"https:\/\/templatetoaster.com\/pt-br\/download\">Download Now<\/a><\/div>\n<div class=\"clearfix\"><\/div>\n<\/div>\n<\/div>\n<p><!--- What is TemplateToaster Section ---><\/p>\n<div class=\"section2 wp-theme-generator\">\n<div class=\"section2-inner\">\n<h2>Por que escolher TemplateToaster para criar site WordPress?<\/h2>\n<p>N\u00f3s nos esfor\u00e7amos para fornecer-lhe a satisfa\u00e7\u00e3o do pr\u00f3ximo n\u00edvel. Seu cria\u00e7\u00e3o de sites wordpress ajuda voc\u00ea a executar sua ideia com o editor de arrastar e soltar f\u00e1cil de usar.<\/p>\n<\/div>\n<\/div>\n<p><!---- section 3 starts ---><\/p>\n<div class=\"section3 wp-theme-generator\">\n<div class=\"section3-inner\">\n<h2>Como criar um site wordpress?<\/h2>\n<div class=\"row\">\n<div class=\"col-lg-4 col-md-4 col-sm-6 col-xs-12\">\n<div class=\"media\">\n<div class=\"landing_page_svg\" style=\"background-position: 20px -690px; display: block; height: 115px; margin: auto; width: 142px;\"><\/div>\n<h3 class=\"text-center\">Download TemplateToaster<\/h3>\n<p class=\"text-center\">Primeiro, baixe e instale o TemplateToaster na sua m\u00e1quina local. E aproveite a experi\u00eancia ilimitada e explore as funcionalidades ao m\u00e1ximo.<\/p>\n<\/div>\n<\/div>\n<div class=\"clearfix visible-xs-block\"><\/div>\n<div class=\"col-lg-4 col-md-4 col-sm-6 col-xs-12\">\n<div class=\"media\">\n<div class=\"landing_page_svg\" style=\"background-position: -115px -690px; display: block; height: 115px; margin: auto; width: 142px;\"><\/div>\n<h3 class=\"text-center\">criar site com wordpress<\/h3>\n<p class=\"text-center\">Escolha um modelo de amostra, personalize e criar um site WordPress conforme a escolha ou comece do zero. D\u00ea um toque pessoal ao seu site<\/p>\n<\/div>\n<\/div>\n<div class=\"clearfix visible-sm-block visible-xs-block\"><\/div>\n<div class=\"col-lg-4 col-md-4 col-sm-6 col-xs-12\">\n<div class=\"media\">\n<div class=\"landing_page_svg\" style=\"background-position: -240px -690px; display: block; height: 115px; margin: auto; width: 142px;\"><\/div>\n<h3 class=\"text-center\">Exportar e Carregar<\/h3>\n<p class=\"text-center\">Exporte seus modelos e fa\u00e7a o upload para o servidor de hospedagem<\/p>\n<\/div>\n<\/div>\n<div class=\"clearfix visible-lg-block visible-md-block visible-sm-block visible-xs-block\"><\/div>\n<\/div>\n<\/div>\n<\/div>\n<div class=\"section4 wp-theme-generator\">\n<h2 style=\"text-transform: none;\">TemplateToaster criar site wordpress que fortalece seu site com recursos poderosos<\/h2>\n<p class=\"section4-paragraph\">Nosso construtor de sites WordPress est\u00e1 repleto de recursos que permitem criar sites responsivos do WordPress em um piscar de olhos.<\/p>\n<div class=\"row\">\n<div class=\"col-lg-4 col-md-4 col-sm-6 col-sx-12\">\n<div style=\"padding: 20px;\">\n<div class=\"text-center\">\n<div class=\"wp_feature landing_page_svg\" style=\"margin-right: 10px; display: inline-block; float: none; vertical-align: middle; background-position: -76px -10px;\"><\/div>\n<\/div>\n<h3 style=\"margin: 20px 0px 10px; text-align: center;\">Plugin Friendly Website<\/h3>\n<p class=\"text-center\">Construtor de sites WordPress oferece a voc\u00ea todos os principais plug-ins compat\u00edveis. Todos os plugins como SEO, Anti-spam, Otimiza\u00e7\u00e3o de velocidade, Tradu\u00e7\u00e3o, Formul\u00e1rio de Contato 7, Yoast, Akismet, Cache Total W3, Sucuri, WPML etc.<\/p>\n<\/div>\n<\/div>\n<div class=\"clearfix visible-xs-block\"><\/div>\n<div class=\"col-lg-4 col-md-4 col-sm-6 col-sx-12\">\n<div style=\"padding: 20px;\">\n<div class=\"text-center\">\n<div class=\"wp_feature landing_page_svg\" style=\"margin-right: 10px; display: inline-block; float: none; vertical-align: middle; background-position: -145px -4px;\"><\/div>\n<\/div>\n<h3 style=\"margin: 20px 0 10px; text-align: center;\">Custome Menu<\/h3>\n<p class=\"text-center\">Permite criar v\u00e1rios menus e liberdade para colocar em qualquer lugar do site, como cabe\u00e7alho, rodap\u00e9, menu m\u00f3vel, submenu, etc. voc\u00ea pode criar o estilo que desejar da vertical, horizontal, dobr\u00e1vel, vis\u00edvel para mega tudo est\u00e1 dispon\u00edvel.<\/p>\n<\/div>\n<\/div>\n<div class=\"clearfix visible-sm-block visible-xs-block\"><\/div>\n<div class=\"col-md-4 col-sm-6 col-sx-12\">\n<div style=\"padding: 20px;\">\n<div class=\"text-center\">\n<div class=\"wp_feature landing_page_svg\" style=\"float: none; height: 52px; vertical-align: middle; width: 44px; display: inline-block; background-position: -12px -82px;\"><\/div>\n<\/div>\n<h3 style=\"margin: 20px 0 10px; text-align: center;\">Compatibilidade WooCommerce<\/h3>\n<p class=\"text-center\">Designs surpreendentemente responsivos com barras laterais flex\u00edveis e navega\u00e7\u00e3o incompar\u00e1vel oferecem um website totalmente compat\u00edvel com o WooCommerce. Isso ajudar\u00e1 voc\u00ea a come\u00e7ar rapidamente com o WooCommerce pr\u00e9-instalado<\/p>\n<\/div>\n<\/div>\n<div class=\"clearfix visible-lg-block visible-md-block visible-xs-block\"><\/div>\n<div class=\"col-md-4 col-sm-6 col-sx-12\">\n<div style=\"padding: 20px;\">\n<div class=\"text-center\">\n<div class=\"wp_feature landing_page_svg\" style=\"margin-right: 10px; display: inline-block; float: none; vertical-align: middle; background-position: -65px -80px;\"><\/div>\n<\/div>\n<h3 style=\"margin: 20px 0 10px; text-align: center;\">Compat\u00edvel com Bootstrap<\/h3>\n<p class=\"text-center\">A \u00faltima vers\u00e3o do framework Bootstrap \u00e9 implementada. Portanto, \u00e9 muito f\u00e1cil renovar o site a qualquer momento. Se voc\u00ea est\u00e1 pouco ciente do painel, pode faz\u00ea-lo sozinho e economizar seu dinheiro.<\/p>\n<\/div>\n<\/div>\n<div class=\"clearfix visible-sm-block visible-xs-block\"><\/div>\n<div class=\"col-md-4 col-sm-6 col-sx-12\">\n<div style=\"padding: 20px;\">\n<div class=\"text-center\">\n<div class=\"wp_feature landing_page_svg\" style=\"margin-right: 10px; display: inline-block; float: none; vertical-align: middle; background-position: -125px -80px; width: 66px;\"><\/div>\n<\/div>\n<h3 style=\"margin: 20px 0 10px; text-align: center;\">HTML and CSS3<\/h3>\n<p class=\"text-center\">O papel indispens\u00e1vel do HTML &amp; amp; O CSS3 est\u00e1 dominando a ind\u00fastria da web e nosso revolucion\u00e1rio construtor de sites WordPress permite que voc\u00ea gere um site maravilhoso em minutos. A velocidade acelerada n\u00e3o permite que o site fique lento.<\/p>\n<\/div>\n<\/div>\n<div class=\"clearfix visible-xs-block\"><\/div>\n<div class=\"col-md-4 col-sm-6 col-sx-12\">\n<div style=\"padding: 20px;\">\n<div class=\"text-center\">\n<div class=\"wp_feature landing_page_svg\" style=\"float: none; height: 52px; vertical-align: middle; width: 80px; display: inline-block; background-position: -215px -78px;\"><\/div>\n<\/div>\n<h3 style=\"margin: 20px 0 10px; text-align: center;\">Galeria de imagens de imagens<\/h3>\n<p class=\"text-center\">Voc\u00ea n\u00e3o precisa sair da interface ao criar um controle deslizante. Voc\u00ea encontrar\u00e1 tudo aqui na biblioteca, desde imagens de arquivo at\u00e9 logotipos com licen\u00e7a de creative commons. Ent\u00e3o, crie livremente.<\/p>\n<\/div>\n<\/div>\n<div class=\"clearfix visible-lg-block visible-md-block visible-sm-block visible-xs-block\"><\/div>\n<div class=\"col-md-4 col-sm-6 col-sx-12\">\n<div style=\"padding: 20px;\">\n<div class=\"text-center\">\n<div class=\"wp_feature landing_page_svg\" style=\"margin-right: 10px; display: inline-block; float: none; vertical-align: middle; background-position: -302px -80px; width: 60px;\"><\/div>\n<\/div>\n<h3 style=\"margin: 20px 0 10px; text-align: center;\">Design de \u00e1rea de widgets<\/h3>\n<p class=\"text-center\">\u00c9 bastante simples criar uma \u00e1rea de widget neste construtor de sites do WordPress. Para criar um site WordPress, voc\u00ea pode criar quantas \u00e1reas de widgets desejar. E aproveite v\u00e1rias op\u00e7\u00f5es avan\u00e7adas de design. .<\/p>\n<\/div>\n<\/div>\n<div class=\"clearfix visible-xs-block\"><\/div>\n<div class=\"col-md-4 col-sm-6 col-sx-12\">\n<div style=\"padding: 20px;\">\n<div class=\"text-center\">\n<div class=\"wp_feature landing_page_svg\" style=\"margin-right: 10px; display: inline-block; float: none; vertical-align: middle; background-position: -10px -153px;\"><\/div>\n<\/div>\n<h3 style=\"margin: 20px 0 10px; text-align: center;\">WYSIWYG Editor<\/h3>\n<p class=\"text-center\">O editor WYSIWYG \u00e9 incr\u00edvel e oferece exatamente o que voc\u00ea v\u00ea. Este cria\u00e7\u00e3o de sites wordpress oferece a oportunidade de experimentar a beleza do editor WYSIWYG e ver tudo sem ter que sair do painel.<\/p>\n<\/div>\n<\/div>\n<div class=\"clearfix visible-xs-block\"><\/div>\n<div class=\"col-md-4 col-sm-6 col-sx-12\">\n<div style=\"padding: 20px;\">\n<h3 style=\"margin: 20px 0 10px; text-align: center;\">Theme Options<\/h3>\n<p class=\"text-center\">Estilize seu site sem se envolver na codifica\u00e7\u00e3o. Basta ir ao menu de op\u00e7\u00f5es de tema e fazer a altera\u00e7\u00e3o para qualquer op\u00e7\u00e3o que voc\u00ea gosta, como texto de rodap\u00e9, imagem de apresenta\u00e7\u00e3o de slides, imagem de cabe\u00e7alho, logotipo, configura\u00e7\u00f5es de SEO etc. simplesmente do seu painel do WordPress.<\/p>\n<\/div>\n<\/div>\n<div class=\"clearfix visible-lg-block visible-md-block visible-sm-block visible-xs-block\"><\/div>\n<\/div>\n<\/div>\n<div class=\"section7 wp-theme-generator\" style=\"padding: 100px 10px; background-color: #fff; margin-bottom: 2px;\">\n<h2 style=\"text-transform: none;\">Our Standards<\/h2>\n<div class=\"row\">\n<div class=\"col-lg-4 col-md-4 col-sm-6 col-xs-12\">\n<div style=\"padding: 20px;\">\n<div class=\"text-center\">\n<div class=\"wp_feature landing_page_svg\" style=\"margin-right: 10px; display: inline-block; float: none; vertical-align: middle; background-position: -75px -153px; width: 75px;\"><\/div>\n<\/div>\n<h3 style=\"margin: 20px 0px 10px; text-align: center;\">W3C Validation<\/h3>\n<p class=\"text-center\">Todo e qualquer site rec\u00e9m-criado est\u00e1 em conformidade com os padr\u00f5es do W3C. Esses sites funcionam perfeitamente em todos os principais navegadores da web.<\/p>\n<\/div>\n<\/div>\n<div class=\"clearfix visible-xs-block\"><\/div>\n<div class=\"col-lg-4 col-md-4 col-sm-6 col-xs-12\">\n<div style=\"padding: 20px;\">\n<div class=\"text-center\">\n<div class=\"wp_feature landing_page_svg\" style=\"margin-right: 10px; display: inline-block; float: none; vertical-align: middle; background-position: -12px -10px;\"><\/div>\n<\/div>\n<h3 style=\"margin: 20px 0 10px; text-align: center;\">WordPress Standard Compliance<\/h3>\n<p class=\"text-center\">Seu site est\u00e1 em conformidade com as diretrizes padr\u00e3o do WordPress. Isso significa que seu site est\u00e1 em boas m\u00e3os e funcionar\u00e1 perfeitamente sem problemas.<\/p>\n<\/div>\n<\/div>\n<div class=\"clearfix visible-sm-block visible-xs-block\"><\/div>\n<div class=\"col-lg-4 col-md-4 col-sm-6 col-xs-12\">\n<div style=\"padding: 20px;\">\n<div class=\"text-center\">\n<div class=\"wp_feature landing_page_svg\" style=\"margin-right: 10px; display: inline-block; float: none; vertical-align: middle; background-position: -260px -147px; width: 65px;\"><\/div>\n<\/div>\n<h3 style=\"margin: 20px 0 10px; text-align: center;\">Page Speed<\/h3>\n<p class=\"text-center\">Os sites WordPress gerados pelo TempalteToaster s\u00e3o t\u00e3o leves e r\u00e1pidos. Eles passam pelos testes de velocidade da p\u00e1gina e n\u00e3o demoram mais para carregar.<\/p>\n<\/div>\n<\/div>\n<div class=\"clearfix visible-lg-block visible-md-block visible-xs-block\"><\/div>\n<\/div>\n<\/div>\n","protected":false},"excerpt":{"rendered":"<p>Criar site WordPress Cria\u00e7\u00e3o de sites em WordPress em apenas alguns cliques. &nbsp; Download Now Por que escolher TemplateToaster para criar site WordPress? N\u00f3s nos esfor\u00e7amos para fornecer-lhe a satisfa\u00e7\u00e3o do pr\u00f3ximo n\u00edvel. Seu cria\u00e7\u00e3o de sites wordpress ajuda voc\u00ea &hellip; <a href=\"https:\/\/templatetoaster.com\/pt-br\/criar-site-wordpress\">Continue Reading<span class=\"meta-nav\">&rarr;<\/span><\/a><\/p>\n","protected":false},"author":1,"featured_media":0,"parent":0,"menu_order":0,"comment_status":"closed","ping_status":"closed","template":"","meta":{"footnotes":""},"yoast_head":"<!-- This site is optimized with the Yoast SEO plugin v23.5 - https:\/\/yoast.com\/wordpress\/plugins\/seo\/ -->\n<title>Criar Site WordPress - TemplateToaster<\/title>\n<meta name=\"description\" content=\"Cria\u00e7\u00e3o de sites em wordpress em apenas alguns cliques. criar site WordPress que fortalece seu site com recursos poderosos\" \/>\n<meta name=\"robots\" content=\"index, follow, max-snippet:-1, max-image-preview:large, max-video-preview:-1\" \/>\n<link rel=\"canonical\" href=\"https:\/\/templatetoaster.com\/pt-br\/criar-site-wordpress\" \/>\n<meta property=\"og:locale\" content=\"pt_BR\" \/>\n<meta property=\"og:type\" content=\"article\" \/>\n<meta property=\"og:title\" content=\"Criar Site WordPress - TemplateToaster\" \/>\n<meta property=\"og:description\" content=\"Cria\u00e7\u00e3o de sites em wordpress em apenas alguns cliques. criar site WordPress que fortalece seu site com recursos poderosos\" \/>\n<meta property=\"og:url\" content=\"https:\/\/templatetoaster.com\/pt-br\/criar-site-wordpress\" \/>\n<meta property=\"og:site_name\" content=\"TemplateToaster\" \/>\n<meta property=\"article:publisher\" content=\"https:\/\/www.facebook.com\/TemplateToaster\" \/>\n<meta property=\"article:modified_time\" content=\"2019-08-19T10:51:16+00:00\" \/>\n<meta property=\"og:image\" content=\"https:\/\/templatetoaster.com\/wp-content\/uploads\/2015\/07\/TemplateToaster-325X325.png\" \/>\n\t<meta property=\"og:image:width\" content=\"325\" \/>\n\t<meta property=\"og:image:height\" content=\"325\" \/>\n\t<meta property=\"og:image:type\" content=\"image\/png\" \/>\n<meta name=\"twitter:card\" content=\"summary_large_image\" \/>\n<meta name=\"twitter:site\" content=\"@templatetoaster\" \/>\n<meta name=\"twitter:label1\" content=\"Est. tempo de leitura\" \/>\n\t<meta name=\"twitter:data1\" content=\"3 minutos\" \/>\n<script type=\"application\/ld+json\" class=\"yoast-schema-graph\">{\"@context\":\"https:\/\/schema.org\",\"@graph\":[{\"@type\":\"WebPage\",\"@id\":\"https:\/\/templatetoaster.com\/pt-br\/criar-site-wordpress\",\"url\":\"https:\/\/templatetoaster.com\/pt-br\/criar-site-wordpress\",\"name\":\"Criar Site WordPress - TemplateToaster\",\"isPartOf\":{\"@id\":\"https:\/\/templatetoaster.com\/#website\"},\"datePublished\":\"2018-04-11T06:31:13+00:00\",\"dateModified\":\"2019-08-19T10:51:16+00:00\",\"description\":\"Cria\u00e7\u00e3o de sites em wordpress em apenas alguns cliques. criar site WordPress que fortalece seu site com recursos poderosos\",\"breadcrumb\":{\"@id\":\"https:\/\/templatetoaster.com\/pt-br\/criar-site-wordpress#breadcrumb\"},\"inLanguage\":\"pt-BR\",\"potentialAction\":[{\"@type\":\"ReadAction\",\"target\":[\"https:\/\/templatetoaster.com\/pt-br\/criar-site-wordpress\"]}]},{\"@type\":\"BreadcrumbList\",\"@id\":\"https:\/\/templatetoaster.com\/pt-br\/criar-site-wordpress#breadcrumb\",\"itemListElement\":[{\"@type\":\"ListItem\",\"position\":1,\"name\":\"Home\",\"item\":\"https:\/\/templatetoaster.com\/pt-br\"},{\"@type\":\"ListItem\",\"position\":2,\"name\":\"Criar Site WordPress\"}]},{\"@type\":\"WebSite\",\"@id\":\"https:\/\/templatetoaster.com\/#website\",\"url\":\"https:\/\/templatetoaster.com\/\",\"name\":\"TemplateToaster\",\"description\":\"\",\"publisher\":{\"@id\":\"https:\/\/templatetoaster.com\/#organization\"},\"inLanguage\":\"pt-BR\"},{\"@type\":\"Organization\",\"@id\":\"https:\/\/templatetoaster.com\/#organization\",\"name\":\"TemplateToaster\",\"url\":\"https:\/\/templatetoaster.com\/\",\"logo\":{\"@type\":\"ImageObject\",\"inLanguage\":\"pt-BR\",\"@id\":\"https:\/\/templatetoaster.com\/#\/schema\/logo\/image\/\",\"url\":\"https:\/\/templatetoaster.com\/wp-content\/uploads\/2019\/11\/TemplateToaster_Logo.jpg\",\"contentUrl\":\"https:\/\/templatetoaster.com\/wp-content\/uploads\/2019\/11\/TemplateToaster_Logo.jpg\",\"width\":85,\"height\":85,\"caption\":\"TemplateToaster\"},\"image\":{\"@id\":\"https:\/\/templatetoaster.com\/#\/schema\/logo\/image\/\"},\"sameAs\":[\"https:\/\/www.facebook.com\/TemplateToaster\",\"https:\/\/x.com\/templatetoaster\",\"https:\/\/www.instagram.com\/templatetoaster\/\",\"https:\/\/www.linkedin.com\/company\/templatetoaster\/\",\"https:\/\/www.pinterest.com\/templatetoaster\/\",\"https:\/\/www.youtube.com\/@TemplateToaster\"]}]}<\/script>\n<!-- \/ Yoast SEO plugin. -->","yoast_head_json":{"title":"Criar Site WordPress - TemplateToaster","description":"Cria\u00e7\u00e3o de sites em wordpress em apenas alguns cliques. criar site WordPress que fortalece seu site com recursos poderosos","robots":{"index":"index","follow":"follow","max-snippet":"max-snippet:-1","max-image-preview":"max-image-preview:large","max-video-preview":"max-video-preview:-1"},"canonical":"https:\/\/templatetoaster.com\/pt-br\/criar-site-wordpress","og_locale":"pt_BR","og_type":"article","og_title":"Criar Site WordPress - TemplateToaster","og_description":"Cria\u00e7\u00e3o de sites em wordpress em apenas alguns cliques. criar site WordPress que fortalece seu site com recursos poderosos","og_url":"https:\/\/templatetoaster.com\/pt-br\/criar-site-wordpress","og_site_name":"TemplateToaster","article_publisher":"https:\/\/www.facebook.com\/TemplateToaster","article_modified_time":"2019-08-19T10:51:16+00:00","og_image":[{"width":325,"height":325,"url":"https:\/\/templatetoaster.com\/wp-content\/uploads\/2015\/07\/TemplateToaster-325X325.png","type":"image\/png"}],"twitter_card":"summary_large_image","twitter_site":"@templatetoaster","twitter_misc":{"Est. tempo de leitura":"3 minutos"},"schema":{"@context":"https:\/\/schema.org","@graph":[{"@type":"WebPage","@id":"https:\/\/templatetoaster.com\/pt-br\/criar-site-wordpress","url":"https:\/\/templatetoaster.com\/pt-br\/criar-site-wordpress","name":"Criar Site WordPress - TemplateToaster","isPartOf":{"@id":"https:\/\/templatetoaster.com\/#website"},"datePublished":"2018-04-11T06:31:13+00:00","dateModified":"2019-08-19T10:51:16+00:00","description":"Cria\u00e7\u00e3o de sites em wordpress em apenas alguns cliques. criar site WordPress que fortalece seu site com recursos poderosos","breadcrumb":{"@id":"https:\/\/templatetoaster.com\/pt-br\/criar-site-wordpress#breadcrumb"},"inLanguage":"pt-BR","potentialAction":[{"@type":"ReadAction","target":["https:\/\/templatetoaster.com\/pt-br\/criar-site-wordpress"]}]},{"@type":"BreadcrumbList","@id":"https:\/\/templatetoaster.com\/pt-br\/criar-site-wordpress#breadcrumb","itemListElement":[{"@type":"ListItem","position":1,"name":"Home","item":"https:\/\/templatetoaster.com\/pt-br"},{"@type":"ListItem","position":2,"name":"Criar Site WordPress"}]},{"@type":"WebSite","@id":"https:\/\/templatetoaster.com\/#website","url":"https:\/\/templatetoaster.com\/","name":"TemplateToaster","description":"","publisher":{"@id":"https:\/\/templatetoaster.com\/#organization"},"inLanguage":"pt-BR"},{"@type":"Organization","@id":"https:\/\/templatetoaster.com\/#organization","name":"TemplateToaster","url":"https:\/\/templatetoaster.com\/","logo":{"@type":"ImageObject","inLanguage":"pt-BR","@id":"https:\/\/templatetoaster.com\/#\/schema\/logo\/image\/","url":"https:\/\/templatetoaster.com\/wp-content\/uploads\/2019\/11\/TemplateToaster_Logo.jpg","contentUrl":"https:\/\/templatetoaster.com\/wp-content\/uploads\/2019\/11\/TemplateToaster_Logo.jpg","width":85,"height":85,"caption":"TemplateToaster"},"image":{"@id":"https:\/\/templatetoaster.com\/#\/schema\/logo\/image\/"},"sameAs":["https:\/\/www.facebook.com\/TemplateToaster","https:\/\/x.com\/templatetoaster","https:\/\/www.instagram.com\/templatetoaster\/","https:\/\/www.linkedin.com\/company\/templatetoaster\/","https:\/\/www.pinterest.com\/templatetoaster\/","https:\/\/www.youtube.com\/@TemplateToaster"]}]}},"_links":{"self":[{"href":"https:\/\/templatetoaster.com\/pt-br\/wp-json\/wp\/v2\/pages\/3832"}],"collection":[{"href":"https:\/\/templatetoaster.com\/pt-br\/wp-json\/wp\/v2\/pages"}],"about":[{"href":"https:\/\/templatetoaster.com\/pt-br\/wp-json\/wp\/v2\/types\/page"}],"author":[{"embeddable":true,"href":"https:\/\/templatetoaster.com\/pt-br\/wp-json\/wp\/v2\/users\/1"}],"replies":[{"embeddable":true,"href":"https:\/\/templatetoaster.com\/pt-br\/wp-json\/wp\/v2\/comments?post=3832"}],"version-history":[{"count":5,"href":"https:\/\/templatetoaster.com\/pt-br\/wp-json\/wp\/v2\/pages\/3832\/revisions"}],"predecessor-version":[{"id":64714,"href":"https:\/\/templatetoaster.com\/pt-br\/wp-json\/wp\/v2\/pages\/3832\/revisions\/64714"}],"wp:attachment":[{"href":"https:\/\/templatetoaster.com\/pt-br\/wp-json\/wp\/v2\/media?parent=3832"}],"curies":[{"name":"wp","href":"https:\/\/api.w.org\/{rel}","templated":true}]}}