{"id":4268,"date":"2018-04-13T12:42:12","date_gmt":"2018-04-13T12:42:12","guid":{"rendered":"http:\/\/templatetoaster.com?page_id=4268"},"modified":"2019-08-10T04:58:06","modified_gmt":"2019-08-10T04:58:06","slug":"testimonials","status":"publish","type":"page","link":"https:\/\/templatetoaster.com\/pl\/testimonials","title":{"rendered":"Referencje"},"content":{"rendered":"<div class=\"tt_testimonial-row row\">&nbsp;<\/p>\n<h1 class=\"heading_border\" style=\"background-size: 168px 1px;\">Referencje<\/h1>\n<h2 class=\"text-center\" style=\"margin-bottom: 0;\"><em>Co nasi klienci m\u00f3wi\u0105 o nas<\/em><\/h2>\n<div class=\"col-md-12\">\n<div class=\"testmonial\">\n<div class=\"testmonial_veiws\">\n<p>jeste\u015bcie nazbyt nie\u015bmiali jak na tak fantastyczny produkt. Jestem got\u00f3w go zakupi\u0107 i mam nadzieje ca\u0142kowicie porzuci\u0107 m\u00f3j dotychczasowy generator motyw\u00f3w. Wi\u0119c musz\u0119 zapyta\u0107. Dlaczego nie promujecie bardziej tego produktu?!<\/p>\n<\/div>\n<div class=\"author\"><\/div>\n<h3><span id=\"tr_0\" class=\"tr_\" data-source=\"0\" data-orig=\"MW Brower\">MW Brower<\/span><\/h3>\n<\/div>\n<\/div>\n<div class=\"col-md-12\">\n<div class=\"testmonial\">\n<div class=\"testmonial_veiws\">\n<p>JESTEM POD WRA\u017bENIEM! W\u0142a\u015bnie zaktualizowa\u0142em do najnowszej wersji na wszystkich swoich komputerach i teraz zapoznaj\u0119 si\u0119 z ni\u0105. Nie mog\u0119 si\u0119 doczeka\u0107, a\u017c doko\u0144cz\u0119 szablon, kt\u00f3ry tworz\u0119 dla witryny mojego przyjaciela.<\/p>\n<\/div>\n<div class=\"author\"><\/div>\n<h3><span id=\"tr_1\" class=\"tr_\" data-source=\"0\" data-orig=\"John Akers\">John Akers<\/span><\/h3>\n<\/div>\n<\/div>\n<div class=\"col-md-12\">\n<div class=\"testmonial\">\n<div class=\"testmonial_veiws\">\n<p>Obawiam si\u0119, \u017ce wi\u0119cej os\u00f3b odkryje to narz\u0119dzie, i dowie si\u0119 jakie jest niesamowite, poniewa\u017c oznacza to mniej zlece\u0144 dla mnie \/ od klient\u00f3w !!!! TemplateToaster jest NAJLEPSZYM narz\u0119dziem do tworzenia szablon\u00f3w jakie kiedykolwiek u\u017cywa\u0142em. Kropka.<\/p>\n<\/div>\n<div class=\"author\"><\/div>\n<h3><span id=\"tr_2\" class=\"tr_\" data-source=\"0\" data-orig=\"dnsplus\">dnsplus<\/span><\/h3>\n<\/div>\n<\/div>\n<div class=\"col-md-12\">\n<div class=\"testmonial\">\n<div class=\"testmonial_veiws\">\n<p>W\u0142a\u015bnie dowiedzia\u0142a si\u0119 o ten program kilka dni temu, podczas przegl\u0105dania forum z innego programu template-editor. Ja naprawd\u0119, naprawd\u0119 jak TemplateToaster po u\u017cyciu go na kilka godzin. Posiada wiele funkcji, co ja by\u0142 patrz\u0105c pod k\u0105tem, od jakiego\u015b czasu (Skupiam si\u0119 na WordPress szablony). \u015awietny kawa\u0142ek oprogramowania, Ja zdecydowanie nast\u0119puje to \u015bci\u015ble. Pozdrawiam,<\/p>\n<\/div>\n<div class=\"author\"><\/div>\n<h3>Arnold<\/h3>\n<\/div>\n<\/div>\n<div class=\"col-md-12\">\n<div class=\"testmonial\">\n<div class=\"testmonial_veiws\">\n<p>Lubi\u0119 funkcji przeci\u0105gania i upuszczania, kt\u00f3re tej aplikacji jest to aspekt brakuje istniej\u0105cych aplikacji. By\u0142oby wspaniale, aby zobaczy\u0107 TemplateToaster rozwija\u0107 si\u0119 konkurencyjny produkt.<\/p>\n<\/div>\n<div class=\"author\"><\/div>\n<h3>Rommel<\/h3>\n<\/div>\n<\/div>\n<div class=\"col-md-12\">\n<div class=\"testmonial\">\n<div class=\"testmonial_veiws\">\n<p>Niesamowite oprogramowanie. Wsparcie jest zawsze dost\u0119pne. Zap\u0142aci\u0142 za sam w m\u00f3j pierwszy projekt. Musi mie\u0107 narz\u0119dzie dla projektant\u00f3w stron internetowych powa\u017cne. Thumbs-UP!<\/p>\n<\/div>\n<div class=\"author\"><\/div>\n<h3>Dave<\/h3>\n<\/div>\n<\/div>\n<div class=\"col-md-12\">\n<div class=\"testmonial\">\n<div class=\"testmonial_veiws\">\n<p>Jestem w tej dziedzinie od ostatniego 15 lat i tam u\u017cywany prawie ka\u017cdego oprogramowania do projektowania sieci Web, ale ka\u017cde narz\u0119dzie blednie w por\u00f3wnaniu z TemplateToaster.<\/p>\n<\/div>\n<div class=\"author\"><\/div>\n<h3>Nick<\/h3>\n<\/div>\n<\/div>\n<div class=\"col-md-12\">\n<div class=\"testmonial\">\n<div class=\"testmonial_veiws\">\n<p>Dzi\u0119ki, By\u0142 patrz\u0105c pod k\u0105tem co\u015b takiego dla lat!<\/p>\n<\/div>\n<div class=\"author\"><\/div>\n<h3>Antonella<\/h3>\n<\/div>\n<\/div>\n<div class=\"col-md-12\">\n<div class=\"testmonial\">\n<div class=\"testmonial_veiws\">\n<p>Jestem chodzenie zwariowany na tego oprogramowania. Rozwijam z WordPress do przesz\u0142o\u015bci 7 lata, i to jest najbardziej pot\u0119\u017cny tematu projektowania oprogramowania, jakie kiedykolwiek stworzono! Zacz\u0105\u0142em u\u017cywa\u0107 go w moje projekty projektowanie WordPress.<\/p>\n<\/div>\n<div class=\"author\"><\/div>\n<h3>Oliver<\/h3>\n<\/div>\n<\/div>\n<div class=\"col-md-12\">\n<div class=\"testmonial\">\n<div class=\"testmonial_veiws\">\n<p>Mo\u017cesz \u2019 ve dosta\u0142 gruba ryba entuzjasta, Mam zamiar podzieli\u0107 si\u0119 TT z kumplami wkr\u00f3tce!!<\/p>\n<\/div>\n<div class=\"author\"><\/div>\n<h3>Bill P<\/h3>\n<\/div>\n<\/div>\n<div class=\"col-md-12\">\n<div class=\"testmonial\">\n<div class=\"testmonial_veiws\">\n<p>W\u0142a\u015bnie kupili Templatetoaster Professional Edition licencji i jestem pod du\u017cym wra\u017ceniem. Oprogramowanie jest \u0142atwe w obs\u0142udze, i nadal produkowa\u0107 jako\u015bci szablony. Widzia\u0142em TT kilka miesi\u0119cy temu i rozpocz\u0105\u0142 poszukiwania co\u015b por\u00f3wnywalnego i musz\u0119 powiedzie\u0107, nic nie jest blisko. Dzi\u0119ki pod k\u0105tem wykonaniem m\u00f3j zadanie nieco \u0142atwiejsze.<\/p>\n<\/div>\n<div class=\"author\"><\/div>\n<h3>Judith<\/h3>\n<\/div>\n<\/div>\n<div class=\"col-md-12\">\n<div class=\"testmonial\">\n<div class=\"testmonial_veiws\">\n<p>TemplateToaster naprawd\u0119 obni\u017cy\u0107 naszych roboczogodzin potrzebnych do projektowania i utrzymania naszych stron internetowych. W\u00f3wczas mo\u017cna teraz przeznaczy\u0107 na inne zadania. Dzi\u0119ki!!<\/p>\n<\/div>\n<div class=\"author\"><\/div>\n<h3>Aleksander Schulz<\/h3>\n<\/div>\n<\/div>\n<div class=\"col-md-12\">\n<div class=\"testmonial\">\n<div class=\"testmonial_veiws\">\n<p>Pierwszy, pozw\u00f3l mi powiedzie\u0107, \u017ce kocham TemplateToaster. U\u017cywam ma\u0142ych instalacji o projektowanie stron internetowych w Holandii, Otrzymam o 2 do 5 Joomla szablon zam\u00f3wienia codziennie i zatrudnionych 3 projektanci stron internetowych. Wcze\u015bniej byli\u015bmy stara si\u0119 zaspokoi\u0107 popyt, Dzi\u0119ki TemplateToaster, Teraz mo\u017cna przyjmowa\u0107 zam\u00f3wienia nawet wi\u0119cej i mo\u017ce zaoferowa\u0107 bardziej rozs\u0105dne ceny dla naszych klient\u00f3w.<\/p>\n<\/div>\n<div class=\"author\"><\/div>\n<h3>Louis De Vries<\/h3>\n<\/div>\n<\/div>\n<div class=\"col-md-12\">\n<div class=\"testmonial\">\n<div class=\"testmonial_veiws\">\n<p>Po prostu chcia\u0142em podzi\u0119kowa\u0107 firmie za stworzenie tak wspania\u0142ego produktu.<\/p>\n<\/div>\n<div class=\"author\"><\/div>\n<h3>Justin<\/h3>\n<\/div>\n<\/div>\n<div class=\"col-md-12\">\n<div class=\"testmonial\">\n<div class=\"testmonial_veiws\">\n<p>Po prostu chcia\u0142em powiedzie\u0107, &#8222;\u015awietny produkt!!&#8221;S\u0142ysza\u0142em o tym kilka dni od jednej z m\u00f3j przyjaciel, i wczoraj kupi\u0142em licencj\u0119, po wypr\u00f3bowaniu go przez p\u00f3\u0142 godziny. Dzi\u0119ki za wspania\u0142e oprogramowanie.<\/p>\n<\/div>\n<div class=\"author\"><\/div>\n<h3>Andreas M\u00fcller<\/h3>\n<\/div>\n<\/div>\n<div class=\"col-md-12\">\n<div class=\"testmonial\">\n<div class=\"testmonial_veiws\">\n<p>Dzi\u0119ki jeszcze raz za co taki \u015bwietny produkt!<\/p>\n<\/div>\n<div class=\"author\"><\/div>\n<h3>Dirk<\/h3>\n<\/div>\n<\/div>\n<div class=\"col-md-12\">\n<div class=\"testmonial\">\n<div class=\"testmonial_veiws\">\n<p>Nigdy nie widzia\u0142em tak genialny wsparcia produktu w mojej karierze web design 14 lata. Dosta\u0142 4 aktualizacje w tydzie\u0144, nosi\u0107 na facet\u00f3w s\u0105 najlepsze.<\/p>\n<\/div>\n<div class=\"author\"><\/div>\n<h3>Sam Hall<\/h3>\n<\/div>\n<\/div>\n<div class=\"col-md-12\">\n<div class=\"testmonial\">\n<div class=\"testmonial_veiws\">\n<p>I \u2019 m wyp\u0142aconych klienta i po prostu pobra\u0107 najnowsz\u0105 aktualizacj\u0105, i chcia\u0142em powiedzie\u0107 WOW, Szukam naprawd\u0119 fajnie, Mam aktualizacja co kilka dni, i staje si\u0119 coraz lepiej, ale to jest du\u017ca poprawa, Mam te\u017c wersj\u0119 konkurent\u00f3w. Podoba mi si\u0119 to co szablon i przekszta\u0142caniu ich w to, co lubi\u0119, a nast\u0119pnie do sieci web! Do tej pory bardzo zadowolony campingowa!<\/p>\n<\/div>\n<div class=\"author\"><\/div>\n<h3>Dave<\/h3>\n<\/div>\n<\/div>\n<p style=\"clear: both; text-align: center; padding-top: 25px;\"><a class=\"btn btn-default\" href=\"\/support\">Prze\u015blij swoje referencje lub opinii<\/a><\/p>\n<\/div>\n","protected":false},"excerpt":{"rendered":"<p>&nbsp; Referencje Co nasi klienci m\u00f3wi\u0105 o nas jeste\u015bcie nazbyt nie\u015bmiali jak na tak fantastyczny produkt. Jestem got\u00f3w go zakupi\u0107 i mam nadzieje ca\u0142kowicie porzuci\u0107 m\u00f3j dotychczasowy generator motyw\u00f3w. Wi\u0119c musz\u0119 zapyta\u0107. Dlaczego nie promujecie bardziej tego produktu?! MW Brower &hellip; <a href=\"https:\/\/templatetoaster.com\/pl\/testimonials\">Continue Reading<span class=\"meta-nav\">&rarr;<\/span><\/a><\/p>\n","protected":false},"author":1,"featured_media":0,"parent":0,"menu_order":0,"comment_status":"closed","ping_status":"closed","template":"PageTemplate1.php","meta":{"footnotes":""},"yoast_head":"<!-- This site is optimized with the Yoast SEO plugin v23.5 - https:\/\/yoast.com\/wordpress\/plugins\/seo\/ -->\n<title>Referencje - TemplateToaster<\/title>\n<meta name=\"description\" content=\"Referencje dla oprogramowania TemplateToaster\" \/>\n<meta name=\"robots\" content=\"index, follow, max-snippet:-1, max-image-preview:large, max-video-preview:-1\" \/>\n<link rel=\"canonical\" href=\"https:\/\/templatetoaster.com\/pl\/testimonials\" \/>\n<meta property=\"og:locale\" content=\"pl_PL\" \/>\n<meta property=\"og:type\" content=\"article\" \/>\n<meta property=\"og:title\" content=\"Referencje - TemplateToaster\" \/>\n<meta property=\"og:description\" content=\"Referencje dla oprogramowania TemplateToaster\" \/>\n<meta property=\"og:url\" content=\"https:\/\/templatetoaster.com\/pl\/testimonials\" \/>\n<meta property=\"og:site_name\" content=\"TemplateToaster\" \/>\n<meta property=\"article:publisher\" content=\"https:\/\/www.facebook.com\/TemplateToaster\" \/>\n<meta property=\"article:modified_time\" content=\"2019-08-10T04:58:06+00:00\" \/>\n<meta property=\"og:image\" content=\"https:\/\/templatetoaster.com\/wp-content\/uploads\/2015\/07\/TemplateToaster-325X325.png\" \/>\n\t<meta property=\"og:image:width\" content=\"325\" \/>\n\t<meta property=\"og:image:height\" content=\"325\" \/>\n\t<meta property=\"og:image:type\" content=\"image\/png\" \/>\n<meta name=\"twitter:card\" content=\"summary_large_image\" \/>\n<meta name=\"twitter:site\" content=\"@templatetoaster\" \/>\n<meta name=\"twitter:label1\" content=\"Szacowany czas czytania\" \/>\n\t<meta name=\"twitter:data1\" content=\"3 minuty\" \/>\n<script type=\"application\/ld+json\" class=\"yoast-schema-graph\">{\"@context\":\"https:\/\/schema.org\",\"@graph\":[{\"@type\":\"WebPage\",\"@id\":\"https:\/\/templatetoaster.com\/pl\/testimonials\",\"url\":\"https:\/\/templatetoaster.com\/pl\/testimonials\",\"name\":\"Referencje - TemplateToaster\",\"isPartOf\":{\"@id\":\"https:\/\/templatetoaster.com\/#website\"},\"datePublished\":\"2018-04-13T12:42:12+00:00\",\"dateModified\":\"2019-08-10T04:58:06+00:00\",\"description\":\"Referencje dla oprogramowania TemplateToaster\",\"breadcrumb\":{\"@id\":\"https:\/\/templatetoaster.com\/pl\/testimonials#breadcrumb\"},\"inLanguage\":\"pl-PL\",\"potentialAction\":[{\"@type\":\"ReadAction\",\"target\":[\"https:\/\/templatetoaster.com\/pl\/testimonials\"]}]},{\"@type\":\"BreadcrumbList\",\"@id\":\"https:\/\/templatetoaster.com\/pl\/testimonials#breadcrumb\",\"itemListElement\":[{\"@type\":\"ListItem\",\"position\":1,\"name\":\"Home\",\"item\":\"https:\/\/templatetoaster.com\/pl\"},{\"@type\":\"ListItem\",\"position\":2,\"name\":\"Referencje\"}]},{\"@type\":\"WebSite\",\"@id\":\"https:\/\/templatetoaster.com\/#website\",\"url\":\"https:\/\/templatetoaster.com\/\",\"name\":\"TemplateToaster\",\"description\":\"\",\"publisher\":{\"@id\":\"https:\/\/templatetoaster.com\/#organization\"},\"inLanguage\":\"pl-PL\"},{\"@type\":\"Organization\",\"@id\":\"https:\/\/templatetoaster.com\/#organization\",\"name\":\"TemplateToaster\",\"url\":\"https:\/\/templatetoaster.com\/\",\"logo\":{\"@type\":\"ImageObject\",\"inLanguage\":\"pl-PL\",\"@id\":\"https:\/\/templatetoaster.com\/#\/schema\/logo\/image\/\",\"url\":\"https:\/\/templatetoaster.com\/wp-content\/uploads\/2019\/11\/TemplateToaster_Logo.jpg\",\"contentUrl\":\"https:\/\/templatetoaster.com\/wp-content\/uploads\/2019\/11\/TemplateToaster_Logo.jpg\",\"width\":85,\"height\":85,\"caption\":\"TemplateToaster\"},\"image\":{\"@id\":\"https:\/\/templatetoaster.com\/#\/schema\/logo\/image\/\"},\"sameAs\":[\"https:\/\/www.facebook.com\/TemplateToaster\",\"https:\/\/x.com\/templatetoaster\",\"https:\/\/www.instagram.com\/templatetoaster\/\",\"https:\/\/www.linkedin.com\/company\/templatetoaster\/\",\"https:\/\/www.pinterest.com\/templatetoaster\/\",\"https:\/\/www.youtube.com\/@TemplateToaster\"]}]}<\/script>\n<!-- \/ Yoast SEO plugin. -->","yoast_head_json":{"title":"Referencje - TemplateToaster","description":"Referencje dla oprogramowania TemplateToaster","robots":{"index":"index","follow":"follow","max-snippet":"max-snippet:-1","max-image-preview":"max-image-preview:large","max-video-preview":"max-video-preview:-1"},"canonical":"https:\/\/templatetoaster.com\/pl\/testimonials","og_locale":"pl_PL","og_type":"article","og_title":"Referencje - TemplateToaster","og_description":"Referencje dla oprogramowania TemplateToaster","og_url":"https:\/\/templatetoaster.com\/pl\/testimonials","og_site_name":"TemplateToaster","article_publisher":"https:\/\/www.facebook.com\/TemplateToaster","article_modified_time":"2019-08-10T04:58:06+00:00","og_image":[{"width":325,"height":325,"url":"https:\/\/templatetoaster.com\/wp-content\/uploads\/2015\/07\/TemplateToaster-325X325.png","type":"image\/png"}],"twitter_card":"summary_large_image","twitter_site":"@templatetoaster","twitter_misc":{"Szacowany czas czytania":"3 minuty"},"schema":{"@context":"https:\/\/schema.org","@graph":[{"@type":"WebPage","@id":"https:\/\/templatetoaster.com\/pl\/testimonials","url":"https:\/\/templatetoaster.com\/pl\/testimonials","name":"Referencje - TemplateToaster","isPartOf":{"@id":"https:\/\/templatetoaster.com\/#website"},"datePublished":"2018-04-13T12:42:12+00:00","dateModified":"2019-08-10T04:58:06+00:00","description":"Referencje dla oprogramowania TemplateToaster","breadcrumb":{"@id":"https:\/\/templatetoaster.com\/pl\/testimonials#breadcrumb"},"inLanguage":"pl-PL","potentialAction":[{"@type":"ReadAction","target":["https:\/\/templatetoaster.com\/pl\/testimonials"]}]},{"@type":"BreadcrumbList","@id":"https:\/\/templatetoaster.com\/pl\/testimonials#breadcrumb","itemListElement":[{"@type":"ListItem","position":1,"name":"Home","item":"https:\/\/templatetoaster.com\/pl"},{"@type":"ListItem","position":2,"name":"Referencje"}]},{"@type":"WebSite","@id":"https:\/\/templatetoaster.com\/#website","url":"https:\/\/templatetoaster.com\/","name":"TemplateToaster","description":"","publisher":{"@id":"https:\/\/templatetoaster.com\/#organization"},"inLanguage":"pl-PL"},{"@type":"Organization","@id":"https:\/\/templatetoaster.com\/#organization","name":"TemplateToaster","url":"https:\/\/templatetoaster.com\/","logo":{"@type":"ImageObject","inLanguage":"pl-PL","@id":"https:\/\/templatetoaster.com\/#\/schema\/logo\/image\/","url":"https:\/\/templatetoaster.com\/wp-content\/uploads\/2019\/11\/TemplateToaster_Logo.jpg","contentUrl":"https:\/\/templatetoaster.com\/wp-content\/uploads\/2019\/11\/TemplateToaster_Logo.jpg","width":85,"height":85,"caption":"TemplateToaster"},"image":{"@id":"https:\/\/templatetoaster.com\/#\/schema\/logo\/image\/"},"sameAs":["https:\/\/www.facebook.com\/TemplateToaster","https:\/\/x.com\/templatetoaster","https:\/\/www.instagram.com\/templatetoaster\/","https:\/\/www.linkedin.com\/company\/templatetoaster\/","https:\/\/www.pinterest.com\/templatetoaster\/","https:\/\/www.youtube.com\/@TemplateToaster"]}]}},"_links":{"self":[{"href":"https:\/\/templatetoaster.com\/pl\/wp-json\/wp\/v2\/pages\/4268"}],"collection":[{"href":"https:\/\/templatetoaster.com\/pl\/wp-json\/wp\/v2\/pages"}],"about":[{"href":"https:\/\/templatetoaster.com\/pl\/wp-json\/wp\/v2\/types\/page"}],"author":[{"embeddable":true,"href":"https:\/\/templatetoaster.com\/pl\/wp-json\/wp\/v2\/users\/1"}],"replies":[{"embeddable":true,"href":"https:\/\/templatetoaster.com\/pl\/wp-json\/wp\/v2\/comments?post=4268"}],"version-history":[{"count":2,"href":"https:\/\/templatetoaster.com\/pl\/wp-json\/wp\/v2\/pages\/4268\/revisions"}],"predecessor-version":[{"id":64025,"href":"https:\/\/templatetoaster.com\/pl\/wp-json\/wp\/v2\/pages\/4268\/revisions\/64025"}],"wp:attachment":[{"href":"https:\/\/templatetoaster.com\/pl\/wp-json\/wp\/v2\/media?parent=4268"}],"curies":[{"name":"wp","href":"https:\/\/api.w.org\/{rel}","templated":true}]}}