{"id":4262,"date":"2018-04-13T12:37:53","date_gmt":"2018-04-13T12:37:53","guid":{"rendered":"http:\/\/templatetoaster.com?page_id=4262"},"modified":"2018-12-10T11:24:48","modified_gmt":"2018-12-10T11:24:48","slug":"demo","status":"publish","type":"page","link":"https:\/\/templatetoaster.com\/pl\/demo","title":{"rendered":"Demonstracja Video Tutorials"},"content":{"rendered":"<p>&nbsp;<\/p>\n<h1 class=\"heading_border\">Filmy demontruj\u0105ce TemplateToaster<\/h1>\n<div class=\"demo_row1 odd row\">\n<h2><span class=\"demo_video_cms\"><\/span> WordPress<\/h2>\n<div class=\"row\">\n<div class=\"col-md-6 col-sm-6 col-xs-12\">\n<div class=\"vedio_bg\">\n<div class=\"tt_video_modal\">\n<p><a href=\"https:\/\/youtu.be\/QXM1K9pTHD4\"><img decoding=\"async\" src=\"https:\/\/templatetoaster.com\/wp-content\/uploads\/2018\/02\/youtube.png\" \/><\/a><\/p>\n<div class=\"video-content\">\n<h3>Jak stworzy\u0107 motyw WordPress w TemplateToaster<\/h3>\n<\/div>\n<\/div>\n<\/div>\n<\/div>\n<div class=\"clearfix visible-xs-block\"><\/div>\n<div class=\"col-md-6 col-sm-6 col-xs-12\">\n<div class=\"vedio_bg\">\n<div class=\"tt_video_modal\">\n<p><a href=\"https:\/\/youtu.be\/6g5Ca0J7XQA\"><img decoding=\"async\" src=\"https:\/\/templatetoaster.com\/wp-content\/uploads\/2018\/02\/youtube.png\" \/><\/a><\/p>\n<div class=\"video-content\">\n<h3>Jak wgra\u0107 motyw stworzony w TemplateToaster do WordPress&#8217;a<\/h3>\n<\/div>\n<\/div>\n<\/div>\n<div class=\"clearfix visible-lg-block visible-md-block\"><\/div>\n<\/div>\n<\/div>\n<\/div>\n<div class=\"demo_row1 even row\">\n<h2><span class=\"demo_video_cms\" style=\"background-position: 137px -62px;\"><\/span> Magento 1.9<\/h2>\n<div class=\"row\">\n<div class=\"col-md-6 col-sm-6 col-xs-12\">\n<div class=\"vedio_bg\">\n<div class=\"tt_video_modal\">\n<p><a href=\"https:\/\/youtu.be\/tmMFYqDKsrk\"><img decoding=\"async\" src=\"https:\/\/templatetoaster.com\/wp-content\/uploads\/2018\/02\/youtube.png\" \/><\/a><\/p>\n<div class=\"video-content\">\n<h3>Jak stworzy\u0107 motyw Magento 1.9 w TemplateToaster<\/h3>\n<\/div>\n<\/div>\n<\/div>\n<\/div>\n<div class=\"col-md-6 col-sm-6 col-xs-12\">\n<div class=\"vedio_bg\">\n<div class=\"tt_video_modal\">\n<p><a href=\"https:\/\/youtu.be\/D6KBdP3kdjg\"><img decoding=\"async\" src=\"https:\/\/templatetoaster.com\/wp-content\/uploads\/2018\/02\/youtube.png\" \/><\/a><\/p>\n<div class=\"video-content\">\n<h3>Jak wgra\u0107 motyw stworzony w TemplateToaster do Magento 1.9<\/h3>\n<\/div>\n<\/div>\n<\/div>\n<\/div>\n<div class=\"clearfix visible-lg-block visible-md-block\"><\/div>\n<\/div>\n<\/div>\n<div class=\"demo_row1 even row\">\n<h2><span class=\"demo_video_cms\" style=\"background-position: 137px -62px;\"><\/span>Magento 2.0<\/h2>\n<div class=\"row\">\n<div class=\"col-md-6 col-sm-6 col-xs-12\">\n<div class=\"vedio_bg\">\n<div class=\"tt_video_modal\">\n<p><a href=\"https:\/\/youtu.be\/tmMFYqDKsrk\"><img decoding=\"async\" src=\"https:\/\/templatetoaster.com\/wp-content\/uploads\/2018\/02\/youtube.png\" \/><\/a><\/p>\n<div class=\"video-content\">\n<h3>Jak stworzy\u0107 motyw Magento 2.0 w TemplateToaster<\/h3>\n<\/div>\n<\/div>\n<\/div>\n<\/div>\n<div class=\"col-md-6 col-sm-6 col-xs-12\">\n<div class=\"vedio_bg\">\n<div class=\"tt_video_modal\">\n<p><a href=\"https:\/\/youtu.be\/yz75jq66vn4\"><img decoding=\"async\" src=\"https:\/\/templatetoaster.com\/wp-content\/uploads\/2018\/02\/youtube.png\" \/><\/a><\/p>\n<div class=\"video-content\">\n<h3>Jak wgra\u0107 motyw stworzony w\u00a0TemplateToaster do Magento 2.0<\/h3>\n<\/div>\n<\/div>\n<\/div>\n<\/div>\n<div class=\"clearfix visible-lg-block visible-md-block\"><\/div>\n<\/div>\n<\/div>\n<div class=\"demo_row1 even row\">\n<h2><span class=\"demo_video_cms\" style=\"background-position: 85px -62px;\"><\/span>Prestashop 1.6<\/h2>\n<div class=\"row\">\n<div class=\"col-md-6 col-sm-6 col-xs-12\">\n<div class=\"vedio_bg\">\n<div class=\"tt_video_modal\">\n<p><a href=\"https:\/\/youtu.be\/Dtz7c-JO8K0\"><img decoding=\"async\" src=\"https:\/\/templatetoaster.com\/wp-content\/uploads\/2018\/02\/youtube.png\" \/><\/a><\/p>\n<div class=\"video-content\">\n<h3>Jak stworzy\u0107 motyw Prestashop 1.6 w TemplateToaster<\/h3>\n<\/div>\n<\/div>\n<\/div>\n<\/div>\n<div class=\"col-md-6 col-sm-6 col-xs-12\">\n<div class=\"vedio_bg\">\n<div class=\"tt_video_modal\">\n<p><a href=\"https:\/\/youtu.be\/7S-hAXcaJC4\"><img decoding=\"async\" src=\"https:\/\/templatetoaster.com\/wp-content\/uploads\/2018\/02\/youtube.png\" \/><\/a><\/p>\n<div class=\"video-content\">\n<h3>Jak wgra\u0107 motyw stworzony w TemplateToaster do Prestashop 1.6<\/h3>\n<\/div>\n<\/div>\n<\/div>\n<\/div>\n<div class=\"clearfix visible-lg-block visible-md-block\"><\/div>\n<\/div>\n<\/div>\n<div class=\"demo_row1 even row\">\n<h2><span class=\"demo_video_cms\" style=\"background-position: 85px -62px;\"><\/span>Prestashop 1.7<\/h2>\n<div class=\"row\">\n<div class=\"col-md-6 col-sm-6 col-xs-12\">\n<div class=\"vedio_bg\">\n<div class=\"tt_video_modal\">\n<p><a href=\"https:\/\/youtu.be\/Dtz7c-JO8K0\"><img decoding=\"async\" src=\"https:\/\/templatetoaster.com\/wp-content\/uploads\/2018\/02\/youtube.png\" \/><\/a><\/p>\n<div class=\"video-content\">\n<h3>Jak stworzy\u0107 motyw\u00a0Prestashop 1.7 w TemplateToaster<\/h3>\n<\/div>\n<\/div>\n<\/div>\n<\/div>\n<div class=\"col-md-6 col-sm-6 col-xs-12\">\n<div class=\"vedio_bg\">\n<div class=\"tt_video_modal\">\n<p><a href=\"https:\/\/youtu.be\/8BNZVUnXfgI\"><img decoding=\"async\" src=\"https:\/\/templatetoaster.com\/wp-content\/uploads\/2018\/02\/youtube.png\" \/><\/a><\/p>\n<div class=\"video-content\">\n<h3>Jak wgra\u0107 motyw stworzony w TemplateToaster do Prestashop 1.7<\/h3>\n<\/div>\n<\/div>\n<\/div>\n<\/div>\n<div class=\"clearfix visible-lg-block visible-md-block\"><\/div>\n<\/div>\n<\/div>\n<div class=\"demo_row1 even row\">\n<h2><span class=\"demo_video_cms\" style=\"background-position: 35px -62px;\"><\/span>OpenCart<\/h2>\n<div class=\"row\">\n<div class=\"col-md-6 col-sm-6 col-xs-12\">\n<div class=\"vedio_bg\">\n<div class=\"tt_video_modal\">\n<p><a href=\"https:\/\/youtu.be\/9z5POqcN8l0\"><img decoding=\"async\" src=\"https:\/\/templatetoaster.com\/wp-content\/uploads\/2018\/02\/youtube.png\" \/><\/a><\/p>\n<div class=\"video-content\">\n<h3>Jak stworzy\u0107 motyw OpenCart Theme w TemplateToaster<\/h3>\n<\/div>\n<\/div>\n<\/div>\n<\/div>\n<div class=\"col-md-6 col-sm-6 col-xs-12\">\n<div class=\"vedio_bg\">\n<div class=\"tt_video_modal\">\n<p><a href=\"https:\/\/youtu.be\/XIa9m33VrpM\"><img decoding=\"async\" src=\"https:\/\/templatetoaster.com\/wp-content\/uploads\/2018\/02\/youtube.png\" \/><\/a><\/p>\n<div class=\"video-content\">\n<h3>Jak wgra\u0107 motyw stworzony w TemplateToaster do OpenCart<\/h3>\n<\/div>\n<\/div>\n<\/div>\n<\/div>\n<div class=\"clearfix visible-lg-block visible-md-block\"><\/div>\n<\/div>\n<\/div>\n<div class=\"demo_row1 even row\">\n<h2><span class=\"demo_video_cms\" style=\"background-position: -5px -62px;\"><\/span>Drupal<\/h2>\n<div class=\"row\">\n<div class=\"col-md-6 col-sm-6 col-xs-12\">\n<div class=\"vedio_bg\">\n<div class=\"tt_video_modal\">\n<p><a href=\"https:\/\/youtu.be\/G7r1RLGGY9Y\"><img decoding=\"async\" src=\"https:\/\/templatetoaster.com\/wp-content\/uploads\/2018\/02\/youtube.png\" \/><\/a><\/p>\n<div class=\"video-content\">\n<h3>Jak stworzy\u0107 motyw Drupal Theme w TemplateToaster<\/h3>\n<\/div>\n<\/div>\n<\/div>\n<\/div>\n<div class=\"col-md-6 col-sm-6 col-xs-12\">\n<div class=\"vedio_bg\">\n<div class=\"tt_video_modal\">\n<p><a href=\"https:\/\/youtu.be\/r0EvsjFohV0\"><img decoding=\"async\" src=\"https:\/\/templatetoaster.com\/wp-content\/uploads\/2018\/02\/youtube.png\" \/><\/a><\/p>\n<div class=\"video-content\">\n<h3>Jak wgra\u0107 motyw stworzony w TemplateToaster do Drupala<\/h3>\n<\/div>\n<\/div>\n<\/div>\n<\/div>\n<div class=\"clearfix visible-lg-block visible-md-block\"><\/div>\n<\/div>\n<\/div>\n<div class=\"demo_row1 even row\">\n<h2><span class=\"demo_video_cms\" style=\"background-position: -62px -60px;\"><\/span>WooCommerce<\/h2>\n<div class=\"row\">\n<div class=\"col-md-6 col-sm-6 col-xs-12\">\n<div class=\"vedio_bg\">\n<div class=\"tt_video_modal\">\n<p><a href=\"https:\/\/youtu.be\/wiikegBEAgU\"><img decoding=\"async\" src=\"https:\/\/templatetoaster.com\/wp-content\/uploads\/2018\/02\/youtube.png\" \/><\/a><\/p>\n<div class=\"video-content\">\n<h3>Jak stworzy\u0107 motyw WooCommerce w TemplateToaster<\/h3>\n<\/div>\n<\/div>\n<\/div>\n<\/div>\n<div class=\"col-md-6 col-sm-6 col-xs-12\">\n<div class=\"vedio_bg\">\n<div class=\"tt_video_modal\">\n<p><a href=\"https:\/\/youtu.be\/gq4hwQ50U0Q\"><img decoding=\"async\" src=\"https:\/\/templatetoaster.com\/wp-content\/uploads\/2018\/02\/youtube.png\" \/><\/a><\/p>\n<div class=\"video-content\">\n<h3>Jak wgra\u0107 motyw stworzony w TemplateToaster do WooCommerce<\/h3>\n<\/div>\n<\/div>\n<\/div>\n<\/div>\n<div class=\"clearfix visible-lg-block visible-md-block\"><\/div>\n<\/div>\n<\/div>\n<div class=\"demo_row1 even row\">\n<h2><span class=\"demo_video_cms\" style=\"background-position: -215px -5px;\"><\/span> Joomla<\/h2>\n<div class=\"row\">\n<div class=\"col-md-6 col-sm-6 col-xs-12\">\n<div class=\"vedio_bg\">\n<div class=\"tt_video_modal\">\n<p><a href=\"https:\/\/youtu.be\/SAdktPTGCqU\"><img decoding=\"async\" src=\"https:\/\/templatetoaster.com\/wp-content\/uploads\/2018\/02\/youtube.png\" \/><\/a><\/p>\n<div class=\"video-content\">\n<h3>Jak stworzy\u0107 motyw Joomla Theme w TemplateToaster<\/h3>\n<\/div>\n<\/div>\n<\/div>\n<\/div>\n<div class=\"col-md-6 col-sm-6 col-xs-12\">\n<div class=\"vedio_bg\">\n<div class=\"tt_video_modal\">\n<p><a href=\"https:\/\/youtu.be\/o3_csR3JFME\"><img decoding=\"async\" src=\"https:\/\/templatetoaster.com\/wp-content\/uploads\/2018\/02\/youtube.png\" \/><\/a><\/p>\n<div class=\"video-content\">\n<h3>Jak wgra\u0107 motyw stworzony w TemplateToaster do Joomla<\/h3>\n<\/div>\n<\/div>\n<\/div>\n<\/div>\n<div class=\"clearfix visible-lg-block visible-md-block\"><\/div>\n<\/div>\n<\/div>\n<div class=\"demo_row1 even row\">\n<h2><span class=\"demo_video_cms\" style=\"background-position: -315px -112px\"><\/span>Blogger<\/h2>\n<div class=\"row\">\n<div class=\"col-md-6 col-sm-6 col-xs-12\">\n<div class=\"vedio_bg\">\n<div class=\"tt_video_modal\">\n<p><a href=\"https:\/\/youtu.be\/ySdCPFNKfj0\"><img decoding=\"async\" src=\"https:\/\/templatetoaster.com\/wp-content\/uploads\/2018\/02\/youtube.png\" \/><\/a><\/p>\n<div class=\"video-content\">\n<h3>Jak stworzy\u0107 motyw Blogger w TemplateToaster<\/h3>\n<\/div>\n<\/div>\n<\/div>\n<\/div>\n<div class=\"col-md-6 col-sm-6 col-xs-12\">\n<div class=\"vedio_bg\">\n<div class=\"tt_video_modal\">\n<p><a href=\"https:\/\/youtu.be\/jLTa_7TgVZk\"><img decoding=\"async\" src=\"https:\/\/templatetoaster.com\/wp-content\/uploads\/2018\/02\/youtube.png\" \/><\/a><\/p>\n<div class=\"video-content\">\n<h3>Jak wgra\u0107 motyw stworzony w TemplateToaster do Blogger<\/h3>\n<\/div>\n<\/div>\n<\/div>\n<\/div>\n<div class=\"clearfix visible-lg-block visible-md-block\"><\/div>\n<\/div>\n<\/div>\n<div class=\"demo_row1 even row\">\n<h2><span class=\"demo_video_cms\" style=\"background-position: -371px -112px\"><\/span>HTML CSS<\/h2>\n<div class=\"row\">\n<div class=\"col-md-6 col-sm-6 col-xs-12\">\n<div class=\"vedio_bg\">\n<div class=\"tt_video_modal\">\n<p><a href=\"https:\/\/youtu.be\/PRbnZjCqasE\"><img decoding=\"async\" src=\"https:\/\/templatetoaster.com\/wp-content\/uploads\/2018\/02\/youtube.png\" \/><\/a><\/p>\n<div class=\"video-content\">\n<h3>Jak stworzy\u0107 stron\u0119 HTML CSS w TemplateToaster<\/h3>\n<\/div>\n<\/div>\n<\/div>\n<\/div>\n<div class=\"col-md-6 col-sm-6 col-xs-12\">\n<div class=\"vedio_bg\">\n<div class=\"tt_video_modal\">\n<p><a href=\"https:\/\/youtu.be\/wXeaIYZVxO8\"><img decoding=\"async\" src=\"https:\/\/templatetoaster.com\/wp-content\/uploads\/2018\/02\/youtube.png\" \/><\/a><\/p>\n<div class=\"video-content\">\n<h3>Jak wgra\u0107 stron\u0119 HTML CSS wygenerowan\u0105 w TemplateMonster<\/h3>\n<\/div>\n<\/div>\n<\/div>\n<\/div>\n<div class=\"clearfix visible-lg-block visible-md-block\"><\/div>\n<\/div>\n<\/div>\n","protected":false},"excerpt":{"rendered":"<p>&nbsp; Filmy demontruj\u0105ce TemplateToaster WordPress Jak stworzy\u0107 motyw WordPress w TemplateToaster Jak wgra\u0107 motyw stworzony w TemplateToaster do WordPress&#8217;a Magento 1.9 Jak stworzy\u0107 motyw Magento 1.9 w TemplateToaster Jak wgra\u0107 motyw stworzony w TemplateToaster do Magento 1.9 Magento 2.0 Jak &hellip; <a href=\"https:\/\/templatetoaster.com\/pl\/demo\">Continue Reading<span class=\"meta-nav\">&rarr;<\/span><\/a><\/p>\n","protected":false},"author":1,"featured_media":0,"parent":0,"menu_order":0,"comment_status":"closed","ping_status":"closed","template":"PageTemplate1.php","meta":{"footnotes":""},"yoast_head":"<!-- This site is optimized with the Yoast SEO plugin v23.5 - https:\/\/yoast.com\/wordpress\/plugins\/seo\/ -->\n<title>Demonstracja Video Tutorials - TemplateToaster<\/title>\n<meta name=\"description\" content=\"Dowiedz si\u0119 jak u\u017cywa\u0107 TemplateToaster oraz jak wgra\u0107 i zainstalowa\u0107 Tw\u00f3j wyeksportowany motyw, styl i stron\u0119. Zapoznaj si\u0119 z tymi filmami demonstracyjnymi\" \/>\n<meta name=\"robots\" content=\"index, follow, max-snippet:-1, max-image-preview:large, max-video-preview:-1\" \/>\n<link rel=\"canonical\" href=\"https:\/\/templatetoaster.com\/pl\/demo\" \/>\n<meta property=\"og:locale\" content=\"pl_PL\" \/>\n<meta property=\"og:type\" content=\"article\" \/>\n<meta property=\"og:title\" content=\"Demonstracja Video Tutorials - TemplateToaster\" \/>\n<meta property=\"og:description\" content=\"Dowiedz si\u0119 jak u\u017cywa\u0107 TemplateToaster oraz jak wgra\u0107 i zainstalowa\u0107 Tw\u00f3j wyeksportowany motyw, styl i stron\u0119. Zapoznaj si\u0119 z tymi filmami demonstracyjnymi\" \/>\n<meta property=\"og:url\" content=\"https:\/\/templatetoaster.com\/pl\/demo\" \/>\n<meta property=\"og:site_name\" content=\"TemplateToaster\" \/>\n<meta property=\"article:publisher\" content=\"https:\/\/www.facebook.com\/TemplateToaster\" \/>\n<meta property=\"article:modified_time\" content=\"2018-12-10T11:24:48+00:00\" \/>\n<meta property=\"og:image\" content=\"https:\/\/templatetoaster.com\/wp-content\/uploads\/2018\/02\/youtube.png\" \/>\n<meta name=\"twitter:card\" content=\"summary_large_image\" \/>\n<meta name=\"twitter:site\" content=\"@templatetoaster\" \/>\n<meta name=\"twitter:label1\" content=\"Szacowany czas czytania\" \/>\n\t<meta name=\"twitter:data1\" content=\"1 minuta\" \/>\n<script type=\"application\/ld+json\" class=\"yoast-schema-graph\">{\"@context\":\"https:\/\/schema.org\",\"@graph\":[{\"@type\":\"WebPage\",\"@id\":\"https:\/\/templatetoaster.com\/pl\/demo\",\"url\":\"https:\/\/templatetoaster.com\/pl\/demo\",\"name\":\"Demonstracja Video Tutorials - TemplateToaster\",\"isPartOf\":{\"@id\":\"https:\/\/templatetoaster.com\/#website\"},\"primaryImageOfPage\":{\"@id\":\"https:\/\/templatetoaster.com\/pl\/demo#primaryimage\"},\"image\":{\"@id\":\"https:\/\/templatetoaster.com\/pl\/demo#primaryimage\"},\"thumbnailUrl\":\"https:\/\/templatetoaster.com\/wp-content\/uploads\/2018\/02\/youtube.png\",\"datePublished\":\"2018-04-13T12:37:53+00:00\",\"dateModified\":\"2018-12-10T11:24:48+00:00\",\"description\":\"Dowiedz si\u0119 jak u\u017cywa\u0107 TemplateToaster oraz jak wgra\u0107 i zainstalowa\u0107 Tw\u00f3j wyeksportowany motyw, styl i stron\u0119. Zapoznaj si\u0119 z tymi filmami demonstracyjnymi\",\"breadcrumb\":{\"@id\":\"https:\/\/templatetoaster.com\/pl\/demo#breadcrumb\"},\"inLanguage\":\"pl-PL\",\"potentialAction\":[{\"@type\":\"ReadAction\",\"target\":[\"https:\/\/templatetoaster.com\/pl\/demo\"]}]},{\"@type\":\"ImageObject\",\"inLanguage\":\"pl-PL\",\"@id\":\"https:\/\/templatetoaster.com\/pl\/demo#primaryimage\",\"url\":\"https:\/\/templatetoaster.com\/wp-content\/uploads\/2018\/02\/youtube.png\",\"contentUrl\":\"https:\/\/templatetoaster.com\/wp-content\/uploads\/2018\/02\/youtube.png\"},{\"@type\":\"BreadcrumbList\",\"@id\":\"https:\/\/templatetoaster.com\/pl\/demo#breadcrumb\",\"itemListElement\":[{\"@type\":\"ListItem\",\"position\":1,\"name\":\"Home\",\"item\":\"https:\/\/templatetoaster.com\/pl\"},{\"@type\":\"ListItem\",\"position\":2,\"name\":\"Demonstracja Video Tutorials\"}]},{\"@type\":\"WebSite\",\"@id\":\"https:\/\/templatetoaster.com\/#website\",\"url\":\"https:\/\/templatetoaster.com\/\",\"name\":\"TemplateToaster\",\"description\":\"\",\"publisher\":{\"@id\":\"https:\/\/templatetoaster.com\/#organization\"},\"inLanguage\":\"pl-PL\"},{\"@type\":\"Organization\",\"@id\":\"https:\/\/templatetoaster.com\/#organization\",\"name\":\"TemplateToaster\",\"url\":\"https:\/\/templatetoaster.com\/\",\"logo\":{\"@type\":\"ImageObject\",\"inLanguage\":\"pl-PL\",\"@id\":\"https:\/\/templatetoaster.com\/#\/schema\/logo\/image\/\",\"url\":\"https:\/\/templatetoaster.com\/wp-content\/uploads\/2019\/11\/TemplateToaster_Logo.jpg\",\"contentUrl\":\"https:\/\/templatetoaster.com\/wp-content\/uploads\/2019\/11\/TemplateToaster_Logo.jpg\",\"width\":85,\"height\":85,\"caption\":\"TemplateToaster\"},\"image\":{\"@id\":\"https:\/\/templatetoaster.com\/#\/schema\/logo\/image\/\"},\"sameAs\":[\"https:\/\/www.facebook.com\/TemplateToaster\",\"https:\/\/x.com\/templatetoaster\",\"https:\/\/www.instagram.com\/templatetoaster\/\",\"https:\/\/www.linkedin.com\/company\/templatetoaster\/\",\"https:\/\/www.pinterest.com\/templatetoaster\/\",\"https:\/\/www.youtube.com\/@TemplateToaster\"]}]}<\/script>\n<!-- \/ Yoast SEO plugin. -->","yoast_head_json":{"title":"Demonstracja Video Tutorials - TemplateToaster","description":"Dowiedz si\u0119 jak u\u017cywa\u0107 TemplateToaster oraz jak wgra\u0107 i zainstalowa\u0107 Tw\u00f3j wyeksportowany motyw, styl i stron\u0119. Zapoznaj si\u0119 z tymi filmami demonstracyjnymi","robots":{"index":"index","follow":"follow","max-snippet":"max-snippet:-1","max-image-preview":"max-image-preview:large","max-video-preview":"max-video-preview:-1"},"canonical":"https:\/\/templatetoaster.com\/pl\/demo","og_locale":"pl_PL","og_type":"article","og_title":"Demonstracja Video Tutorials - TemplateToaster","og_description":"Dowiedz si\u0119 jak u\u017cywa\u0107 TemplateToaster oraz jak wgra\u0107 i zainstalowa\u0107 Tw\u00f3j wyeksportowany motyw, styl i stron\u0119. Zapoznaj si\u0119 z tymi filmami demonstracyjnymi","og_url":"https:\/\/templatetoaster.com\/pl\/demo","og_site_name":"TemplateToaster","article_publisher":"https:\/\/www.facebook.com\/TemplateToaster","article_modified_time":"2018-12-10T11:24:48+00:00","og_image":[{"url":"https:\/\/templatetoaster.com\/wp-content\/uploads\/2018\/02\/youtube.png"}],"twitter_card":"summary_large_image","twitter_site":"@templatetoaster","twitter_misc":{"Szacowany czas czytania":"1 minuta"},"schema":{"@context":"https:\/\/schema.org","@graph":[{"@type":"WebPage","@id":"https:\/\/templatetoaster.com\/pl\/demo","url":"https:\/\/templatetoaster.com\/pl\/demo","name":"Demonstracja Video Tutorials - TemplateToaster","isPartOf":{"@id":"https:\/\/templatetoaster.com\/#website"},"primaryImageOfPage":{"@id":"https:\/\/templatetoaster.com\/pl\/demo#primaryimage"},"image":{"@id":"https:\/\/templatetoaster.com\/pl\/demo#primaryimage"},"thumbnailUrl":"https:\/\/templatetoaster.com\/wp-content\/uploads\/2018\/02\/youtube.png","datePublished":"2018-04-13T12:37:53+00:00","dateModified":"2018-12-10T11:24:48+00:00","description":"Dowiedz si\u0119 jak u\u017cywa\u0107 TemplateToaster oraz jak wgra\u0107 i zainstalowa\u0107 Tw\u00f3j wyeksportowany motyw, styl i stron\u0119. Zapoznaj si\u0119 z tymi filmami demonstracyjnymi","breadcrumb":{"@id":"https:\/\/templatetoaster.com\/pl\/demo#breadcrumb"},"inLanguage":"pl-PL","potentialAction":[{"@type":"ReadAction","target":["https:\/\/templatetoaster.com\/pl\/demo"]}]},{"@type":"ImageObject","inLanguage":"pl-PL","@id":"https:\/\/templatetoaster.com\/pl\/demo#primaryimage","url":"https:\/\/templatetoaster.com\/wp-content\/uploads\/2018\/02\/youtube.png","contentUrl":"https:\/\/templatetoaster.com\/wp-content\/uploads\/2018\/02\/youtube.png"},{"@type":"BreadcrumbList","@id":"https:\/\/templatetoaster.com\/pl\/demo#breadcrumb","itemListElement":[{"@type":"ListItem","position":1,"name":"Home","item":"https:\/\/templatetoaster.com\/pl"},{"@type":"ListItem","position":2,"name":"Demonstracja Video Tutorials"}]},{"@type":"WebSite","@id":"https:\/\/templatetoaster.com\/#website","url":"https:\/\/templatetoaster.com\/","name":"TemplateToaster","description":"","publisher":{"@id":"https:\/\/templatetoaster.com\/#organization"},"inLanguage":"pl-PL"},{"@type":"Organization","@id":"https:\/\/templatetoaster.com\/#organization","name":"TemplateToaster","url":"https:\/\/templatetoaster.com\/","logo":{"@type":"ImageObject","inLanguage":"pl-PL","@id":"https:\/\/templatetoaster.com\/#\/schema\/logo\/image\/","url":"https:\/\/templatetoaster.com\/wp-content\/uploads\/2019\/11\/TemplateToaster_Logo.jpg","contentUrl":"https:\/\/templatetoaster.com\/wp-content\/uploads\/2019\/11\/TemplateToaster_Logo.jpg","width":85,"height":85,"caption":"TemplateToaster"},"image":{"@id":"https:\/\/templatetoaster.com\/#\/schema\/logo\/image\/"},"sameAs":["https:\/\/www.facebook.com\/TemplateToaster","https:\/\/x.com\/templatetoaster","https:\/\/www.instagram.com\/templatetoaster\/","https:\/\/www.linkedin.com\/company\/templatetoaster\/","https:\/\/www.pinterest.com\/templatetoaster\/","https:\/\/www.youtube.com\/@TemplateToaster"]}]}},"_links":{"self":[{"href":"https:\/\/templatetoaster.com\/pl\/wp-json\/wp\/v2\/pages\/4262"}],"collection":[{"href":"https:\/\/templatetoaster.com\/pl\/wp-json\/wp\/v2\/pages"}],"about":[{"href":"https:\/\/templatetoaster.com\/pl\/wp-json\/wp\/v2\/types\/page"}],"author":[{"embeddable":true,"href":"https:\/\/templatetoaster.com\/pl\/wp-json\/wp\/v2\/users\/1"}],"replies":[{"embeddable":true,"href":"https:\/\/templatetoaster.com\/pl\/wp-json\/wp\/v2\/comments?post=4262"}],"version-history":[{"count":4,"href":"https:\/\/templatetoaster.com\/pl\/wp-json\/wp\/v2\/pages\/4262\/revisions"}],"predecessor-version":[{"id":6773,"href":"https:\/\/templatetoaster.com\/pl\/wp-json\/wp\/v2\/pages\/4262\/revisions\/6773"}],"wp:attachment":[{"href":"https:\/\/templatetoaster.com\/pl\/wp-json\/wp\/v2\/media?parent=4262"}],"curies":[{"name":"wp","href":"https:\/\/api.w.org\/{rel}","templated":true}]}}