{"id":4255,"date":"2018-04-13T12:32:50","date_gmt":"2018-04-13T12:32:50","guid":{"rendered":"http:\/\/templatetoaster.com?page_id=4255"},"modified":"2019-12-03T04:09:02","modified_gmt":"2019-12-03T04:09:02","slug":"purchase","status":"publish","type":"page","link":"https:\/\/templatetoaster.com\/pl\/purchase","title":{"rendered":"Zakup"},"content":{"rendered":"<div class=\"tt_purchase_row row\">\n<h1 class=\"heading_border\">Zakup TemplateToaster<\/h1>\n<div class=\"purchase-table-desktop\">\n<div class=\"table-responsive\">\n<table class=\"table table-striped\">\n<thead>\n<tr>\n<th>TemplateToaster Edycje<\/th>\n<th>Standard Edition<\/th>\n<th>Professional Edition<\/th>\n<\/tr>\n<\/thead>\n<tbody>\n<tr>\n<td style=\"background-color: #f0f0f0; color: #1e1e1e; font-size: 22px; padding: 15px 10px; font-weight: bold; vertical-align: middle;\">Cena<\/td>\n<td style=\"background-color: #f0f0f0; color: #252323; font-size: 28px; padding: 35px 25px 25px; text-align: center; font-weight: 800;\">$49<a class=\"btn btn-buy-now offer\" href=\"https:\/\/templatetoaster.com\/purchase-standard-edition\">Kup teraz<\/a><\/td>\n<td class=\"text-center\" style=\"background-color: #ffd42a; color: #252323; font-size: 34px; padding: 25px; text-align: center; font-weight: 800; position: relative;\"><span class=\"old-price\"><s>$149<\/s><\/span>$99<a class=\"btn btn-buy-now offer\" href=\"https:\/\/templatetoaster.com\/purchase-professional-edition-discounted\">Kup teraz<\/a><\/td>\n<\/tr>\n<tr>\n<td>Wsparcie tworzenia motyw\u00f3w dla WordPressa, Joomli, Magento, Drupala, PrestaShop, VirueMart, Woocommerce, OpenCart, Blogger(BlogSpot) i stron HTML<\/td>\n<td>\n<div class=\"text-center\">\n<div class=\"right_icon\"><\/div>\n<\/div>\n<\/td>\n<td>\n<div class=\"text-center\">\n<div class=\"right_icon\"><\/div>\n<\/div>\n<\/td>\n<\/tr>\n<tr>\n<td>Darmowe aktualizacje przez rok<\/td>\n<td>\n<div class=\"text-center\">\n<div class=\"right_icon\"><\/div>\n<\/div>\n<\/td>\n<td>\n<div class=\"text-center\">\n<div class=\"right_icon\"><\/div>\n<\/div>\n<\/td>\n<\/tr>\n<tr>\n<td>Dedykowane wsparcie produktu<\/td>\n<td>\n<div class=\"text-center\">\n<div class=\"right_icon\"><\/div>\n<\/div>\n<\/td>\n<td>\n<div class=\"text-center\">\n<div class=\"right_icon\"><\/div>\n<\/div>\n<\/td>\n<\/tr>\n<tr>\n<td>Darmowe motywy\/style\/strony\u00a0<a class=\"tooltip-purchase\" title=\"\" href=\"#\">?<\/a><\/td>\n<td>\n<div class=\"text-center\">\n<div class=\"right_icon\"><\/div>\n<\/div>\n<\/td>\n<td>\n<div class=\"text-center\">\n<div class=\"right_icon\"><\/div>\n<\/div>\n<\/td>\n<\/tr>\n<tr>\n<td>Wsparcie Bootstrapa\u00a0<a class=\"tooltip-purchase\" title=\"\" href=\"#\">?<\/a><\/td>\n<td>\n<div class=\"text-center\">\n<div class=\"right_icon\"><\/div>\n<\/div>\n<\/td>\n<td>\n<div class=\"text-center\">\n<div class=\"right_icon\"><\/div>\n<\/div>\n<\/td>\n<\/tr>\n<tr>\n<td>Zacznij od podstaw\u00a0<a class=\"tooltip-purchase\" title=\"\" href=\"#\">?<\/a><\/td>\n<td>\n<div class=\"text-center\">\n<div class=\"wrong_icon\"><\/div>\n<\/div>\n<\/td>\n<td>\n<div class=\"text-center\">\n<div class=\"right_icon\"><\/div>\n<\/div>\n<\/td>\n<\/tr>\n<tr>\n<td>Ustawienia nag\u0142\u00f3wk\u00f3w (H1, H2 itp)\u00a0<a class=\"tooltip-purchase\" title=\"\" href=\"#\">?<\/a><\/td>\n<td>\n<div class=\"text-center\">\n<div class=\"wrong_icon\"><\/div>\n<\/div>\n<\/td>\n<td>\n<div class=\"text-center\">\n<div class=\"right_icon\"><\/div>\n<\/div>\n<\/td>\n<\/tr>\n<tr>\n<td>Opcje FTP<a class=\"tooltip-purchase\" title=\"\" href=\"#\">?<\/a><\/td>\n<td>\n<div class=\"text-center\">\n<div class=\"wrong_icon\"><\/div>\n<\/div>\n<\/td>\n<td>\n<div class=\"text-center\">\n<div class=\"right_icon\"><\/div>\n<\/div>\n<\/td>\n<\/tr>\n<tr>\n<td>Niestandardowe po\u0142o\u017cenie Modu\u0142\u00f3w\/Widget\u00f3w\/ Miejsca edycji\u00a0<a class=\"tooltip-purchase\" title=\"\" href=\"#\">?<\/a><\/td>\n<td>\n<div class=\"text-center\">\n<div class=\"wrong_icon\"><\/div>\n<\/div>\n<\/td>\n<td>\n<div class=\"text-center\">\n<div class=\"right_icon\"><\/div>\n<\/div>\n<\/td>\n<\/tr>\n<tr>\n<td>Niestandardowy styl motywu\u00a0<a class=\"tooltip-purchase\" title=\"\" href=\"#\">?<\/a><\/td>\n<td>\n<div class=\"text-center\">\n<div class=\"wrong_icon\"><\/div>\n<\/div>\n<\/td>\n<td>\n<div class=\"text-center\">\n<div class=\"right_icon\"><\/div>\n<\/div>\n<\/td>\n<\/tr>\n<tr>\n<td>Usuwanie prefiks\u00f3w _ttr CSS\u00a0<a class=\"tooltip-purchase\" title=\"\" href=\"#\">?<\/a><\/td>\n<td>\n<div class=\"text-center\">\n<div class=\"wrong_icon\"><\/div>\n<\/div>\n<\/td>\n<td>\n<div class=\"text-center\">\n<div class=\"right_icon\"><\/div>\n<\/div>\n<\/td>\n<\/tr>\n<tr>\n<td>Korzystaj z W\u0142asnych Obrazk\u00f3w w Template\u00a0<a class=\"tooltip-purchase\" title=\"\" href=\"#\">?<\/a><\/td>\n<td>\n<div class=\"text-center\">\n<div class=\"wrong_icon\"><\/div>\n<\/div>\n<\/td>\n<td>\n<div class=\"text-center\">\n<div class=\"right_icon\"><\/div>\n<\/div>\n<\/td>\n<\/tr>\n<tr>\n<td>Zaawansowane niestandardowe gradienty, k\u0105ty i inne opcje gradient\u00f3w\u00a0<a class=\"tooltip-purchase\" title=\"\" href=\"#\">?<\/a><\/td>\n<td>\n<div class=\"text-center\">\n<div class=\"wrong_icon\"><\/div>\n<\/div>\n<\/td>\n<td>\n<div class=\"text-center\">\n<div class=\"right_icon\"><\/div>\n<\/div>\n<\/td>\n<\/tr>\n<tr>\n<td>Niestandardowy logotyp z odno\u015bnikiem\u00a0<a class=\"tooltip-purchase\" title=\"\" href=\"#\">?<br \/>\n<\/a><\/td>\n<td>\n<div class=\"text-center\">\n<div class=\"wrong_icon\"><\/div>\n<\/div>\n<\/td>\n<td>\n<div class=\"text-center\">\n<div class=\"right_icon\"><\/div>\n<\/div>\n<\/td>\n<\/tr>\n<tr>\n<td>Niestandardowe wymiary jak wysoko\u015b\u0107, szeroko\u015b\u0107 itp.\u00a0<a class=\"tooltip-purchase\" title=\"\" href=\"#\">?<\/a><\/td>\n<td>\n<div class=\"text-center\">\n<div class=\"wrong_icon\"><\/div>\n<\/div>\n<\/td>\n<td>\n<div class=\"text-center\">\n<div class=\"right_icon\"><\/div>\n<\/div>\n<\/td>\n<\/tr>\n<tr>\n<td>Adnotacje na poziomie zak\u0142adek<\/td>\n<td>\n<div class=\"text-center\">\n<div class=\"wrong_icon\"><\/div>\n<\/div>\n<\/td>\n<td>\n<div class=\"text-center\">\n<div class=\"right_icon\"><\/div>\n<\/div>\n<\/td>\n<\/tr>\n<tr>\n<td>Dodatkowe opcje edycji zdj\u0119\u0107\u00a0<a class=\"tooltip-purchase\" title=\"\" href=\"#\">?<\/a><\/td>\n<td>\n<div class=\"text-center\">\n<div class=\"wrong_icon\"><\/div>\n<\/div>\n<\/td>\n<td>\n<div class=\"text-center\">\n<div class=\"right_icon\"><\/div>\n<\/div>\n<\/td>\n<\/tr>\n<tr>\n<td style=\"font-family: 'nunito_sansbold', 'arial', 'sans-serif';\">Edycje TemplateToaster<\/td>\n<td style=\"text-align: center;\"><a class=\"btn btn-buy-now offer\" href=\"https:\/\/templatetoaster.com\/purchase-standard-edition\">Kup teraz<\/a><\/td>\n<td style=\"text-align: center;\"><a class=\"btn btn-buy-now offer\" href=\"https:\/\/templatetoaster.com\/purchase-professional-edition-discounted\">Kup teraz<\/a><\/td>\n<\/tr>\n<\/tbody>\n<\/table>\n<\/div>\n<\/div>\n<div class=\"purchase-section-mobile row\">\n<div class=\"purchase-table-responsive\">\n<div class=\"purchase-table\">\n<div class=\"purchase-table-header\">\n<p class=\"text-center\">Standard Edition<\/p>\n<h3>$49<\/h3>\n<p><a class=\"btn btn-buy-now offer\" href=\"https:\/\/templatetoaster.com\/purchase-standard-edition\">Kup teraz<\/a><\/p>\n<\/div>\n<div class=\"purchase-table-body\">\n<ul>\n<li class=\"available\">Wsparcie projektowania motyw\u00f3w na platformy: WordPress, PrestaShop, VirtueMart, WooCommerce, OpenCart, Blogger(BlogSpot) i strony HTML<\/li>\n<li class=\"available\">Darmowe Aktualizacje przez rok<\/li>\n<li class=\"available\">Dedykowane wsparcie techniczne<\/li>\n<li class=\"available\">Darmowe motywy\/style\/strony<\/li>\n<li class=\"not-available\">Zacznij od podstaw<\/li>\n<li class=\"not-available\">Ustawienia nag\u0142\u00f3wk\u00f3w(H1 H2 itp.)<\/li>\n<li class=\"not-available\">Opcje FTP<\/li>\n<li class=\"not-available\">Dowolne pozycje Modu\u0142\u00f3w\/ Widget\u00f3w\/ Zaprojektowanych element\u00f3w<\/li>\n<li class=\"not-available\">Niestandardowy wygl\u0105d Motywu<\/li>\n<li class=\"not-available\">Usuni\u0119cie\/Zmiana prefiks\u00f3w _ttr CSS<\/li>\n<li class=\"not-available\">U\u017cywaj dowolnych Obraz\u00f3w w Motywie<\/li>\n<li class=\"not-available\">Zaawansowane opcje gradient\u00f3w<\/li>\n<li class=\"not-available\">Dowolny logotyp z odno\u015bnikiem<\/li>\n<li class=\"not-available\">Dowolne warto\u015bci wysoko\u015bci, szeroko\u015bci itp.<\/li>\n<li class=\"not-available\">Adnotacje na poziomie zak\u0142adek<\/li>\n<li class=\"not-available\">Dodatkowe opcje edycji zdj\u0119\u0107<\/li>\n<\/ul>\n<\/div>\n<div class=\"purchase-table-footer\"><a class=\"btn btn-buy-now offer\" href=\"https:\/\/templatetoaster.com\/purchase-standard-edition\">Kup teraz<\/a><\/div>\n<\/div>\n<div class=\"purchase-table\">\n<div class=\"purchase-table-header\">\n<p class=\"text-center\">Professional Edition<\/p>\n<h3><span class=\"old-price\"><s>$149<\/s><\/span>$99<\/h3>\n<p><a class=\"btn btn-buy-now offer\" href=\"https:\/\/templatetoaster.com\/purchase-professional-edition-discounted\">Kup teraz<\/a>\n<\/div>\n<div class=\"purchase-table-body\">\n<ul>\n<li class=\"available\">WordPress, Joomla, Magento, Drupal, HTML Website, PrestaShop, VirtueMart and WooCommerce<\/li>\n<li class=\"available\">Darmowe Aktualizacje przez rok<\/li>\n<li class=\"available\">Dedykowane wsparcie produkt<\/li>\n<li class=\"available\">Darmowe motywy\/style\/strony<\/li>\n<li class=\"available\">Wsparcie Bootstrapa<\/li>\n<li class=\"available\">Rozpocznij od podstaw<\/li>\n<li class=\"available\">Edycja nag\u0142\u00f3wk\u00f3w (H1 H2 itp.)<\/li>\n<li class=\"available\">Opcje FTP<\/li>\n<li class=\"available\">Dowolna Pozycja Modu\u0142\u00f3w\/P\u00f3l Widget\u00f3w\/Zaprojektowanych element\u00f3w<\/li>\n<li class=\"available\">Niestandardowy projekt Motywu<\/li>\n<li class=\"available\">Usu\u0144\/Zmie\u0144 prefiks _ttr CSS<\/li>\n<li class=\"available\">U\u017cywaj dowolnych zdj\u0119\u0107 w TemplateToaster<\/li>\n<li class=\"available\">Zaawansowane opcje gradient\u00f3w<\/li>\n<li class=\"available\">Niestandardowy logotyp z odno\u015bnikiem<\/li>\n<li class=\"available\">Dowolne warto\u015bci wysoko\u015bci, szeroko\u015bci itp.<\/li>\n<li>Adnotacje na poziomie zak\u0142adek<\/li>\n<li>Dodatkowe opcje edycji zdj\u0119\u0107<\/li>\n<\/ul>\n<\/div>\n<div class=\"purchase-table-footer\"><a class=\"btn btn-buy-now offer\" href=\"https:\/\/templatetoaster.com\/purchase-professional-edition-discounted\">Kup teraz<\/a><\/div>\n<\/div>\n<\/div>\n<\/div>\n<div class=\"tt_purchase_row2 row\">\n<p><b>Akceptowane formy p\u0142atno\u015bci:<\/b><\/p>\n<p>Paypal, Karty kredytowe, Przelewy Bankowe, Fax, sofortbanking, Alipay, Carte Bleue, Giropay, iDEAL, Webmoney i\u00a0<a href=\"https:\/\/templatetoaster.com\/support\">Wiele wi\u0119cej<\/a>.Po otrzymaniu p\u0142atno\u015bci powiadomimy Ci\u0119 mailowo o aktywacji klucza. To jest wymagane do aktywacji wersji testowej TemplateToaster. Program mo\u017cesz pobra\u0107\u00a0<a href=\"https:\/\/templatetoaster.com\/pl\/download\">tutaj<\/a>. Oferujemy pe\u0142n\u0105 wersj\u0119 testow\u0105 programu i nie oferujemy zwrot\u00f3w pieni\u0119dzy.\u00a0<a href=\"https:\/\/templatetoaster.com\/pl\/download\">Wypr\u00f3buj\u00a0\u00a0<\/a>TemplateToaster przed zakupem klucza aktywacyjnego.<\/p>\n<\/div>\n<\/div>\n","protected":false},"excerpt":{"rendered":"<p>Zakup TemplateToaster TemplateToaster Edycje Standard Edition Professional Edition Cena $49Kup teraz $149$99Kup teraz Wsparcie tworzenia motyw\u00f3w dla WordPressa, Joomli, Magento, Drupala, PrestaShop, VirueMart, Woocommerce, OpenCart, Blogger(BlogSpot) i stron HTML Darmowe aktualizacje przez rok Dedykowane wsparcie produktu Darmowe motywy\/style\/strony\u00a0? Wsparcie Bootstrapa\u00a0? &hellip; <a href=\"https:\/\/templatetoaster.com\/pl\/purchase\">Continue Reading<span class=\"meta-nav\">&rarr;<\/span><\/a><\/p>\n","protected":false},"author":1,"featured_media":0,"parent":0,"menu_order":0,"comment_status":"closed","ping_status":"closed","template":"PageTemplate1.php","meta":{"footnotes":""},"yoast_head":"<!-- This site is optimized with the Yoast SEO plugin v23.5 - https:\/\/yoast.com\/wordpress\/plugins\/seo\/ -->\n<title>Zakup - TemplateToaster<\/title>\n<meta name=\"description\" content=\"Tutaj mo\u017cesz \u015bmia\u0142o kupi\u0107 Licencj\u0119 na program. Akceptujemy PayPala, wszystkie popularniejsze Karty Kredytowe i wiele innych form p\u0142atno\u015bci.\" \/>\n<meta name=\"robots\" content=\"index, follow, max-snippet:-1, max-image-preview:large, max-video-preview:-1\" \/>\n<link rel=\"canonical\" href=\"https:\/\/templatetoaster.com\/pl\/purchase\" \/>\n<meta property=\"og:locale\" content=\"pl_PL\" \/>\n<meta property=\"og:type\" content=\"article\" \/>\n<meta property=\"og:title\" content=\"Zakup - TemplateToaster\" \/>\n<meta property=\"og:description\" content=\"Tutaj mo\u017cesz \u015bmia\u0142o kupi\u0107 Licencj\u0119 na program. Akceptujemy PayPala, wszystkie popularniejsze Karty Kredytowe i wiele innych form p\u0142atno\u015bci.\" \/>\n<meta property=\"og:url\" content=\"https:\/\/templatetoaster.com\/pl\/purchase\" \/>\n<meta property=\"og:site_name\" content=\"TemplateToaster\" \/>\n<meta property=\"article:publisher\" content=\"https:\/\/www.facebook.com\/TemplateToaster\" \/>\n<meta property=\"article:modified_time\" content=\"2019-12-03T04:09:02+00:00\" \/>\n<meta property=\"og:image\" content=\"https:\/\/templatetoaster.com\/wp-content\/uploads\/2015\/07\/TemplateToaster-325X325.png\" \/>\n\t<meta property=\"og:image:width\" content=\"325\" \/>\n\t<meta property=\"og:image:height\" content=\"325\" \/>\n\t<meta property=\"og:image:type\" content=\"image\/png\" \/>\n<meta name=\"twitter:card\" content=\"summary_large_image\" \/>\n<meta name=\"twitter:site\" content=\"@templatetoaster\" \/>\n<meta name=\"twitter:label1\" content=\"Szacowany czas czytania\" \/>\n\t<meta name=\"twitter:data1\" content=\"2 minuty\" \/>\n<script type=\"application\/ld+json\" class=\"yoast-schema-graph\">{\"@context\":\"https:\/\/schema.org\",\"@graph\":[{\"@type\":\"WebPage\",\"@id\":\"https:\/\/templatetoaster.com\/pl\/purchase\",\"url\":\"https:\/\/templatetoaster.com\/pl\/purchase\",\"name\":\"Zakup - TemplateToaster\",\"isPartOf\":{\"@id\":\"https:\/\/templatetoaster.com\/#website\"},\"datePublished\":\"2018-04-13T12:32:50+00:00\",\"dateModified\":\"2019-12-03T04:09:02+00:00\",\"description\":\"Tutaj mo\u017cesz \u015bmia\u0142o kupi\u0107 Licencj\u0119 na program. Akceptujemy PayPala, wszystkie popularniejsze Karty Kredytowe i wiele innych form p\u0142atno\u015bci.\",\"breadcrumb\":{\"@id\":\"https:\/\/templatetoaster.com\/pl\/purchase#breadcrumb\"},\"inLanguage\":\"pl-PL\",\"potentialAction\":[{\"@type\":\"ReadAction\",\"target\":[\"https:\/\/templatetoaster.com\/pl\/purchase\"]}]},{\"@type\":\"BreadcrumbList\",\"@id\":\"https:\/\/templatetoaster.com\/pl\/purchase#breadcrumb\",\"itemListElement\":[{\"@type\":\"ListItem\",\"position\":1,\"name\":\"Home\",\"item\":\"https:\/\/templatetoaster.com\/pl\"},{\"@type\":\"ListItem\",\"position\":2,\"name\":\"Zakup\"}]},{\"@type\":\"WebSite\",\"@id\":\"https:\/\/templatetoaster.com\/#website\",\"url\":\"https:\/\/templatetoaster.com\/\",\"name\":\"TemplateToaster\",\"description\":\"\",\"publisher\":{\"@id\":\"https:\/\/templatetoaster.com\/#organization\"},\"inLanguage\":\"pl-PL\"},{\"@type\":\"Organization\",\"@id\":\"https:\/\/templatetoaster.com\/#organization\",\"name\":\"TemplateToaster\",\"url\":\"https:\/\/templatetoaster.com\/\",\"logo\":{\"@type\":\"ImageObject\",\"inLanguage\":\"pl-PL\",\"@id\":\"https:\/\/templatetoaster.com\/#\/schema\/logo\/image\/\",\"url\":\"https:\/\/templatetoaster.com\/wp-content\/uploads\/2019\/11\/TemplateToaster_Logo.jpg\",\"contentUrl\":\"https:\/\/templatetoaster.com\/wp-content\/uploads\/2019\/11\/TemplateToaster_Logo.jpg\",\"width\":85,\"height\":85,\"caption\":\"TemplateToaster\"},\"image\":{\"@id\":\"https:\/\/templatetoaster.com\/#\/schema\/logo\/image\/\"},\"sameAs\":[\"https:\/\/www.facebook.com\/TemplateToaster\",\"https:\/\/x.com\/templatetoaster\",\"https:\/\/www.instagram.com\/templatetoaster\/\",\"https:\/\/www.linkedin.com\/company\/templatetoaster\/\",\"https:\/\/www.pinterest.com\/templatetoaster\/\",\"https:\/\/www.youtube.com\/@TemplateToaster\"]}]}<\/script>\n<!-- \/ Yoast SEO plugin. -->","yoast_head_json":{"title":"Zakup - TemplateToaster","description":"Tutaj mo\u017cesz \u015bmia\u0142o kupi\u0107 Licencj\u0119 na program. Akceptujemy PayPala, wszystkie popularniejsze Karty Kredytowe i wiele innych form p\u0142atno\u015bci.","robots":{"index":"index","follow":"follow","max-snippet":"max-snippet:-1","max-image-preview":"max-image-preview:large","max-video-preview":"max-video-preview:-1"},"canonical":"https:\/\/templatetoaster.com\/pl\/purchase","og_locale":"pl_PL","og_type":"article","og_title":"Zakup - TemplateToaster","og_description":"Tutaj mo\u017cesz \u015bmia\u0142o kupi\u0107 Licencj\u0119 na program. Akceptujemy PayPala, wszystkie popularniejsze Karty Kredytowe i wiele innych form p\u0142atno\u015bci.","og_url":"https:\/\/templatetoaster.com\/pl\/purchase","og_site_name":"TemplateToaster","article_publisher":"https:\/\/www.facebook.com\/TemplateToaster","article_modified_time":"2019-12-03T04:09:02+00:00","og_image":[{"width":325,"height":325,"url":"https:\/\/templatetoaster.com\/wp-content\/uploads\/2015\/07\/TemplateToaster-325X325.png","type":"image\/png"}],"twitter_card":"summary_large_image","twitter_site":"@templatetoaster","twitter_misc":{"Szacowany czas czytania":"2 minuty"},"schema":{"@context":"https:\/\/schema.org","@graph":[{"@type":"WebPage","@id":"https:\/\/templatetoaster.com\/pl\/purchase","url":"https:\/\/templatetoaster.com\/pl\/purchase","name":"Zakup - TemplateToaster","isPartOf":{"@id":"https:\/\/templatetoaster.com\/#website"},"datePublished":"2018-04-13T12:32:50+00:00","dateModified":"2019-12-03T04:09:02+00:00","description":"Tutaj mo\u017cesz \u015bmia\u0142o kupi\u0107 Licencj\u0119 na program. Akceptujemy PayPala, wszystkie popularniejsze Karty Kredytowe i wiele innych form p\u0142atno\u015bci.","breadcrumb":{"@id":"https:\/\/templatetoaster.com\/pl\/purchase#breadcrumb"},"inLanguage":"pl-PL","potentialAction":[{"@type":"ReadAction","target":["https:\/\/templatetoaster.com\/pl\/purchase"]}]},{"@type":"BreadcrumbList","@id":"https:\/\/templatetoaster.com\/pl\/purchase#breadcrumb","itemListElement":[{"@type":"ListItem","position":1,"name":"Home","item":"https:\/\/templatetoaster.com\/pl"},{"@type":"ListItem","position":2,"name":"Zakup"}]},{"@type":"WebSite","@id":"https:\/\/templatetoaster.com\/#website","url":"https:\/\/templatetoaster.com\/","name":"TemplateToaster","description":"","publisher":{"@id":"https:\/\/templatetoaster.com\/#organization"},"inLanguage":"pl-PL"},{"@type":"Organization","@id":"https:\/\/templatetoaster.com\/#organization","name":"TemplateToaster","url":"https:\/\/templatetoaster.com\/","logo":{"@type":"ImageObject","inLanguage":"pl-PL","@id":"https:\/\/templatetoaster.com\/#\/schema\/logo\/image\/","url":"https:\/\/templatetoaster.com\/wp-content\/uploads\/2019\/11\/TemplateToaster_Logo.jpg","contentUrl":"https:\/\/templatetoaster.com\/wp-content\/uploads\/2019\/11\/TemplateToaster_Logo.jpg","width":85,"height":85,"caption":"TemplateToaster"},"image":{"@id":"https:\/\/templatetoaster.com\/#\/schema\/logo\/image\/"},"sameAs":["https:\/\/www.facebook.com\/TemplateToaster","https:\/\/x.com\/templatetoaster","https:\/\/www.instagram.com\/templatetoaster\/","https:\/\/www.linkedin.com\/company\/templatetoaster\/","https:\/\/www.pinterest.com\/templatetoaster\/","https:\/\/www.youtube.com\/@TemplateToaster"]}]}},"_links":{"self":[{"href":"https:\/\/templatetoaster.com\/pl\/wp-json\/wp\/v2\/pages\/4255"}],"collection":[{"href":"https:\/\/templatetoaster.com\/pl\/wp-json\/wp\/v2\/pages"}],"about":[{"href":"https:\/\/templatetoaster.com\/pl\/wp-json\/wp\/v2\/types\/page"}],"author":[{"embeddable":true,"href":"https:\/\/templatetoaster.com\/pl\/wp-json\/wp\/v2\/users\/1"}],"replies":[{"embeddable":true,"href":"https:\/\/templatetoaster.com\/pl\/wp-json\/wp\/v2\/comments?post=4255"}],"version-history":[{"count":5,"href":"https:\/\/templatetoaster.com\/pl\/wp-json\/wp\/v2\/pages\/4255\/revisions"}],"predecessor-version":[{"id":68304,"href":"https:\/\/templatetoaster.com\/pl\/wp-json\/wp\/v2\/pages\/4255\/revisions\/68304"}],"wp:attachment":[{"href":"https:\/\/templatetoaster.com\/pl\/wp-json\/wp\/v2\/media?parent=4255"}],"curies":[{"name":"wp","href":"https:\/\/api.w.org\/{rel}","templated":true}]}}