{"id":4250,"date":"2018-04-13T12:30:52","date_gmt":"2018-04-13T12:30:52","guid":{"rendered":"http:\/\/templatetoaster.com?page_id=4250"},"modified":"2019-02-12T10:21:54","modified_gmt":"2019-02-12T10:21:54","slug":"privacy-policy","status":"publish","type":"page","link":"https:\/\/templatetoaster.com\/pl\/privacy-policy","title":{"rendered":"Polityka prywatno\u015bci"},"content":{"rendered":"<div class=\"tt_privacy_policy_row row\">\n<h1 class=\"heading_border\">Polityka prywatno\u015bci TemplateToaster<\/h1>\n<p>TemplateToaster zapewnia Ci\u0119, \u017ce informacje, kt\u00f3re zbieramy od Ciebie s\u0105 ca\u0142kowicie anonimowe i chronione. Nigdy nie podzielimy si\u0119 nimi z kimkolwiek.<\/p>\n<p>Rodzaj informacji jakie zbieramy: Zbieramy tw\u00f3j adres email oraz imi\u0119 i nazwisko, podczas rejestracji u nas. Korzystamy z tych informacji w celu utworzenia Twojego konta dla przysz\u0142ego kontaktu z nami, aktywacji\/dezaktywacji Twoich licencji itp. Nasza strona mo\u017ce zapisywa\u0107 tzw. cookies, aby zapewni\u0107 lepsze dzia\u0142anie strony.<\/p>\n<p>Bezpiecze\u0144stwo: Zapewniamy Ci\u0119, \u017ce informacje zbierane przez nas s\u0105 chronione fizycznie, cyfrowo i elektronicznie przez nieautoryzowanym dost\u0119pem i co wi\u0119cej nigdy nie dzielimy si\u0119 Twoimi danymi osobowymi z \u017cadnymi trzecimi stronami. Nie sprzedajemy ich, redystrybujemy, czy udost\u0119pniamy do p\u00f3ki prawo tego nie wymaga.<\/p>\n<\/div>\n","protected":false},"excerpt":{"rendered":"<p>Polityka prywatno\u015bci TemplateToaster TemplateToaster zapewnia Ci\u0119, \u017ce informacje, kt\u00f3re zbieramy od Ciebie s\u0105 ca\u0142kowicie anonimowe i chronione. Nigdy nie podzielimy si\u0119 nimi z kimkolwiek. Rodzaj informacji jakie zbieramy: Zbieramy tw\u00f3j adres email oraz imi\u0119 i nazwisko, podczas rejestracji u nas. &hellip; <a href=\"https:\/\/templatetoaster.com\/pl\/privacy-policy\">Continue Reading<span class=\"meta-nav\">&rarr;<\/span><\/a><\/p>\n","protected":false},"author":1,"featured_media":0,"parent":0,"menu_order":0,"comment_status":"closed","ping_status":"closed","template":"PageTemplate1.php","meta":{"footnotes":""},"yoast_head":"<!-- This site is optimized with the Yoast SEO plugin v23.5 - https:\/\/yoast.com\/wordpress\/plugins\/seo\/ -->\n<title>Polityka prywatno\u015bci - TemplateToaster<\/title>\n<meta name=\"description\" content=\"Nie dzielimy si\u0119 z nikim Twoimi danymi osobowymi, w\u0142\u0105czaj\u0105c w to Twoje imi\u0119 i nazwisko, email, adres itp.\" \/>\n<meta name=\"robots\" content=\"index, follow, max-snippet:-1, max-image-preview:large, max-video-preview:-1\" \/>\n<link rel=\"canonical\" href=\"https:\/\/templatetoaster.com\/pl\/privacy-policy\" \/>\n<meta property=\"og:locale\" content=\"pl_PL\" \/>\n<meta property=\"og:type\" content=\"article\" \/>\n<meta property=\"og:title\" content=\"Polityka prywatno\u015bci - TemplateToaster\" \/>\n<meta property=\"og:description\" content=\"Nie dzielimy si\u0119 z nikim Twoimi danymi osobowymi, w\u0142\u0105czaj\u0105c w to Twoje imi\u0119 i nazwisko, email, adres itp.\" \/>\n<meta property=\"og:url\" content=\"https:\/\/templatetoaster.com\/pl\/privacy-policy\" \/>\n<meta property=\"og:site_name\" content=\"TemplateToaster\" \/>\n<meta property=\"article:publisher\" content=\"https:\/\/www.facebook.com\/TemplateToaster\" \/>\n<meta property=\"article:modified_time\" content=\"2019-02-12T10:21:54+00:00\" \/>\n<meta property=\"og:image\" content=\"https:\/\/templatetoaster.com\/wp-content\/uploads\/2015\/07\/TemplateToaster-325X325.png\" \/>\n\t<meta property=\"og:image:width\" content=\"325\" \/>\n\t<meta property=\"og:image:height\" content=\"325\" \/>\n\t<meta property=\"og:image:type\" content=\"image\/png\" \/>\n<meta name=\"twitter:card\" content=\"summary_large_image\" \/>\n<meta name=\"twitter:site\" content=\"@templatetoaster\" \/>\n<meta name=\"twitter:label1\" content=\"Szacowany czas czytania\" \/>\n\t<meta name=\"twitter:data1\" content=\"1 minuta\" \/>\n<script type=\"application\/ld+json\" class=\"yoast-schema-graph\">{\"@context\":\"https:\/\/schema.org\",\"@graph\":[{\"@type\":\"WebPage\",\"@id\":\"https:\/\/templatetoaster.com\/pl\/privacy-policy\",\"url\":\"https:\/\/templatetoaster.com\/pl\/privacy-policy\",\"name\":\"Polityka prywatno\u015bci - TemplateToaster\",\"isPartOf\":{\"@id\":\"https:\/\/templatetoaster.com\/#website\"},\"datePublished\":\"2018-04-13T12:30:52+00:00\",\"dateModified\":\"2019-02-12T10:21:54+00:00\",\"description\":\"Nie dzielimy si\u0119 z nikim Twoimi danymi osobowymi, w\u0142\u0105czaj\u0105c w to Twoje imi\u0119 i nazwisko, email, adres itp.\",\"breadcrumb\":{\"@id\":\"https:\/\/templatetoaster.com\/pl\/privacy-policy#breadcrumb\"},\"inLanguage\":\"pl-PL\",\"potentialAction\":[{\"@type\":\"ReadAction\",\"target\":[\"https:\/\/templatetoaster.com\/pl\/privacy-policy\"]}]},{\"@type\":\"BreadcrumbList\",\"@id\":\"https:\/\/templatetoaster.com\/pl\/privacy-policy#breadcrumb\",\"itemListElement\":[{\"@type\":\"ListItem\",\"position\":1,\"name\":\"Home\",\"item\":\"https:\/\/templatetoaster.com\/pl\"},{\"@type\":\"ListItem\",\"position\":2,\"name\":\"Polityka prywatno\u015bci\"}]},{\"@type\":\"WebSite\",\"@id\":\"https:\/\/templatetoaster.com\/#website\",\"url\":\"https:\/\/templatetoaster.com\/\",\"name\":\"TemplateToaster\",\"description\":\"\",\"publisher\":{\"@id\":\"https:\/\/templatetoaster.com\/#organization\"},\"inLanguage\":\"pl-PL\"},{\"@type\":\"Organization\",\"@id\":\"https:\/\/templatetoaster.com\/#organization\",\"name\":\"TemplateToaster\",\"url\":\"https:\/\/templatetoaster.com\/\",\"logo\":{\"@type\":\"ImageObject\",\"inLanguage\":\"pl-PL\",\"@id\":\"https:\/\/templatetoaster.com\/#\/schema\/logo\/image\/\",\"url\":\"https:\/\/templatetoaster.com\/wp-content\/uploads\/2019\/11\/TemplateToaster_Logo.jpg\",\"contentUrl\":\"https:\/\/templatetoaster.com\/wp-content\/uploads\/2019\/11\/TemplateToaster_Logo.jpg\",\"width\":85,\"height\":85,\"caption\":\"TemplateToaster\"},\"image\":{\"@id\":\"https:\/\/templatetoaster.com\/#\/schema\/logo\/image\/\"},\"sameAs\":[\"https:\/\/www.facebook.com\/TemplateToaster\",\"https:\/\/x.com\/templatetoaster\",\"https:\/\/www.instagram.com\/templatetoaster\/\",\"https:\/\/www.linkedin.com\/company\/templatetoaster\/\",\"https:\/\/www.pinterest.com\/templatetoaster\/\",\"https:\/\/www.youtube.com\/@TemplateToaster\"]}]}<\/script>\n<!-- \/ Yoast SEO plugin. -->","yoast_head_json":{"title":"Polityka prywatno\u015bci - TemplateToaster","description":"Nie dzielimy si\u0119 z nikim Twoimi danymi osobowymi, w\u0142\u0105czaj\u0105c w to Twoje imi\u0119 i nazwisko, email, adres itp.","robots":{"index":"index","follow":"follow","max-snippet":"max-snippet:-1","max-image-preview":"max-image-preview:large","max-video-preview":"max-video-preview:-1"},"canonical":"https:\/\/templatetoaster.com\/pl\/privacy-policy","og_locale":"pl_PL","og_type":"article","og_title":"Polityka prywatno\u015bci - TemplateToaster","og_description":"Nie dzielimy si\u0119 z nikim Twoimi danymi osobowymi, w\u0142\u0105czaj\u0105c w to Twoje imi\u0119 i nazwisko, email, adres itp.","og_url":"https:\/\/templatetoaster.com\/pl\/privacy-policy","og_site_name":"TemplateToaster","article_publisher":"https:\/\/www.facebook.com\/TemplateToaster","article_modified_time":"2019-02-12T10:21:54+00:00","og_image":[{"width":325,"height":325,"url":"https:\/\/templatetoaster.com\/wp-content\/uploads\/2015\/07\/TemplateToaster-325X325.png","type":"image\/png"}],"twitter_card":"summary_large_image","twitter_site":"@templatetoaster","twitter_misc":{"Szacowany czas czytania":"1 minuta"},"schema":{"@context":"https:\/\/schema.org","@graph":[{"@type":"WebPage","@id":"https:\/\/templatetoaster.com\/pl\/privacy-policy","url":"https:\/\/templatetoaster.com\/pl\/privacy-policy","name":"Polityka prywatno\u015bci - TemplateToaster","isPartOf":{"@id":"https:\/\/templatetoaster.com\/#website"},"datePublished":"2018-04-13T12:30:52+00:00","dateModified":"2019-02-12T10:21:54+00:00","description":"Nie dzielimy si\u0119 z nikim Twoimi danymi osobowymi, w\u0142\u0105czaj\u0105c w to Twoje imi\u0119 i nazwisko, email, adres itp.","breadcrumb":{"@id":"https:\/\/templatetoaster.com\/pl\/privacy-policy#breadcrumb"},"inLanguage":"pl-PL","potentialAction":[{"@type":"ReadAction","target":["https:\/\/templatetoaster.com\/pl\/privacy-policy"]}]},{"@type":"BreadcrumbList","@id":"https:\/\/templatetoaster.com\/pl\/privacy-policy#breadcrumb","itemListElement":[{"@type":"ListItem","position":1,"name":"Home","item":"https:\/\/templatetoaster.com\/pl"},{"@type":"ListItem","position":2,"name":"Polityka prywatno\u015bci"}]},{"@type":"WebSite","@id":"https:\/\/templatetoaster.com\/#website","url":"https:\/\/templatetoaster.com\/","name":"TemplateToaster","description":"","publisher":{"@id":"https:\/\/templatetoaster.com\/#organization"},"inLanguage":"pl-PL"},{"@type":"Organization","@id":"https:\/\/templatetoaster.com\/#organization","name":"TemplateToaster","url":"https:\/\/templatetoaster.com\/","logo":{"@type":"ImageObject","inLanguage":"pl-PL","@id":"https:\/\/templatetoaster.com\/#\/schema\/logo\/image\/","url":"https:\/\/templatetoaster.com\/wp-content\/uploads\/2019\/11\/TemplateToaster_Logo.jpg","contentUrl":"https:\/\/templatetoaster.com\/wp-content\/uploads\/2019\/11\/TemplateToaster_Logo.jpg","width":85,"height":85,"caption":"TemplateToaster"},"image":{"@id":"https:\/\/templatetoaster.com\/#\/schema\/logo\/image\/"},"sameAs":["https:\/\/www.facebook.com\/TemplateToaster","https:\/\/x.com\/templatetoaster","https:\/\/www.instagram.com\/templatetoaster\/","https:\/\/www.linkedin.com\/company\/templatetoaster\/","https:\/\/www.pinterest.com\/templatetoaster\/","https:\/\/www.youtube.com\/@TemplateToaster"]}]}},"_links":{"self":[{"href":"https:\/\/templatetoaster.com\/pl\/wp-json\/wp\/v2\/pages\/4250"}],"collection":[{"href":"https:\/\/templatetoaster.com\/pl\/wp-json\/wp\/v2\/pages"}],"about":[{"href":"https:\/\/templatetoaster.com\/pl\/wp-json\/wp\/v2\/types\/page"}],"author":[{"embeddable":true,"href":"https:\/\/templatetoaster.com\/pl\/wp-json\/wp\/v2\/users\/1"}],"replies":[{"embeddable":true,"href":"https:\/\/templatetoaster.com\/pl\/wp-json\/wp\/v2\/comments?post=4250"}],"version-history":[{"count":4,"href":"https:\/\/templatetoaster.com\/pl\/wp-json\/wp\/v2\/pages\/4250\/revisions"}],"predecessor-version":[{"id":8729,"href":"https:\/\/templatetoaster.com\/pl\/wp-json\/wp\/v2\/pages\/4250\/revisions\/8729"}],"wp:attachment":[{"href":"https:\/\/templatetoaster.com\/pl\/wp-json\/wp\/v2\/media?parent=4250"}],"curies":[{"name":"wp","href":"https:\/\/api.w.org\/{rel}","templated":true}]}}