{"id":4246,"date":"2018-04-13T12:28:26","date_gmt":"2018-04-13T12:28:26","guid":{"rendered":"http:\/\/templatetoaster.com?page_id=4246"},"modified":"2019-02-12T10:19:08","modified_gmt":"2019-02-12T10:19:08","slug":"our-standards","status":"publish","type":"page","link":"https:\/\/templatetoaster.com\/pl\/our-standards","title":{"rendered":"Nasze standardy"},"content":{"rendered":"<div class=\"ttr_our_features_row_main row\">\n<h1 class=\"heading_border\" style=\"background-size: 335px 1px;\">Nasze standardy<\/h1>\n<div class=\"ttr_our_features_row row odd first\">\n<div class=\"container\">\n<div class=\"ttr_our_features_col col1\"><img decoding=\"async\" class=\"img-responsive center-block\" src=\"https:\/\/templatetoaster.com\/wp-content\/uploads\/2018\/10\/responsive-web-design.jpg\" alt=\"\" \/><\/div>\n<div class=\"ttr_our_features_col col2\">\n<h3 style=\"margin: 0px;\">Elastyczne Web Design<\/h3>\n<p style=\"padding-left: 0px;\">TemplateToaster obs\u0142uguje elastyczne projektowanie stron internetowych(RWD), oznacza to witryny b\u0119d\u0105 wy\u015bwietlane perfekcyjnie na wszelkie urz\u0105dzenia, w tym, ale nie ogranicza si\u0119 do urz\u0105dze\u0144 Apple, Urz\u0105dzenia z systemem Android, Urz\u0105dzenia BlackBerry, Windows Mobile, Du\u017ce monitory, Ma\u0142e tabletki, Du\u017ce tabletki, Komputery stacjonarne i tak dalej.<\/p>\n<\/div>\n<\/div>\n<\/div>\n<div class=\"ttr_our_features_row row even\">\n<div class=\"container\">\n<div class=\"ttr_our_features_col col1\">\n<h3 style=\"margin: 0px;\">Zgodno\u015b\u0107 z przegl\u0105darkami<\/h3>\n<p class=\"feature-text\">TemplateToaster obs\u0142uguje wszystkie standardowe przegl\u0105darki internetowe w tym, ale nie ograniczone do programu Internet Explorer, Firefox, Chrome, Opera, Safari i wszystkich mobilnych przegl\u0105darek.<\/p>\n<\/div>\n<div class=\"ttr_our_features_col col2\"><img decoding=\"async\" class=\"img-responsive center-block\" src=\"https:\/\/templatetoaster.com\/wp-content\/uploads\/2018\/10\/browser-compatibility.png\" alt=\"\" \/><\/div>\n<\/div>\n<\/div>\n<div class=\"ttr_our_features_row row odd\">\n<div class=\"container\">\n<div class=\"ttr_our_features_col col1\"><img decoding=\"async\" class=\"img-responsive center-block\" src=\"https:\/\/templatetoaster.com\/wp-content\/uploads\/2018\/10\/bootstrap-framework-support.png\" alt=\"\" \/><\/div>\n<div class=\"ttr_our_features_col col2\">\n<h3 style=\"margin: 0px;\">Bootstrap ram wsparcia<\/h3>\n<p style=\"padding-left: 0px;\">TemplateToaster teraz wsparcie BootStrap, oznacza wszystkie generowane szablony, Tematy i stron internetowych b\u0119dzie BootStrap oparte. Mo\u017cna r\u00f3wnie\u017c zmodyfikowa\u0107 wszystkie domy\u015blne BootStrap kontroli bezpo\u015brednio w TemplateToaster.<\/p>\n<\/div>\n<\/div>\n<\/div>\n<div class=\"ttr_our_features_row row even\">\n<div class=\"container\">\n<div class=\"ttr_our_features_col col1\">\n<h3 style=\"margin: 0px;\">Dot Net i WPF na bazie oprogramowania<\/h3>\n<p class=\"feature-text\">TemplateToaster jest opracowana z wykorzystaniem przemys\u0142u standardowych Microsoft dot Net i WPF ram, gwarantuje idealne po\u0142\u0105czenie wydajno\u015bci i standaryzacja.<\/p>\n<\/div>\n<div class=\"ttr_our_features_col col2\"><img decoding=\"async\" class=\"img-responsive center-block\" src=\"https:\/\/templatetoaster.com\/wp-content\/uploads\/2018\/10\/dot-net-and-wpf-based-software.png\" alt=\"\" \/><\/div>\n<\/div>\n<\/div>\n<div class=\"ttr_our_features_row row odd\">\n<div class=\"container\">\n<div class=\"ttr_our_features_col col1\"><img decoding=\"async\" class=\"img-responsive center-block\" src=\"https:\/\/templatetoaster.com\/wp-content\/uploads\/2018\/10\/high-page-speed.png\" alt=\"\" \/><\/div>\n<div class=\"ttr_our_features_col col2\">\n<h3 style=\"margin: 0px;\">Wysoka pr\u0119dko\u015b\u0107 strony<\/h3>\n<p style=\"padding-left: 0px;\">TemplateToaster wdro\u017cenia najnowszych standard\u00f3w bran\u017cowych do zwi\u0119kszenia pr\u0119dko\u015bci stronie\/tematu szablon strony. Mo\u017cesz sprawdzi\u0107 szybko\u015b\u0107 strony TemplateToaster.com za pomoc\u0105 Google Page speed lub narz\u0119dzie \u015bwist<\/p>\n<\/div>\n<\/div>\n<\/div>\n<div class=\"ttr_our_features_row row even\">\n<div class=\"container\">\n<div class=\"ttr_our_features_col col1\">\n<h3 style=\"margin: 0px;\">WordPress Theme wyboru wtyczki Pass<\/h3>\n<p class=\"feature-text\">WordPress Themes zaprojektowane w TemplateToaster przej\u015b\u0107 sprawdzi\u0107 wtyczk\u0119 WordPress tematu, oznacza to, WordPress tematy, kt\u00f3re mo\u017cna zaprojektowa\u0107 w TemplateToaster s\u0105 wolne od b\u0142\u0119d\u00f3w i s\u0105 wysokiej jako\u015bci przemys\u0142 standardowego kodu.<\/p>\n<\/div>\n<div class=\"ttr_our_features_col col2\"><img decoding=\"async\" class=\"img-responsive center-block\" src=\"https:\/\/templatetoaster.com\/wp-content\/uploads\/2018\/10\/wordpress-theme-check-plugin-pass.png\" alt=\"\" \/><\/div>\n<\/div>\n<\/div>\n<div class=\"ttr_our_features_row row odd\">\n<div class=\"container\">\n<div class=\"ttr_our_features_col col1\"><img decoding=\"async\" class=\"img-responsive center-block drop_drag\" src=\"https:\/\/templatetoaster.com\/wp-content\/uploads\/2018\/10\/w3c-valid-output.png\" alt=\"\" \/><\/div>\n<div class=\"ttr_our_features_col col2\">\n<h3 style=\"margin: 0px;\">W3C wa\u017cne wyj\u015bcie<\/h3>\n<p style=\"padding-left: 0px;\">TemplateToaster generuje przemys\u0142 standard HTML5 i CSS3, kt\u00f3re nale\u017cy przekaza\u0107 standard\u00f3w W3C.<\/p>\n<\/div>\n<\/div>\n<\/div>\n<div class=\"ttr_our_features_row row even\">\n<div class=\"container\">\n<div class=\"ttr_our_features_col col1\">\n<h3 style=\"margin: 0px;\">WordPress Theme standard\u00f3w kodowania<\/h3>\n<p class=\"feature-text\">By\u0107 mo\u017ce wiesz zaleceniami WordPress Theme kodowania, wytyczne i standardy. Jeden z <a href=\"https:\/\/wordpress.org\/themes\/templatetoaster\/\">TemplateToaster tematu<\/a> jest w WordPress tematu repozytorium, Teraz mo\u017cna si\u0119 domy\u015ble\u0107 jak wysokiej jako\u015bci wyj\u015bcie TemplateToaster jest.<\/p>\n<\/div>\n<div class=\"ttr_our_features_col col2\"><img decoding=\"async\" class=\"img-responsive center-block\" src=\"https:\/\/templatetoaster.com\/wp-content\/uploads\/2018\/10\/wordpress-theme-coding-standards.png\" alt=\"\" \/><\/div>\n<\/div>\n<\/div>\n<div class=\"ttr_our_features_row_button row\">\n<div class=\"container\"><a class=\"btn download_button btn-feature\" href=\"https:\/\/templatetoaster.com\/pl\/download\">Pobierz bezp\u0142atn\u0105 wersj\u0119 pr\u00f3bn\u0105<\/a><\/div>\n<\/div>\n<\/div>\n","protected":false},"excerpt":{"rendered":"<p>Nasze standardy Elastyczne Web Design TemplateToaster obs\u0142uguje elastyczne projektowanie stron internetowych(RWD), oznacza to witryny b\u0119d\u0105 wy\u015bwietlane perfekcyjnie na wszelkie urz\u0105dzenia, w tym, ale nie ogranicza si\u0119 do urz\u0105dze\u0144 Apple, Urz\u0105dzenia z systemem Android, Urz\u0105dzenia BlackBerry, Windows Mobile, Du\u017ce monitory, Ma\u0142e &hellip; <a href=\"https:\/\/templatetoaster.com\/pl\/our-standards\">Continue Reading<span class=\"meta-nav\">&rarr;<\/span><\/a><\/p>\n","protected":false},"author":1,"featured_media":0,"parent":0,"menu_order":0,"comment_status":"closed","ping_status":"closed","template":"","meta":{"footnotes":""},"yoast_head":"<!-- This site is optimized with the Yoast SEO plugin v23.5 - https:\/\/yoast.com\/wordpress\/plugins\/seo\/ -->\n<title>Nasze standardy - TemplateToaster<\/title>\n<meta name=\"description\" content=\"Nasze standardy dla oprogramowania TemplateToaster\" \/>\n<meta name=\"robots\" content=\"index, follow, max-snippet:-1, max-image-preview:large, max-video-preview:-1\" \/>\n<link rel=\"canonical\" href=\"https:\/\/templatetoaster.com\/pl\/our-standards\" \/>\n<meta property=\"og:locale\" content=\"pl_PL\" \/>\n<meta property=\"og:type\" content=\"article\" \/>\n<meta property=\"og:title\" content=\"Nasze standardy - TemplateToaster\" \/>\n<meta property=\"og:description\" content=\"Nasze standardy dla oprogramowania TemplateToaster\" \/>\n<meta property=\"og:url\" content=\"https:\/\/templatetoaster.com\/pl\/our-standards\" \/>\n<meta property=\"og:site_name\" content=\"TemplateToaster\" \/>\n<meta property=\"article:publisher\" content=\"https:\/\/www.facebook.com\/TemplateToaster\" \/>\n<meta property=\"article:modified_time\" content=\"2019-02-12T10:19:08+00:00\" \/>\n<meta property=\"og:image\" content=\"https:\/\/templatetoaster.com\/wp-content\/uploads\/2018\/10\/responsive-web-design.jpg\" \/>\n<meta name=\"twitter:card\" content=\"summary_large_image\" \/>\n<meta name=\"twitter:site\" content=\"@templatetoaster\" \/>\n<meta name=\"twitter:label1\" content=\"Szacowany czas czytania\" \/>\n\t<meta name=\"twitter:data1\" content=\"1 minuta\" \/>\n<script type=\"application\/ld+json\" class=\"yoast-schema-graph\">{\"@context\":\"https:\/\/schema.org\",\"@graph\":[{\"@type\":\"WebPage\",\"@id\":\"https:\/\/templatetoaster.com\/pl\/our-standards\",\"url\":\"https:\/\/templatetoaster.com\/pl\/our-standards\",\"name\":\"Nasze standardy - TemplateToaster\",\"isPartOf\":{\"@id\":\"https:\/\/templatetoaster.com\/#website\"},\"primaryImageOfPage\":{\"@id\":\"https:\/\/templatetoaster.com\/pl\/our-standards#primaryimage\"},\"image\":{\"@id\":\"https:\/\/templatetoaster.com\/pl\/our-standards#primaryimage\"},\"thumbnailUrl\":\"https:\/\/templatetoaster.com\/wp-content\/uploads\/2018\/10\/responsive-web-design.jpg\",\"datePublished\":\"2018-04-13T12:28:26+00:00\",\"dateModified\":\"2019-02-12T10:19:08+00:00\",\"description\":\"Nasze standardy dla oprogramowania TemplateToaster\",\"breadcrumb\":{\"@id\":\"https:\/\/templatetoaster.com\/pl\/our-standards#breadcrumb\"},\"inLanguage\":\"pl-PL\",\"potentialAction\":[{\"@type\":\"ReadAction\",\"target\":[\"https:\/\/templatetoaster.com\/pl\/our-standards\"]}]},{\"@type\":\"ImageObject\",\"inLanguage\":\"pl-PL\",\"@id\":\"https:\/\/templatetoaster.com\/pl\/our-standards#primaryimage\",\"url\":\"https:\/\/templatetoaster.com\/wp-content\/uploads\/2018\/10\/responsive-web-design.jpg\",\"contentUrl\":\"https:\/\/templatetoaster.com\/wp-content\/uploads\/2018\/10\/responsive-web-design.jpg\"},{\"@type\":\"BreadcrumbList\",\"@id\":\"https:\/\/templatetoaster.com\/pl\/our-standards#breadcrumb\",\"itemListElement\":[{\"@type\":\"ListItem\",\"position\":1,\"name\":\"Home\",\"item\":\"https:\/\/templatetoaster.com\/pl\"},{\"@type\":\"ListItem\",\"position\":2,\"name\":\"Nasze standardy\"}]},{\"@type\":\"WebSite\",\"@id\":\"https:\/\/templatetoaster.com\/#website\",\"url\":\"https:\/\/templatetoaster.com\/\",\"name\":\"TemplateToaster\",\"description\":\"\",\"publisher\":{\"@id\":\"https:\/\/templatetoaster.com\/#organization\"},\"inLanguage\":\"pl-PL\"},{\"@type\":\"Organization\",\"@id\":\"https:\/\/templatetoaster.com\/#organization\",\"name\":\"TemplateToaster\",\"url\":\"https:\/\/templatetoaster.com\/\",\"logo\":{\"@type\":\"ImageObject\",\"inLanguage\":\"pl-PL\",\"@id\":\"https:\/\/templatetoaster.com\/#\/schema\/logo\/image\/\",\"url\":\"https:\/\/templatetoaster.com\/wp-content\/uploads\/2019\/11\/TemplateToaster_Logo.jpg\",\"contentUrl\":\"https:\/\/templatetoaster.com\/wp-content\/uploads\/2019\/11\/TemplateToaster_Logo.jpg\",\"width\":85,\"height\":85,\"caption\":\"TemplateToaster\"},\"image\":{\"@id\":\"https:\/\/templatetoaster.com\/#\/schema\/logo\/image\/\"},\"sameAs\":[\"https:\/\/www.facebook.com\/TemplateToaster\",\"https:\/\/x.com\/templatetoaster\",\"https:\/\/www.instagram.com\/templatetoaster\/\",\"https:\/\/www.linkedin.com\/company\/templatetoaster\/\",\"https:\/\/www.pinterest.com\/templatetoaster\/\",\"https:\/\/www.youtube.com\/@TemplateToaster\"]}]}<\/script>\n<!-- \/ Yoast SEO plugin. -->","yoast_head_json":{"title":"Nasze standardy - TemplateToaster","description":"Nasze standardy dla oprogramowania TemplateToaster","robots":{"index":"index","follow":"follow","max-snippet":"max-snippet:-1","max-image-preview":"max-image-preview:large","max-video-preview":"max-video-preview:-1"},"canonical":"https:\/\/templatetoaster.com\/pl\/our-standards","og_locale":"pl_PL","og_type":"article","og_title":"Nasze standardy - TemplateToaster","og_description":"Nasze standardy dla oprogramowania TemplateToaster","og_url":"https:\/\/templatetoaster.com\/pl\/our-standards","og_site_name":"TemplateToaster","article_publisher":"https:\/\/www.facebook.com\/TemplateToaster","article_modified_time":"2019-02-12T10:19:08+00:00","og_image":[{"url":"https:\/\/templatetoaster.com\/wp-content\/uploads\/2018\/10\/responsive-web-design.jpg"}],"twitter_card":"summary_large_image","twitter_site":"@templatetoaster","twitter_misc":{"Szacowany czas czytania":"1 minuta"},"schema":{"@context":"https:\/\/schema.org","@graph":[{"@type":"WebPage","@id":"https:\/\/templatetoaster.com\/pl\/our-standards","url":"https:\/\/templatetoaster.com\/pl\/our-standards","name":"Nasze standardy - TemplateToaster","isPartOf":{"@id":"https:\/\/templatetoaster.com\/#website"},"primaryImageOfPage":{"@id":"https:\/\/templatetoaster.com\/pl\/our-standards#primaryimage"},"image":{"@id":"https:\/\/templatetoaster.com\/pl\/our-standards#primaryimage"},"thumbnailUrl":"https:\/\/templatetoaster.com\/wp-content\/uploads\/2018\/10\/responsive-web-design.jpg","datePublished":"2018-04-13T12:28:26+00:00","dateModified":"2019-02-12T10:19:08+00:00","description":"Nasze standardy dla oprogramowania TemplateToaster","breadcrumb":{"@id":"https:\/\/templatetoaster.com\/pl\/our-standards#breadcrumb"},"inLanguage":"pl-PL","potentialAction":[{"@type":"ReadAction","target":["https:\/\/templatetoaster.com\/pl\/our-standards"]}]},{"@type":"ImageObject","inLanguage":"pl-PL","@id":"https:\/\/templatetoaster.com\/pl\/our-standards#primaryimage","url":"https:\/\/templatetoaster.com\/wp-content\/uploads\/2018\/10\/responsive-web-design.jpg","contentUrl":"https:\/\/templatetoaster.com\/wp-content\/uploads\/2018\/10\/responsive-web-design.jpg"},{"@type":"BreadcrumbList","@id":"https:\/\/templatetoaster.com\/pl\/our-standards#breadcrumb","itemListElement":[{"@type":"ListItem","position":1,"name":"Home","item":"https:\/\/templatetoaster.com\/pl"},{"@type":"ListItem","position":2,"name":"Nasze standardy"}]},{"@type":"WebSite","@id":"https:\/\/templatetoaster.com\/#website","url":"https:\/\/templatetoaster.com\/","name":"TemplateToaster","description":"","publisher":{"@id":"https:\/\/templatetoaster.com\/#organization"},"inLanguage":"pl-PL"},{"@type":"Organization","@id":"https:\/\/templatetoaster.com\/#organization","name":"TemplateToaster","url":"https:\/\/templatetoaster.com\/","logo":{"@type":"ImageObject","inLanguage":"pl-PL","@id":"https:\/\/templatetoaster.com\/#\/schema\/logo\/image\/","url":"https:\/\/templatetoaster.com\/wp-content\/uploads\/2019\/11\/TemplateToaster_Logo.jpg","contentUrl":"https:\/\/templatetoaster.com\/wp-content\/uploads\/2019\/11\/TemplateToaster_Logo.jpg","width":85,"height":85,"caption":"TemplateToaster"},"image":{"@id":"https:\/\/templatetoaster.com\/#\/schema\/logo\/image\/"},"sameAs":["https:\/\/www.facebook.com\/TemplateToaster","https:\/\/x.com\/templatetoaster","https:\/\/www.instagram.com\/templatetoaster\/","https:\/\/www.linkedin.com\/company\/templatetoaster\/","https:\/\/www.pinterest.com\/templatetoaster\/","https:\/\/www.youtube.com\/@TemplateToaster"]}]}},"_links":{"self":[{"href":"https:\/\/templatetoaster.com\/pl\/wp-json\/wp\/v2\/pages\/4246"}],"collection":[{"href":"https:\/\/templatetoaster.com\/pl\/wp-json\/wp\/v2\/pages"}],"about":[{"href":"https:\/\/templatetoaster.com\/pl\/wp-json\/wp\/v2\/types\/page"}],"author":[{"embeddable":true,"href":"https:\/\/templatetoaster.com\/pl\/wp-json\/wp\/v2\/users\/1"}],"replies":[{"embeddable":true,"href":"https:\/\/templatetoaster.com\/pl\/wp-json\/wp\/v2\/comments?post=4246"}],"version-history":[{"count":5,"href":"https:\/\/templatetoaster.com\/pl\/wp-json\/wp\/v2\/pages\/4246\/revisions"}],"predecessor-version":[{"id":8726,"href":"https:\/\/templatetoaster.com\/pl\/wp-json\/wp\/v2\/pages\/4246\/revisions\/8726"}],"wp:attachment":[{"href":"https:\/\/templatetoaster.com\/pl\/wp-json\/wp\/v2\/media?parent=4246"}],"curies":[{"name":"wp","href":"https:\/\/api.w.org\/{rel}","templated":true}]}}