{"id":4218,"date":"2018-04-13T12:11:28","date_gmt":"2018-04-13T12:11:28","guid":{"rendered":"http:\/\/templatetoaster.com?page_id=4218"},"modified":"2019-08-27T10:40:04","modified_gmt":"2019-08-27T10:40:04","slug":"html5-css3-website-creator","status":"publish","type":"page","link":"https:\/\/templatetoaster.com\/pl\/html5-css3-website-creator","title":{"rendered":"Kreator stron HTML5 i CSS3"},"content":{"rendered":"<div class=\"section1 wp-theme-generator\">\n<div style=\"margin: 115px 0 16px;\">\n<h1>Generator strony HTML stworzony do projektowania spektakularnych stron internetowych!<\/h1>\n<p class=\"text-center\">Nie projektuj tylko motyw\u00f3w, projektuj strony, kt\u00f3re powal\u0105 Twoich odwiedzaj\u0105cych. Bez potrzeby kodowania!<\/p>\n<div style=\"text-align: center;\"><a class=\"btn download_btn\" href=\"https:\/\/templatetoaster.com\/pl\/download\">Pobierz teraz<\/a><\/div>\n<div class=\"clearfix\"><\/div>\n<\/div>\n<\/div>\n<p><!--- What is TemplateToaster Section --><\/p>\n<div class=\"section2 wp-theme-generator\">\n<div class=\"section2-inner\">\n<h2>Dlaczego warto korzysta\u0107 z TemplateToaster jako Kreatora stron HTML?<\/h2>\n<p>Zaprojektuj schludne i przepi\u0119kne motywy dla Twojej strony HTML. Projekt w pe\u0142ni dzia\u0142aj\u0105cej strony HTML prosto z pude\u0142ka. Koniec z uci\u0105\u017cliwym kodowaniem. Po prostu czysta przyjemno\u015b\u0107 z tworzenia, tego czego potrzebujesz w ci\u0105gu kilku minut!<\/p>\n<\/div>\n<\/div>\n<p><!--- section 3 starts --><\/p>\n<div class=\"section3 wp-theme-generator\">\n<div class=\"section3-inner\">\n<h2>Jak to dzia\u0142a?<\/h2>\n<div class=\"row\">\n<div class=\"col-lg-4 col-md-4 col-sm-6 col-xs-12\">\n<div class=\"media\">\n<div class=\"landing_page_svg download\"><\/div>\n<h3 class=\"text-center\">Rozpocznij swoj\u0105 histori\u0119 z prostym projektowanie!<\/h3>\n<p class=\"text-center\">Wypr\u00f3buj darmowy, nielimitowany dost\u0119p do wszystkich funkcji TemplateToaster na swoim komputerze. Rozpocznij projektowanie i tworzenie czego\u015b wyj\u0105tkowego ju\u017c dzi\u015b!<\/p>\n<\/div>\n<\/div>\n<div class=\"clearfix visible-xs-block\"><\/div>\n<div class=\"col-lg-4 col-md-4 col-sm-6 col-xs-12\">\n<div class=\"media\">\n<div class=\"landing_page_svg build-wp-theme\"><\/div>\n<h3 class=\"text-center\">Po prostu Przeci\u0105gnij i Upu\u015b\u0107 by zaprojektowa\u0107 powalaj\u0105ce Motywy!<\/h3>\n<p class=\"text-center\">Wyposa\u017c stron\u0119 w spersonalizowane dodatki z pre-definiowanych motyw\u00f3w lub zacznij od pocz\u0105tku. Przebieraj z ogromnej ilo\u015bci gotowych styli, dzi\u0119ki u\u017cyciu funkcji Przeci\u0105gnij i Upu\u015b\u0107 i stw\u00f3rz projekt w ci\u0105gu kilku chwil!<\/p>\n<\/div>\n<\/div>\n<div class=\"clearfix visible-sm-block visible-xs-block\"><\/div>\n<div class=\"col-lg-4 col-md-4 col-sm-6 col-xs-12\">\n<div class=\"media\">\n<div class=\"landing_page_svg export-upload\"><\/div>\n<h3 class=\"text-center\">Tw\u00f3j Motyw jest gotowy by zawojowa\u0107 Twoj\u0105 stron\u0119!<\/h3>\n<p class=\"text-center\">Tw\u00f3j motyw jest doprowadzony do perfekcji? Najwy\u017csza pora wyeksportowa\u0107 i wgra\u0107 styl na sw\u00f3j serwer hostingowy. Zobaczysz Twoja strona b\u0119dzie wymiata\u0107!<\/p>\n<\/div>\n<\/div>\n<div class=\"clearfix visible-lg-block visible-md-block visible-sm-block visible-xs-block\"><\/div>\n<\/div>\n<\/div>\n<\/div>\n<div class=\"video-section wp-theme-generator\">\n<div class=\"container\">\n<h2 style=\"text-transform: none;\">Demonstracja Kreatora Motyw\u00f3w HTML<\/h2>\n<div class=\"youtube-video-place embed-responsive embed-responsive-4by3 \" data-yt-url=\"https:\/\/www.youtube.com\/embed\/PRbnZjCqasE?rel=0&amp;showinfo=0&amp;autoplay=1\">\n<p><img loading=\"lazy\" decoding=\"async\" class=\"alignnone size-full wp-image-66153\" src=\"https:\/\/templatetoaster.com\/wp-content\/uploads\/2019\/08\/Demonstracja-Kreatora-Motyw\u00f3w-HTML.jpg\" alt=\"Demonstracja Kreatora Motyw\u00f3w HTML\" width=\"1366\" height=\"728\" srcset=\"https:\/\/templatetoaster.com\/wp-content\/uploads\/2019\/08\/Demonstracja-Kreatora-Motyw\u00f3w-HTML.jpg 1366w, https:\/\/templatetoaster.com\/wp-content\/uploads\/2019\/08\/Demonstracja-Kreatora-Motyw\u00f3w-HTML-1000x533.jpg 1000w, https:\/\/templatetoaster.com\/wp-content\/uploads\/2019\/08\/Demonstracja-Kreatora-Motyw\u00f3w-HTML-300x160.jpg 300w, https:\/\/templatetoaster.com\/wp-content\/uploads\/2019\/08\/Demonstracja-Kreatora-Motyw\u00f3w-HTML-768x409.jpg 768w, https:\/\/templatetoaster.com\/wp-content\/uploads\/2019\/08\/Demonstracja-Kreatora-Motyw\u00f3w-HTML-1024x546.jpg 1024w\" sizes=\"(max-width: 1366px) 100vw, 1366px\" \/><\/p>\n<div class=\"play-youtube-video\">\n<div class=\"theme_icon cms_bg\"><\/div>\n<\/div>\n<\/div>\n<\/div>\n<\/div>\n<div class=\"section4 wp-theme-generator\">\n<h2>Mo\u017cliwo\u015bci TemplateToastera jako Kreatora Stron HTML<\/h2>\n<p class=\"section4-paragraph\">Zobacz jak rzucaj\u0105 si\u0119 w oczy niesamowite funkcje tego programu<\/p>\n<div class=\"row\">\n<div class=\"col-md-4 col-sm-6 col-sx-12\">\n<div style=\"padding: 20px;\">\n<div class=\"text-center\">\n<div class=\"wp_feature landing_page_svg header-video\"><\/div>\n<\/div>\n<h3 style=\"margin: 20px 0 10px; text-align: center;\">Nag\u0142\u00f3wek Wideo<\/h3>\n<p class=\"text-center\">Zastanawia\u0142e\u015b si\u0119 nad dodaniem filmu w Nag\u0142\u00f3wku, by klienci lepiej zrozumieli Twoj\u0105 mark\u0119\/us\u0142ug\u0119? Z TemplateToaster mo\u017cesz zrobi\u0107 to z \u0142atwo\u015bci\u0105. Wybierz wymiar i przyleganie filmu w poziomie (lewa, prawa strona lub \u015brodek) albo w pionie (g\u00f3ra, \u015brodek i stopka).<\/p>\n<\/div>\n<\/div>\n<div class=\"clearfix visible-xs-block\"><\/div>\n<div class=\"col-lg-4 col-md-4 col-sm-6 col-sx-12\">\n<div style=\"padding: 20px;\">\n<div class=\"text-center\">\n<div class=\"wp_feature landing_page_svg logo-placement\"><\/div>\n<\/div>\n<h3 style=\"margin: 20px 0px 10px; text-align: center;\">U\u0142o\u017cenie logotypu<\/h3>\n<p class=\"text-center\">Bez dw\u00f3ch zda\u0144 logotyp Twojej marki jest najistotniejszym elementem w budowaniu zaufania do firmy! Z TemplateToaster sprawisz, \u017ce Twoj logotyp b\u0119dzie umieszczony w najbardziej rzucaj\u0105cych si\u0119 w oczy miejscach. Mo\u017cesz umie\u015bci\u0107 go w Menu, Nag\u0142\u00f3wku lub Stopce w trakcie projektowania. Wybierz miejsce, w kt\u00f3rym logotyp b\u0119dzie Twoim zdaniem pasowa\u0142 idealnie!<\/p>\n<\/div>\n<\/div>\n<div class=\"clearfix visible-sm-block visible-xs-block\"><\/div>\n<div class=\"col-md-4 col-sm-6 col-sx-12\">\n<div style=\"padding: 20px;\">\n<div class=\"text-center\">\n<div class=\"wp_feature landing_page_svg custom-layout\"><\/div>\n<\/div>\n<h3 style=\"margin: 20px 0 10px; text-align: center;\">Opcje u\u0142o\u017cenia tre\u015bci<\/h3>\n<p class=\"text-center\">Chcesz zaprojektowa\u0107 przyci\u0105gaj\u0105ce wzrok witryny? Dopasuj sw\u00f3j motyw HTML do swojej wizji wybieraj\u0105c pomi\u0119dzy u\u0142o\u017ceniem w pojedynczej kolumnie, podw\u00f3jnych kolumnach (lewy panel boczny, pojedyncza kolumna itp.). Dopracuj wygl\u0105 dza pomoc\u0105 koloru t\u0142a\/zdj\u0119\u0107 i wiele wi\u0119cej!<\/p>\n<\/div>\n<\/div>\n<div class=\"clearfix visible-lg-block visible-md-block visible-xs-block\"><\/div>\n<div class=\"col-md-4 col-sm-6 col-sx-12\">\n<div style=\"padding: 20px;\">\n<div class=\"text-center\">\n<div class=\"wp_feature landing_page_svg contact-form\"><\/div>\n<\/div>\n<h3 style=\"margin: 20px 0 10px; text-align: center;\">Formularz Kontaktowy<\/h3>\n<p class=\"text-center\">Formularz kontaktowy jest jednym z kluczowych element\u00f3w, kt\u00f3ry przybli\u017ca u\u017cytkownika do Ciebie. Czy nie by\u0142oby cudownie, je\u015bli m\u00f3g\u0142by\u015b doda\u0107 w\u0142asny styl do formularza? Dopasuj formularz do swojej wizji zmieniaj\u0105c styl czcionki, kolor, kolor t\u0142\u0105, dodaj\/usu\u0144 pola lub edytuj ju\u017c istniej\u0105ce!<\/p>\n<\/div>\n<\/div>\n<div class=\"clearfix visible-sm-block visible-xs-block\"><\/div>\n<div class=\"col-lg-4 col-md-4 col-sm-6 col-sx-12\">\n<div style=\"padding: 20px;\">\n<div class=\"text-center\">\n<div class=\"wp_feature landing_page_svg social-media-integration\"><\/div>\n<\/div>\n<h3 style=\"margin: 20px 0 10px; text-align: center;\">Integracja z Social Media<\/h3>\n<p class=\"text-center\">Wyobra\u017a sobie stron\u0119 bez odno\u015bnik\u00f3w do profil\u00f3w w mediach spo\u0142eczno\u015bciowych. Niezbyt dobra wizja, nieprawda\u017c? Dzi\u0119ki temu programowi, dodasz ikony spo\u0142eczno\u015bciowe w nag\u0142\u00f3wku lub stopce motywu. Dodaj odno\u015bniki do medi\u00f3w spo\u0142eczno\u015bciowych bezpo\u015brednio w tych ikonach, dzi\u0119ki czemu odwiedzaj\u0105cy b\u0119dzie m\u00f3g\u0142 szybko znale\u017a\u0107 i zaobserwowa\u0107 Ci\u0119!<\/p>\n<\/div>\n<\/div>\n<div class=\"clearfix visible-xs-block\"><\/div>\n<div class=\"col-md-4 col-sm-6 col-sx-12\">\n<div style=\"padding: 20px;\">\n<div class=\"text-center\">\n<div class=\"wp_feature landing_page_svg bootstrap-compatibility\"><\/div>\n<\/div>\n<h3 style=\"margin: 20px 0 10px; text-align: center;\">Kompatybilny z Bootstrapem<\/h3>\n<p class=\"text-center\">Strony HTML zaprojektowane za pomoc\u0105 TemplateToaster bazuj\u0105 na Bootstrapie, by zapewni\u0107 skalowalno\u015b\u0107 i przyjazny wygl\u0105d dla u\u017cytkownika ko\u0144cowego. Aktualna wersja programu korzysta z wersji 3.3.7 Boostrapa. Staramy si\u0119, by program by\u0142 zawsze aktualny!<\/p>\n<\/div>\n<\/div>\n<div class=\"clearfix visible-lg-block visible-md-block visible-sm-block visible-xs-block\"><\/div>\n<\/div>\n<\/div>\n<p><!--Section Features with WP--><\/p>\n<div class=\"section5 wp-theme-generator\" style=\"padding: 70px 10px; margin-bottom: 2px;\">\n<div style=\"margin: 40px 0px 20px;\">\n<h2 style=\"margin-bottom: 65px;\">Top Features of TemplateToaster<\/h2>\n<div class=\"feature_with_wp row\">\n<div class=\"col-lg-4 col-md-4 col-sm-4 col-xs-6\">\n<div class=\"feature_wpimg\"><img decoding=\"async\" class=\"img-responsive\" src=\"https:\/\/templatetoaster.com\/wp-content\/uploads\/2017\/04\/multiple-language.png\" alt=\"Wsparcie wielu j\u0119zyk\u00f3w\" \/><\/div>\n<\/div>\n<div class=\"col-lg-4 col-md-4 col-sm-4 col-xs-6\">\n<div class=\"feature_wpimg\"><img decoding=\"async\" class=\"img-responsive\" src=\"https:\/\/templatetoaster.com\/wp-content\/uploads\/2017\/04\/mobile-optimization.png\" alt=\"Optymalizacja mobilna\" \/><\/div>\n<\/div>\n<div class=\"clearfix visible-xs-block\"><\/div>\n<div class=\"col-lg-4 col-md-4 col-sm-4 col-xs-6\">\n<div class=\"feature_wpimg\"><img decoding=\"async\" class=\"img-responsive\" src=\"https:\/\/templatetoaster.com\/wp-content\/uploads\/2017\/04\/drag-drop.png\" alt=\"Przeci\u0105gnij i upu\u015b\u0107\" \/><\/div>\n<\/div>\n<div class=\"clearfix visible-lg-block visible-md-block visible-sm-block\"><\/div>\n<div class=\"col-lg-4 col-md-4 col-sm-4 col-xs-6\">\n<div class=\"feature_wpimg\"><img decoding=\"async\" class=\"img-responsive\" src=\"https:\/\/templatetoaster.com\/wp-content\/uploads\/2017\/04\/demo-templats.png\" alt=\"Przyk\u0142adowy motyw\" \/><\/div>\n<\/div>\n<div class=\"clearfix visible-xs-block\"><\/div>\n<div class=\"col-lg-4 col-md-4 col-sm-4 col-xs-6\">\n<div class=\"feature_wpimg\"><img decoding=\"async\" class=\"img-responsive\" src=\"https:\/\/templatetoaster.com\/wp-content\/uploads\/2017\/04\/mega-menu.png\" alt=\"Mega Menu\" \/><\/div>\n<\/div>\n<div class=\"col-lg-4 col-md-4 col-sm-4 col-xs-6\">\n<div class=\"feature_wpimg\"><img decoding=\"async\" class=\"img-responsive\" src=\"https:\/\/templatetoaster.com\/wp-content\/uploads\/2017\/04\/right-to-left.png\" alt=\"Right To Left\" \/><\/div>\n<\/div>\n<div class=\"clearfix visible-lg-block visible-md-block visible-sm-block visible-xs-block\"><\/div>\n<div class=\"col-lg-4 col-md-4 col-sm-4 col-xs-6\">\n<div class=\"feature_wpimg\"><img decoding=\"async\" class=\"img-responsive\" src=\"https:\/\/templatetoaster.com\/wp-content\/uploads\/2017\/04\/amazing-slideshow.png\" alt=\"Amazing Slideshow\" \/><\/div>\n<\/div>\n<div class=\"col-lg-4 col-md-4 col-sm-4 col-xs-6\">\n<div class=\"feature_wpimg\"><img decoding=\"async\" class=\"img-responsive\" src=\"https:\/\/templatetoaster.com\/wp-content\/uploads\/2017\/04\/zero-coding.png\" alt=\"Zero Coding\" \/><\/div>\n<\/div>\n<div class=\"clearfix visible-xs-block\"><\/div>\n<div class=\"col-lg-4 col-md-4 col-sm-4 col-xs-6\">\n<div class=\"feature_wpimg\"><img decoding=\"async\" class=\"img-responsive\" src=\"https:\/\/templatetoaster.com\/wp-content\/uploads\/2017\/04\/custom-css.png\" alt=\"Custom CSS, JS and PHP\" \/><\/div>\n<\/div>\n<div class=\"clearfix visible-lg-block visible-md-block visible-sm-block visible-xs-block\"><\/div>\n<\/div>\n<\/div>\n<\/div>\n<p><!--Section Gallery--><\/p>\n<div class=\"section7 wp-theme-generator\" style=\"padding: 100px 10px; background-color: #f1f4f8; margin-bottom: 2px;\">\n<h2>Nasze standardy<\/h2>\n<div class=\"row\">\n<div class=\"col-lg-4 col-md-4 col-sm-6 col-xs-12\">\n<div style=\"padding: 20px;\">\n<div class=\"text-center\">\n<div class=\"wp_feature landing_page_svg w3c-validation\"><\/div>\n<\/div>\n<h3 style=\"margin: 20px 0px 10px; text-align: center;\">Zgodno\u015b\u0107 z W3C<\/h3>\n<p class=\"text-center\">Motywy HTML stworzone za pomoc\u0105 tego wyj\u0105tkowego programu jest zgodny z W3C. Dodatkowo spe\u0142niaj\u0105 mi\u0119dzynarodowe standardy, by strona by\u0142a kompatybilna w ka\u017cdej przegl\u0105darce!<\/p>\n<\/div>\n<\/div>\n<div class=\"clearfix visible-xs-block\"><\/div>\n<div class=\"col-lg-4 col-md-4 col-sm-6 col-xs-12\">\n<div style=\"padding: 20px;\">\n<div class=\"text-center\">\n<div class=\"wp_feature landing_page_svg theme-check-plugin-pass\"><\/div>\n<\/div>\n<h3 style=\"margin: 20px 0 10px; text-align: center;\">Standardy HTML5 i CSS3<\/h3>\n<p class=\"text-center\">TemplateToaster jest w zgodzie z ostatnimi standardami HTML5 i CSS3. Motywy stworzone w tym programie s\u0105 lekkie, gdy\u017c nie korzystaj\u0105 z ci\u0119\u017cki kontener\u00f3w.<\/p>\n<\/div>\n<\/div>\n<div class=\"clearfix visible-sm-block visible-xs-block\"><\/div>\n<div class=\"col-lg-4 col-md-4 col-sm-6 col-xs-12\">\n<div style=\"padding: 20px;\">\n<div class=\"text-center\">\n<div class=\"wp_feature landing_page_svg page-speed\"><\/div>\n<\/div>\n<h3 style=\"margin: 20px 0 10px; text-align: center;\">Szybkie \u0142adowanie strony<\/h3>\n<p class=\"text-center\">Motyw HTML stworzony w tym programie wczytuje si\u0119 w b\u0142yskawicznym tempie i zdaje ka\u017cdy test pr\u0119dko\u015bci. To wspania\u0142a cecha, kt\u00f3ra pozwoli Ci zdoby\u0107 wi\u0119cej publiczno\u015bci!<\/p>\n<\/div>\n<\/div>\n<div class=\"clearfix visible-lg-block visible-md-block visible-xs-block\"><\/div>\n<\/div>\n<\/div>\n<p><!--- section 6 starts --><\/p>\n<div class=\"section6 wp-theme-generator\" style=\"padding: 50px 10px;\">\n<div style=\"margin: 70px 0px 20px;\">\n<h2>Support All Major CMSes<\/h2>\n<div class=\"section-center\" style=\"padding-bottom: 50px;\">\n<div class=\"main-cms-section\">\n<div class=\"cms-section\">\n<div class=\"text-center\">\n<div class=\"wp_feature landing_page_svg html\"><\/div>\n<\/div>\n<\/div>\n<\/div>\n<div class=\"other-cms-section\">\n<div class=\"cms-section\">\n<div class=\"text-center\">\n<div class=\"wp_feature landing_page_svg wordpress\"><\/div>\n<\/div>\n<\/div>\n<div class=\"cms-section\">\n<div class=\"text-center\">\n<div class=\"wp_feature landing_page_svg woocommerce\"><\/div>\n<\/div>\n<\/div>\n<div class=\"cms-section\">\n<div class=\"text-center\">\n<div class=\"wp_feature landing_page_svg magento\"><\/div>\n<\/div>\n<\/div>\n<div class=\"cms-section\">\n<div class=\"text-center\">\n<div class=\"wp_feature landing_page_svg blogger\"><\/div>\n<\/div>\n<\/div>\n<div class=\"cms-section\">\n<div class=\"text-center\">\n<div class=\"wp_feature landing_page_svg joomla\"><\/div>\n<\/div>\n<\/div>\n<div class=\"cms-section\">\n<div class=\"text-center\">\n<div class=\"wp_feature landing_page_svg virtuemart\"><\/div>\n<\/div>\n<\/div>\n<div class=\"cms-section\">\n<div class=\"text-center\">\n<div class=\"wp_feature landing_page_svg drupal\"><\/div>\n<\/div>\n<\/div>\n<div class=\"cms-section\">\n<div class=\"text-center\">\n<div class=\"wp_feature landing_page_svg opencart\"><\/div>\n<\/div>\n<\/div>\n<div class=\"cms-section\">\n<div class=\"text-center\">\n<div class=\"wp_feature landing_page_svg prestashop\"><\/div>\n<\/div>\n<\/div>\n<\/div>\n<\/div>\n<div style=\"text-align: center; margin-top: 30px;\"><a class=\"btn download_btn\" href=\"https:\/\/templatetoaster.com\/pl\/download\">Pobierz teraz<\/a><\/div>\n<\/div>\n<\/div>\n","protected":false},"excerpt":{"rendered":"<p>Generator strony HTML stworzony do projektowania spektakularnych stron internetowych! Nie projektuj tylko motyw\u00f3w, projektuj strony, kt\u00f3re powal\u0105 Twoich odwiedzaj\u0105cych. Bez potrzeby kodowania! Pobierz teraz Dlaczego warto korzysta\u0107 z TemplateToaster jako Kreatora stron HTML? Zaprojektuj schludne i przepi\u0119kne motywy dla Twojej &hellip; <a href=\"https:\/\/templatetoaster.com\/pl\/html5-css3-website-creator\">Continue Reading<span class=\"meta-nav\">&rarr;<\/span><\/a><\/p>\n","protected":false},"author":1,"featured_media":0,"parent":0,"menu_order":0,"comment_status":"closed","ping_status":"closed","template":"","meta":{"footnotes":""},"yoast_head":"<!-- This site is optimized with the Yoast SEO plugin v23.5 - https:\/\/yoast.com\/wordpress\/plugins\/seo\/ -->\n<title>Generator Stron HTML z prostym interfejsem - TemplateToaster<\/title>\n<meta name=\"description\" content=\"Projektuj przepi\u0119kne strony HTML jak profesjonalista. TemplateToaster - najlepszy kreator stron HTML. Skorzystaj z funkcji Przeci\u0105gnij i Upu\u015b\u0107, by zaprojektowa\u0107 motyw w kilka minut. Bez potrzeby kodowania!\" \/>\n<meta name=\"robots\" content=\"index, follow, max-snippet:-1, max-image-preview:large, max-video-preview:-1\" \/>\n<link rel=\"canonical\" href=\"https:\/\/templatetoaster.com\/pl\/html5-css3-website-creator\" \/>\n<meta property=\"og:locale\" content=\"pl_PL\" \/>\n<meta property=\"og:type\" content=\"article\" \/>\n<meta property=\"og:title\" content=\"Generator Stron HTML z prostym interfejsem - TemplateToaster\" \/>\n<meta property=\"og:description\" content=\"Projektuj przepi\u0119kne strony HTML jak profesjonalista. TemplateToaster - najlepszy kreator stron HTML. Skorzystaj z funkcji Przeci\u0105gnij i Upu\u015b\u0107, by zaprojektowa\u0107 motyw w kilka minut. Bez potrzeby kodowania!\" \/>\n<meta property=\"og:url\" content=\"https:\/\/templatetoaster.com\/pl\/html5-css3-website-creator\" \/>\n<meta property=\"og:site_name\" content=\"TemplateToaster\" \/>\n<meta property=\"article:publisher\" content=\"https:\/\/www.facebook.com\/TemplateToaster\" \/>\n<meta property=\"article:modified_time\" content=\"2019-08-27T10:40:04+00:00\" \/>\n<meta property=\"og:image\" content=\"https:\/\/templatetoaster.com\/wp-content\/uploads\/2017\/04\/multiple-language.png\" \/>\n<meta name=\"twitter:card\" content=\"summary_large_image\" \/>\n<meta name=\"twitter:site\" content=\"@templatetoaster\" \/>\n<meta name=\"twitter:label1\" content=\"Szacowany czas czytania\" \/>\n\t<meta name=\"twitter:data1\" content=\"3 minuty\" \/>\n<script type=\"application\/ld+json\" class=\"yoast-schema-graph\">{\"@context\":\"https:\/\/schema.org\",\"@graph\":[{\"@type\":\"WebPage\",\"@id\":\"https:\/\/templatetoaster.com\/pl\/html5-css3-website-creator\",\"url\":\"https:\/\/templatetoaster.com\/pl\/html5-css3-website-creator\",\"name\":\"Generator Stron HTML z prostym interfejsem - TemplateToaster\",\"isPartOf\":{\"@id\":\"https:\/\/templatetoaster.com\/#website\"},\"primaryImageOfPage\":{\"@id\":\"https:\/\/templatetoaster.com\/pl\/html5-css3-website-creator#primaryimage\"},\"image\":{\"@id\":\"https:\/\/templatetoaster.com\/pl\/html5-css3-website-creator#primaryimage\"},\"thumbnailUrl\":\"https:\/\/templatetoaster.com\/wp-content\/uploads\/2017\/04\/multiple-language.png\",\"datePublished\":\"2018-04-13T12:11:28+00:00\",\"dateModified\":\"2019-08-27T10:40:04+00:00\",\"description\":\"Projektuj przepi\u0119kne strony HTML jak profesjonalista. TemplateToaster - najlepszy kreator stron HTML. Skorzystaj z funkcji Przeci\u0105gnij i Upu\u015b\u0107, by zaprojektowa\u0107 motyw w kilka minut. Bez potrzeby kodowania!\",\"breadcrumb\":{\"@id\":\"https:\/\/templatetoaster.com\/pl\/html5-css3-website-creator#breadcrumb\"},\"inLanguage\":\"pl-PL\",\"potentialAction\":[{\"@type\":\"ReadAction\",\"target\":[\"https:\/\/templatetoaster.com\/pl\/html5-css3-website-creator\"]}]},{\"@type\":\"ImageObject\",\"inLanguage\":\"pl-PL\",\"@id\":\"https:\/\/templatetoaster.com\/pl\/html5-css3-website-creator#primaryimage\",\"url\":\"https:\/\/templatetoaster.com\/wp-content\/uploads\/2017\/04\/multiple-language.png\",\"contentUrl\":\"https:\/\/templatetoaster.com\/wp-content\/uploads\/2017\/04\/multiple-language.png\"},{\"@type\":\"BreadcrumbList\",\"@id\":\"https:\/\/templatetoaster.com\/pl\/html5-css3-website-creator#breadcrumb\",\"itemListElement\":[{\"@type\":\"ListItem\",\"position\":1,\"name\":\"Home\",\"item\":\"https:\/\/templatetoaster.com\/pl\"},{\"@type\":\"ListItem\",\"position\":2,\"name\":\"Kreator stron HTML5 i CSS3\"}]},{\"@type\":\"WebSite\",\"@id\":\"https:\/\/templatetoaster.com\/#website\",\"url\":\"https:\/\/templatetoaster.com\/\",\"name\":\"TemplateToaster\",\"description\":\"\",\"publisher\":{\"@id\":\"https:\/\/templatetoaster.com\/#organization\"},\"inLanguage\":\"pl-PL\"},{\"@type\":\"Organization\",\"@id\":\"https:\/\/templatetoaster.com\/#organization\",\"name\":\"TemplateToaster\",\"url\":\"https:\/\/templatetoaster.com\/\",\"logo\":{\"@type\":\"ImageObject\",\"inLanguage\":\"pl-PL\",\"@id\":\"https:\/\/templatetoaster.com\/#\/schema\/logo\/image\/\",\"url\":\"https:\/\/templatetoaster.com\/wp-content\/uploads\/2019\/11\/TemplateToaster_Logo.jpg\",\"contentUrl\":\"https:\/\/templatetoaster.com\/wp-content\/uploads\/2019\/11\/TemplateToaster_Logo.jpg\",\"width\":85,\"height\":85,\"caption\":\"TemplateToaster\"},\"image\":{\"@id\":\"https:\/\/templatetoaster.com\/#\/schema\/logo\/image\/\"},\"sameAs\":[\"https:\/\/www.facebook.com\/TemplateToaster\",\"https:\/\/x.com\/templatetoaster\",\"https:\/\/www.instagram.com\/templatetoaster\/\",\"https:\/\/www.linkedin.com\/company\/templatetoaster\/\",\"https:\/\/www.pinterest.com\/templatetoaster\/\",\"https:\/\/www.youtube.com\/@TemplateToaster\"]}]}<\/script>\n<!-- \/ Yoast SEO plugin. -->","yoast_head_json":{"title":"Generator Stron HTML z prostym interfejsem - TemplateToaster","description":"Projektuj przepi\u0119kne strony HTML jak profesjonalista. TemplateToaster - najlepszy kreator stron HTML. Skorzystaj z funkcji Przeci\u0105gnij i Upu\u015b\u0107, by zaprojektowa\u0107 motyw w kilka minut. Bez potrzeby kodowania!","robots":{"index":"index","follow":"follow","max-snippet":"max-snippet:-1","max-image-preview":"max-image-preview:large","max-video-preview":"max-video-preview:-1"},"canonical":"https:\/\/templatetoaster.com\/pl\/html5-css3-website-creator","og_locale":"pl_PL","og_type":"article","og_title":"Generator Stron HTML z prostym interfejsem - TemplateToaster","og_description":"Projektuj przepi\u0119kne strony HTML jak profesjonalista. TemplateToaster - najlepszy kreator stron HTML. Skorzystaj z funkcji Przeci\u0105gnij i Upu\u015b\u0107, by zaprojektowa\u0107 motyw w kilka minut. Bez potrzeby kodowania!","og_url":"https:\/\/templatetoaster.com\/pl\/html5-css3-website-creator","og_site_name":"TemplateToaster","article_publisher":"https:\/\/www.facebook.com\/TemplateToaster","article_modified_time":"2019-08-27T10:40:04+00:00","og_image":[{"url":"https:\/\/templatetoaster.com\/wp-content\/uploads\/2017\/04\/multiple-language.png"}],"twitter_card":"summary_large_image","twitter_site":"@templatetoaster","twitter_misc":{"Szacowany czas czytania":"3 minuty"},"schema":{"@context":"https:\/\/schema.org","@graph":[{"@type":"WebPage","@id":"https:\/\/templatetoaster.com\/pl\/html5-css3-website-creator","url":"https:\/\/templatetoaster.com\/pl\/html5-css3-website-creator","name":"Generator Stron HTML z prostym interfejsem - TemplateToaster","isPartOf":{"@id":"https:\/\/templatetoaster.com\/#website"},"primaryImageOfPage":{"@id":"https:\/\/templatetoaster.com\/pl\/html5-css3-website-creator#primaryimage"},"image":{"@id":"https:\/\/templatetoaster.com\/pl\/html5-css3-website-creator#primaryimage"},"thumbnailUrl":"https:\/\/templatetoaster.com\/wp-content\/uploads\/2017\/04\/multiple-language.png","datePublished":"2018-04-13T12:11:28+00:00","dateModified":"2019-08-27T10:40:04+00:00","description":"Projektuj przepi\u0119kne strony HTML jak profesjonalista. TemplateToaster - najlepszy kreator stron HTML. Skorzystaj z funkcji Przeci\u0105gnij i Upu\u015b\u0107, by zaprojektowa\u0107 motyw w kilka minut. Bez potrzeby kodowania!","breadcrumb":{"@id":"https:\/\/templatetoaster.com\/pl\/html5-css3-website-creator#breadcrumb"},"inLanguage":"pl-PL","potentialAction":[{"@type":"ReadAction","target":["https:\/\/templatetoaster.com\/pl\/html5-css3-website-creator"]}]},{"@type":"ImageObject","inLanguage":"pl-PL","@id":"https:\/\/templatetoaster.com\/pl\/html5-css3-website-creator#primaryimage","url":"https:\/\/templatetoaster.com\/wp-content\/uploads\/2017\/04\/multiple-language.png","contentUrl":"https:\/\/templatetoaster.com\/wp-content\/uploads\/2017\/04\/multiple-language.png"},{"@type":"BreadcrumbList","@id":"https:\/\/templatetoaster.com\/pl\/html5-css3-website-creator#breadcrumb","itemListElement":[{"@type":"ListItem","position":1,"name":"Home","item":"https:\/\/templatetoaster.com\/pl"},{"@type":"ListItem","position":2,"name":"Kreator stron HTML5 i CSS3"}]},{"@type":"WebSite","@id":"https:\/\/templatetoaster.com\/#website","url":"https:\/\/templatetoaster.com\/","name":"TemplateToaster","description":"","publisher":{"@id":"https:\/\/templatetoaster.com\/#organization"},"inLanguage":"pl-PL"},{"@type":"Organization","@id":"https:\/\/templatetoaster.com\/#organization","name":"TemplateToaster","url":"https:\/\/templatetoaster.com\/","logo":{"@type":"ImageObject","inLanguage":"pl-PL","@id":"https:\/\/templatetoaster.com\/#\/schema\/logo\/image\/","url":"https:\/\/templatetoaster.com\/wp-content\/uploads\/2019\/11\/TemplateToaster_Logo.jpg","contentUrl":"https:\/\/templatetoaster.com\/wp-content\/uploads\/2019\/11\/TemplateToaster_Logo.jpg","width":85,"height":85,"caption":"TemplateToaster"},"image":{"@id":"https:\/\/templatetoaster.com\/#\/schema\/logo\/image\/"},"sameAs":["https:\/\/www.facebook.com\/TemplateToaster","https:\/\/x.com\/templatetoaster","https:\/\/www.instagram.com\/templatetoaster\/","https:\/\/www.linkedin.com\/company\/templatetoaster\/","https:\/\/www.pinterest.com\/templatetoaster\/","https:\/\/www.youtube.com\/@TemplateToaster"]}]}},"_links":{"self":[{"href":"https:\/\/templatetoaster.com\/pl\/wp-json\/wp\/v2\/pages\/4218"}],"collection":[{"href":"https:\/\/templatetoaster.com\/pl\/wp-json\/wp\/v2\/pages"}],"about":[{"href":"https:\/\/templatetoaster.com\/pl\/wp-json\/wp\/v2\/types\/page"}],"author":[{"embeddable":true,"href":"https:\/\/templatetoaster.com\/pl\/wp-json\/wp\/v2\/users\/1"}],"replies":[{"embeddable":true,"href":"https:\/\/templatetoaster.com\/pl\/wp-json\/wp\/v2\/comments?post=4218"}],"version-history":[{"count":5,"href":"https:\/\/templatetoaster.com\/pl\/wp-json\/wp\/v2\/pages\/4218\/revisions"}],"predecessor-version":[{"id":66167,"href":"https:\/\/templatetoaster.com\/pl\/wp-json\/wp\/v2\/pages\/4218\/revisions\/66167"}],"wp:attachment":[{"href":"https:\/\/templatetoaster.com\/pl\/wp-json\/wp\/v2\/media?parent=4218"}],"curies":[{"name":"wp","href":"https:\/\/api.w.org\/{rel}","templated":true}]}}