{"id":4214,"date":"2018-04-13T12:07:04","date_gmt":"2018-04-13T12:07:04","guid":{"rendered":"http:\/\/templatetoaster.com?page_id=4214"},"modified":"2019-08-13T12:57:04","modified_gmt":"2019-08-13T12:57:04","slug":"drupal","status":"publish","type":"page","link":"https:\/\/templatetoaster.com\/pl\/drupal","title":{"rendered":"Jak Przes\u0142a\u0107, Zainstalowa\u0107 i Skonfigurowa\u0107 Motyw TemplateToaster na Drupal"},"content":{"rendered":"<div class=\"tt_documentation_instruction_row row\">\n<h1 class=\"heading_border\">Jak Przes\u0142a\u0107, Zainstalowa\u0107 i Skonfigurowa\u0107 Motyw stworzony w TemplateToaster na Drupala<\/h1>\n<div class=\"demo_row1 even row\" style=\"padding-top: 15px;\">\n<div class=\"row\">\n<div class=\"col-md-6 col-sm-6 col-xs-12\">\n<div class=\"vedio_bg\">\n<div class=\"tt_video_modal\">\n<p><a href=\"https:\/\/youtu.be\/G7r1RLGGY9Y\"><img decoding=\"async\" src=\"https:\/\/templatetoaster.com\/wp-content\/uploads\/2018\/02\/youtube.png\" \/><\/a><\/p>\n<div class=\"video-content\">\n<h3>Jak stworzy\u0107 motyw Drupala w TemplateToaster<\/h3>\n<\/div>\n<\/div>\n<\/div>\n<\/div>\n<div class=\"col-md-6 col-sm-6 col-xs-12\">\n<div class=\"vedio_bg\">\n<div class=\"tt_video_modal\">\n<p><a href=\"https:\/\/youtu.be\/r0EvsjFohV0\"><img decoding=\"async\" src=\"https:\/\/templatetoaster.com\/wp-content\/uploads\/2018\/02\/youtube.png\" \/><\/a><\/p>\n<div class=\"video-content\">\n<h3>Jak wys\u0142a\u0107 motyw stworzony w TemplateToaster na Drupal<\/h3>\n<\/div>\n<\/div>\n<\/div>\n<\/div>\n<div class=\"clearfix visible-lg-block visible-md-block\"><\/div>\n<\/div>\n<\/div>\n<div class=\"basic\">\n<div class=\"basic-step\">\n<h3 class=\"media-heading\">Instrukcje na Drupala 7:<\/h3>\n<h4>Wgrywanie\/Instalacja Drupala:<\/h4>\n<ol class=\"decimal\">\n<li>Po wyeksportowaniu, Wgraj motyw do katalogu instalacyjnego Drupala poprzez klienta FTP<\/li>\n<li>Zaloguj si\u0119 jako administrator<\/li>\n<li>Id\u017a do Wygl\u0105du, opcji znajduj\u0105cej si\u0119 w Narz\u0119dziach Administratora na g\u00f3rnej belce strony.<\/li>\n<li>Id\u017a do stopki strony, znajd\u017a wgrany motyw i kliknij &#8222;Aktywuj i ustaw jako domy\u015blny&#8221;. Opcja znajduje si\u0119 na przed nazw\u0105 motywu.<\/li>\n<li>Po ustawieniu jako domy\u015blnego motywu id\u017a do Wygl\u0105d -&gt; Kliknij Ustawienia pod nazw\u0105 motywu stworzonego w TemplateToaster -&gt; Sprawd\u017a czy wy\u015bwietla si\u0119 wiadomo\u015b\u0107 &#8222;jQuery_Update module is not installed, Theme requires a minimum jQuery version of 1.9 or higher. Please install the jQuery Update module.&#8221;<\/li>\n<li>Je\u015bli tak, kliknij &#8222;Aktualizacja jQuery&#8221;, kt\u00f3ry pokazuje si\u0119 na wiadomo\u015bci albo id\u017a do oficjalnej strony Drupala i znajd\u017a &#8222;Jquery update module&#8221; i pobierz modu\u0142 jako zip lub tar.gz.<\/li>\n<li>Po pobraniu modu\u0142u id\u017a do panelu sterowania Drupalem -&gt; Modu\u0142y -&gt; Instalacja nowego modu\u0142u -&gt; Wyszukaj aktualizacj\u0119 jQuery, pobierz modu\u0142 i zainstaluj go<\/li>\n<li>Po instalacji modu\u0142u id\u017a do Wygl\u0105d -&gt; Naci\u015bnij ustawienie pod nazw\u0105 motywu stworzonego w ThemeToaster -&gt; Prosz\u0119 zaktualizuj swoj\u0105 wersj\u0119 jQuery je\u015bli jest starsza ni\u017c wymagana wersja<\/li>\n<li>Id\u017a do strony domowej i sprawd\u017a czy zmiany zosta\u0142y wprowadzone.<\/li>\n<\/ol>\n<\/div>\n<\/div>\n<div class=\"basic\">\n<div class=\"basic-step\">\n<h4>Konfiguracja modu\u0142\u00f3w<\/h4>\n<ol class=\"decimal\">\n<li>Zaloguj si\u0119 jako administrator<\/li>\n<li>Przejd\u017a do opcji Struktura znajduj\u0105cej si\u0119 na pasku narz\u0119dzi Administracja u g\u00f3ry strony.<\/li>\n<li>Z menu wybierz opcj\u0119 &#8222;Bloki&#8221;<\/li>\n<li>Zmie\u0144 ustawienia zgodnie z wymaganiem.<\/li>\n<li>Przejd\u017a do dolnej cz\u0119\u015bci strony i kliknij &#8222;Save Blocks&#8221;, aby zapisa\u0107 konfiguracj\u0119.<\/li>\n<li>Id\u017a do strony domowej i sprawd\u017a czy zmiany zosta\u0142y wprowadzone.<\/li>\n<\/ol>\n<\/div>\n<\/div>\n<div class=\"basic\">\n<div class=\"basic-step\">\n<h3 class=\"media-heading\">Instrukcje dla Drupal 8<\/h3>\n<ol>\n<li> Wyeksportuj sw\u00f3j motyw Drupala z TemplateToster Pliki -&gt; Eksport\n<p><a href=\"https:\/\/templatetoaster.com\/wp-content\/uploads\/2017\/11\/drupal_theme_export_upload_instructions_step_1.jpg\"><img loading=\"lazy\" decoding=\"async\" class=\"aligncenter size-large wp-image-3296\" src=\"https:\/\/templatetoaster.com\/wp-content\/uploads\/2017\/11\/drupal_theme_export_upload_instructions_step_1-1024x545.jpg\" alt=\"drupal_theme_export_upload_instructions_step_1\" width=\"900\" height=\"479\" srcset=\"https:\/\/templatetoaster.com\/wp-content\/uploads\/2017\/11\/drupal_theme_export_upload_instructions_step_1-1024x545.jpg 1024w, https:\/\/templatetoaster.com\/wp-content\/uploads\/2017\/11\/drupal_theme_export_upload_instructions_step_1-1000x532.jpg 1000w, https:\/\/templatetoaster.com\/wp-content\/uploads\/2017\/11\/drupal_theme_export_upload_instructions_step_1-300x160.jpg 300w, https:\/\/templatetoaster.com\/wp-content\/uploads\/2017\/11\/drupal_theme_export_upload_instructions_step_1.jpg 1366w\" sizes=\"(max-width: 900px) 100vw, 900px\" \/><\/a><\/li>\n<li> Wybierz lokalizacj\u0119 do zapisu plik\u00f3w i wersj\u0119 Drupala jako 8\n<p><a href=\"https:\/\/templatetoaster.com\/wp-content\/uploads\/2017\/11\/drupal_theme_export_upload_instructions_step_2.jpg\"><img loading=\"lazy\" decoding=\"async\" class=\"aligncenter size-large wp-image-3297\" src=\"https:\/\/templatetoaster.com\/wp-content\/uploads\/2017\/11\/drupal_theme_export_upload_instructions_step_2-1024x545.jpg\" alt=\"drupal_theme_export_upload_instructions_step_2\" width=\"900\" height=\"479\" srcset=\"https:\/\/templatetoaster.com\/wp-content\/uploads\/2017\/11\/drupal_theme_export_upload_instructions_step_2-1024x545.jpg 1024w, https:\/\/templatetoaster.com\/wp-content\/uploads\/2017\/11\/drupal_theme_export_upload_instructions_step_2-1000x532.jpg 1000w, https:\/\/templatetoaster.com\/wp-content\/uploads\/2017\/11\/drupal_theme_export_upload_instructions_step_2-300x160.jpg 300w, https:\/\/templatetoaster.com\/wp-content\/uploads\/2017\/11\/drupal_theme_export_upload_instructions_step_2.jpg 1366w\" sizes=\"(max-width: 900px) 100vw, 900px\" \/><\/a><\/li>\n<li> Z Panelu wybierz Wygl\u0105d<br \/>\n<a href=\"https:\/\/templatetoaster.com\/wp-content\/uploads\/2017\/11\/drupal_theme_export_upload_instructions_step_3.jpg\"><img loading=\"lazy\" decoding=\"async\" class=\"aligncenter size-large wp-image-3298\" src=\"https:\/\/templatetoaster.com\/wp-content\/uploads\/2017\/11\/drupal_theme_export_upload_instructions_step_3-1024x410.jpg\" alt=\"drupal_theme_export_upload_instructions_step_3\" width=\"900\" height=\"360\" srcset=\"https:\/\/templatetoaster.com\/wp-content\/uploads\/2017\/11\/drupal_theme_export_upload_instructions_step_3-1024x410.jpg 1024w, https:\/\/templatetoaster.com\/wp-content\/uploads\/2017\/11\/drupal_theme_export_upload_instructions_step_3-1000x400.jpg 1000w, https:\/\/templatetoaster.com\/wp-content\/uploads\/2017\/11\/drupal_theme_export_upload_instructions_step_3-300x120.jpg 300w, https:\/\/templatetoaster.com\/wp-content\/uploads\/2017\/11\/drupal_theme_export_upload_instructions_step_3.jpg 1349w\" sizes=\"(max-width: 900px) 100vw, 900px\" \/><\/a><\/li>\n<li> Kliknij instaluj motyw<br \/>\n<a href=\"https:\/\/templatetoaster.com\/wp-content\/uploads\/2017\/11\/drupal_theme_export_upload_instructions_step_4.jpg\"><img loading=\"lazy\" decoding=\"async\" class=\"aligncenter size-large wp-image-3299\" src=\"https:\/\/templatetoaster.com\/wp-content\/uploads\/2017\/11\/drupal_theme_export_upload_instructions_step_4-1024x428.jpg\" alt=\"drupal_theme_export_upload_instructions_step_4\" width=\"900\" height=\"376\" srcset=\"https:\/\/templatetoaster.com\/wp-content\/uploads\/2017\/11\/drupal_theme_export_upload_instructions_step_4-1024x428.jpg 1024w, https:\/\/templatetoaster.com\/wp-content\/uploads\/2017\/11\/drupal_theme_export_upload_instructions_step_4-1000x418.jpg 1000w, https:\/\/templatetoaster.com\/wp-content\/uploads\/2017\/11\/drupal_theme_export_upload_instructions_step_4-300x125.jpg 300w, https:\/\/templatetoaster.com\/wp-content\/uploads\/2017\/11\/drupal_theme_export_upload_instructions_step_4.jpg 1349w\" sizes=\"(max-width: 900px) 100vw, 900px\" \/><\/li>\n<li> Znajd\u017a wyeksportowany motyw i kliknij &#8222;Instaluj&#8221;<br \/>\n<a href=\"https:\/\/templatetoaster.com\/wp-content\/uploads\/2017\/11\/drupal_theme_export_upload_instructions_step_5.jpg\"><img loading=\"lazy\" decoding=\"async\" class=\"aligncenter size-large wp-image-3300\" src=\"https:\/\/templatetoaster.com\/wp-content\/uploads\/2017\/11\/drupal_theme_export_upload_instructions_step_5-1024x388.jpg\" alt=\"drupal_theme_export_upload_instructions_step_5\" width=\"900\" height=\"341\" srcset=\"https:\/\/templatetoaster.com\/wp-content\/uploads\/2017\/11\/drupal_theme_export_upload_instructions_step_5-1024x388.jpg 1024w, https:\/\/templatetoaster.com\/wp-content\/uploads\/2017\/11\/drupal_theme_export_upload_instructions_step_5-1000x379.jpg 1000w, https:\/\/templatetoaster.com\/wp-content\/uploads\/2017\/11\/drupal_theme_export_upload_instructions_step_5-300x114.jpg 300w, https:\/\/templatetoaster.com\/wp-content\/uploads\/2017\/11\/drupal_theme_export_upload_instructions_step_5.jpg 1363w\" sizes=\"(max-width: 900px) 100vw, 900px\" \/><\/a><\/li>\n<li> Tw\u00f3j Motyw Drupal jest zainstalowany<br \/>\n<a href=\"https:\/\/templatetoaster.com\/wp-content\/uploads\/2017\/11\/drupal_theme_export_upload_instructions_step_6.jpg\"><img loading=\"lazy\" decoding=\"async\" class=\"aligncenter size-large wp-image-3301\" src=\"https:\/\/templatetoaster.com\/wp-content\/uploads\/2017\/11\/drupal_theme_export_upload_instructions_step_6-1024x410.jpg\" alt=\"drupal_theme_export_upload_instructions_step_6\" width=\"900\" height=\"360\" srcset=\"https:\/\/templatetoaster.com\/wp-content\/uploads\/2017\/11\/drupal_theme_export_upload_instructions_step_6-1024x410.jpg 1024w, https:\/\/templatetoaster.com\/wp-content\/uploads\/2017\/11\/drupal_theme_export_upload_instructions_step_6-1000x400.jpg 1000w, https:\/\/templatetoaster.com\/wp-content\/uploads\/2017\/11\/drupal_theme_export_upload_instructions_step_6-300x120.jpg 300w, https:\/\/templatetoaster.com\/wp-content\/uploads\/2017\/11\/drupal_theme_export_upload_instructions_step_6.jpg 1349w\" sizes=\"(max-width: 900px) 100vw, 900px\" \/><\/a><\/li>\n<\/ol>\n<\/div>\n<\/div>\n<\/div>\n","protected":false},"excerpt":{"rendered":"<p>Jak Przes\u0142a\u0107, Zainstalowa\u0107 i Skonfigurowa\u0107 Motyw stworzony w TemplateToaster na Drupala Jak stworzy\u0107 motyw Drupala w TemplateToaster Jak wys\u0142a\u0107 motyw stworzony w TemplateToaster na Drupal Instrukcje na Drupala 7: Wgrywanie\/Instalacja Drupala: Po wyeksportowaniu, Wgraj motyw do katalogu instalacyjnego Drupala poprzez &hellip; <a href=\"https:\/\/templatetoaster.com\/pl\/drupal\">Continue Reading<span class=\"meta-nav\">&rarr;<\/span><\/a><\/p>\n","protected":false},"author":1,"featured_media":0,"parent":0,"menu_order":0,"comment_status":"closed","ping_status":"closed","template":"PageTemplate1.php","meta":{"footnotes":""},"yoast_head":"<!-- This site is optimized with the Yoast SEO plugin v23.5 - https:\/\/yoast.com\/wordpress\/plugins\/seo\/ -->\n<title>Jak Przes\u0142a\u0107, Zainstalowa\u0107 i Skonfigurowa\u0107 Motyw TemplateToaster na Drupal - TemplateToaster<\/title>\n<meta name=\"description\" content=\"Instrukcja jak wgra\u0107 i zainstalowa\u0107 motyw Drupala stworzony w TemplateToaster na swoj\u0105 stron\u0119\" \/>\n<meta name=\"robots\" content=\"index, follow, max-snippet:-1, max-image-preview:large, max-video-preview:-1\" \/>\n<link rel=\"canonical\" href=\"https:\/\/templatetoaster.com\/pl\/drupal\" \/>\n<meta property=\"og:locale\" content=\"pl_PL\" \/>\n<meta property=\"og:type\" content=\"article\" \/>\n<meta property=\"og:title\" content=\"Jak Przes\u0142a\u0107, Zainstalowa\u0107 i Skonfigurowa\u0107 Motyw TemplateToaster na Drupal - TemplateToaster\" \/>\n<meta property=\"og:description\" content=\"Instrukcja jak wgra\u0107 i zainstalowa\u0107 motyw Drupala stworzony w TemplateToaster na swoj\u0105 stron\u0119\" \/>\n<meta property=\"og:url\" content=\"https:\/\/templatetoaster.com\/pl\/drupal\" \/>\n<meta property=\"og:site_name\" content=\"TemplateToaster\" \/>\n<meta property=\"article:publisher\" content=\"https:\/\/www.facebook.com\/TemplateToaster\" \/>\n<meta property=\"article:modified_time\" content=\"2019-08-13T12:57:04+00:00\" \/>\n<meta property=\"og:image\" content=\"https:\/\/templatetoaster.com\/wp-content\/uploads\/2018\/02\/youtube.png\" \/>\n<meta name=\"twitter:card\" content=\"summary_large_image\" \/>\n<meta name=\"twitter:site\" content=\"@templatetoaster\" \/>\n<meta name=\"twitter:label1\" content=\"Szacowany czas czytania\" \/>\n\t<meta name=\"twitter:data1\" content=\"2 minuty\" \/>\n<script type=\"application\/ld+json\" class=\"yoast-schema-graph\">{\"@context\":\"https:\/\/schema.org\",\"@graph\":[{\"@type\":\"WebPage\",\"@id\":\"https:\/\/templatetoaster.com\/pl\/drupal\",\"url\":\"https:\/\/templatetoaster.com\/pl\/drupal\",\"name\":\"Jak Przes\u0142a\u0107, Zainstalowa\u0107 i Skonfigurowa\u0107 Motyw TemplateToaster na Drupal - TemplateToaster\",\"isPartOf\":{\"@id\":\"https:\/\/templatetoaster.com\/#website\"},\"primaryImageOfPage\":{\"@id\":\"https:\/\/templatetoaster.com\/pl\/drupal#primaryimage\"},\"image\":{\"@id\":\"https:\/\/templatetoaster.com\/pl\/drupal#primaryimage\"},\"thumbnailUrl\":\"https:\/\/templatetoaster.com\/wp-content\/uploads\/2018\/02\/youtube.png\",\"datePublished\":\"2018-04-13T12:07:04+00:00\",\"dateModified\":\"2019-08-13T12:57:04+00:00\",\"description\":\"Instrukcja jak wgra\u0107 i zainstalowa\u0107 motyw Drupala stworzony w TemplateToaster na swoj\u0105 stron\u0119\",\"breadcrumb\":{\"@id\":\"https:\/\/templatetoaster.com\/pl\/drupal#breadcrumb\"},\"inLanguage\":\"pl-PL\",\"potentialAction\":[{\"@type\":\"ReadAction\",\"target\":[\"https:\/\/templatetoaster.com\/pl\/drupal\"]}]},{\"@type\":\"ImageObject\",\"inLanguage\":\"pl-PL\",\"@id\":\"https:\/\/templatetoaster.com\/pl\/drupal#primaryimage\",\"url\":\"https:\/\/templatetoaster.com\/wp-content\/uploads\/2018\/02\/youtube.png\",\"contentUrl\":\"https:\/\/templatetoaster.com\/wp-content\/uploads\/2018\/02\/youtube.png\"},{\"@type\":\"BreadcrumbList\",\"@id\":\"https:\/\/templatetoaster.com\/pl\/drupal#breadcrumb\",\"itemListElement\":[{\"@type\":\"ListItem\",\"position\":1,\"name\":\"Home\",\"item\":\"https:\/\/templatetoaster.com\/pl\"},{\"@type\":\"ListItem\",\"position\":2,\"name\":\"Jak Przes\u0142a\u0107, Zainstalowa\u0107 i Skonfigurowa\u0107 Motyw TemplateToaster na Drupal\"}]},{\"@type\":\"WebSite\",\"@id\":\"https:\/\/templatetoaster.com\/#website\",\"url\":\"https:\/\/templatetoaster.com\/\",\"name\":\"TemplateToaster\",\"description\":\"\",\"publisher\":{\"@id\":\"https:\/\/templatetoaster.com\/#organization\"},\"inLanguage\":\"pl-PL\"},{\"@type\":\"Organization\",\"@id\":\"https:\/\/templatetoaster.com\/#organization\",\"name\":\"TemplateToaster\",\"url\":\"https:\/\/templatetoaster.com\/\",\"logo\":{\"@type\":\"ImageObject\",\"inLanguage\":\"pl-PL\",\"@id\":\"https:\/\/templatetoaster.com\/#\/schema\/logo\/image\/\",\"url\":\"https:\/\/templatetoaster.com\/wp-content\/uploads\/2019\/11\/TemplateToaster_Logo.jpg\",\"contentUrl\":\"https:\/\/templatetoaster.com\/wp-content\/uploads\/2019\/11\/TemplateToaster_Logo.jpg\",\"width\":85,\"height\":85,\"caption\":\"TemplateToaster\"},\"image\":{\"@id\":\"https:\/\/templatetoaster.com\/#\/schema\/logo\/image\/\"},\"sameAs\":[\"https:\/\/www.facebook.com\/TemplateToaster\",\"https:\/\/x.com\/templatetoaster\",\"https:\/\/www.instagram.com\/templatetoaster\/\",\"https:\/\/www.linkedin.com\/company\/templatetoaster\/\",\"https:\/\/www.pinterest.com\/templatetoaster\/\",\"https:\/\/www.youtube.com\/@TemplateToaster\"]}]}<\/script>\n<!-- \/ Yoast SEO plugin. -->","yoast_head_json":{"title":"Jak Przes\u0142a\u0107, Zainstalowa\u0107 i Skonfigurowa\u0107 Motyw TemplateToaster na Drupal - TemplateToaster","description":"Instrukcja jak wgra\u0107 i zainstalowa\u0107 motyw Drupala stworzony w TemplateToaster na swoj\u0105 stron\u0119","robots":{"index":"index","follow":"follow","max-snippet":"max-snippet:-1","max-image-preview":"max-image-preview:large","max-video-preview":"max-video-preview:-1"},"canonical":"https:\/\/templatetoaster.com\/pl\/drupal","og_locale":"pl_PL","og_type":"article","og_title":"Jak Przes\u0142a\u0107, Zainstalowa\u0107 i Skonfigurowa\u0107 Motyw TemplateToaster na Drupal - TemplateToaster","og_description":"Instrukcja jak wgra\u0107 i zainstalowa\u0107 motyw Drupala stworzony w TemplateToaster na swoj\u0105 stron\u0119","og_url":"https:\/\/templatetoaster.com\/pl\/drupal","og_site_name":"TemplateToaster","article_publisher":"https:\/\/www.facebook.com\/TemplateToaster","article_modified_time":"2019-08-13T12:57:04+00:00","og_image":[{"url":"https:\/\/templatetoaster.com\/wp-content\/uploads\/2018\/02\/youtube.png"}],"twitter_card":"summary_large_image","twitter_site":"@templatetoaster","twitter_misc":{"Szacowany czas czytania":"2 minuty"},"schema":{"@context":"https:\/\/schema.org","@graph":[{"@type":"WebPage","@id":"https:\/\/templatetoaster.com\/pl\/drupal","url":"https:\/\/templatetoaster.com\/pl\/drupal","name":"Jak Przes\u0142a\u0107, Zainstalowa\u0107 i Skonfigurowa\u0107 Motyw TemplateToaster na Drupal - TemplateToaster","isPartOf":{"@id":"https:\/\/templatetoaster.com\/#website"},"primaryImageOfPage":{"@id":"https:\/\/templatetoaster.com\/pl\/drupal#primaryimage"},"image":{"@id":"https:\/\/templatetoaster.com\/pl\/drupal#primaryimage"},"thumbnailUrl":"https:\/\/templatetoaster.com\/wp-content\/uploads\/2018\/02\/youtube.png","datePublished":"2018-04-13T12:07:04+00:00","dateModified":"2019-08-13T12:57:04+00:00","description":"Instrukcja jak wgra\u0107 i zainstalowa\u0107 motyw Drupala stworzony w TemplateToaster na swoj\u0105 stron\u0119","breadcrumb":{"@id":"https:\/\/templatetoaster.com\/pl\/drupal#breadcrumb"},"inLanguage":"pl-PL","potentialAction":[{"@type":"ReadAction","target":["https:\/\/templatetoaster.com\/pl\/drupal"]}]},{"@type":"ImageObject","inLanguage":"pl-PL","@id":"https:\/\/templatetoaster.com\/pl\/drupal#primaryimage","url":"https:\/\/templatetoaster.com\/wp-content\/uploads\/2018\/02\/youtube.png","contentUrl":"https:\/\/templatetoaster.com\/wp-content\/uploads\/2018\/02\/youtube.png"},{"@type":"BreadcrumbList","@id":"https:\/\/templatetoaster.com\/pl\/drupal#breadcrumb","itemListElement":[{"@type":"ListItem","position":1,"name":"Home","item":"https:\/\/templatetoaster.com\/pl"},{"@type":"ListItem","position":2,"name":"Jak Przes\u0142a\u0107, Zainstalowa\u0107 i Skonfigurowa\u0107 Motyw TemplateToaster na Drupal"}]},{"@type":"WebSite","@id":"https:\/\/templatetoaster.com\/#website","url":"https:\/\/templatetoaster.com\/","name":"TemplateToaster","description":"","publisher":{"@id":"https:\/\/templatetoaster.com\/#organization"},"inLanguage":"pl-PL"},{"@type":"Organization","@id":"https:\/\/templatetoaster.com\/#organization","name":"TemplateToaster","url":"https:\/\/templatetoaster.com\/","logo":{"@type":"ImageObject","inLanguage":"pl-PL","@id":"https:\/\/templatetoaster.com\/#\/schema\/logo\/image\/","url":"https:\/\/templatetoaster.com\/wp-content\/uploads\/2019\/11\/TemplateToaster_Logo.jpg","contentUrl":"https:\/\/templatetoaster.com\/wp-content\/uploads\/2019\/11\/TemplateToaster_Logo.jpg","width":85,"height":85,"caption":"TemplateToaster"},"image":{"@id":"https:\/\/templatetoaster.com\/#\/schema\/logo\/image\/"},"sameAs":["https:\/\/www.facebook.com\/TemplateToaster","https:\/\/x.com\/templatetoaster","https:\/\/www.instagram.com\/templatetoaster\/","https:\/\/www.linkedin.com\/company\/templatetoaster\/","https:\/\/www.pinterest.com\/templatetoaster\/","https:\/\/www.youtube.com\/@TemplateToaster"]}]}},"_links":{"self":[{"href":"https:\/\/templatetoaster.com\/pl\/wp-json\/wp\/v2\/pages\/4214"}],"collection":[{"href":"https:\/\/templatetoaster.com\/pl\/wp-json\/wp\/v2\/pages"}],"about":[{"href":"https:\/\/templatetoaster.com\/pl\/wp-json\/wp\/v2\/types\/page"}],"author":[{"embeddable":true,"href":"https:\/\/templatetoaster.com\/pl\/wp-json\/wp\/v2\/users\/1"}],"replies":[{"embeddable":true,"href":"https:\/\/templatetoaster.com\/pl\/wp-json\/wp\/v2\/comments?post=4214"}],"version-history":[{"count":4,"href":"https:\/\/templatetoaster.com\/pl\/wp-json\/wp\/v2\/pages\/4214\/revisions"}],"predecessor-version":[{"id":64473,"href":"https:\/\/templatetoaster.com\/pl\/wp-json\/wp\/v2\/pages\/4214\/revisions\/64473"}],"wp:attachment":[{"href":"https:\/\/templatetoaster.com\/pl\/wp-json\/wp\/v2\/media?parent=4214"}],"curies":[{"name":"wp","href":"https:\/\/api.w.org\/{rel}","templated":true}]}}