{"id":4209,"date":"2018-04-13T12:04:55","date_gmt":"2018-04-13T12:04:55","guid":{"rendered":"http:\/\/templatetoaster.com?page_id=4209"},"modified":"2018-12-06T22:49:31","modified_gmt":"2018-12-06T22:49:31","slug":"html_website","status":"publish","type":"page","link":"https:\/\/templatetoaster.com\/pl\/html_website","title":{"rendered":"Jak wgra\u0107 motyw HTML CSS stworzony w TemplateToaster na stron\u0119"},"content":{"rendered":"<div style=\"margin: 60px 0px\"><\/div>\n<h1 class=\"heading_border\">Jak wgra\u0107 motyw witryny HTML stworzonej w TemplateToaster<\/h1>\n<div class=\"demo_row1 even row\">\n<div class=\"row\">\n<div class=\"col-md-6 col-sm-6 col-xs-12\">\n<div class=\"vedio_bg\">\n<div class=\"tt_video_modal\"><a href=\"https:\/\/youtu.be\/PRbnZjCqasE\"><img decoding=\"async\" src=\"https:\/\/templatetoaster.com\/wp-content\/uploads\/2018\/02\/youtube.png\" \/><\/a><\/p>\n<div class=\"video-content\">\n<h3>Jak stworzy\u0107 motyw strony HTML CSS w TemplateToaster<\/h3>\n<\/div>\n<\/div>\n<\/div>\n<\/div>\n<div class=\"col-md-6 col-sm-6 col-xs-12\">\n<div class=\"vedio_bg\">\n<div class=\"tt_video_modal\"><a href=\"https:\/\/youtu.be\/wXeaIYZVxO8\"><img decoding=\"async\" src=\"https:\/\/templatetoaster.com\/wp-content\/uploads\/2018\/02\/youtube.png\" \/><\/a><\/p>\n<div class=\"video-content\">\n<h3>Jak wgra\u0107 motyw strony HTML stworzonej w TemplateToaster<\/h3>\n<\/div>\n<\/div>\n<\/div>\n<\/div>\n<div class=\"clearfix visible-lg-block visible-md-block\"><\/div>\n<\/div>\n<\/div>\n","protected":false},"excerpt":{"rendered":"<p>Jak wgra\u0107 motyw witryny HTML stworzonej w TemplateToaster Jak stworzy\u0107 motyw strony HTML CSS w TemplateToaster Jak wgra\u0107 motyw strony HTML stworzonej w TemplateToaster<\/p>\n","protected":false},"author":1,"featured_media":0,"parent":0,"menu_order":0,"comment_status":"closed","ping_status":"closed","template":"PageTemplate1.php","meta":{"footnotes":""},"yoast_head":"<!-- This site is optimized with the Yoast SEO plugin v23.5 - https:\/\/yoast.com\/wordpress\/plugins\/seo\/ -->\n<title>Jak wgra\u0107 motyw HTML CSS stworzony w TemplateToaster na stron\u0119 - TemplateToaster<\/title>\n<meta name=\"description\" content=\"Zapoznaj si\u0119 z kilkoma instrukcjami jak wgra\u0107 witryn\u0119 HTML stworzon\u0105 w TemplateToaster na sw\u00f3j serwer.\" \/>\n<meta name=\"robots\" content=\"index, follow, max-snippet:-1, max-image-preview:large, max-video-preview:-1\" \/>\n<link rel=\"canonical\" href=\"https:\/\/templatetoaster.com\/pl\/html_website\" \/>\n<meta property=\"og:locale\" content=\"pl_PL\" \/>\n<meta property=\"og:type\" content=\"article\" \/>\n<meta property=\"og:title\" content=\"Jak wgra\u0107 motyw HTML CSS stworzony w TemplateToaster na stron\u0119 - TemplateToaster\" \/>\n<meta property=\"og:description\" content=\"Zapoznaj si\u0119 z kilkoma instrukcjami jak wgra\u0107 witryn\u0119 HTML stworzon\u0105 w TemplateToaster na sw\u00f3j serwer.\" \/>\n<meta property=\"og:url\" content=\"https:\/\/templatetoaster.com\/pl\/html_website\" \/>\n<meta property=\"og:site_name\" content=\"TemplateToaster\" \/>\n<meta property=\"article:publisher\" content=\"https:\/\/www.facebook.com\/TemplateToaster\" \/>\n<meta property=\"article:modified_time\" content=\"2018-12-06T22:49:31+00:00\" \/>\n<meta property=\"og:image\" content=\"https:\/\/templatetoaster.com\/wp-content\/uploads\/2018\/02\/youtube.png\" \/>\n<meta name=\"twitter:card\" content=\"summary_large_image\" \/>\n<meta name=\"twitter:site\" content=\"@templatetoaster\" \/>\n<script type=\"application\/ld+json\" class=\"yoast-schema-graph\">{\"@context\":\"https:\/\/schema.org\",\"@graph\":[{\"@type\":\"WebPage\",\"@id\":\"https:\/\/templatetoaster.com\/pl\/html_website\",\"url\":\"https:\/\/templatetoaster.com\/pl\/html_website\",\"name\":\"Jak wgra\u0107 motyw HTML CSS stworzony w TemplateToaster na stron\u0119 - TemplateToaster\",\"isPartOf\":{\"@id\":\"https:\/\/templatetoaster.com\/#website\"},\"primaryImageOfPage\":{\"@id\":\"https:\/\/templatetoaster.com\/pl\/html_website#primaryimage\"},\"image\":{\"@id\":\"https:\/\/templatetoaster.com\/pl\/html_website#primaryimage\"},\"thumbnailUrl\":\"https:\/\/templatetoaster.com\/wp-content\/uploads\/2018\/02\/youtube.png\",\"datePublished\":\"2018-04-13T12:04:55+00:00\",\"dateModified\":\"2018-12-06T22:49:31+00:00\",\"description\":\"Zapoznaj si\u0119 z kilkoma instrukcjami jak wgra\u0107 witryn\u0119 HTML stworzon\u0105 w TemplateToaster na sw\u00f3j serwer.\",\"breadcrumb\":{\"@id\":\"https:\/\/templatetoaster.com\/pl\/html_website#breadcrumb\"},\"inLanguage\":\"pl-PL\",\"potentialAction\":[{\"@type\":\"ReadAction\",\"target\":[\"https:\/\/templatetoaster.com\/pl\/html_website\"]}]},{\"@type\":\"ImageObject\",\"inLanguage\":\"pl-PL\",\"@id\":\"https:\/\/templatetoaster.com\/pl\/html_website#primaryimage\",\"url\":\"https:\/\/templatetoaster.com\/wp-content\/uploads\/2018\/02\/youtube.png\",\"contentUrl\":\"https:\/\/templatetoaster.com\/wp-content\/uploads\/2018\/02\/youtube.png\"},{\"@type\":\"BreadcrumbList\",\"@id\":\"https:\/\/templatetoaster.com\/pl\/html_website#breadcrumb\",\"itemListElement\":[{\"@type\":\"ListItem\",\"position\":1,\"name\":\"Home\",\"item\":\"https:\/\/templatetoaster.com\/pl\"},{\"@type\":\"ListItem\",\"position\":2,\"name\":\"Jak wgra\u0107 motyw HTML CSS stworzony w TemplateToaster na stron\u0119\"}]},{\"@type\":\"WebSite\",\"@id\":\"https:\/\/templatetoaster.com\/#website\",\"url\":\"https:\/\/templatetoaster.com\/\",\"name\":\"TemplateToaster\",\"description\":\"\",\"publisher\":{\"@id\":\"https:\/\/templatetoaster.com\/#organization\"},\"inLanguage\":\"pl-PL\"},{\"@type\":\"Organization\",\"@id\":\"https:\/\/templatetoaster.com\/#organization\",\"name\":\"TemplateToaster\",\"url\":\"https:\/\/templatetoaster.com\/\",\"logo\":{\"@type\":\"ImageObject\",\"inLanguage\":\"pl-PL\",\"@id\":\"https:\/\/templatetoaster.com\/#\/schema\/logo\/image\/\",\"url\":\"https:\/\/templatetoaster.com\/wp-content\/uploads\/2019\/11\/TemplateToaster_Logo.jpg\",\"contentUrl\":\"https:\/\/templatetoaster.com\/wp-content\/uploads\/2019\/11\/TemplateToaster_Logo.jpg\",\"width\":85,\"height\":85,\"caption\":\"TemplateToaster\"},\"image\":{\"@id\":\"https:\/\/templatetoaster.com\/#\/schema\/logo\/image\/\"},\"sameAs\":[\"https:\/\/www.facebook.com\/TemplateToaster\",\"https:\/\/x.com\/templatetoaster\",\"https:\/\/www.instagram.com\/templatetoaster\/\",\"https:\/\/www.linkedin.com\/company\/templatetoaster\/\",\"https:\/\/www.pinterest.com\/templatetoaster\/\",\"https:\/\/www.youtube.com\/@TemplateToaster\"]}]}<\/script>\n<!-- \/ Yoast SEO plugin. -->","yoast_head_json":{"title":"Jak wgra\u0107 motyw HTML CSS stworzony w TemplateToaster na stron\u0119 - TemplateToaster","description":"Zapoznaj si\u0119 z kilkoma instrukcjami jak wgra\u0107 witryn\u0119 HTML stworzon\u0105 w TemplateToaster na sw\u00f3j serwer.","robots":{"index":"index","follow":"follow","max-snippet":"max-snippet:-1","max-image-preview":"max-image-preview:large","max-video-preview":"max-video-preview:-1"},"canonical":"https:\/\/templatetoaster.com\/pl\/html_website","og_locale":"pl_PL","og_type":"article","og_title":"Jak wgra\u0107 motyw HTML CSS stworzony w TemplateToaster na stron\u0119 - TemplateToaster","og_description":"Zapoznaj si\u0119 z kilkoma instrukcjami jak wgra\u0107 witryn\u0119 HTML stworzon\u0105 w TemplateToaster na sw\u00f3j serwer.","og_url":"https:\/\/templatetoaster.com\/pl\/html_website","og_site_name":"TemplateToaster","article_publisher":"https:\/\/www.facebook.com\/TemplateToaster","article_modified_time":"2018-12-06T22:49:31+00:00","og_image":[{"url":"https:\/\/templatetoaster.com\/wp-content\/uploads\/2018\/02\/youtube.png"}],"twitter_card":"summary_large_image","twitter_site":"@templatetoaster","schema":{"@context":"https:\/\/schema.org","@graph":[{"@type":"WebPage","@id":"https:\/\/templatetoaster.com\/pl\/html_website","url":"https:\/\/templatetoaster.com\/pl\/html_website","name":"Jak wgra\u0107 motyw HTML CSS stworzony w TemplateToaster na stron\u0119 - TemplateToaster","isPartOf":{"@id":"https:\/\/templatetoaster.com\/#website"},"primaryImageOfPage":{"@id":"https:\/\/templatetoaster.com\/pl\/html_website#primaryimage"},"image":{"@id":"https:\/\/templatetoaster.com\/pl\/html_website#primaryimage"},"thumbnailUrl":"https:\/\/templatetoaster.com\/wp-content\/uploads\/2018\/02\/youtube.png","datePublished":"2018-04-13T12:04:55+00:00","dateModified":"2018-12-06T22:49:31+00:00","description":"Zapoznaj si\u0119 z kilkoma instrukcjami jak wgra\u0107 witryn\u0119 HTML stworzon\u0105 w TemplateToaster na sw\u00f3j serwer.","breadcrumb":{"@id":"https:\/\/templatetoaster.com\/pl\/html_website#breadcrumb"},"inLanguage":"pl-PL","potentialAction":[{"@type":"ReadAction","target":["https:\/\/templatetoaster.com\/pl\/html_website"]}]},{"@type":"ImageObject","inLanguage":"pl-PL","@id":"https:\/\/templatetoaster.com\/pl\/html_website#primaryimage","url":"https:\/\/templatetoaster.com\/wp-content\/uploads\/2018\/02\/youtube.png","contentUrl":"https:\/\/templatetoaster.com\/wp-content\/uploads\/2018\/02\/youtube.png"},{"@type":"BreadcrumbList","@id":"https:\/\/templatetoaster.com\/pl\/html_website#breadcrumb","itemListElement":[{"@type":"ListItem","position":1,"name":"Home","item":"https:\/\/templatetoaster.com\/pl"},{"@type":"ListItem","position":2,"name":"Jak wgra\u0107 motyw HTML CSS stworzony w TemplateToaster na stron\u0119"}]},{"@type":"WebSite","@id":"https:\/\/templatetoaster.com\/#website","url":"https:\/\/templatetoaster.com\/","name":"TemplateToaster","description":"","publisher":{"@id":"https:\/\/templatetoaster.com\/#organization"},"inLanguage":"pl-PL"},{"@type":"Organization","@id":"https:\/\/templatetoaster.com\/#organization","name":"TemplateToaster","url":"https:\/\/templatetoaster.com\/","logo":{"@type":"ImageObject","inLanguage":"pl-PL","@id":"https:\/\/templatetoaster.com\/#\/schema\/logo\/image\/","url":"https:\/\/templatetoaster.com\/wp-content\/uploads\/2019\/11\/TemplateToaster_Logo.jpg","contentUrl":"https:\/\/templatetoaster.com\/wp-content\/uploads\/2019\/11\/TemplateToaster_Logo.jpg","width":85,"height":85,"caption":"TemplateToaster"},"image":{"@id":"https:\/\/templatetoaster.com\/#\/schema\/logo\/image\/"},"sameAs":["https:\/\/www.facebook.com\/TemplateToaster","https:\/\/x.com\/templatetoaster","https:\/\/www.instagram.com\/templatetoaster\/","https:\/\/www.linkedin.com\/company\/templatetoaster\/","https:\/\/www.pinterest.com\/templatetoaster\/","https:\/\/www.youtube.com\/@TemplateToaster"]}]}},"_links":{"self":[{"href":"https:\/\/templatetoaster.com\/pl\/wp-json\/wp\/v2\/pages\/4209"}],"collection":[{"href":"https:\/\/templatetoaster.com\/pl\/wp-json\/wp\/v2\/pages"}],"about":[{"href":"https:\/\/templatetoaster.com\/pl\/wp-json\/wp\/v2\/types\/page"}],"author":[{"embeddable":true,"href":"https:\/\/templatetoaster.com\/pl\/wp-json\/wp\/v2\/users\/1"}],"replies":[{"embeddable":true,"href":"https:\/\/templatetoaster.com\/pl\/wp-json\/wp\/v2\/comments?post=4209"}],"version-history":[{"count":2,"href":"https:\/\/templatetoaster.com\/pl\/wp-json\/wp\/v2\/pages\/4209\/revisions"}],"predecessor-version":[{"id":6511,"href":"https:\/\/templatetoaster.com\/pl\/wp-json\/wp\/v2\/pages\/4209\/revisions\/6511"}],"wp:attachment":[{"href":"https:\/\/templatetoaster.com\/pl\/wp-json\/wp\/v2\/media?parent=4209"}],"curies":[{"name":"wp","href":"https:\/\/api.w.org\/{rel}","templated":true}]}}