{"id":4190,"date":"2018-04-13T11:54:16","date_gmt":"2018-04-13T11:54:16","guid":{"rendered":"http:\/\/templatetoaster.com?page_id=4190"},"modified":"2019-09-03T05:49:41","modified_gmt":"2019-09-03T05:49:41","slug":"magento","status":"publish","type":"page","link":"https:\/\/templatetoaster.com\/pl\/magento","title":{"rendered":"Jak wys\u0142a\u0107 i zainstalowa\u0107 motywy TemplateToaster na Magento"},"content":{"rendered":"\n<div class=\"tt_documentation_instruction_row row\"><div style=\"margin: 60px 0px;\">\n<h1 class=\"heading_border\">Jak wys\u0142a\u0107 i zainstalowa\u0107 motywy TemplateToaster na Magento<\/h1>\n<div class=\"demo_row1 even row\">\n<h2><span class=\"demo_video_cms\" style=\"background-position: 137px -62px;\"><\/span> Magento 1.9<\/h2>\n<div class=\"row\">\n<div class=\"col-md-6 col-sm-6 col-xs-12\">\n<div class=\"vedio_bg\">\n<div class=\"tt_video_modal\"><a href=\"https:\/\/youtu.be\/tmMFYqDKsrk\"><img decoding=\"async\" src=\"https:\/\/templatetoaster.com\/wp-content\/uploads\/2018\/02\/youtube.png\"><\/a>\n<p>&nbsp;<\/p>\n<div class=\"video-content\">\n<h3>Jak utworzy\u0107 motyw Magento 1.9 w TemplateToaster<\/h3>\n<\/div>\n<\/div>\n<\/div>\n<\/div>\n<div class=\"col-md-6 col-sm-6 col-xs-12\">\n<div class=\"vedio_bg\">\n<div class=\"tt_video_modal\"><a href=\"https:\/\/youtu.be\/D6KBdP3kdjg\"><img decoding=\"async\" src=\"https:\/\/templatetoaster.com\/wp-content\/uploads\/2018\/02\/youtube.png\"><\/a>\n<p>&nbsp;<\/p>\n<div class=\"video-content\">\n<h3>Jak przes\u0142a\u0107 motyw Magento 1.9 stworzony w TemplateToaster<\/h3>\n<\/div>\n<\/div>\n<\/div>\n<\/div>\n<div class=\"clearfix visible-lg-block visible-md-block\">&nbsp;<\/div>\n<\/div>\n<\/div>\n<div class=\"demo_row1 even row\">\n<h2><span class=\"demo_video_cms\" style=\"background-position: 137px -62px;\"><\/span> Magento 2.0<\/h2>\n<div class=\"row\">\n<div class=\"col-md-6 col-sm-6 col-xs-12\">\n<div class=\"vedio_bg\">\n<div class=\"tt_video_modal\"><a href=\"https:\/\/youtu.be\/tmMFYqDKsrk\"><img decoding=\"async\" src=\"https:\/\/templatetoaster.com\/wp-content\/uploads\/2018\/02\/youtube.png\"><\/a>\n<p>&nbsp;<\/p>\n<div class=\"video-content\">\n<h3>Jak utworzy\u0107 motyw Magento 2.0 w TemplateToaster<\/h3>\n<\/div>\n<\/div>\n<\/div>\n<\/div>\n<div class=\"col-md-6 col-sm-6 col-xs-12\">\n<div class=\"vedio_bg\">\n<div class=\"tt_video_modal\"><a href=\"https:\/\/youtu.be\/yz75jq66vn4\"><img decoding=\"async\" src=\"https:\/\/templatetoaster.com\/wp-content\/uploads\/2018\/02\/youtube.png\"><\/a>\n<p>&nbsp;<\/p>\n<div class=\"video-content\">\n<h3>Jak przes\u0142a\u0107 motyw Magento 2.0 stworzony w TemplateToaster<\/h3>\n<\/div>\n<\/div>\n<\/div>\n<\/div>\n<div class=\"clearfix visible-lg-block visible-md-block\">&nbsp;<\/div>\n<\/div>\n<\/div>\n<div class=\"basic\">\n<h3 style=\"margin-bottom: 15px;\"><a href=\"#magento1.9\">Instrukcja instalacji motywu Magento do Magento 1.9<\/a><\/h3>\n<h3 style=\"margin-bottom: 15px;\"><a href=\"#magento2\">Instrukcja instalacji motywu Magento do Magento 2.0<\/a><\/h3>\n<p><a name=\"magento1.9\"><\/a><\/p>\n<div class=\"basic-step\">\n<h4 style=\"margin: 15px 0px 10px;\">1. Skopiuj pliki szablonu<\/h4>\n<ol class=\"lower-alpha\">\n<li>Do XAMPP, WAMPP itp. (Je\u015bli chcesz zainstalowa\u0107 motyw Magento na lokalnym komputerze)<\/li>\n<li>Wyeksportuj go jako plik .zip.<\/li>\n<li>Wyodr\u0119bnij plik zip do folderu g\u0142\u00f3wnego Magento.<\/li>\n<li>Na Hosting (Je\u015bli chcesz zainstalowa\u0107 szablon Magento na Hostingu)<\/li>\n<li>Wyeksportuj szablon jako folder.<\/li>\n<li>Prze\u015blij zawarto\u015b\u0107 folderu do katalogu g\u0142\u00f3wnego&nbsp; Magento. Zapoznaj si\u0119 z poni\u017cszym zrzutem ekranu.<\/li>\n<\/ol>\n<p>&nbsp;<\/p>\n<\/div><\/div>\n<div class=\"basic\"><div class=\"basic-step\">\n<h4>2. Czy po:<\/h4>\n<ol class=\"lower-alpha\">\n<li>Otw\u00f3rz sw\u00f3j panel administracyjny Magento i przejd\u017a do System &gt; Projektowanie<\/li>\n<li>Pojawi si\u0119 ekran kliknij przycisk Dodaj nowy motyw(lub kliknij Dodaj Motyw) w prawym g\u00f3rnym rogu.<\/li>\n<li>W polu W\u0142asny Wygl\u0105d wybierz sw\u00f3j nowy motyw<\/li>\n<li>Kliknij przycisk Zapisz, aby zastosowa\u0107 zmiany<\/li>\n<li>Utworzy\u0107 kategori\u0119 jako Podkategorie do domy\u015blnej&nbsp; kategorii szablonh. Kategoria ta b\u0119dzie za stworzona dla &#8222;Strona g\u0142\u00f3wna Produkt\u00f3w&#8221;. Pami\u0119taj, identyfikator kategorii. Zobacz na obrazku poni\u017cej<\/li>\n<li>Po utworzeniu kategorii,&nbsp; warto doda\u0107 kilka produkt\u00f3w do niej.<\/li>\n<p>&nbsp;<\/p>\n<p><img decoding=\"async\" class=\"img-responsive center-block\" src=\"https:\/\/templatetoaster.com\/wp-content\/uploads\/2012\/03\/images\/pf\/1.jpg\" alt=\"\"><\/p>\n<p>&nbsp;<\/p>\n<p><img decoding=\"async\" class=\"img-responsive center-block\" src=\"https:\/\/templatetoaster.com\/wp-content\/uploads\/2012\/03\/images\/pf\/3.jpg\" alt=\"\"><\/p>\n<p>&nbsp;<\/p>\n<\/div><\/div>\n<div class=\"basic\"><div class=\"basic-step\">\n<h3>Edytuj stron\u0119 domow\u0105<\/h3>\n<p>Przejd\u017a do CMS-&gt; Strony i Edytuj\/Dodaj Stron\u0119 g\u0142\u00f3wn\u0105. Przejd\u017a do tre\u015bci i dodaj<\/p>\n<pre>{{block type=\"catalog\/product_list\" category_id=\"HomeProductsCategoryID\" template=\"catalog\/product\/list.phtml\"}}<\/pre>\n<p>Nie zapomnij zast\u0105pi\u0107 \u201cHomeProductsCategoryID\u201d identyfikatorem jednej z utworzonej kategorii<\/p>\n<p>&nbsp;<\/p>\n<\/div><\/div>\n<div class=\"basic\"><div class=\"basic-step\">\n<h3>Dodaj\/utw\u00f3rz blok statyczny (Opcjonalne)<\/h3>\n<ol class=\"decimal\">\n<li>Zaloguj si\u0119 si\u0119 na panel administratora sklepu Magento<\/li>\n<li>Przejd\u017a do CMS &gt; blok statyczny<\/li>\n<li>Kliknij przycisk Dodaj nowy blok w prawym g\u00f3rnym rogu<\/li>\n<li>Nadaj blokowi tytu\u0142<\/li>\n<li>Podaj identyfikator, kt\u00f3ry b\u0119dzie u\u017cywany do wywo\u0142ania bloku. Upewnij si\u0119, \u017ce identyfikator jest napisany bez du\u017cych liter i oddzielony za pomoc\u0105 podkre\u015ble\u0144 dopasowany do zapisu Magento tj.. your_block_id<\/li>\n<li>Wybierz widok stron do kt\u00f3rych nale\u017c\u0105 bloki. Po prostu zostaw opcj\u0119 Wszystkie Widoki Sklepu aktywn\u0105, do p\u00f3ki nie b\u0119dziesz mie\u0107 dobrego powodu by ustawi\u0107 status na Aktywny<\/li>\n<li>Wprowad\u017a Tw\u00f3j kod HTML w polu zawarto\u015bci.<\/li>\n<li>Kliknij przycisk Zapisz lub Zapisz i Kontynuuj Edycje, aby zapisa\u0107 swoje ustawienia.<\/li>\n<\/ol>\n<\/div><\/div>\n<div class=\"basic\"><div class=\"basic-step\">\n<h3 style=\"margin-bottom: 15px;\">Dodaj blok w formacie xml (Opcjonalne)<\/h3>\n<pre>&lt;reference name=\"BlockReferenceName\"&gt;\n   &lt;block type=\"cms\/block\" name\"your_block_id\" before=\"_\"&gt;\n\t&lt;action method=\"setBlockId\"&gt;\n\t   &lt;block_id&gt;your_block_id &lt;\/block_id&gt;\n\t&lt;\/action&gt;\n  &lt;\/block&gt;\n&lt;reference&gt;<\/pre>\n<p>&nbsp;<\/p>\n<ol class=\"decimal\">\n<li>Otw\u00f3rz cms.xml z Aplikacja &gt; Projekt &gt; FrontEnd &gt; Domy\u015blne &gt; your_theme &gt; folder layout.<\/li>\n<li>Usu\u0144 oznaczenie komentarza z powy\u017cszego kodu. \u201cBlockReferenceName\u201d jest to nazwa obszaru, gdzie blok statyczny ma by\u0107 umieszczony.<\/li>\n<li>Ten kod zostanie umieszczony w bloku &#8222;your_block_id&#8221; utworzonym w panelu administracyjnym nad tre\u015bci\u0105 na stronach kategorii (Zwr\u00f3\u0107 uwag\u0119, na umieszczenie = &#8222;-&#8221; atrybutu, kt\u00f3ry pilnuje tego, \u017ce blok zostanie wy\u015bwietlony przed reszt\u0105 zawarto\u015bci).<\/li>\n<li>Aby doda\u0107 wi\u0119cej blok\u00f3w&nbsp; wklej powy\u017cszy kod i przypisz odpowiednie \u201cBlockReferenceName\u201d i \u201cyour_block_id\u201d.<\/li>\n<\/ol>\n<\/div>\n<\/div>\n<p><a name=\"magento2\"><\/a><\/p>\n<div class=\"basic\">\n<p>&nbsp;<\/p>\n<h3 style=\"margin-bottom: 15px;\">Instrukcja instalacji motywu Magento do Magento 2.0<\/h3>\n<div class=\"basic-step\">\n<ol>\n<li>Po sko\u0144czeniu projektowania motywu, wyeksportuj go do katalogu folderu.Kliknij na Ikon\u0119 Magento w prawym g\u00f3rnym rogu TemplateToaster(patrz Magento1.png) lub wybierz Plik -&gt; Eksportuj.<\/li>\n<li>Okienko o nazwie \u201eEksportuj motyw Magento\u2019 otworzy(patrz Magento1.png) -&gt; Przegl\u0105daj \u015bcie\u017ck\u0119 do zapisania eksportowanego folderu -&gt; Wybierz wersj\u0119 2.x -&gt; kliknij przycisk Eksportuj<\/li>\n<\/ol>\n<p>Folder motywy b\u0119dzie wyeksportowany do wybranej \u015bcie\u017cki.<\/p>\n<ol>\n<li>Znajd\u017a i otw\u00f3rz wyeksportowany katalog tematu Magento -&gt; Skopiuj folder &#8222;App&#8221; z katalogu motywu (patrz Magento2.png)<\/li>\n<li>Id\u017a do folderu instalacyjnego Magento 2 w System-&gt; Wklej skopiowany folder \u201eapp\u2019 (patrz Magento3.png).<\/li>\n<li>Teraz, przejd\u017a do Panelu Sterownia&nbsp;Magento 2 Dashboard -&gt; Administracja -&gt; Sklep -&gt; Konfiguracja(patrz Magento4.png).<\/li>\n<li>W Konfiguracja -&gt; Przejd\u017a do Og\u00f3lne -&gt; Projekt -&gt; Projektowanie Motywu -&gt; Wybierz motyw, kt\u00f3ry b\u0119dzie wy\u015bwietlany jako domy\u015blny z Projektowanie Motywu upu\u015bci\u0107(patrz Magento5.png) -&gt; Kliknij na \u201eZapisz konfiguracj\u0119\u2019 (patrz Magento6.png).<\/li>\n<li>Pojawi si\u0119 komunikat o tre\u015bci \u201eKonfiguracja zapisana\u2019, teraz Tw\u00f3j motyw zosta\u0142 ustawiony jako domy\u015blny(patrz Magento7.png).<\/li>\n<\/ol>\n<p><a href=\"https:\/\/templatetoaster.com\/wp-content\/uploads\/2013\/05\/step1.jpg\"><img loading=\"lazy\" decoding=\"async\" class=\"aligncenter size-medium wp-image-3066\" src=\"https:\/\/templatetoaster.com\/wp-content\/uploads\/2013\/05\/step1.jpg\" alt=\"Przesy\u0142anie i zainstalowa\u0107 manegento 2 krok szablon 1\" width=\"823\" height=\"523\"><\/a><\/p>\n<p><a href=\"https:\/\/templatetoaster.com\/wp-content\/uploads\/2013\/05\/step2.jpg\"><img loading=\"lazy\" decoding=\"async\" class=\"aligncenter size-full wp-image-3067\" src=\"https:\/\/templatetoaster.com\/wp-content\/uploads\/2013\/05\/step2.jpg\" alt=\"Przesy\u0142anie i zainstalowa\u0107 manegento 2 krok szablon 2\" width=\"823\" height=\"523\" srcset=\"https:\/\/templatetoaster.com\/wp-content\/uploads\/2013\/05\/step2.jpg 823w, https:\/\/templatetoaster.com\/wp-content\/uploads\/2013\/05\/step2-600x381.jpg 600w, https:\/\/templatetoaster.com\/wp-content\/uploads\/2013\/05\/step2-300x191.jpg 300w\" sizes=\"(max-width: 823px) 100vw, 823px\" \/><\/a><\/p>\n<p><a href=\"https:\/\/templatetoaster.com\/wp-content\/uploads\/2013\/05\/step3.jpg\"><img loading=\"lazy\" decoding=\"async\" class=\"aligncenter size-full wp-image-3068\" src=\"https:\/\/templatetoaster.com\/wp-content\/uploads\/2013\/05\/step3.jpg\" alt=\"Przesy\u0142anie i zainstalowa\u0107 manegento 2 krok szablon 3\" width=\"823\" height=\"348\" srcset=\"https:\/\/templatetoaster.com\/wp-content\/uploads\/2013\/05\/step3.jpg 823w, https:\/\/templatetoaster.com\/wp-content\/uploads\/2013\/05\/step3-600x254.jpg 600w, https:\/\/templatetoaster.com\/wp-content\/uploads\/2013\/05\/step3-300x127.jpg 300w\" sizes=\"(max-width: 823px) 100vw, 823px\" \/><\/a><\/p>\n<p><a href=\"https:\/\/templatetoaster.com\/wp-content\/uploads\/2013\/05\/step4.jpg\"><img loading=\"lazy\" decoding=\"async\" class=\"aligncenter size-full wp-image-3069\" src=\"https:\/\/templatetoaster.com\/wp-content\/uploads\/2013\/05\/step4.jpg\" alt=\"Przesy\u0142anie i zainstalowa\u0107 manegento 2 krok szablon 4\" width=\"823\" height=\"368\" srcset=\"https:\/\/templatetoaster.com\/wp-content\/uploads\/2013\/05\/step4.jpg 823w, https:\/\/templatetoaster.com\/wp-content\/uploads\/2013\/05\/step4-600x268.jpg 600w, https:\/\/templatetoaster.com\/wp-content\/uploads\/2013\/05\/step4-300x134.jpg 300w\" sizes=\"(max-width: 823px) 100vw, 823px\" \/><\/a><\/p>\n<p><a href=\"https:\/\/templatetoaster.com\/wp-content\/uploads\/2013\/05\/step5.jpg\"><img loading=\"lazy\" decoding=\"async\" class=\"aligncenter size-full wp-image-3070\" src=\"https:\/\/templatetoaster.com\/wp-content\/uploads\/2013\/05\/step5.jpg\" alt=\"Przesy\u0142anie i zainstalowa\u0107 manegento 2 krok szablon 5\" width=\"823\" height=\"625\" srcset=\"https:\/\/templatetoaster.com\/wp-content\/uploads\/2013\/05\/step5.jpg 823w, https:\/\/templatetoaster.com\/wp-content\/uploads\/2013\/05\/step5-600x456.jpg 600w, https:\/\/templatetoaster.com\/wp-content\/uploads\/2013\/05\/step5-300x228.jpg 300w\" sizes=\"(max-width: 823px) 100vw, 823px\" \/><\/a><\/p>\n<p><a href=\"https:\/\/templatetoaster.com\/wp-content\/uploads\/2013\/05\/step6.jpg\"><img loading=\"lazy\" decoding=\"async\" class=\"aligncenter size-full wp-image-3071\" src=\"https:\/\/templatetoaster.com\/wp-content\/uploads\/2013\/05\/step6.jpg\" alt=\"Przesy\u0142anie i zainstalowa\u0107 manegento 2 krok szablon 6\" width=\"823\" height=\"444\" srcset=\"https:\/\/templatetoaster.com\/wp-content\/uploads\/2013\/05\/step6.jpg 823w, https:\/\/templatetoaster.com\/wp-content\/uploads\/2013\/05\/step6-600x324.jpg 600w, https:\/\/templatetoaster.com\/wp-content\/uploads\/2013\/05\/step6-300x162.jpg 300w\" sizes=\"(max-width: 823px) 100vw, 823px\" \/><\/a><\/p>\n<p><a href=\"https:\/\/templatetoaster.com\/wp-content\/uploads\/2013\/05\/step7.jpg\"><img loading=\"lazy\" decoding=\"async\" class=\"aligncenter size-full wp-image-3072\" src=\"https:\/\/templatetoaster.com\/wp-content\/uploads\/2013\/05\/step7.jpg\" alt=\"Przesy\u0142anie i zainstalowa\u0107 manegento 2 krok szablon 7\" width=\"823\" height=\"517\" srcset=\"https:\/\/templatetoaster.com\/wp-content\/uploads\/2013\/05\/step7.jpg 823w, https:\/\/templatetoaster.com\/wp-content\/uploads\/2013\/05\/step7-600x377.jpg 600w, https:\/\/templatetoaster.com\/wp-content\/uploads\/2013\/05\/step7-300x188.jpg 300w\" sizes=\"(max-width: 823px) 100vw, 823px\" \/><\/a><\/p>\n<\/div><\/div>\n<\/div><\/div>\n","protected":false},"excerpt":{"rendered":"<p>Jak wys\u0142a\u0107 i zainstalowa\u0107 motywy TemplateToaster na Magento Magento 1.9 &nbsp; Jak utworzy\u0107 motyw Magento 1.9 w TemplateToaster &nbsp; Jak przes\u0142a\u0107 motyw Magento 1.9 stworzony w TemplateToaster &nbsp; Magento 2.0 &nbsp; Jak utworzy\u0107 motyw Magento 2.0 w TemplateToaster &nbsp; Jak &hellip; <a href=\"https:\/\/templatetoaster.com\/pl\/magento\">Continue Reading<span class=\"meta-nav\">&rarr;<\/span><\/a><\/p>\n","protected":false},"author":1,"featured_media":0,"parent":0,"menu_order":0,"comment_status":"closed","ping_status":"closed","template":"PageTemplate1.php","meta":{"footnotes":""},"yoast_head":"<!-- This site is optimized with the Yoast SEO plugin v23.5 - https:\/\/yoast.com\/wordpress\/plugins\/seo\/ -->\n<title>Jak wys\u0142a\u0107 i zainstalowa\u0107 motywy TemplateToaster na Magento - TemplateToaster<\/title>\n<meta name=\"description\" content=\"Instrukcje jak wgra\u0107 i zainstalowa\u0107 szablon Magento stworzony w TemplateToaster na stron\u0119\" \/>\n<meta name=\"robots\" content=\"index, follow, max-snippet:-1, max-image-preview:large, max-video-preview:-1\" \/>\n<link rel=\"canonical\" href=\"https:\/\/templatetoaster.com\/pl\/magento\" \/>\n<meta property=\"og:locale\" content=\"pl_PL\" \/>\n<meta property=\"og:type\" content=\"article\" \/>\n<meta property=\"og:title\" content=\"Jak wys\u0142a\u0107 i zainstalowa\u0107 motywy TemplateToaster na Magento - TemplateToaster\" \/>\n<meta property=\"og:description\" content=\"Instrukcje jak wgra\u0107 i zainstalowa\u0107 szablon Magento stworzony w TemplateToaster na stron\u0119\" \/>\n<meta property=\"og:url\" content=\"https:\/\/templatetoaster.com\/pl\/magento\" \/>\n<meta property=\"og:site_name\" content=\"TemplateToaster\" \/>\n<meta property=\"article:publisher\" content=\"https:\/\/www.facebook.com\/TemplateToaster\" \/>\n<meta property=\"article:modified_time\" content=\"2019-09-03T05:49:41+00:00\" \/>\n<meta property=\"og:image\" content=\"https:\/\/templatetoaster.com\/wp-content\/uploads\/2018\/02\/youtube.png\" \/>\n<meta name=\"twitter:card\" content=\"summary_large_image\" \/>\n<meta name=\"twitter:site\" content=\"@templatetoaster\" \/>\n<meta name=\"twitter:label1\" content=\"Szacowany czas czytania\" \/>\n\t<meta name=\"twitter:data1\" content=\"4 minuty\" \/>\n<script type=\"application\/ld+json\" class=\"yoast-schema-graph\">{\"@context\":\"https:\/\/schema.org\",\"@graph\":[{\"@type\":\"WebPage\",\"@id\":\"https:\/\/templatetoaster.com\/pl\/magento\",\"url\":\"https:\/\/templatetoaster.com\/pl\/magento\",\"name\":\"Jak wys\u0142a\u0107 i zainstalowa\u0107 motywy TemplateToaster na Magento - TemplateToaster\",\"isPartOf\":{\"@id\":\"https:\/\/templatetoaster.com\/#website\"},\"primaryImageOfPage\":{\"@id\":\"https:\/\/templatetoaster.com\/pl\/magento#primaryimage\"},\"image\":{\"@id\":\"https:\/\/templatetoaster.com\/pl\/magento#primaryimage\"},\"thumbnailUrl\":\"https:\/\/templatetoaster.com\/wp-content\/uploads\/2018\/02\/youtube.png\",\"datePublished\":\"2018-04-13T11:54:16+00:00\",\"dateModified\":\"2019-09-03T05:49:41+00:00\",\"description\":\"Instrukcje jak wgra\u0107 i zainstalowa\u0107 szablon Magento stworzony w TemplateToaster na stron\u0119\",\"breadcrumb\":{\"@id\":\"https:\/\/templatetoaster.com\/pl\/magento#breadcrumb\"},\"inLanguage\":\"pl-PL\",\"potentialAction\":[{\"@type\":\"ReadAction\",\"target\":[\"https:\/\/templatetoaster.com\/pl\/magento\"]}]},{\"@type\":\"ImageObject\",\"inLanguage\":\"pl-PL\",\"@id\":\"https:\/\/templatetoaster.com\/pl\/magento#primaryimage\",\"url\":\"https:\/\/templatetoaster.com\/wp-content\/uploads\/2018\/02\/youtube.png\",\"contentUrl\":\"https:\/\/templatetoaster.com\/wp-content\/uploads\/2018\/02\/youtube.png\"},{\"@type\":\"BreadcrumbList\",\"@id\":\"https:\/\/templatetoaster.com\/pl\/magento#breadcrumb\",\"itemListElement\":[{\"@type\":\"ListItem\",\"position\":1,\"name\":\"Home\",\"item\":\"https:\/\/templatetoaster.com\/pl\"},{\"@type\":\"ListItem\",\"position\":2,\"name\":\"Jak wys\u0142a\u0107 i zainstalowa\u0107 motywy TemplateToaster na Magento\"}]},{\"@type\":\"WebSite\",\"@id\":\"https:\/\/templatetoaster.com\/#website\",\"url\":\"https:\/\/templatetoaster.com\/\",\"name\":\"TemplateToaster\",\"description\":\"\",\"publisher\":{\"@id\":\"https:\/\/templatetoaster.com\/#organization\"},\"inLanguage\":\"pl-PL\"},{\"@type\":\"Organization\",\"@id\":\"https:\/\/templatetoaster.com\/#organization\",\"name\":\"TemplateToaster\",\"url\":\"https:\/\/templatetoaster.com\/\",\"logo\":{\"@type\":\"ImageObject\",\"inLanguage\":\"pl-PL\",\"@id\":\"https:\/\/templatetoaster.com\/#\/schema\/logo\/image\/\",\"url\":\"https:\/\/templatetoaster.com\/wp-content\/uploads\/2019\/11\/TemplateToaster_Logo.jpg\",\"contentUrl\":\"https:\/\/templatetoaster.com\/wp-content\/uploads\/2019\/11\/TemplateToaster_Logo.jpg\",\"width\":85,\"height\":85,\"caption\":\"TemplateToaster\"},\"image\":{\"@id\":\"https:\/\/templatetoaster.com\/#\/schema\/logo\/image\/\"},\"sameAs\":[\"https:\/\/www.facebook.com\/TemplateToaster\",\"https:\/\/x.com\/templatetoaster\",\"https:\/\/www.instagram.com\/templatetoaster\/\",\"https:\/\/www.linkedin.com\/company\/templatetoaster\/\",\"https:\/\/www.pinterest.com\/templatetoaster\/\",\"https:\/\/www.youtube.com\/@TemplateToaster\"]}]}<\/script>\n<!-- \/ Yoast SEO plugin. -->","yoast_head_json":{"title":"Jak wys\u0142a\u0107 i zainstalowa\u0107 motywy TemplateToaster na Magento - TemplateToaster","description":"Instrukcje jak wgra\u0107 i zainstalowa\u0107 szablon Magento stworzony w TemplateToaster na stron\u0119","robots":{"index":"index","follow":"follow","max-snippet":"max-snippet:-1","max-image-preview":"max-image-preview:large","max-video-preview":"max-video-preview:-1"},"canonical":"https:\/\/templatetoaster.com\/pl\/magento","og_locale":"pl_PL","og_type":"article","og_title":"Jak wys\u0142a\u0107 i zainstalowa\u0107 motywy TemplateToaster na Magento - TemplateToaster","og_description":"Instrukcje jak wgra\u0107 i zainstalowa\u0107 szablon Magento stworzony w TemplateToaster na stron\u0119","og_url":"https:\/\/templatetoaster.com\/pl\/magento","og_site_name":"TemplateToaster","article_publisher":"https:\/\/www.facebook.com\/TemplateToaster","article_modified_time":"2019-09-03T05:49:41+00:00","og_image":[{"url":"https:\/\/templatetoaster.com\/wp-content\/uploads\/2018\/02\/youtube.png"}],"twitter_card":"summary_large_image","twitter_site":"@templatetoaster","twitter_misc":{"Szacowany czas czytania":"4 minuty"},"schema":{"@context":"https:\/\/schema.org","@graph":[{"@type":"WebPage","@id":"https:\/\/templatetoaster.com\/pl\/magento","url":"https:\/\/templatetoaster.com\/pl\/magento","name":"Jak wys\u0142a\u0107 i zainstalowa\u0107 motywy TemplateToaster na Magento - TemplateToaster","isPartOf":{"@id":"https:\/\/templatetoaster.com\/#website"},"primaryImageOfPage":{"@id":"https:\/\/templatetoaster.com\/pl\/magento#primaryimage"},"image":{"@id":"https:\/\/templatetoaster.com\/pl\/magento#primaryimage"},"thumbnailUrl":"https:\/\/templatetoaster.com\/wp-content\/uploads\/2018\/02\/youtube.png","datePublished":"2018-04-13T11:54:16+00:00","dateModified":"2019-09-03T05:49:41+00:00","description":"Instrukcje jak wgra\u0107 i zainstalowa\u0107 szablon Magento stworzony w TemplateToaster na stron\u0119","breadcrumb":{"@id":"https:\/\/templatetoaster.com\/pl\/magento#breadcrumb"},"inLanguage":"pl-PL","potentialAction":[{"@type":"ReadAction","target":["https:\/\/templatetoaster.com\/pl\/magento"]}]},{"@type":"ImageObject","inLanguage":"pl-PL","@id":"https:\/\/templatetoaster.com\/pl\/magento#primaryimage","url":"https:\/\/templatetoaster.com\/wp-content\/uploads\/2018\/02\/youtube.png","contentUrl":"https:\/\/templatetoaster.com\/wp-content\/uploads\/2018\/02\/youtube.png"},{"@type":"BreadcrumbList","@id":"https:\/\/templatetoaster.com\/pl\/magento#breadcrumb","itemListElement":[{"@type":"ListItem","position":1,"name":"Home","item":"https:\/\/templatetoaster.com\/pl"},{"@type":"ListItem","position":2,"name":"Jak wys\u0142a\u0107 i zainstalowa\u0107 motywy TemplateToaster na Magento"}]},{"@type":"WebSite","@id":"https:\/\/templatetoaster.com\/#website","url":"https:\/\/templatetoaster.com\/","name":"TemplateToaster","description":"","publisher":{"@id":"https:\/\/templatetoaster.com\/#organization"},"inLanguage":"pl-PL"},{"@type":"Organization","@id":"https:\/\/templatetoaster.com\/#organization","name":"TemplateToaster","url":"https:\/\/templatetoaster.com\/","logo":{"@type":"ImageObject","inLanguage":"pl-PL","@id":"https:\/\/templatetoaster.com\/#\/schema\/logo\/image\/","url":"https:\/\/templatetoaster.com\/wp-content\/uploads\/2019\/11\/TemplateToaster_Logo.jpg","contentUrl":"https:\/\/templatetoaster.com\/wp-content\/uploads\/2019\/11\/TemplateToaster_Logo.jpg","width":85,"height":85,"caption":"TemplateToaster"},"image":{"@id":"https:\/\/templatetoaster.com\/#\/schema\/logo\/image\/"},"sameAs":["https:\/\/www.facebook.com\/TemplateToaster","https:\/\/x.com\/templatetoaster","https:\/\/www.instagram.com\/templatetoaster\/","https:\/\/www.linkedin.com\/company\/templatetoaster\/","https:\/\/www.pinterest.com\/templatetoaster\/","https:\/\/www.youtube.com\/@TemplateToaster"]}]}},"_links":{"self":[{"href":"https:\/\/templatetoaster.com\/pl\/wp-json\/wp\/v2\/pages\/4190"}],"collection":[{"href":"https:\/\/templatetoaster.com\/pl\/wp-json\/wp\/v2\/pages"}],"about":[{"href":"https:\/\/templatetoaster.com\/pl\/wp-json\/wp\/v2\/types\/page"}],"author":[{"embeddable":true,"href":"https:\/\/templatetoaster.com\/pl\/wp-json\/wp\/v2\/users\/1"}],"replies":[{"embeddable":true,"href":"https:\/\/templatetoaster.com\/pl\/wp-json\/wp\/v2\/comments?post=4190"}],"version-history":[{"count":4,"href":"https:\/\/templatetoaster.com\/pl\/wp-json\/wp\/v2\/pages\/4190\/revisions"}],"predecessor-version":[{"id":66667,"href":"https:\/\/templatetoaster.com\/pl\/wp-json\/wp\/v2\/pages\/4190\/revisions\/66667"}],"wp:attachment":[{"href":"https:\/\/templatetoaster.com\/pl\/wp-json\/wp\/v2\/media?parent=4190"}],"curies":[{"name":"wp","href":"https:\/\/api.w.org\/{rel}","templated":true}]}}