{"id":4176,"date":"2018-04-13T11:42:56","date_gmt":"2018-04-13T11:42:56","guid":{"rendered":"http:\/\/templatetoaster.com?page_id=4176"},"modified":"2018-12-05T18:37:08","modified_gmt":"2018-12-05T18:37:08","slug":"how-it-works","status":"publish","type":"page","link":"https:\/\/templatetoaster.com\/pl\/how-it-works","title":{"rendered":"Jak dzia\u0142a TemplateToaster"},"content":{"rendered":"<p>&nbsp;<\/p>\n<h1 class=\"heading_border\">Jak dzia\u0142a TemplateToaster<\/h1>\n<div class=\"border1-scr how-it-works\">\n<figure><img loading=\"lazy\" decoding=\"async\" class=\"aligncenter size-large wp-image-4973\" src=\"https:\/\/templatetoaster.com\/wp-content\/uploads\/2018\/04\/download-templatetoaster-1024x493.jpg\" alt=\"download templatetoaster software\" width=\"900\" height=\"433\" srcset=\"https:\/\/templatetoaster.com\/wp-content\/uploads\/2018\/04\/download-templatetoaster-1024x493.jpg 1024w, https:\/\/templatetoaster.com\/wp-content\/uploads\/2018\/04\/download-templatetoaster-1000x481.jpg 1000w, https:\/\/templatetoaster.com\/wp-content\/uploads\/2018\/04\/download-templatetoaster-300x144.jpg 300w, https:\/\/templatetoaster.com\/wp-content\/uploads\/2018\/04\/download-templatetoaster-768x369.jpg 768w, https:\/\/templatetoaster.com\/wp-content\/uploads\/2018\/04\/download-templatetoaster.jpg 1349w\" sizes=\"(max-width: 900px) 100vw, 900px\" \/><figcaption class=\"screenshot-caption\">1. Pobierz i zainstaluj TemplateToaster na swoim PC<\/figcaption><\/figure>\n<p>&nbsp;<\/p>\n<figure><img loading=\"lazy\" decoding=\"async\" class=\"aligncenter size-large wp-image-4975\" src=\"https:\/\/templatetoaster.com\/wp-content\/uploads\/2018\/04\/start-from-scratch_templatetoaster-1024x576.jpg\" alt=\"start from scratch or modify a pre designed template in templatetoaster\" width=\"900\" height=\"506\" srcset=\"https:\/\/templatetoaster.com\/wp-content\/uploads\/2018\/04\/start-from-scratch_templatetoaster-1024x576.jpg 1024w, https:\/\/templatetoaster.com\/wp-content\/uploads\/2018\/04\/start-from-scratch_templatetoaster-1000x562.jpg 1000w, https:\/\/templatetoaster.com\/wp-content\/uploads\/2018\/04\/start-from-scratch_templatetoaster-300x169.jpg 300w, https:\/\/templatetoaster.com\/wp-content\/uploads\/2018\/04\/start-from-scratch_templatetoaster-768x432.jpg 768w, https:\/\/templatetoaster.com\/wp-content\/uploads\/2018\/04\/start-from-scratch_templatetoaster.jpg 1366w\" sizes=\"(max-width: 900px) 100vw, 900px\" \/><figcaption class=\"screenshot-caption\">2. Rozpocznij projektowanie od modyfikacji dost\u0119pnych motyw\u00f3w lub zacznij od podstaw<\/figcaption><\/figure>\n<p>&nbsp;<\/p>\n<figure><img loading=\"lazy\" decoding=\"async\" class=\"aligncenter size-large wp-image-4976\" src=\"https:\/\/templatetoaster.com\/wp-content\/uploads\/2018\/04\/design_your_website_or_theme_or_template_in_templatetoaster-1024x576.jpg\" alt=\"design your website or theme or template in templatetoaster\" width=\"900\" height=\"506\" srcset=\"https:\/\/templatetoaster.com\/wp-content\/uploads\/2018\/04\/design_your_website_or_theme_or_template_in_templatetoaster-1024x576.jpg 1024w, https:\/\/templatetoaster.com\/wp-content\/uploads\/2018\/04\/design_your_website_or_theme_or_template_in_templatetoaster-1000x562.jpg 1000w, https:\/\/templatetoaster.com\/wp-content\/uploads\/2018\/04\/design_your_website_or_theme_or_template_in_templatetoaster-300x169.jpg 300w, https:\/\/templatetoaster.com\/wp-content\/uploads\/2018\/04\/design_your_website_or_theme_or_template_in_templatetoaster-768x432.jpg 768w, https:\/\/templatetoaster.com\/wp-content\/uploads\/2018\/04\/design_your_website_or_theme_or_template_in_templatetoaster.jpg 1366w\" sizes=\"(max-width: 900px) 100vw, 900px\" \/><figcaption class=\"screenshot-caption\">3. Zmodyfikuj lub projektuj sw\u00f3j motyw lub stron\u0119<\/figcaption><\/figure>\n<p>&nbsp;<\/p>\n<figure><img loading=\"lazy\" decoding=\"async\" class=\"aligncenter size-large wp-image-4974\" src=\"https:\/\/templatetoaster.com\/wp-content\/uploads\/2018\/04\/export_template_and_upload_templatetoaster-1024x576.jpg\" alt=\"export template from templatetoaster and upload\" width=\"900\" height=\"506\" srcset=\"https:\/\/templatetoaster.com\/wp-content\/uploads\/2018\/04\/export_template_and_upload_templatetoaster-1024x576.jpg 1024w, https:\/\/templatetoaster.com\/wp-content\/uploads\/2018\/04\/export_template_and_upload_templatetoaster-1000x562.jpg 1000w, https:\/\/templatetoaster.com\/wp-content\/uploads\/2018\/04\/export_template_and_upload_templatetoaster-300x169.jpg 300w, https:\/\/templatetoaster.com\/wp-content\/uploads\/2018\/04\/export_template_and_upload_templatetoaster-768x432.jpg 768w, https:\/\/templatetoaster.com\/wp-content\/uploads\/2018\/04\/export_template_and_upload_templatetoaster.jpg 1366w\" sizes=\"(max-width: 900px) 100vw, 900px\" \/><figcaption class=\"screenshot-caption\">4. Wyeksportuj\/Zainstaluj<\/figcaption><\/figure>\n<\/div>\n<p>&nbsp;<\/p>\n<p style=\"text-align: center;clear: both\"><a class=\"btn download_button btn-feature\" href=\"https:\/\/templatetoaster.com\/download\">Pobierz teraz<\/a><\/p>\n","protected":false},"excerpt":{"rendered":"<p>&nbsp; Jak dzia\u0142a TemplateToaster 1. Pobierz i zainstaluj TemplateToaster na swoim PC &nbsp; 2. Rozpocznij projektowanie od modyfikacji dost\u0119pnych motyw\u00f3w lub zacznij od podstaw &nbsp; 3. Zmodyfikuj lub projektuj sw\u00f3j motyw lub stron\u0119 &nbsp; 4. Wyeksportuj\/Zainstaluj &nbsp; Pobierz teraz<\/p>\n","protected":false},"author":1,"featured_media":0,"parent":0,"menu_order":0,"comment_status":"closed","ping_status":"closed","template":"PageTemplate1.php","meta":{"footnotes":""},"yoast_head":"<!-- This site is optimized with the Yoast SEO plugin v23.5 - https:\/\/yoast.com\/wordpress\/plugins\/seo\/ -->\n<title>Jak dzia\u0142a TemplateToaster - TemplateToaster<\/title>\n<meta name=\"description\" content=\"Proste kroki w projektowaniu Twojego motywu lub strony w TemplateToaster\" \/>\n<meta name=\"robots\" content=\"index, follow, max-snippet:-1, max-image-preview:large, max-video-preview:-1\" \/>\n<link rel=\"canonical\" href=\"https:\/\/templatetoaster.com\/pl\/how-it-works\" \/>\n<meta property=\"og:locale\" content=\"pl_PL\" \/>\n<meta property=\"og:type\" content=\"article\" \/>\n<meta property=\"og:title\" content=\"Jak dzia\u0142a TemplateToaster - TemplateToaster\" \/>\n<meta property=\"og:description\" content=\"Proste kroki w projektowaniu Twojego motywu lub strony w TemplateToaster\" \/>\n<meta property=\"og:url\" content=\"https:\/\/templatetoaster.com\/pl\/how-it-works\" \/>\n<meta property=\"og:site_name\" content=\"TemplateToaster\" \/>\n<meta property=\"article:publisher\" content=\"https:\/\/www.facebook.com\/TemplateToaster\" \/>\n<meta property=\"article:modified_time\" content=\"2018-12-05T18:37:08+00:00\" \/>\n<meta property=\"og:image\" content=\"https:\/\/templatetoaster.com\/wp-content\/uploads\/2018\/04\/download-templatetoaster-1024x493.jpg\" \/>\n<meta name=\"twitter:card\" content=\"summary_large_image\" \/>\n<meta name=\"twitter:site\" content=\"@templatetoaster\" \/>\n<script type=\"application\/ld+json\" class=\"yoast-schema-graph\">{\"@context\":\"https:\/\/schema.org\",\"@graph\":[{\"@type\":\"WebPage\",\"@id\":\"https:\/\/templatetoaster.com\/pl\/how-it-works\",\"url\":\"https:\/\/templatetoaster.com\/pl\/how-it-works\",\"name\":\"Jak dzia\u0142a TemplateToaster - TemplateToaster\",\"isPartOf\":{\"@id\":\"https:\/\/templatetoaster.com\/#website\"},\"primaryImageOfPage\":{\"@id\":\"https:\/\/templatetoaster.com\/pl\/how-it-works#primaryimage\"},\"image\":{\"@id\":\"https:\/\/templatetoaster.com\/pl\/how-it-works#primaryimage\"},\"thumbnailUrl\":\"https:\/\/templatetoaster.com\/wp-content\/uploads\/2018\/04\/download-templatetoaster-1024x493.jpg\",\"datePublished\":\"2018-04-13T11:42:56+00:00\",\"dateModified\":\"2018-12-05T18:37:08+00:00\",\"description\":\"Proste kroki w projektowaniu Twojego motywu lub strony w TemplateToaster\",\"breadcrumb\":{\"@id\":\"https:\/\/templatetoaster.com\/pl\/how-it-works#breadcrumb\"},\"inLanguage\":\"pl-PL\",\"potentialAction\":[{\"@type\":\"ReadAction\",\"target\":[\"https:\/\/templatetoaster.com\/pl\/how-it-works\"]}]},{\"@type\":\"ImageObject\",\"inLanguage\":\"pl-PL\",\"@id\":\"https:\/\/templatetoaster.com\/pl\/how-it-works#primaryimage\",\"url\":\"https:\/\/templatetoaster.com\/wp-content\/uploads\/2018\/04\/download-templatetoaster-1024x493.jpg\",\"contentUrl\":\"https:\/\/templatetoaster.com\/wp-content\/uploads\/2018\/04\/download-templatetoaster-1024x493.jpg\"},{\"@type\":\"BreadcrumbList\",\"@id\":\"https:\/\/templatetoaster.com\/pl\/how-it-works#breadcrumb\",\"itemListElement\":[{\"@type\":\"ListItem\",\"position\":1,\"name\":\"Home\",\"item\":\"https:\/\/templatetoaster.com\/pl\"},{\"@type\":\"ListItem\",\"position\":2,\"name\":\"Jak dzia\u0142a TemplateToaster\"}]},{\"@type\":\"WebSite\",\"@id\":\"https:\/\/templatetoaster.com\/#website\",\"url\":\"https:\/\/templatetoaster.com\/\",\"name\":\"TemplateToaster\",\"description\":\"\",\"publisher\":{\"@id\":\"https:\/\/templatetoaster.com\/#organization\"},\"inLanguage\":\"pl-PL\"},{\"@type\":\"Organization\",\"@id\":\"https:\/\/templatetoaster.com\/#organization\",\"name\":\"TemplateToaster\",\"url\":\"https:\/\/templatetoaster.com\/\",\"logo\":{\"@type\":\"ImageObject\",\"inLanguage\":\"pl-PL\",\"@id\":\"https:\/\/templatetoaster.com\/#\/schema\/logo\/image\/\",\"url\":\"https:\/\/templatetoaster.com\/wp-content\/uploads\/2019\/11\/TemplateToaster_Logo.jpg\",\"contentUrl\":\"https:\/\/templatetoaster.com\/wp-content\/uploads\/2019\/11\/TemplateToaster_Logo.jpg\",\"width\":85,\"height\":85,\"caption\":\"TemplateToaster\"},\"image\":{\"@id\":\"https:\/\/templatetoaster.com\/#\/schema\/logo\/image\/\"},\"sameAs\":[\"https:\/\/www.facebook.com\/TemplateToaster\",\"https:\/\/x.com\/templatetoaster\",\"https:\/\/www.instagram.com\/templatetoaster\/\",\"https:\/\/www.linkedin.com\/company\/templatetoaster\/\",\"https:\/\/www.pinterest.com\/templatetoaster\/\",\"https:\/\/www.youtube.com\/@TemplateToaster\"]}]}<\/script>\n<!-- \/ Yoast SEO plugin. -->","yoast_head_json":{"title":"Jak dzia\u0142a TemplateToaster - TemplateToaster","description":"Proste kroki w projektowaniu Twojego motywu lub strony w TemplateToaster","robots":{"index":"index","follow":"follow","max-snippet":"max-snippet:-1","max-image-preview":"max-image-preview:large","max-video-preview":"max-video-preview:-1"},"canonical":"https:\/\/templatetoaster.com\/pl\/how-it-works","og_locale":"pl_PL","og_type":"article","og_title":"Jak dzia\u0142a TemplateToaster - TemplateToaster","og_description":"Proste kroki w projektowaniu Twojego motywu lub strony w TemplateToaster","og_url":"https:\/\/templatetoaster.com\/pl\/how-it-works","og_site_name":"TemplateToaster","article_publisher":"https:\/\/www.facebook.com\/TemplateToaster","article_modified_time":"2018-12-05T18:37:08+00:00","og_image":[{"url":"https:\/\/templatetoaster.com\/wp-content\/uploads\/2018\/04\/download-templatetoaster-1024x493.jpg"}],"twitter_card":"summary_large_image","twitter_site":"@templatetoaster","schema":{"@context":"https:\/\/schema.org","@graph":[{"@type":"WebPage","@id":"https:\/\/templatetoaster.com\/pl\/how-it-works","url":"https:\/\/templatetoaster.com\/pl\/how-it-works","name":"Jak dzia\u0142a TemplateToaster - TemplateToaster","isPartOf":{"@id":"https:\/\/templatetoaster.com\/#website"},"primaryImageOfPage":{"@id":"https:\/\/templatetoaster.com\/pl\/how-it-works#primaryimage"},"image":{"@id":"https:\/\/templatetoaster.com\/pl\/how-it-works#primaryimage"},"thumbnailUrl":"https:\/\/templatetoaster.com\/wp-content\/uploads\/2018\/04\/download-templatetoaster-1024x493.jpg","datePublished":"2018-04-13T11:42:56+00:00","dateModified":"2018-12-05T18:37:08+00:00","description":"Proste kroki w projektowaniu Twojego motywu lub strony w TemplateToaster","breadcrumb":{"@id":"https:\/\/templatetoaster.com\/pl\/how-it-works#breadcrumb"},"inLanguage":"pl-PL","potentialAction":[{"@type":"ReadAction","target":["https:\/\/templatetoaster.com\/pl\/how-it-works"]}]},{"@type":"ImageObject","inLanguage":"pl-PL","@id":"https:\/\/templatetoaster.com\/pl\/how-it-works#primaryimage","url":"https:\/\/templatetoaster.com\/wp-content\/uploads\/2018\/04\/download-templatetoaster-1024x493.jpg","contentUrl":"https:\/\/templatetoaster.com\/wp-content\/uploads\/2018\/04\/download-templatetoaster-1024x493.jpg"},{"@type":"BreadcrumbList","@id":"https:\/\/templatetoaster.com\/pl\/how-it-works#breadcrumb","itemListElement":[{"@type":"ListItem","position":1,"name":"Home","item":"https:\/\/templatetoaster.com\/pl"},{"@type":"ListItem","position":2,"name":"Jak dzia\u0142a TemplateToaster"}]},{"@type":"WebSite","@id":"https:\/\/templatetoaster.com\/#website","url":"https:\/\/templatetoaster.com\/","name":"TemplateToaster","description":"","publisher":{"@id":"https:\/\/templatetoaster.com\/#organization"},"inLanguage":"pl-PL"},{"@type":"Organization","@id":"https:\/\/templatetoaster.com\/#organization","name":"TemplateToaster","url":"https:\/\/templatetoaster.com\/","logo":{"@type":"ImageObject","inLanguage":"pl-PL","@id":"https:\/\/templatetoaster.com\/#\/schema\/logo\/image\/","url":"https:\/\/templatetoaster.com\/wp-content\/uploads\/2019\/11\/TemplateToaster_Logo.jpg","contentUrl":"https:\/\/templatetoaster.com\/wp-content\/uploads\/2019\/11\/TemplateToaster_Logo.jpg","width":85,"height":85,"caption":"TemplateToaster"},"image":{"@id":"https:\/\/templatetoaster.com\/#\/schema\/logo\/image\/"},"sameAs":["https:\/\/www.facebook.com\/TemplateToaster","https:\/\/x.com\/templatetoaster","https:\/\/www.instagram.com\/templatetoaster\/","https:\/\/www.linkedin.com\/company\/templatetoaster\/","https:\/\/www.pinterest.com\/templatetoaster\/","https:\/\/www.youtube.com\/@TemplateToaster"]}]}},"_links":{"self":[{"href":"https:\/\/templatetoaster.com\/pl\/wp-json\/wp\/v2\/pages\/4176"}],"collection":[{"href":"https:\/\/templatetoaster.com\/pl\/wp-json\/wp\/v2\/pages"}],"about":[{"href":"https:\/\/templatetoaster.com\/pl\/wp-json\/wp\/v2\/types\/page"}],"author":[{"embeddable":true,"href":"https:\/\/templatetoaster.com\/pl\/wp-json\/wp\/v2\/users\/1"}],"replies":[{"embeddable":true,"href":"https:\/\/templatetoaster.com\/pl\/wp-json\/wp\/v2\/comments?post=4176"}],"version-history":[{"count":2,"href":"https:\/\/templatetoaster.com\/pl\/wp-json\/wp\/v2\/pages\/4176\/revisions"}],"predecessor-version":[{"id":6479,"href":"https:\/\/templatetoaster.com\/pl\/wp-json\/wp\/v2\/pages\/4176\/revisions\/6479"}],"wp:attachment":[{"href":"https:\/\/templatetoaster.com\/pl\/wp-json\/wp\/v2\/media?parent=4176"}],"curies":[{"name":"wp","href":"https:\/\/api.w.org\/{rel}","templated":true}]}}