{"id":4164,"date":"2018-04-13T11:23:58","date_gmt":"2018-04-13T11:23:58","guid":{"rendered":"http:\/\/templatetoaster.com?page_id=4164"},"modified":"2019-08-27T10:42:59","modified_gmt":"2019-08-27T10:42:59","slug":"bootstrap","status":"publish","type":"page","link":"https:\/\/templatetoaster.com\/pl\/bootstrap","title":{"rendered":"Kreator Boostrap"},"content":{"rendered":"<div class=\"section1 wp-theme-generator\">\n<div style=\"margin: 115px 0 16px;\">\n<div class=\"section1-inner\">\n<h1>Kreator Boostrap<\/h1>\n<p>TempalateToaster bazuje na frameworku Boostrapa. Dzia\u0142a jak perfekcyjny Kreator Stron oparty o Bootstrapa, aby dostarczy\u0107 niesamowite, reponsywne witryny.<\/p>\n<\/div>\n<div style=\"text-align: center;\"><a class=\"btn download_btn\" href=\"https:\/\/templatetoaster.com\/download\">Pobierz teraz<\/a><\/div>\n<div class=\"clearfix\"><\/div>\n<\/div>\n<\/div>\n<p><!--- What is TemplateToaster Section --><\/p>\n<div class=\"section2 wp-theme-generator\">\n<div class=\"section2-inner-bs\">\n<h2>Dlaczego u\u017cywa\u0107 tego kreatora Bootstrapa?<\/h2>\n<p>Wspiera w pe\u0142ni Boostrapowy system siatki w celu stworzenia zadowalaj\u0105cego efektu. Co wi\u0119cej, ten desktopowy program jest w szczeg\u00f3lno\u015bci nastawiony na najlepsze do\u015bwiadczenia u\u017cytkownika ko\u0144cowego. Ten Edytor Bootstrapa pozwoli ka\u017cdemu amatorowi sta\u0107 si\u0119 profesjonalist\u0105. Umo\u017cliwi Ci stworzenie wymarzonej strony od podstaw bez najmniejszego problemu. Od dzisiaj, jedyne czego potrzebujesz to wizja Twojej stronie, aby powo\u0142a\u0107 j\u0105 do \u017cycia!<\/p>\n<\/div>\n<div class=\"row section2-bs\">\n<div class=\"col-lg-4 col-md-4 col-sm-6 col-xs-12\">\n<div style=\"padding: 20px;\">\n<div class=\"text-center\">\n<div class=\"wp_feature landing_page_svg code-standardization\"><\/div>\n<\/div>\n<h3 style=\"margin: 20px 0px 10px; text-align: center;\">Standaryzacja kodu<\/h3>\n<p>Bootstrap jest wyj\u0105tkowo znany ze swojego ustandaryzowanego, czystego kodu. TemplateToaster bazuje na nim, dzi\u0119ki czemu tworzy powalaj\u0105ce motywy.<\/p>\n<\/div>\n<\/div>\n<div class=\"clearfix visible-xs-block\"><\/div>\n<div class=\"col-lg-4 col-md-4 col-sm-6 col-xs-12\">\n<div style=\"padding: 20px;\">\n<div class=\"text-center\">\n<div class=\"wp_feature landing_page_svg theme-check-plugin-pass\"><\/div>\n<\/div>\n<h3 style=\"margin: 20px 0 10px; text-align: center;\">Przyjazny interfejs<\/h3>\n<p>W dzisiejszych czasach prawie ka\u017cdy projektant stron internetowych jest zaznajomiony z Boostrapem. Od dzisiaj stosowanie Boostrapa to bu\u0142ka z mas\u0142em.<\/p>\n<\/div>\n<\/div>\n<div class=\"clearfix visible-sm-block visible-xs-block\"><\/div>\n<div class=\"col-lg-4 col-md-4 col-sm-6 col-xs-12\">\n<div style=\"padding: 20px;\">\n<div class=\"text-center\">\n<div class=\"wp_feature landing_page_svg responsive-web-design\"><\/div>\n<\/div>\n<h3 style=\"margin: 20px 0 10px; text-align: center;\">Skalowalno\u015b\u0107<\/h3>\n<p>Skalowalno\u015b\u0107 Boostrapa zosta\u0142a r\u00f3wnie\u017c zawarta w TemplateToaster po to, aby uczyni\u0107 Twoj\u0105 stron\u0119 internetow\u0105 przyjazn\u0105 dla ka\u017cdego urz\u0105dzenia.<\/p>\n<\/div>\n<\/div>\n<div class=\"clearfix visible-lg-block visible-md-block visible-xs-block\"><\/div>\n<\/div>\n<p>Jeste\u015bmy przygotowani by wprowadzi\u0107 kompatybilno\u015b\u0107 z Bootrapem 4 tak szybko jak zostanie wydany<\/p>\n<\/div>\n<p><!--- section 3 starts --><\/p>\n<div class=\"section3 wp-theme-generator\">\n<div class=\"section3-inner\">\n<h2>Jak ten Kreator Boostrapa dzia\u0142a?<\/h2>\n<div class=\"row\">\n<div class=\"col-lg-4 col-md-4 col-sm-6 col-xs-12\">\n<div class=\"media\">\n<div class=\"landing_page_svg download\"><\/div>\n<h3 class=\"text-center\">Pobierz Generator Boostrapa<\/h3>\n<p>Oferujemy Ci nielimitowany okres pr\u00f3bny. Pobierz, Zainstaluj i Zacznij Korzysta\u0107 z niego.<\/p>\n<\/div>\n<\/div>\n<div class=\"clearfix visible-xs-block\"><\/div>\n<div class=\"col-lg-4 col-md-4 col-sm-6 col-xs-12\">\n<div class=\"media\">\n<div class=\"landing_page_svg build-wp-theme\"><\/div>\n<h3 class=\"text-center\">Projektuj Motywy \/ Style \/ Strony WWW<\/h3>\n<p>Projektowanie skrojone do Twoich potrzeb: mo\u017cesz zacz\u0105\u0107 od podstaw lub dostosowa\u0107 dowolny przyk\u0142adowy szablon dost\u0119pny dla Ciebie.<\/p>\n<\/div>\n<\/div>\n<div class=\"clearfix visible-sm-block visible-xs-block\"><\/div>\n<div class=\"col-lg-4 col-md-4 col-sm-6 col-xs-12\">\n<div class=\"media\">\n<div class=\"landing_page_svg export-upload\"><\/div>\n<h3 class=\"text-center\">Wyeksportuj i Wgraj<\/h3>\n<p>Kiedy Tw\u00f3j motyw jest gotowy, wyeksportuj pliki i wgraj je na Tw\u00f3j serwer hostingowy.<\/p>\n<\/div>\n<\/div>\n<div class=\"clearfix visible-lg-block visible-md-block visible-sm-block visible-xs-block\"><\/div>\n<\/div>\n<\/div>\n<\/div>\n<div class=\"video-section wp-theme-generator\">\n<div class=\"container\">\n<h2 style=\"text-transform: none;\">Demo Bootstrap Builder<\/h2>\n<div class=\"youtube-video-place embed-responsive embed-responsive-4by3 \" data-yt-url=\"https:\/\/www.youtube.com\/embed\/PRbnZjCqasE?rel=0&amp;showinfo=0&amp;autoplay=1\">\n<p><img loading=\"lazy\" decoding=\"async\" class=\"alignnone size-full wp-image-66213\" src=\"https:\/\/templatetoaster.com\/wp-content\/uploads\/2019\/08\/Demo-Bootstrap-Builder.jpg\" alt=\"Demo Bootstrap Builder\" width=\"1366\" height=\"728\" srcset=\"https:\/\/templatetoaster.com\/wp-content\/uploads\/2019\/08\/Demo-Bootstrap-Builder.jpg 1366w, https:\/\/templatetoaster.com\/wp-content\/uploads\/2019\/08\/Demo-Bootstrap-Builder-1000x533.jpg 1000w, https:\/\/templatetoaster.com\/wp-content\/uploads\/2019\/08\/Demo-Bootstrap-Builder-300x160.jpg 300w, https:\/\/templatetoaster.com\/wp-content\/uploads\/2019\/08\/Demo-Bootstrap-Builder-768x409.jpg 768w, https:\/\/templatetoaster.com\/wp-content\/uploads\/2019\/08\/Demo-Bootstrap-Builder-1024x546.jpg 1024w\" sizes=\"(max-width: 1366px) 100vw, 1366px\" \/><\/p>\n<div class=\"play-youtube-video\">\n<div class=\"theme_icon cms_bg\"><\/div>\n<\/div>\n<\/div>\n<\/div>\n<\/div>\n<p><!--- section 6 starts --><\/p>\n<div class=\"section6 wp-theme-generator\" style=\"padding: 50px 10px; background-color: #f1f4f8;\">\n<div style=\"margin: 70px 0px 20px;\">\n<h2>Ten Kreator Boostrapa dzia\u0142a ze wszystkimi CMSami<\/h2>\n<div class=\"section-center\" style=\"padding-bottom: 50px;\">\n<div class=\"main-cms-section\">\n<div class=\"cms-section\">\n<div class=\"text-center\">\n<div class=\"wp_feature landing_page_svg wordpress\"><\/div>\n<\/div>\n<\/div>\n<div class=\"cms-section\">\n<div class=\"text-center\">\n<div class=\"wp_feature landing_page_svg woocommerce\"><\/div>\n<\/div>\n<\/div>\n<\/div>\n<div class=\"other-cms-section\">\n<div class=\"cms-section\">\n<div class=\"text-center\">\n<div class=\"wp_feature landing_page_svg joomla\"><\/div>\n<\/div>\n<\/div>\n<div class=\"cms-section\">\n<div class=\"text-center\">\n<div class=\"wp_feature landing_page_svg drupal\"><\/div>\n<\/div>\n<\/div>\n<div class=\"cms-section\">\n<div class=\"text-center\">\n<div class=\"wp_feature landing_page_svg blogger\"><\/div>\n<\/div>\n<\/div>\n<div class=\"cms-section\">\n<div class=\"text-center\">\n<div class=\"wp_feature landing_page_svg magento\"><\/div>\n<\/div>\n<\/div>\n<div class=\"cms-section\">\n<div class=\"text-center\">\n<div class=\"wp_feature landing_page_svg prestashop\"><\/div>\n<\/div>\n<\/div>\n<div class=\"cms-section\">\n<div class=\"text-center\">\n<div class=\"wp_feature landing_page_svg opencart\"><\/div>\n<\/div>\n<\/div>\n<div class=\"cms-section\">\n<div class=\"text-center\">\n<div class=\"wp_feature landing_page_svg virtuemart\"><\/div>\n<\/div>\n<\/div>\n<div class=\"cms-section\">\n<div class=\"text-center\">\n<div class=\"wp_feature landing_page_svg html\"><\/div>\n<\/div>\n<\/div>\n<\/div>\n<div class=\"section6-bs os-content\">\n<p>Ten Kreator Boostrapa pozwala na projektowanie dopasowanych motyw\u00f3w i styli do ka\u017cdego popularnego CMSa w\u0142\u0105czaj\u0105c w to WordPressa. Zaprojektuj motyw Boostrapowy dla WordPressa, bezb\u0142\u0119dnie, bez zamartwiania si\u0119 o spos\u00f3b dzia\u0142ania Boostrapa i konfiguracj\u0119 skalowalno\u015bci strony.<\/p>\n<p>Opr\u00f3cz tego, ten kreator pozwala na p\u0142ynne stworzenie motyw\u00f3w opartych o Boostrapa do popularnych CMS\u00f3w Joomla i Drupal. Podobnie, ten Kreator\u00a0 Motywu Boostrapa, pozwoli Ci na stworzenie stylu do sklep\u00f3w internetowych opartych o Magento, Prestashop, Virtuemart i Opencart. Co wi\u0119cej, zachowuje kompatybilno\u015b\u0107 ze zwyk\u0142ym HTMLem i platform\u0105 Blogger.<\/p>\n<p>TemplateToaster wsp\u00f3\u0142pracuje precyzyjnie z frameworkiem Boostrapa. Celuje w osi\u0105gni\u0119cie idealnej pracy u\u017cytkownika na ka\u017cdym urz\u0105dzeniu, co czyni go idealnym Kreatorem Stron opartym o Boostrapa. Stw\u00f3rz swoj\u0105 wymarzon\u0105 stron\u0119 z tym kreatorem w ka\u017cdej chwili.<\/p>\n<\/div>\n<\/div>\n<\/div>\n<\/div>\n","protected":false},"excerpt":{"rendered":"<p>Kreator Boostrap TempalateToaster bazuje na frameworku Boostrapa. Dzia\u0142a jak perfekcyjny Kreator Stron oparty o Bootstrapa, aby dostarczy\u0107 niesamowite, reponsywne witryny. Pobierz teraz Dlaczego u\u017cywa\u0107 tego kreatora Bootstrapa? Wspiera w pe\u0142ni Boostrapowy system siatki w celu stworzenia zadowalaj\u0105cego efektu. Co wi\u0119cej, &hellip; <a href=\"https:\/\/templatetoaster.com\/pl\/bootstrap\">Continue Reading<span class=\"meta-nav\">&rarr;<\/span><\/a><\/p>\n","protected":false},"author":1,"featured_media":0,"parent":0,"menu_order":0,"comment_status":"closed","ping_status":"closed","template":"","meta":{"footnotes":""},"yoast_head":"<!-- This site is optimized with the Yoast SEO plugin v23.5 - https:\/\/yoast.com\/wordpress\/plugins\/seo\/ -->\n<title>Kreator Boostrap - TemplateToaster<\/title>\n<meta name=\"description\" content=\"Kreator Boostrap pozwoli Ci zaprojektowa\u0107 strony WWW, motywy i style. Ten generator Bootstrap&#039;a pozwala na edycj\u0119 frameworku Bootstrapa. Edytor Bootstrapa\" \/>\n<meta name=\"robots\" content=\"index, follow, max-snippet:-1, max-image-preview:large, max-video-preview:-1\" \/>\n<link rel=\"canonical\" href=\"https:\/\/templatetoaster.com\/pl\/bootstrap\" \/>\n<meta property=\"og:locale\" content=\"pl_PL\" \/>\n<meta property=\"og:type\" content=\"article\" \/>\n<meta property=\"og:title\" content=\"Kreator Boostrap - TemplateToaster\" \/>\n<meta property=\"og:description\" content=\"Kreator Boostrap pozwoli Ci zaprojektowa\u0107 strony WWW, motywy i style. Ten generator Bootstrap&#039;a pozwala na edycj\u0119 frameworku Bootstrapa. Edytor Bootstrapa\" \/>\n<meta property=\"og:url\" content=\"https:\/\/templatetoaster.com\/pl\/bootstrap\" \/>\n<meta property=\"og:site_name\" content=\"TemplateToaster\" \/>\n<meta property=\"article:publisher\" content=\"https:\/\/www.facebook.com\/TemplateToaster\" \/>\n<meta property=\"article:modified_time\" content=\"2019-08-27T10:42:59+00:00\" \/>\n<meta property=\"og:image\" content=\"https:\/\/templatetoaster.com\/wp-content\/uploads\/2019\/08\/Demo-Bootstrap-Builder.jpg\" \/>\n<meta name=\"twitter:card\" content=\"summary_large_image\" \/>\n<meta name=\"twitter:site\" content=\"@templatetoaster\" \/>\n<meta name=\"twitter:label1\" content=\"Szacowany czas czytania\" \/>\n\t<meta name=\"twitter:data1\" content=\"2 minuty\" \/>\n<script type=\"application\/ld+json\" class=\"yoast-schema-graph\">{\"@context\":\"https:\/\/schema.org\",\"@graph\":[{\"@type\":\"WebPage\",\"@id\":\"https:\/\/templatetoaster.com\/pl\/bootstrap\",\"url\":\"https:\/\/templatetoaster.com\/pl\/bootstrap\",\"name\":\"Kreator Boostrap - TemplateToaster\",\"isPartOf\":{\"@id\":\"https:\/\/templatetoaster.com\/#website\"},\"primaryImageOfPage\":{\"@id\":\"https:\/\/templatetoaster.com\/pl\/bootstrap#primaryimage\"},\"image\":{\"@id\":\"https:\/\/templatetoaster.com\/pl\/bootstrap#primaryimage\"},\"thumbnailUrl\":\"https:\/\/templatetoaster.com\/wp-content\/uploads\/2019\/08\/Demo-Bootstrap-Builder.jpg\",\"datePublished\":\"2018-04-13T11:23:58+00:00\",\"dateModified\":\"2019-08-27T10:42:59+00:00\",\"description\":\"Kreator Boostrap pozwoli Ci zaprojektowa\u0107 strony WWW, motywy i style. Ten generator Bootstrap'a pozwala na edycj\u0119 frameworku Bootstrapa. Edytor Bootstrapa\",\"breadcrumb\":{\"@id\":\"https:\/\/templatetoaster.com\/pl\/bootstrap#breadcrumb\"},\"inLanguage\":\"pl-PL\",\"potentialAction\":[{\"@type\":\"ReadAction\",\"target\":[\"https:\/\/templatetoaster.com\/pl\/bootstrap\"]}]},{\"@type\":\"ImageObject\",\"inLanguage\":\"pl-PL\",\"@id\":\"https:\/\/templatetoaster.com\/pl\/bootstrap#primaryimage\",\"url\":\"https:\/\/templatetoaster.com\/wp-content\/uploads\/2019\/08\/Demo-Bootstrap-Builder.jpg\",\"contentUrl\":\"https:\/\/templatetoaster.com\/wp-content\/uploads\/2019\/08\/Demo-Bootstrap-Builder.jpg\"},{\"@type\":\"BreadcrumbList\",\"@id\":\"https:\/\/templatetoaster.com\/pl\/bootstrap#breadcrumb\",\"itemListElement\":[{\"@type\":\"ListItem\",\"position\":1,\"name\":\"Home\",\"item\":\"https:\/\/templatetoaster.com\/pl\"},{\"@type\":\"ListItem\",\"position\":2,\"name\":\"Kreator Boostrap\"}]},{\"@type\":\"WebSite\",\"@id\":\"https:\/\/templatetoaster.com\/#website\",\"url\":\"https:\/\/templatetoaster.com\/\",\"name\":\"TemplateToaster\",\"description\":\"\",\"publisher\":{\"@id\":\"https:\/\/templatetoaster.com\/#organization\"},\"inLanguage\":\"pl-PL\"},{\"@type\":\"Organization\",\"@id\":\"https:\/\/templatetoaster.com\/#organization\",\"name\":\"TemplateToaster\",\"url\":\"https:\/\/templatetoaster.com\/\",\"logo\":{\"@type\":\"ImageObject\",\"inLanguage\":\"pl-PL\",\"@id\":\"https:\/\/templatetoaster.com\/#\/schema\/logo\/image\/\",\"url\":\"https:\/\/templatetoaster.com\/wp-content\/uploads\/2019\/11\/TemplateToaster_Logo.jpg\",\"contentUrl\":\"https:\/\/templatetoaster.com\/wp-content\/uploads\/2019\/11\/TemplateToaster_Logo.jpg\",\"width\":85,\"height\":85,\"caption\":\"TemplateToaster\"},\"image\":{\"@id\":\"https:\/\/templatetoaster.com\/#\/schema\/logo\/image\/\"},\"sameAs\":[\"https:\/\/www.facebook.com\/TemplateToaster\",\"https:\/\/x.com\/templatetoaster\",\"https:\/\/www.instagram.com\/templatetoaster\/\",\"https:\/\/www.linkedin.com\/company\/templatetoaster\/\",\"https:\/\/www.pinterest.com\/templatetoaster\/\",\"https:\/\/www.youtube.com\/@TemplateToaster\"]}]}<\/script>\n<!-- \/ Yoast SEO plugin. -->","yoast_head_json":{"title":"Kreator Boostrap - TemplateToaster","description":"Kreator Boostrap pozwoli Ci zaprojektowa\u0107 strony WWW, motywy i style. Ten generator Bootstrap'a pozwala na edycj\u0119 frameworku Bootstrapa. Edytor Bootstrapa","robots":{"index":"index","follow":"follow","max-snippet":"max-snippet:-1","max-image-preview":"max-image-preview:large","max-video-preview":"max-video-preview:-1"},"canonical":"https:\/\/templatetoaster.com\/pl\/bootstrap","og_locale":"pl_PL","og_type":"article","og_title":"Kreator Boostrap - TemplateToaster","og_description":"Kreator Boostrap pozwoli Ci zaprojektowa\u0107 strony WWW, motywy i style. Ten generator Bootstrap'a pozwala na edycj\u0119 frameworku Bootstrapa. Edytor Bootstrapa","og_url":"https:\/\/templatetoaster.com\/pl\/bootstrap","og_site_name":"TemplateToaster","article_publisher":"https:\/\/www.facebook.com\/TemplateToaster","article_modified_time":"2019-08-27T10:42:59+00:00","og_image":[{"url":"https:\/\/templatetoaster.com\/wp-content\/uploads\/2019\/08\/Demo-Bootstrap-Builder.jpg"}],"twitter_card":"summary_large_image","twitter_site":"@templatetoaster","twitter_misc":{"Szacowany czas czytania":"2 minuty"},"schema":{"@context":"https:\/\/schema.org","@graph":[{"@type":"WebPage","@id":"https:\/\/templatetoaster.com\/pl\/bootstrap","url":"https:\/\/templatetoaster.com\/pl\/bootstrap","name":"Kreator Boostrap - TemplateToaster","isPartOf":{"@id":"https:\/\/templatetoaster.com\/#website"},"primaryImageOfPage":{"@id":"https:\/\/templatetoaster.com\/pl\/bootstrap#primaryimage"},"image":{"@id":"https:\/\/templatetoaster.com\/pl\/bootstrap#primaryimage"},"thumbnailUrl":"https:\/\/templatetoaster.com\/wp-content\/uploads\/2019\/08\/Demo-Bootstrap-Builder.jpg","datePublished":"2018-04-13T11:23:58+00:00","dateModified":"2019-08-27T10:42:59+00:00","description":"Kreator Boostrap pozwoli Ci zaprojektowa\u0107 strony WWW, motywy i style. Ten generator Bootstrap'a pozwala na edycj\u0119 frameworku Bootstrapa. Edytor Bootstrapa","breadcrumb":{"@id":"https:\/\/templatetoaster.com\/pl\/bootstrap#breadcrumb"},"inLanguage":"pl-PL","potentialAction":[{"@type":"ReadAction","target":["https:\/\/templatetoaster.com\/pl\/bootstrap"]}]},{"@type":"ImageObject","inLanguage":"pl-PL","@id":"https:\/\/templatetoaster.com\/pl\/bootstrap#primaryimage","url":"https:\/\/templatetoaster.com\/wp-content\/uploads\/2019\/08\/Demo-Bootstrap-Builder.jpg","contentUrl":"https:\/\/templatetoaster.com\/wp-content\/uploads\/2019\/08\/Demo-Bootstrap-Builder.jpg"},{"@type":"BreadcrumbList","@id":"https:\/\/templatetoaster.com\/pl\/bootstrap#breadcrumb","itemListElement":[{"@type":"ListItem","position":1,"name":"Home","item":"https:\/\/templatetoaster.com\/pl"},{"@type":"ListItem","position":2,"name":"Kreator Boostrap"}]},{"@type":"WebSite","@id":"https:\/\/templatetoaster.com\/#website","url":"https:\/\/templatetoaster.com\/","name":"TemplateToaster","description":"","publisher":{"@id":"https:\/\/templatetoaster.com\/#organization"},"inLanguage":"pl-PL"},{"@type":"Organization","@id":"https:\/\/templatetoaster.com\/#organization","name":"TemplateToaster","url":"https:\/\/templatetoaster.com\/","logo":{"@type":"ImageObject","inLanguage":"pl-PL","@id":"https:\/\/templatetoaster.com\/#\/schema\/logo\/image\/","url":"https:\/\/templatetoaster.com\/wp-content\/uploads\/2019\/11\/TemplateToaster_Logo.jpg","contentUrl":"https:\/\/templatetoaster.com\/wp-content\/uploads\/2019\/11\/TemplateToaster_Logo.jpg","width":85,"height":85,"caption":"TemplateToaster"},"image":{"@id":"https:\/\/templatetoaster.com\/#\/schema\/logo\/image\/"},"sameAs":["https:\/\/www.facebook.com\/TemplateToaster","https:\/\/x.com\/templatetoaster","https:\/\/www.instagram.com\/templatetoaster\/","https:\/\/www.linkedin.com\/company\/templatetoaster\/","https:\/\/www.pinterest.com\/templatetoaster\/","https:\/\/www.youtube.com\/@TemplateToaster"]}]}},"_links":{"self":[{"href":"https:\/\/templatetoaster.com\/pl\/wp-json\/wp\/v2\/pages\/4164"}],"collection":[{"href":"https:\/\/templatetoaster.com\/pl\/wp-json\/wp\/v2\/pages"}],"about":[{"href":"https:\/\/templatetoaster.com\/pl\/wp-json\/wp\/v2\/types\/page"}],"author":[{"embeddable":true,"href":"https:\/\/templatetoaster.com\/pl\/wp-json\/wp\/v2\/users\/1"}],"replies":[{"embeddable":true,"href":"https:\/\/templatetoaster.com\/pl\/wp-json\/wp\/v2\/comments?post=4164"}],"version-history":[{"count":5,"href":"https:\/\/templatetoaster.com\/pl\/wp-json\/wp\/v2\/pages\/4164\/revisions"}],"predecessor-version":[{"id":66227,"href":"https:\/\/templatetoaster.com\/pl\/wp-json\/wp\/v2\/pages\/4164\/revisions\/66227"}],"wp:attachment":[{"href":"https:\/\/templatetoaster.com\/pl\/wp-json\/wp\/v2\/media?parent=4164"}],"curies":[{"name":"wp","href":"https:\/\/api.w.org\/{rel}","templated":true}]}}