{"id":4161,"date":"2018-04-13T11:21:41","date_gmt":"2018-04-13T11:21:41","guid":{"rendered":"http:\/\/templatetoaster.com?page_id=4161"},"modified":"2019-08-09T08:52:43","modified_gmt":"2019-08-09T08:52:43","slug":"affiliates","status":"publish","type":"page","link":"https:\/\/templatetoaster.com\/pl\/affiliates","title":{"rendered":"Partnerzy"},"content":{"rendered":"<div class=\"tt_affiliates_row row\">&nbsp;<\/p>\n<h1 class=\"heading_border\">Program partnerski TemplateToaster<\/h1>\n<h4 class=\"joomla\">Promuj TemplateToaster na swojej stronie i zarabiaj na tym!<\/h4>\n<p class=\"wordpress\">Zyskaj\u00a0<strong>16% <\/strong>prowizji od\u00a0\u00a0ka\u017cdej sprzeda\u017cy,\u00a0 kt\u00f3ra wynosi oko\u0142o $25 dla TemplateToaster Professional Edition. Zosta\u0144 partnerem TemplateToaster dzi\u015b! Nasze produkty s\u0105 dost\u0119pne w sprzeda\u017cy za po\u015brednictwem sieci partnerskich Avangate. Aby rozpocz\u0105\u0107 sprzeda\u017c, wszystko co musisz zrobi\u0107 jest wy\u015bwietlanie informacji o produkcie i przycisku &#8222;Kup teraz&#8221; na swojej stronie internetowej.<\/p>\n<h4 class=\"joomla\">Gwarantowane prowizje partnerskie<\/h4>\n<p class=\"wordpress\">Kiedy u\u017cytkownik kliknie w link lub baner na Twojej stronie, Avangate b\u0119dzie pami\u0119ta\u0107 przez 120 dni kalendarzowych, \u017ce ten konkretny odwiedzaj\u0105cy wszed\u0142 za po\u015brednictwem Twojej strony. To dzi\u0119ki Twojemu Affiliate ID. To a\u017c 4 miesi\u0105ce podczas, kt\u00f3rych jakiekolwiek zam\u00f3wienie tego u\u017cytkownika zostanie zakwalifikowane do Twojej prowizji.<\/p>\n<h4 class=\"joomla\">To takie proste jak dwa razy dwa.!<\/h4>\n<p class=\"wordpress\">Avangate zajmuje si\u0119 procesem zamawiania, dostawy produkt\u00f3w oraz obs\u0142ug\u0105 klienta.<br \/>\n\u2013 Nie trzeba przechowywa\u0107 jakiegokolwiek oprogramowanie na Twoich serwerach, albo przechowywa\u0107 licencji<br \/>\n\u2013 Nie ma k\u0142opot\u00f3w zwi\u0105zanych z fakturowaniem lub p\u0142atno\u015bciami od klient\u00f3w<br \/>\n\u2013 Brak wpisowego, brak wk\u0142adu w\u0142asnego, brak kruczk\u00f3w w umowie!<br \/>\nDodatkowo b\u0119dziesz m\u00f3g\u0142 skorzysta\u0107 z szczeg\u00f3\u0142owego raportu, kt\u00f3ry poka\u017ce Ci jak efektywny jeste\u015b!<\/p>\n<h4 class=\"joomla\">Miesi\u0119czne p\u0142atno\u015bci<\/h4>\n<p class=\"wordpress\">Co miesi\u0105c otrzymasz swoj\u0105 cz\u0119\u015b\u0107 prowizji. Zostanie ona przelana do Twojego Avangate Prepaid, Debit MasterCard lub wysy\u0142ane za po\u015brednictwem przelewu bankowego, czekiem lub na Twoje konto PayPal.<\/p>\n<h4 class=\"joomla\">Zacznij sprzedawa\u0107!<\/h4>\n<p class=\"wordpress\"><em>Mo\u017cesz skorzysta\u0107 z dowolnego kana\u0142u promocji, kt\u00f3ry posiadasz\u00a0 \u2013 Strona internetowa, Biuletyn, itp!<\/em> Pami\u0119taj\u2013 Im wi\u0119ksza liczba link\u00f3w utworzonych przez Ciebie tym wi\u0119ksze szanse na zarobienie pieni\u0119dzy dzi\u0119ki Twojej stronie!<\/p>\n<p style=\"text-align: center; clear: both;\"><a class=\"btn download_button btn-feature\" href=\"https:\/\/www.avangate.com\/affiliates\/sign-up.php?merchant=TEMPLATT&amp;template=Default+Template&amp;lang=en\">Przy\u0142\u0105cz si\u0119<\/a><\/p>\n<\/div>\n","protected":false},"excerpt":{"rendered":"<p>&nbsp; Program partnerski TemplateToaster Promuj TemplateToaster na swojej stronie i zarabiaj na tym! Zyskaj\u00a016% prowizji od\u00a0\u00a0ka\u017cdej sprzeda\u017cy,\u00a0 kt\u00f3ra wynosi oko\u0142o $25 dla TemplateToaster Professional Edition. Zosta\u0144 partnerem TemplateToaster dzi\u015b! Nasze produkty s\u0105 dost\u0119pne w sprzeda\u017cy za po\u015brednictwem sieci partnerskich Avangate. &hellip; <a href=\"https:\/\/templatetoaster.com\/pl\/affiliates\">Continue Reading<span class=\"meta-nav\">&rarr;<\/span><\/a><\/p>\n","protected":false},"author":1,"featured_media":0,"parent":0,"menu_order":0,"comment_status":"closed","ping_status":"closed","template":"PageTemplate1.php","meta":{"footnotes":""},"yoast_head":"<!-- This site is optimized with the Yoast SEO plugin v23.5 - https:\/\/yoast.com\/wordpress\/plugins\/seo\/ -->\n<title>Partnerzy - TemplateToaster<\/title>\n<meta name=\"description\" content=\"Do\u0142\u0105cz do naszego programu partnerskiego i zacznij zarabia\u0107 pieni\u0105dze za minimum pracy.\" \/>\n<meta name=\"robots\" content=\"index, follow, max-snippet:-1, max-image-preview:large, max-video-preview:-1\" \/>\n<link rel=\"canonical\" href=\"https:\/\/templatetoaster.com\/pl\/affiliates\" \/>\n<meta property=\"og:locale\" content=\"pl_PL\" \/>\n<meta property=\"og:type\" content=\"article\" \/>\n<meta property=\"og:title\" content=\"Partnerzy - TemplateToaster\" \/>\n<meta property=\"og:description\" content=\"Do\u0142\u0105cz do naszego programu partnerskiego i zacznij zarabia\u0107 pieni\u0105dze za minimum pracy.\" \/>\n<meta property=\"og:url\" content=\"https:\/\/templatetoaster.com\/pl\/affiliates\" \/>\n<meta property=\"og:site_name\" content=\"TemplateToaster\" \/>\n<meta property=\"article:publisher\" content=\"https:\/\/www.facebook.com\/TemplateToaster\" \/>\n<meta property=\"article:modified_time\" content=\"2019-08-09T08:52:43+00:00\" \/>\n<meta property=\"og:image\" content=\"https:\/\/templatetoaster.com\/wp-content\/uploads\/2015\/07\/TemplateToaster-325X325.png\" \/>\n\t<meta property=\"og:image:width\" content=\"325\" \/>\n\t<meta property=\"og:image:height\" content=\"325\" \/>\n\t<meta property=\"og:image:type\" content=\"image\/png\" \/>\n<meta name=\"twitter:card\" content=\"summary_large_image\" \/>\n<meta name=\"twitter:site\" content=\"@templatetoaster\" \/>\n<meta name=\"twitter:label1\" content=\"Szacowany czas czytania\" \/>\n\t<meta name=\"twitter:data1\" content=\"1 minuta\" \/>\n<script type=\"application\/ld+json\" class=\"yoast-schema-graph\">{\"@context\":\"https:\/\/schema.org\",\"@graph\":[{\"@type\":\"WebPage\",\"@id\":\"https:\/\/templatetoaster.com\/pl\/affiliates\",\"url\":\"https:\/\/templatetoaster.com\/pl\/affiliates\",\"name\":\"Partnerzy - TemplateToaster\",\"isPartOf\":{\"@id\":\"https:\/\/templatetoaster.com\/#website\"},\"datePublished\":\"2018-04-13T11:21:41+00:00\",\"dateModified\":\"2019-08-09T08:52:43+00:00\",\"description\":\"Do\u0142\u0105cz do naszego programu partnerskiego i zacznij zarabia\u0107 pieni\u0105dze za minimum pracy.\",\"breadcrumb\":{\"@id\":\"https:\/\/templatetoaster.com\/pl\/affiliates#breadcrumb\"},\"inLanguage\":\"pl-PL\",\"potentialAction\":[{\"@type\":\"ReadAction\",\"target\":[\"https:\/\/templatetoaster.com\/pl\/affiliates\"]}]},{\"@type\":\"BreadcrumbList\",\"@id\":\"https:\/\/templatetoaster.com\/pl\/affiliates#breadcrumb\",\"itemListElement\":[{\"@type\":\"ListItem\",\"position\":1,\"name\":\"Home\",\"item\":\"https:\/\/templatetoaster.com\/pl\"},{\"@type\":\"ListItem\",\"position\":2,\"name\":\"Partnerzy\"}]},{\"@type\":\"WebSite\",\"@id\":\"https:\/\/templatetoaster.com\/#website\",\"url\":\"https:\/\/templatetoaster.com\/\",\"name\":\"TemplateToaster\",\"description\":\"\",\"publisher\":{\"@id\":\"https:\/\/templatetoaster.com\/#organization\"},\"inLanguage\":\"pl-PL\"},{\"@type\":\"Organization\",\"@id\":\"https:\/\/templatetoaster.com\/#organization\",\"name\":\"TemplateToaster\",\"url\":\"https:\/\/templatetoaster.com\/\",\"logo\":{\"@type\":\"ImageObject\",\"inLanguage\":\"pl-PL\",\"@id\":\"https:\/\/templatetoaster.com\/#\/schema\/logo\/image\/\",\"url\":\"https:\/\/templatetoaster.com\/wp-content\/uploads\/2019\/11\/TemplateToaster_Logo.jpg\",\"contentUrl\":\"https:\/\/templatetoaster.com\/wp-content\/uploads\/2019\/11\/TemplateToaster_Logo.jpg\",\"width\":85,\"height\":85,\"caption\":\"TemplateToaster\"},\"image\":{\"@id\":\"https:\/\/templatetoaster.com\/#\/schema\/logo\/image\/\"},\"sameAs\":[\"https:\/\/www.facebook.com\/TemplateToaster\",\"https:\/\/x.com\/templatetoaster\",\"https:\/\/www.instagram.com\/templatetoaster\/\",\"https:\/\/www.linkedin.com\/company\/templatetoaster\/\",\"https:\/\/www.pinterest.com\/templatetoaster\/\",\"https:\/\/www.youtube.com\/@TemplateToaster\"]}]}<\/script>\n<!-- \/ Yoast SEO plugin. -->","yoast_head_json":{"title":"Partnerzy - TemplateToaster","description":"Do\u0142\u0105cz do naszego programu partnerskiego i zacznij zarabia\u0107 pieni\u0105dze za minimum pracy.","robots":{"index":"index","follow":"follow","max-snippet":"max-snippet:-1","max-image-preview":"max-image-preview:large","max-video-preview":"max-video-preview:-1"},"canonical":"https:\/\/templatetoaster.com\/pl\/affiliates","og_locale":"pl_PL","og_type":"article","og_title":"Partnerzy - TemplateToaster","og_description":"Do\u0142\u0105cz do naszego programu partnerskiego i zacznij zarabia\u0107 pieni\u0105dze za minimum pracy.","og_url":"https:\/\/templatetoaster.com\/pl\/affiliates","og_site_name":"TemplateToaster","article_publisher":"https:\/\/www.facebook.com\/TemplateToaster","article_modified_time":"2019-08-09T08:52:43+00:00","og_image":[{"width":325,"height":325,"url":"https:\/\/templatetoaster.com\/wp-content\/uploads\/2015\/07\/TemplateToaster-325X325.png","type":"image\/png"}],"twitter_card":"summary_large_image","twitter_site":"@templatetoaster","twitter_misc":{"Szacowany czas czytania":"1 minuta"},"schema":{"@context":"https:\/\/schema.org","@graph":[{"@type":"WebPage","@id":"https:\/\/templatetoaster.com\/pl\/affiliates","url":"https:\/\/templatetoaster.com\/pl\/affiliates","name":"Partnerzy - TemplateToaster","isPartOf":{"@id":"https:\/\/templatetoaster.com\/#website"},"datePublished":"2018-04-13T11:21:41+00:00","dateModified":"2019-08-09T08:52:43+00:00","description":"Do\u0142\u0105cz do naszego programu partnerskiego i zacznij zarabia\u0107 pieni\u0105dze za minimum pracy.","breadcrumb":{"@id":"https:\/\/templatetoaster.com\/pl\/affiliates#breadcrumb"},"inLanguage":"pl-PL","potentialAction":[{"@type":"ReadAction","target":["https:\/\/templatetoaster.com\/pl\/affiliates"]}]},{"@type":"BreadcrumbList","@id":"https:\/\/templatetoaster.com\/pl\/affiliates#breadcrumb","itemListElement":[{"@type":"ListItem","position":1,"name":"Home","item":"https:\/\/templatetoaster.com\/pl"},{"@type":"ListItem","position":2,"name":"Partnerzy"}]},{"@type":"WebSite","@id":"https:\/\/templatetoaster.com\/#website","url":"https:\/\/templatetoaster.com\/","name":"TemplateToaster","description":"","publisher":{"@id":"https:\/\/templatetoaster.com\/#organization"},"inLanguage":"pl-PL"},{"@type":"Organization","@id":"https:\/\/templatetoaster.com\/#organization","name":"TemplateToaster","url":"https:\/\/templatetoaster.com\/","logo":{"@type":"ImageObject","inLanguage":"pl-PL","@id":"https:\/\/templatetoaster.com\/#\/schema\/logo\/image\/","url":"https:\/\/templatetoaster.com\/wp-content\/uploads\/2019\/11\/TemplateToaster_Logo.jpg","contentUrl":"https:\/\/templatetoaster.com\/wp-content\/uploads\/2019\/11\/TemplateToaster_Logo.jpg","width":85,"height":85,"caption":"TemplateToaster"},"image":{"@id":"https:\/\/templatetoaster.com\/#\/schema\/logo\/image\/"},"sameAs":["https:\/\/www.facebook.com\/TemplateToaster","https:\/\/x.com\/templatetoaster","https:\/\/www.instagram.com\/templatetoaster\/","https:\/\/www.linkedin.com\/company\/templatetoaster\/","https:\/\/www.pinterest.com\/templatetoaster\/","https:\/\/www.youtube.com\/@TemplateToaster"]}]}},"_links":{"self":[{"href":"https:\/\/templatetoaster.com\/pl\/wp-json\/wp\/v2\/pages\/4161"}],"collection":[{"href":"https:\/\/templatetoaster.com\/pl\/wp-json\/wp\/v2\/pages"}],"about":[{"href":"https:\/\/templatetoaster.com\/pl\/wp-json\/wp\/v2\/types\/page"}],"author":[{"embeddable":true,"href":"https:\/\/templatetoaster.com\/pl\/wp-json\/wp\/v2\/users\/1"}],"replies":[{"embeddable":true,"href":"https:\/\/templatetoaster.com\/pl\/wp-json\/wp\/v2\/comments?post=4161"}],"version-history":[{"count":4,"href":"https:\/\/templatetoaster.com\/pl\/wp-json\/wp\/v2\/pages\/4161\/revisions"}],"predecessor-version":[{"id":63988,"href":"https:\/\/templatetoaster.com\/pl\/wp-json\/wp\/v2\/pages\/4161\/revisions\/63988"}],"wp:attachment":[{"href":"https:\/\/templatetoaster.com\/pl\/wp-json\/wp\/v2\/media?parent=4161"}],"curies":[{"name":"wp","href":"https:\/\/api.w.org\/{rel}","templated":true}]}}