{"id":3800,"date":"2018-04-09T11:07:17","date_gmt":"2018-04-09T11:07:17","guid":{"rendered":"http:\/\/templatetoaster.com?page_id=3800"},"modified":"2018-12-11T12:12:29","modified_gmt":"2018-12-11T12:12:29","slug":"virtuemart-template-builder","status":"publish","type":"page","link":"https:\/\/templatetoaster.com\/pl\/virtuemart-template-builder","title":{"rendered":"Virtuemart Template Builder"},"content":{"rendered":"<div class=\"section1 wp-theme-generator\">\n<div style=\"margin: 115px 0 16px\">\n<h1>Kreator wspania\u0142ych szablon\u00f3w VirtueMart<\/h1>\n<p class=\"text-center\">Zaprojektuj szablon, kt\u00f3ry stanie si\u0119 zapowiedzi\u0105 sukcesu Twojego sklepu VirtueMart.<\/p>\n<p>&nbsp;<\/p>\n<div style=\"text-align: center\"><a class=\"btn download_btn\" href=\"https:\/\/templatetoaster.com\/pl\/download\">Pobierz teraz<\/a><\/div>\n<div class=\"clearfix\"><\/div>\n<\/div>\n<\/div>\n<p><!--- What is TemplateToaster Section --><\/p>\n<div class=\"section2 wp-theme-generator\">\n<div class=\"section2-inner\">\n<h2>Dlaczego warto u\u017cy\u0107 TemplateToaster jako Kreatora Motyw\u00f3w VirtueMart?<\/h2>\n<p>Stworzony by projektowa\u0107 najlepsze motywy z zaawansowanymi funkcjami. Program dzi\u0119ki opcji Przeci\u0105gnij i Upu\u015b\u0107 odmieni Tw\u00f3j spos\u00f3b tworzenia. Projektuj ze wst\u0119pnie ustawionymi opcjami uk\u0142adu, niestandardowymi stylami czcionek, kolorami i wieloma innymi elementami, aby idealnie pasowa\u0142y do \u200b\u200bTwojej marki lub us\u0142ug, poniewa\u017c kto zna Twoj\u0105 mark\u0119 lepiej ni\u017c Ty?<\/p>\n<\/div>\n<\/div>\n<p><!--- section 3 starts --><\/p>\n<div class=\"section3 wp-theme-generator\">\n<div class=\"section3-inner\">\n<h2>Jak to dzia\u0142a?<\/h2>\n<div class=\"row\">\n<div class=\"col-lg-4 col-md-4 col-sm-6 col-xs-12\">\n<div class=\"media\">\n<div class=\"landing_page_svg download\"><\/div>\n<h3 class=\"text-center\">Rozchyl kurtyn\u0119 dla Wspania\u0142ych Motyw\u00f3w.<\/h3>\n<p class=\"text-center\">Po pobraniu oprogramowania zainstaluj go w ci\u0105gu chwili! Otrzymasz dost\u0119p do wszystkich funkcjonalno\u015bci w wersji pr\u00f3bnej na czas nieokre\u015blony!<\/p>\n<\/div>\n<\/div>\n<div class=\"clearfix visible-xs-block\"><\/div>\n<div class=\"col-lg-4 col-md-4 col-sm-6 col-xs-12\">\n<div class=\"media\">\n<div class=\"landing_page_svg build-wp-theme\"><\/div>\n<h3 class=\"text-center\">Wszystko gotowe? Przeci\u0105gnij i Upu\u015b\u0107, aby doda\u0107 niestandardowe style.<\/h3>\n<p>Wybierz r\u0119cznie z listy gotowych szablon\u00f3w i rozpocznij ich dostosowywanie! Mo\u017cesz r\u00f3wnie\u017c zacz\u0105\u0107 od zera, po prostu przeci\u0105gnij i upu\u015b\u0107, aby dostosowa\u0107 wygl\u0105d.<\/p>\n<\/div>\n<\/div>\n<div class=\"clearfix visible-sm-block visible-xs-block\"><\/div>\n<div class=\"col-lg-4 col-md-4 col-sm-6 col-xs-12\">\n<div class=\"media\">\n<div class=\"landing_page_svg export-upload\"><\/div>\n<h3 class=\"text-center\">Wgraj sw\u00f3j motyw VirtueMart w mgnieniu oka!<\/h3>\n<p class=\"text-center\">To bu\u0142ka z mas\u0142em wgra\u0107 styl na stron\u0119 sklepu tak samo jak zaprojektowanie go. Usi\u0105d\u017a i ogl\u0105daj jak Tw\u00f3j sklep nabiera tempa i robi krok na prz\u00f3d dzi\u0119ki nowemu motywowi VirtueMart<\/p>\n<\/div>\n<\/div>\n<div class=\"clearfix visible-lg-block visible-md-block visible-sm-block visible-xs-block\"><\/div>\n<\/div>\n<\/div>\n<\/div>\n<div class=\"section4 wp-theme-generator\">\n<h2>Cechy TemplateToaster jako Kreatora Motyw\u00f3w VirtueMart<\/h2>\n<p class=\"section4-paragraph\">Rzu\u0107 okiem na to co TempalteToaster ma do zaoferowania, aby upi\u0119kszy\u0107 Tw\u00f3j sklep VirtueMart<\/p>\n<div class=\"row\">\n<div class=\"col-md-4 col-sm-6 col-sx-12\">\n<div style=\"padding: 20px\">\n<div class=\"text-center\">\n<div class=\"wp_feature landing_page_svg compatible-version\"><\/div>\n<\/div>\n<h3 style=\"margin: 20px 0 10px;text-align: center\">Kompatybilno\u015b\u0107<\/h3>\n<p class=\"text-center\">Szablony utworzone za pomoc\u0105 tego oprogramowania s\u0105 w pe\u0142ni kompatybilne z Joomla 2.5 i 3.x.x i VirtueMart 3.x.x konstruuj wizualnie atrakcyjne szablony do sklepu VirtueMart nie martwi\u0105c si\u0119 o problemy z kompatybilno\u015bci\u0105!<\/p>\n<\/div>\n<\/div>\n<div class=\"clearfix visible-xs-block\"><\/div>\n<div class=\"col-lg-4 col-md-4 col-sm-6 col-sx-12\">\n<div style=\"padding: 20px\">\n<div class=\"text-center\">\n<div class=\"wp_feature landing_page_svg custom-layout\"><\/div>\n<\/div>\n<h3 style=\"margin: 20px 0px 10px;text-align: center\">Opcje uk\u0142adu strony<\/h3>\n<p class=\"text-center\">Stw\u00f3rz uk\u0142ad szablonu, wybieraj\u0105c jedn\u0105 z opcji, takich jak uk\u0142ad strony pojedyncza Kolumna, podw\u00f3jna Kolumna (panel boczny,\u00a0 jedna kolumna) i potr\u00f3jna Kolumna (pasek boczny,pojedyncza kolumny, pasek boczny). Zmie\u0144 kolor t\u0142a, kolor czcionki, styl itp. w panelu bocznym, jak w kolumnie!<\/p>\n<\/div>\n<\/div>\n<div class=\"clearfix visible-sm-block visible-xs-block\"><\/div>\n<div class=\"col-md-4 col-sm-6 col-sx-12\">\n<div style=\"padding: 20px\">\n<div class=\"text-center\">\n<div class=\"wp_feature landing_page_svg product-grid\"><\/div>\n<\/div>\n<h3 style=\"margin: 20px 0 10px;text-align: center\">Produkty u\u0142o\u017cone w siatce<\/h3>\n<p class=\"text-center\">W tym Kreatorze Motyw\u00f3w VirtueMart, produkty mog\u0105 by\u0107 wy\u015bwietlane w widoku listy lub siatki. Zmie\u0144 kolory czcionek, kolory t\u0142a itp. dostosuj i wystylizuj strony wielu produkt\u00f3w w atrakcyjny spos\u00f3b. To ty jeste\u015b tutaj sterem.<\/p>\n<\/div>\n<\/div>\n<div class=\"clearfix visible-lg-block visible-md-block visible-xs-block\"><\/div>\n<div class=\"col-md-4 col-sm-6 col-sx-12\">\n<div style=\"padding: 20px\">\n<div class=\"text-center\">\n<div class=\"wp_feature landing_page_svg product-page-styling\"><\/div>\n<\/div>\n<h3 style=\"margin: 20px 0 10px;text-align: center\">Stylizacja Strony Produktu<\/h3>\n<p>Jako pot\u0119\u017cny kreator szablon\u00f3w VirtueCart TemplateToaster potrafi dostosowa\u0107 wygl\u0105d Strony Produktu.\u00a0Wybierz z mn\u00f3stwa opcji, takich jak kolor czcionki i stylu, kolor t\u0142a itp. aby strona by\u0142a bardziej zach\u0119caj\u0105caj\u0105ca dla odwiedzaj\u0105cych. Mo\u017cesz doda\u0107 w\u0142asne style do menu Rozmiaru i Koloru oraz kolor zak\u0142adki Ilo\u015b\u0107!<\/p>\n<p class=\"text-center\">\n<\/div>\n<\/div>\n<div class=\"clearfix visible-sm-block visible-xs-block\"><\/div>\n<div class=\"col-lg-4 col-md-4 col-sm-6 col-sx-12\">\n<div style=\"padding: 20px\">\n<div class=\"text-center\">\n<div class=\"wp_feature landing_page_svg checkout-pages\"><\/div>\n<\/div>\n<h3 style=\"margin: 20px 0 10px;text-align: center\">Dostosuj stron\u0119 p\u0142atno\u015bci<\/h3>\n<p class=\"text-center\">Nie nale\u017cy pozostawia\u0107 na stronie transakcji Twojego sklepu nudny i monotonii! Zaskocz klient\u00f3w swoim wygl\u0105dem strony p\u0142atno\u015bci w swoim sklepie opartym o VirtueMart. Kolor t\u0142a, kolor czcionki i styl mo\u017cna \u0142atwo zmieni\u0107 za pomoc\u0105 kilku klikni\u0119\u0107 na stronach\/rozszerzeniach takich jak Opcje p\u0142atno\u015bci, Szczeg\u00f3\u0142y p\u0142atno\u015bci etc.<\/p>\n<\/div>\n<\/div>\n<div class=\"clearfix visible-xs-block\"><\/div>\n<div class=\"col-md-4 col-sm-6 col-sx-12\">\n<div style=\"padding: 20px\">\n<div class=\"text-center\">\n<div class=\"wp_feature landing_page_svg extension-friendly\"><\/div>\n<\/div>\n<h3 style=\"margin: 20px 0 10px;text-align: center\">Przyjazny rozszerzeniom<\/h3>\n<p>TemplateToaster jest ca\u0142kowicie elastyczny je\u015bli chodzi o instalacj\u0119 rozszerze\u0144 do sklepu VirtueMart. Lista kompatybilnych rozszerze\u0144 jest d\u0142uga, jednak wymienimy kilka z wielu: Modu\u0142 Koszyk Pro, Kontruktor produktu itp.<\/p>\n<\/div>\n<\/div>\n<div class=\"clearfix visible-lg-block visible-md-block visible-sm-block visible-xs-block\"><\/div>\n<\/div>\n<\/div>\n<p><!--Section Features with WP--><\/p>\n<div class=\"section5 wp-theme-generator\" style=\"padding: 70px 10px;margin-bottom: 2px\">\n<div style=\"margin: 40px 0px 20px\">\n<h2 style=\"margin-bottom: 65px\">Najwa\u017cniejsze cechy TemplateToaster<\/h2>\n<div class=\"feature_with_wp row\">\n<div class=\"col-lg-4 col-md-4 col-sm-4 col-xs-6\">\n<div class=\"feature_wpimg\"><img decoding=\"async\" class=\"img-responsive\" src=\"https:\/\/templatetoaster.com\/wp-content\/uploads\/2017\/04\/multiple-language.png\" alt=\"Wsparcie wielu j\u0119zyk\u00f3w\" \/><\/div>\n<\/div>\n<div class=\"col-lg-4 col-md-4 col-sm-4 col-xs-6\">\n<div class=\"feature_wpimg\"><img decoding=\"async\" class=\"img-responsive\" src=\"https:\/\/templatetoaster.com\/wp-content\/uploads\/2017\/04\/mobile-optimization.png\" alt=\"Optymalizacja mobilna\" \/><\/div>\n<\/div>\n<div class=\"clearfix visible-xs-block\"><\/div>\n<div class=\"col-lg-4 col-md-4 col-sm-4 col-xs-6\">\n<div class=\"feature_wpimg\"><img decoding=\"async\" class=\"img-responsive\" src=\"https:\/\/templatetoaster.com\/wp-content\/uploads\/2017\/04\/drag-drop.png\" alt=\"Przeci\u0105gnij i upu\u015b\u0107\" \/><\/div>\n<\/div>\n<div class=\"clearfix visible-lg-block visible-md-block visible-sm-block\"><\/div>\n<div class=\"col-lg-4 col-md-4 col-sm-4 col-xs-6\">\n<div class=\"feature_wpimg\"><img decoding=\"async\" class=\"img-responsive\" src=\"https:\/\/templatetoaster.com\/wp-content\/uploads\/2017\/04\/demo-templats.png\" alt=\"Demo tematy\" \/><\/div>\n<\/div>\n<div class=\"clearfix visible-xs-block\"><\/div>\n<div class=\"col-lg-4 col-md-4 col-sm-4 col-xs-6\">\n<div class=\"feature_wpimg\"><img decoding=\"async\" class=\"img-responsive\" src=\"https:\/\/templatetoaster.com\/wp-content\/uploads\/2017\/04\/mega-menu.png\" alt=\"Mega Menu\" \/><\/div>\n<\/div>\n<div class=\"col-lg-4 col-md-4 col-sm-4 col-xs-6\">\n<div class=\"feature_wpimg\"><img decoding=\"async\" class=\"img-responsive\" src=\"https:\/\/templatetoaster.com\/wp-content\/uploads\/2017\/04\/right-to-left.png\" alt=\"Od prawej do lewej\" \/><\/div>\n<\/div>\n<div class=\"clearfix visible-lg-block visible-md-block visible-sm-block visible-xs-block\"><\/div>\n<div class=\"col-lg-4 col-md-4 col-sm-4 col-xs-6\">\n<div class=\"feature_wpimg\"><img decoding=\"async\" class=\"img-responsive\" src=\"https:\/\/templatetoaster.com\/wp-content\/uploads\/2017\/04\/amazing-slideshow.png\" alt=\"niesamowity pokaz slajd\u00f3w\" \/><\/div>\n<\/div>\n<div class=\"col-lg-4 col-md-4 col-sm-4 col-xs-6\">\n<div class=\"feature_wpimg\"><img decoding=\"async\" class=\"img-responsive\" src=\"https:\/\/templatetoaster.com\/wp-content\/uploads\/2017\/04\/zero-coding.png\" alt=\"Zero Coding\" \/><\/div>\n<\/div>\n<div class=\"clearfix visible-xs-block\"><\/div>\n<div class=\"col-lg-4 col-md-4 col-sm-4 col-xs-6\">\n<div class=\"feature_wpimg\"><img decoding=\"async\" class=\"img-responsive\" src=\"https:\/\/templatetoaster.com\/wp-content\/uploads\/2017\/04\/custom-css.png\" alt=\"Niestandardowe CSS, JS i PHP\" \/><\/div>\n<\/div>\n<div class=\"clearfix visible-lg-block visible-md-block visible-sm-block visible-xs-block\"><\/div>\n<\/div>\n<\/div>\n<\/div>\n<p><!--Section Gallery--><\/p>\n<div class=\"section7 wp-theme-generator\" style=\"padding: 100px 10px;background-color: #f1f4f8;margin-bottom: 2px\">\n<h2>Nasze standardy<\/h2>\n<div class=\"row\">\n<div class=\"col-lg-4 col-md-4 col-sm-6 col-xs-12\">\n<div style=\"padding: 20px\">\n<div class=\"text-center\">\n<div class=\"wp_feature landing_page_svg w3c-validation\"><\/div>\n<\/div>\n<h3 style=\"margin: 20px 0px 10px;text-align: center\">Zgodno\u015b\u0107 z W3C<\/h3>\n<p>Strony i Motywy stworzone w tym programie do projektowania stron, s\u0105 zgodne z mi\u0119dzynarodowymi standardami i spe\u0142niaj\u0105 wymogi W3C. Od dzisiaj Twoja strona b\u0119dzie wy\u015bwietla\u0107 si\u0119 identycznie w ka\u017cdej przegl\u0105darce i b\u0119dzie lepiej pozycjonowana w wyszukiwarkach!<\/p>\n<\/div>\n<\/div>\n<div class=\"clearfix visible-xs-block\"><\/div>\n<div class=\"col-lg-4 col-md-4 col-sm-6 col-xs-12\">\n<div style=\"padding: 20px\">\n<div class=\"text-center\">\n<div class=\"wp_feature landing_page_svg theme-check-plugin-pass\"><\/div>\n<\/div>\n<h3 style=\"margin: 20px 0 10px;text-align: center\">Standardy HTML5 i CSS3<\/h3>\n<p>Ten program do projektowania stron trzyma si\u0119 wytycznych standard\u00f3w HTML5 i CSS3. Wspiera strony bardziej skupione na multimediach jak i zaawansowane opcje stylizacji!<\/p>\n<\/div>\n<\/div>\n<div class=\"clearfix visible-sm-block visible-xs-block\"><\/div>\n<div class=\"col-lg-4 col-md-4 col-sm-6 col-xs-12\">\n<div style=\"padding: 20px\">\n<div class=\"text-center\">\n<div class=\"wp_feature landing_page_svg page-speed\"><\/div>\n<\/div>\n<h3 style=\"margin: 20px 0 10px;text-align: center\">Szybkie wczytywanie stron<\/h3>\n<p>Zoptymalizowany czas \u0142adowania stron skutkuje lepszymi odczuciami u\u017cytkownik\u00f3w. Opr\u00f3cz lepszego User Expirience, zdob\u0119dziesz lepsze pozycje w wyszukiwarkach!<\/p>\n<\/div>\n<\/div>\n<div class=\"clearfix visible-lg-block visible-md-block visible-xs-block\"><\/div>\n<\/div>\n<\/div>\n<\/div>\n<p><!--- section 6 starts --><\/p>\n<div class=\"section6 wp-theme-generator\" style=\"padding: 50px 10px\">\n<div style=\"margin: 70px 0px 20px\">\n<h2>Wspiera wszystkie g\u0142\u00f3wne CMSy<\/h2>\n<div class=\"section-center\" style=\"padding-bottom: 50px;\">\n<div class=\"main-cms-section\">\n<div class=\"cms-section\">\n<div class=\"text-center\">\n<div class=\"wp_feature landing_page_svg joomla\"><\/div>\n<\/div>\n<\/div>\n<div class=\"cms-section\">\n<div class=\"text-center\">\n<div class=\"wp_feature landing_page_svg virtuemart\"><\/div>\n<\/div>\n<\/div>\n<\/div>\n<div class=\"other-cms-section\">\n<div class=\"cms-section\">\n<div class=\"text-center\">\n<div class=\"wp_feature landing_page_svg wordpress\"><\/div>\n<\/div>\n<\/div>\n<div class=\"cms-section\">\n<div class=\"text-center\">\n<div class=\"wp_feature landing_page_svg drupal\"><\/div>\n<\/div>\n<\/div>\n<div class=\"cms-section\">\n<div class=\"text-center\">\n<div class=\"wp_feature landing_page_svg blogger\"><\/div>\n<\/div>\n<\/div>\n<div class=\"cms-section\">\n<div class=\"text-center\">\n<div class=\"wp_feature landing_page_svg magento\"><\/div>\n<\/div>\n<\/div>\n<div class=\"cms-section\">\n<div class=\"text-center\">\n<div class=\"wp_feature landing_page_svg prestashop\"><\/div>\n<\/div>\n<\/div>\n<div class=\"cms-section\">\n<div class=\"text-center\">\n<div class=\"wp_feature landing_page_svg opencart\"><\/div>\n<\/div>\n<\/div>\n<div class=\"cms-section\">\n<div class=\"text-center\">\n<div class=\"wp_feature landing_page_svg woocommerce\"><\/div>\n<\/div>\n<\/div>\n<div class=\"cms-section\">\n<div class=\"text-center\">\n<div class=\"wp_feature landing_page_svg html\"><\/div>\n<\/div>\n<\/div>\n<\/div>\n<\/div>\n<div style=\"text-align: center;margin-top: 30px\"><a class=\"btn download_btn\" href=\"https:\/\/templatetoaster.com\/pl\/download\">Pobierz wersj\u0119 pr\u00f3bn\u0105<\/a><\/div>\n<\/div>\n<\/div>\n","protected":false},"excerpt":{"rendered":"<p>Kreator wspania\u0142ych szablon\u00f3w VirtueMart Zaprojektuj szablon, kt\u00f3ry stanie si\u0119 zapowiedzi\u0105 sukcesu Twojego sklepu VirtueMart. &nbsp; Pobierz teraz Dlaczego warto u\u017cy\u0107 TemplateToaster jako Kreatora Motyw\u00f3w VirtueMart? Stworzony by projektowa\u0107 najlepsze motywy z zaawansowanymi funkcjami. Program dzi\u0119ki opcji Przeci\u0105gnij i Upu\u015b\u0107 odmieni &hellip; <a href=\"https:\/\/templatetoaster.com\/pl\/virtuemart-template-builder\">Continue Reading<span class=\"meta-nav\">&rarr;<\/span><\/a><\/p>\n","protected":false},"author":1,"featured_media":0,"parent":0,"menu_order":0,"comment_status":"closed","ping_status":"closed","template":"","meta":{"footnotes":""},"yoast_head":"<!-- This site is optimized with the Yoast SEO plugin v23.5 - https:\/\/yoast.com\/wordpress\/plugins\/seo\/ -->\n<title>Pot\u0119\u017cny Kreator Motyw\u00f3w VirtueMart - TemplateToaster<\/title>\n<meta name=\"description\" content=\"Kreator Motyw\u00f3w VirtueMart - TemplateToaster pozwoli Ci zrobi\u0107 sobie przerw\u0119 od kodowania. Projektuj strony jak profesjonalista w ci\u0105gu kilku minut!\" \/>\n<meta name=\"robots\" content=\"index, follow, max-snippet:-1, max-image-preview:large, max-video-preview:-1\" \/>\n<link rel=\"canonical\" href=\"https:\/\/templatetoaster.com\/pl\/virtuemart-template-builder\" \/>\n<meta property=\"og:locale\" content=\"pl_PL\" \/>\n<meta property=\"og:type\" content=\"article\" \/>\n<meta property=\"og:title\" content=\"Pot\u0119\u017cny Kreator Motyw\u00f3w VirtueMart - TemplateToaster\" \/>\n<meta property=\"og:description\" content=\"Kreator Motyw\u00f3w VirtueMart - TemplateToaster pozwoli Ci zrobi\u0107 sobie przerw\u0119 od kodowania. Projektuj strony jak profesjonalista w ci\u0105gu kilku minut!\" \/>\n<meta property=\"og:url\" content=\"https:\/\/templatetoaster.com\/pl\/virtuemart-template-builder\" \/>\n<meta property=\"og:site_name\" content=\"TemplateToaster\" \/>\n<meta property=\"article:publisher\" content=\"https:\/\/www.facebook.com\/TemplateToaster\" \/>\n<meta property=\"article:modified_time\" content=\"2018-12-11T12:12:29+00:00\" \/>\n<meta property=\"og:image\" content=\"https:\/\/templatetoaster.com\/wp-content\/uploads\/2017\/04\/multiple-language.png\" \/>\n<meta name=\"twitter:card\" content=\"summary_large_image\" \/>\n<meta name=\"twitter:site\" content=\"@templatetoaster\" \/>\n<meta name=\"twitter:label1\" content=\"Szacowany czas czytania\" \/>\n\t<meta name=\"twitter:data1\" content=\"3 minuty\" \/>\n<script type=\"application\/ld+json\" class=\"yoast-schema-graph\">{\"@context\":\"https:\/\/schema.org\",\"@graph\":[{\"@type\":\"WebPage\",\"@id\":\"https:\/\/templatetoaster.com\/pl\/virtuemart-template-builder\",\"url\":\"https:\/\/templatetoaster.com\/pl\/virtuemart-template-builder\",\"name\":\"Pot\u0119\u017cny Kreator Motyw\u00f3w VirtueMart - TemplateToaster\",\"isPartOf\":{\"@id\":\"https:\/\/templatetoaster.com\/#website\"},\"primaryImageOfPage\":{\"@id\":\"https:\/\/templatetoaster.com\/pl\/virtuemart-template-builder#primaryimage\"},\"image\":{\"@id\":\"https:\/\/templatetoaster.com\/pl\/virtuemart-template-builder#primaryimage\"},\"thumbnailUrl\":\"https:\/\/templatetoaster.com\/wp-content\/uploads\/2017\/04\/multiple-language.png\",\"datePublished\":\"2018-04-09T11:07:17+00:00\",\"dateModified\":\"2018-12-11T12:12:29+00:00\",\"description\":\"Kreator Motyw\u00f3w VirtueMart - TemplateToaster pozwoli Ci zrobi\u0107 sobie przerw\u0119 od kodowania. Projektuj strony jak profesjonalista w ci\u0105gu kilku minut!\",\"breadcrumb\":{\"@id\":\"https:\/\/templatetoaster.com\/pl\/virtuemart-template-builder#breadcrumb\"},\"inLanguage\":\"pl-PL\",\"potentialAction\":[{\"@type\":\"ReadAction\",\"target\":[\"https:\/\/templatetoaster.com\/pl\/virtuemart-template-builder\"]}]},{\"@type\":\"ImageObject\",\"inLanguage\":\"pl-PL\",\"@id\":\"https:\/\/templatetoaster.com\/pl\/virtuemart-template-builder#primaryimage\",\"url\":\"https:\/\/templatetoaster.com\/wp-content\/uploads\/2017\/04\/multiple-language.png\",\"contentUrl\":\"https:\/\/templatetoaster.com\/wp-content\/uploads\/2017\/04\/multiple-language.png\"},{\"@type\":\"BreadcrumbList\",\"@id\":\"https:\/\/templatetoaster.com\/pl\/virtuemart-template-builder#breadcrumb\",\"itemListElement\":[{\"@type\":\"ListItem\",\"position\":1,\"name\":\"Home\",\"item\":\"https:\/\/templatetoaster.com\/pl\"},{\"@type\":\"ListItem\",\"position\":2,\"name\":\"Virtuemart Template Builder\"}]},{\"@type\":\"WebSite\",\"@id\":\"https:\/\/templatetoaster.com\/#website\",\"url\":\"https:\/\/templatetoaster.com\/\",\"name\":\"TemplateToaster\",\"description\":\"\",\"publisher\":{\"@id\":\"https:\/\/templatetoaster.com\/#organization\"},\"inLanguage\":\"pl-PL\"},{\"@type\":\"Organization\",\"@id\":\"https:\/\/templatetoaster.com\/#organization\",\"name\":\"TemplateToaster\",\"url\":\"https:\/\/templatetoaster.com\/\",\"logo\":{\"@type\":\"ImageObject\",\"inLanguage\":\"pl-PL\",\"@id\":\"https:\/\/templatetoaster.com\/#\/schema\/logo\/image\/\",\"url\":\"https:\/\/templatetoaster.com\/wp-content\/uploads\/2019\/11\/TemplateToaster_Logo.jpg\",\"contentUrl\":\"https:\/\/templatetoaster.com\/wp-content\/uploads\/2019\/11\/TemplateToaster_Logo.jpg\",\"width\":85,\"height\":85,\"caption\":\"TemplateToaster\"},\"image\":{\"@id\":\"https:\/\/templatetoaster.com\/#\/schema\/logo\/image\/\"},\"sameAs\":[\"https:\/\/www.facebook.com\/TemplateToaster\",\"https:\/\/x.com\/templatetoaster\",\"https:\/\/www.instagram.com\/templatetoaster\/\",\"https:\/\/www.linkedin.com\/company\/templatetoaster\/\",\"https:\/\/www.pinterest.com\/templatetoaster\/\",\"https:\/\/www.youtube.com\/@TemplateToaster\"]}]}<\/script>\n<!-- \/ Yoast SEO plugin. -->","yoast_head_json":{"title":"Pot\u0119\u017cny Kreator Motyw\u00f3w VirtueMart - TemplateToaster","description":"Kreator Motyw\u00f3w VirtueMart - TemplateToaster pozwoli Ci zrobi\u0107 sobie przerw\u0119 od kodowania. Projektuj strony jak profesjonalista w ci\u0105gu kilku minut!","robots":{"index":"index","follow":"follow","max-snippet":"max-snippet:-1","max-image-preview":"max-image-preview:large","max-video-preview":"max-video-preview:-1"},"canonical":"https:\/\/templatetoaster.com\/pl\/virtuemart-template-builder","og_locale":"pl_PL","og_type":"article","og_title":"Pot\u0119\u017cny Kreator Motyw\u00f3w VirtueMart - TemplateToaster","og_description":"Kreator Motyw\u00f3w VirtueMart - TemplateToaster pozwoli Ci zrobi\u0107 sobie przerw\u0119 od kodowania. Projektuj strony jak profesjonalista w ci\u0105gu kilku minut!","og_url":"https:\/\/templatetoaster.com\/pl\/virtuemart-template-builder","og_site_name":"TemplateToaster","article_publisher":"https:\/\/www.facebook.com\/TemplateToaster","article_modified_time":"2018-12-11T12:12:29+00:00","og_image":[{"url":"https:\/\/templatetoaster.com\/wp-content\/uploads\/2017\/04\/multiple-language.png"}],"twitter_card":"summary_large_image","twitter_site":"@templatetoaster","twitter_misc":{"Szacowany czas czytania":"3 minuty"},"schema":{"@context":"https:\/\/schema.org","@graph":[{"@type":"WebPage","@id":"https:\/\/templatetoaster.com\/pl\/virtuemart-template-builder","url":"https:\/\/templatetoaster.com\/pl\/virtuemart-template-builder","name":"Pot\u0119\u017cny Kreator Motyw\u00f3w VirtueMart - TemplateToaster","isPartOf":{"@id":"https:\/\/templatetoaster.com\/#website"},"primaryImageOfPage":{"@id":"https:\/\/templatetoaster.com\/pl\/virtuemart-template-builder#primaryimage"},"image":{"@id":"https:\/\/templatetoaster.com\/pl\/virtuemart-template-builder#primaryimage"},"thumbnailUrl":"https:\/\/templatetoaster.com\/wp-content\/uploads\/2017\/04\/multiple-language.png","datePublished":"2018-04-09T11:07:17+00:00","dateModified":"2018-12-11T12:12:29+00:00","description":"Kreator Motyw\u00f3w VirtueMart - TemplateToaster pozwoli Ci zrobi\u0107 sobie przerw\u0119 od kodowania. Projektuj strony jak profesjonalista w ci\u0105gu kilku minut!","breadcrumb":{"@id":"https:\/\/templatetoaster.com\/pl\/virtuemart-template-builder#breadcrumb"},"inLanguage":"pl-PL","potentialAction":[{"@type":"ReadAction","target":["https:\/\/templatetoaster.com\/pl\/virtuemart-template-builder"]}]},{"@type":"ImageObject","inLanguage":"pl-PL","@id":"https:\/\/templatetoaster.com\/pl\/virtuemart-template-builder#primaryimage","url":"https:\/\/templatetoaster.com\/wp-content\/uploads\/2017\/04\/multiple-language.png","contentUrl":"https:\/\/templatetoaster.com\/wp-content\/uploads\/2017\/04\/multiple-language.png"},{"@type":"BreadcrumbList","@id":"https:\/\/templatetoaster.com\/pl\/virtuemart-template-builder#breadcrumb","itemListElement":[{"@type":"ListItem","position":1,"name":"Home","item":"https:\/\/templatetoaster.com\/pl"},{"@type":"ListItem","position":2,"name":"Virtuemart Template Builder"}]},{"@type":"WebSite","@id":"https:\/\/templatetoaster.com\/#website","url":"https:\/\/templatetoaster.com\/","name":"TemplateToaster","description":"","publisher":{"@id":"https:\/\/templatetoaster.com\/#organization"},"inLanguage":"pl-PL"},{"@type":"Organization","@id":"https:\/\/templatetoaster.com\/#organization","name":"TemplateToaster","url":"https:\/\/templatetoaster.com\/","logo":{"@type":"ImageObject","inLanguage":"pl-PL","@id":"https:\/\/templatetoaster.com\/#\/schema\/logo\/image\/","url":"https:\/\/templatetoaster.com\/wp-content\/uploads\/2019\/11\/TemplateToaster_Logo.jpg","contentUrl":"https:\/\/templatetoaster.com\/wp-content\/uploads\/2019\/11\/TemplateToaster_Logo.jpg","width":85,"height":85,"caption":"TemplateToaster"},"image":{"@id":"https:\/\/templatetoaster.com\/#\/schema\/logo\/image\/"},"sameAs":["https:\/\/www.facebook.com\/TemplateToaster","https:\/\/x.com\/templatetoaster","https:\/\/www.instagram.com\/templatetoaster\/","https:\/\/www.linkedin.com\/company\/templatetoaster\/","https:\/\/www.pinterest.com\/templatetoaster\/","https:\/\/www.youtube.com\/@TemplateToaster"]}]}},"_links":{"self":[{"href":"https:\/\/templatetoaster.com\/pl\/wp-json\/wp\/v2\/pages\/3800"}],"collection":[{"href":"https:\/\/templatetoaster.com\/pl\/wp-json\/wp\/v2\/pages"}],"about":[{"href":"https:\/\/templatetoaster.com\/pl\/wp-json\/wp\/v2\/types\/page"}],"author":[{"embeddable":true,"href":"https:\/\/templatetoaster.com\/pl\/wp-json\/wp\/v2\/users\/1"}],"replies":[{"embeddable":true,"href":"https:\/\/templatetoaster.com\/pl\/wp-json\/wp\/v2\/comments?post=3800"}],"version-history":[{"count":5,"href":"https:\/\/templatetoaster.com\/pl\/wp-json\/wp\/v2\/pages\/3800\/revisions"}],"predecessor-version":[{"id":6782,"href":"https:\/\/templatetoaster.com\/pl\/wp-json\/wp\/v2\/pages\/3800\/revisions\/6782"}],"wp:attachment":[{"href":"https:\/\/templatetoaster.com\/pl\/wp-json\/wp\/v2\/media?parent=3800"}],"curies":[{"name":"wp","href":"https:\/\/api.w.org\/{rel}","templated":true}]}}