{"id":3774,"date":"2018-04-06T12:06:19","date_gmt":"2018-04-06T12:06:19","guid":{"rendered":"http:\/\/templatetoaster.com?page_id=3774"},"modified":"2019-08-27T10:36:23","modified_gmt":"2019-08-27T10:36:23","slug":"drupal-theme-generator","status":"publish","type":"page","link":"https:\/\/templatetoaster.com\/pl\/drupal-theme-generator","title":{"rendered":"Generator motyw\u00f3w Drupal"},"content":{"rendered":"<div class=\"section1 wp-theme-generator\">\n<div style=\"margin: 115px 0 16px;\">\n<h1>Kreator Motyw\u00f3w Drupal<\/h1>\n<p class=\"text-center\">Drupal Website Builder and Drupal Theme Builder<\/p>\n<div style=\"text-align: center;\"><a class=\"btn download_btn\" href=\"https:\/\/templatetoaster.com\/pl\/download\">Pobierz teraz<\/a><\/div>\n<div class=\"clearfix\"><\/div>\n<\/div>\n<\/div>\n<p><!--- What is TemplateToaster Section --><\/p>\n<div class=\"section2 wp-theme-generator\">\n<div class=\"section2-inner\">\n<h2>Dlaczego warto korzysta\u0107 z TemplateToaster jako Kreatora Motyw\u00f3w Drupal?<\/h2>\n<p>Osi\u0105gnij perfekcj\u0119 korzystaj\u0105c z tego Kreatora Stron dla platformy Drupal. Tw\u00f3rz z dok\u0142adno\u015bci\u0105 co do piksela! Nie potrzebujesz \u017cadnej wiedzy na temat HTML\/CSS. ThemeToaster pozwoli Ci stworzy\u0107 onie\u015bmielaj\u0105co pi\u0119kne strony za pomoc\u0105 kilku klikni\u0119\u0107!<\/p>\n<\/div>\n<\/div>\n<p><!--- section 3 starts --><\/p>\n<div class=\"section3 wp-theme-generator\">\n<div class=\"section3-inner\">\n<h2>How it Works?<\/h2>\n<div class=\"row\">\n<div class=\"col-lg-4 col-md-4 col-sm-6 col-xs-12\">\n<div class=\"media\">\n<div class=\"landing_page_svg download\"><\/div>\n<h3 class=\"text-center\">Pobierz TemplateToaster i wejd\u017a na nowy poziom projektowania<\/h3>\n<p class=\"text-center\">Pobierz i zainstaluj ten Generator Stron Drupala na sw\u00f3j komputer. Wypr\u00f3buj wszystkie funkcje i daj si\u0119 wci\u0105gn\u0105\u0107. Tw\u00f3rz w taki spos\u00f3b w jaki zawsze chcia\u0142e\u015b tworzy\u0107!<\/p>\n<\/div>\n<\/div>\n<div class=\"clearfix visible-xs-block\"><\/div>\n<div class=\"col-lg-4 col-md-4 col-sm-6 col-xs-12\">\n<div class=\"media\">\n<div class=\"landing_page_svg build-wp-theme\"><\/div>\n<h3 class=\"text-center\">Interfejs Przeci\u0105gnij i Upu\u015b\u0107<\/h3>\n<p class=\"text-center\">Modyfikuj nasze gotowe szablonu, tak aby dopasowa\u0107 je do swoich potrzeb, lub zacznij od zera! Stw\u00f3rz pi\u0119kny motyw za pomoc\u0105 ThemeToaster w ci\u0105gu kilku minut!!<\/p>\n<\/div>\n<\/div>\n<div class=\"clearfix visible-sm-block visible-xs-block\"><\/div>\n<div class=\"col-lg-4 col-md-4 col-sm-6 col-xs-12\">\n<div class=\"media\">\n<div class=\"landing_page_svg export-upload\"><\/div>\n<h3 class=\"text-center\">Wgraj sw\u00f3j Motyw w mgnieniu oka!<\/h3>\n<p class=\"text-center\">Sko\u0144czy\u0142e\u015b projektowa\u0107 i jeste\u015b zadowolony z efektu? Aktywuj nowy szablon i przejd\u017a do strony g\u0142\u00f3wnej, aby zobaczy\u0107 efekt!<\/p>\n<\/div>\n<\/div>\n<div class=\"clearfix visible-lg-block visible-md-block visible-sm-block visible-xs-block\"><\/div>\n<\/div>\n<\/div>\n<\/div>\n<div class=\"video-section wp-theme-generator\">\n<div class=\"container\">\n<h2 style=\"text-transform: none;\">Demonstrala Kreatora Szablon\u00f3w Drupal<\/h2>\n<div class=\"youtube-video-place embed-responsive embed-responsive-4by3 \" data-yt-url=\"https:\/\/www.youtube.com\/embed\/G7r1RLGGY9Y?rel=0&amp;showinfo=0&amp;autoplay=1\">\n<p><img loading=\"lazy\" decoding=\"async\" class=\"alignnone size-full wp-image-66108\" src=\"https:\/\/templatetoaster.com\/wp-content\/uploads\/2019\/08\/Demonstrala-Kreatora-Szablon\u00f3w-Drupal.jpg\" alt=\"Demonstrala Kreatora Szablon\u00f3w Drupal\" width=\"1366\" height=\"728\" srcset=\"https:\/\/templatetoaster.com\/wp-content\/uploads\/2019\/08\/Demonstrala-Kreatora-Szablon\u00f3w-Drupal.jpg 1366w, https:\/\/templatetoaster.com\/wp-content\/uploads\/2019\/08\/Demonstrala-Kreatora-Szablon\u00f3w-Drupal-1000x533.jpg 1000w, https:\/\/templatetoaster.com\/wp-content\/uploads\/2019\/08\/Demonstrala-Kreatora-Szablon\u00f3w-Drupal-300x160.jpg 300w, https:\/\/templatetoaster.com\/wp-content\/uploads\/2019\/08\/Demonstrala-Kreatora-Szablon\u00f3w-Drupal-768x409.jpg 768w, https:\/\/templatetoaster.com\/wp-content\/uploads\/2019\/08\/Demonstrala-Kreatora-Szablon\u00f3w-Drupal-1024x546.jpg 1024w\" sizes=\"(max-width: 1366px) 100vw, 1366px\" \/><\/p>\n<div class=\"play-youtube-video\">\n<div class=\"theme_icon cms_bg\"><\/div>\n<\/div>\n<\/div>\n<\/div>\n<\/div>\n<div class=\"section4 wp-theme-generator\">\n<h2>Funkcje Kreatora Motyw\u00f3w Drupal<\/h2>\n<p class=\"section4-paragraph\">Nie oceniony generator stron drupal dopakowany w najlepsze funkcje. Tw\u00f3rz jak profesjonalista w ci\u0105gu kilku minut!<\/p>\n<div class=\"row\">\n<div class=\"col-lg-4 col-md-4 col-sm-6 col-sx-12\">\n<div style=\"padding: 20px;\">\n<div class=\"text-center\">\n<div class=\"wp_feature landing_page_svg drupal-version\" style=\"margin-right: 10px; display: inline-block; float: none; vertical-align: middle; background-position: -295px -1310px;\"><\/div>\n<\/div>\n<h3 style=\"margin: 20px 0px 10px; text-align: center;\">Kompatybilno\u015b\u0107 z wersjami Drupala<\/h3>\n<p class=\"text-center\">Tw\u00f3rz szablony Drupala w pe\u0142ni kompatybilne z ostatnim Drupalem 8 i Drupalem 7. Motywy w pe\u0142ni zgodne z ostatnimi nowo\u015bciami z Drupala 8!<\/p>\n<\/div>\n<\/div>\n<div class=\"clearfix visible-xs-block\"><\/div>\n<div class=\"col-lg-4 col-md-4 col-sm-6 col-sx-12\">\n<div style=\"padding: 20px;\">\n<div class=\"text-center\">\n<div class=\"wp_feature landing_page_svg custom-widget-areas\"><\/div>\n<\/div>\n<h3 style=\"margin: 20px 0 10px; text-align: center;\">Nielimitowana ilo\u015b\u0107 stref edycji!<\/h3>\n<p class=\"text-center\">Ten Kreator Motyw\u00f3w Drupal wspiera tworzenie nielimitowanej liczby blok\u00f3w, w celu dodania zaawansowanych mo\u017cliwo\u015bci. Tw\u00f3rz dopasowane rejony np. pod i nad nag\u0142\u00f3wkiem, stopk\u0105, tre\u015bci, slajderem itp. Co wi\u0119cej dodaj w\u0142asny niestandardowy styl t\u0142a, obrazk\u00f3w itp.<\/p>\n<\/div>\n<\/div>\n<div class=\"clearfix visible-sm-block visible-xs-block\"><\/div>\n<div class=\"col-md-4 col-sm-6 col-sx-12\">\n<div style=\"padding: 20px;\">\n<div class=\"text-center\">\n<div class=\"wp_feature landing_page_svg custom-layout\"><\/div>\n<\/div>\n<h3 style=\"margin: 20px 0 10px; text-align: center;\">Niestandardowe opcje szablonu<\/h3>\n<p class=\"text-center\">Uk\u0142ad motywu mo\u017ce mie\u0107 ustalon\u0105 szeroko\u015b\u0107 lub p\u0142ynn\u0105 szeroko\u015b\u0107. Uk\u0142ady o p\u0142ynnej szeroko\u015bci (w oparciu o procenty), s\u0105 niezwykle responsywne. Niestandardowe style mo\u017cna zastosowa\u0107 do uk\u0142adu motywu, takie jak kolor t\u0142a, kolor czcionki, typ czcionki itp.<\/p>\n<\/div>\n<\/div>\n<div class=\"clearfix visible-lg-block visible-md-block visible-xs-block\"><\/div>\n<div class=\"col-md-4 col-sm-6 col-sx-12\">\n<div style=\"padding: 20px;\">\n<div class=\"text-center\">\n<div class=\"wp_feature landing_page_svg slider-position\"><\/div>\n<\/div>\n<h3 style=\"margin: 20px 0 10px; text-align: center;\">Pozycja Slajdera<\/h3>\n<p class=\"text-center\">Ol\u015bniewaj\u0105cy slajder na stronie g\u0142\u00f3wnej witryny przyci\u0105ga uwag\u0119 odwiedzaj\u0105cych. Zaprojektuj i dostosuj slajder wed\u0142ug w\u0142asnego uznania i umie\u015b\u0107 go nad nag\u0142\u00f3wkiem lub menu, pod nag\u0142\u00f3wkiem lub menu oraz pomi\u0119dzy nag\u0142\u00f3wkiem i menu.<\/p>\n<\/div>\n<\/div>\n<div class=\"clearfix visible-sm-block visible-xs-block\"><\/div>\n<div class=\"col-md-4 col-sm-6 col-sx-12\">\n<div style=\"padding: 20px;\">\n<div class=\"text-center\">\n<div class=\"wp_feature landing_page_svg bootstrap-compatibility\"><\/div>\n<\/div>\n<h3 style=\"margin: 20px 0 10px; text-align: center;\">Oparty o Bootstrapie<\/h3>\n<p class=\"text-center\">Projekty stworzone za jego pomoc\u0105 s\u0105 oparte na strukturze Bootstrap i s\u0105 w pe\u0142ni responsywne i przyjazne dla urz\u0105dze\u0144 mobilnych.<\/p>\n<\/div>\n<\/div>\n<div class=\"clearfix visible-xs-block\"><\/div>\n<div class=\"col-md-4 col-sm-6 col-sx-12\">\n<div style=\"padding: 20px;\">\n<div class=\"text-center\">\n<div class=\"wp_feature landing_page_svg extension-friendly-templates\"><\/div>\n<\/div>\n<h3 style=\"margin: 20px 0 10px; text-align: center;\">Motywy przyjazne modu\u0142om<\/h3>\n<p class=\"text-center\">Pi\u0119kne szablony witryny stworzone za pomoc\u0105 tego oprogramowania s\u0105 przyjazne modu\u0142om, co pozwala zainstalowa\u0107 dowoln\u0105 liczb\u0119 rozszerze\u0144 na swojej stronie. Mo\u017cna doda\u0107 wiele rozszerze\u0144, takich jak Backup &amp; Migrate, Drush + drush make, Devel, Lightbox2 i tak dalej<\/p>\n<\/div>\n<\/div>\n<div class=\"clearfix visible-lg-block visible-md-block visible-sm-block visible-xs-block\"><\/div>\n<\/div>\n<\/div>\n<p><!--Section Features with WP--><\/p>\n<div class=\"section5 wp-theme-generator\" style=\"padding: 70px 10px; margin-bottom: 2px;\">\n<div style=\"margin: 40px 0px 20px;\">\n<h2 style=\"margin-bottom: 65px;\">Najwa\u017cniejsze funckcje<\/h2>\n<div class=\"feature_with_wp row\">\n<div class=\"col-lg-4 col-md-4 col-sm-4 col-xs-6\">\n<div class=\"feature_wpimg\"><img decoding=\"async\" class=\"img-responsive\" src=\"https:\/\/templatetoaster.com\/wp-content\/uploads\/2017\/04\/multiple-language.png\" alt=\"Support Multiple Language\" \/><\/div>\n<\/div>\n<div class=\"col-lg-4 col-md-4 col-sm-4 col-xs-6\">\n<div class=\"feature_wpimg\"><img decoding=\"async\" class=\"img-responsive\" src=\"https:\/\/templatetoaster.com\/wp-content\/uploads\/2017\/04\/mobile-optimization.png\" alt=\"Mobile Optimization\" \/><\/div>\n<\/div>\n<div class=\"clearfix visible-xs-block\"><\/div>\n<div class=\"col-lg-4 col-md-4 col-sm-4 col-xs-6\">\n<div class=\"feature_wpimg\"><img decoding=\"async\" class=\"img-responsive\" src=\"https:\/\/templatetoaster.com\/wp-content\/uploads\/2017\/04\/drag-drop.png\" alt=\"Drag and Drop\" \/><\/div>\n<\/div>\n<div class=\"clearfix visible-lg-block visible-md-block visible-sm-block\"><\/div>\n<div class=\"col-lg-4 col-md-4 col-sm-4 col-xs-6\">\n<div class=\"feature_wpimg\"><img decoding=\"async\" class=\"img-responsive\" src=\"https:\/\/templatetoaster.com\/wp-content\/uploads\/2017\/04\/demo-templats.png\" alt=\"Demo themes\" \/><\/div>\n<\/div>\n<div class=\"clearfix visible-xs-block\"><\/div>\n<div class=\"col-lg-4 col-md-4 col-sm-4 col-xs-6\">\n<div class=\"feature_wpimg\"><img decoding=\"async\" class=\"img-responsive\" src=\"https:\/\/templatetoaster.com\/wp-content\/uploads\/2017\/04\/mega-menu.png\" alt=\"Mega Menu\" \/><\/div>\n<\/div>\n<div class=\"col-lg-4 col-md-4 col-sm-4 col-xs-6\">\n<div class=\"feature_wpimg\"><img decoding=\"async\" class=\"img-responsive\" src=\"https:\/\/templatetoaster.com\/wp-content\/uploads\/2017\/04\/right-to-left.png\" alt=\"Right To Left\" \/><\/div>\n<\/div>\n<div class=\"clearfix visible-lg-block visible-md-block visible-sm-block visible-xs-block\"><\/div>\n<div class=\"col-lg-4 col-md-4 col-sm-4 col-xs-6\">\n<div class=\"feature_wpimg\"><img decoding=\"async\" class=\"img-responsive\" src=\"https:\/\/templatetoaster.com\/wp-content\/uploads\/2017\/04\/amazing-slideshow.png\" alt=\"Amazing Slideshow\" \/><\/div>\n<\/div>\n<div class=\"col-lg-4 col-md-4 col-sm-4 col-xs-6\">\n<div class=\"feature_wpimg\"><img decoding=\"async\" class=\"img-responsive\" src=\"https:\/\/templatetoaster.com\/wp-content\/uploads\/2017\/04\/zero-coding.png\" alt=\"Zero Coding\" \/><\/div>\n<\/div>\n<div class=\"clearfix visible-xs-block\"><\/div>\n<div class=\"col-lg-4 col-md-4 col-sm-4 col-xs-6\">\n<div class=\"feature_wpimg\"><img decoding=\"async\" class=\"img-responsive\" src=\"https:\/\/templatetoaster.com\/wp-content\/uploads\/2017\/04\/custom-css.png\" alt=\"Custom CSS, JS and PHP\" \/><\/div>\n<\/div>\n<div class=\"clearfix visible-lg-block visible-md-block visible-sm-block visible-xs-block\"><\/div>\n<\/div>\n<\/div>\n<\/div>\n<p><!--Section Gallery--><\/p>\n<div class=\"section7 wp-theme-generator\" style=\"padding: 100px 10px; background-color: #f1f4f8; margin-bottom: 2px;\">\n<h2>Nasze standardy<\/h2>\n<div class=\"row\">\n<div class=\"col-lg-4 col-md-4 col-sm-6 col-xs-12\">\n<div style=\"padding: 20px;\">\n<div class=\"text-center\">\n<div class=\"wp_feature landing_page_svg w3c-validation\"><\/div>\n<\/div>\n<h3 style=\"margin: 20px 0px 10px; text-align: center;\">Zgodno\u015b\u0107 z W3C<\/h3>\n<p class=\"text-center\">Stworzony kod HTML i CSS za pomoc\u0105 tego wyj\u0105tkowego programu jest zgodny z W3C. Dodatkowo spe\u0142nia mi\u0119dzynarodowe standardy, by strona by\u0142a kompatybilna w ka\u017cdej przegl\u0105darce!<\/p>\n<\/div>\n<\/div>\n<div class=\"clearfix visible-xs-block\"><\/div>\n<div class=\"col-lg-4 col-md-4 col-sm-6 col-xs-12\">\n<div style=\"padding: 20px;\">\n<div class=\"text-center\">\n<div class=\"wp_feature landing_page_svg theme-check-plugin-pass\"><\/div>\n<\/div>\n<h3 style=\"margin: 20px 0 10px; text-align: center;\">Standardy HTML5 i CSS3<\/h3>\n<p class=\"text-center\">TemplateToaster jest zgodny z ostatnimi standardami HTML5 i CSS3. Motywy stworzone w tym programie s\u0105 lekkie, gdy\u017c nie korzystaj\u0105 z ci\u0119\u017cki kontener\u00f3w.<\/p>\n<\/div>\n<\/div>\n<div class=\"clearfix visible-sm-block visible-xs-block\"><\/div>\n<div class=\"col-lg-4 col-md-4 col-sm-6 col-xs-12\">\n<div style=\"padding: 20px;\">\n<div class=\"text-center\">\n<div class=\"wp_feature landing_page_svg page-speed\"><\/div>\n<\/div>\n<h3 style=\"margin: 20px 0 10px; text-align: center;\">Szybkie \u0142adowanie strony<\/h3>\n<p class=\"text-center\">Motyw Drupala stworzony w tym programie wczytuje si\u0119 w b\u0142yskawicznym tempie i zdaje ka\u017cdy test pr\u0119dko\u015bci. To wspania\u0142a cecha, kt\u00f3ra pozwoli Ci zdoby\u0107 wi\u0119cej publiczno\u015bci!<\/p>\n<\/div>\n<\/div>\n<div class=\"clearfix visible-lg-block visible-md-block visible-xs-block\"><\/div>\n<\/div>\n<\/div>\n<p><!--- section 6 starts --><\/p>\n<div class=\"section6 wp-theme-generator\" style=\"padding: 50px 10px;\">\n<div style=\"margin: 70px 0px 20px;\">\n<h2>Wspiera wszystkie g\u0142\u00f3wne CMSy<\/h2>\n<div class=\"section-center\" style=\"padding-bottom: 50px;\">\n<div class=\"main-cms-section\">\n<div class=\"cms-section\">\n<div class=\"text-center\">\n<div class=\"wp_feature landing_page_svg drupal\"><\/div>\n<\/div>\n<\/div>\n<\/div>\n<div class=\"other-cms-section\">\n<div class=\"cms-section\">\n<div class=\"text-center\">\n<div class=\"wp_feature landing_page_svg wordpress\"><\/div>\n<\/div>\n<\/div>\n<div class=\"cms-section\">\n<div class=\"text-center\">\n<div class=\"wp_feature landing_page_svg woocommerce\"><\/div>\n<\/div>\n<\/div>\n<div class=\"cms-section\">\n<div class=\"text-center\">\n<div class=\"wp_feature landing_page_svg opencart\"><\/div>\n<\/div>\n<\/div>\n<div class=\"cms-section\">\n<div class=\"text-center\">\n<div class=\"wp_feature landing_page_svg blogger\"><\/div>\n<\/div>\n<\/div>\n<div class=\"cms-section\">\n<div class=\"text-center\">\n<div class=\"wp_feature landing_page_svg joomla\"><\/div>\n<\/div>\n<\/div>\n<div class=\"cms-section\">\n<div class=\"text-center\">\n<div class=\"wp_feature landing_page_svg virtuemart\"><\/div>\n<\/div>\n<\/div>\n<div class=\"cms-section\">\n<div class=\"text-center\">\n<div class=\"wp_feature landing_page_svg magento\"><\/div>\n<\/div>\n<\/div>\n<div class=\"cms-section\">\n<div class=\"text-center\">\n<div class=\"wp_feature landing_page_svg prestashop\"><\/div>\n<\/div>\n<\/div>\n<div class=\"cms-section\">\n<div class=\"text-center\">\n<div class=\"wp_feature landing_page_svg html\"><\/div>\n<\/div>\n<\/div>\n<\/div>\n<\/div>\n<div style=\"text-align: center; margin-top: 30px;\"><a class=\"btn download_btn\" href=\"https:\/\/templatetoaster.com\/pl\/download\">Pobierz teraz<\/a><\/div>\n<\/div>\n<\/div>\n","protected":false},"excerpt":{"rendered":"<p>Kreator Motyw\u00f3w Drupal Drupal Website Builder and Drupal Theme Builder Pobierz teraz Dlaczego warto korzysta\u0107 z TemplateToaster jako Kreatora Motyw\u00f3w Drupal? Osi\u0105gnij perfekcj\u0119 korzystaj\u0105c z tego Kreatora Stron dla platformy Drupal. Tw\u00f3rz z dok\u0142adno\u015bci\u0105 co do piksela! Nie potrzebujesz \u017cadnej &hellip; <a href=\"https:\/\/templatetoaster.com\/pl\/drupal-theme-generator\">Continue Reading<span class=\"meta-nav\">&rarr;<\/span><\/a><\/p>\n","protected":false},"author":1,"featured_media":0,"parent":0,"menu_order":0,"comment_status":"closed","ping_status":"closed","template":"","meta":{"footnotes":""},"yoast_head":"<!-- This site is optimized with the Yoast SEO plugin v23.5 - https:\/\/yoast.com\/wordpress\/plugins\/seo\/ -->\n<title>Kreator Motyw\u00f3w Drupal - TemplateToaster<\/title>\n<meta name=\"description\" content=\"Projektuj witryny i motywy za pomoc\u0105 tego Kreatora Motyw\u00f3w Drupal. Ten Kreator Stron Drupal oferuje interfejs Przeci\u0105gnij i Upu\u015b\u0107, kt\u00f3ry nie wymaga zdolno\u015bci kodowania. Darmowe motywy.\" \/>\n<meta name=\"robots\" content=\"index, follow, max-snippet:-1, max-image-preview:large, max-video-preview:-1\" \/>\n<link rel=\"canonical\" href=\"https:\/\/templatetoaster.com\/pl\/drupal-theme-generator\" \/>\n<meta property=\"og:locale\" content=\"pl_PL\" \/>\n<meta property=\"og:type\" content=\"article\" \/>\n<meta property=\"og:title\" content=\"Kreator Motyw\u00f3w Drupal - TemplateToaster\" \/>\n<meta property=\"og:description\" content=\"Projektuj witryny i motywy za pomoc\u0105 tego Kreatora Motyw\u00f3w Drupal. Ten Kreator Stron Drupal oferuje interfejs Przeci\u0105gnij i Upu\u015b\u0107, kt\u00f3ry nie wymaga zdolno\u015bci kodowania. Darmowe motywy.\" \/>\n<meta property=\"og:url\" content=\"https:\/\/templatetoaster.com\/pl\/drupal-theme-generator\" \/>\n<meta property=\"og:site_name\" content=\"TemplateToaster\" \/>\n<meta property=\"article:publisher\" content=\"https:\/\/www.facebook.com\/TemplateToaster\" \/>\n<meta property=\"article:modified_time\" content=\"2019-08-27T10:36:23+00:00\" \/>\n<meta property=\"og:image\" content=\"https:\/\/templatetoaster.com\/wp-content\/uploads\/2017\/04\/multiple-language.png\" \/>\n<meta name=\"twitter:card\" content=\"summary_large_image\" \/>\n<meta name=\"twitter:site\" content=\"@templatetoaster\" \/>\n<meta name=\"twitter:label1\" content=\"Szacowany czas czytania\" \/>\n\t<meta name=\"twitter:data1\" content=\"3 minuty\" \/>\n<script type=\"application\/ld+json\" class=\"yoast-schema-graph\">{\"@context\":\"https:\/\/schema.org\",\"@graph\":[{\"@type\":\"WebPage\",\"@id\":\"https:\/\/templatetoaster.com\/pl\/drupal-theme-generator\",\"url\":\"https:\/\/templatetoaster.com\/pl\/drupal-theme-generator\",\"name\":\"Kreator Motyw\u00f3w Drupal - TemplateToaster\",\"isPartOf\":{\"@id\":\"https:\/\/templatetoaster.com\/#website\"},\"primaryImageOfPage\":{\"@id\":\"https:\/\/templatetoaster.com\/pl\/drupal-theme-generator#primaryimage\"},\"image\":{\"@id\":\"https:\/\/templatetoaster.com\/pl\/drupal-theme-generator#primaryimage\"},\"thumbnailUrl\":\"https:\/\/templatetoaster.com\/wp-content\/uploads\/2017\/04\/multiple-language.png\",\"datePublished\":\"2018-04-06T12:06:19+00:00\",\"dateModified\":\"2019-08-27T10:36:23+00:00\",\"description\":\"Projektuj witryny i motywy za pomoc\u0105 tego Kreatora Motyw\u00f3w Drupal. Ten Kreator Stron Drupal oferuje interfejs Przeci\u0105gnij i Upu\u015b\u0107, kt\u00f3ry nie wymaga zdolno\u015bci kodowania. Darmowe motywy.\",\"breadcrumb\":{\"@id\":\"https:\/\/templatetoaster.com\/pl\/drupal-theme-generator#breadcrumb\"},\"inLanguage\":\"pl-PL\",\"potentialAction\":[{\"@type\":\"ReadAction\",\"target\":[\"https:\/\/templatetoaster.com\/pl\/drupal-theme-generator\"]}]},{\"@type\":\"ImageObject\",\"inLanguage\":\"pl-PL\",\"@id\":\"https:\/\/templatetoaster.com\/pl\/drupal-theme-generator#primaryimage\",\"url\":\"https:\/\/templatetoaster.com\/wp-content\/uploads\/2017\/04\/multiple-language.png\",\"contentUrl\":\"https:\/\/templatetoaster.com\/wp-content\/uploads\/2017\/04\/multiple-language.png\"},{\"@type\":\"BreadcrumbList\",\"@id\":\"https:\/\/templatetoaster.com\/pl\/drupal-theme-generator#breadcrumb\",\"itemListElement\":[{\"@type\":\"ListItem\",\"position\":1,\"name\":\"Home\",\"item\":\"https:\/\/templatetoaster.com\/pl\"},{\"@type\":\"ListItem\",\"position\":2,\"name\":\"Generator motyw\u00f3w Drupal\"}]},{\"@type\":\"WebSite\",\"@id\":\"https:\/\/templatetoaster.com\/#website\",\"url\":\"https:\/\/templatetoaster.com\/\",\"name\":\"TemplateToaster\",\"description\":\"\",\"publisher\":{\"@id\":\"https:\/\/templatetoaster.com\/#organization\"},\"inLanguage\":\"pl-PL\"},{\"@type\":\"Organization\",\"@id\":\"https:\/\/templatetoaster.com\/#organization\",\"name\":\"TemplateToaster\",\"url\":\"https:\/\/templatetoaster.com\/\",\"logo\":{\"@type\":\"ImageObject\",\"inLanguage\":\"pl-PL\",\"@id\":\"https:\/\/templatetoaster.com\/#\/schema\/logo\/image\/\",\"url\":\"https:\/\/templatetoaster.com\/wp-content\/uploads\/2019\/11\/TemplateToaster_Logo.jpg\",\"contentUrl\":\"https:\/\/templatetoaster.com\/wp-content\/uploads\/2019\/11\/TemplateToaster_Logo.jpg\",\"width\":85,\"height\":85,\"caption\":\"TemplateToaster\"},\"image\":{\"@id\":\"https:\/\/templatetoaster.com\/#\/schema\/logo\/image\/\"},\"sameAs\":[\"https:\/\/www.facebook.com\/TemplateToaster\",\"https:\/\/x.com\/templatetoaster\",\"https:\/\/www.instagram.com\/templatetoaster\/\",\"https:\/\/www.linkedin.com\/company\/templatetoaster\/\",\"https:\/\/www.pinterest.com\/templatetoaster\/\",\"https:\/\/www.youtube.com\/@TemplateToaster\"]}]}<\/script>\n<!-- \/ Yoast SEO plugin. -->","yoast_head_json":{"title":"Kreator Motyw\u00f3w Drupal - TemplateToaster","description":"Projektuj witryny i motywy za pomoc\u0105 tego Kreatora Motyw\u00f3w Drupal. Ten Kreator Stron Drupal oferuje interfejs Przeci\u0105gnij i Upu\u015b\u0107, kt\u00f3ry nie wymaga zdolno\u015bci kodowania. Darmowe motywy.","robots":{"index":"index","follow":"follow","max-snippet":"max-snippet:-1","max-image-preview":"max-image-preview:large","max-video-preview":"max-video-preview:-1"},"canonical":"https:\/\/templatetoaster.com\/pl\/drupal-theme-generator","og_locale":"pl_PL","og_type":"article","og_title":"Kreator Motyw\u00f3w Drupal - TemplateToaster","og_description":"Projektuj witryny i motywy za pomoc\u0105 tego Kreatora Motyw\u00f3w Drupal. Ten Kreator Stron Drupal oferuje interfejs Przeci\u0105gnij i Upu\u015b\u0107, kt\u00f3ry nie wymaga zdolno\u015bci kodowania. Darmowe motywy.","og_url":"https:\/\/templatetoaster.com\/pl\/drupal-theme-generator","og_site_name":"TemplateToaster","article_publisher":"https:\/\/www.facebook.com\/TemplateToaster","article_modified_time":"2019-08-27T10:36:23+00:00","og_image":[{"url":"https:\/\/templatetoaster.com\/wp-content\/uploads\/2017\/04\/multiple-language.png"}],"twitter_card":"summary_large_image","twitter_site":"@templatetoaster","twitter_misc":{"Szacowany czas czytania":"3 minuty"},"schema":{"@context":"https:\/\/schema.org","@graph":[{"@type":"WebPage","@id":"https:\/\/templatetoaster.com\/pl\/drupal-theme-generator","url":"https:\/\/templatetoaster.com\/pl\/drupal-theme-generator","name":"Kreator Motyw\u00f3w Drupal - TemplateToaster","isPartOf":{"@id":"https:\/\/templatetoaster.com\/#website"},"primaryImageOfPage":{"@id":"https:\/\/templatetoaster.com\/pl\/drupal-theme-generator#primaryimage"},"image":{"@id":"https:\/\/templatetoaster.com\/pl\/drupal-theme-generator#primaryimage"},"thumbnailUrl":"https:\/\/templatetoaster.com\/wp-content\/uploads\/2017\/04\/multiple-language.png","datePublished":"2018-04-06T12:06:19+00:00","dateModified":"2019-08-27T10:36:23+00:00","description":"Projektuj witryny i motywy za pomoc\u0105 tego Kreatora Motyw\u00f3w Drupal. Ten Kreator Stron Drupal oferuje interfejs Przeci\u0105gnij i Upu\u015b\u0107, kt\u00f3ry nie wymaga zdolno\u015bci kodowania. Darmowe motywy.","breadcrumb":{"@id":"https:\/\/templatetoaster.com\/pl\/drupal-theme-generator#breadcrumb"},"inLanguage":"pl-PL","potentialAction":[{"@type":"ReadAction","target":["https:\/\/templatetoaster.com\/pl\/drupal-theme-generator"]}]},{"@type":"ImageObject","inLanguage":"pl-PL","@id":"https:\/\/templatetoaster.com\/pl\/drupal-theme-generator#primaryimage","url":"https:\/\/templatetoaster.com\/wp-content\/uploads\/2017\/04\/multiple-language.png","contentUrl":"https:\/\/templatetoaster.com\/wp-content\/uploads\/2017\/04\/multiple-language.png"},{"@type":"BreadcrumbList","@id":"https:\/\/templatetoaster.com\/pl\/drupal-theme-generator#breadcrumb","itemListElement":[{"@type":"ListItem","position":1,"name":"Home","item":"https:\/\/templatetoaster.com\/pl"},{"@type":"ListItem","position":2,"name":"Generator motyw\u00f3w Drupal"}]},{"@type":"WebSite","@id":"https:\/\/templatetoaster.com\/#website","url":"https:\/\/templatetoaster.com\/","name":"TemplateToaster","description":"","publisher":{"@id":"https:\/\/templatetoaster.com\/#organization"},"inLanguage":"pl-PL"},{"@type":"Organization","@id":"https:\/\/templatetoaster.com\/#organization","name":"TemplateToaster","url":"https:\/\/templatetoaster.com\/","logo":{"@type":"ImageObject","inLanguage":"pl-PL","@id":"https:\/\/templatetoaster.com\/#\/schema\/logo\/image\/","url":"https:\/\/templatetoaster.com\/wp-content\/uploads\/2019\/11\/TemplateToaster_Logo.jpg","contentUrl":"https:\/\/templatetoaster.com\/wp-content\/uploads\/2019\/11\/TemplateToaster_Logo.jpg","width":85,"height":85,"caption":"TemplateToaster"},"image":{"@id":"https:\/\/templatetoaster.com\/#\/schema\/logo\/image\/"},"sameAs":["https:\/\/www.facebook.com\/TemplateToaster","https:\/\/x.com\/templatetoaster","https:\/\/www.instagram.com\/templatetoaster\/","https:\/\/www.linkedin.com\/company\/templatetoaster\/","https:\/\/www.pinterest.com\/templatetoaster\/","https:\/\/www.youtube.com\/@TemplateToaster"]}]}},"_links":{"self":[{"href":"https:\/\/templatetoaster.com\/pl\/wp-json\/wp\/v2\/pages\/3774"}],"collection":[{"href":"https:\/\/templatetoaster.com\/pl\/wp-json\/wp\/v2\/pages"}],"about":[{"href":"https:\/\/templatetoaster.com\/pl\/wp-json\/wp\/v2\/types\/page"}],"author":[{"embeddable":true,"href":"https:\/\/templatetoaster.com\/pl\/wp-json\/wp\/v2\/users\/1"}],"replies":[{"embeddable":true,"href":"https:\/\/templatetoaster.com\/pl\/wp-json\/wp\/v2\/comments?post=3774"}],"version-history":[{"count":5,"href":"https:\/\/templatetoaster.com\/pl\/wp-json\/wp\/v2\/pages\/3774\/revisions"}],"predecessor-version":[{"id":66122,"href":"https:\/\/templatetoaster.com\/pl\/wp-json\/wp\/v2\/pages\/3774\/revisions\/66122"}],"wp:attachment":[{"href":"https:\/\/templatetoaster.com\/pl\/wp-json\/wp\/v2\/media?parent=3774"}],"curies":[{"name":"wp","href":"https:\/\/api.w.org\/{rel}","templated":true}]}}