{"id":3758,"date":"2018-04-06T11:35:14","date_gmt":"2018-04-06T11:35:14","guid":{"rendered":"http:\/\/templatetoaster.com?page_id=3758"},"modified":"2019-08-09T07:56:19","modified_gmt":"2019-08-09T07:56:19","slug":"faqs","status":"publish","type":"page","link":"https:\/\/templatetoaster.com\/pl\/faqs","title":{"rendered":"FAQ Najcz\u0119\u015bciej Zadawane Pytania"},"content":{"rendered":"<div class=\"tt_faq_row row\">\n<h1 class=\"heading_border\" style=\"padding-top: 40px;\">TemplateToster Najcz\u0119\u015bciej Zadawane Pytania<\/h1>\n<h4 class=\"joomla\">P: Czy mog\u0119 przenie\u015b\u0107 TemplateToaster z jednego komputera na drugi?<\/h4>\n<p class=\"wordpress\">O: Tak, mo\u017cesz \u0142atwo dezaktywowa\u0107 TemplateToaster na swoim aktualnym komputerze, zainstalowa\u0107 oprogramowanie na nowym komputerze i wtedy b\u0119dziesz w stanie aktywowa\u0107 je kolejny raz za pomoc\u0105 zakupionego klucza.<\/p>\n<h4 class=\"joomla\">P: Czy mog\u0119 zainstalowa\u0107 program na wi\u0119cej ni\u017c jednym komputerze?<\/h4>\n<p class=\"wordpress\">O: <span style=\"text-decoration: line-through;\">Nie, pozwalamy tylko na jedn\u0105 aktywacj\u0119 na klucz licencyjny<\/span>\u00a0Na pro\u015bb\u0119 naszych\u00a0 klient\u00f3w, zdecydowali\u015bmy si\u0119 zaoferowa\u0107 od teraz dwie aktywacj\u0119, z zastrze\u017ceniem, \u017ce oba komputery powinny by\u0107 w\u0142asno\u015bci\u0105 jednej osoby.<\/p>\n<h4 class=\"joomla\">P: Mog\u0119 odsprzeda\u0107 swoj\u0105 licencj\u0119?<\/h4>\n<p class=\"wordpress\">O: Tak, mo\u017cesz sprzeda\u0107 lub przetransferowa\u0107 sw\u00f3j klucz licencyjny do kogokolwiek. Mo\u017cesz nawet zmieni\u0107\u00a0w ka\u017cdym momencie szczeg\u00f3\u0142owe informacje o w\u0142a\u015bcicielu klucza takie jak imi\u0119 i nazwisko lub email z poziomu Twojego profilu klienta.<\/p>\n<h4 class=\"joomla\">P: Czy mog\u0119 sprzedawa\u0107 motywy i style stworzone za pomoc\u0105 TemplateToaster?<\/h4>\n<p class=\"wordpress\">O: Oczywi\u015bcie, mo\u017cesz sprzeda\u0107 wyeksportowane motywy do niezliczonej liczby os\u00f3b.<\/p>\n<h4 class=\"joomla\">P: Czy istnieje jakie\u015b ograniczenie liczby domen?<\/h4>\n<p class=\"wordpress\">O: Nie, nie istniej\u0105 ograniczenia zwi\u0105zane z &#8222;domenami&#8221; lub &#8222;liczb\u0105 stron&#8221;. Mo\u017cesz stworzy\u0107 tyle motyw\u00f3w lub styli dla tylu stron ile potrzebujesz.<\/p>\n<h4 class=\"joomla\">P: Co je\u015bli m\u00f3j komputer si\u0119 zawiesza?<\/h4>\n<p class=\"wordpress\">O: Po prostu napraw sw\u00f3j komputer, sformatuj go lub reinstaluj system operacyjny. Mo\u017cesz r\u00f3wnie\u017c zainstalowa\u0107 ponownie TemplateToaster i powinien automatycznie umo\u017cliwi\u0107 Ci aktywacj\u0119.<\/p>\n<h4 class=\"joomla\">P: Wasze metody p\u0142atno\u015bci mi nie odpowiadaj\u0105.<\/h4>\n<p class=\"wordpress\">O: Posiadamy kilka dodatkowych kana\u0142\u00f3w p\u0142atno\u015bci. Skontaktuj si\u0119 z nami.<\/p>\n<h4 class=\"joomla\">P: Czy TemplateToaster zawiera motywy?<\/h4>\n<p class=\"wordpress\">O: Nie, TemplateToaster nie zawiera \u017cadnych motyw\u00f3w. Tworzy unikatowe motywy lub style w trakcie dzia\u0142ania.<\/p>\n<h4 class=\"joomla\">P: Mam zainstalowan\u0105 wersj\u0119 Testow\u0105. Czy musz\u0119 instalowa\u0107 inn\u0105 wersj\u0119 po zakupie?<\/h4>\n<p class=\"wordpress\">O: Nie, musisz tylko aktywowa\u0107 aktualn\u0105 wersj\u0119 za pomoc\u0105 zakupionego klucza licencyjnego<\/p>\n<h4 class=\"joomla\">P: Czy wersja testowa posiada ograniczenie czasowe?<\/h4>\n<p class=\"wordpress\">O:Nie, wersja testowa programu nie posiada ograniczenia czasowego, ale w zamian za to b\u0119dzie wy\u015bwietla\u0107 znak wodny &#8222;Evaluation Version&#8221; wsz\u0119dzie w wyeksportowanym motywie.<\/p>\n<h4 class=\"joomla\">P: Czy mog\u0119 przej\u015b\u0107 z wersji Standard na Professional Edition?<\/h4>\n<p class=\"wordpress\">O: Tak, mo\u017cesz przej\u015b\u0107 z wersji Standard na Professional Edition poprzez zap\u0142acenie r\u00f3\u017cnicy w cenie. Po op\u0142acie, dezaktywuj aktualn\u0105 wersj\u0119 Pliki -&gt; Aktywacja -&gt; Dezaktywacja, teraz\u00a0Pliki -&gt; Preferencje -&gt; Wybierz Professional Edition i wprowad\u017a sw\u00f3j dotychczasowy klucz.<\/p>\n<h4 class=\"joomla\">P: Oferujecie Gwarancj\u0119 Zwrotu Pieni\u0119dzy?<\/h4>\n<p class=\"wordpress\">O: Nie, w zamian za to oferujemy nielimitowan\u0105 wersj\u0119 testow\u0105 i sugerujemy dok\u0142adne przetestowanie TemplateToaster przed zakupem.<\/p>\n<h4 class=\"joomla\">P: Jak wiele przegl\u0105darek wspieracie?<\/h4>\n<p class=\"wordpress\">O: Wspieramy wszystkie najwa\u017cniejsze przegl\u0105darki w\u0142\u0105czaj\u0105c w to przegl\u0105darki Firefox, Chrome, Internet Explorer, Opera, Safari itp.<\/p>\n<h4 class=\"joomla\">P: Czy wyeksportowane motywy s\u0105 zgodne z W3C?<\/h4>\n<p class=\"wordpress\">O: Tak, XHTML i CSS wyeksportowanego motywu jest zgodny z wytycznymi W3C.<\/p>\n<h4 class=\"joomla\">P: Czy wyeksportowane motywy s\u0105 przyjazne wyszukiwark\u0105 (SEO)?<\/h4>\n<p class=\"wordpress\">O: Tak, TemplateToaster wprowadza organiczne techniki SEO w celu lepszego pozycjonowania stron.<\/p>\n<h4 class=\"joomla\">P: Jak zaktualizowa\u0107 TemplateToaster?<\/h4>\n<p class=\"wordpress\">O: Pobierz ostatni\u0105 wersj\u0119 z naszej strony <a href=\"https:\/\/templatetoaster.com\/download\">pobierania<\/a>\u00a0i kliknij dwa razy na pobranym pliku instalacyjnym. Powinien automatycznie zaktualizowa\u0107 program.<\/p>\n<h4 class=\"joomla\">P: W jak wielu j\u0119zykach jest dost\u0119pny TemplateToaster?<\/h4>\n<p class=\"wordpress\">O: TemplateToaster jest dost\u0119pny w 8 j\u0119zykach. Odwied\u017a t\u0105 <a href=\"https:\/\/templatetoaster.com\/download\">stron\u0119<\/a> po wi\u0119cej szczeg\u00f3\u0142\u00f3w.<\/p>\n<h4 class=\"joomla\">P: W jak wielu j\u0119zykach pracuj\u0105 wygenerowane strony i motywy?<\/h4>\n<p class=\"wordpress\">O: Motywy i strony internetowe stworzone w TemplateToaster, s\u0105 niezale\u017cne od j\u0119zyka interfejsu. Mo\u017ce ich u\u017cywa\u0107 w dowolnym j\u0119zyku.<\/p>\n<h4 class=\"joomla\">P: Kiedy wyga\u015bnie moja kopia TemplateToaster?<\/h4>\n<p class=\"wordpress\">O: Mo\u017cesz u\u017cywa\u0107 zakupionej wersji do\u017cywotnio. Oferujemy darmowe aktualizacj\u0119 przez rok dla ka\u017cdej licencji, to znaczy, \u017ce b\u0119dziesz wstanie zaktualizowa\u0107 program do ka\u017cdej wersji wydanej przez rok od zakupu. Po tym czasie, mo\u017cesz odnowi\u0107 subskrypcj\u0119 lub kontynuowa\u0107 korzystanie z zakupionej wersji. Roczne odnowienie aktualizacji b\u0119dzie kosztowa\u0107 Ci\u0119 40% ceny produktu.<\/p>\n<h4 class=\"joomla\">P: Czy istniej\u0105 jakie\u015b obostrzenia w korzystaniu z Biblioteki Zdj\u0119\u0107 TemplateToaster?<\/h4>\n<p class=\"wordpress\">O: Mo\u017cesz u\u017cywa\u0107 zdj\u0119\u0107 stockowych w swojej osobistym motywie lub przygotowanym dla klienta. Natomiast nie mo\u017cesz udost\u0119pnia\u0107 tych zdj\u0119\u0107 do pobierania dla innych.<\/p>\n<h4>P: Nie mog\u0119 korzysta\u0107 ze wszystkich mo\u017cliwo\u015bci TemplateToaster?<\/h4>\n<p class=\"wordpress\">O: Je\u015bli zakupi\u0142e\u015b wersj\u0119 Professional Edition i otrzymujesz powiadomienia w trakcie korzystania z zaawansowanych opcji typu &#8222;To rozwi\u0105zanie jest niedost\u0119pne dla aktualnej licencji. Przejd\u017a na wy\u017csz\u0105 wersj\u0119&#8221;, po prostu przejd\u017a do Pliki -&gt; Aktywacja -&gt; Dezaktywuj TemplateToaster. Teraz przejd\u017a do Pliki -&gt; Preferencje i wybierz wersj\u0119 Professional Edition i aktywuj ponownie TemplateToaster.<\/p>\n<h4 class=\"joomla\">P: Czy macie jakie\u015b obostrzenia na Wersj\u0119 Testow\u0105?<\/h4>\n<p class=\"wordpress\">O: Wersja testowa dodaje znak wodny na wyeksportowany motyw i nie mo\u017cesz zapisa\u0107 swojego projektu w formacie .ttr do przysz\u0142ej edycji, jednak\u017ce mo\u017cesz wyeksportowa\u0107 motyw, aby zainstalowa\u0107 go na CMSach takich jak WordPress, Joomla etc.<\/p>\n<h4 class=\"joomla\">P: Czy mog\u0119 projektowa\u0107 Motywy \/ Witryny \/ Style dla klient\u00f3w?<\/h4>\n<p class=\"wordpress\">O: Oczywi\u015bcie, nie ma \u017cadnych obostrze\u0144, mo\u017cesz projektowa\u0107 dla swoich klient\u00f3w.<\/p>\n<h4 class=\"joomla\">P: Jaka jest najwi\u0119ksza rozdzielczo\u015b\u0107 zdj\u0119\u0107 jakie wspiera program?<\/h4>\n<p class=\"wordpress\">O: TemplateToaster v6 wspiera zdj\u0119cia do 2000 px, ale mo\u017cesz u\u017cywa\u0107 dowolnej rozdzielczo\u015bci w v7.<\/p>\n<h4 class=\"joomla\">P: Wasz film demonstracyjny nie posiada d\u017awi\u0119ku.<\/h4>\n<p class=\"wordpress\">O: W\u0142a\u015bciwie to mamy klient\u00f3w w ka\u017cdym miejscu \u015bwiata, kt\u00f3rzy m\u00f3wi\u0105 w r\u00f3\u017cnych j\u0119zykach wi\u0119c dodanie d\u017awi\u0119ku by\u0142oby niewykonalne.<\/p>\n<p>Masz pytania? Ch\u0119tnie na nie odpowiemy, o ile nie znajdziesz rozwi\u0105zania w filmach instrukta\u017cowych. Pytania <a href=\"https:\/\/templatetoaster.com\/support\/\">mo\u017cesz zadawa\u0107 tutaj<\/a><\/div>\n","protected":false},"excerpt":{"rendered":"<p>TemplateToster Najcz\u0119\u015bciej Zadawane Pytania P: Czy mog\u0119 przenie\u015b\u0107 TemplateToaster z jednego komputera na drugi? O: Tak, mo\u017cesz \u0142atwo dezaktywowa\u0107 TemplateToaster na swoim aktualnym komputerze, zainstalowa\u0107 oprogramowanie na nowym komputerze i wtedy b\u0119dziesz w stanie aktywowa\u0107 je kolejny raz za pomoc\u0105 &hellip; <a href=\"https:\/\/templatetoaster.com\/pl\/faqs\">Continue Reading<span class=\"meta-nav\">&rarr;<\/span><\/a><\/p>\n","protected":false},"author":1,"featured_media":0,"parent":0,"menu_order":0,"comment_status":"closed","ping_status":"closed","template":"PageTemplate1.php","meta":{"footnotes":""},"yoast_head":"<!-- This site is optimized with the Yoast SEO plugin v23.5 - https:\/\/yoast.com\/wordpress\/plugins\/seo\/ -->\n<title>FAQ Najcz\u0119\u015bciej Zadawane Pytania - TemplateToaster<\/title>\n<meta name=\"description\" content=\"Wypunktowali\u015bmy wszystkie najcz\u0119\u015bciej zadawane pytania tutaj (FAQ) tutaj.\" \/>\n<meta name=\"robots\" content=\"index, follow, max-snippet:-1, max-image-preview:large, max-video-preview:-1\" \/>\n<link rel=\"canonical\" href=\"https:\/\/templatetoaster.com\/pl\/faqs\" \/>\n<meta property=\"og:locale\" content=\"pl_PL\" \/>\n<meta property=\"og:type\" content=\"article\" \/>\n<meta property=\"og:title\" content=\"FAQ Najcz\u0119\u015bciej Zadawane Pytania - TemplateToaster\" \/>\n<meta property=\"og:description\" content=\"Wypunktowali\u015bmy wszystkie najcz\u0119\u015bciej zadawane pytania tutaj (FAQ) tutaj.\" \/>\n<meta property=\"og:url\" content=\"https:\/\/templatetoaster.com\/pl\/faqs\" \/>\n<meta property=\"og:site_name\" content=\"TemplateToaster\" \/>\n<meta property=\"article:publisher\" content=\"https:\/\/www.facebook.com\/TemplateToaster\" \/>\n<meta property=\"article:modified_time\" content=\"2019-08-09T07:56:19+00:00\" \/>\n<meta property=\"og:image\" content=\"https:\/\/templatetoaster.com\/wp-content\/uploads\/2015\/07\/TemplateToaster-325X325.png\" \/>\n\t<meta property=\"og:image:width\" content=\"325\" \/>\n\t<meta property=\"og:image:height\" content=\"325\" \/>\n\t<meta property=\"og:image:type\" content=\"image\/png\" \/>\n<meta name=\"twitter:card\" content=\"summary_large_image\" \/>\n<meta name=\"twitter:site\" content=\"@templatetoaster\" \/>\n<meta name=\"twitter:label1\" content=\"Szacowany czas czytania\" \/>\n\t<meta name=\"twitter:data1\" content=\"5 minut\" \/>\n<script type=\"application\/ld+json\" class=\"yoast-schema-graph\">{\"@context\":\"https:\/\/schema.org\",\"@graph\":[{\"@type\":\"WebPage\",\"@id\":\"https:\/\/templatetoaster.com\/pl\/faqs\",\"url\":\"https:\/\/templatetoaster.com\/pl\/faqs\",\"name\":\"FAQ Najcz\u0119\u015bciej Zadawane Pytania - TemplateToaster\",\"isPartOf\":{\"@id\":\"https:\/\/templatetoaster.com\/#website\"},\"datePublished\":\"2018-04-06T11:35:14+00:00\",\"dateModified\":\"2019-08-09T07:56:19+00:00\",\"description\":\"Wypunktowali\u015bmy wszystkie najcz\u0119\u015bciej zadawane pytania tutaj (FAQ) tutaj.\",\"breadcrumb\":{\"@id\":\"https:\/\/templatetoaster.com\/pl\/faqs#breadcrumb\"},\"inLanguage\":\"pl-PL\",\"potentialAction\":[{\"@type\":\"ReadAction\",\"target\":[\"https:\/\/templatetoaster.com\/pl\/faqs\"]}]},{\"@type\":\"BreadcrumbList\",\"@id\":\"https:\/\/templatetoaster.com\/pl\/faqs#breadcrumb\",\"itemListElement\":[{\"@type\":\"ListItem\",\"position\":1,\"name\":\"Home\",\"item\":\"https:\/\/templatetoaster.com\/pl\"},{\"@type\":\"ListItem\",\"position\":2,\"name\":\"FAQ Najcz\u0119\u015bciej Zadawane Pytania\"}]},{\"@type\":\"WebSite\",\"@id\":\"https:\/\/templatetoaster.com\/#website\",\"url\":\"https:\/\/templatetoaster.com\/\",\"name\":\"TemplateToaster\",\"description\":\"\",\"publisher\":{\"@id\":\"https:\/\/templatetoaster.com\/#organization\"},\"inLanguage\":\"pl-PL\"},{\"@type\":\"Organization\",\"@id\":\"https:\/\/templatetoaster.com\/#organization\",\"name\":\"TemplateToaster\",\"url\":\"https:\/\/templatetoaster.com\/\",\"logo\":{\"@type\":\"ImageObject\",\"inLanguage\":\"pl-PL\",\"@id\":\"https:\/\/templatetoaster.com\/#\/schema\/logo\/image\/\",\"url\":\"https:\/\/templatetoaster.com\/wp-content\/uploads\/2019\/11\/TemplateToaster_Logo.jpg\",\"contentUrl\":\"https:\/\/templatetoaster.com\/wp-content\/uploads\/2019\/11\/TemplateToaster_Logo.jpg\",\"width\":85,\"height\":85,\"caption\":\"TemplateToaster\"},\"image\":{\"@id\":\"https:\/\/templatetoaster.com\/#\/schema\/logo\/image\/\"},\"sameAs\":[\"https:\/\/www.facebook.com\/TemplateToaster\",\"https:\/\/x.com\/templatetoaster\",\"https:\/\/www.instagram.com\/templatetoaster\/\",\"https:\/\/www.linkedin.com\/company\/templatetoaster\/\",\"https:\/\/www.pinterest.com\/templatetoaster\/\",\"https:\/\/www.youtube.com\/@TemplateToaster\"]}]}<\/script>\n<!-- \/ Yoast SEO plugin. -->","yoast_head_json":{"title":"FAQ Najcz\u0119\u015bciej Zadawane Pytania - TemplateToaster","description":"Wypunktowali\u015bmy wszystkie najcz\u0119\u015bciej zadawane pytania tutaj (FAQ) tutaj.","robots":{"index":"index","follow":"follow","max-snippet":"max-snippet:-1","max-image-preview":"max-image-preview:large","max-video-preview":"max-video-preview:-1"},"canonical":"https:\/\/templatetoaster.com\/pl\/faqs","og_locale":"pl_PL","og_type":"article","og_title":"FAQ Najcz\u0119\u015bciej Zadawane Pytania - TemplateToaster","og_description":"Wypunktowali\u015bmy wszystkie najcz\u0119\u015bciej zadawane pytania tutaj (FAQ) tutaj.","og_url":"https:\/\/templatetoaster.com\/pl\/faqs","og_site_name":"TemplateToaster","article_publisher":"https:\/\/www.facebook.com\/TemplateToaster","article_modified_time":"2019-08-09T07:56:19+00:00","og_image":[{"width":325,"height":325,"url":"https:\/\/templatetoaster.com\/wp-content\/uploads\/2015\/07\/TemplateToaster-325X325.png","type":"image\/png"}],"twitter_card":"summary_large_image","twitter_site":"@templatetoaster","twitter_misc":{"Szacowany czas czytania":"5 minut"},"schema":{"@context":"https:\/\/schema.org","@graph":[{"@type":"WebPage","@id":"https:\/\/templatetoaster.com\/pl\/faqs","url":"https:\/\/templatetoaster.com\/pl\/faqs","name":"FAQ Najcz\u0119\u015bciej Zadawane Pytania - TemplateToaster","isPartOf":{"@id":"https:\/\/templatetoaster.com\/#website"},"datePublished":"2018-04-06T11:35:14+00:00","dateModified":"2019-08-09T07:56:19+00:00","description":"Wypunktowali\u015bmy wszystkie najcz\u0119\u015bciej zadawane pytania tutaj (FAQ) tutaj.","breadcrumb":{"@id":"https:\/\/templatetoaster.com\/pl\/faqs#breadcrumb"},"inLanguage":"pl-PL","potentialAction":[{"@type":"ReadAction","target":["https:\/\/templatetoaster.com\/pl\/faqs"]}]},{"@type":"BreadcrumbList","@id":"https:\/\/templatetoaster.com\/pl\/faqs#breadcrumb","itemListElement":[{"@type":"ListItem","position":1,"name":"Home","item":"https:\/\/templatetoaster.com\/pl"},{"@type":"ListItem","position":2,"name":"FAQ Najcz\u0119\u015bciej Zadawane Pytania"}]},{"@type":"WebSite","@id":"https:\/\/templatetoaster.com\/#website","url":"https:\/\/templatetoaster.com\/","name":"TemplateToaster","description":"","publisher":{"@id":"https:\/\/templatetoaster.com\/#organization"},"inLanguage":"pl-PL"},{"@type":"Organization","@id":"https:\/\/templatetoaster.com\/#organization","name":"TemplateToaster","url":"https:\/\/templatetoaster.com\/","logo":{"@type":"ImageObject","inLanguage":"pl-PL","@id":"https:\/\/templatetoaster.com\/#\/schema\/logo\/image\/","url":"https:\/\/templatetoaster.com\/wp-content\/uploads\/2019\/11\/TemplateToaster_Logo.jpg","contentUrl":"https:\/\/templatetoaster.com\/wp-content\/uploads\/2019\/11\/TemplateToaster_Logo.jpg","width":85,"height":85,"caption":"TemplateToaster"},"image":{"@id":"https:\/\/templatetoaster.com\/#\/schema\/logo\/image\/"},"sameAs":["https:\/\/www.facebook.com\/TemplateToaster","https:\/\/x.com\/templatetoaster","https:\/\/www.instagram.com\/templatetoaster\/","https:\/\/www.linkedin.com\/company\/templatetoaster\/","https:\/\/www.pinterest.com\/templatetoaster\/","https:\/\/www.youtube.com\/@TemplateToaster"]}]}},"_links":{"self":[{"href":"https:\/\/templatetoaster.com\/pl\/wp-json\/wp\/v2\/pages\/3758"}],"collection":[{"href":"https:\/\/templatetoaster.com\/pl\/wp-json\/wp\/v2\/pages"}],"about":[{"href":"https:\/\/templatetoaster.com\/pl\/wp-json\/wp\/v2\/types\/page"}],"author":[{"embeddable":true,"href":"https:\/\/templatetoaster.com\/pl\/wp-json\/wp\/v2\/users\/1"}],"replies":[{"embeddable":true,"href":"https:\/\/templatetoaster.com\/pl\/wp-json\/wp\/v2\/comments?post=3758"}],"version-history":[{"count":3,"href":"https:\/\/templatetoaster.com\/pl\/wp-json\/wp\/v2\/pages\/3758\/revisions"}],"predecessor-version":[{"id":63971,"href":"https:\/\/templatetoaster.com\/pl\/wp-json\/wp\/v2\/pages\/3758\/revisions\/63971"}],"wp:attachment":[{"href":"https:\/\/templatetoaster.com\/pl\/wp-json\/wp\/v2\/media?parent=3758"}],"curies":[{"name":"wp","href":"https:\/\/api.w.org\/{rel}","templated":true}]}}