{"id":3645,"date":"2018-04-04T16:39:30","date_gmt":"2018-04-04T16:39:30","guid":{"rendered":"http:\/\/templatetoaster.com?page_id=3645"},"modified":"2019-08-27T10:37:22","modified_gmt":"2019-08-27T10:37:22","slug":"prestashop-theme-maker","status":"publish","type":"page","link":"https:\/\/templatetoaster.com\/pl\/prestashop-theme-maker","title":{"rendered":"Kreator motyw\u00f3w PrestaShop"},"content":{"rendered":"<div class=\"section1 wp-theme-generator\">\n<div style=\"margin: 115px 0 16px;\">\n<h1>Kreator Motyw\u00f3w Prestashop. Tw\u00f3rz perfekcyjne sklepy!<\/h1>\n<p class=\"text-center\">Zaprojektuj motyw, kt\u00f3ry b\u0119dzie m\u00f3wi\u0107 sam za siebie. \u017badne kodowanie nie jest wymagane!<\/p>\n<div style=\"text-align: center;\"><a class=\"btn download_btn\" href=\"https:\/\/templatetoaster.com\/pl\/download\">Pobierz teraz<\/a><\/div>\n<div class=\"clearfix\"><\/div>\n<\/div>\n<\/div>\n<p><!--- What is TemplateToaster Section --><\/p>\n<div class=\"section2 wp-theme-generator\">\n<div class=\"section2-inner\">\n<h2>Dlaczego warto u\u017cywa\u0107 TemplateToaster jako Kreator Motyw\u00f3w PrestaShop<\/h2>\n<p>Oprogramowanie TemplateToaster zosta\u0142o stworzone do projektowania zaskakuj\u0105cych motyw\u00f3w dla Twojej witryny e-commerce, kt\u00f3re nadadz\u0105 jej nowy wygl\u0105d. Nie musisz by\u0107 programist\u0105! Projektuj witryny z \u0142atwo\u015bci\u0105 dzi\u0119ki mechanizmowi przeci\u0105gnij i upu\u015b\u0107.<\/p>\n<\/div>\n<\/div>\n<p><!--- section 3 starts --><\/p>\n<div class=\"section3 wp-theme-generator\">\n<div class=\"section3-inner\">\n<h2>Jak to dzia\u0142a?<\/h2>\n<div class=\"row\">\n<div class=\"col-lg-4 col-md-4 col-sm-6 col-xs-12\">\n<div class=\"media\">\n<div class=\"landing_page_svg download\"><\/div>\n<h3 class=\"text-center\">Pobierz TemplateToaster i zacznij tworzy\u0107!<\/h3>\n<p class=\"text-center\">Po pobraniu TemplateToastera zainstaluj go i zacznij projektowa\u0107 swoje szablony PrestaShop w kilka minut! Nieograniczona wersja pr\u00f3bna z dost\u0119pem do wszystkich funkcji! Ciesz si\u0119 projektowaniem stron internetowych!<\/p>\n<\/div>\n<\/div>\n<div class=\"clearfix visible-xs-block\"><\/div>\n<div class=\"col-lg-4 col-md-4 col-sm-6 col-xs-12\">\n<div class=\"media\">\n<div class=\"landing_page_svg build-wp-theme\"><\/div>\n<h3 class=\"text-center\">Intuicyjny interfejs przeci\u0105gnij i upu\u015b\u0107!<\/h3>\n<p class=\"text-center\">Zacznij od samego pocz\u0105tku lub wybierz spo\u015br\u00f3d 100 gotowych szablon\u00f3w! Pu\u015b\u0107 wodze fantazji dzi\u0119ki funkcji przeci\u0105gnij i upu\u015b\u0107!<\/p>\n<\/div>\n<\/div>\n<div class=\"clearfix visible-sm-block visible-xs-block\"><\/div>\n<div class=\"col-lg-4 col-md-4 col-sm-6 col-xs-12\">\n<div class=\"media\">\n<div class=\"landing_page_svg export-upload\"><\/div>\n<h3 class=\"text-center\">Tw\u00f3j sklep PrestaShop taki jaki zawsze chcia\u0142e\u015b \u017ceby by\u0142!<\/h3>\n<p class=\"text-center\">Zadowolony z projektu witryny e-commerce? Za\u0142aduj nowy projekt za pomoc\u0105 kilku dodatkowych klikni\u0119\u0107 i zobacz, jak Tw\u00f3j sklep jest dopasowany do wygl\u0105du, o jakim zawsze marzy\u0142e\u015b!<\/p>\n<\/div>\n<\/div>\n<div class=\"clearfix visible-lg-block visible-md-block visible-sm-block visible-xs-block\"><\/div>\n<\/div>\n<\/div>\n<\/div>\n<div class=\"video-section wp-theme-generator\">\n<div class=\"container\">\n<h2 style=\"text-transform: none;\">Demo PrestaShop Theme Maker<\/h2>\n<div class=\"youtube-video-place embed-responsive embed-responsive-4by3 \" data-yt-url=\"https:\/\/www.youtube.com\/embed\/Dtz7c-JO8K0?rel=0&amp;showinfo=0&amp;autoplay=1\">\n<p><img loading=\"lazy\" decoding=\"async\" class=\"alignnone size-full wp-image-66123\" src=\"https:\/\/templatetoaster.com\/wp-content\/uploads\/2019\/08\/Demo-PrestaShop-Theme-Maker.jpg\" alt=\"Demo PrestaShop Theme Maker\" width=\"1366\" height=\"728\" srcset=\"https:\/\/templatetoaster.com\/wp-content\/uploads\/2019\/08\/Demo-PrestaShop-Theme-Maker.jpg 1366w, https:\/\/templatetoaster.com\/wp-content\/uploads\/2019\/08\/Demo-PrestaShop-Theme-Maker-1000x533.jpg 1000w, https:\/\/templatetoaster.com\/wp-content\/uploads\/2019\/08\/Demo-PrestaShop-Theme-Maker-300x160.jpg 300w, https:\/\/templatetoaster.com\/wp-content\/uploads\/2019\/08\/Demo-PrestaShop-Theme-Maker-768x409.jpg 768w, https:\/\/templatetoaster.com\/wp-content\/uploads\/2019\/08\/Demo-PrestaShop-Theme-Maker-1024x546.jpg 1024w\" sizes=\"(max-width: 1366px) 100vw, 1366px\" \/><\/p>\n<div class=\"play-youtube-video\">\n<div class=\"landing_page_svg\"><\/div>\n<\/div>\n<\/div>\n<\/div>\n<\/div>\n<div class=\"section4 wp-theme-generator\">\n<h2>Cechy TemplateToaster jako Kreatora Motyw\u00f3w PrestaShop<\/h2>\n<p class=\"section4-paragraph\">Program przepe\u0142niony najlepszymi funkcjami dost\u0119pnymi na rynku!<\/p>\n<div class=\"row\">\n<div class=\"col-lg-4 col-md-4 col-sm-6 col-sx-12\">\n<div style=\"padding: 20px;\">\n<div class=\"text-center\">\n<div class=\"wp_feature landing_page_svg mobile-optimized\" style=\"margin-right: 10px; float: none; vertical-align: middle;\"><\/div>\n<\/div>\n<h3 style=\"margin: 20px 0px 10px; text-align: center;\">Strony produkt\u00f3w dostosowane do urz\u0105dze\u0144 mobilnych<\/h3>\n<p class=\"text-center\">Motywy PrestaShop stworzone za pomoc\u0105 TemplateToaster dopasowuj\u0105 si\u0119 p\u0142ynnie do wielko\u015b\u0107i ekranu. S\u0105 przyjazne dla urz\u0105dze\u0144 mobilnych i zapewni\u0105 klientom optymalne wra\u017cenia wizualne. Dzi\u0119ki temu mog\u0105 kupowa\u0107 produkty bez k\u0142opot\u00f3w z dowolnego urz\u0105dzenia mobilnego.<\/p>\n<\/div>\n<\/div>\n<div class=\"clearfix visible-xs-block\"><\/div>\n<div class=\"col-lg-4 col-md-4 col-sm-6 col-sx-12\">\n<div style=\"padding: 20px;\">\n<div class=\"text-center\">\n<div class=\"wp_feature landing_page_svg custom-layout\" style=\"margin-right: 10px; float: none; vertical-align: middle;\"><\/div>\n<\/div>\n<h3 style=\"margin: 20px 0 10px; text-align: center;\">Niestandardowe Opcje Uk\u0142adu<\/h3>\n<p class=\"text-center\">Oprogramowanie pozwala zaprojektowa\u0107 szalony wedle jednego z u\u0142o\u017ce\u0144 takich jak: pojedyncza Kolumna, podw\u00f3jna Kolumna (panel boczny i jedna kolumna) i potr\u00f3jna Kolumna (panel boczny, pojedyncza kolumna, panel boczny). Mog\u0105 one by\u0107 dostosowane tak\u017ce, poprzez zmian\u0119 koloru t\u0142a, kolor czcionki itp.<\/p>\n<\/div>\n<\/div>\n<div class=\"clearfix visible-sm-block visible-xs-block\"><\/div>\n<div class=\"col-md-4 col-sm-6 col-sx-12\">\n<div style=\"padding: 20px;\">\n<div class=\"text-center\">\n<div class=\"wp_feature landing_page_svg compatible-version\" style=\"margin-right: 10px; float: none; vertical-align: middle;\"><\/div>\n<\/div>\n<h3 style=\"margin: 20px 0 10px; text-align: center;\">Kompatybilno\u015b\u0107 z wersjami<\/h3>\n<p class=\"text-center\">Ten Kreator Motyw\u00f3w PrestaShop obs\u0142uguje PrestaShop 1.5.xi 1.6.x. Szablony zaprojektowane z TemplateToaster s\u0105 kompatybilne ze wszystkimi najnowszymi aktualizacjami i funkcjonalno\u015bciami PrestaShop. Zupe\u0142nie nowy TemplateToaster 7 obs\u0142uguje PrestaShop 1.7.x.x<\/p>\n<\/div>\n<\/div>\n<div class=\"clearfix visible-lg-block visible-md-block visible-xs-block\"><\/div>\n<div class=\"col-md-4 col-sm-6 col-sx-12\">\n<div style=\"padding: 20px;\">\n<div class=\"text-center\">\n<div class=\"wp_feature landing_page_svg checkout-pages\" style=\"margin-right: 10px; float: none; vertical-align: middle;\"><\/div>\n<\/div>\n<h3 style=\"margin: 20px 0 10px; text-align: center;\">Strona zam\u00f3wienia<\/h3>\n<p class=\"text-center\">Dodaj dopasown\u0105 do swoich potrzeb stron\u0119 p\u0142atno\u015bci do swojego sklepu PrestaShop. Daj odrobin\u0119 koloru t\u0142a i wybierz spo\u015br\u00f3d ponad 100 styl\u00f3w i kolor\u00f3w czcionek, aby nada\u0107 nowy wygl\u0105d sklepowi! Strony takie jak &#8222;Podsumowanie&#8221;, &#8222;Zaloguj si\u0119&#8221;, &#8222;Adres&#8221;, &#8222;Wysy\u0142ka&#8221; itp. Mo\u017cna dostosowa\u0107 za pomoc\u0105 kilku klikni\u0119\u0107!<\/p>\n<\/div>\n<\/div>\n<div class=\"clearfix visible-sm-block visible-xs-block\"><\/div>\n<div class=\"col-md-4 col-sm-6 col-sx-12\">\n<div style=\"padding: 20px;\">\n<div class=\"text-center\">\n<div class=\"wp_feature landing_page_svg product-grid\" style=\"margin-right: 10px; float: none; vertical-align: middle;\"><\/div>\n<\/div>\n<h3 style=\"margin: 20px 0 10px; text-align: center;\">Zaawansowana siatka produkt\u00f3w<\/h3>\n<p class=\"text-center\">Dokonaj modyfikacji w uk\u0142adzie wygl\u0105du produkt\u00f3w, wybieraj\u0105c spo\u015br\u00f3d pojedynczej kolumny, podw\u00f3jnej kolumny, potr\u00f3jnej kolumny i poczw\u00f3rnej siatki kolumn. Do zmiany stylu dost\u0119pne s\u0105 opcje takie jak kolor czcionki, rodzaj czcionki i kolor t\u0142a.<\/p>\n<\/div>\n<\/div>\n<div class=\"clearfix visible-xs-block\"><\/div>\n<div class=\"col-md-4 col-sm-6 col-sx-12\">\n<div style=\"padding: 20px;\">\n<div class=\"text-center\">\n<div class=\"wp_feature landing_page_svg product-page-option\" style=\"float: none; height: 52px; vertical-align: middle; width: 44px;\"><\/div>\n<\/div>\n<h3 style=\"margin: 20px 0 10px; text-align: center;\">Opcje strony produktu<\/h3>\n<p class=\"text-center\">Poprawi\u0107 wygl\u0105d swojego sklepu e-commerce poprzez zmian\u0119 koloru t\u0142a i styl czcionki, jaki chcesz mie\u0107 na wszystkich stronach produktowych. \u0141atwo dostosuj strony, dokonuj\u0105c zmian w projektowaniu i stylu Przycisk\u00f3w wyboru, Miniatury, Opisu, Specyfikacji, Liczby zak\u0142adek itp.<\/p>\n<\/div>\n<\/div>\n<div class=\"clearfix visible-lg-block visible-md-block visible-sm-block visible-xs-block\"><\/div>\n<\/div>\n<\/div>\n<p><!--Section Features with WP--><\/p>\n<div class=\"section5 wp-theme-generator\" style=\"padding: 70px 10px; margin-bottom: 2px;\">\n<div style=\"margin: 40px 0px 20px;\">\n<h2 style=\"margin-bottom: 65px;\">Najwa\u017cniejsze cechy TemplateToaster<\/h2>\n<div class=\"feature_with_wp row\">\n<div class=\"col-lg-4 col-md-4 col-sm-4 col-xs-6\">\n<div class=\"feature_wpimg\"><img decoding=\"async\" class=\"img-responsive\" src=\"https:\/\/templatetoaster.com\/wp-content\/uploads\/2017\/04\/multiple-language.png\" alt=\"Wsparcie wielu j\u0119zyk\u00f3w\" \/><\/div>\n<\/div>\n<div class=\"col-lg-4 col-md-4 col-sm-4 col-xs-6\">\n<div class=\"feature_wpimg\"><img decoding=\"async\" class=\"img-responsive\" src=\"https:\/\/templatetoaster.com\/wp-content\/uploads\/2017\/04\/mobile-optimization.png\" alt=\"Optymalizacja mobilna\" \/><\/div>\n<\/div>\n<div class=\"clearfix visible-xs-block\"><\/div>\n<div class=\"col-lg-4 col-md-4 col-sm-4 col-xs-6\">\n<div class=\"feature_wpimg\"><img decoding=\"async\" class=\"img-responsive\" src=\"https:\/\/templatetoaster.com\/wp-content\/uploads\/2017\/04\/drag-drop.png\" alt=\"Przeci\u0105gnij i upu\u015b\u0107\" \/><\/div>\n<\/div>\n<div class=\"clearfix visible-lg-block visible-md-block visible-sm-block\"><\/div>\n<div class=\"col-lg-4 col-md-4 col-sm-4 col-xs-6\">\n<div class=\"feature_wpimg\"><img decoding=\"async\" class=\"img-responsive\" src=\"https:\/\/templatetoaster.com\/wp-content\/uploads\/2017\/04\/demo-templats.png\" alt=\"Demo tematy\" \/><\/div>\n<\/div>\n<div class=\"clearfix visible-xs-block\"><\/div>\n<div class=\"col-lg-4 col-md-4 col-sm-4 col-xs-6\">\n<div class=\"feature_wpimg\"><img decoding=\"async\" class=\"img-responsive\" src=\"https:\/\/templatetoaster.com\/wp-content\/uploads\/2017\/04\/mega-menu.png\" alt=\"Mega Menu\" \/><\/div>\n<\/div>\n<div class=\"col-lg-4 col-md-4 col-sm-4 col-xs-6\">\n<div class=\"feature_wpimg\"><img decoding=\"async\" class=\"img-responsive\" src=\"https:\/\/templatetoaster.com\/wp-content\/uploads\/2017\/04\/right-to-left.png\" alt=\"Od prawej do lewej\" \/><\/div>\n<\/div>\n<div class=\"clearfix visible-lg-block visible-md-block visible-sm-block visible-xs-block\"><\/div>\n<div class=\"col-lg-4 col-md-4 col-sm-4 col-xs-6\">\n<div class=\"feature_wpimg\"><img decoding=\"async\" class=\"img-responsive\" src=\"https:\/\/templatetoaster.com\/wp-content\/uploads\/2017\/04\/amazing-slideshow.png\" alt=\"niesamowity pokaz slajd\u00f3w\" \/><\/div>\n<\/div>\n<div class=\"col-lg-4 col-md-4 col-sm-4 col-xs-6\">\n<div class=\"feature_wpimg\"><img decoding=\"async\" class=\"img-responsive\" src=\"https:\/\/templatetoaster.com\/wp-content\/uploads\/2017\/04\/zero-coding.png\" alt=\"Zero Coding\" \/><\/div>\n<\/div>\n<div class=\"clearfix visible-xs-block\"><\/div>\n<div class=\"col-lg-4 col-md-4 col-sm-4 col-xs-6\">\n<div class=\"feature_wpimg\"><img decoding=\"async\" class=\"img-responsive\" src=\"https:\/\/templatetoaster.com\/wp-content\/uploads\/2017\/04\/custom-css.png\" alt=\"Niestandardowe CSS, JS i PHP\" \/><\/div>\n<\/div>\n<div class=\"clearfix visible-lg-block visible-md-block visible-sm-block visible-xs-block\"><\/div>\n<\/div>\n<\/div>\n<\/div>\n<p><!--Section Gallery--><\/p>\n<div class=\"section7 wp-theme-generator\" style=\"padding: 100px 10px; background-color: #f1f4f8; margin-bottom: 2px;\">\n<h2>Nasze standardy<\/h2>\n<div class=\"row\">\n<div class=\"col-lg-4 col-md-4 col-sm-6 col-xs-12\">\n<div style=\"padding: 20px;\">\n<div class=\"text-center\">\n<div class=\"wp_feature landing_page_svg w3c-validation\" style=\"margin-right: 10px; float: none; vertical-align: middle; width: 75px;\"><\/div>\n<\/div>\n<h3 style=\"margin: 20px 0px 10px; text-align: center;\">Walidacja W3C<\/h3>\n<p class=\"text-center\">Motyw PrestaShop stworzony za pomoc\u0105 tego wyj\u0105tkowego programu jest zgodny z W3C. Dodatkowo spe\u0142niaja mi\u0119dzynarodowe standardy, by strona by\u0142a kompatybilna w ka\u017cdej przegl\u0105darce!<\/p>\n<\/div>\n<\/div>\n<div class=\"clearfix visible-xs-block\"><\/div>\n<div class=\"col-lg-4 col-md-4 col-sm-6 col-xs-12\">\n<div style=\"padding: 20px;\">\n<div class=\"text-center\">\n<div class=\"wp_feature landing_page_svg theme-check-plugin-pass\" style=\"margin-right: 10px; float: none; vertical-align: middle; width: 65px;\"><\/div>\n<\/div>\n<h3 style=\"margin: 20px 0 10px; text-align: center;\">Standardy HTML5 i CSS3<\/h3>\n<p class=\"text-center\">TemplateToaster jest zgodny z ostatnimi standardami HTML5 i CSS3. Motywy stworzone w tym programie s\u0105 lekkie, gdy\u017c nie korzystaj\u0105 z ci\u0119\u017cki kontener\u00f3w.<\/p>\n<\/div>\n<\/div>\n<div class=\"clearfix visible-sm-block visible-xs-block\"><\/div>\n<div class=\"col-lg-4 col-md-4 col-sm-6 col-xs-12\">\n<div style=\"padding: 20px;\">\n<div class=\"text-center\">\n<div class=\"wp_feature landing_page_svg page-speed\" style=\"margin-right: 10px; float: none; vertical-align: middle; width: 65px;\"><\/div>\n<\/div>\n<h3 style=\"margin: 20px 0 10px; text-align: center;\">B\u0142yskawiczne wczytywanie<\/h3>\n<p class=\"text-center\">Motyw PrestaShop stworzony w tym programie wczytuje si\u0119 w b\u0142yskawicznym tempie i zdaje ka\u017cdy test pr\u0119dko\u015bci. To wspania\u0142a cecha, kt\u00f3ra pozwoli Ci zdoby\u0107 wi\u0119cej publiczno\u015bci!<\/p>\n<\/div>\n<\/div>\n<div class=\"clearfix visible-lg-block visible-md-block visible-xs-block\"><\/div>\n<\/div>\n<\/div>\n<p><!--- section 6 starts --><\/p>\n<div class=\"section6 wp-theme-generator\" style=\"padding: 50px 10px;\">\n<div style=\"margin: 70px 0px 20px;\">\n<h2>Wspieranie wszystkie g\u0142\u00f3wne CMSy<\/h2>\n<div class=\"section-center\" style=\"padding-bottom: 50px;\">\n<div class=\"main-cms-section\">\n<div class=\"cms-section\">\n<div class=\"text-center\">\n<div class=\"wp_feature landing_page_svg prestashop\"><\/div>\n<\/div>\n<\/div>\n<\/div>\n<div class=\"other-cms-section\">\n<div class=\"cms-section\">\n<div class=\"text-center\">\n<div class=\"wp_feature landing_page_svg wordpress\"><\/div>\n<\/div>\n<\/div>\n<div class=\"cms-section\">\n<div class=\"text-center\">\n<div class=\"wp_feature landing_page_svg woocommerce\"><\/div>\n<\/div>\n<\/div>\n<div class=\"cms-section\">\n<div class=\"text-center\">\n<div class=\"wp_feature landing_page_svg magento\"><\/div>\n<\/div>\n<\/div>\n<div class=\"cms-section\">\n<div class=\"text-center\">\n<div class=\"wp_feature landing_page_svg blogger\"><\/div>\n<\/div>\n<\/div>\n<div class=\"cms-section\">\n<div class=\"text-center\">\n<div class=\"wp_feature landing_page_svg joomla\"><\/div>\n<\/div>\n<\/div>\n<div class=\"cms-section\">\n<div class=\"text-center\">\n<div class=\"wp_feature landing_page_svg virtuemart\"><\/div>\n<\/div>\n<\/div>\n<div class=\"cms-section\">\n<div class=\"text-center\">\n<div class=\"wp_feature landing_page_svg drupal\"><\/div>\n<\/div>\n<\/div>\n<div class=\"cms-section\">\n<div class=\"text-center\">\n<div class=\"wp_feature landing_page_svg opencart\"><\/div>\n<\/div>\n<\/div>\n<div class=\"cms-section\">\n<div class=\"text-center\">\n<div class=\"wp_feature landing_page_svg html\"><\/div>\n<\/div>\n<\/div>\n<\/div>\n<\/div>\n<div style=\"text-align: center; margin-top: 30px;\"><a class=\"btn download_btn\" href=\"https:\/\/templatetoaster.com\/pl\/download\">Pobierz teraz<\/a><\/div>\n<\/div>\n<\/div>\n","protected":false},"excerpt":{"rendered":"<p>Kreator Motyw\u00f3w Prestashop. Tw\u00f3rz perfekcyjne sklepy! Zaprojektuj motyw, kt\u00f3ry b\u0119dzie m\u00f3wi\u0107 sam za siebie. \u017badne kodowanie nie jest wymagane! Pobierz teraz Dlaczego warto u\u017cywa\u0107 TemplateToaster jako Kreator Motyw\u00f3w PrestaShop Oprogramowanie TemplateToaster zosta\u0142o stworzone do projektowania zaskakuj\u0105cych motyw\u00f3w dla Twojej witryny &hellip; <a href=\"https:\/\/templatetoaster.com\/pl\/prestashop-theme-maker\">Continue Reading<span class=\"meta-nav\">&rarr;<\/span><\/a><\/p>\n","protected":false},"author":1,"featured_media":0,"parent":0,"menu_order":0,"comment_status":"closed","ping_status":"closed","template":"","meta":{"footnotes":""},"yoast_head":"<!-- This site is optimized with the Yoast SEO plugin v23.5 - https:\/\/yoast.com\/wordpress\/plugins\/seo\/ -->\n<title>Pot\u0119\u017cny kreator motyw\u00f3w PrestaShop - TemplateToaster<\/title>\n<meta name=\"description\" content=\"Pobierz oprogramowanie PrestaShop Theme Maker\" \/>\n<meta name=\"robots\" content=\"index, follow, max-snippet:-1, max-image-preview:large, max-video-preview:-1\" \/>\n<link rel=\"canonical\" href=\"https:\/\/templatetoaster.com\/pl\/prestashop-theme-maker\" \/>\n<meta property=\"og:locale\" content=\"pl_PL\" \/>\n<meta property=\"og:type\" content=\"article\" \/>\n<meta property=\"og:title\" content=\"Pot\u0119\u017cny kreator motyw\u00f3w PrestaShop - TemplateToaster\" \/>\n<meta property=\"og:description\" content=\"Pobierz oprogramowanie PrestaShop Theme Maker\" \/>\n<meta property=\"og:url\" content=\"https:\/\/templatetoaster.com\/pl\/prestashop-theme-maker\" \/>\n<meta property=\"og:site_name\" content=\"TemplateToaster\" \/>\n<meta property=\"article:publisher\" content=\"https:\/\/www.facebook.com\/TemplateToaster\" \/>\n<meta property=\"article:modified_time\" content=\"2019-08-27T10:37:22+00:00\" \/>\n<meta property=\"og:image\" content=\"https:\/\/templatetoaster.com\/wp-content\/uploads\/2019\/08\/Demo-PrestaShop-Theme-Maker.jpg\" \/>\n<meta name=\"twitter:card\" content=\"summary_large_image\" \/>\n<meta name=\"twitter:site\" content=\"@templatetoaster\" \/>\n<meta name=\"twitter:label1\" content=\"Szacowany czas czytania\" \/>\n\t<meta name=\"twitter:data1\" content=\"3 minuty\" \/>\n<script type=\"application\/ld+json\" class=\"yoast-schema-graph\">{\"@context\":\"https:\/\/schema.org\",\"@graph\":[{\"@type\":\"WebPage\",\"@id\":\"https:\/\/templatetoaster.com\/pl\/prestashop-theme-maker\",\"url\":\"https:\/\/templatetoaster.com\/pl\/prestashop-theme-maker\",\"name\":\"Pot\u0119\u017cny kreator motyw\u00f3w PrestaShop - TemplateToaster\",\"isPartOf\":{\"@id\":\"https:\/\/templatetoaster.com\/#website\"},\"primaryImageOfPage\":{\"@id\":\"https:\/\/templatetoaster.com\/pl\/prestashop-theme-maker#primaryimage\"},\"image\":{\"@id\":\"https:\/\/templatetoaster.com\/pl\/prestashop-theme-maker#primaryimage\"},\"thumbnailUrl\":\"https:\/\/templatetoaster.com\/wp-content\/uploads\/2019\/08\/Demo-PrestaShop-Theme-Maker.jpg\",\"datePublished\":\"2018-04-04T16:39:30+00:00\",\"dateModified\":\"2019-08-27T10:37:22+00:00\",\"description\":\"Pobierz oprogramowanie PrestaShop Theme Maker\",\"breadcrumb\":{\"@id\":\"https:\/\/templatetoaster.com\/pl\/prestashop-theme-maker#breadcrumb\"},\"inLanguage\":\"pl-PL\",\"potentialAction\":[{\"@type\":\"ReadAction\",\"target\":[\"https:\/\/templatetoaster.com\/pl\/prestashop-theme-maker\"]}]},{\"@type\":\"ImageObject\",\"inLanguage\":\"pl-PL\",\"@id\":\"https:\/\/templatetoaster.com\/pl\/prestashop-theme-maker#primaryimage\",\"url\":\"https:\/\/templatetoaster.com\/wp-content\/uploads\/2019\/08\/Demo-PrestaShop-Theme-Maker.jpg\",\"contentUrl\":\"https:\/\/templatetoaster.com\/wp-content\/uploads\/2019\/08\/Demo-PrestaShop-Theme-Maker.jpg\"},{\"@type\":\"BreadcrumbList\",\"@id\":\"https:\/\/templatetoaster.com\/pl\/prestashop-theme-maker#breadcrumb\",\"itemListElement\":[{\"@type\":\"ListItem\",\"position\":1,\"name\":\"Home\",\"item\":\"https:\/\/templatetoaster.com\/pl\"},{\"@type\":\"ListItem\",\"position\":2,\"name\":\"Kreator motyw\u00f3w PrestaShop\"}]},{\"@type\":\"WebSite\",\"@id\":\"https:\/\/templatetoaster.com\/#website\",\"url\":\"https:\/\/templatetoaster.com\/\",\"name\":\"TemplateToaster\",\"description\":\"\",\"publisher\":{\"@id\":\"https:\/\/templatetoaster.com\/#organization\"},\"inLanguage\":\"pl-PL\"},{\"@type\":\"Organization\",\"@id\":\"https:\/\/templatetoaster.com\/#organization\",\"name\":\"TemplateToaster\",\"url\":\"https:\/\/templatetoaster.com\/\",\"logo\":{\"@type\":\"ImageObject\",\"inLanguage\":\"pl-PL\",\"@id\":\"https:\/\/templatetoaster.com\/#\/schema\/logo\/image\/\",\"url\":\"https:\/\/templatetoaster.com\/wp-content\/uploads\/2019\/11\/TemplateToaster_Logo.jpg\",\"contentUrl\":\"https:\/\/templatetoaster.com\/wp-content\/uploads\/2019\/11\/TemplateToaster_Logo.jpg\",\"width\":85,\"height\":85,\"caption\":\"TemplateToaster\"},\"image\":{\"@id\":\"https:\/\/templatetoaster.com\/#\/schema\/logo\/image\/\"},\"sameAs\":[\"https:\/\/www.facebook.com\/TemplateToaster\",\"https:\/\/x.com\/templatetoaster\",\"https:\/\/www.instagram.com\/templatetoaster\/\",\"https:\/\/www.linkedin.com\/company\/templatetoaster\/\",\"https:\/\/www.pinterest.com\/templatetoaster\/\",\"https:\/\/www.youtube.com\/@TemplateToaster\"]}]}<\/script>\n<!-- \/ Yoast SEO plugin. -->","yoast_head_json":{"title":"Pot\u0119\u017cny kreator motyw\u00f3w PrestaShop - TemplateToaster","description":"Pobierz oprogramowanie PrestaShop Theme Maker","robots":{"index":"index","follow":"follow","max-snippet":"max-snippet:-1","max-image-preview":"max-image-preview:large","max-video-preview":"max-video-preview:-1"},"canonical":"https:\/\/templatetoaster.com\/pl\/prestashop-theme-maker","og_locale":"pl_PL","og_type":"article","og_title":"Pot\u0119\u017cny kreator motyw\u00f3w PrestaShop - TemplateToaster","og_description":"Pobierz oprogramowanie PrestaShop Theme Maker","og_url":"https:\/\/templatetoaster.com\/pl\/prestashop-theme-maker","og_site_name":"TemplateToaster","article_publisher":"https:\/\/www.facebook.com\/TemplateToaster","article_modified_time":"2019-08-27T10:37:22+00:00","og_image":[{"url":"https:\/\/templatetoaster.com\/wp-content\/uploads\/2019\/08\/Demo-PrestaShop-Theme-Maker.jpg"}],"twitter_card":"summary_large_image","twitter_site":"@templatetoaster","twitter_misc":{"Szacowany czas czytania":"3 minuty"},"schema":{"@context":"https:\/\/schema.org","@graph":[{"@type":"WebPage","@id":"https:\/\/templatetoaster.com\/pl\/prestashop-theme-maker","url":"https:\/\/templatetoaster.com\/pl\/prestashop-theme-maker","name":"Pot\u0119\u017cny kreator motyw\u00f3w PrestaShop - TemplateToaster","isPartOf":{"@id":"https:\/\/templatetoaster.com\/#website"},"primaryImageOfPage":{"@id":"https:\/\/templatetoaster.com\/pl\/prestashop-theme-maker#primaryimage"},"image":{"@id":"https:\/\/templatetoaster.com\/pl\/prestashop-theme-maker#primaryimage"},"thumbnailUrl":"https:\/\/templatetoaster.com\/wp-content\/uploads\/2019\/08\/Demo-PrestaShop-Theme-Maker.jpg","datePublished":"2018-04-04T16:39:30+00:00","dateModified":"2019-08-27T10:37:22+00:00","description":"Pobierz oprogramowanie PrestaShop Theme Maker","breadcrumb":{"@id":"https:\/\/templatetoaster.com\/pl\/prestashop-theme-maker#breadcrumb"},"inLanguage":"pl-PL","potentialAction":[{"@type":"ReadAction","target":["https:\/\/templatetoaster.com\/pl\/prestashop-theme-maker"]}]},{"@type":"ImageObject","inLanguage":"pl-PL","@id":"https:\/\/templatetoaster.com\/pl\/prestashop-theme-maker#primaryimage","url":"https:\/\/templatetoaster.com\/wp-content\/uploads\/2019\/08\/Demo-PrestaShop-Theme-Maker.jpg","contentUrl":"https:\/\/templatetoaster.com\/wp-content\/uploads\/2019\/08\/Demo-PrestaShop-Theme-Maker.jpg"},{"@type":"BreadcrumbList","@id":"https:\/\/templatetoaster.com\/pl\/prestashop-theme-maker#breadcrumb","itemListElement":[{"@type":"ListItem","position":1,"name":"Home","item":"https:\/\/templatetoaster.com\/pl"},{"@type":"ListItem","position":2,"name":"Kreator motyw\u00f3w PrestaShop"}]},{"@type":"WebSite","@id":"https:\/\/templatetoaster.com\/#website","url":"https:\/\/templatetoaster.com\/","name":"TemplateToaster","description":"","publisher":{"@id":"https:\/\/templatetoaster.com\/#organization"},"inLanguage":"pl-PL"},{"@type":"Organization","@id":"https:\/\/templatetoaster.com\/#organization","name":"TemplateToaster","url":"https:\/\/templatetoaster.com\/","logo":{"@type":"ImageObject","inLanguage":"pl-PL","@id":"https:\/\/templatetoaster.com\/#\/schema\/logo\/image\/","url":"https:\/\/templatetoaster.com\/wp-content\/uploads\/2019\/11\/TemplateToaster_Logo.jpg","contentUrl":"https:\/\/templatetoaster.com\/wp-content\/uploads\/2019\/11\/TemplateToaster_Logo.jpg","width":85,"height":85,"caption":"TemplateToaster"},"image":{"@id":"https:\/\/templatetoaster.com\/#\/schema\/logo\/image\/"},"sameAs":["https:\/\/www.facebook.com\/TemplateToaster","https:\/\/x.com\/templatetoaster","https:\/\/www.instagram.com\/templatetoaster\/","https:\/\/www.linkedin.com\/company\/templatetoaster\/","https:\/\/www.pinterest.com\/templatetoaster\/","https:\/\/www.youtube.com\/@TemplateToaster"]}]}},"_links":{"self":[{"href":"https:\/\/templatetoaster.com\/pl\/wp-json\/wp\/v2\/pages\/3645"}],"collection":[{"href":"https:\/\/templatetoaster.com\/pl\/wp-json\/wp\/v2\/pages"}],"about":[{"href":"https:\/\/templatetoaster.com\/pl\/wp-json\/wp\/v2\/types\/page"}],"author":[{"embeddable":true,"href":"https:\/\/templatetoaster.com\/pl\/wp-json\/wp\/v2\/users\/1"}],"replies":[{"embeddable":true,"href":"https:\/\/templatetoaster.com\/pl\/wp-json\/wp\/v2\/comments?post=3645"}],"version-history":[{"count":5,"href":"https:\/\/templatetoaster.com\/pl\/wp-json\/wp\/v2\/pages\/3645\/revisions"}],"predecessor-version":[{"id":66137,"href":"https:\/\/templatetoaster.com\/pl\/wp-json\/wp\/v2\/pages\/3645\/revisions\/66137"}],"wp:attachment":[{"href":"https:\/\/templatetoaster.com\/pl\/wp-json\/wp\/v2\/media?parent=3645"}],"curies":[{"name":"wp","href":"https:\/\/api.w.org\/{rel}","templated":true}]}}