{"id":4131,"date":"2018-04-13T10:50:45","date_gmt":"2018-04-13T10:50:45","guid":{"rendered":"http:\/\/templatetoaster.com?page_id=4131"},"modified":"2019-12-02T11:29:20","modified_gmt":"2019-12-02T11:29:20","slug":"drupal","status":"publish","type":"page","link":"https:\/\/templatetoaster.com\/nl\/drupal","title":{"rendered":"Hoe TemplateToaster Thema&#8217;s uploaden, installeren en configureren in Drupal"},"content":{"rendered":"<div class=\"tt_documentation_instruction_row row\">\n<h1 class=\"heading_border\">Hoe TemplateToaster Thema&#8217;s uploaden, installeren en configureren in Drupal<\/h1>\n<div class=\"demo_row1 even row\" style=\"padding-top: 15px;\">\n<div class=\"row\">\n<div class=\"col-md-6 col-sm-6 col-xs-12\">\n<div class=\"vedio_bg\">\n<div class=\"tt_video_modal\">\n<p><a href=\"https:\/\/youtu.be\/G7r1RLGGY9Y\"><img decoding=\"async\" src=\"https:\/\/templatetoaster.com\/wp-content\/uploads\/2018\/02\/youtube.png\" \/><\/a><\/p>\n<div class=\"video-content\">\n<h3>Hoe wordt een Drupal Theme in TemplateToaster aangemaakt?<\/h3>\n<\/div>\n<\/div>\n<\/div>\n<\/div>\n<div class=\"col-md-6 col-sm-6 col-xs-12\">\n<div class=\"vedio_bg\">\n<div class=\"tt_video_modal\">\n<p><a style=\"font-size: 16px;\" href=\"https:\/\/youtu.be\/r0EvsjFohV0\"><img decoding=\"async\" src=\"https:\/\/templatetoaster.com\/wp-content\/uploads\/2018\/02\/youtube.png\" \/><\/a><\/p>\n<div class=\"video-content\">\n<h3>Hoe TemplateToaster gegenereerd thema op Drupal uploaden?<\/h3>\n<\/div>\n<\/div>\n<\/div>\n<\/div>\n<div class=\"clearfix visible-lg-block visible-md-block\"><\/div>\n<\/div>\n<\/div>\n<div class=\"basic\">\n<h3 class=\"media-heading\">Aanwijzingen voor Drupal 7:<\/h3>\n<div class=\"basic-step\">\n<h4>Uploaden\/installeren van Thema<\/h4>\n<ol class=\"decimal\">\n<li>Na het exporteren, upload het thema op de Drupal installatie met behulp van een FTP-client.<\/li>\n<li>Log in als beheerder.<\/li>\n<li>Ga naar de Vormgevnig optie gelegen in Beheerder toolbar aan de bovenkant van de pagina.<\/li>\n<li>Ga naar de onderkant van de pagina, vind het ge\u00fcploade thema en klik op \u201cInschakelen en als standaard instellen\u201d, de optie weergegeven voor de naam van het thema<\/li>\n<li>Ga naar Startpagina om de veranderingen in werking te zien.<\/li>\n<\/ol>\n<p>&nbsp;<\/p>\n<h4>Modules Configureren:<\/h4>\n<ol class=\"decimal\">\n<li>Log in als beheerder.<\/li>\n<li>Ga naar de Structure opties gelegen in de Beheerder toolbar aan de bovenkant van de pagina.<\/li>\n<li>Selecteer &#8220;Blokken&#8221; optie in het menu.<\/li>\n<li>Wijzig de instellingen volgens de eisen.<\/li>\n<li>Ga naar de onderkant van de pagina en klik op \u201cBlokken opslaan\u201d om de configuratie op te slaan.<\/li>\n<li>Ga naar startpagina om de veranderingen in werking te zien.<\/li>\n<\/ol>\n<\/div>\n<\/div>\n<p>&nbsp;<\/p>\n<div class=\"basic\">\n<div class=\"basic-step\">\n<h3 class=\"media-heading\">Aanwijzingen voor Drupal 8:<\/h3>\n<ol>\n<li style=\"list-style-type: none;\">\n<ol>\n<li>Exporteer uw Drupal thema uit TemplateToaster vanuit Bestand-&gt; Exporteren<br \/>\n<a href=\"https:\/\/templatetoaster.com\/wp-content\/uploads\/2017\/11\/drupal_theme_export_upload_instructions_step_1.jpg\"><img loading=\"lazy\" decoding=\"async\" class=\"aligncenter size-large wp-image-3296\" src=\"https:\/\/templatetoaster.com\/wp-content\/uploads\/2017\/11\/drupal_theme_export_upload_instructions_step_1-1024x545.jpg\" alt=\"drupal_theme_export_upload_instructions_step_1\" width=\"900\" height=\"479\" srcset=\"https:\/\/templatetoaster.com\/wp-content\/uploads\/2017\/11\/drupal_theme_export_upload_instructions_step_1-1024x545.jpg 1024w, https:\/\/templatetoaster.com\/wp-content\/uploads\/2017\/11\/drupal_theme_export_upload_instructions_step_1-1000x532.jpg 1000w, https:\/\/templatetoaster.com\/wp-content\/uploads\/2017\/11\/drupal_theme_export_upload_instructions_step_1-300x160.jpg 300w, https:\/\/templatetoaster.com\/wp-content\/uploads\/2017\/11\/drupal_theme_export_upload_instructions_step_1.jpg 1366w\" sizes=\"(max-width: 900px) 100vw, 900px\" \/><\/a><\/li>\n<li>Kies uw export locatie en de Drupal versie 8<a href=\"https:\/\/templatetoaster.com\/wp-content\/uploads\/2017\/11\/drupal_theme_export_upload_instructions_step_2.jpg\"><img loading=\"lazy\" decoding=\"async\" class=\"aligncenter size-large wp-image-3297\" src=\"https:\/\/templatetoaster.com\/wp-content\/uploads\/2017\/11\/drupal_theme_export_upload_instructions_step_2-1024x545.jpg\" alt=\"drupal_theme_export_upload_instructions_step_2\" width=\"900\" height=\"479\" srcset=\"https:\/\/templatetoaster.com\/wp-content\/uploads\/2017\/11\/drupal_theme_export_upload_instructions_step_2-1024x545.jpg 1024w, https:\/\/templatetoaster.com\/wp-content\/uploads\/2017\/11\/drupal_theme_export_upload_instructions_step_2-1000x532.jpg 1000w, https:\/\/templatetoaster.com\/wp-content\/uploads\/2017\/11\/drupal_theme_export_upload_instructions_step_2-300x160.jpg 300w, https:\/\/templatetoaster.com\/wp-content\/uploads\/2017\/11\/drupal_theme_export_upload_instructions_step_2.jpg 1366w\" sizes=\"(max-width: 900px) 100vw, 900px\" \/><\/a><\/li>\n<li>Vanuit admin op Vormgeving<br \/>\n<a href=\"https:\/\/templatetoaster.com\/wp-content\/uploads\/2017\/11\/drupal_theme_export_upload_instructions_step_3.jpg\"><img loading=\"lazy\" decoding=\"async\" class=\"aligncenter size-large wp-image-3298\" src=\"https:\/\/templatetoaster.com\/wp-content\/uploads\/2017\/11\/drupal_theme_export_upload_instructions_step_3-1024x410.jpg\" alt=\"drupal_theme_export_upload_instructions_step_3\" width=\"900\" height=\"360\" srcset=\"https:\/\/templatetoaster.com\/wp-content\/uploads\/2017\/11\/drupal_theme_export_upload_instructions_step_3-1024x410.jpg 1024w, https:\/\/templatetoaster.com\/wp-content\/uploads\/2017\/11\/drupal_theme_export_upload_instructions_step_3-1000x400.jpg 1000w, https:\/\/templatetoaster.com\/wp-content\/uploads\/2017\/11\/drupal_theme_export_upload_instructions_step_3-300x120.jpg 300w, https:\/\/templatetoaster.com\/wp-content\/uploads\/2017\/11\/drupal_theme_export_upload_instructions_step_3.jpg 1349w\" sizes=\"(max-width: 900px) 100vw, 900px\" \/><\/a><\/li>\n<li>Klik op Nieuw thema installeren<br \/>\n<a href=\"https:\/\/templatetoaster.com\/wp-content\/uploads\/2017\/11\/drupal_theme_export_upload_instructions_step_4.jpg\"><img loading=\"lazy\" decoding=\"async\" class=\"aligncenter size-large wp-image-3299\" src=\"https:\/\/templatetoaster.com\/wp-content\/uploads\/2017\/11\/drupal_theme_export_upload_instructions_step_4-1024x428.jpg\" alt=\"drupal_theme_export_upload_instructions_step_4\" width=\"900\" height=\"376\" srcset=\"https:\/\/templatetoaster.com\/wp-content\/uploads\/2017\/11\/drupal_theme_export_upload_instructions_step_4-1024x428.jpg 1024w, https:\/\/templatetoaster.com\/wp-content\/uploads\/2017\/11\/drupal_theme_export_upload_instructions_step_4-1000x418.jpg 1000w, https:\/\/templatetoaster.com\/wp-content\/uploads\/2017\/11\/drupal_theme_export_upload_instructions_step_4-300x125.jpg 300w, https:\/\/templatetoaster.com\/wp-content\/uploads\/2017\/11\/drupal_theme_export_upload_instructions_step_4.jpg 1349w\" sizes=\"(max-width: 900px) 100vw, 900px\" \/><\/a><\/li>\n<\/ol>\n<\/li>\n<\/ol>\n<p>5: Blader door het thema dat je in stap \u00e9\u00e9n hierboven hebt ge\u00ebxporteerd boven en klik op Installeren.<br \/>\n<a href=\"https:\/\/templatetoaster.com\/wp-content\/uploads\/2017\/11\/drupal_theme_export_upload_instructions_step_5.jpg\"><img loading=\"lazy\" decoding=\"async\" class=\"aligncenter size-large wp-image-3300\" src=\"https:\/\/templatetoaster.com\/wp-content\/uploads\/2017\/11\/drupal_theme_export_upload_instructions_step_5-1024x388.jpg\" alt=\"drupal_theme_export_upload_instructions_step_5\" width=\"900\" height=\"341\" srcset=\"https:\/\/templatetoaster.com\/wp-content\/uploads\/2017\/11\/drupal_theme_export_upload_instructions_step_5-1024x388.jpg 1024w, https:\/\/templatetoaster.com\/wp-content\/uploads\/2017\/11\/drupal_theme_export_upload_instructions_step_5-1000x379.jpg 1000w, https:\/\/templatetoaster.com\/wp-content\/uploads\/2017\/11\/drupal_theme_export_upload_instructions_step_5-300x114.jpg 300w, https:\/\/templatetoaster.com\/wp-content\/uploads\/2017\/11\/drupal_theme_export_upload_instructions_step_5.jpg 1363w\" sizes=\"(max-width: 900px) 100vw, 900px\" \/><\/a><\/p>\n<p>6: Uw Drupal thema is ge\u00efnstalleerd<br \/>\n<a href=\"https:\/\/templatetoaster.com\/wp-content\/uploads\/2017\/11\/drupal_theme_export_upload_instructions_step_6.jpg\"><img loading=\"lazy\" decoding=\"async\" class=\"aligncenter size-large wp-image-3301\" src=\"https:\/\/templatetoaster.com\/wp-content\/uploads\/2017\/11\/drupal_theme_export_upload_instructions_step_6-1024x410.jpg\" alt=\"drupal_theme_export_upload_instructions_step_6\" width=\"900\" height=\"360\" srcset=\"https:\/\/templatetoaster.com\/wp-content\/uploads\/2017\/11\/drupal_theme_export_upload_instructions_step_6-1024x410.jpg 1024w, https:\/\/templatetoaster.com\/wp-content\/uploads\/2017\/11\/drupal_theme_export_upload_instructions_step_6-1000x400.jpg 1000w, https:\/\/templatetoaster.com\/wp-content\/uploads\/2017\/11\/drupal_theme_export_upload_instructions_step_6-300x120.jpg 300w, https:\/\/templatetoaster.com\/wp-content\/uploads\/2017\/11\/drupal_theme_export_upload_instructions_step_6.jpg 1349w\" sizes=\"(max-width: 900px) 100vw, 900px\" \/><\/a><\/p>\n<\/div>\n<\/div>\n<\/div>\n","protected":false},"excerpt":{"rendered":"<p>Hoe TemplateToaster Thema&#8217;s uploaden, installeren en configureren in Drupal Hoe wordt een Drupal Theme in TemplateToaster aangemaakt? Hoe TemplateToaster gegenereerd thema op Drupal uploaden? Aanwijzingen voor Drupal 7: Uploaden\/installeren van Thema Na het exporteren, upload het thema op de Drupal &hellip; <a href=\"https:\/\/templatetoaster.com\/nl\/drupal\">Continue Reading<span class=\"meta-nav\">&rarr;<\/span><\/a><\/p>\n","protected":false},"author":1,"featured_media":0,"parent":0,"menu_order":0,"comment_status":"closed","ping_status":"closed","template":"PageTemplate1.php","meta":{"footnotes":""},"yoast_head":"<!-- This site is optimized with the Yoast SEO plugin v23.5 - https:\/\/yoast.com\/wordpress\/plugins\/seo\/ -->\n<title>Hoe TemplateToaster Thema&#039;s uploaden, installeren en configureren in Drupal - TemplateToaster<\/title>\n<meta name=\"description\" content=\"Instructies voor het uploaden en installeren van TemplateToaster gegenereerde Thema&#039;s op uw Drupal website.\" \/>\n<meta name=\"robots\" content=\"index, follow, max-snippet:-1, max-image-preview:large, max-video-preview:-1\" \/>\n<link rel=\"canonical\" href=\"https:\/\/templatetoaster.com\/nl\/drupal\" \/>\n<meta property=\"og:locale\" content=\"nl_NL\" \/>\n<meta property=\"og:type\" content=\"article\" \/>\n<meta property=\"og:title\" content=\"Hoe TemplateToaster Thema&#039;s uploaden, installeren en configureren in Drupal - TemplateToaster\" \/>\n<meta property=\"og:description\" content=\"Instructies voor het uploaden en installeren van TemplateToaster gegenereerde Thema&#039;s op uw Drupal website.\" \/>\n<meta property=\"og:url\" content=\"https:\/\/templatetoaster.com\/nl\/drupal\" \/>\n<meta property=\"og:site_name\" content=\"TemplateToaster\" \/>\n<meta property=\"article:publisher\" content=\"https:\/\/www.facebook.com\/TemplateToaster\" \/>\n<meta property=\"article:modified_time\" content=\"2019-12-02T11:29:20+00:00\" \/>\n<meta property=\"og:image\" content=\"https:\/\/templatetoaster.com\/wp-content\/uploads\/2018\/02\/youtube.png\" \/>\n<meta name=\"twitter:card\" content=\"summary_large_image\" \/>\n<meta name=\"twitter:site\" content=\"@templatetoaster\" \/>\n<meta name=\"twitter:label1\" content=\"Geschatte leestijd\" \/>\n\t<meta name=\"twitter:data1\" content=\"1 minuut\" \/>\n<script type=\"application\/ld+json\" class=\"yoast-schema-graph\">{\"@context\":\"https:\/\/schema.org\",\"@graph\":[{\"@type\":\"WebPage\",\"@id\":\"https:\/\/templatetoaster.com\/nl\/drupal\",\"url\":\"https:\/\/templatetoaster.com\/nl\/drupal\",\"name\":\"Hoe TemplateToaster Thema's uploaden, installeren en configureren in Drupal - TemplateToaster\",\"isPartOf\":{\"@id\":\"https:\/\/templatetoaster.com\/#website\"},\"primaryImageOfPage\":{\"@id\":\"https:\/\/templatetoaster.com\/nl\/drupal#primaryimage\"},\"image\":{\"@id\":\"https:\/\/templatetoaster.com\/nl\/drupal#primaryimage\"},\"thumbnailUrl\":\"https:\/\/templatetoaster.com\/wp-content\/uploads\/2018\/02\/youtube.png\",\"datePublished\":\"2018-04-13T10:50:45+00:00\",\"dateModified\":\"2019-12-02T11:29:20+00:00\",\"description\":\"Instructies voor het uploaden en installeren van TemplateToaster gegenereerde Thema's op uw Drupal website.\",\"breadcrumb\":{\"@id\":\"https:\/\/templatetoaster.com\/nl\/drupal#breadcrumb\"},\"inLanguage\":\"nl-NL\",\"potentialAction\":[{\"@type\":\"ReadAction\",\"target\":[\"https:\/\/templatetoaster.com\/nl\/drupal\"]}]},{\"@type\":\"ImageObject\",\"inLanguage\":\"nl-NL\",\"@id\":\"https:\/\/templatetoaster.com\/nl\/drupal#primaryimage\",\"url\":\"https:\/\/templatetoaster.com\/wp-content\/uploads\/2018\/02\/youtube.png\",\"contentUrl\":\"https:\/\/templatetoaster.com\/wp-content\/uploads\/2018\/02\/youtube.png\"},{\"@type\":\"BreadcrumbList\",\"@id\":\"https:\/\/templatetoaster.com\/nl\/drupal#breadcrumb\",\"itemListElement\":[{\"@type\":\"ListItem\",\"position\":1,\"name\":\"Home\",\"item\":\"https:\/\/templatetoaster.com\/nl\"},{\"@type\":\"ListItem\",\"position\":2,\"name\":\"Hoe TemplateToaster Thema&#8217;s uploaden, installeren en configureren in Drupal\"}]},{\"@type\":\"WebSite\",\"@id\":\"https:\/\/templatetoaster.com\/#website\",\"url\":\"https:\/\/templatetoaster.com\/\",\"name\":\"TemplateToaster\",\"description\":\"\",\"publisher\":{\"@id\":\"https:\/\/templatetoaster.com\/#organization\"},\"inLanguage\":\"nl-NL\"},{\"@type\":\"Organization\",\"@id\":\"https:\/\/templatetoaster.com\/#organization\",\"name\":\"TemplateToaster\",\"url\":\"https:\/\/templatetoaster.com\/\",\"logo\":{\"@type\":\"ImageObject\",\"inLanguage\":\"nl-NL\",\"@id\":\"https:\/\/templatetoaster.com\/#\/schema\/logo\/image\/\",\"url\":\"https:\/\/templatetoaster.com\/wp-content\/uploads\/2019\/11\/TemplateToaster_Logo.jpg\",\"contentUrl\":\"https:\/\/templatetoaster.com\/wp-content\/uploads\/2019\/11\/TemplateToaster_Logo.jpg\",\"width\":85,\"height\":85,\"caption\":\"TemplateToaster\"},\"image\":{\"@id\":\"https:\/\/templatetoaster.com\/#\/schema\/logo\/image\/\"},\"sameAs\":[\"https:\/\/www.facebook.com\/TemplateToaster\",\"https:\/\/x.com\/templatetoaster\",\"https:\/\/www.instagram.com\/templatetoaster\/\",\"https:\/\/www.linkedin.com\/company\/templatetoaster\/\",\"https:\/\/www.pinterest.com\/templatetoaster\/\",\"https:\/\/www.youtube.com\/@TemplateToaster\"]}]}<\/script>\n<!-- \/ Yoast SEO plugin. -->","yoast_head_json":{"title":"Hoe TemplateToaster Thema's uploaden, installeren en configureren in Drupal - TemplateToaster","description":"Instructies voor het uploaden en installeren van TemplateToaster gegenereerde Thema's op uw Drupal website.","robots":{"index":"index","follow":"follow","max-snippet":"max-snippet:-1","max-image-preview":"max-image-preview:large","max-video-preview":"max-video-preview:-1"},"canonical":"https:\/\/templatetoaster.com\/nl\/drupal","og_locale":"nl_NL","og_type":"article","og_title":"Hoe TemplateToaster Thema's uploaden, installeren en configureren in Drupal - TemplateToaster","og_description":"Instructies voor het uploaden en installeren van TemplateToaster gegenereerde Thema's op uw Drupal website.","og_url":"https:\/\/templatetoaster.com\/nl\/drupal","og_site_name":"TemplateToaster","article_publisher":"https:\/\/www.facebook.com\/TemplateToaster","article_modified_time":"2019-12-02T11:29:20+00:00","og_image":[{"url":"https:\/\/templatetoaster.com\/wp-content\/uploads\/2018\/02\/youtube.png"}],"twitter_card":"summary_large_image","twitter_site":"@templatetoaster","twitter_misc":{"Geschatte leestijd":"1 minuut"},"schema":{"@context":"https:\/\/schema.org","@graph":[{"@type":"WebPage","@id":"https:\/\/templatetoaster.com\/nl\/drupal","url":"https:\/\/templatetoaster.com\/nl\/drupal","name":"Hoe TemplateToaster Thema's uploaden, installeren en configureren in Drupal - TemplateToaster","isPartOf":{"@id":"https:\/\/templatetoaster.com\/#website"},"primaryImageOfPage":{"@id":"https:\/\/templatetoaster.com\/nl\/drupal#primaryimage"},"image":{"@id":"https:\/\/templatetoaster.com\/nl\/drupal#primaryimage"},"thumbnailUrl":"https:\/\/templatetoaster.com\/wp-content\/uploads\/2018\/02\/youtube.png","datePublished":"2018-04-13T10:50:45+00:00","dateModified":"2019-12-02T11:29:20+00:00","description":"Instructies voor het uploaden en installeren van TemplateToaster gegenereerde Thema's op uw Drupal website.","breadcrumb":{"@id":"https:\/\/templatetoaster.com\/nl\/drupal#breadcrumb"},"inLanguage":"nl-NL","potentialAction":[{"@type":"ReadAction","target":["https:\/\/templatetoaster.com\/nl\/drupal"]}]},{"@type":"ImageObject","inLanguage":"nl-NL","@id":"https:\/\/templatetoaster.com\/nl\/drupal#primaryimage","url":"https:\/\/templatetoaster.com\/wp-content\/uploads\/2018\/02\/youtube.png","contentUrl":"https:\/\/templatetoaster.com\/wp-content\/uploads\/2018\/02\/youtube.png"},{"@type":"BreadcrumbList","@id":"https:\/\/templatetoaster.com\/nl\/drupal#breadcrumb","itemListElement":[{"@type":"ListItem","position":1,"name":"Home","item":"https:\/\/templatetoaster.com\/nl"},{"@type":"ListItem","position":2,"name":"Hoe TemplateToaster Thema&#8217;s uploaden, installeren en configureren in Drupal"}]},{"@type":"WebSite","@id":"https:\/\/templatetoaster.com\/#website","url":"https:\/\/templatetoaster.com\/","name":"TemplateToaster","description":"","publisher":{"@id":"https:\/\/templatetoaster.com\/#organization"},"inLanguage":"nl-NL"},{"@type":"Organization","@id":"https:\/\/templatetoaster.com\/#organization","name":"TemplateToaster","url":"https:\/\/templatetoaster.com\/","logo":{"@type":"ImageObject","inLanguage":"nl-NL","@id":"https:\/\/templatetoaster.com\/#\/schema\/logo\/image\/","url":"https:\/\/templatetoaster.com\/wp-content\/uploads\/2019\/11\/TemplateToaster_Logo.jpg","contentUrl":"https:\/\/templatetoaster.com\/wp-content\/uploads\/2019\/11\/TemplateToaster_Logo.jpg","width":85,"height":85,"caption":"TemplateToaster"},"image":{"@id":"https:\/\/templatetoaster.com\/#\/schema\/logo\/image\/"},"sameAs":["https:\/\/www.facebook.com\/TemplateToaster","https:\/\/x.com\/templatetoaster","https:\/\/www.instagram.com\/templatetoaster\/","https:\/\/www.linkedin.com\/company\/templatetoaster\/","https:\/\/www.pinterest.com\/templatetoaster\/","https:\/\/www.youtube.com\/@TemplateToaster"]}]}},"_links":{"self":[{"href":"https:\/\/templatetoaster.com\/nl\/wp-json\/wp\/v2\/pages\/4131"}],"collection":[{"href":"https:\/\/templatetoaster.com\/nl\/wp-json\/wp\/v2\/pages"}],"about":[{"href":"https:\/\/templatetoaster.com\/nl\/wp-json\/wp\/v2\/types\/page"}],"author":[{"embeddable":true,"href":"https:\/\/templatetoaster.com\/nl\/wp-json\/wp\/v2\/users\/1"}],"replies":[{"embeddable":true,"href":"https:\/\/templatetoaster.com\/nl\/wp-json\/wp\/v2\/comments?post=4131"}],"version-history":[{"count":5,"href":"https:\/\/templatetoaster.com\/nl\/wp-json\/wp\/v2\/pages\/4131\/revisions"}],"predecessor-version":[{"id":68295,"href":"https:\/\/templatetoaster.com\/nl\/wp-json\/wp\/v2\/pages\/4131\/revisions\/68295"}],"wp:attachment":[{"href":"https:\/\/templatetoaster.com\/nl\/wp-json\/wp\/v2\/media?parent=4131"}],"curies":[{"name":"wp","href":"https:\/\/api.w.org\/{rel}","templated":true}]}}