{"id":4119,"date":"2018-04-13T10:30:04","date_gmt":"2018-04-13T10:30:04","guid":{"rendered":"http:\/\/templatetoaster.com?page_id=4119"},"modified":"2019-12-03T07:09:38","modified_gmt":"2019-12-03T07:09:38","slug":"magento","status":"publish","type":"page","link":"https:\/\/templatetoaster.com\/nl\/magento","title":{"rendered":"Hoe TemplateToaster gegenereerde Thema&#8217;s op Magento uploaden, installeren en configureren"},"content":{"rendered":"<div class=\"tt_documentation_instruction_row row\">\n<h1 class=\"heading_border\">Hoe TemplateToaster gegenereerde thema\u2019s op Magento uploaden, installeren en configureren?<\/h1>\n<div class=\"demo_row1 even row\">\n<h2><span class=\"demo_video_cms\" style=\"background-position: 137px -62px;\"><\/span> Magento 1.9<\/h2>\n<div class=\"row\">\n<div class=\"col-md-6 col-sm-6 col-xs-12\">\n<div class=\"vedio_bg\">\n<div class=\"tt_video_modal\">\n<p><a href=\"https:\/\/youtu.be\/tmMFYqDKsrk\"><img decoding=\"async\" src=\"https:\/\/templatetoaster.com\/wp-content\/uploads\/2018\/02\/youtube.png\" \/><\/a><\/p>\n<div class=\"video-content\">\n<h3>Hoe kan ik Magento 1.9 thema maken in TemplateToaster<\/h3>\n<\/div>\n<\/div>\n<\/div>\n<\/div>\n<div class=\"col-md-6 col-sm-6 col-xs-12\">\n<div class=\"vedio_bg\">\n<div class=\"tt_video_modal\">\n<p><a href=\"https:\/\/youtu.be\/D6KBdP3kdjg\"><img decoding=\"async\" src=\"https:\/\/templatetoaster.com\/wp-content\/uploads\/2018\/02\/youtube.png\" \/><\/a><\/p>\n<div class=\"video-content\">\n<h3>Hoe TemplateToaster gegenereerd thema op Magento 1.9 uploaden<\/h3>\n<\/div>\n<\/div>\n<\/div>\n<\/div>\n<div class=\"clearfix visible-lg-block visible-md-block\"><\/div>\n<\/div>\n<\/div>\n<div class=\"demo_row1 even row\">\n<h2><span class=\"demo_video_cms\" style=\"background-position: 137px -62px;\"><\/span> Magento 2.0<\/h2>\n<div class=\"row\">\n<div class=\"col-md-6 col-sm-6 col-xs-12\">\n<div class=\"vedio_bg\">\n<div class=\"tt_video_modal\">\n<p><a href=\"https:\/\/youtu.be\/tmMFYqDKsrk\"><img decoding=\"async\" src=\"https:\/\/templatetoaster.com\/wp-content\/uploads\/2018\/02\/youtube.png\" \/><\/a><\/p>\n<div class=\"video-content\">\n<h3>Hoe kan ik een Magento 2.0 thema in TemplateToaster maken?<\/h3>\n<\/div>\n<\/div>\n<\/div>\n<\/div>\n<div class=\"col-md-6 col-sm-6 col-xs-12\">\n<div class=\"vedio_bg\">\n<div class=\"tt_video_modal\">\n<p><a href=\"https:\/\/youtu.be\/yz75jq66vn4\"><img decoding=\"async\" src=\"https:\/\/templatetoaster.com\/wp-content\/uploads\/2018\/02\/youtube.png\" \/><\/a><\/p>\n<div class=\"video-content\">\n<h3>Hoe TemplateToaster gegenereerde thema\u2019s in Magento uploaden?<\/h3>\n<\/div>\n<\/div>\n<\/div>\n<\/div>\n<div class=\"clearfix visible-lg-block visible-md-block\"><\/div>\n<\/div>\n<\/div>\n<div class=\"basic\">\n<div class=\"basic-step\">\n<h3 style=\"margin-bottom: 15px;\"><a href=\"#magento1.9\">Magento Theme installatie gids voor Magento 1.9<\/a><\/h3>\n<h3 style=\"margin-bottom: 15px;\"><a href=\"#magento2\">Magento Theme installatie gids voor Magento 2.0<\/a><\/h3>\n<p><a name=\"magento1.9\"><\/a><\/p>\n<h4 style=\"margin: 15px 0px 10px;\">1. Kopieer de Themabestanden<\/h4>\n<ol class=\"lower-alpha\">\n<li>Op XAMPP, WAMPP, etc. (Als u een Magento Thema op een lokale PC wilt installeren)<\/li>\n<li>Het thema als .zip-bestand exporteren.<\/li>\n<li>Pak het .zip-bestand uit in de Magento hoofdmap.<\/li>\n<li>Op Hostingserver (Als u een Magento Thema op een Hostingserver wilt installeren)<\/li>\n<li>Exporteer het thema als map.<\/li>\n<li>Upload de inhoud van de map naar de hoofdmap van Magento. Zie ook het screenshot hieronder voor een voorbeeld.<\/li>\n<\/ol>\n<p>&nbsp;<\/p>\n<h4>2. Doe het volgende:<\/h4>\n<ol class=\"lower-alpha\">\n<li>Open uw Magento Administratiepaneel en ga naar Systeem -&gt; Ontwerp Sectie.<\/li>\n<li>Klik op het verschenen scherm op de Nieuw Thema knop(of Ontwerp Wijziging Toevoegen knop) aan de rechter bovenkant.<\/li>\n<li>Selecteer in het veld Aangepast Ontwerp uw nieuw ge\u00efnstalleerd thema<\/li>\n<li>Klik op de Opslaan knop om de wijzigingen toe te passen<\/li>\n<li>Een categorie maken als subcategorie aan uw thema standaardcategorie. Dit moet inactief zijn om te worden verborgen in de hoofdnavigatie. Deze categorie zal gelden voor \u201cHome page producten\u201d. Onthoud de ID van deze categorie. Zie ook de afbeelding hieronder.<\/li>\n<li>Zodra de categorie is gemaakt, is het verstandig om hier verschillende producten aan toe te voegen.<\/li>\n<\/ol>\n<p>&nbsp;<\/p>\n<p><img decoding=\"async\" class=\"img-responsive center-block\" src=\"https:\/\/templatetoaster.com\/wp-content\/uploads\/2012\/03\/images\/pf\/1.jpg\" alt=\"\" \/><\/p>\n<p>&nbsp;<\/p>\n<p><img decoding=\"async\" class=\"img-responsive center-block\" src=\"https:\/\/templatetoaster.com\/wp-content\/uploads\/2012\/03\/images\/pf\/3.jpg\" alt=\"\" \/><\/p>\n<p>&nbsp;<\/p>\n<\/div>\n<\/div>\n<div class=\"basic\">\n<div class=\"basic-step\">\n<h3>Home pagina bewerken<\/h3>\n<p>Ga naar CMS-&gt;Pagina&#8217;s en bewerken\/toevoegen home pagina. Ga naar Inhoud en Toevoegen<\/p>\n<pre>{{block type=\"catalog\/product_list\" category_id=\"HomeProductsCategoryID\" template=\"catalog\/product\/list.phtml\"}}<\/pre>\n<p>Vergeet niet \u201cHomeProductsCategoryID\u201d te vervangen met het ID van \u00e9\u00e9n van de gecre\u00eberde categorie\u00ebn<\/p>\n<p>&nbsp;<\/p>\n<\/div>\n<\/div>\n<div class=\"basic\">\n<div class=\"basic-step\">\n<h3 style=\"margin-bottom: 15px;\">Toevoegen\/maken van een Statisch Blok (Optioneel)<\/h3>\n<ol class=\"decimal\">\n<li>Log in op uw Magento winkel admin<\/li>\n<li>Navigeer naar CMS &gt; Statische Blokken<\/li>\n<li>Klik op Nieuwe Blokken Toevoegen in de rechter bovenhoek<\/li>\n<li>Geef uw blok een Blok Titel<\/li>\n<li>Geef uw blok een ID die zal worden gebruikt om het blok op te halen. Zorg ervoor dat de ID geheel in kleine letters is en gescheiden is door een onderstrepingsteken om Magento&#8217;s manier te volgen. your_block_id<\/li>\n<li>Kies tot welke winkel weergave het blok behoort. Laat als Winkel Weergaven, tenzij u een goede reden hebt en u Status Instellen niet op Ingeschakeld hebt staan<\/li>\n<li>Voer uw HTML-code in in het Inhoud veld.<\/li>\n<li>Klik op Blok Opslaan of op Opslaan en Doorgaan Met Bewerken om uw instellingen te bewaren.<\/li>\n<\/ol>\n<p>&nbsp;<\/p>\n<\/div>\n<\/div>\n<div class=\"basic\">\n<div class=\"basic-step\">\n<h3 style=\"margin-bottom: 15px;\">Blok toevoegen in XML (Optioneel)<\/h3>\n<pre>  \r\n&lt;Referentienaam =\"BlockReferenceName\"&gt;\r\n   &lt;block type=\"CMS\/blokkeren\" naam\"your_block_id\" voordat =\"_\"&gt;\r\n\t&lt;methode actie =\"setBlockId\"&gt;\r\n\t   &lt;block_id&gt;your_block_id &lt;\/block_id&gt;\r\n\t&lt;\/actie&gt;\r\n  &lt;\/blok&gt;\r\n&lt;Referentie&gt;\r\n<\/pre>\n<p>&nbsp;<\/p>\n<ol class=\"decimal\">\n<li>Open de cms.xml vanaf app &gt; ontwerp &gt; frontend &gt; standaard &gt; your_theme &gt; lay-out map.<\/li>\n<li>UnComment de bovenstaande code. \u201cBlockReferenceName\u201d is de naam van het gebied waar het statische blok moet worden geplaatst.<\/li>\n<li>Deze code plaatst het blok &#8220;your_block_id&#8221; die u hebt gemaakt in de admin boven de inhoud op de categorie-pagina&#8217;s (let op het before=\u201d-\u201d attribuut, dit zorgt ervoor dat uw blok wordt weergegeven voor de rest van de inhoud).<\/li>\n<li>Om meer blokken toe te voegen, plak de bovenstaande code en wijs de juiste \u201cBlockReferenceName\u201d en \u201cyour_block_id\u201d.<\/li>\n<\/ol>\n<\/div>\n<\/div>\n<p><a name=\"magento2\"><\/a><\/p>\n<div class=\"basic\">\n<div class=\"basic-step\">\n<h3 style=\"margin-bottom: 15px;\">Magento Theme installatie gids voor Magento 2.0<\/h3>\n<ol>\n<li>Na het afronden van het ontwerpen van een Magento 2 thema, tijd om te exporteren:Klik op het Magento pictogram rechtsboven op TemplateToaster(verwijs naar Magento1.png) of ga naar Bestand -&gt; Export.<\/li>\n<li>Een \u2018Export Magento Theme\u2019 popup naam zal openen(verwijs naar Magento1.png) -&gt; Blader door een pad voor het opslaan van de ge\u00ebxporteerde map -&gt; Selecteer versie 2.x -&gt; klik op de knop Export in popup<\/li>\n<\/ol>\n<p>Thema map wordt ge\u00ebxporteerd naar het geselecteerde pad.<\/p>\n<ol>\n<li>Zoek en open de ge\u00ebxporteerde Magento thema folder -&gt; Kopieer \u2018app\u2019 map uit de thema map(verwijs naar Magento2.png)<\/li>\n<li>Ga naar Magento 2 installatiemap in uw systeem -&gt; Plak gekopieerde \u2018app\u2019 folder hierin (verwijs naar Magento3.png).<\/li>\n<li>Ga nu naar Magento 2 Dashboard -&gt; Beheer -&gt; Winkel -&gt; Configuratie (verwijs naar Magento4.png).<\/li>\n<li>In Configuratie -&gt; Ga naar Algemeen -&gt; Ontwerp -&gt; Thema Ontwerpen -&gt; Selecteer het thema om in te stellen als standaard thema in het dropdown menu (verwijs naar Magento5.png) -&gt; Klik op \u2018Config Opslaan\u2019 knop (verwijs naar Magento6.png).<\/li>\n<li>\u2018Configuratie is opgeslagen\u2019 melding zal verschijnen, en nu is uw thema als standaard ingesteld (verwijs naar Magento7.png).<\/li>\n<\/ol>\n<p><a href=\"https:\/\/templatetoaster.com\/wp-content\/uploads\/2013\/05\/step1.jpg\"><img loading=\"lazy\" decoding=\"async\" class=\"aligncenter size-medium wp-image-3066\" src=\"https:\/\/templatetoaster.com\/wp-content\/uploads\/2013\/05\/step1.jpg\" alt=\"Uploaden en te installeren manegento 2 sjabloon stap 1\" width=\"823\" height=\"523\" \/><\/a><\/p>\n<p><a href=\"https:\/\/templatetoaster.com\/wp-content\/uploads\/2013\/05\/step2.jpg\"><img loading=\"lazy\" decoding=\"async\" class=\"aligncenter size-full wp-image-3067\" src=\"https:\/\/templatetoaster.com\/wp-content\/uploads\/2013\/05\/step2.jpg\" alt=\"Uploaden en te installeren manegento 2 sjabloon stap 2\" width=\"823\" height=\"523\" srcset=\"https:\/\/templatetoaster.com\/wp-content\/uploads\/2013\/05\/step2.jpg 823w, https:\/\/templatetoaster.com\/wp-content\/uploads\/2013\/05\/step2-600x381.jpg 600w, https:\/\/templatetoaster.com\/wp-content\/uploads\/2013\/05\/step2-300x191.jpg 300w\" sizes=\"(max-width: 823px) 100vw, 823px\" \/><\/a><\/p>\n<p><a href=\"https:\/\/templatetoaster.com\/wp-content\/uploads\/2013\/05\/step3.jpg\"><img loading=\"lazy\" decoding=\"async\" class=\"aligncenter size-full wp-image-3068\" src=\"https:\/\/templatetoaster.com\/wp-content\/uploads\/2013\/05\/step3.jpg\" alt=\"Uploaden en te installeren manegento 2 sjabloon stap 3\" width=\"823\" height=\"348\" srcset=\"https:\/\/templatetoaster.com\/wp-content\/uploads\/2013\/05\/step3.jpg 823w, https:\/\/templatetoaster.com\/wp-content\/uploads\/2013\/05\/step3-600x254.jpg 600w, https:\/\/templatetoaster.com\/wp-content\/uploads\/2013\/05\/step3-300x127.jpg 300w\" sizes=\"(max-width: 823px) 100vw, 823px\" \/><\/a><\/p>\n<p><a href=\"https:\/\/templatetoaster.com\/wp-content\/uploads\/2013\/05\/step4.jpg\"><img loading=\"lazy\" decoding=\"async\" class=\"aligncenter size-full wp-image-3069\" src=\"https:\/\/templatetoaster.com\/wp-content\/uploads\/2013\/05\/step4.jpg\" alt=\"Uploaden en te installeren manegento 2 sjabloon stap 4\" width=\"823\" height=\"368\" srcset=\"https:\/\/templatetoaster.com\/wp-content\/uploads\/2013\/05\/step4.jpg 823w, https:\/\/templatetoaster.com\/wp-content\/uploads\/2013\/05\/step4-600x268.jpg 600w, https:\/\/templatetoaster.com\/wp-content\/uploads\/2013\/05\/step4-300x134.jpg 300w\" sizes=\"(max-width: 823px) 100vw, 823px\" \/><\/a><\/p>\n<p><a href=\"https:\/\/templatetoaster.com\/wp-content\/uploads\/2013\/05\/step5.jpg\"><img loading=\"lazy\" decoding=\"async\" class=\"aligncenter size-full wp-image-3070\" src=\"https:\/\/templatetoaster.com\/wp-content\/uploads\/2013\/05\/step5.jpg\" alt=\"Uploaden en te installeren manegento 2 sjabloon stap 5\" width=\"823\" height=\"625\" srcset=\"https:\/\/templatetoaster.com\/wp-content\/uploads\/2013\/05\/step5.jpg 823w, https:\/\/templatetoaster.com\/wp-content\/uploads\/2013\/05\/step5-600x456.jpg 600w, https:\/\/templatetoaster.com\/wp-content\/uploads\/2013\/05\/step5-300x228.jpg 300w\" sizes=\"(max-width: 823px) 100vw, 823px\" \/><\/a><\/p>\n<p><a href=\"https:\/\/templatetoaster.com\/wp-content\/uploads\/2013\/05\/step6.jpg\"><img loading=\"lazy\" decoding=\"async\" class=\"aligncenter size-full wp-image-3071\" src=\"https:\/\/templatetoaster.com\/wp-content\/uploads\/2013\/05\/step6.jpg\" alt=\"Uploaden en te installeren manegento 2 sjabloon stap 6\" width=\"823\" height=\"444\" srcset=\"https:\/\/templatetoaster.com\/wp-content\/uploads\/2013\/05\/step6.jpg 823w, https:\/\/templatetoaster.com\/wp-content\/uploads\/2013\/05\/step6-600x324.jpg 600w, https:\/\/templatetoaster.com\/wp-content\/uploads\/2013\/05\/step6-300x162.jpg 300w\" sizes=\"(max-width: 823px) 100vw, 823px\" \/><\/a><\/p>\n<p><a href=\"https:\/\/templatetoaster.com\/wp-content\/uploads\/2013\/05\/step7.jpg\"><img loading=\"lazy\" decoding=\"async\" class=\"aligncenter size-full wp-image-3072\" src=\"https:\/\/templatetoaster.com\/wp-content\/uploads\/2013\/05\/step7.jpg\" alt=\"Uploaden en te installeren manegento 2 sjabloon stap 7\" width=\"823\" height=\"517\" srcset=\"https:\/\/templatetoaster.com\/wp-content\/uploads\/2013\/05\/step7.jpg 823w, https:\/\/templatetoaster.com\/wp-content\/uploads\/2013\/05\/step7-600x377.jpg 600w, https:\/\/templatetoaster.com\/wp-content\/uploads\/2013\/05\/step7-300x188.jpg 300w\" sizes=\"(max-width: 823px) 100vw, 823px\" \/><\/a><\/p>\n<\/div>\n<\/div>\n<\/div>\n","protected":false},"excerpt":{"rendered":"<p>Hoe TemplateToaster gegenereerde thema\u2019s op Magento uploaden, installeren en configureren? Magento 1.9 Hoe kan ik Magento 1.9 thema maken in TemplateToaster Hoe TemplateToaster gegenereerd thema op Magento 1.9 uploaden Magento 2.0 Hoe kan ik een Magento 2.0 thema in TemplateToaster &hellip; <a href=\"https:\/\/templatetoaster.com\/nl\/magento\">Continue Reading<span class=\"meta-nav\">&rarr;<\/span><\/a><\/p>\n","protected":false},"author":1,"featured_media":0,"parent":0,"menu_order":0,"comment_status":"closed","ping_status":"closed","template":"PageTemplate1.php","meta":{"footnotes":""},"yoast_head":"<!-- This site is optimized with the Yoast SEO plugin v23.5 - https:\/\/yoast.com\/wordpress\/plugins\/seo\/ -->\n<title>Hoe TemplateToaster gegenereerde Thema&#039;s op Magento uploaden, installeren en configureren - TemplateToaster<\/title>\n<meta name=\"description\" content=\"Instructies voor het uploaden en installeren van TemplateToaster gegenereerde thema&#039;s op de Magento website.\" \/>\n<meta name=\"robots\" content=\"index, follow, max-snippet:-1, max-image-preview:large, max-video-preview:-1\" \/>\n<link rel=\"canonical\" href=\"https:\/\/templatetoaster.com\/nl\/magento\" \/>\n<meta property=\"og:locale\" content=\"nl_NL\" \/>\n<meta property=\"og:type\" content=\"article\" \/>\n<meta property=\"og:title\" content=\"Hoe TemplateToaster gegenereerde Thema&#039;s op Magento uploaden, installeren en configureren - TemplateToaster\" \/>\n<meta property=\"og:description\" content=\"Instructies voor het uploaden en installeren van TemplateToaster gegenereerde thema&#039;s op de Magento website.\" \/>\n<meta property=\"og:url\" content=\"https:\/\/templatetoaster.com\/nl\/magento\" \/>\n<meta property=\"og:site_name\" content=\"TemplateToaster\" \/>\n<meta property=\"article:publisher\" content=\"https:\/\/www.facebook.com\/TemplateToaster\" \/>\n<meta property=\"article:modified_time\" content=\"2019-12-03T07:09:38+00:00\" \/>\n<meta property=\"og:image\" content=\"https:\/\/templatetoaster.com\/wp-content\/uploads\/2018\/02\/youtube.png\" \/>\n<meta name=\"twitter:card\" content=\"summary_large_image\" \/>\n<meta name=\"twitter:site\" content=\"@templatetoaster\" \/>\n<meta name=\"twitter:label1\" content=\"Geschatte leestijd\" \/>\n\t<meta name=\"twitter:data1\" content=\"4 minuten\" \/>\n<script type=\"application\/ld+json\" class=\"yoast-schema-graph\">{\"@context\":\"https:\/\/schema.org\",\"@graph\":[{\"@type\":\"WebPage\",\"@id\":\"https:\/\/templatetoaster.com\/nl\/magento\",\"url\":\"https:\/\/templatetoaster.com\/nl\/magento\",\"name\":\"Hoe TemplateToaster gegenereerde Thema's op Magento uploaden, installeren en configureren - TemplateToaster\",\"isPartOf\":{\"@id\":\"https:\/\/templatetoaster.com\/#website\"},\"primaryImageOfPage\":{\"@id\":\"https:\/\/templatetoaster.com\/nl\/magento#primaryimage\"},\"image\":{\"@id\":\"https:\/\/templatetoaster.com\/nl\/magento#primaryimage\"},\"thumbnailUrl\":\"https:\/\/templatetoaster.com\/wp-content\/uploads\/2018\/02\/youtube.png\",\"datePublished\":\"2018-04-13T10:30:04+00:00\",\"dateModified\":\"2019-12-03T07:09:38+00:00\",\"description\":\"Instructies voor het uploaden en installeren van TemplateToaster gegenereerde thema's op de Magento website.\",\"breadcrumb\":{\"@id\":\"https:\/\/templatetoaster.com\/nl\/magento#breadcrumb\"},\"inLanguage\":\"nl-NL\",\"potentialAction\":[{\"@type\":\"ReadAction\",\"target\":[\"https:\/\/templatetoaster.com\/nl\/magento\"]}]},{\"@type\":\"ImageObject\",\"inLanguage\":\"nl-NL\",\"@id\":\"https:\/\/templatetoaster.com\/nl\/magento#primaryimage\",\"url\":\"https:\/\/templatetoaster.com\/wp-content\/uploads\/2018\/02\/youtube.png\",\"contentUrl\":\"https:\/\/templatetoaster.com\/wp-content\/uploads\/2018\/02\/youtube.png\"},{\"@type\":\"BreadcrumbList\",\"@id\":\"https:\/\/templatetoaster.com\/nl\/magento#breadcrumb\",\"itemListElement\":[{\"@type\":\"ListItem\",\"position\":1,\"name\":\"Home\",\"item\":\"https:\/\/templatetoaster.com\/nl\"},{\"@type\":\"ListItem\",\"position\":2,\"name\":\"Hoe TemplateToaster gegenereerde Thema&#8217;s op Magento uploaden, installeren en configureren\"}]},{\"@type\":\"WebSite\",\"@id\":\"https:\/\/templatetoaster.com\/#website\",\"url\":\"https:\/\/templatetoaster.com\/\",\"name\":\"TemplateToaster\",\"description\":\"\",\"publisher\":{\"@id\":\"https:\/\/templatetoaster.com\/#organization\"},\"inLanguage\":\"nl-NL\"},{\"@type\":\"Organization\",\"@id\":\"https:\/\/templatetoaster.com\/#organization\",\"name\":\"TemplateToaster\",\"url\":\"https:\/\/templatetoaster.com\/\",\"logo\":{\"@type\":\"ImageObject\",\"inLanguage\":\"nl-NL\",\"@id\":\"https:\/\/templatetoaster.com\/#\/schema\/logo\/image\/\",\"url\":\"https:\/\/templatetoaster.com\/wp-content\/uploads\/2019\/11\/TemplateToaster_Logo.jpg\",\"contentUrl\":\"https:\/\/templatetoaster.com\/wp-content\/uploads\/2019\/11\/TemplateToaster_Logo.jpg\",\"width\":85,\"height\":85,\"caption\":\"TemplateToaster\"},\"image\":{\"@id\":\"https:\/\/templatetoaster.com\/#\/schema\/logo\/image\/\"},\"sameAs\":[\"https:\/\/www.facebook.com\/TemplateToaster\",\"https:\/\/x.com\/templatetoaster\",\"https:\/\/www.instagram.com\/templatetoaster\/\",\"https:\/\/www.linkedin.com\/company\/templatetoaster\/\",\"https:\/\/www.pinterest.com\/templatetoaster\/\",\"https:\/\/www.youtube.com\/@TemplateToaster\"]}]}<\/script>\n<!-- \/ Yoast SEO plugin. -->","yoast_head_json":{"title":"Hoe TemplateToaster gegenereerde Thema's op Magento uploaden, installeren en configureren - TemplateToaster","description":"Instructies voor het uploaden en installeren van TemplateToaster gegenereerde thema's op de Magento website.","robots":{"index":"index","follow":"follow","max-snippet":"max-snippet:-1","max-image-preview":"max-image-preview:large","max-video-preview":"max-video-preview:-1"},"canonical":"https:\/\/templatetoaster.com\/nl\/magento","og_locale":"nl_NL","og_type":"article","og_title":"Hoe TemplateToaster gegenereerde Thema's op Magento uploaden, installeren en configureren - TemplateToaster","og_description":"Instructies voor het uploaden en installeren van TemplateToaster gegenereerde thema's op de Magento website.","og_url":"https:\/\/templatetoaster.com\/nl\/magento","og_site_name":"TemplateToaster","article_publisher":"https:\/\/www.facebook.com\/TemplateToaster","article_modified_time":"2019-12-03T07:09:38+00:00","og_image":[{"url":"https:\/\/templatetoaster.com\/wp-content\/uploads\/2018\/02\/youtube.png"}],"twitter_card":"summary_large_image","twitter_site":"@templatetoaster","twitter_misc":{"Geschatte leestijd":"4 minuten"},"schema":{"@context":"https:\/\/schema.org","@graph":[{"@type":"WebPage","@id":"https:\/\/templatetoaster.com\/nl\/magento","url":"https:\/\/templatetoaster.com\/nl\/magento","name":"Hoe TemplateToaster gegenereerde Thema's op Magento uploaden, installeren en configureren - TemplateToaster","isPartOf":{"@id":"https:\/\/templatetoaster.com\/#website"},"primaryImageOfPage":{"@id":"https:\/\/templatetoaster.com\/nl\/magento#primaryimage"},"image":{"@id":"https:\/\/templatetoaster.com\/nl\/magento#primaryimage"},"thumbnailUrl":"https:\/\/templatetoaster.com\/wp-content\/uploads\/2018\/02\/youtube.png","datePublished":"2018-04-13T10:30:04+00:00","dateModified":"2019-12-03T07:09:38+00:00","description":"Instructies voor het uploaden en installeren van TemplateToaster gegenereerde thema's op de Magento website.","breadcrumb":{"@id":"https:\/\/templatetoaster.com\/nl\/magento#breadcrumb"},"inLanguage":"nl-NL","potentialAction":[{"@type":"ReadAction","target":["https:\/\/templatetoaster.com\/nl\/magento"]}]},{"@type":"ImageObject","inLanguage":"nl-NL","@id":"https:\/\/templatetoaster.com\/nl\/magento#primaryimage","url":"https:\/\/templatetoaster.com\/wp-content\/uploads\/2018\/02\/youtube.png","contentUrl":"https:\/\/templatetoaster.com\/wp-content\/uploads\/2018\/02\/youtube.png"},{"@type":"BreadcrumbList","@id":"https:\/\/templatetoaster.com\/nl\/magento#breadcrumb","itemListElement":[{"@type":"ListItem","position":1,"name":"Home","item":"https:\/\/templatetoaster.com\/nl"},{"@type":"ListItem","position":2,"name":"Hoe TemplateToaster gegenereerde Thema&#8217;s op Magento uploaden, installeren en configureren"}]},{"@type":"WebSite","@id":"https:\/\/templatetoaster.com\/#website","url":"https:\/\/templatetoaster.com\/","name":"TemplateToaster","description":"","publisher":{"@id":"https:\/\/templatetoaster.com\/#organization"},"inLanguage":"nl-NL"},{"@type":"Organization","@id":"https:\/\/templatetoaster.com\/#organization","name":"TemplateToaster","url":"https:\/\/templatetoaster.com\/","logo":{"@type":"ImageObject","inLanguage":"nl-NL","@id":"https:\/\/templatetoaster.com\/#\/schema\/logo\/image\/","url":"https:\/\/templatetoaster.com\/wp-content\/uploads\/2019\/11\/TemplateToaster_Logo.jpg","contentUrl":"https:\/\/templatetoaster.com\/wp-content\/uploads\/2019\/11\/TemplateToaster_Logo.jpg","width":85,"height":85,"caption":"TemplateToaster"},"image":{"@id":"https:\/\/templatetoaster.com\/#\/schema\/logo\/image\/"},"sameAs":["https:\/\/www.facebook.com\/TemplateToaster","https:\/\/x.com\/templatetoaster","https:\/\/www.instagram.com\/templatetoaster\/","https:\/\/www.linkedin.com\/company\/templatetoaster\/","https:\/\/www.pinterest.com\/templatetoaster\/","https:\/\/www.youtube.com\/@TemplateToaster"]}]}},"_links":{"self":[{"href":"https:\/\/templatetoaster.com\/nl\/wp-json\/wp\/v2\/pages\/4119"}],"collection":[{"href":"https:\/\/templatetoaster.com\/nl\/wp-json\/wp\/v2\/pages"}],"about":[{"href":"https:\/\/templatetoaster.com\/nl\/wp-json\/wp\/v2\/types\/page"}],"author":[{"embeddable":true,"href":"https:\/\/templatetoaster.com\/nl\/wp-json\/wp\/v2\/users\/1"}],"replies":[{"embeddable":true,"href":"https:\/\/templatetoaster.com\/nl\/wp-json\/wp\/v2\/comments?post=4119"}],"version-history":[{"count":5,"href":"https:\/\/templatetoaster.com\/nl\/wp-json\/wp\/v2\/pages\/4119\/revisions"}],"predecessor-version":[{"id":68343,"href":"https:\/\/templatetoaster.com\/nl\/wp-json\/wp\/v2\/pages\/4119\/revisions\/68343"}],"wp:attachment":[{"href":"https:\/\/templatetoaster.com\/nl\/wp-json\/wp\/v2\/media?parent=4119"}],"curies":[{"name":"wp","href":"https:\/\/api.w.org\/{rel}","templated":true}]}}