{"id":4036,"date":"2018-04-13T07:32:07","date_gmt":"2018-04-13T07:32:07","guid":{"rendered":"http:\/\/templatetoaster.com?page_id=4036"},"modified":"2019-08-10T05:03:37","modified_gmt":"2019-08-10T05:03:37","slug":"terms-of-use","status":"publish","type":"page","link":"https:\/\/templatetoaster.com\/it\/terms-of-use","title":{"rendered":"Condizioni d&#8217;uso"},"content":{"rendered":"<div class=\"tt_terms_of_use_row row\">\n<div style=\"margin: 65px 0;\">\n<h1 class=\"heading_border\" style=\"background-size: 168px 1px;\">Termini di utilizzo<\/h1>\n<p style=\"font-size: 14px; font-weight: 600; margin-bottom: 12px; margin-top: 20px;\">Benvenuti in TemplateToaster, se continui ad utilizzare questo sito Web sarai legato ai nostri termini di utilizzo che, insime alla nostra politica sulla privacy, definiscono il nostro rapporto con te. Ti preghiamo di non utilizzare il nostro sito Web se non sei d&#8217;accordo con le seguenti condizioni di utilizzo.<\/p>\n<ul class=\"download_points terms\">\n<li>Il contenuto di questo sito che \u00e8 a scopo informativo pu\u00f2 essere modificato in qualsiasi momento senza alcun preavviso.<\/li>\n<li>Il nostro sito utilizza i cookie per migliorare le prestazioni.<\/li>\n<li>N\u00e9 TemplateToaster n\u00e9 terze parti forniscono alcuna garanzia di tempestivit\u00e0, accuratezza, completezza o l&#8217;idoneit\u00e0 dei contenuti disponibili su di esso. Facciamo del nostro meglio, ma l&#8217;utente riconosce che il contenuto pu\u00f2 contenere degli errori.<\/li>\n<li>Il contenuto di questo sito Web come il layout, la grafica, il design sono protetti da copyright e di nostra propriet\u00e0, la riproduzione di questo \u00e8 severamente vietato.<\/li>\n<li>Tutti gli altri nomi e loghi sono marchi registrati dei rispettivi proprietari; TemplateToaster non \u00e8 approvato da progetti Joomla, WordPress e Drupal.<\/li>\n<li>Possiamo fornire alcuni collegamenti esterni su questo sito, questi link sono per la tuoa convenienza e per ulteriori informazioni, ma questo non significa che condividiamo quei siti Web o che essi avallino noi, accuratezza dei contenuti forniti su tali siti Web<\/li>\n<li>Per i termini di utilizzo del software TemplateToaster, leggere l&#8217;EULA (Contratto di licenza con l&#8217;utente finale) durante l&#8217;installazione.<\/li>\n<li>Si prega di visitare la nostra <a href=\"https:\/\/templatetoaster.com\/faqs\">pagina FAQ<\/a> per ulteriori dettagli.<\/li>\n<\/ul>\n<\/div>\n","protected":false},"excerpt":{"rendered":"<p>Termini di utilizzo Benvenuti in TemplateToaster, se continui ad utilizzare questo sito Web sarai legato ai nostri termini di utilizzo che, insime alla nostra politica sulla privacy, definiscono il nostro rapporto con te. Ti preghiamo di non utilizzare il nostro &hellip; <a href=\"https:\/\/templatetoaster.com\/it\/terms-of-use\">Continue Reading<span class=\"meta-nav\">&rarr;<\/span><\/a><\/p>\n","protected":false},"author":13434,"featured_media":0,"parent":0,"menu_order":0,"comment_status":"closed","ping_status":"closed","template":"PageTemplate1.php","meta":{"footnotes":""},"yoast_head":"<!-- This site is optimized with the Yoast SEO plugin v23.5 - https:\/\/yoast.com\/wordpress\/plugins\/seo\/ -->\n<title>Condizioni d&#039;uso - TemplateToaster<\/title>\n<meta name=\"description\" content=\"Termini d&#039;uso di TemplateToaster\" \/>\n<meta name=\"robots\" content=\"index, follow, max-snippet:-1, max-image-preview:large, max-video-preview:-1\" \/>\n<link rel=\"canonical\" href=\"https:\/\/templatetoaster.com\/it\/terms-of-use\" \/>\n<meta property=\"og:locale\" content=\"it_IT\" \/>\n<meta property=\"og:type\" content=\"article\" \/>\n<meta property=\"og:title\" content=\"Condizioni d&#039;uso - TemplateToaster\" \/>\n<meta property=\"og:description\" content=\"Termini d&#039;uso di TemplateToaster\" \/>\n<meta property=\"og:url\" content=\"https:\/\/templatetoaster.com\/it\/terms-of-use\" \/>\n<meta property=\"og:site_name\" content=\"TemplateToaster\" \/>\n<meta property=\"article:publisher\" content=\"https:\/\/www.facebook.com\/TemplateToaster\" \/>\n<meta property=\"article:modified_time\" content=\"2019-08-10T05:03:37+00:00\" \/>\n<meta property=\"og:image\" content=\"https:\/\/templatetoaster.com\/wp-content\/uploads\/2015\/07\/TemplateToaster-325X325.png\" \/>\n\t<meta property=\"og:image:width\" content=\"325\" \/>\n\t<meta property=\"og:image:height\" content=\"325\" \/>\n\t<meta property=\"og:image:type\" content=\"image\/png\" \/>\n<meta name=\"twitter:card\" content=\"summary_large_image\" \/>\n<meta name=\"twitter:site\" content=\"@templatetoaster\" \/>\n<meta name=\"twitter:label1\" content=\"Tempo di lettura stimato\" \/>\n\t<meta name=\"twitter:data1\" content=\"1 minuto\" \/>\n<script type=\"application\/ld+json\" class=\"yoast-schema-graph\">{\"@context\":\"https:\/\/schema.org\",\"@graph\":[{\"@type\":\"WebPage\",\"@id\":\"https:\/\/templatetoaster.com\/it\/terms-of-use\",\"url\":\"https:\/\/templatetoaster.com\/it\/terms-of-use\",\"name\":\"Condizioni d'uso - TemplateToaster\",\"isPartOf\":{\"@id\":\"https:\/\/templatetoaster.com\/#website\"},\"datePublished\":\"2018-04-13T07:32:07+00:00\",\"dateModified\":\"2019-08-10T05:03:37+00:00\",\"description\":\"Termini d'uso di TemplateToaster\",\"breadcrumb\":{\"@id\":\"https:\/\/templatetoaster.com\/it\/terms-of-use#breadcrumb\"},\"inLanguage\":\"it-IT\",\"potentialAction\":[{\"@type\":\"ReadAction\",\"target\":[\"https:\/\/templatetoaster.com\/it\/terms-of-use\"]}]},{\"@type\":\"BreadcrumbList\",\"@id\":\"https:\/\/templatetoaster.com\/it\/terms-of-use#breadcrumb\",\"itemListElement\":[{\"@type\":\"ListItem\",\"position\":1,\"name\":\"Home\",\"item\":\"https:\/\/templatetoaster.com\/it\"},{\"@type\":\"ListItem\",\"position\":2,\"name\":\"Condizioni d&#8217;uso\"}]},{\"@type\":\"WebSite\",\"@id\":\"https:\/\/templatetoaster.com\/#website\",\"url\":\"https:\/\/templatetoaster.com\/\",\"name\":\"TemplateToaster\",\"description\":\"\",\"publisher\":{\"@id\":\"https:\/\/templatetoaster.com\/#organization\"},\"inLanguage\":\"it-IT\"},{\"@type\":\"Organization\",\"@id\":\"https:\/\/templatetoaster.com\/#organization\",\"name\":\"TemplateToaster\",\"url\":\"https:\/\/templatetoaster.com\/\",\"logo\":{\"@type\":\"ImageObject\",\"inLanguage\":\"it-IT\",\"@id\":\"https:\/\/templatetoaster.com\/#\/schema\/logo\/image\/\",\"url\":\"https:\/\/templatetoaster.com\/wp-content\/uploads\/2019\/11\/TemplateToaster_Logo.jpg\",\"contentUrl\":\"https:\/\/templatetoaster.com\/wp-content\/uploads\/2019\/11\/TemplateToaster_Logo.jpg\",\"width\":85,\"height\":85,\"caption\":\"TemplateToaster\"},\"image\":{\"@id\":\"https:\/\/templatetoaster.com\/#\/schema\/logo\/image\/\"},\"sameAs\":[\"https:\/\/www.facebook.com\/TemplateToaster\",\"https:\/\/x.com\/templatetoaster\",\"https:\/\/www.instagram.com\/templatetoaster\/\",\"https:\/\/www.linkedin.com\/company\/templatetoaster\/\",\"https:\/\/www.pinterest.com\/templatetoaster\/\",\"https:\/\/www.youtube.com\/@TemplateToaster\"]}]}<\/script>\n<!-- \/ Yoast SEO plugin. -->","yoast_head_json":{"title":"Condizioni d'uso - TemplateToaster","description":"Termini d'uso di TemplateToaster","robots":{"index":"index","follow":"follow","max-snippet":"max-snippet:-1","max-image-preview":"max-image-preview:large","max-video-preview":"max-video-preview:-1"},"canonical":"https:\/\/templatetoaster.com\/it\/terms-of-use","og_locale":"it_IT","og_type":"article","og_title":"Condizioni d'uso - TemplateToaster","og_description":"Termini d'uso di TemplateToaster","og_url":"https:\/\/templatetoaster.com\/it\/terms-of-use","og_site_name":"TemplateToaster","article_publisher":"https:\/\/www.facebook.com\/TemplateToaster","article_modified_time":"2019-08-10T05:03:37+00:00","og_image":[{"width":325,"height":325,"url":"https:\/\/templatetoaster.com\/wp-content\/uploads\/2015\/07\/TemplateToaster-325X325.png","type":"image\/png"}],"twitter_card":"summary_large_image","twitter_site":"@templatetoaster","twitter_misc":{"Tempo di lettura stimato":"1 minuto"},"schema":{"@context":"https:\/\/schema.org","@graph":[{"@type":"WebPage","@id":"https:\/\/templatetoaster.com\/it\/terms-of-use","url":"https:\/\/templatetoaster.com\/it\/terms-of-use","name":"Condizioni d'uso - TemplateToaster","isPartOf":{"@id":"https:\/\/templatetoaster.com\/#website"},"datePublished":"2018-04-13T07:32:07+00:00","dateModified":"2019-08-10T05:03:37+00:00","description":"Termini d'uso di TemplateToaster","breadcrumb":{"@id":"https:\/\/templatetoaster.com\/it\/terms-of-use#breadcrumb"},"inLanguage":"it-IT","potentialAction":[{"@type":"ReadAction","target":["https:\/\/templatetoaster.com\/it\/terms-of-use"]}]},{"@type":"BreadcrumbList","@id":"https:\/\/templatetoaster.com\/it\/terms-of-use#breadcrumb","itemListElement":[{"@type":"ListItem","position":1,"name":"Home","item":"https:\/\/templatetoaster.com\/it"},{"@type":"ListItem","position":2,"name":"Condizioni d&#8217;uso"}]},{"@type":"WebSite","@id":"https:\/\/templatetoaster.com\/#website","url":"https:\/\/templatetoaster.com\/","name":"TemplateToaster","description":"","publisher":{"@id":"https:\/\/templatetoaster.com\/#organization"},"inLanguage":"it-IT"},{"@type":"Organization","@id":"https:\/\/templatetoaster.com\/#organization","name":"TemplateToaster","url":"https:\/\/templatetoaster.com\/","logo":{"@type":"ImageObject","inLanguage":"it-IT","@id":"https:\/\/templatetoaster.com\/#\/schema\/logo\/image\/","url":"https:\/\/templatetoaster.com\/wp-content\/uploads\/2019\/11\/TemplateToaster_Logo.jpg","contentUrl":"https:\/\/templatetoaster.com\/wp-content\/uploads\/2019\/11\/TemplateToaster_Logo.jpg","width":85,"height":85,"caption":"TemplateToaster"},"image":{"@id":"https:\/\/templatetoaster.com\/#\/schema\/logo\/image\/"},"sameAs":["https:\/\/www.facebook.com\/TemplateToaster","https:\/\/x.com\/templatetoaster","https:\/\/www.instagram.com\/templatetoaster\/","https:\/\/www.linkedin.com\/company\/templatetoaster\/","https:\/\/www.pinterest.com\/templatetoaster\/","https:\/\/www.youtube.com\/@TemplateToaster"]}]}},"_links":{"self":[{"href":"https:\/\/templatetoaster.com\/it\/wp-json\/wp\/v2\/pages\/4036"}],"collection":[{"href":"https:\/\/templatetoaster.com\/it\/wp-json\/wp\/v2\/pages"}],"about":[{"href":"https:\/\/templatetoaster.com\/it\/wp-json\/wp\/v2\/types\/page"}],"author":[{"embeddable":true,"href":"https:\/\/templatetoaster.com\/it\/wp-json\/wp\/v2\/users\/13434"}],"replies":[{"embeddable":true,"href":"https:\/\/templatetoaster.com\/it\/wp-json\/wp\/v2\/comments?post=4036"}],"version-history":[{"count":4,"href":"https:\/\/templatetoaster.com\/it\/wp-json\/wp\/v2\/pages\/4036\/revisions"}],"predecessor-version":[{"id":64030,"href":"https:\/\/templatetoaster.com\/it\/wp-json\/wp\/v2\/pages\/4036\/revisions\/64030"}],"wp:attachment":[{"href":"https:\/\/templatetoaster.com\/it\/wp-json\/wp\/v2\/media?parent=4036"}],"curies":[{"name":"wp","href":"https:\/\/api.w.org\/{rel}","templated":true}]}}