{"id":4009,"date":"2018-04-13T07:17:39","date_gmt":"2018-04-13T07:17:39","guid":{"rendered":"http:\/\/templatetoaster.com?page_id=4009"},"modified":"2019-09-13T08:11:05","modified_gmt":"2019-09-13T08:11:05","slug":"creare-sito-web","status":"publish","type":"page","link":"https:\/\/templatetoaster.com\/it\/creare-sito-web","title":{"rendered":"Creare Sito Web | Software per Creare Siti Web in pochi minuti"},"content":{"rendered":"<div class=\"section1 wp-theme-generator\">\n<div style=\"margin: 115px 0 16px;\">\n<h1>Software per Creare Siti Web<\/h1>\n<p class=\"text-center\">costruire un sito web robuste con software per creare siti web .<\/p>\n<p class=\"text-center\" style=\"font-size: 18px;\">Disegno da zero senza alcuna capacit\u00e0 di codifica<\/p>\n<p>&nbsp;<\/p>\n<div style=\"text-align: center;\"><a class=\"btn download_btn\" href=\"https:\/\/templatetoaster.com\/it\/download\">Scarica ora<\/a><\/div>\n<div class=\"clearfix\"><\/div>\n<\/div>\n<\/div>\n<p><!--- What is TemplateToaster Section ---><\/p>\n<div class=\"section2 wp-theme-generator\">\n<div class=\"section2-inner\">\n<h2>Perch\u00e9 usare TemplateToaster Miglior programma per creare siti web ?<\/h2>\n<p>Questo software creazione siti web desktop basato \u00e8 specificamente progettato per creare siti web. Non pi\u00f9 lavorare dietro le cruscotti nei browser. temi di design e modelli per il tuo sito ovunque e dovunque, direttamente dal desktop, proprio come si lavora con qualsiasi altro software per costruire siti web.<\/p>\n<\/div>\n<\/div>\n<p><!---- section 3 starts ---><\/p>\n<div class=\"section3 wp-theme-generator\">\n<div class=\"section3-inner\">\n<h2>Come funziona?<\/h2>\n<div class=\"row\">\n<div class=\"col-lg-4 col-md-4 col-sm-6 col-xs-12\">\n<div class=\"media\">\n<div class=\"landing_page_svg download\"><\/div>\n<h3 class=\"text-center\">Cominciamo creare un sito web con TemplateToaster software per creare siti web!<\/h3>\n<p class=\"text-center\">Godere di prova illimitato del software per creare siti web dopo averlo scaricato. Ottenere l\u2019accesso a tutte le funzionalit\u00e0! Hai fatto un passo nel mondo in cui si possiede il potere di progettare con facilit\u00e0!<\/p>\n<\/div>\n<\/div>\n<div class=\"clearfix visible-xs-block\"><\/div>\n<div class=\"col-lg-4 col-md-4 col-sm-6 col-xs-12\">\n<div class=\"media\">\n<div class=\"landing_page_svg build-wp-theme\"><\/div>\n<h3 class=\"text-center\">Progettazione &amp; personalizzare sito web<\/h3>\n<p class=\"text-center\">Realizzazione siti web in pochi minuti con interfaccia utente user-friendly per ottenere il massimo delle tue idee. Personalizzare il disegno fino a ogni particolare quali colore, font, styling ecc. in nessun tempo!<\/p>\n<\/div>\n<\/div>\n<div class=\"clearfix visible-sm-block visible-xs-block\"><\/div>\n<div class=\"col-lg-4 col-md-4 col-sm-6 col-xs-12\">\n<div class=\"media\">\n<div class=\"landing_page_svg export-upload\"><\/div>\n<h3 class=\"text-center\">creare un sito e Lancia il tuo sito!<\/h3>\n<p class=\"text-center\">Tutto addobbata con il tuo blog o ecomm negozio? Esportare il tema e ora pronto a colpire il pulsante Pubblica per il tuo sito.!<\/p>\n<\/div>\n<\/div>\n<div class=\"clearfix visible-lg-block visible-md-block visible-sm-block visible-xs-block\"><\/div>\n<\/div>\n<\/div>\n<\/div>\n<div class=\"section4 wp-theme-generator\">\n<h2 style=\"text-transform: none;\">Caratteristiche di TemplateToaster in realizzazione siti web<\/h2>\n<p><!--\n\n\n<p class=\"section4-paragraph\"> --><\/p>\n<div class=\"row\">\n<div class=\"col-lg-4 col-md-4 col-sm-6 col-sx-12\">\n<div style=\"padding: 20px;\">\n<div class=\"text-center\">\n<div class=\"wp_feature landing_page_svg logo-placement\"><\/div>\n<\/div>\n<h3 style=\"margin: 20px 0px 10px; text-align: center;\">robusto<\/h3>\n<p class=\"text-center\">software per creare siti web,Costruita da sviluppatori per gli sviluppatori, E \u2018creare sito internet per l\u2019uso professionale di fascia alta. Si pu\u00f2 trattare con compiti pesanti con facilit\u00e0 ed eseguire rapidamente.<\/p>\n<\/div>\n<\/div>\n<div class=\"clearfix visible-xs-block\"><\/div>\n<div class=\"col-lg-4 col-md-4 col-sm-6 col-sx-12\">\n<div style=\"padding: 20px;\">\n<div class=\"text-center\">\n<div class=\"wp_feature landing_page_svg compatible-version\"><\/div>\n<\/div>\n<h3 style=\"margin: 20px 0 10px; text-align: center;\">Architettura stabile<\/h3>\n<p class=\"text-center\">TemplateToaster costruito su solida architettura, \u00e8 esente da ritardi e si blocca a differenza di quadri tematici on-line che funzionano all\u2019interno del browser. Quindi, \u00e8 abbastanza stabile, mentre creare un sito.<\/p>\n<\/div>\n<\/div>\n<div class=\"clearfix visible-sm-block visible-xs-block\"><\/div>\n<div class=\"col-md-4 col-sm-6 col-sx-12\">\n<div style=\"padding: 20px;\">\n<div class=\"text-center\">\n<div class=\"wp_feature landing_page_svg product-grid\"><\/div>\n<\/div>\n<h3 style=\"margin: 20px 0 10px; text-align: center;\">offline fare un sito, facilit\u00e0<\/h3>\n<p class=\"text-center\">La cosa pi\u00f9 eccitante \u00e8 TemplateToaster, funziona completamente offline. \u00c8 possibile creare un sito web senza connessione a Internet e che anche per ore senza alcuna singola cosa per scaricare e installare, mentre la progettazione.<\/p>\n<\/div>\n<\/div>\n<div class=\"clearfix visible-lg-block visible-md-block visible-sm-block visible-xs-block\"><\/div>\n<\/div>\n<\/div>\n<p><!--Section Features with WP--><\/p>\n<div class=\"section5 wp-theme-generator\" style=\"padding: 70px 10px; margin-bottom: 2px;\">\n<div style=\"margin: 40px 0px 20px;\">\n<h2 style=\"margin-bottom: 65px; text-transform: none;\">Caratteristiche principali di TemplateToaster<\/h2>\n<div class=\"feature_with_wp row\">\n<div class=\"col-lg-4 col-md-4 col-sm-4 col-xs-6\">\n<div class=\"feature_wpimg\"><img decoding=\"async\" class=\"img-responsive\" src=\"https:\/\/templatetoaster.com\/wp-content\/uploads\/2017\/04\/multiple-language.png\" alt=\"Creare Sito Web \"><\/div>\n<\/div>\n<div class=\"col-lg-4 col-md-4 col-sm-4 col-xs-6\">\n<div class=\"feature_wpimg\"><img decoding=\"async\" class=\"img-responsive\" src=\"https:\/\/templatetoaster.com\/wp-content\/uploads\/2017\/04\/mobile-optimization.png\" alt=\"programma per fare Siti web\"><\/div>\n<\/div>\n<div class=\"clearfix visible-xs-block\"><\/div>\n<div class=\"col-lg-4 col-md-4 col-sm-4 col-xs-6\">\n<div class=\"feature_wpimg\"><img decoding=\"async\" class=\"img-responsive\" src=\"https:\/\/templatetoaster.com\/wp-content\/uploads\/2017\/04\/drag-drop.png\" alt=\"Fare un Sito\"><\/div>\n<\/div>\n<div class=\"clearfix visible-lg-block visible-md-block visible-sm-block\"><\/div>\n<div class=\"col-lg-4 col-md-4 col-sm-4 col-xs-6\">\n<div class=\"feature_wpimg\"><img decoding=\"async\" class=\"img-responsive\" src=\"https:\/\/templatetoaster.com\/wp-content\/uploads\/2017\/04\/demo-templats.png\" alt=\"Miglior programma per creare siti web\"><\/div>\n<\/div>\n<div class=\"clearfix visible-xs-block\"><\/div>\n<div class=\"col-lg-4 col-md-4 col-sm-4 col-xs-6\">\n<div class=\"feature_wpimg\"><img decoding=\"async\" class=\"img-responsive\" src=\"https:\/\/templatetoaster.com\/wp-content\/uploads\/2017\/04\/mega-menu.png\" alt=\"come creare un sito web\"><\/div>\n<\/div>\n<div class=\"col-lg-4 col-md-4 col-sm-4 col-xs-6\">\n<div class=\"feature_wpimg\"><img decoding=\"async\" class=\"img-responsive\" src=\"https:\/\/templatetoaster.com\/wp-content\/uploads\/2017\/04\/right-to-left.png\" alt=\"creare sito internet\"><\/div>\n<\/div>\n<div class=\"clearfix visible-lg-block visible-md-block visible-sm-block visible-xs-block\"><\/div>\n<div class=\"col-lg-4 col-md-4 col-sm-4 col-xs-6\">\n<div class=\"feature_wpimg\"><img decoding=\"async\" class=\"img-responsive\" src=\"https:\/\/templatetoaster.com\/wp-content\/uploads\/2017\/04\/amazing-slideshow.png\" alt=\"software per creare siti web \"><\/div>\n<\/div>\n<div class=\"col-lg-4 col-md-4 col-sm-4 col-xs-6\">\n<div class=\"feature_wpimg\"><img decoding=\"async\" class=\"img-responsive\" src=\"https:\/\/templatetoaster.com\/wp-content\/uploads\/2017\/04\/zero-coding.png\" alt=\"costruire un sito web\"><\/div>\n<\/div>\n<div class=\"clearfix visible-xs-block\"><\/div>\n<div class=\"col-lg-4 col-md-4 col-sm-4 col-xs-6\">\n<div class=\"feature_wpimg\"><img decoding=\"async\" class=\"img-responsive\" src=\"https:\/\/templatetoaster.com\/wp-content\/uploads\/2017\/04\/custom-css.png\" alt=\"realizzazione siti web\"><\/div>\n<\/div>\n<div class=\"clearfix visible-lg-block visible-md-block visible-sm-block visible-xs-block\"><\/div>\n<\/div>\n<\/div>\n<\/div>\n<p><!--Section Gallery--><\/p>\n<div class=\"section7 wp-theme-generator\" style=\"padding: 100px 10px; background-color: #f1f4f8; margin-bottom: 2px;\">\n<h2 style=\"text-transform: none;\">I nostri standard<\/h2>\n<div class=\"row\">\n<div class=\"col-lg-4 col-md-4 col-sm-6 col-xs-12\">\n<div style=\"padding: 20px;\">\n<div class=\"text-center\">\n<div class=\"wp_feature landing_page_svg w3c-validation\"><\/div>\n<\/div>\n<h3 style=\"margin: 20px 0px 10px; text-align: center;\">Validazione W3C<\/h3>\n<p class=\"text-center\">OpenCart temi creati con TemplateToaster sono in accordo con le norme e W3C valida internazionali. Quindi, visualizzazione sito ottimale e vantaggi dei motori di ricerca.<\/p>\n<\/div>\n<\/div>\n<div class=\"clearfix visible-xs-block\"><\/div>\n<div class=\"col-lg-4 col-md-4 col-sm-6 col-xs-12\">\n<div style=\"padding: 20px;\">\n<div class=\"text-center\">\n<div class=\"wp_feature landing_page_svg theme-check-plugin-pass\"><\/div>\n<\/div>\n<h3 style=\"margin: 20px 0 10px; text-align: center;\">Sito Web HTML5 &amp; CSS3 standard<\/h3>\n<p class=\"text-center\">Miglior programma per creare siti web TemplateToaster attiene la HTML5 e CSS3 standard. Supporta pi\u00f9 orientato multimediali pagine web e le funzionalit\u00e0 avanzate per lo styling.<\/p>\n<\/div>\n<\/div>\n<div class=\"clearfix visible-sm-block visible-xs-block\"><\/div>\n<div class=\"col-lg-4 col-md-4 col-sm-6 col-xs-12\">\n<div style=\"padding: 20px;\">\n<div class=\"text-center\">\n<div class=\"wp_feature landing_page_svg page-speed\"><\/div>\n<\/div>\n<h3 style=\"margin: 20px 0 10px; text-align: center;\">Ad alta velocit\u00e0 pagine web<\/h3>\n<p class=\"text-center\">I risultati pagina web di carico ottimali nella migliore user-experience. Oltre a una migliore UX, tutti si ottiene \u00e8 una migliore punteggio di qualit\u00e0 che \u00e8 uguale a pi\u00f9 portata.<\/p>\n<\/div>\n<\/div>\n<div class=\"clearfix visible-lg-block visible-md-block visible-xs-block\"><\/div>\n<\/div>\n<\/div>\n<p><!---- section 6 starts ---><\/p>\n<div class=\"section6 wp-theme-generator\" style=\"padding: 50px 10px;\">\n<div style=\"margin: 70px 0px 20px;\">\n<h2>Supporta tutti i principali CMS<\/h2>\n<div class=\"section-center\" style=\"padding-bottom: 50px;\">\n<div class=\"other-cms-section\">\n<div class=\"cms-section\">\n<div class=\"text-center\">\n<div class=\"wp_feature landing_page_svg\" style=\"width: 110px; height: 100px; background-position: -100px -596px;\"><\/div>\n<\/div>\n<\/div>\n<div class=\"cms-section\">\n<div class=\"text-center\">\n<div class=\"wp_feature landing_page_svg\" style=\"width: 130px; height: 100px; background-position: -212px -596px;\"><\/div>\n<\/div>\n<\/div>\n<div class=\"cms-section\">\n<div class=\"text-center\">\n<div class=\"wp_feature landing_page_svg\" style=\"width: 90px; height: 102px; background-position: -250px -377px;\"><\/div>\n<\/div>\n<\/div>\n<div class=\"cms-section\">\n<div class=\"text-center\">\n<div class=\"wp_feature landing_page_svg\" style=\"width: 100px; height: 102px; background-position: -160px -377px;\"><\/div>\n<\/div>\n<\/div>\n<div class=\"cms-section\">\n<div class=\"text-center\">\n<div class=\"wp_feature landing_page_svg\" style=\"width: 90px; height: 120px; background-position: 12px -359px;\"><\/div>\n<\/div>\n<\/div>\n<div class=\"cms-section\">\n<div class=\"text-center\">\n<div class=\"wp_feature landing_page_svg\" style=\"width: 110px; height: 100px; background-position: -240px -495px;\"><\/div>\n<\/div>\n<\/div>\n<div class=\"cms-section\">\n<div class=\"text-center\">\n<div class=\"wp_feature landing_page_svg\" style=\"width: 110px; height: 100px; background-position: -65px -379px;\"><\/div>\n<\/div>\n<\/div>\n<div class=\"cms-section\">\n<div class=\"text-center\">\n<div class=\"wp_feature landing_page_svg\" style=\"width: 110px; height: 100px; background-position: -5px -494px;\"><\/div>\n<\/div>\n<\/div>\n<div class=\"cms-section\">\n<div class=\"text-center\">\n<div class=\"wp_feature landing_page_svg\" style=\"width: 110px; height: 100px; background-position: -0px -598px;\"><\/div>\n<\/div>\n<\/div>\n<div class=\"cms-section\">\n<div class=\"text-center\">\n<div class=\"wp_feature landing_page_svg\" style=\"width: 130px; height: 100px; background-position: -125px -495px;\"><\/div>\n<\/div>\n<\/div>\n<\/div>\n<\/div>\n<div style=\"text-align: center; margin-top: 30px;\"><a class=\"btn download_btn\" href=\"https:\/\/templatetoaster.com\/it\/download\">Scarica ora<\/a><\/div>\n<\/div>\n<\/div>\n","protected":false},"excerpt":{"rendered":"<p>Software per Creare Siti Web costruire un sito web robuste con software per creare siti web . Disegno da zero senza alcuna capacit\u00e0 di codifica &nbsp; Scarica ora Perch\u00e9 usare TemplateToaster Miglior programma per creare siti web ? Questo software &hellip; <a href=\"https:\/\/templatetoaster.com\/it\/creare-sito-web\">Continue Reading<span class=\"meta-nav\">&rarr;<\/span><\/a><\/p>\n","protected":false},"author":13434,"featured_media":0,"parent":0,"menu_order":0,"comment_status":"closed","ping_status":"closed","template":"","meta":{"footnotes":""},"yoast_head":"<!-- This site is optimized with the Yoast SEO plugin v23.5 - https:\/\/yoast.com\/wordpress\/plugins\/seo\/ -->\n<title>Creare Sito Web | Software per Creare Siti Web in pochi minuti<\/title>\n<meta name=\"description\" content=\"Software per Creare Siti Web in pochi minuti. Come creare un sito web. Miglior programma per creare siti web. Seleziona un modello di sito per la tua attivit\u00e0 professionale e inizia realizzazione siti web\" \/>\n<meta name=\"robots\" content=\"index, follow, max-snippet:-1, max-image-preview:large, max-video-preview:-1\" \/>\n<link rel=\"canonical\" href=\"https:\/\/templatetoaster.com\/it\/creare-sito-web\" \/>\n<meta property=\"og:locale\" content=\"it_IT\" \/>\n<meta property=\"og:type\" content=\"article\" \/>\n<meta property=\"og:title\" content=\"Creare Sito Web | Software per Creare Siti Web in pochi minuti\" \/>\n<meta property=\"og:description\" content=\"Software per Creare Siti Web in pochi minuti. Come creare un sito web. Miglior programma per creare siti web. Seleziona un modello di sito per la tua attivit\u00e0 professionale e inizia realizzazione siti web\" \/>\n<meta property=\"og:url\" content=\"https:\/\/templatetoaster.com\/it\/creare-sito-web\" \/>\n<meta property=\"og:site_name\" content=\"TemplateToaster\" \/>\n<meta property=\"article:publisher\" content=\"https:\/\/www.facebook.com\/TemplateToaster\" \/>\n<meta property=\"article:modified_time\" content=\"2019-09-13T08:11:05+00:00\" \/>\n<meta property=\"og:image\" content=\"https:\/\/templatetoaster.com\/wp-content\/uploads\/2017\/04\/multiple-language.png\" \/>\n<meta name=\"twitter:card\" content=\"summary_large_image\" \/>\n<meta name=\"twitter:site\" content=\"@templatetoaster\" \/>\n<meta name=\"twitter:label1\" content=\"Tempo di lettura stimato\" \/>\n\t<meta name=\"twitter:data1\" content=\"2 minuti\" \/>\n<script type=\"application\/ld+json\" class=\"yoast-schema-graph\">{\"@context\":\"https:\/\/schema.org\",\"@graph\":[{\"@type\":\"WebPage\",\"@id\":\"https:\/\/templatetoaster.com\/it\/creare-sito-web\",\"url\":\"https:\/\/templatetoaster.com\/it\/creare-sito-web\",\"name\":\"Creare Sito Web | Software per Creare Siti Web in pochi minuti\",\"isPartOf\":{\"@id\":\"https:\/\/templatetoaster.com\/#website\"},\"primaryImageOfPage\":{\"@id\":\"https:\/\/templatetoaster.com\/it\/creare-sito-web#primaryimage\"},\"image\":{\"@id\":\"https:\/\/templatetoaster.com\/it\/creare-sito-web#primaryimage\"},\"thumbnailUrl\":\"https:\/\/templatetoaster.com\/wp-content\/uploads\/2017\/04\/multiple-language.png\",\"datePublished\":\"2018-04-13T07:17:39+00:00\",\"dateModified\":\"2019-09-13T08:11:05+00:00\",\"description\":\"Software per Creare Siti Web in pochi minuti. Come creare un sito web. Miglior programma per creare siti web. Seleziona un modello di sito per la tua attivit\u00e0 professionale e inizia realizzazione siti web\",\"breadcrumb\":{\"@id\":\"https:\/\/templatetoaster.com\/it\/creare-sito-web#breadcrumb\"},\"inLanguage\":\"it-IT\",\"potentialAction\":[{\"@type\":\"ReadAction\",\"target\":[\"https:\/\/templatetoaster.com\/it\/creare-sito-web\"]}]},{\"@type\":\"ImageObject\",\"inLanguage\":\"it-IT\",\"@id\":\"https:\/\/templatetoaster.com\/it\/creare-sito-web#primaryimage\",\"url\":\"https:\/\/templatetoaster.com\/wp-content\/uploads\/2017\/04\/multiple-language.png\",\"contentUrl\":\"https:\/\/templatetoaster.com\/wp-content\/uploads\/2017\/04\/multiple-language.png\"},{\"@type\":\"BreadcrumbList\",\"@id\":\"https:\/\/templatetoaster.com\/it\/creare-sito-web#breadcrumb\",\"itemListElement\":[{\"@type\":\"ListItem\",\"position\":1,\"name\":\"Home\",\"item\":\"https:\/\/templatetoaster.com\/it\"},{\"@type\":\"ListItem\",\"position\":2,\"name\":\"Creare Sito Web | Software per Creare Siti Web in pochi minuti\"}]},{\"@type\":\"WebSite\",\"@id\":\"https:\/\/templatetoaster.com\/#website\",\"url\":\"https:\/\/templatetoaster.com\/\",\"name\":\"TemplateToaster\",\"description\":\"\",\"publisher\":{\"@id\":\"https:\/\/templatetoaster.com\/#organization\"},\"inLanguage\":\"it-IT\"},{\"@type\":\"Organization\",\"@id\":\"https:\/\/templatetoaster.com\/#organization\",\"name\":\"TemplateToaster\",\"url\":\"https:\/\/templatetoaster.com\/\",\"logo\":{\"@type\":\"ImageObject\",\"inLanguage\":\"it-IT\",\"@id\":\"https:\/\/templatetoaster.com\/#\/schema\/logo\/image\/\",\"url\":\"https:\/\/templatetoaster.com\/wp-content\/uploads\/2019\/11\/TemplateToaster_Logo.jpg\",\"contentUrl\":\"https:\/\/templatetoaster.com\/wp-content\/uploads\/2019\/11\/TemplateToaster_Logo.jpg\",\"width\":85,\"height\":85,\"caption\":\"TemplateToaster\"},\"image\":{\"@id\":\"https:\/\/templatetoaster.com\/#\/schema\/logo\/image\/\"},\"sameAs\":[\"https:\/\/www.facebook.com\/TemplateToaster\",\"https:\/\/x.com\/templatetoaster\",\"https:\/\/www.instagram.com\/templatetoaster\/\",\"https:\/\/www.linkedin.com\/company\/templatetoaster\/\",\"https:\/\/www.pinterest.com\/templatetoaster\/\",\"https:\/\/www.youtube.com\/@TemplateToaster\"]}]}<\/script>\n<!-- \/ Yoast SEO plugin. -->","yoast_head_json":{"title":"Creare Sito Web | Software per Creare Siti Web in pochi minuti","description":"Software per Creare Siti Web in pochi minuti. Come creare un sito web. Miglior programma per creare siti web. Seleziona un modello di sito per la tua attivit\u00e0 professionale e inizia realizzazione siti web","robots":{"index":"index","follow":"follow","max-snippet":"max-snippet:-1","max-image-preview":"max-image-preview:large","max-video-preview":"max-video-preview:-1"},"canonical":"https:\/\/templatetoaster.com\/it\/creare-sito-web","og_locale":"it_IT","og_type":"article","og_title":"Creare Sito Web | Software per Creare Siti Web in pochi minuti","og_description":"Software per Creare Siti Web in pochi minuti. Come creare un sito web. Miglior programma per creare siti web. Seleziona un modello di sito per la tua attivit\u00e0 professionale e inizia realizzazione siti web","og_url":"https:\/\/templatetoaster.com\/it\/creare-sito-web","og_site_name":"TemplateToaster","article_publisher":"https:\/\/www.facebook.com\/TemplateToaster","article_modified_time":"2019-09-13T08:11:05+00:00","og_image":[{"url":"https:\/\/templatetoaster.com\/wp-content\/uploads\/2017\/04\/multiple-language.png"}],"twitter_card":"summary_large_image","twitter_site":"@templatetoaster","twitter_misc":{"Tempo di lettura stimato":"2 minuti"},"schema":{"@context":"https:\/\/schema.org","@graph":[{"@type":"WebPage","@id":"https:\/\/templatetoaster.com\/it\/creare-sito-web","url":"https:\/\/templatetoaster.com\/it\/creare-sito-web","name":"Creare Sito Web | Software per Creare Siti Web in pochi minuti","isPartOf":{"@id":"https:\/\/templatetoaster.com\/#website"},"primaryImageOfPage":{"@id":"https:\/\/templatetoaster.com\/it\/creare-sito-web#primaryimage"},"image":{"@id":"https:\/\/templatetoaster.com\/it\/creare-sito-web#primaryimage"},"thumbnailUrl":"https:\/\/templatetoaster.com\/wp-content\/uploads\/2017\/04\/multiple-language.png","datePublished":"2018-04-13T07:17:39+00:00","dateModified":"2019-09-13T08:11:05+00:00","description":"Software per Creare Siti Web in pochi minuti. Come creare un sito web. Miglior programma per creare siti web. Seleziona un modello di sito per la tua attivit\u00e0 professionale e inizia realizzazione siti web","breadcrumb":{"@id":"https:\/\/templatetoaster.com\/it\/creare-sito-web#breadcrumb"},"inLanguage":"it-IT","potentialAction":[{"@type":"ReadAction","target":["https:\/\/templatetoaster.com\/it\/creare-sito-web"]}]},{"@type":"ImageObject","inLanguage":"it-IT","@id":"https:\/\/templatetoaster.com\/it\/creare-sito-web#primaryimage","url":"https:\/\/templatetoaster.com\/wp-content\/uploads\/2017\/04\/multiple-language.png","contentUrl":"https:\/\/templatetoaster.com\/wp-content\/uploads\/2017\/04\/multiple-language.png"},{"@type":"BreadcrumbList","@id":"https:\/\/templatetoaster.com\/it\/creare-sito-web#breadcrumb","itemListElement":[{"@type":"ListItem","position":1,"name":"Home","item":"https:\/\/templatetoaster.com\/it"},{"@type":"ListItem","position":2,"name":"Creare Sito Web | Software per Creare Siti Web in pochi minuti"}]},{"@type":"WebSite","@id":"https:\/\/templatetoaster.com\/#website","url":"https:\/\/templatetoaster.com\/","name":"TemplateToaster","description":"","publisher":{"@id":"https:\/\/templatetoaster.com\/#organization"},"inLanguage":"it-IT"},{"@type":"Organization","@id":"https:\/\/templatetoaster.com\/#organization","name":"TemplateToaster","url":"https:\/\/templatetoaster.com\/","logo":{"@type":"ImageObject","inLanguage":"it-IT","@id":"https:\/\/templatetoaster.com\/#\/schema\/logo\/image\/","url":"https:\/\/templatetoaster.com\/wp-content\/uploads\/2019\/11\/TemplateToaster_Logo.jpg","contentUrl":"https:\/\/templatetoaster.com\/wp-content\/uploads\/2019\/11\/TemplateToaster_Logo.jpg","width":85,"height":85,"caption":"TemplateToaster"},"image":{"@id":"https:\/\/templatetoaster.com\/#\/schema\/logo\/image\/"},"sameAs":["https:\/\/www.facebook.com\/TemplateToaster","https:\/\/x.com\/templatetoaster","https:\/\/www.instagram.com\/templatetoaster\/","https:\/\/www.linkedin.com\/company\/templatetoaster\/","https:\/\/www.pinterest.com\/templatetoaster\/","https:\/\/www.youtube.com\/@TemplateToaster"]}]}},"_links":{"self":[{"href":"https:\/\/templatetoaster.com\/it\/wp-json\/wp\/v2\/pages\/4009"}],"collection":[{"href":"https:\/\/templatetoaster.com\/it\/wp-json\/wp\/v2\/pages"}],"about":[{"href":"https:\/\/templatetoaster.com\/it\/wp-json\/wp\/v2\/types\/page"}],"author":[{"embeddable":true,"href":"https:\/\/templatetoaster.com\/it\/wp-json\/wp\/v2\/users\/13434"}],"replies":[{"embeddable":true,"href":"https:\/\/templatetoaster.com\/it\/wp-json\/wp\/v2\/comments?post=4009"}],"version-history":[{"count":5,"href":"https:\/\/templatetoaster.com\/it\/wp-json\/wp\/v2\/pages\/4009\/revisions"}],"predecessor-version":[{"id":67007,"href":"https:\/\/templatetoaster.com\/it\/wp-json\/wp\/v2\/pages\/4009\/revisions\/67007"}],"wp:attachment":[{"href":"https:\/\/templatetoaster.com\/it\/wp-json\/wp\/v2\/media?parent=4009"}],"curies":[{"name":"wp","href":"https:\/\/api.w.org\/{rel}","templated":true}]}}