{"id":3937,"date":"2018-04-13T06:17:36","date_gmt":"2018-04-13T06:17:36","guid":{"rendered":"http:\/\/templatetoaster.com?page_id=3937"},"modified":"2019-08-09T08:51:41","modified_gmt":"2019-08-09T08:51:41","slug":"affiliates","status":"publish","type":"page","link":"https:\/\/templatetoaster.com\/it\/affiliates","title":{"rendered":"Affiliati"},"content":{"rendered":"<div class=\"tt_affiliates_row row\">&nbsp;<\/p>\n<h1 class=\"heading_border\">Programma di affiliazione a TemplateToaster<\/h1>\n<h4 class=\"joomla\">Guadagna promuovendo TemplateToaster sul tuo sito Web!<\/h4>\n<p class=\"wordpress\">Ottieni il <strong>16%<\/strong> di commissione su ogni vendita che fa riferimento a te!, che sono intorno $25 per TemplateToaster Professional Edition. Diventa un affiliato di TemplateToaster oggi! I nostri prodotti software sono disponibili per la vendita attraverso il Network di affiliazione Avangate. Per iniziare a vendere, tutto quello che dovete fare \u00e8 visualizzare informazioni di prodotto e &#8220;Acquista ora&#8221; link sul tuo sito Web.<\/p>\n<h4 class=\"joomla\">Commissione di affiliato garantita<\/h4>\n<p class=\"wordpress\">Quando un visitatore clicca un link o banner dal tuo sito, Avangate <em>tiene traccia del tuo ID affiliato per 120 giorni di calendario<\/em>. Questi 4 mesi durante i quali qualsiasi ordine effettuato dall&#8217;utente stesso ti garantisce la Commissione di affiliazione.<\/p>\n<h4 class=\"joomla\">E\u2019 facile come contare 1, 2, 3\u2026<\/h4>\n<p class=\"wordpress\">Avangate si occupa del processo di ordinazione, consegna del prodotto e assistenza clienti.<br \/>\n\u2013 Non c&#8217;\u00e8 bisogno di installare alcun software sul tuo server, o tenere traccia delle licenze<br \/>\n\u2013 Senza fastidi legati alla fatturazione o ai pagamenti dai clienti<br \/>\n\u2013 Nessun costo di setup, nessun costo di avviamento, nessun obiettivo di performance nascosto da raggiungere!<br \/>\nBeneficierai anche dei report di affiliazione completi che ti mostreranno le tue performances.<\/p>\n<h4 class=\"joomla\">Pagamenti mensili<\/h4>\n<p class=\"wordpress\">Riceverai ogni mese le commissioni, trasferite alla tua Avangate Prepaid Debit MasterCard o inviate tramite bonifico bancario, assegno o PayPal.<\/p>\n<h4 class=\"joomla\">Inizia a vendere adesso!<\/h4>\n<p class=\"wordpress\"><em>Utilizza ogni canale di promozione che vuoi \u2013 sito Web, newsletter, ecc!<\/em> Ricordati \u2013 che pi\u00f9 link crei, pi\u00f9 avrai probabilit\u00e0 di fare soldi con il tuo sito web!<\/p>\n<p style=\"text-align: center; clear: both;\"><a class=\"btn download_button btn-feature\" href=\"https:\/\/www.avangate.com\/affiliates\/sign-up.php?merchant=TEMPLATT&amp;template=Default+Template&amp;lang=en\">Iscriviti ora<\/a><\/p>\n<\/div>\n","protected":false},"excerpt":{"rendered":"<p>&nbsp; Programma di affiliazione a TemplateToaster Guadagna promuovendo TemplateToaster sul tuo sito Web! Ottieni il 16% di commissione su ogni vendita che fa riferimento a te!, che sono intorno $25 per TemplateToaster Professional Edition. Diventa un affiliato di TemplateToaster oggi! &hellip; <a href=\"https:\/\/templatetoaster.com\/it\/affiliates\">Continue Reading<span class=\"meta-nav\">&rarr;<\/span><\/a><\/p>\n","protected":false},"author":13434,"featured_media":0,"parent":0,"menu_order":0,"comment_status":"closed","ping_status":"closed","template":"PageTemplate1.php","meta":{"footnotes":""},"yoast_head":"<!-- This site is optimized with the Yoast SEO plugin v23.5 - https:\/\/yoast.com\/wordpress\/plugins\/seo\/ -->\n<title>Affiliati - TemplateToaster<\/title>\n<meta name=\"description\" content=\"Affiliati di TemplateToaster\" \/>\n<meta name=\"robots\" content=\"index, follow, max-snippet:-1, max-image-preview:large, max-video-preview:-1\" \/>\n<link rel=\"canonical\" href=\"https:\/\/templatetoaster.com\/it\/affiliates\" \/>\n<meta property=\"og:locale\" content=\"it_IT\" \/>\n<meta property=\"og:type\" content=\"article\" \/>\n<meta property=\"og:title\" content=\"Affiliati - TemplateToaster\" \/>\n<meta property=\"og:description\" content=\"Affiliati di TemplateToaster\" \/>\n<meta property=\"og:url\" content=\"https:\/\/templatetoaster.com\/it\/affiliates\" \/>\n<meta property=\"og:site_name\" content=\"TemplateToaster\" \/>\n<meta property=\"article:publisher\" content=\"https:\/\/www.facebook.com\/TemplateToaster\" \/>\n<meta property=\"article:modified_time\" content=\"2019-08-09T08:51:41+00:00\" \/>\n<meta property=\"og:image\" content=\"https:\/\/templatetoaster.com\/wp-content\/uploads\/2015\/07\/TemplateToaster-325X325.png\" \/>\n\t<meta property=\"og:image:width\" content=\"325\" \/>\n\t<meta property=\"og:image:height\" content=\"325\" \/>\n\t<meta property=\"og:image:type\" content=\"image\/png\" \/>\n<meta name=\"twitter:card\" content=\"summary_large_image\" \/>\n<meta name=\"twitter:site\" content=\"@templatetoaster\" \/>\n<meta name=\"twitter:label1\" content=\"Tempo di lettura stimato\" \/>\n\t<meta name=\"twitter:data1\" content=\"1 minuto\" \/>\n<script type=\"application\/ld+json\" class=\"yoast-schema-graph\">{\"@context\":\"https:\/\/schema.org\",\"@graph\":[{\"@type\":\"WebPage\",\"@id\":\"https:\/\/templatetoaster.com\/it\/affiliates\",\"url\":\"https:\/\/templatetoaster.com\/it\/affiliates\",\"name\":\"Affiliati - TemplateToaster\",\"isPartOf\":{\"@id\":\"https:\/\/templatetoaster.com\/#website\"},\"datePublished\":\"2018-04-13T06:17:36+00:00\",\"dateModified\":\"2019-08-09T08:51:41+00:00\",\"description\":\"Affiliati di TemplateToaster\",\"breadcrumb\":{\"@id\":\"https:\/\/templatetoaster.com\/it\/affiliates#breadcrumb\"},\"inLanguage\":\"it-IT\",\"potentialAction\":[{\"@type\":\"ReadAction\",\"target\":[\"https:\/\/templatetoaster.com\/it\/affiliates\"]}]},{\"@type\":\"BreadcrumbList\",\"@id\":\"https:\/\/templatetoaster.com\/it\/affiliates#breadcrumb\",\"itemListElement\":[{\"@type\":\"ListItem\",\"position\":1,\"name\":\"Home\",\"item\":\"https:\/\/templatetoaster.com\/it\"},{\"@type\":\"ListItem\",\"position\":2,\"name\":\"Affiliati\"}]},{\"@type\":\"WebSite\",\"@id\":\"https:\/\/templatetoaster.com\/#website\",\"url\":\"https:\/\/templatetoaster.com\/\",\"name\":\"TemplateToaster\",\"description\":\"\",\"publisher\":{\"@id\":\"https:\/\/templatetoaster.com\/#organization\"},\"inLanguage\":\"it-IT\"},{\"@type\":\"Organization\",\"@id\":\"https:\/\/templatetoaster.com\/#organization\",\"name\":\"TemplateToaster\",\"url\":\"https:\/\/templatetoaster.com\/\",\"logo\":{\"@type\":\"ImageObject\",\"inLanguage\":\"it-IT\",\"@id\":\"https:\/\/templatetoaster.com\/#\/schema\/logo\/image\/\",\"url\":\"https:\/\/templatetoaster.com\/wp-content\/uploads\/2019\/11\/TemplateToaster_Logo.jpg\",\"contentUrl\":\"https:\/\/templatetoaster.com\/wp-content\/uploads\/2019\/11\/TemplateToaster_Logo.jpg\",\"width\":85,\"height\":85,\"caption\":\"TemplateToaster\"},\"image\":{\"@id\":\"https:\/\/templatetoaster.com\/#\/schema\/logo\/image\/\"},\"sameAs\":[\"https:\/\/www.facebook.com\/TemplateToaster\",\"https:\/\/x.com\/templatetoaster\",\"https:\/\/www.instagram.com\/templatetoaster\/\",\"https:\/\/www.linkedin.com\/company\/templatetoaster\/\",\"https:\/\/www.pinterest.com\/templatetoaster\/\",\"https:\/\/www.youtube.com\/@TemplateToaster\"]}]}<\/script>\n<!-- \/ Yoast SEO plugin. -->","yoast_head_json":{"title":"Affiliati - TemplateToaster","description":"Affiliati di TemplateToaster","robots":{"index":"index","follow":"follow","max-snippet":"max-snippet:-1","max-image-preview":"max-image-preview:large","max-video-preview":"max-video-preview:-1"},"canonical":"https:\/\/templatetoaster.com\/it\/affiliates","og_locale":"it_IT","og_type":"article","og_title":"Affiliati - TemplateToaster","og_description":"Affiliati di TemplateToaster","og_url":"https:\/\/templatetoaster.com\/it\/affiliates","og_site_name":"TemplateToaster","article_publisher":"https:\/\/www.facebook.com\/TemplateToaster","article_modified_time":"2019-08-09T08:51:41+00:00","og_image":[{"width":325,"height":325,"url":"https:\/\/templatetoaster.com\/wp-content\/uploads\/2015\/07\/TemplateToaster-325X325.png","type":"image\/png"}],"twitter_card":"summary_large_image","twitter_site":"@templatetoaster","twitter_misc":{"Tempo di lettura stimato":"1 minuto"},"schema":{"@context":"https:\/\/schema.org","@graph":[{"@type":"WebPage","@id":"https:\/\/templatetoaster.com\/it\/affiliates","url":"https:\/\/templatetoaster.com\/it\/affiliates","name":"Affiliati - TemplateToaster","isPartOf":{"@id":"https:\/\/templatetoaster.com\/#website"},"datePublished":"2018-04-13T06:17:36+00:00","dateModified":"2019-08-09T08:51:41+00:00","description":"Affiliati di TemplateToaster","breadcrumb":{"@id":"https:\/\/templatetoaster.com\/it\/affiliates#breadcrumb"},"inLanguage":"it-IT","potentialAction":[{"@type":"ReadAction","target":["https:\/\/templatetoaster.com\/it\/affiliates"]}]},{"@type":"BreadcrumbList","@id":"https:\/\/templatetoaster.com\/it\/affiliates#breadcrumb","itemListElement":[{"@type":"ListItem","position":1,"name":"Home","item":"https:\/\/templatetoaster.com\/it"},{"@type":"ListItem","position":2,"name":"Affiliati"}]},{"@type":"WebSite","@id":"https:\/\/templatetoaster.com\/#website","url":"https:\/\/templatetoaster.com\/","name":"TemplateToaster","description":"","publisher":{"@id":"https:\/\/templatetoaster.com\/#organization"},"inLanguage":"it-IT"},{"@type":"Organization","@id":"https:\/\/templatetoaster.com\/#organization","name":"TemplateToaster","url":"https:\/\/templatetoaster.com\/","logo":{"@type":"ImageObject","inLanguage":"it-IT","@id":"https:\/\/templatetoaster.com\/#\/schema\/logo\/image\/","url":"https:\/\/templatetoaster.com\/wp-content\/uploads\/2019\/11\/TemplateToaster_Logo.jpg","contentUrl":"https:\/\/templatetoaster.com\/wp-content\/uploads\/2019\/11\/TemplateToaster_Logo.jpg","width":85,"height":85,"caption":"TemplateToaster"},"image":{"@id":"https:\/\/templatetoaster.com\/#\/schema\/logo\/image\/"},"sameAs":["https:\/\/www.facebook.com\/TemplateToaster","https:\/\/x.com\/templatetoaster","https:\/\/www.instagram.com\/templatetoaster\/","https:\/\/www.linkedin.com\/company\/templatetoaster\/","https:\/\/www.pinterest.com\/templatetoaster\/","https:\/\/www.youtube.com\/@TemplateToaster"]}]}},"_links":{"self":[{"href":"https:\/\/templatetoaster.com\/it\/wp-json\/wp\/v2\/pages\/3937"}],"collection":[{"href":"https:\/\/templatetoaster.com\/it\/wp-json\/wp\/v2\/pages"}],"about":[{"href":"https:\/\/templatetoaster.com\/it\/wp-json\/wp\/v2\/types\/page"}],"author":[{"embeddable":true,"href":"https:\/\/templatetoaster.com\/it\/wp-json\/wp\/v2\/users\/13434"}],"replies":[{"embeddable":true,"href":"https:\/\/templatetoaster.com\/it\/wp-json\/wp\/v2\/comments?post=3937"}],"version-history":[{"count":3,"href":"https:\/\/templatetoaster.com\/it\/wp-json\/wp\/v2\/pages\/3937\/revisions"}],"predecessor-version":[{"id":63981,"href":"https:\/\/templatetoaster.com\/it\/wp-json\/wp\/v2\/pages\/3937\/revisions\/63981"}],"wp:attachment":[{"href":"https:\/\/templatetoaster.com\/it\/wp-json\/wp\/v2\/media?parent=3937"}],"curies":[{"name":"wp","href":"https:\/\/api.w.org\/{rel}","templated":true}]}}