{"id":3820,"date":"2018-04-11T06:03:30","date_gmt":"2018-04-11T06:03:30","guid":{"rendered":"http:\/\/templatetoaster.com?page_id=3820"},"modified":"2019-05-30T05:56:14","modified_gmt":"2019-05-30T05:56:14","slug":"html5-css3-website-creator","status":"publish","type":"page","link":"https:\/\/templatetoaster.com\/it\/html5-css3-website-creator","title":{"rendered":"HTML5 CSS3 Website Creator"},"content":{"rendered":"<div class=\"section1 wp-theme-generator\">\n<div style=\"margin: 115px 0 16px;\">\n<h1>HTML Template Maker a disegno siti web spettacolari<\/h1>\n<p class=\"text-center\">Non basta progettare modelli, la progettazione di un sito web che corde in visitatori. Nulla di codifica! Nessuna confusione!<\/p>\n<p>&nbsp;<\/p>\n<div style=\"text-align: center;\"><a class=\"btn download_btn\" href=\"https:\/\/templatetoaster.com\/it\/download\">Scarica ora<\/a><\/div>\n<div class=\"clearfix\"><\/div>\n<\/div>\n<\/div>\n<p><!--- What is TemplateToaster Section ---><\/p>\n<div class=\"section2 wp-theme-generator\">\n<div class=\"section2-inner\">\n<h2>Perch\u00e9 usare TemplateToaster come modello HTML Creator Software?<\/h2>\n<p>Progettazione drop-dead modelli splendidi per il tuo sito HTML. Su una nota luminosa, progettare un sito web HTML completo dritto out-of-box! Nessun codice pasticcio per darvi nervosismo. Proprio vero piacere la creazione di quello che hai sempre desiderato, in minuti!<\/p>\n<\/div>\n<\/div>\n<p><!---- section 3 starts ---><\/p>\n<div class=\"section3 wp-theme-generator\">\n<div class=\"section3-inner\">\n<h2>Come funziona?<\/h2>\n<div class=\"row\">\n<div class=\"col-lg-4 col-md-4 col-sm-6 col-xs-12\">\n<div class=\"media\">\n<div class=\"landing_page_svg download\"><\/div>\n<h3 class=\"text-center\">Cominciamo con Easy Designing in 1-2-3!<\/h3>\n<p class=\"text-center\">Prova di accesso gratuito illimitato a tutte le funzionalit\u00e0 dopo l\u2019installazione TemplateToaster sul desktop. Cominciamo con la progettazione e creare qualcosa di straordinario oggi!<\/p>\n<\/div>\n<\/div>\n<div class=\"clearfix visible-xs-block\"><\/div>\n<div class=\"col-lg-4 col-md-4 col-sm-6 col-xs-12\">\n<div class=\"media\">\n<div class=\"landing_page_svg build-wp-theme\"><\/div>\n<h3 class=\"text-center\">basta trascinare &amp; Goccia a progettare modelli Stunning!<\/h3>\n<p class=\"text-center\">Lend tocchi personali ai modelli predefiniti o ripartire da zero. Aggiungere un sacco di stili utilizzando questo drag &amp; Goccia tema software del costruttore di progettare in minuti !<\/p>\n<\/div>\n<\/div>\n<div class=\"clearfix visible-sm-block visible-xs-block\"><\/div>\n<div class=\"col-lg-4 col-md-4 col-sm-6 col-xs-12\">\n<div class=\"media\">\n<div class=\"landing_page_svg export-upload\"><\/div>\n<h3 class=\"text-center\">Il tuo modello \u00e8 Ready to Rock tuo sito web!<\/h3>\n<p class=\"text-center\">Tutto fatto con il modello di progettazione alla perfezione? Ora \u00e8 il momento di esportare e caricarlo sul server di hosting e vedere il tuo sito web tutto ravvivato come una rockstar!<\/p>\n<\/div>\n<\/div>\n<div class=\"clearfix visible-lg-block visible-md-block visible-sm-block visible-xs-block\"><\/div>\n<\/div>\n<\/div>\n<\/div>\n<div class=\"video-section wp-theme-generator\">\n<div class=\"container\">\n<h2 style=\"text-transform: none;\">Demo di HTML Website Maker<\/h2>\n<div class=\"youtube-video-place embed-responsive embed-responsive-4by3 \" data-yt-url=\"https:\/\/www.youtube.com\/embed\/PRbnZjCqasE?rel=0&amp;showinfo=0&amp;autoplay=1\">\n<p><img decoding=\"async\" src=\"https:\/\/templatetoaster.com\/wp-content\/uploads\/2019\/05\/html-website-builder-1.jpg\" alt=\"html website builder\" \/><\/p>\n<div class=\"play-youtube-video\">\n<div class=\"landing_page_svg\"><\/div>\n<\/div>\n<\/div>\n<\/div>\n<\/div>\n<div class=\"section4 wp-theme-generator\">\n<h2 style=\"text-transform: none;\">Caratteristiche di TemplateToaster come HTML Template Creator<\/h2>\n<p class=\"section4-paragraph\">Intravedere straordinaria struttura a questo splendido hotel offre software<\/p>\n<div class=\"row\">\n<div class=\"col-md-4 col-sm-6 col-sx-12\">\n<div style=\"padding: 20px;\">\n<div class=\"text-center\">\n<div class=\"wp_feature landing_page_svg header-video\"><\/div>\n<\/div>\n<h3 style=\"margin: 20px 0 10px; text-align: center;\">Video Header<\/h3>\n<p class=\"text-center\">Pensando di aggiungere un video impressionante nell\u2019intestazione per far capire meglio il vostro marchio \/ servizi? Con il software TemplateToaster, \u00e8 possibile farlo con grande flessibilit\u00e0! Personalizzare dimensioni e allineare il video orizzontalmente (sinistra, centro ea destra) o in verticale (superiore, centro e in basso) come si ritiene pi\u00f9 appropriato!<\/p>\n<\/div>\n<\/div>\n<div class=\"clearfix visible-xs-block\"><\/div>\n<div class=\"col-lg-4 col-md-4 col-sm-6 col-sx-12\">\n<div style=\"padding: 20px;\">\n<div class=\"text-center\">\n<div class=\"wp_feature landing_page_svg logo-placement\"><\/div>\n<\/div>\n<h3 style=\"margin: 20px 0px 10px; text-align: center;\">logo Placement<\/h3>\n<p class=\"text-center\">Non si pu\u00f2 negare il fatto che l\u2019inserimento del logo sul tuo sito web \u00e8 fondamentale per la credibilit\u00e0 del marchio! Con TemplateToaster, aumentare il quoziente di branding del tuo sito web mettendo il logo su barra dei menu, Intestazione o cursore durante la progettazione del modello. Scegliere tra una di queste posizioni in cui si pensa il vostro logo si adatta bene!<\/p>\n<\/div>\n<\/div>\n<div class=\"clearfix visible-sm-block visible-xs-block\"><\/div>\n<div class=\"col-md-4 col-sm-6 col-sx-12\">\n<div style=\"padding: 20px;\">\n<div class=\"text-center\">\n<div class=\"wp_feature landing_page_svg custom-layout\"><\/div>\n<\/div>\n<h3 style=\"margin: 20px 0 10px; text-align: center;\">Opzioni layout pagina<\/h3>\n<p class=\"text-center\">Vuoi per la progettazione di una pagina di eye-catchy? template HTML di progettazione con questo fantastico programma e scegliere tra le opzioni di layout di pagina come 1 Colonna, 2 Colonna (barra laterale a sinistra, singola colonna, ecc) o 3 Colonna (sidebar, singola colonna, sidebar ecc). Stilizzazione il layout con colore di sfondo \/ immagini!<\/p>\n<\/div>\n<\/div>\n<div class=\"clearfix visible-lg-block visible-md-block visible-xs-block\"><\/div>\n<div class=\"col-md-4 col-sm-6 col-sx-12\">\n<div style=\"padding: 20px;\">\n<div class=\"text-center\">\n<div class=\"wp_feature landing_page_svg contact-form\"><\/div>\n<\/div>\n<h3 style=\"margin: 20px 0 10px; text-align: center;\">Modulo di Contatto<\/h3>\n<p class=\"text-center\">Modulo di contatto \u00e8 uno degli elementi chiave che mantiene i visitatori del sito pi\u00f9 vicino a voi. Non \u00e8 la ciliegina sulla torta se \u00e8 possibile aggiungere stili personalizzati al modulo? Abbinarlo al vostro gusto, cambiando lo stile del carattere, colore, colore di sfondo, aggiungere \/ rimuovere campi o modificare quelle esistenti come si desidera!<\/p>\n<\/div>\n<\/div>\n<div class=\"clearfix visible-sm-block visible-xs-block\"><\/div>\n<div class=\"col-lg-4 col-md-4 col-sm-6 col-sx-12\">\n<div style=\"padding: 20px;\">\n<div class=\"text-center\">\n<div class=\"wp_feature landing_page_svg social-media-integration\"><\/div>\n<\/div>\n<h3 style=\"margin: 20px 0 10px; text-align: center;\">Integrazione con i Social Media<\/h3>\n<p class=\"text-center\">Immaginate un sito web senza link di social media. Non \u00e8 una buona idea a tutti! Con questo software, aggiungere le icone social media sia nell\u2019intestazione o nel footer della pagina \/ template o entrambi. Aggiungi link social media per queste icone in modo che i visitatori possono trovare immediatamente e seguirti!<\/p>\n<\/div>\n<\/div>\n<div class=\"clearfix visible-xs-block\"><\/div>\n<div class=\"col-md-4 col-sm-6 col-sx-12\">\n<div style=\"padding: 20px;\">\n<div class=\"text-center\">\n<div class=\"wp_feature landing_page_svg bootstrap-compatibility\"><\/div>\n<\/div>\n<h3 style=\"margin: 20px 0 10px; text-align: center;\">bootstrap compatibile<\/h3>\n<p class=\"text-center\">I modelli HTML progettati con il software TemplateToaster si basano su Bootstrap quadro garantire la reattivit\u00e0 e la facilit\u00e0 d\u2019uso del sito web! Questo software utilizza ora V.3.3.7 di Bootstrap Ci sforziamo di tenere il passo con gli ultimi aggiornamenti, sempre!<\/p>\n<\/div>\n<\/div>\n<div class=\"clearfix visible-lg-block visible-md-block visible-sm-block visible-xs-block\"><\/div>\n<\/div>\n<\/div>\n<p><!--Section Features with WP--><\/p>\n<div class=\"section5 wp-theme-generator\" style=\"padding: 70px 10px; margin-bottom: 2px;\">\n<div style=\"margin: 40px 0px 20px;\">\n<h2 style=\"margin-bottom: 65px; text-transform: none;\">Caratteristiche principali di TemplateToaster<\/h2>\n<div class=\"feature_with_wp row\">\n<div class=\"col-lg-4 col-md-4 col-sm-4 col-xs-6\">\n<div class=\"feature_wpimg\"><img decoding=\"async\" class=\"img-responsive\" src=\"https:\/\/templatetoaster.com\/wp-content\/uploads\/2017\/04\/multiple-language.png\" alt=\"Supportano pi\u00f9 lingue\" \/><\/div>\n<\/div>\n<div class=\"col-lg-4 col-md-4 col-sm-4 col-xs-6\">\n<div class=\"feature_wpimg\"><img decoding=\"async\" class=\"img-responsive\" src=\"https:\/\/templatetoaster.com\/wp-content\/uploads\/2017\/04\/mobile-optimization.png\" alt=\"Ottimizzazione mobile\" \/><\/div>\n<\/div>\n<div class=\"clearfix visible-xs-block\"><\/div>\n<div class=\"col-lg-4 col-md-4 col-sm-4 col-xs-6\">\n<div class=\"feature_wpimg\"><img decoding=\"async\" class=\"img-responsive\" src=\"https:\/\/templatetoaster.com\/wp-content\/uploads\/2017\/04\/drag-drop.png\" alt=\"Trascinare e rilasciare\" \/><\/div>\n<\/div>\n<div class=\"clearfix visible-lg-block visible-md-block visible-sm-block\"><\/div>\n<div class=\"col-lg-4 col-md-4 col-sm-4 col-xs-6\">\n<div class=\"feature_wpimg\"><img decoding=\"async\" class=\"img-responsive\" src=\"https:\/\/templatetoaster.com\/wp-content\/uploads\/2017\/04\/demo-templats.png\" alt=\"temi Demo\" \/><\/div>\n<\/div>\n<div class=\"clearfix visible-xs-block\"><\/div>\n<div class=\"col-lg-4 col-md-4 col-sm-4 col-xs-6\">\n<div class=\"feature_wpimg\"><img decoding=\"async\" class=\"img-responsive\" src=\"https:\/\/templatetoaster.com\/wp-content\/uploads\/2017\/04\/mega-menu.png\" alt=\"Mega Menu\" \/><\/div>\n<\/div>\n<div class=\"col-lg-4 col-md-4 col-sm-4 col-xs-6\">\n<div class=\"feature_wpimg\"><img decoding=\"async\" class=\"img-responsive\" src=\"https:\/\/templatetoaster.com\/wp-content\/uploads\/2017\/04\/right-to-left.png\" alt=\"Da destra a sinistra\" \/><\/div>\n<\/div>\n<div class=\"clearfix visible-lg-block visible-md-block visible-sm-block visible-xs-block\"><\/div>\n<div class=\"col-lg-4 col-md-4 col-sm-4 col-xs-6\">\n<div class=\"feature_wpimg\"><img decoding=\"async\" class=\"img-responsive\" src=\"https:\/\/templatetoaster.com\/wp-content\/uploads\/2017\/04\/amazing-slideshow.png\" alt=\"Incredibile Slideshow\" \/><\/div>\n<\/div>\n<div class=\"col-lg-4 col-md-4 col-sm-4 col-xs-6\">\n<div class=\"feature_wpimg\"><img decoding=\"async\" class=\"img-responsive\" src=\"https:\/\/templatetoaster.com\/wp-content\/uploads\/2017\/04\/zero-coding.png\" alt=\"Zero Coding\" \/><\/div>\n<\/div>\n<div class=\"clearfix visible-xs-block\"><\/div>\n<div class=\"col-lg-4 col-md-4 col-sm-4 col-xs-6\">\n<div class=\"feature_wpimg\"><img decoding=\"async\" class=\"img-responsive\" src=\"https:\/\/templatetoaster.com\/wp-content\/uploads\/2017\/04\/custom-css.png\" alt=\"Custom CSS, JS e PHP\" \/><\/div>\n<\/div>\n<div class=\"clearfix visible-lg-block visible-md-block visible-sm-block visible-xs-block\"><\/div>\n<\/div>\n<\/div>\n<\/div>\n<p><!--Section Gallery--><\/p>\n<div class=\"section7 wp-theme-generator\" style=\"padding: 100px 10px; background-color: #f1f4f8; margin-bottom: 2px;\">\n<h2 style=\"text-transform: none;\">I nostri standard<\/h2>\n<div class=\"row\">\n<div class=\"col-lg-4 col-md-4 col-sm-6 col-xs-12\">\n<div style=\"padding: 20px;\">\n<div class=\"text-center\">\n<div class=\"wp_feature landing_page_svg w3c-validation\"><\/div>\n<\/div>\n<h3 style=\"margin: 20px 0px 10px; text-align: center;\">Validazione W3C<\/h3>\n<p class=\"text-center\">I modelli HTML progettati con questo software robusto sono validi W3C. Essi sono conformi alle norme internazionali che conduce alla compatibilit\u00e0 all\u2019avanguardia in tutti i principali browser web!<\/p>\n<\/div>\n<\/div>\n<div class=\"clearfix visible-xs-block\"><\/div>\n<div class=\"col-lg-4 col-md-4 col-sm-6 col-xs-12\">\n<div style=\"padding: 20px;\">\n<div class=\"text-center\">\n<div class=\"wp_feature landing_page_svg theme-check-plugin-pass\"><\/div>\n<\/div>\n<h3 style=\"margin: 20px 0 10px; text-align: center;\">Sito Web HTML5 &amp; CSS3 standard<\/h3>\n<p class=\"text-center\">TemplateToaster \u00e8 conforme ai pi\u00f9 recenti standard HTML5 e CSS3. I modelli generati con questo software sono leggeri a causa di non utilizzo di div pesanti e codici stilistici.<\/p>\n<\/div>\n<\/div>\n<div class=\"clearfix visible-sm-block visible-xs-block\"><\/div>\n<div class=\"col-lg-4 col-md-4 col-sm-6 col-xs-12\">\n<div style=\"padding: 20px;\">\n<div class=\"text-center\">\n<div class=\"wp_feature landing_page_svg page-speed\"><\/div>\n<\/div>\n<h3 style=\"margin: 20px 0 10px; text-align: center;\">Speedy Pagina Caricamento<\/h3>\n<p class=\"text-center\">I modelli HTML generato con questo carico di software ad una velocit\u00e0 fulminea e superare tutti i test di velocit\u00e0 pagina. Si tratta di un fringe benefit di corda in pi\u00f9 pubblico!<\/p>\n<\/div>\n<\/div>\n<div class=\"clearfix visible-lg-block visible-md-block visible-xs-block\"><\/div>\n<\/div>\n<\/div>\n<p><!---- section 6 starts ---><\/p>\n<div class=\"section6 wp-theme-generator\" style=\"padding: 50px 10px;\">\n<div style=\"margin: 70px 0px 20px;\">\n<h2>Supporta tutti i principali CMS<\/h2>\n<div class=\"section-center\" style=\"padding-bottom: 50px;\">\n<div class=\"main-cms-section\">\n<div class=\"cms-section\">\n<div class=\"text-center\">\n<div class=\"wp_feature landing_page_svg html\"><\/div>\n<\/div>\n<\/div>\n<\/div>\n<div class=\"other-cms-section\">\n<div class=\"cms-section\">\n<div class=\"text-center\">\n<div class=\"wp_feature landing_page_svg wordpress\"><\/div>\n<\/div>\n<\/div>\n<div class=\"cms-section\">\n<div class=\"text-center\">\n<div class=\"wp_feature landing_page_svg woocommerce\"><\/div>\n<\/div>\n<\/div>\n<div class=\"cms-section\">\n<div class=\"text-center\">\n<div class=\"wp_feature landing_page_svg magento\"><\/div>\n<\/div>\n<\/div>\n<div class=\"cms-section\">\n<div class=\"text-center\">\n<div class=\"wp_feature landing_page_svg blogger\"><\/div>\n<\/div>\n<\/div>\n<div class=\"cms-section\">\n<div class=\"text-center\">\n<div class=\"wp_feature landing_page_svg joomla\"><\/div>\n<\/div>\n<\/div>\n<div class=\"cms-section\">\n<div class=\"text-center\">\n<div class=\"wp_feature landing_page_svg virtuemart\"><\/div>\n<\/div>\n<\/div>\n<div class=\"cms-section\">\n<div class=\"text-center\">\n<div class=\"wp_feature landing_page_svg drupal\"><\/div>\n<\/div>\n<\/div>\n<div class=\"cms-section\">\n<div class=\"text-center\">\n<div class=\"wp_feature landing_page_svg opencart\"><\/div>\n<\/div>\n<\/div>\n<div class=\"cms-section\">\n<div class=\"text-center\">\n<div class=\"wp_feature landing_page_svg prestashop\"><\/div>\n<\/div>\n<\/div>\n<\/div>\n<\/div>\n<div style=\"text-align: center; margin-top: 30px;\"><a class=\"btn download_btn\" href=\"https:\/\/templatetoaster.com\/it\/download\">Scarica ora<\/a><\/div>\n<\/div>\n<\/div>\n","protected":false},"excerpt":{"rendered":"<p>HTML Template Maker a disegno siti web spettacolari Non basta progettare modelli, la progettazione di un sito web che corde in visitatori. Nulla di codifica! Nessuna confusione! &nbsp; Scarica ora Perch\u00e9 usare TemplateToaster come modello HTML Creator Software? Progettazione drop-dead &hellip; <a href=\"https:\/\/templatetoaster.com\/it\/html5-css3-website-creator\">Continue Reading<span class=\"meta-nav\">&rarr;<\/span><\/a><\/p>\n","protected":false},"author":1,"featured_media":0,"parent":0,"menu_order":0,"comment_status":"closed","ping_status":"closed","template":"","meta":{"footnotes":""},"yoast_head":"<!-- This site is optimized with the Yoast SEO plugin v23.5 - https:\/\/yoast.com\/wordpress\/plugins\/seo\/ -->\n<title>HTML5 CSS3 Website Creator - TemplateToaster<\/title>\n<meta name=\"description\" content=\"Ottieni TemplateToaster il miglior HTML5 CSS3 Website Creator\" \/>\n<meta name=\"robots\" content=\"index, follow, max-snippet:-1, max-image-preview:large, max-video-preview:-1\" \/>\n<link rel=\"canonical\" href=\"https:\/\/templatetoaster.com\/it\/html5-css3-website-creator\" \/>\n<meta property=\"og:locale\" content=\"it_IT\" \/>\n<meta property=\"og:type\" content=\"article\" \/>\n<meta property=\"og:title\" content=\"HTML5 CSS3 Website Creator - TemplateToaster\" \/>\n<meta property=\"og:description\" content=\"Ottieni TemplateToaster il miglior HTML5 CSS3 Website Creator\" \/>\n<meta property=\"og:url\" content=\"https:\/\/templatetoaster.com\/it\/html5-css3-website-creator\" \/>\n<meta property=\"og:site_name\" content=\"TemplateToaster\" \/>\n<meta property=\"article:publisher\" content=\"https:\/\/www.facebook.com\/TemplateToaster\" \/>\n<meta property=\"article:modified_time\" content=\"2019-05-30T05:56:14+00:00\" \/>\n<meta property=\"og:image\" content=\"https:\/\/templatetoaster.com\/wp-content\/uploads\/2019\/05\/html-website-builder-1.jpg\" \/>\n<meta name=\"twitter:card\" content=\"summary_large_image\" \/>\n<meta name=\"twitter:site\" content=\"@templatetoaster\" \/>\n<meta name=\"twitter:label1\" content=\"Tempo di lettura stimato\" \/>\n\t<meta name=\"twitter:data1\" content=\"3 minuti\" \/>\n<script type=\"application\/ld+json\" class=\"yoast-schema-graph\">{\"@context\":\"https:\/\/schema.org\",\"@graph\":[{\"@type\":\"WebPage\",\"@id\":\"https:\/\/templatetoaster.com\/it\/html5-css3-website-creator\",\"url\":\"https:\/\/templatetoaster.com\/it\/html5-css3-website-creator\",\"name\":\"HTML5 CSS3 Website Creator - TemplateToaster\",\"isPartOf\":{\"@id\":\"https:\/\/templatetoaster.com\/#website\"},\"primaryImageOfPage\":{\"@id\":\"https:\/\/templatetoaster.com\/it\/html5-css3-website-creator#primaryimage\"},\"image\":{\"@id\":\"https:\/\/templatetoaster.com\/it\/html5-css3-website-creator#primaryimage\"},\"thumbnailUrl\":\"https:\/\/templatetoaster.com\/wp-content\/uploads\/2019\/05\/html-website-builder-1.jpg\",\"datePublished\":\"2018-04-11T06:03:30+00:00\",\"dateModified\":\"2019-05-30T05:56:14+00:00\",\"description\":\"Ottieni TemplateToaster il miglior HTML5 CSS3 Website Creator\",\"breadcrumb\":{\"@id\":\"https:\/\/templatetoaster.com\/it\/html5-css3-website-creator#breadcrumb\"},\"inLanguage\":\"it-IT\",\"potentialAction\":[{\"@type\":\"ReadAction\",\"target\":[\"https:\/\/templatetoaster.com\/it\/html5-css3-website-creator\"]}]},{\"@type\":\"ImageObject\",\"inLanguage\":\"it-IT\",\"@id\":\"https:\/\/templatetoaster.com\/it\/html5-css3-website-creator#primaryimage\",\"url\":\"https:\/\/templatetoaster.com\/wp-content\/uploads\/2019\/05\/html-website-builder-1.jpg\",\"contentUrl\":\"https:\/\/templatetoaster.com\/wp-content\/uploads\/2019\/05\/html-website-builder-1.jpg\"},{\"@type\":\"BreadcrumbList\",\"@id\":\"https:\/\/templatetoaster.com\/it\/html5-css3-website-creator#breadcrumb\",\"itemListElement\":[{\"@type\":\"ListItem\",\"position\":1,\"name\":\"Home\",\"item\":\"https:\/\/templatetoaster.com\/it\"},{\"@type\":\"ListItem\",\"position\":2,\"name\":\"HTML5 CSS3 Website Creator\"}]},{\"@type\":\"WebSite\",\"@id\":\"https:\/\/templatetoaster.com\/#website\",\"url\":\"https:\/\/templatetoaster.com\/\",\"name\":\"TemplateToaster\",\"description\":\"\",\"publisher\":{\"@id\":\"https:\/\/templatetoaster.com\/#organization\"},\"inLanguage\":\"it-IT\"},{\"@type\":\"Organization\",\"@id\":\"https:\/\/templatetoaster.com\/#organization\",\"name\":\"TemplateToaster\",\"url\":\"https:\/\/templatetoaster.com\/\",\"logo\":{\"@type\":\"ImageObject\",\"inLanguage\":\"it-IT\",\"@id\":\"https:\/\/templatetoaster.com\/#\/schema\/logo\/image\/\",\"url\":\"https:\/\/templatetoaster.com\/wp-content\/uploads\/2019\/11\/TemplateToaster_Logo.jpg\",\"contentUrl\":\"https:\/\/templatetoaster.com\/wp-content\/uploads\/2019\/11\/TemplateToaster_Logo.jpg\",\"width\":85,\"height\":85,\"caption\":\"TemplateToaster\"},\"image\":{\"@id\":\"https:\/\/templatetoaster.com\/#\/schema\/logo\/image\/\"},\"sameAs\":[\"https:\/\/www.facebook.com\/TemplateToaster\",\"https:\/\/x.com\/templatetoaster\",\"https:\/\/www.instagram.com\/templatetoaster\/\",\"https:\/\/www.linkedin.com\/company\/templatetoaster\/\",\"https:\/\/www.pinterest.com\/templatetoaster\/\",\"https:\/\/www.youtube.com\/@TemplateToaster\"]}]}<\/script>\n<!-- \/ Yoast SEO plugin. -->","yoast_head_json":{"title":"HTML5 CSS3 Website Creator - TemplateToaster","description":"Ottieni TemplateToaster il miglior HTML5 CSS3 Website Creator","robots":{"index":"index","follow":"follow","max-snippet":"max-snippet:-1","max-image-preview":"max-image-preview:large","max-video-preview":"max-video-preview:-1"},"canonical":"https:\/\/templatetoaster.com\/it\/html5-css3-website-creator","og_locale":"it_IT","og_type":"article","og_title":"HTML5 CSS3 Website Creator - TemplateToaster","og_description":"Ottieni TemplateToaster il miglior HTML5 CSS3 Website Creator","og_url":"https:\/\/templatetoaster.com\/it\/html5-css3-website-creator","og_site_name":"TemplateToaster","article_publisher":"https:\/\/www.facebook.com\/TemplateToaster","article_modified_time":"2019-05-30T05:56:14+00:00","og_image":[{"url":"https:\/\/templatetoaster.com\/wp-content\/uploads\/2019\/05\/html-website-builder-1.jpg"}],"twitter_card":"summary_large_image","twitter_site":"@templatetoaster","twitter_misc":{"Tempo di lettura stimato":"3 minuti"},"schema":{"@context":"https:\/\/schema.org","@graph":[{"@type":"WebPage","@id":"https:\/\/templatetoaster.com\/it\/html5-css3-website-creator","url":"https:\/\/templatetoaster.com\/it\/html5-css3-website-creator","name":"HTML5 CSS3 Website Creator - TemplateToaster","isPartOf":{"@id":"https:\/\/templatetoaster.com\/#website"},"primaryImageOfPage":{"@id":"https:\/\/templatetoaster.com\/it\/html5-css3-website-creator#primaryimage"},"image":{"@id":"https:\/\/templatetoaster.com\/it\/html5-css3-website-creator#primaryimage"},"thumbnailUrl":"https:\/\/templatetoaster.com\/wp-content\/uploads\/2019\/05\/html-website-builder-1.jpg","datePublished":"2018-04-11T06:03:30+00:00","dateModified":"2019-05-30T05:56:14+00:00","description":"Ottieni TemplateToaster il miglior HTML5 CSS3 Website Creator","breadcrumb":{"@id":"https:\/\/templatetoaster.com\/it\/html5-css3-website-creator#breadcrumb"},"inLanguage":"it-IT","potentialAction":[{"@type":"ReadAction","target":["https:\/\/templatetoaster.com\/it\/html5-css3-website-creator"]}]},{"@type":"ImageObject","inLanguage":"it-IT","@id":"https:\/\/templatetoaster.com\/it\/html5-css3-website-creator#primaryimage","url":"https:\/\/templatetoaster.com\/wp-content\/uploads\/2019\/05\/html-website-builder-1.jpg","contentUrl":"https:\/\/templatetoaster.com\/wp-content\/uploads\/2019\/05\/html-website-builder-1.jpg"},{"@type":"BreadcrumbList","@id":"https:\/\/templatetoaster.com\/it\/html5-css3-website-creator#breadcrumb","itemListElement":[{"@type":"ListItem","position":1,"name":"Home","item":"https:\/\/templatetoaster.com\/it"},{"@type":"ListItem","position":2,"name":"HTML5 CSS3 Website Creator"}]},{"@type":"WebSite","@id":"https:\/\/templatetoaster.com\/#website","url":"https:\/\/templatetoaster.com\/","name":"TemplateToaster","description":"","publisher":{"@id":"https:\/\/templatetoaster.com\/#organization"},"inLanguage":"it-IT"},{"@type":"Organization","@id":"https:\/\/templatetoaster.com\/#organization","name":"TemplateToaster","url":"https:\/\/templatetoaster.com\/","logo":{"@type":"ImageObject","inLanguage":"it-IT","@id":"https:\/\/templatetoaster.com\/#\/schema\/logo\/image\/","url":"https:\/\/templatetoaster.com\/wp-content\/uploads\/2019\/11\/TemplateToaster_Logo.jpg","contentUrl":"https:\/\/templatetoaster.com\/wp-content\/uploads\/2019\/11\/TemplateToaster_Logo.jpg","width":85,"height":85,"caption":"TemplateToaster"},"image":{"@id":"https:\/\/templatetoaster.com\/#\/schema\/logo\/image\/"},"sameAs":["https:\/\/www.facebook.com\/TemplateToaster","https:\/\/x.com\/templatetoaster","https:\/\/www.instagram.com\/templatetoaster\/","https:\/\/www.linkedin.com\/company\/templatetoaster\/","https:\/\/www.pinterest.com\/templatetoaster\/","https:\/\/www.youtube.com\/@TemplateToaster"]}]}},"_links":{"self":[{"href":"https:\/\/templatetoaster.com\/it\/wp-json\/wp\/v2\/pages\/3820"}],"collection":[{"href":"https:\/\/templatetoaster.com\/it\/wp-json\/wp\/v2\/pages"}],"about":[{"href":"https:\/\/templatetoaster.com\/it\/wp-json\/wp\/v2\/types\/page"}],"author":[{"embeddable":true,"href":"https:\/\/templatetoaster.com\/it\/wp-json\/wp\/v2\/users\/1"}],"replies":[{"embeddable":true,"href":"https:\/\/templatetoaster.com\/it\/wp-json\/wp\/v2\/comments?post=3820"}],"version-history":[{"count":5,"href":"https:\/\/templatetoaster.com\/it\/wp-json\/wp\/v2\/pages\/3820\/revisions"}],"predecessor-version":[{"id":30525,"href":"https:\/\/templatetoaster.com\/it\/wp-json\/wp\/v2\/pages\/3820\/revisions\/30525"}],"wp:attachment":[{"href":"https:\/\/templatetoaster.com\/it\/wp-json\/wp\/v2\/media?parent=3820"}],"curies":[{"name":"wp","href":"https:\/\/api.w.org\/{rel}","templated":true}]}}