{"id":3624,"date":"2018-04-04T14:34:45","date_gmt":"2018-04-04T14:34:45","guid":{"rendered":"http:\/\/templatetoaster.com?page_id=3624"},"modified":"2019-09-09T06:20:02","modified_gmt":"2019-09-09T06:20:02","slug":"creare-sito-prestashop","status":"publish","type":"page","link":"https:\/\/templatetoaster.com\/it\/creare-sito-prestashop","title":{"rendered":"Creare sito Prestashop | Creare template Prestashop"},"content":{"rendered":"<div class=\"section1 wp-theme-generator\">\n<div style=\"margin: 115px 0 16px;\">\n<h1>Creare sito Prestashop<\/h1>\n<p class=\"text-center\">Creare sito Prestashop con Templatetoaster. Progettare un tema che parla da s\u00e9. Non ci sono richieste di codifica!<\/p>\n<div style=\"text-align: center;\"><a class=\"btn download_btn\" href=\"https:\/\/templatetoaster.com\/it\/download\">Scarica ora<\/a><\/div>\n<div class=\"clearfix\"><\/div>\n<\/div>\n<\/div>\n<p><!--- What is TemplateToaster Section ---><\/p>\n<div class=\"section2 wp-theme-generator\">\n<div class=\"section2-inner\">\n<h2>Perch\u00e9 usare TemplateToaster creare template prestashop?<\/h2>\n<p>Software \u00e8 fatto per la progettazione di temi sorprendenti per il vostro sito e-commerce che prestano un nuovo look ad esso. Non c\u2019\u00e8 bisogno di essere un programmatore! \u00c8 vero. temi di design durante il trascinamento &amp; Drop in TT e creare sito prestashop in pochi click!<\/p>\n<\/div>\n<\/div>\n<p><!---- section 3 starts ---><\/p>\n<div class=\"section3 wp-theme-generator\">\n<div class=\"section3-inner\">\n<h2>Come funziona?<\/h2>\n<div class=\"row\">\n<div class=\"col-lg-4 col-md-4 col-sm-6 col-xs-12\">\n<div class=\"media\">\n<div class=\"landing_page_svg download\"><\/div>\n<h3 class=\"text-center\">Scarica il software. Cominciamo esso!<\/h3>\n<p class=\"text-center\">Dopo aver scaricato TemplateToaster, Installarlo e iniziare a i vostri creare sito PrestaShop in minuti! sperimentazione senza limiti con l\u2019accesso a tutte le funzionalit\u00e0!<br \/>\n!<\/p>\n<\/div>\n<\/div>\n<div class=\"clearfix visible-xs-block\"><\/div>\n<div class=\"col-lg-4 col-md-4 col-sm-6 col-xs-12\">\n<div class=\"media\">\n<div class=\"landing_page_svg build-wp-theme\"><\/div>\n<h3 class=\"text-center\">Creare template Prestashop in minuti!<\/h3>\n<p class=\"text-center\">Avviare fin dall\u2019inizio o scegliere tra 100s di modelli predefiniti! Metti il \u200b\u200btuo piede migliore in avanti e Drag and Drop intuitiva seguir\u00e0. Nessuna confusione progettazione!<\/p>\n<\/div>\n<\/div>\n<div class=\"clearfix visible-sm-block visible-xs-block\"><\/div>\n<div class=\"col-lg-4 col-md-4 col-sm-6 col-xs-12\">\n<div class=\"media\">\n<div class=\"landing_page_svg export-upload\"><\/div>\n<h3 class=\"text-center\">Il vostro sito PrestaShop, Tutto a tema up!<\/h3>\n<p class=\"text-center\">Felice con il design per il vostro sito e-commerce? Carica il nuovo design in pochi clic in pi\u00f9 e vedere il tuo negozio tutto orientata con il look che hai sempre sognato!<\/p>\n<\/div>\n<\/div>\n<div class=\"clearfix visible-lg-block visible-md-block visible-sm-block visible-xs-block\"><\/div>\n<\/div>\n<\/div>\n<\/div>\n<div class=\"video-section wp-theme-generator\">\n<div class=\"container\">\n<h2 style=\"text-transform: none;\">Creare sito Prestashop &#8211; Demo<\/h2>\n<div class=\"youtube-video-place embed-responsive embed-responsive-4by3 \" data-yt-url=\"https:\/\/www.youtube.com\/embed\/Dtz7c-JO8K0?rel=0&amp;showinfo=0&amp;autoplay=1\"><img loading=\"lazy\" decoding=\"async\" class=\"alignnone size-full wp-image-65822\" src=\"https:\/\/templatetoaster.com\/wp-content\/uploads\/2019\/08\/Creare-sito-Prestashop-Demo.jpg\" alt=\"Creare sito Prestashop\" width=\"1366\" height=\"728\" srcset=\"https:\/\/templatetoaster.com\/wp-content\/uploads\/2019\/08\/Creare-sito-Prestashop-Demo.jpg 1366w, https:\/\/templatetoaster.com\/wp-content\/uploads\/2019\/08\/Creare-sito-Prestashop-Demo-1000x533.jpg 1000w, https:\/\/templatetoaster.com\/wp-content\/uploads\/2019\/08\/Creare-sito-Prestashop-Demo-300x160.jpg 300w, https:\/\/templatetoaster.com\/wp-content\/uploads\/2019\/08\/Creare-sito-Prestashop-Demo-768x409.jpg 768w, https:\/\/templatetoaster.com\/wp-content\/uploads\/2019\/08\/Creare-sito-Prestashop-Demo-1024x546.jpg 1024w\" sizes=\"(max-width: 1366px) 100vw, 1366px\" \/><\/p>\n<div class=\"play-youtube-video\">\n<div class=\"landing_page_svg\"><\/div>\n<\/div>\n<\/div>\n<\/div>\n<\/div>\n<div class=\"section4 wp-theme-generator\">\n<h2 style=\"text-transform: none;\">Caratteristiche di TemplateToaster per creare template Prestashop, creare sito Prestashop<\/h2>\n<p class=\"section4-paragraph\">Power-imballato con notevoli caratteristiche \u4e00 temi di progettazione utilizzando il software\/p&gt;<\/p>\n<div class=\"row\">\n<div class=\"col-lg-4 col-md-4 col-sm-6 col-sx-12\">\n<div style=\"padding: 20px;\">\n<div class=\"text-center\">\n<div class=\"wp_feature landing_page_svg mobile-optimized\"><\/div>\n<\/div>\n<h3 style=\"margin: 20px 0px 10px; text-align: center;\">Ottimizzato per i cellulari le pagine dei prodotti<\/h3>\n<p class=\"text-center\">creare sito Prestashop con TemplateToaster sono perfettamente reattivo. Questo cellulare-compatibilit\u00e0 assicura che i clienti possono avere un\u2019esperienza di visualizzazione ottimale. Cos\u00ec che, si possono acquistare i prodotti senza problemi da qualsiasi dispositivo mobile.<\/p>\n<\/div>\n<\/div>\n<div class=\"clearfix visible-xs-block\"><\/div>\n<div class=\"col-lg-4 col-md-4 col-sm-6 col-sx-12\">\n<div style=\"padding: 20px;\">\n<div class=\"text-center\">\n<div class=\"wp_feature landing_page_svg custom-layout\"><\/div>\n<\/div>\n<h3 style=\"margin: 20px 0 10px; text-align: center;\">Opzioni di layout personalizzati<\/h3>\n<p class=\"text-center\">Il software consente di progettare i temi con opzioni di layout personalizzato come 1 Colonna, 2 Colonna (barra laterale e colonna singola) e 3 Colonna (sidebar,singola colonna, sidebar). Questi possono essere personalizzate, cambiando colore di sfondo, colore del carattere ecc.<\/p>\n<\/div>\n<\/div>\n<div class=\"clearfix visible-sm-block visible-xs-block\"><\/div>\n<div class=\"col-md-4 col-sm-6 col-sx-12\">\n<div style=\"padding: 20px;\">\n<div class=\"text-center\">\n<div class=\"wp_feature landing_page_svg compatible-version\"><\/div>\n<\/div>\n<h3 style=\"margin: 20px 0 10px; text-align: center;\">versioni compatibili<\/h3>\n<p class=\"text-center\">Questo tema creatore PrestaShop supporta PrestaShop 1.5.x e 1.6.x I temi progettati con TemplateToaster sono compatibili con tutti gli ultimi aggiornamenti e le funzionalit\u00e0 di PrestaShop. Il nuovo TemplateToaster 7 Supporto PrestaShop 1.7.x.x<\/p>\n<\/div>\n<\/div>\n<div class=\"clearfix visible-lg-block visible-md-block visible-xs-block\"><\/div>\n<div class=\"col-md-4 col-sm-6 col-sx-12\">\n<div style=\"padding: 20px;\">\n<div class=\"text-center\">\n<div class=\"wp_feature landing_page_svg checkout-pages\"><\/div>\n<\/div>\n<h3 style=\"margin: 20px 0 10px; text-align: center;\">Acquista Pagine<\/h3>\n<p class=\"text-center\">Aggiungi un tocco di personalizzazione alla pagina multi-checkout del tuo sito web PrestaShop. Dare un tocco di colore di sfondo e scegliere tra 100+ stili e colori dei caratteri per dare un look fresco al tuo negozio di ecommerce! Pagine come \u2018Sintesi\u2019, \u2018Registrati\u2019, \u2018Indirizzo\u2019, \u2018Spedizione\u2019, ecc. pu\u00f2 essere adattato subito.<\/p>\n<\/div>\n<\/div>\n<div class=\"clearfix visible-sm-block visible-xs-block\"><\/div>\n<div class=\"col-md-4 col-sm-6 col-sx-12\">\n<div style=\"padding: 20px;\">\n<div class=\"text-center\">\n<div class=\"wp_feature landing_page_svg product-grid\"><\/div>\n<\/div>\n<h3 style=\"margin: 20px 0 10px; text-align: center;\">Di prodotti multipli griglia Styling<\/h3>\n<p class=\"text-center\">Pi\u00f9 prodotti vengono visualizzati nella visualizzazione a griglia o in visualizzazione elenco su una singola pagina del tuo sito e-commerce PrestaShop. Apportare modifiche nel layout vista griglia scegliendo tra 1 Colonna, 2 Colonna, 3 colonna e 4 griglie di colonne. Per cambiare lo stile, opzioni come colore del carattere, tipo di font e il colore di sfondo sono disponibili.<\/p>\n<\/div>\n<\/div>\n<div class=\"clearfix visible-xs-block\"><\/div>\n<div class=\"col-md-4 col-sm-6 col-sx-12\">\n<div style=\"padding: 20px;\">\n<div class=\"text-center\">\n<div class=\"wp_feature landing_page_svg product-page-option\"><\/div>\n<\/div>\n<h3 style=\"margin: 20px 0 10px; text-align: center;\">Opzioni del prodotto-pagina<\/h3>\n<p class=\"text-center\">Migliorare l\u2019aspetto del tuo negozio e-commerce, cambiando il colore di sfondo e lo stile del carattere come si vuole su tutti i prodotti-pagine. Si pu\u00f2 facilmente applicare stili pagina apportando modifiche nel design e lo stile di Swatch Tabs, miniature, Descrizione, specificazioni, Recensioni schede ecc.<\/p>\n<\/div>\n<\/div>\n<div class=\"clearfix visible-lg-block visible-md-block visible-sm-block visible-xs-block\"><\/div>\n<\/div>\n<\/div>\n<p><!--Section Features with WP--><\/p>\n<div class=\"section5 wp-theme-generator\" style=\"padding: 70px 10px; margin-bottom: 2px;\">\n<div style=\"margin: 40px 0px 20px;\">\n<h2 style=\"margin-bottom: 65px; text-transform: none;\">Caratteristiche principali di TemplateToaster<\/h2>\n<div class=\"feature_with_wp row\">\n<div class=\"col-lg-4 col-md-4 col-sm-4 col-xs-6\">\n<div class=\"feature_wpimg\"><img decoding=\"async\" class=\"img-responsive\" src=\"https:\/\/templatetoaster.com\/wp-content\/uploads\/2017\/04\/multiple-language.png\" alt=\"creare sito prestashop\"><\/div>\n<\/div>\n<div class=\"col-lg-4 col-md-4 col-sm-4 col-xs-6\">\n<div class=\"feature_wpimg\"><img decoding=\"async\" class=\"img-responsive\" src=\"https:\/\/templatetoaster.com\/wp-content\/uploads\/2017\/04\/mobile-optimization.png\" alt=\"creare template prestashop\"><\/div>\n<\/div>\n<div class=\"clearfix visible-xs-block\"><\/div>\n<div class=\"col-lg-4 col-md-4 col-sm-4 col-xs-6\">\n<div class=\"feature_wpimg\"><img decoding=\"async\" class=\"img-responsive\" src=\"https:\/\/templatetoaster.com\/wp-content\/uploads\/2017\/04\/drag-drop.png\" alt=\"\"><\/div>\n<\/div>\n<div class=\"clearfix visible-lg-block visible-md-block visible-sm-block\"><\/div>\n<div class=\"col-lg-4 col-md-4 col-sm-4 col-xs-6\">\n<div class=\"feature_wpimg\"><img decoding=\"async\" class=\"img-responsive\" src=\"https:\/\/templatetoaster.com\/wp-content\/uploads\/2017\/04\/demo-templats.png\" alt=\"\"><\/div>\n<\/div>\n<div class=\"clearfix visible-xs-block\"><\/div>\n<div class=\"col-lg-4 col-md-4 col-sm-4 col-xs-6\">\n<div class=\"feature_wpimg\"><img decoding=\"async\" class=\"img-responsive\" src=\"https:\/\/templatetoaster.com\/wp-content\/uploads\/2017\/04\/mega-menu.png\" alt=\"\"><\/div>\n<\/div>\n<div class=\"col-lg-4 col-md-4 col-sm-4 col-xs-6\">\n<div class=\"feature_wpimg\"><img decoding=\"async\" class=\"img-responsive\" src=\"https:\/\/templatetoaster.com\/wp-content\/uploads\/2017\/04\/right-to-left.png\" alt=\"\"><\/div>\n<\/div>\n<div class=\"clearfix visible-lg-block visible-md-block visible-sm-block visible-xs-block\"><\/div>\n<div class=\"col-lg-4 col-md-4 col-sm-4 col-xs-6\">\n<div class=\"feature_wpimg\"><img decoding=\"async\" class=\"img-responsive\" src=\"https:\/\/templatetoaster.com\/wp-content\/uploads\/2017\/04\/amazing-slideshow.png\" alt=\"\"><\/div>\n<\/div>\n<div class=\"col-lg-4 col-md-4 col-sm-4 col-xs-6\">\n<div class=\"feature_wpimg\"><img decoding=\"async\" class=\"img-responsive\" src=\"https:\/\/templatetoaster.com\/wp-content\/uploads\/2017\/04\/zero-coding.png\" alt=\"\"><\/div>\n<\/div>\n<div class=\"clearfix visible-xs-block\"><\/div>\n<div class=\"col-lg-4 col-md-4 col-sm-4 col-xs-6\">\n<div class=\"feature_wpimg\"><img decoding=\"async\" class=\"img-responsive\" src=\"https:\/\/templatetoaster.com\/wp-content\/uploads\/2017\/04\/custom-css.png\" alt=\"\"><\/div>\n<\/div>\n<div class=\"clearfix visible-lg-block visible-md-block visible-sm-block visible-xs-block\"><\/div>\n<\/div>\n<\/div>\n<\/div>\n<p><!--Section Gallery--><\/p>\n<div class=\"section7 wp-theme-generator\" style=\"padding: 100px 10px; background-color: #f1f4f8; margin-bottom: 2px;\">\n<h2 style=\"text-transform: none;\">I nostri standard<\/h2>\n<div class=\"row\">\n<div class=\"col-lg-4 col-md-4 col-sm-6 col-xs-12\">\n<div style=\"padding: 20px;\">\n<div class=\"text-center\">\n<div class=\"wp_feature landing_page_svg w3c-validation\"><\/div>\n<\/div>\n<h3 style=\"margin: 20px 0px 10px; text-align: center;\">Validazione W3C<\/h3>\n<p class=\"text-center\">PrestaShop temi creati con questo software sono validi W3C, che offre vantaggi come la compatibilit\u00e0 cross browser web, visualizzazione pagina web ottimale e pi\u00f9!<\/p>\n<\/div>\n<\/div>\n<div class=\"clearfix visible-xs-block\"><\/div>\n<div class=\"col-lg-4 col-md-4 col-sm-6 col-xs-12\">\n<div style=\"padding: 20px;\">\n<div class=\"text-center\">\n<div class=\"wp_feature landing_page_svg theme-check-plugin-pass\"><\/div>\n<\/div>\n<h3 style=\"margin: 20px 0 10px; text-align: center;\">Sito Web HTML5 &amp; CSS3 standard<\/h3>\n<p class=\"text-center\">software TemplateToaster attiene la HTML5 e CSS3 standard. pesante dell\u2019insieme di div e immagini sono evitati, quindi generando temi che sono leggeri.<\/p>\n<\/div>\n<\/div>\n<div class=\"clearfix visible-sm-block visible-xs-block\"><\/div>\n<div class=\"col-lg-4 col-md-4 col-sm-6 col-xs-12\">\n<div style=\"padding: 20px;\">\n<div class=\"text-center\">\n<div class=\"wp_feature landing_page_svg page-speed\"><\/div>\n<\/div>\n<h3 style=\"margin: 20px 0 10px; text-align: center;\">Fulmine Alta velocit\u00e0<\/h3>\n<p class=\"text-center\">I temi generate con questo carico software con un fulmine di velocit\u00e0 veloce che incrementer\u00e0 il traffico, tassi di conversione, e le vendite del tuo negozio e-commerce.<\/p>\n<\/div>\n<\/div>\n<div class=\"clearfix visible-lg-block visible-md-block visible-xs-block\"><\/div>\n<\/div>\n<\/div>\n<p><!---- section 6 starts ---><\/p>\n<div class=\"section6 wp-theme-generator\" style=\"padding: 50px 10px;\">\n<div style=\"margin: 70px 0px 20px;\">\n<h2>Supporta tutti i principali CMS<\/h2>\n<div class=\"section-center\" style=\"padding-bottom: 50px;\">\n<div class=\"main-cms-section\">\n<div class=\"cms-section\">\n<div class=\"text-center\">\n<div class=\"wp_feature landing_page_svg prestashop\"><\/div>\n<\/div>\n<\/div>\n<\/div>\n<div class=\"other-cms-section\">\n<div class=\"cms-section\">\n<div class=\"text-center\">\n<div class=\"wp_feature landing_page_svg wordpress\"><\/div>\n<\/div>\n<\/div>\n<div class=\"cms-section\">\n<div class=\"text-center\">\n<div class=\"wp_feature landing_page_svg woocommerce\"><\/div>\n<\/div>\n<\/div>\n<div class=\"cms-section\">\n<div class=\"text-center\">\n<div class=\"wp_feature landing_page_svg magento\"><\/div>\n<\/div>\n<\/div>\n<div class=\"cms-section\">\n<div class=\"text-center\">\n<div class=\"wp_feature landing_page_svg blogger\"><\/div>\n<\/div>\n<\/div>\n<div class=\"cms-section\">\n<div class=\"text-center\">\n<div class=\"wp_feature landing_page_svg joomla\"><\/div>\n<\/div>\n<\/div>\n<div class=\"cms-section\">\n<div class=\"text-center\">\n<div class=\"wp_feature landing_page_svg virtuemart\"><\/div>\n<\/div>\n<\/div>\n<div class=\"cms-section\">\n<div class=\"text-center\">\n<div class=\"wp_feature landing_page_svg drupal\"><\/div>\n<\/div>\n<\/div>\n<div class=\"cms-section\">\n<div class=\"text-center\">\n<div class=\"wp_feature landing_page_svg opencart\"><\/div>\n<\/div>\n<\/div>\n<div class=\"cms-section\">\n<div class=\"text-center\">\n<div class=\"wp_feature landing_page_svg html\"><\/div>\n<\/div>\n<\/div>\n<\/div>\n<\/div>\n<div style=\"text-align: center; margin-top: 30px;\"><a class=\"btn download_btn\" href=\"https:\/\/templatetoaster.com\/it\/download\">Scarica ora<\/a><\/div>\n<\/div>\n<\/div>\n","protected":false},"excerpt":{"rendered":"<p>Creare sito Prestashop Creare sito Prestashop con Templatetoaster. Progettare un tema che parla da s\u00e9. Non ci sono richieste di codifica! Scarica ora Perch\u00e9 usare TemplateToaster creare template prestashop? Software \u00e8 fatto per la progettazione di temi sorprendenti per il &hellip; <a href=\"https:\/\/templatetoaster.com\/it\/creare-sito-prestashop\">Continue Reading<span class=\"meta-nav\">&rarr;<\/span><\/a><\/p>\n","protected":false},"author":1,"featured_media":0,"parent":0,"menu_order":0,"comment_status":"closed","ping_status":"closed","template":"","meta":{"footnotes":""},"yoast_head":"<!-- This site is optimized with the Yoast SEO plugin v23.5 - https:\/\/yoast.com\/wordpress\/plugins\/seo\/ -->\n<title>Creare sito Prestashop | Creare template Prestashop - TemplateToaster<\/title>\n<meta name=\"description\" content=\"Creare sito Prestashop, Creare template Prestashop in pochi minuti con TemplateToaster. Prestashop ti permette anche di creare un marketplace\" \/>\n<meta name=\"robots\" content=\"index, follow, max-snippet:-1, max-image-preview:large, max-video-preview:-1\" \/>\n<link rel=\"canonical\" href=\"https:\/\/templatetoaster.com\/it\/creare-sito-prestashop\" \/>\n<meta property=\"og:locale\" content=\"it_IT\" \/>\n<meta property=\"og:type\" content=\"article\" \/>\n<meta property=\"og:title\" content=\"Creare sito Prestashop | Creare template Prestashop - TemplateToaster\" \/>\n<meta property=\"og:description\" content=\"Creare sito Prestashop, Creare template Prestashop in pochi minuti con TemplateToaster. Prestashop ti permette anche di creare un marketplace\" \/>\n<meta property=\"og:url\" content=\"https:\/\/templatetoaster.com\/it\/creare-sito-prestashop\" \/>\n<meta property=\"og:site_name\" content=\"TemplateToaster\" \/>\n<meta property=\"article:publisher\" content=\"https:\/\/www.facebook.com\/TemplateToaster\" \/>\n<meta property=\"article:modified_time\" content=\"2019-09-09T06:20:02+00:00\" \/>\n<meta property=\"og:image\" content=\"https:\/\/templatetoaster.com\/wp-content\/uploads\/2019\/08\/Creare-sito-Prestashop-Demo.jpg\" \/>\n<meta name=\"twitter:card\" content=\"summary_large_image\" \/>\n<meta name=\"twitter:site\" content=\"@templatetoaster\" \/>\n<meta name=\"twitter:label1\" content=\"Tempo di lettura stimato\" \/>\n\t<meta name=\"twitter:data1\" content=\"3 minuti\" \/>\n<script type=\"application\/ld+json\" class=\"yoast-schema-graph\">{\"@context\":\"https:\/\/schema.org\",\"@graph\":[{\"@type\":\"WebPage\",\"@id\":\"https:\/\/templatetoaster.com\/it\/creare-sito-prestashop\",\"url\":\"https:\/\/templatetoaster.com\/it\/creare-sito-prestashop\",\"name\":\"Creare sito Prestashop | Creare template Prestashop - TemplateToaster\",\"isPartOf\":{\"@id\":\"https:\/\/templatetoaster.com\/#website\"},\"primaryImageOfPage\":{\"@id\":\"https:\/\/templatetoaster.com\/it\/creare-sito-prestashop#primaryimage\"},\"image\":{\"@id\":\"https:\/\/templatetoaster.com\/it\/creare-sito-prestashop#primaryimage\"},\"thumbnailUrl\":\"https:\/\/templatetoaster.com\/wp-content\/uploads\/2019\/08\/Creare-sito-Prestashop-Demo.jpg\",\"datePublished\":\"2018-04-04T14:34:45+00:00\",\"dateModified\":\"2019-09-09T06:20:02+00:00\",\"description\":\"Creare sito Prestashop, Creare template Prestashop in pochi minuti con TemplateToaster. Prestashop ti permette anche di creare un marketplace\",\"breadcrumb\":{\"@id\":\"https:\/\/templatetoaster.com\/it\/creare-sito-prestashop#breadcrumb\"},\"inLanguage\":\"it-IT\",\"potentialAction\":[{\"@type\":\"ReadAction\",\"target\":[\"https:\/\/templatetoaster.com\/it\/creare-sito-prestashop\"]}]},{\"@type\":\"ImageObject\",\"inLanguage\":\"it-IT\",\"@id\":\"https:\/\/templatetoaster.com\/it\/creare-sito-prestashop#primaryimage\",\"url\":\"https:\/\/templatetoaster.com\/wp-content\/uploads\/2019\/08\/Creare-sito-Prestashop-Demo.jpg\",\"contentUrl\":\"https:\/\/templatetoaster.com\/wp-content\/uploads\/2019\/08\/Creare-sito-Prestashop-Demo.jpg\"},{\"@type\":\"BreadcrumbList\",\"@id\":\"https:\/\/templatetoaster.com\/it\/creare-sito-prestashop#breadcrumb\",\"itemListElement\":[{\"@type\":\"ListItem\",\"position\":1,\"name\":\"Home\",\"item\":\"https:\/\/templatetoaster.com\/it\"},{\"@type\":\"ListItem\",\"position\":2,\"name\":\"Creare sito Prestashop | Creare template Prestashop\"}]},{\"@type\":\"WebSite\",\"@id\":\"https:\/\/templatetoaster.com\/#website\",\"url\":\"https:\/\/templatetoaster.com\/\",\"name\":\"TemplateToaster\",\"description\":\"\",\"publisher\":{\"@id\":\"https:\/\/templatetoaster.com\/#organization\"},\"inLanguage\":\"it-IT\"},{\"@type\":\"Organization\",\"@id\":\"https:\/\/templatetoaster.com\/#organization\",\"name\":\"TemplateToaster\",\"url\":\"https:\/\/templatetoaster.com\/\",\"logo\":{\"@type\":\"ImageObject\",\"inLanguage\":\"it-IT\",\"@id\":\"https:\/\/templatetoaster.com\/#\/schema\/logo\/image\/\",\"url\":\"https:\/\/templatetoaster.com\/wp-content\/uploads\/2019\/11\/TemplateToaster_Logo.jpg\",\"contentUrl\":\"https:\/\/templatetoaster.com\/wp-content\/uploads\/2019\/11\/TemplateToaster_Logo.jpg\",\"width\":85,\"height\":85,\"caption\":\"TemplateToaster\"},\"image\":{\"@id\":\"https:\/\/templatetoaster.com\/#\/schema\/logo\/image\/\"},\"sameAs\":[\"https:\/\/www.facebook.com\/TemplateToaster\",\"https:\/\/x.com\/templatetoaster\",\"https:\/\/www.instagram.com\/templatetoaster\/\",\"https:\/\/www.linkedin.com\/company\/templatetoaster\/\",\"https:\/\/www.pinterest.com\/templatetoaster\/\",\"https:\/\/www.youtube.com\/@TemplateToaster\"]}]}<\/script>\n<!-- \/ Yoast SEO plugin. -->","yoast_head_json":{"title":"Creare sito Prestashop | Creare template Prestashop - TemplateToaster","description":"Creare sito Prestashop, Creare template Prestashop in pochi minuti con TemplateToaster. Prestashop ti permette anche di creare un marketplace","robots":{"index":"index","follow":"follow","max-snippet":"max-snippet:-1","max-image-preview":"max-image-preview:large","max-video-preview":"max-video-preview:-1"},"canonical":"https:\/\/templatetoaster.com\/it\/creare-sito-prestashop","og_locale":"it_IT","og_type":"article","og_title":"Creare sito Prestashop | Creare template Prestashop - TemplateToaster","og_description":"Creare sito Prestashop, Creare template Prestashop in pochi minuti con TemplateToaster. Prestashop ti permette anche di creare un marketplace","og_url":"https:\/\/templatetoaster.com\/it\/creare-sito-prestashop","og_site_name":"TemplateToaster","article_publisher":"https:\/\/www.facebook.com\/TemplateToaster","article_modified_time":"2019-09-09T06:20:02+00:00","og_image":[{"url":"https:\/\/templatetoaster.com\/wp-content\/uploads\/2019\/08\/Creare-sito-Prestashop-Demo.jpg"}],"twitter_card":"summary_large_image","twitter_site":"@templatetoaster","twitter_misc":{"Tempo di lettura stimato":"3 minuti"},"schema":{"@context":"https:\/\/schema.org","@graph":[{"@type":"WebPage","@id":"https:\/\/templatetoaster.com\/it\/creare-sito-prestashop","url":"https:\/\/templatetoaster.com\/it\/creare-sito-prestashop","name":"Creare sito Prestashop | Creare template Prestashop - TemplateToaster","isPartOf":{"@id":"https:\/\/templatetoaster.com\/#website"},"primaryImageOfPage":{"@id":"https:\/\/templatetoaster.com\/it\/creare-sito-prestashop#primaryimage"},"image":{"@id":"https:\/\/templatetoaster.com\/it\/creare-sito-prestashop#primaryimage"},"thumbnailUrl":"https:\/\/templatetoaster.com\/wp-content\/uploads\/2019\/08\/Creare-sito-Prestashop-Demo.jpg","datePublished":"2018-04-04T14:34:45+00:00","dateModified":"2019-09-09T06:20:02+00:00","description":"Creare sito Prestashop, Creare template Prestashop in pochi minuti con TemplateToaster. Prestashop ti permette anche di creare un marketplace","breadcrumb":{"@id":"https:\/\/templatetoaster.com\/it\/creare-sito-prestashop#breadcrumb"},"inLanguage":"it-IT","potentialAction":[{"@type":"ReadAction","target":["https:\/\/templatetoaster.com\/it\/creare-sito-prestashop"]}]},{"@type":"ImageObject","inLanguage":"it-IT","@id":"https:\/\/templatetoaster.com\/it\/creare-sito-prestashop#primaryimage","url":"https:\/\/templatetoaster.com\/wp-content\/uploads\/2019\/08\/Creare-sito-Prestashop-Demo.jpg","contentUrl":"https:\/\/templatetoaster.com\/wp-content\/uploads\/2019\/08\/Creare-sito-Prestashop-Demo.jpg"},{"@type":"BreadcrumbList","@id":"https:\/\/templatetoaster.com\/it\/creare-sito-prestashop#breadcrumb","itemListElement":[{"@type":"ListItem","position":1,"name":"Home","item":"https:\/\/templatetoaster.com\/it"},{"@type":"ListItem","position":2,"name":"Creare sito Prestashop | Creare template Prestashop"}]},{"@type":"WebSite","@id":"https:\/\/templatetoaster.com\/#website","url":"https:\/\/templatetoaster.com\/","name":"TemplateToaster","description":"","publisher":{"@id":"https:\/\/templatetoaster.com\/#organization"},"inLanguage":"it-IT"},{"@type":"Organization","@id":"https:\/\/templatetoaster.com\/#organization","name":"TemplateToaster","url":"https:\/\/templatetoaster.com\/","logo":{"@type":"ImageObject","inLanguage":"it-IT","@id":"https:\/\/templatetoaster.com\/#\/schema\/logo\/image\/","url":"https:\/\/templatetoaster.com\/wp-content\/uploads\/2019\/11\/TemplateToaster_Logo.jpg","contentUrl":"https:\/\/templatetoaster.com\/wp-content\/uploads\/2019\/11\/TemplateToaster_Logo.jpg","width":85,"height":85,"caption":"TemplateToaster"},"image":{"@id":"https:\/\/templatetoaster.com\/#\/schema\/logo\/image\/"},"sameAs":["https:\/\/www.facebook.com\/TemplateToaster","https:\/\/x.com\/templatetoaster","https:\/\/www.instagram.com\/templatetoaster\/","https:\/\/www.linkedin.com\/company\/templatetoaster\/","https:\/\/www.pinterest.com\/templatetoaster\/","https:\/\/www.youtube.com\/@TemplateToaster"]}]}},"_links":{"self":[{"href":"https:\/\/templatetoaster.com\/it\/wp-json\/wp\/v2\/pages\/3624"}],"collection":[{"href":"https:\/\/templatetoaster.com\/it\/wp-json\/wp\/v2\/pages"}],"about":[{"href":"https:\/\/templatetoaster.com\/it\/wp-json\/wp\/v2\/types\/page"}],"author":[{"embeddable":true,"href":"https:\/\/templatetoaster.com\/it\/wp-json\/wp\/v2\/users\/1"}],"replies":[{"embeddable":true,"href":"https:\/\/templatetoaster.com\/it\/wp-json\/wp\/v2\/comments?post=3624"}],"version-history":[{"count":5,"href":"https:\/\/templatetoaster.com\/it\/wp-json\/wp\/v2\/pages\/3624\/revisions"}],"predecessor-version":[{"id":66985,"href":"https:\/\/templatetoaster.com\/it\/wp-json\/wp\/v2\/pages\/3624\/revisions\/66985"}],"wp:attachment":[{"href":"https:\/\/templatetoaster.com\/it\/wp-json\/wp\/v2\/media?parent=3624"}],"curies":[{"name":"wp","href":"https:\/\/api.w.org\/{rel}","templated":true}]}}