{"id":3749,"date":"2018-04-06T11:19:27","date_gmt":"2018-04-06T11:19:27","guid":{"rendered":"http:\/\/templatetoaster.com\/wordpress-theme-framework"},"modified":"2019-08-07T10:02:55","modified_gmt":"2019-08-07T10:02:55","slug":"wordpress-theme-framework","status":"publish","type":"page","link":"https:\/\/templatetoaster.com\/fr\/wordpress-theme-framework","title":{"rendered":"wordpress-theme-framework"},"content":{"rendered":"<div class=\"tt_theme_framework row\">\n<div class=\"tt_theme_framework_row1 row section2-inner\">\n<div class=\"container\">\n<h1 class=\"text-center section2-inner\">TemplateToaster WordPress Th\u00e8me Cadre de travail<\/h1>\n<p class=\"text-center\">TemplateToaster WordPress Theme Framework est un cadre th\u00e9matique gratuit, \u00e9volutif et enti\u00e8rement compatible avec le r\u00e9f\u00e9rencement, qui vous permet de cr\u00e9er des sites Web WordPress parfaits en un rien de temps. Il contient tout ce dont un d\u00e9veloppeur novice ou expert aurait besoin pour cr\u00e9er facilement un site Web incroyable. Il est con\u00e7u pour acc\u00e9l\u00e9rer le processus de cr\u00e9ation d&rsquo;un th\u00e8me WordPress avec un minimum d&rsquo;effort.<\/p>\n<\/div>\n<\/div>\n<div class=\"tt_theme_framework_row2 row even\">\n<div class=\"container\">\n<div class=\"section2-inner\">\n<h2 class=\"text-center\">Pourquoi choisir TemplateToaster WordPress Theme Framework<\/h2>\n<p class=\"text-center\">Ce qui rend son WordPress Theme Framework unique, c&rsquo;est sa capacit\u00e9 \u00e0 offrir une perfection qui d\u00e9passe votre imagination. Ce cadre de th\u00e8me vous offre de beaux th\u00e8mes r\u00e9actifs. Vous pouvez cr\u00e9er un site incroyable avec des fonctionnalit\u00e9s de premier ordre, plus rapidement sans codage.<\/p>\n<\/div>\n<\/div>\n<\/div>\n<div class=\"tt_theme_framework_row3 row\">\n<div class=\"container\">\n<h2 class=\"text-center section2-inner\">Striking Features of TemplateToaster WordPress Theme Framework<\/h2>\n<div class=\"tt_theme_framework_row3_inner\">\n<div class=\"tt_theme_framework_col img\"><a href=\"https:\/\/templatetoaster.com\/wp-content\/uploads\/2018\/06\/TemplateToaster_WordPress_Theme_Framework_Header.jpg\" target=\"_blank\" rel=\"noopener\"><img decoding=\"async\" src=\"https:\/\/templatetoaster.com\/wp-content\/uploads\/2018\/06\/TemplateToaster_WordPress_Theme_Framework_Header.jpg\" alt=\"WordPress Theme Framework\" \/><\/a><\/div>\n<div class=\"tt_theme_framework_col content-right\">\n<h3>Ent\u00eate<\/h3>\n<p>Avec ce cadre de th\u00e8me WordPress, m\u00eame apr\u00e8s avoir export\u00e9 votre th\u00e8me, vous pouvez toujours personnaliser le logo, les ic\u00f4nes de m\u00e9dias sociaux et le slogan de votre site, en fonction de vos besoins.<\/p>\n<\/div>\n<\/div>\n<div class=\"tt_theme_framework_row3_inner\">\n<div class=\"tt_theme_framework_col content-left\">\n<h3>Diaporama<\/h3>\n<p>Son cadre de th\u00e8me WordPress vous permet de remplacer les images du diaporama, m\u00eame apr\u00e8s avoir install\u00e9 le th\u00e8me WordPress. Soyez aussi cr\u00e9atif que vous le souhaitez et cr\u00e9ez facilement un beau diaporama.<\/p>\n<\/div>\n<div class=\"tt_theme_framework_col img\"><a href=\"https:\/\/templatetoaster.com\/wp-content\/uploads\/2018\/06\/TemplateToaster_WordPress_Theme_Framework_SlideShow.jpg\" target=\"_blank\" rel=\"noopener\"><img decoding=\"async\" src=\"https:\/\/templatetoaster.com\/wp-content\/uploads\/2018\/06\/TemplateToaster_WordPress_Theme_Framework_SlideShow.jpg\" alt=\"WordPress Theme Framework\" \/><\/a><\/div>\n<\/div>\n<div class=\"tt_theme_framework_row3_inner\">\n<div class=\"tt_theme_framework_col img\"><a href=\"https:\/\/templatetoaster.com\/wp-content\/uploads\/2018\/06\/TemplateToaster_WordPress_Theme_Framework_Post_Content.jpg\" target=\"_blank\" rel=\"noopener\"><br \/>\n<img decoding=\"async\" src=\"https:\/\/templatetoaster.com\/wp-content\/uploads\/2018\/06\/TemplateToaster_WordPress_Theme_Framework_Post_Content.jpg\" alt=\"\" \/><\/a><\/div>\n<div class=\"tt_theme_framework_col content-right\">\n<h3>Post \/ Contenu<\/h3>\n<p>Ce cadre de th\u00e8me WordPress vous permet de d\u00e9cider du nombre de publications, de colonnes et de navigation dans le fil d&rsquo;Ariane que vous souhaitez afficher sur votre page d&rsquo;accueil.<\/p>\n<\/div>\n<\/div>\n<div class=\"tt_theme_framework_row3_inner\">\n<div class=\"tt_theme_framework_col content-left\">\n<h3>Bas de page<\/h3>\n<p>L&rsquo;option de pied de page vous permettra de styler facilement le pied de page de votre site WordPress. Vous pouvez modifier \/ ajouter ou afficher \/ masquer le texte et l&rsquo;URL du droit d&rsquo;auteur. Et vous pouvez \u00e9galement personnaliser les ic\u00f4nes sociales.<\/p>\n<\/div>\n<div class=\"tt_theme_framework_col img\"><a href=\"https:\/\/templatetoaster.com\/wp-content\/uploads\/2018\/06\/TemplateToaster_WordPress_Theme_Framework_Footer.jpg\" target=\"_blank\" rel=\"noopener\"><img decoding=\"async\" src=\"https:\/\/templatetoaster.com\/wp-content\/uploads\/2018\/06\/TemplateToaster_WordPress_Theme_Framework_Footer.jpg\" alt=\"WP Theme Framework\" \/><\/a><\/div>\n<\/div>\n<div class=\"tt_theme_framework_row3_inner\">\n<div class=\"tt_theme_framework_col img\"><a href=\"https:\/\/templatetoaster.com\/wp-content\/uploads\/2018\/06\/TemplateToaster_WordPress_Theme_Framework_Colors.jpg\" target=\"_blank\" rel=\"noopener\"><img decoding=\"async\" src=\"https:\/\/templatetoaster.com\/wp-content\/uploads\/2018\/06\/TemplateToaster_WordPress_Theme_Framework_Colors.jpg\" alt=\"WordPress Framework\" \/><\/a><\/div>\n<div class=\"tt_theme_framework_col content-right\">\n<h3>Couleurs<\/h3>\n<p>Donnez \u00e0 votre site WordPress votre choix de combinaison de couleurs. Vous pouvez \u00e0 tout moment modifier les couleurs du titre de votre site, du slogan, du droit d&rsquo;auteur, du pied de page, du titre du message, du survol du titre.<\/p>\n<\/div>\n<\/div>\n<div class=\"tt_theme_framework_row3_inner\">\n<div class=\"tt_theme_framework_col content-left\">\n<h3>G\u00e9n\u00e9rale<\/h3>\n<p>L&rsquo;option g\u00e9n\u00e9rale de votre site Web peut \u00eatre g\u00e9r\u00e9e ici. Vous pouvez activer ou d\u00e9sactiver des \u00e9l\u00e9ments tels que Titre de la page, Google Analytics, Lien suivant \/ pr\u00e9c\u00e9dent, Titre du post, Navigation, Avatar, Commentaires, etc.<\/p>\n<\/div>\n<div class=\"tt_theme_framework_col img\"><a href=\"https:\/\/templatetoaster.com\/wp-content\/uploads\/2018\/06\/TemplateToaster_WordPress_Theme_Framework_General.jpg\" target=\"_blank\" rel=\"noopener\"><img decoding=\"async\" src=\"https:\/\/templatetoaster.com\/wp-content\/uploads\/2018\/06\/TemplateToaster_WordPress_Theme_Framework_General.jpg\" alt=\"WP Framework\" \/><\/a><\/div>\n<\/div>\n<div class=\"tt_theme_framework_row3_inner\">\n<div class=\"tt_theme_framework_col img\"><a href=\"https:\/\/templatetoaster.com\/wp-content\/uploads\/2018\/06\/TemplateToaster_WordPress_Theme_Framework_Error_Page.jpg\" target=\"_blank\" rel=\"noopener\"><img decoding=\"async\" src=\"https:\/\/templatetoaster.com\/wp-content\/uploads\/2018\/06\/TemplateToaster_WordPress_Theme_Framework_Error_Page.jpg\" alt=\"\" \/><\/a><\/div>\n<div class=\"tt_theme_framework_col content-right\">\n<h3>Page d&rsquo;erreur<\/h3>\n<p>Nous ne voulons pas qu&rsquo;une erreur se produise, mais si par erreur une erreur devait se produire en raison d&rsquo;une mauvaise configuration, vous pouvez g\u00e9rer le message que vous souhaitez afficher \u00e0 vos visiteurs. Vous pouvez afficher un message d&rsquo;erreur et une image, rediriger vers la page d&rsquo;accueil, etc. Cela signifie que vous pouvez configurer compl\u00e8tement vos 404 pages.<\/p>\n<\/div>\n<\/div>\n<div class=\"tt_theme_framework_row3_inner\">\n<div class=\"tt_theme_framework_col content-left\">\n<h3>Entretien<\/h3>\n<p>C&rsquo;est une fonctionnalit\u00e9 int\u00e9ressante de ce framework de th\u00e8mes WordPress. Il vous permet d\u2019afficher des informations sur votre site. Il est g\u00e9r\u00e9 \u00e0 l\u2019aide de la page Titre, Contenu et Image d\u2019arri\u00e8re-plan. Si vous mettez votre site sous maintenance, vous pouvez simplement utiliser cette option.<\/p>\n<\/div>\n<div class=\"tt_theme_framework_col img\"><a href=\"https:\/\/templatetoaster.com\/wp-content\/uploads\/2018\/06\/TemplateToaster_WordPress_Theme_Framework_Maintenance.jpg\" target=\"_blank\" rel=\"noopener\"><img decoding=\"async\" src=\"https:\/\/templatetoaster.com\/wp-content\/uploads\/2018\/06\/TemplateToaster_WordPress_Theme_Framework_Maintenance.jpg\" alt=\"\" \/><\/a><\/div>\n<\/div>\n<div class=\"tt_theme_framework_row3_inner\">\n<div class=\"tt_theme_framework_col img\"><a href=\"https:\/\/templatetoaster.com\/wp-content\/uploads\/2018\/06\/TemplateToaster_WordPress_Theme_Framework_ShortCodes.jpg\" target=\"_blank\" rel=\"noopener\"><img decoding=\"async\" src=\"https:\/\/templatetoaster.com\/wp-content\/uploads\/2018\/06\/TemplateToaster_WordPress_Theme_Framework_ShortCodes.jpg\" alt=\"\" \/><\/a><\/div>\n<div class=\"tt_theme_framework_col content-right\">\n<h3>Codes courts<\/h3>\n<p>Ce cadre de th\u00e8me WordPress est charg\u00e9 avec des codes courts. Vous pouvez obtenir n&rsquo;importe quoi de Google Map \u00e0 Google Doc Viewer, Google Adsense, Google Chart, PayPal, Agenda, RSS, Recherche, et bien plus encore.<\/p>\n<\/div>\n<\/div>\n<div class=\"tt_theme_framework_row3_inner\">\n<div class=\"tt_theme_framework_col content-left\">\n<h3>Google Map<\/h3>\n<p>Vous pouvez afficher gratuitement Google Map sur votre site \u00e0 l&rsquo;aide de notre cadre de th\u00e8mes WordPress. D\u00e9finissez la latitude, la longitude, la largeur et la hauteur de la carte. De plus, activez \/ d\u00e9sactivez le marqueur d\u2019affichage.<\/p>\n<\/div>\n<div class=\"tt_theme_framework_col img\"><a href=\"https:\/\/templatetoaster.com\/wp-content\/uploads\/2018\/06\/TemplateToaster_WordPress_Theme_Framework_Goggle_Map.jpg\" target=\"_blank\" rel=\"noopener\"><img decoding=\"async\" src=\"https:\/\/templatetoaster.com\/wp-content\/uploads\/2018\/06\/TemplateToaster_WordPress_Theme_Framework_Goggle_Map.jpg\" alt=\"\" \/><\/a><\/div>\n<\/div>\n<div class=\"tt_theme_framework_row3_inner\">\n<div class=\"tt_theme_framework_col img\"><a href=\"https:\/\/templatetoaster.com\/wp-content\/uploads\/2018\/06\/templatetoaster_contact_us_theme-options_Contact_Us.jpg\"><img decoding=\"async\" src=\"https:\/\/templatetoaster.com\/wp-content\/uploads\/2018\/06\/templatetoaster_contact_us_theme-options_Contact_Us.jpg\" alt=\"\" \/><\/a><\/div>\n<div class=\"tt_theme_framework_col content-right\">\n<h3>Contactez nous<\/h3>\n<p>Vous pouvez \u00e0 tout moment cr\u00e9er et concevoir le formulaire Contactez-nous. C\u2019est \u00e0 vous de d\u00e9cider si vous souhaitez sp\u00e9cifier Google Captcha Public ou Private. Il vous permet d\u2019ajouter d&rsquo;autres champs dans le formulaire, tels que le message d&rsquo;erreur \/ de succ\u00e8s, etc.<\/p>\n<\/div>\n<\/div>\n<div class=\"tt_theme_framework_row3_inner\">\n<div class=\"tt_theme_framework_col content-left\">\n<h3>Sauvegarde \/ R\u00e9cup\u00e9ration<\/h3>\n<p>Il vient avec la fonctionnalit\u00e9 de sauvegarde et de r\u00e9cup\u00e9ration. Un important en effet. Donnez simplement vos informations FTP et votre adresse email pour le stockage de sauvegarde et un programme de sauvegarde automatique sera construit.<\/p>\n<\/div>\n<div class=\"tt_theme_framework_col img\"><a href=\"https:\/\/templatetoaster.com\/wp-content\/uploads\/2018\/06\/TemplateToaster_WordPress_Theme_Framework_Backup_Recovery.jpg\" target=\"_blank\" rel=\"noopener\"><img decoding=\"async\" src=\"https:\/\/templatetoaster.com\/wp-content\/uploads\/2018\/06\/TemplateToaster_WordPress_Theme_Framework_Backup_Recovery.jpg\" alt=\"\" \/><\/a><\/div>\n<\/div>\n<\/div>\n<\/div>\n<\/div>\n<p style=\"text-align: center; clear: both;\"><a class=\"btn download_button btn-feature\" href=\"https:\/\/templatetoaster.com\/downloads\/TemplateToaster.zip\">Cadre T\u00e9l\u00e9charger<\/a><\/p>\n","protected":false},"excerpt":{"rendered":"<p>TemplateToaster WordPress Th\u00e8me Cadre de travail TemplateToaster WordPress Theme Framework est un cadre th\u00e9matique gratuit, \u00e9volutif et enti\u00e8rement compatible avec le r\u00e9f\u00e9rencement, qui vous permet de cr\u00e9er des sites Web WordPress parfaits en un rien de temps. Il contient tout &hellip; <a href=\"https:\/\/templatetoaster.com\/fr\/wordpress-theme-framework\">Continue Reading<span class=\"meta-nav\">&rarr;<\/span><\/a><\/p>\n","protected":false},"author":1,"featured_media":0,"parent":0,"menu_order":0,"comment_status":"closed","ping_status":"closed","template":"","meta":{"footnotes":""},"yoast_head":"<!-- This site is optimized with the Yoast SEO plugin v23.5 - https:\/\/yoast.com\/wordpress\/plugins\/seo\/ -->\n<title>wordpress-theme-framework - TemplateToaster<\/title>\n<meta name=\"description\" content=\"TemplateToaster WordPress Theme Framework en maintenant disponible gratuitement pour tout le monde, Il suffit de t\u00e9l\u00e9charger et personnaliser selon vos besoins.\" \/>\n<meta name=\"robots\" content=\"index, follow, max-snippet:-1, max-image-preview:large, max-video-preview:-1\" \/>\n<link rel=\"canonical\" href=\"https:\/\/templatetoaster.com\/fr\/wordpress-theme-framework\" \/>\n<meta property=\"og:locale\" content=\"fr_FR\" \/>\n<meta property=\"og:type\" content=\"article\" \/>\n<meta property=\"og:title\" content=\"wordpress-theme-framework - TemplateToaster\" \/>\n<meta property=\"og:description\" content=\"TemplateToaster WordPress Theme Framework en maintenant disponible gratuitement pour tout le monde, Il suffit de t\u00e9l\u00e9charger et personnaliser selon vos besoins.\" \/>\n<meta property=\"og:url\" content=\"https:\/\/templatetoaster.com\/fr\/wordpress-theme-framework\" \/>\n<meta property=\"og:site_name\" content=\"TemplateToaster\" \/>\n<meta property=\"article:publisher\" content=\"https:\/\/www.facebook.com\/TemplateToaster\" \/>\n<meta property=\"article:modified_time\" content=\"2019-08-07T10:02:55+00:00\" \/>\n<meta property=\"og:image\" content=\"https:\/\/templatetoaster.com\/wp-content\/uploads\/2018\/06\/TemplateToaster_WordPress_Theme_Framework_Header.jpg\" \/>\n<meta name=\"twitter:card\" content=\"summary_large_image\" \/>\n<meta name=\"twitter:site\" content=\"@templatetoaster\" \/>\n<meta name=\"twitter:label1\" content=\"Dur\u00e9e de lecture estim\u00e9e\" \/>\n\t<meta name=\"twitter:data1\" content=\"3 minutes\" \/>\n<script type=\"application\/ld+json\" class=\"yoast-schema-graph\">{\"@context\":\"https:\/\/schema.org\",\"@graph\":[{\"@type\":\"WebPage\",\"@id\":\"https:\/\/templatetoaster.com\/fr\/wordpress-theme-framework\",\"url\":\"https:\/\/templatetoaster.com\/fr\/wordpress-theme-framework\",\"name\":\"wordpress-theme-framework - TemplateToaster\",\"isPartOf\":{\"@id\":\"https:\/\/templatetoaster.com\/#website\"},\"primaryImageOfPage\":{\"@id\":\"https:\/\/templatetoaster.com\/fr\/wordpress-theme-framework#primaryimage\"},\"image\":{\"@id\":\"https:\/\/templatetoaster.com\/fr\/wordpress-theme-framework#primaryimage\"},\"thumbnailUrl\":\"https:\/\/templatetoaster.com\/wp-content\/uploads\/2018\/06\/TemplateToaster_WordPress_Theme_Framework_Header.jpg\",\"datePublished\":\"2018-04-06T11:19:27+00:00\",\"dateModified\":\"2019-08-07T10:02:55+00:00\",\"description\":\"TemplateToaster WordPress Theme Framework en maintenant disponible gratuitement pour tout le monde, Il suffit de t\u00e9l\u00e9charger et personnaliser selon vos besoins.\",\"breadcrumb\":{\"@id\":\"https:\/\/templatetoaster.com\/fr\/wordpress-theme-framework#breadcrumb\"},\"inLanguage\":\"fr-FR\",\"potentialAction\":[{\"@type\":\"ReadAction\",\"target\":[\"https:\/\/templatetoaster.com\/fr\/wordpress-theme-framework\"]}]},{\"@type\":\"ImageObject\",\"inLanguage\":\"fr-FR\",\"@id\":\"https:\/\/templatetoaster.com\/fr\/wordpress-theme-framework#primaryimage\",\"url\":\"https:\/\/templatetoaster.com\/wp-content\/uploads\/2018\/06\/TemplateToaster_WordPress_Theme_Framework_Header.jpg\",\"contentUrl\":\"https:\/\/templatetoaster.com\/wp-content\/uploads\/2018\/06\/TemplateToaster_WordPress_Theme_Framework_Header.jpg\"},{\"@type\":\"BreadcrumbList\",\"@id\":\"https:\/\/templatetoaster.com\/fr\/wordpress-theme-framework#breadcrumb\",\"itemListElement\":[{\"@type\":\"ListItem\",\"position\":1,\"name\":\"Home\",\"item\":\"https:\/\/templatetoaster.com\/fr\"},{\"@type\":\"ListItem\",\"position\":2,\"name\":\"wordpress-theme-framework\"}]},{\"@type\":\"WebSite\",\"@id\":\"https:\/\/templatetoaster.com\/#website\",\"url\":\"https:\/\/templatetoaster.com\/\",\"name\":\"TemplateToaster\",\"description\":\"\",\"publisher\":{\"@id\":\"https:\/\/templatetoaster.com\/#organization\"},\"inLanguage\":\"fr-FR\"},{\"@type\":\"Organization\",\"@id\":\"https:\/\/templatetoaster.com\/#organization\",\"name\":\"TemplateToaster\",\"url\":\"https:\/\/templatetoaster.com\/\",\"logo\":{\"@type\":\"ImageObject\",\"inLanguage\":\"fr-FR\",\"@id\":\"https:\/\/templatetoaster.com\/#\/schema\/logo\/image\/\",\"url\":\"https:\/\/templatetoaster.com\/wp-content\/uploads\/2019\/11\/TemplateToaster_Logo.jpg\",\"contentUrl\":\"https:\/\/templatetoaster.com\/wp-content\/uploads\/2019\/11\/TemplateToaster_Logo.jpg\",\"width\":85,\"height\":85,\"caption\":\"TemplateToaster\"},\"image\":{\"@id\":\"https:\/\/templatetoaster.com\/#\/schema\/logo\/image\/\"},\"sameAs\":[\"https:\/\/www.facebook.com\/TemplateToaster\",\"https:\/\/x.com\/templatetoaster\",\"https:\/\/www.instagram.com\/templatetoaster\/\",\"https:\/\/www.linkedin.com\/company\/templatetoaster\/\",\"https:\/\/www.pinterest.com\/templatetoaster\/\",\"https:\/\/www.youtube.com\/@TemplateToaster\"]}]}<\/script>\n<!-- \/ Yoast SEO plugin. -->","yoast_head_json":{"title":"wordpress-theme-framework - TemplateToaster","description":"TemplateToaster WordPress Theme Framework en maintenant disponible gratuitement pour tout le monde, Il suffit de t\u00e9l\u00e9charger et personnaliser selon vos besoins.","robots":{"index":"index","follow":"follow","max-snippet":"max-snippet:-1","max-image-preview":"max-image-preview:large","max-video-preview":"max-video-preview:-1"},"canonical":"https:\/\/templatetoaster.com\/fr\/wordpress-theme-framework","og_locale":"fr_FR","og_type":"article","og_title":"wordpress-theme-framework - TemplateToaster","og_description":"TemplateToaster WordPress Theme Framework en maintenant disponible gratuitement pour tout le monde, Il suffit de t\u00e9l\u00e9charger et personnaliser selon vos besoins.","og_url":"https:\/\/templatetoaster.com\/fr\/wordpress-theme-framework","og_site_name":"TemplateToaster","article_publisher":"https:\/\/www.facebook.com\/TemplateToaster","article_modified_time":"2019-08-07T10:02:55+00:00","og_image":[{"url":"https:\/\/templatetoaster.com\/wp-content\/uploads\/2018\/06\/TemplateToaster_WordPress_Theme_Framework_Header.jpg"}],"twitter_card":"summary_large_image","twitter_site":"@templatetoaster","twitter_misc":{"Dur\u00e9e de lecture estim\u00e9e":"3 minutes"},"schema":{"@context":"https:\/\/schema.org","@graph":[{"@type":"WebPage","@id":"https:\/\/templatetoaster.com\/fr\/wordpress-theme-framework","url":"https:\/\/templatetoaster.com\/fr\/wordpress-theme-framework","name":"wordpress-theme-framework - TemplateToaster","isPartOf":{"@id":"https:\/\/templatetoaster.com\/#website"},"primaryImageOfPage":{"@id":"https:\/\/templatetoaster.com\/fr\/wordpress-theme-framework#primaryimage"},"image":{"@id":"https:\/\/templatetoaster.com\/fr\/wordpress-theme-framework#primaryimage"},"thumbnailUrl":"https:\/\/templatetoaster.com\/wp-content\/uploads\/2018\/06\/TemplateToaster_WordPress_Theme_Framework_Header.jpg","datePublished":"2018-04-06T11:19:27+00:00","dateModified":"2019-08-07T10:02:55+00:00","description":"TemplateToaster WordPress Theme Framework en maintenant disponible gratuitement pour tout le monde, Il suffit de t\u00e9l\u00e9charger et personnaliser selon vos besoins.","breadcrumb":{"@id":"https:\/\/templatetoaster.com\/fr\/wordpress-theme-framework#breadcrumb"},"inLanguage":"fr-FR","potentialAction":[{"@type":"ReadAction","target":["https:\/\/templatetoaster.com\/fr\/wordpress-theme-framework"]}]},{"@type":"ImageObject","inLanguage":"fr-FR","@id":"https:\/\/templatetoaster.com\/fr\/wordpress-theme-framework#primaryimage","url":"https:\/\/templatetoaster.com\/wp-content\/uploads\/2018\/06\/TemplateToaster_WordPress_Theme_Framework_Header.jpg","contentUrl":"https:\/\/templatetoaster.com\/wp-content\/uploads\/2018\/06\/TemplateToaster_WordPress_Theme_Framework_Header.jpg"},{"@type":"BreadcrumbList","@id":"https:\/\/templatetoaster.com\/fr\/wordpress-theme-framework#breadcrumb","itemListElement":[{"@type":"ListItem","position":1,"name":"Home","item":"https:\/\/templatetoaster.com\/fr"},{"@type":"ListItem","position":2,"name":"wordpress-theme-framework"}]},{"@type":"WebSite","@id":"https:\/\/templatetoaster.com\/#website","url":"https:\/\/templatetoaster.com\/","name":"TemplateToaster","description":"","publisher":{"@id":"https:\/\/templatetoaster.com\/#organization"},"inLanguage":"fr-FR"},{"@type":"Organization","@id":"https:\/\/templatetoaster.com\/#organization","name":"TemplateToaster","url":"https:\/\/templatetoaster.com\/","logo":{"@type":"ImageObject","inLanguage":"fr-FR","@id":"https:\/\/templatetoaster.com\/#\/schema\/logo\/image\/","url":"https:\/\/templatetoaster.com\/wp-content\/uploads\/2019\/11\/TemplateToaster_Logo.jpg","contentUrl":"https:\/\/templatetoaster.com\/wp-content\/uploads\/2019\/11\/TemplateToaster_Logo.jpg","width":85,"height":85,"caption":"TemplateToaster"},"image":{"@id":"https:\/\/templatetoaster.com\/#\/schema\/logo\/image\/"},"sameAs":["https:\/\/www.facebook.com\/TemplateToaster","https:\/\/x.com\/templatetoaster","https:\/\/www.instagram.com\/templatetoaster\/","https:\/\/www.linkedin.com\/company\/templatetoaster\/","https:\/\/www.pinterest.com\/templatetoaster\/","https:\/\/www.youtube.com\/@TemplateToaster"]}]}},"_links":{"self":[{"href":"https:\/\/templatetoaster.com\/fr\/wp-json\/wp\/v2\/pages\/3749"}],"collection":[{"href":"https:\/\/templatetoaster.com\/fr\/wp-json\/wp\/v2\/pages"}],"about":[{"href":"https:\/\/templatetoaster.com\/fr\/wp-json\/wp\/v2\/types\/page"}],"author":[{"embeddable":true,"href":"https:\/\/templatetoaster.com\/fr\/wp-json\/wp\/v2\/users\/1"}],"replies":[{"embeddable":true,"href":"https:\/\/templatetoaster.com\/fr\/wp-json\/wp\/v2\/comments?post=3749"}],"version-history":[{"count":2,"href":"https:\/\/templatetoaster.com\/fr\/wp-json\/wp\/v2\/pages\/3749\/revisions"}],"predecessor-version":[{"id":63767,"href":"https:\/\/templatetoaster.com\/fr\/wp-json\/wp\/v2\/pages\/3749\/revisions\/63767"}],"wp:attachment":[{"href":"https:\/\/templatetoaster.com\/fr\/wp-json\/wp\/v2\/media?parent=3749"}],"curies":[{"name":"wp","href":"https:\/\/api.w.org\/{rel}","templated":true}]}}